{"id":36991,"date":"2022-11-09T12:48:03","date_gmt":"2022-11-09T12:48:03","guid":{"rendered":"https:\/\/jackpotlotteryonline.com\/?page_id=36991"},"modified":"2022-12-24T08:27:27","modified_gmt":"2022-12-24T08:27:27","slug":"mega-sena","status":"publish","type":"page","link":"https:\/\/jackpotlotteryonline.com\/de\/spielscheine-kaufen\/mega-sena\/","title":{"rendered":"Mega Sena Tickets kaufen"},"content":{"rendered":"<p>Mega Sena ist die gr\u00f6\u00dfte Lotterie in Brasilien mit einem der gr\u00f6\u00dften Jackpots der Welt. Es ist kein Wunder, dass die Spieler \u00fcberall auf die Chance warten, den Jackpot zu knacken. Interessanterweise ist Mega Sena auch eine einfach zu spielende Lotterie, einfacher als viele andere internationale Lotterien. Die Leichtigkeit, mit der die Lotterie gespielt werden kann, der gro\u00dfe Jackpot und die g\u00fcnstigen Gewinnchancen machen diese Lotterie f\u00fcr Spieler \u00fcberall \u00e4u\u00dferst attraktiv.<\/p>\n<p><a href=\"https:\/\/jackpotlotteryonline.com\/de\/wie-man-spielt\/mega-sena-2\">Das Spielen der Mega Sena-Lotterie<\/a> ist so einfach wie die \u00dcbereinstimmung der sechs gezogenen Zahlen. Bei dieser Lotterie gibt es keine Sonder- oder Bonuszahlen. Ziehen Sie einfach 6 Zahlen von 1 bis 60 und nehmen <a href=\"https:\/\/jackpotlotteryonline.com\/de\/gewinn-zahlen\/mega-sena\">Sie an der Ziehung teil<\/a>.<\/p>\n<p>Obwohl Sie sechs Zahlen ziehen m\u00fcssen, um an der Ziehung teilzunehmen, gibt es keine Begrenzung f\u00fcr die Anzahl der Linien, die Sie w\u00e4hlen k\u00f6nnen. Sie k\u00f6nnen also zehn Reihen mit sechs Zahlen ziehen, um Ihre Gewinnchancen zu erh\u00f6hen.<\/p>\n<h2>Wo kann man Mega Sena-Lose kaufen?<\/h2>\n<p><img loading=\"lazy\" decoding=\"async\" class=\"alignright size-full wp-image-28778\" src=\"http:\/\/jackpotlotteryonline.com\/wp-content\/uploads\/2022\/11\/1_online_ticket_eurojackpot2.jpg\" alt=\"Mega Sena Tickets kaufen\" width=\"300\" height=\"200\" \/><\/p>\n<p>Wenn Sie in Brasilien leben, ist die Teilnahme an dieser Lotterie so einfach wie der Gang zu einem Lotterieanbieter, um Ihre Lose zu kaufen. F\u00fcr Spieler, die au\u00dferhalb des Landes leben, k\u00f6nnte dies jedoch eine kleine Herausforderung darstellen. Wenn Sie au\u00dferhalb des Landes leben, gibt es eine M\u00f6glichkeit, die Sie nutzen k\u00f6nnen. Sie m\u00fcssen Ihre Scheine online kaufen.<\/p>\n<h2>Online-Kauf von Mega Sena-Scheinen<\/h2>\n<p>Lotto online zu spielen ist ganz einfach und gibt den Spielern die M\u00f6glichkeit, an Lotterien aus der ganzen Welt teilzunehmen. Normalerweise k\u00f6nnen Spieler, die nicht in einem bestimmten Land leben, die Lotterie in diesem Land nicht spielen. Das Internet hat die Teilnahme an Lotterien demokratisiert, indem es Spielern, die zuvor durch geografische Grenzen ausgeschlossen waren, einen Weg er\u00f6ffnet hat.<\/p>\n<p>Jetzt ist die Teilnahme an der Mega Sena-Lotterie so einfach wie der Besuch einer Online-Lotterieseite wie jackpotlotteryonline.com. Dort k\u00f6nnen Sie Ihren Schein kaufen, indem Sie Ihre Zahlen ausw\u00e4hlen und dann entscheiden, an wie vielen Ziehungen Sie teilnehmen m\u00f6chten. Danach m\u00fcssen Sie nur noch auf die Ergebnisse der Ziehung warten.<\/p>\n<h2>Wie hoch ist der Jackpot bei dieser Lotterie?<\/h2>\n<p>Haben wir schon erw\u00e4hnt, dass Mega Sena eine der gr\u00f6\u00dften Lotterien der Welt ist? Das mag schwer zu glauben sein, wenn man den Start-Jackpot von 450.00 $ betrachtet, vor allem, wenn man ihn neben einige andere Lotterien mit gr\u00f6\u00dferen Start-Jackpots stellt.<\/p>\n<p>Aber das Sch\u00f6ne an Mega Sena ist, dass die Jackpots zu unglaublich hohen Betr\u00e4gen anwachsen k\u00f6nnen. Einige der gr\u00f6\u00dften Jackpots, die Mega Sena-Spieler gewonnen haben, beliefen sich auf Millionen von US Dollar. Der gr\u00f6\u00dfte Jackpot lag bei etwas mehr als 73 Millionen Dollar.<\/p>\n<p>Wenn Sie dies bedenken, dann ist es klar, dass die Mega Sena-Lotterie eine sehr gute Option sein k\u00f6nnte, wenn Sie auf der Suche nach Lotterien sind, an denen Sie teilnehmen m\u00f6chten.<\/p>\n<section class=\"layout\" style=\"border: solid 1px; width: 100%;\">\n<div class=\"img-div\" style=\"margin-top: 5px;\"><img decoding=\"async\" class=\"wp-image-17212 alignleft\" style=\"height: 45px; margin: 8px 8px 0px;\" src=\"http:\/\/jackpotlotteryonline.com\/wp-content\/uploads\/2022\/11\/read1.jpg\" alt=\"lesen\" width=\"\" height=\"\" \/><\/div>\n<div style=\"padding-left: 5px;\">\n<div style=\"font-size: 1.1em;\">\n<p><strong>Einige Tricks und Tipps f\u00fcr die Auswahl Ihrer Zahlen<\/strong><\/p>\n<p style=\"font-size: 0.85em; margin-top: -1.5em;\">Erh\u00f6hen Sie Ihre Gewinnchancen &#8211; w\u00e4hlen Sie Ihre Zahlen mit einer gewissen Strategie\u00a0<a href=\"https:\/\/jackpotlotteryonline.com\/de\/einige-tricks-und-tipps-fuer-die-wahl-deiner-zahlen\"> mehr lesen<\/a><\/p>\n<\/div>\n<\/div>\n<\/section>\n<h2>Was passiert, wenn Sie die Lotterie gewinnen?<\/h2>\n<p>Diese Frage wird uns h\u00e4ufig gestellt, vor allem von denjenigen, die Mega Sena-Lotteriescheine von au\u00dferhalb des s\u00fcdamerikanischen Landes kaufen. Sie fragen sich vielleicht, ob Sie den ganzen Weg in das s\u00fcdamerikanische Land fliegen m\u00fcssen, um Ihren Gewinn einzufordern. Das ist jedoch \u00fcberhaupt nicht notwendig, obwohl Sie auf jeden Fall einen Flug buchen sollten, wenn Sie sich die Sehensw\u00fcrdigkeiten ansehen m\u00f6chten.<\/p>\n<p>Wenn Sie jedoch auf der Suche nach einer unkomplizierten M\u00f6glichkeit sind, Lotto zu spielen und Ihren Gewinn ohne den ganzen Stress einzufordern, dann ist das Online-Spielen eine gro\u00dfartige M\u00f6glichkeit, dies zu tun.<\/p>\n<p>Wenn Sie sich bei uns registrieren, gehen wir noch einen Schritt weiter, indem wir sicherstellen, dass Sie an internationalen Lotterien Ihrer Wahl teilnehmen k\u00f6nnen, einschlie\u00dflich der Mega Sena Lotterie. Und nicht nur das, Sie k\u00f6nnen sich Ihre Gewinne auch ganz einfach von unserer Website auf Ihr Konto auszahlen lassen. Das Lottospielen war noch nie so einfach.<\/p>\n<h2>Was ist mit der Mega da Virada?<\/h2>\n<p><img loading=\"lazy\" decoding=\"async\" class=\"alignright size-full wp-image-35593\" src=\"http:\/\/jackpotlotteryonline.com\/wp-content\/uploads\/2022\/11\/2_ticket_uk_lottery2-1-190x300-1.jpg\" alt=\"Mega Sena Lotterieschein\" width=\"190\" height=\"300\" \/><\/p>\n<p>Wir sind besonders froh, dass Sie danach gefragt haben, denn dies ist einer der gr\u00f6\u00dften Jackpots, die es gibt. Tats\u00e4chlich ist es der gr\u00f6\u00dfte Jackpot des Jahres in Brasilien und der Betrag k\u00f6nnte bis zu 60 Millionen Dollar betragen.<\/p>\n<p>Mega da Virada ist ein spezieller Jackpot der Mega Sena-Lotterie, der einmal im Jahr geknackt wird. Die Mega da Virada-Ziehung findet jedes Jahr am 31. Oktober statt und bietet den Spielern die Chance auf einen gro\u00dfen Gewinn.<\/p>\n<p>Au\u00dferdem wird der Mega da Virada nicht verl\u00e4ngert, d. h. dieser Preis muss gewonnen werden, sonst ist er f\u00fcr das ganze Jahr weg.<\/p>\n<h2>Regelm\u00e4\u00dfige Mega Sena-Ziehungstage<\/h2>\n<p>Wenn Sie Mega Sena-Lose kaufen, haben Sie die M\u00f6glichkeit, an der Ziehung am Mittwoch oder am Samstag teilzunehmen. Sie k\u00f6nnen nat\u00fcrlich auch an beiden Tagen teilnehmen, was wir empfehlen, da Sie so Ihre Gewinnchancen erh\u00f6hen.<\/p>\n<p>Wenn Sie Ihre Chancen auf den Gewinn des Jackpots wirklich erh\u00f6hen m\u00f6chten, sollten Sie in Erw\u00e4gung ziehen, sich einer Spielgemeinschaft anzuschlie\u00dfen. Der Vorteil ist, dass Sie Zugang zu einem Pool haben, der es Ihnen erm\u00f6glicht, an mehreren Ziehungen teilzunehmen, ohne Ihr gesamtes Geld auszugeben.<\/p>\n<h2>Gewinnstufen<\/h2>\n<p>Die Mega Sena-Lotterie hat drei Gewinnklassen, zu denen auch der Jackpot geh\u00f6rt. Das bedeutet, dass die Spieler neben dem Jackpot auch die Chance haben, Preise in zwei weiteren Kategorien zu gewinnen. Wir werden sie unten auflisten und zeigen, wie Sie in diesen Kategorien gewinnen k\u00f6nnen.<\/p>\n<p>6 Richtige Zahlen &#8211; Jackpot &#8211; 35 % des Preispools<br \/>\n5 Richtige Zahlen &#8211; Stufe 2 &#8211; 19% des Preispools<br \/>\n4 Richtige Zahlen &#8211; Stufe 3 &#8211; 19% des Preispools<\/p>\n<p><strong>Interessante Tatsache: Die Wahrscheinlichkeit, einen Preis zu gewinnen, wenn Sie mit einem einzigen Los mit 6 Zahlen spielen, liegt bei 1 zu 2.298.<\/strong><\/p>\n<h2>Registrieren Sie sich bei uns, um an der Mega Sena-Lotterie teilzunehmen<\/h2>\n<p>Lassen Sie sich von der Tatsache, dass Sie nicht in S\u00fcdamerika leben, nicht davon abhalten, an der Mega Sena-Lotterie teilzunehmen. Die Gewinnchancen sind gro\u00df und die Preise sind verlockend. Wenn Sie also au\u00dferhalb Brasiliens leben, k\u00f6nnen Sie Mega Sena-Lose auf unserer Website kaufen, indem Sie sich bei uns registrieren.<\/p>\n<p>Wir bieten eine L\u00f6sung aus einer Hand, die den gesamten Prozess des Lottospielens vereinfacht. Sie k\u00f6nnen sich jetzt entspannen und Ihre Wette mit Leichtigkeit platzieren, weil wir den stressigen Teil f\u00fcr Sie erledigen. Warum kaufen Sie Ihre Mega Sena-Scheine nicht jetzt, um die Chance auf einen gro\u00dfen Gewinn zu haben?<\/p>\n","protected":false},"excerpt":{"rendered":"<p>Mega Sena ist die gr\u00f6\u00dfte Lotterie in Brasilien mit einem der gr\u00f6\u00dften Jackpots der Welt. Es ist kein Wunder, dass die Spieler \u00fcberall auf die Chance warten, den Jackpot zu knacken. Interessanterweise ist Mega Sena auch eine einfach zu spielende Lotterie, einfacher als viele andere internationale Lotterien. Die Leichtigkeit, mit der die Lotterie gespielt werden [&hellip;]<\/p>\n","protected":false},"author":1,"featured_media":0,"parent":35753,"menu_order":15,"comment_status":"closed","ping_status":"closed","template":"megasena-info.php","meta":{"_et_pb_use_builder":"","_et_pb_old_content":"","_et_gb_content_width":"","exclude_from_search":false,"footnotes":""},"class_list":["post-36991","page","type-page","status-publish","hentry"],"yoast_head":"<!-- This site is optimized with the Yoast SEO plugin v23.3 - https:\/\/yoast.com\/wordpress\/plugins\/seo\/ -->\n<title>Mega Sena Tickets von au\u00dferhalb Brasiliens kaufen | Mega Sena Tickets online kaufen<\/title>\n<meta name=\"description\" content=\"Sie m\u00fcssen nicht in Brasilien sein, um an Mega Sena teilzunehmen, kaufen Sie Ihr Mega Sena Ticket online auf unserer Website\" \/>\n<meta name=\"robots\" content=\"index, follow, max-snippet:-1, max-image-preview:large, max-video-preview:-1\" \/>\n<link rel=\"canonical\" href=\"https:\/\/jackpotlotteryonline.com\/de\/spielscheine-kaufen\/mega-sena\/\" \/>\n<meta property=\"og:locale\" content=\"de_DE\" \/>\n<meta property=\"og:type\" content=\"article\" \/>\n<meta property=\"og:title\" content=\"Mega Sena Tickets von au\u00dferhalb Brasiliens kaufen | Mega Sena Tickets online kaufen\" \/>\n<meta property=\"og:description\" content=\"Sie m\u00fcssen nicht in Brasilien sein, um an Mega Sena teilzunehmen, kaufen Sie Ihr Mega Sena Ticket online auf unserer Website\" \/>\n<meta property=\"og:url\" content=\"https:\/\/jackpotlotteryonline.com\/de\/spielscheine-kaufen\/mega-sena\/\" \/>\n<meta property=\"og:site_name\" content=\"Lotto Online - Crack The International Lottery Jackpots\" \/>\n<meta property=\"article:modified_time\" content=\"2022-12-24T08:27:27+00:00\" \/>\n<meta property=\"og:image\" content=\"http:\/\/jackpotlotteryonline.com\/wp-content\/uploads\/2022\/11\/1_online_ticket_eurojackpot2.jpg\" \/>\n<meta name=\"twitter:card\" content=\"summary_large_image\" \/>\n<meta name=\"twitter:label1\" content=\"Gesch\u00e4tzte Lesezeit\" \/>\n\t<meta name=\"twitter:data1\" content=\"6\u00a0Minuten\" \/>\n<!-- \/ Yoast SEO plugin. -->","yoast_head_json":{"title":"Mega Sena Tickets von au\u00dferhalb Brasiliens kaufen | Mega Sena Tickets online kaufen","description":"Sie m\u00fcssen nicht in Brasilien sein, um an Mega Sena teilzunehmen, kaufen Sie Ihr Mega Sena Ticket online auf unserer Website","robots":{"index":"index","follow":"follow","max-snippet":"max-snippet:-1","max-image-preview":"max-image-preview:large","max-video-preview":"max-video-preview:-1"},"canonical":"https:\/\/jackpotlotteryonline.com\/de\/spielscheine-kaufen\/mega-sena\/","og_locale":"de_DE","og_type":"article","og_title":"Mega Sena Tickets von au\u00dferhalb Brasiliens kaufen | Mega Sena Tickets online kaufen","og_description":"Sie m\u00fcssen nicht in Brasilien sein, um an Mega Sena teilzunehmen, kaufen Sie Ihr Mega Sena Ticket online auf unserer Website","og_url":"https:\/\/jackpotlotteryonline.com\/de\/spielscheine-kaufen\/mega-sena\/","og_site_name":"Lotto Online - Crack The International Lottery Jackpots","article_modified_time":"2022-12-24T08:27:27+00:00","og_image":[{"url":"http:\/\/jackpotlotteryonline.com\/wp-content\/uploads\/2022\/11\/1_online_ticket_eurojackpot2.jpg"}],"twitter_card":"summary_large_image","twitter_misc":{"Gesch\u00e4tzte Lesezeit":"6\u00a0Minuten"},"schema":{"@context":"https:\/\/schema.org","@graph":[{"@type":"WebPage","@id":"https:\/\/jackpotlotteryonline.com\/de\/spielscheine-kaufen\/mega-sena\/","url":"https:\/\/jackpotlotteryonline.com\/de\/spielscheine-kaufen\/mega-sena\/","name":"Mega Sena Tickets von au\u00dferhalb Brasiliens kaufen | Mega Sena Tickets online kaufen","isPartOf":{"@id":"https:\/\/jackpotlotteryonline.com\/#website"},"primaryImageOfPage":{"@id":"https:\/\/jackpotlotteryonline.com\/de\/spielscheine-kaufen\/mega-sena\/#primaryimage"},"image":{"@id":"https:\/\/jackpotlotteryonline.com\/de\/spielscheine-kaufen\/mega-sena\/#primaryimage"},"thumbnailUrl":"http:\/\/jackpotlotteryonline.com\/wp-content\/uploads\/2022\/11\/1_online_ticket_eurojackpot2.jpg","datePublished":"2022-11-09T12:48:03+00:00","dateModified":"2022-12-24T08:27:27+00:00","description":"Sie m\u00fcssen nicht in Brasilien sein, um an Mega Sena teilzunehmen, kaufen Sie Ihr Mega Sena Ticket online auf unserer Website","breadcrumb":{"@id":"https:\/\/jackpotlotteryonline.com\/de\/spielscheine-kaufen\/mega-sena\/#breadcrumb"},"inLanguage":"de","potentialAction":[{"@type":"ReadAction","target":["https:\/\/jackpotlotteryonline.com\/de\/spielscheine-kaufen\/mega-sena\/"]}]},{"@type":"ImageObject","inLanguage":"de","@id":"https:\/\/jackpotlotteryonline.com\/de\/spielscheine-kaufen\/mega-sena\/#primaryimage","url":"http:\/\/jackpotlotteryonline.com\/wp-content\/uploads\/2022\/11\/1_online_ticket_eurojackpot2.jpg","contentUrl":"http:\/\/jackpotlotteryonline.com\/wp-content\/uploads\/2022\/11\/1_online_ticket_eurojackpot2.jpg"},{"@type":"BreadcrumbList","@id":"https:\/\/jackpotlotteryonline.com\/de\/spielscheine-kaufen\/mega-sena\/#breadcrumb","itemListElement":[{"@type":"ListItem","position":1,"name":"Home","item":"https:\/\/jackpotlotteryonline.com\/de\/"},{"@type":"ListItem","position":2,"name":"Wie man Lotterielose online kauft","item":"https:\/\/jackpotlotteryonline.com\/de\/spielscheine-kaufen\/"},{"@type":"ListItem","position":3,"name":"Mega Sena Tickets kaufen"}]},{"@type":"WebSite","@id":"https:\/\/jackpotlotteryonline.com\/#website","url":"https:\/\/jackpotlotteryonline.com\/","name":"Lotto Online - Crack The International Lottery Jackpots","description":"","potentialAction":[{"@type":"SearchAction","target":{"@type":"EntryPoint","urlTemplate":"https:\/\/jackpotlotteryonline.com\/?s={search_term_string}"},"query-input":"required name=search_term_string"}],"inLanguage":"de"}]}},"_links":{"self":[{"href":"https:\/\/jackpotlotteryonline.com\/de\/wp-json\/wp\/v2\/pages\/36991","targetHints":{"allow":["GET"]}}],"collection":[{"href":"https:\/\/jackpotlotteryonline.com\/de\/wp-json\/wp\/v2\/pages"}],"about":[{"href":"https:\/\/jackpotlotteryonline.com\/de\/wp-json\/wp\/v2\/types\/page"}],"author":[{"embeddable":true,"href":"https:\/\/jackpotlotteryonline.com\/de\/wp-json\/wp\/v2\/users\/1"}],"replies":[{"embeddable":true,"href":"https:\/\/jackpotlotteryonline.com\/de\/wp-json\/wp\/v2\/comments?post=36991"}],"version-history":[{"count":0,"href":"https:\/\/jackpotlotteryonline.com\/de\/wp-json\/wp\/v2\/pages\/36991\/revisions"}],"up":[{"embeddable":true,"href":"https:\/\/jackpotlotteryonline.com\/de\/wp-json\/wp\/v2\/pages\/35753"}],"wp:attachment":[{"href":"https:\/\/jackpotlotteryonline.com\/de\/wp-json\/wp\/v2\/media?parent=36991"}],"curies":[{"name":"wp","href":"https:\/\/api.w.org\/{rel}","templated":true}]}}