{"id":37045,"date":"2022-11-10T06:44:12","date_gmt":"2022-11-10T06:44:12","guid":{"rendered":"https:\/\/jackpotlotteryonline.com\/?page_id=37045"},"modified":"2023-01-06T09:39:21","modified_gmt":"2023-01-06T09:39:21","slug":"new-york-lottery","status":"publish","type":"page","link":"https:\/\/jackpotlotteryonline.com\/de\/spielscheine-kaufen\/new-york-lottery\/","title":{"rendered":"Lose f\u00fcr die New Yorker Lotterie"},"content":{"rendered":"<p>Wenn Sie auf der Suche nach einer Lotterie sind, die eine bewegte Geschichte hat, dann ist das New York Lotto Ihre beste Wahl. Diese von Geschichte und Skandalen gepr\u00e4gte Lotterie wurde f\u00fcr einen guten Zweck gegr\u00fcndet. <a href=\"https:\/\/jackpotlotteryonline.com\/de\/wie-man-spielt\/new-york-lottery-2\">Das Lottospiel<\/a> ist eine gute M\u00f6glichkeit, Spa\u00df zu haben, und es gibt Ihnen auch etwas, worauf Sie sich freuen k\u00f6nnen.<\/p>\n<p>Spieler au\u00dferhalb der USA, die Spielscheine f\u00fcr diese Lotterie kaufen m\u00f6chten, k\u00f6nnen dies bei jackpotlotteryonline.com tun. Wir erm\u00f6glichen Spielern den Zugang zu internationalen Top-Lotterien, egal wo auf der Welt sie sich befinden.<\/p>\n<h2>Eine kurze Geschichte des New York Lotto<\/h2>\n<p>Dies ist eine Lotterie, die von der Regierung des Staates New York in den USA betrieben wird. Sie wurde 1967 gegr\u00fcndet, um die Finanzierung des Bildungswesens in diesem Staat zu unterst\u00fctzen. Die B\u00fcrger des Staates stimmten in einem Referendum daf\u00fcr, die Verfassung zu \u00e4ndern, um eine staatlich betriebene Lotterie zu erm\u00f6glichen. Interessanterweise lautete der erste Slogan der Lotterie &#8220;Ihre einmalige Chance, der Bildung zu helfen&#8221;.<\/p>\n<p>Wenn Sie also ein gutes Gef\u00fchl beim Lottospielen brauchen, dann ist diese Lotterie eine gute Gelegenheit f\u00fcr Sie. Sie haben nicht nur die Chance auf einen gro\u00dfen Gewinn, sondern Sie wissen auch, dass Sie dabei etwas Gutes tun.<\/p>\n<p>Eine weitere interessante Tatsache ist, dass diese Lotterie schon fr\u00fch von einem Skandal betroffen war, und zwar nicht nur einmal, sondern zweimal. In den Jahren 1975-6 wurde der Verkauf ausgesetzt, weil entdeckt wurde, dass nicht verkaufte Lose zu Gewinnern erkl\u00e4rt wurden. In den 1980er Jahren dann manipulierten Staatsbedienstete die Ergebnisse zugunsten von Familie und Freunden. Diese Zeiten sind l\u00e4ngst vorbei, und die Lotterie hat sich zu einer der zuverl\u00e4ssigsten des Landes entwickelt.<\/p>\n<h2>Wie man Lottoscheine von au\u00dferhalb der USA kauft<\/h2>\n<p><img loading=\"lazy\" decoding=\"async\" class=\"alignright size-full wp-image-26402\" src=\"https:\/\/jackpotlotteryonline.com\/wp-content\/uploads\/2022\/11\/1_buy_online_ticket_powerball.jpg\" alt=\"Gewinn der New Yorker Lotterie\" width=\"300\" height=\"194\" \/><\/p>\n<p>Wenn Sie au\u00dferhalb der Vereinigten Staaten leben, gibt es nur eine legale M\u00f6glichkeit, Lottoscheine zu kaufen. Das ist der Kauf \u00fcber das Internet bei einem Online-Lottoanbieter wie jackpotlotteryonline.com.<\/p>\n<p>Um die Lose zu kaufen, besuchen Sie einfach die Website und klicken Sie auf die gew\u00fcnschte Lotterie. W\u00e4hlen Sie dann sechs Zahlen zwischen 1 und 59. F\u00fchlen Sie sich frei, mehrere Reihen zu kaufen, um Ihre Gewinnchancen zu erh\u00f6hen. Sobald Sie Ihre Zahlen ausgew\u00e4hlt haben, nehmen Sie an der Ziehung Ihrer Wahl teil und t\u00e4tigen die Zahlung.<\/p>\n<p>Lotto spielen von au\u00dferhalb der Vereinigten Staaten \u00fcber das Internet ist legal und legitim. Au\u00dferdem er\u00f6ffnet es Spielern auf der ganzen Welt eine Welt voller M\u00f6glichkeiten. Sie m\u00fcssen sich nicht mehr durch geografische Grenzen einschr\u00e4nken lassen, da Sie problemlos ohne Grenzen wetten k\u00f6nnen.<\/p>\n<h2>Die Bonusnummer<\/h2>\n<p>Ja, es gibt eine Bonuszahl, und es ist die siebte Zahl, die gezogen wird. Die Bonuszahl wird jedoch nicht f\u00fcr die Ermittlung des Jackpotpreises, sondern f\u00fcr den zweiten Preis verwendet. Um die zweite Preiskategorie zu gewinnen, muss ein Spieler die sechs gezogenen Zahlen und die Bonuszahl \u00fcbereinstimmen.<\/p>\n<section class=\"layout\" style=\"border: solid 1px; width: 100%;\">\n<div class=\"img-div\" style=\"margin-top: 5px;\"><img decoding=\"async\" class=\"wp-image-17212 alignleft\" style=\"height: 45px; margin: 8px 8px 0px;\" src=\"https:\/\/jackpotlotteryonline.com\/wp-content\/uploads\/2022\/11\/read1.jpg\" alt=\"lesen\" width=\"\" height=\"\" \/><\/div>\n<div style=\"padding-left: 5px;\">\n<div style=\"font-size: 1.1em;\">\n<p><strong>Lotterie-Tipps<\/strong><\/p>\n<p style=\"font-size: 0.85em; margin-top: -1.5em;\">Tipps, die Ihnen helfen, beim Lotto zu gewinnen\u00a0 <a href=\"https:\/\/jackpotlotteryonline.com\/de\/tipps-die-ihnen-helfen-im-lotto-zu-gewinnen\"> mehr lesen<\/a><\/p>\n<\/div>\n<\/div>\n<\/section>\n<h2>Die Gewinnkategorien<\/h2>\n<p>Die Wahrscheinlichkeit, einen Preis zu gewinnen, liegt insgesamt bei 1 zu 92,05. Die Aufteilung der Preise richtet sich nach dem Gesamtumsatz. So werden bei jedem Lotto 40 % des Umsatzes als Preisgeld vergeben. Der Jackpot ist ein Prozentsatz davon und kein fester Betrag. Die Gewinnkategorien sind im Folgenden aufgef\u00fchrt:<\/p>\n<p>Kategorie 1: 6 Zahlen &#8211; Jackpot (30%)<br \/>\nKategorie 2: 5 + Bonuszahl &#8211; 2,9% des Umsatzes<br \/>\nKategorie 3: 5 Zahlen &#8211; 2,2% des Umsatzes<br \/>\nKategorie 4: 4 Zahlen &#8211; 2,5% des Umsatzes<br \/>\nKategorie 5: 3 Zahlen &#8211; 2,4% des Umsatzes<\/p>\n<h2>New Yorker Lotto-Ziehungstage<\/h2>\n<p><a href=\"https:\/\/jackpotlotteryonline.com\/de\/gewinn-zahlen\/new-york-lottery\">Die New Yorker Lotterie (wie sie manchmal genannt wird) hat zwei Ziehungstage pro Woche<\/a>. Diese sind mittwochs und samstags. Sie k\u00f6nnen sich also mehrere Wochen im Voraus f\u00fcr mehrere Ziehungen anmelden.<\/p>\n<p>Um herauszufinden, ob Sie einen Preis gewonnen haben, k\u00f6nnen Sie die Ziehungen im Fernsehen verfolgen oder sich in den Nachrichten \u00fcber die Ziehungsergebnisse informieren. Das kann jedoch leicht l\u00e4stig werden, vor allem wenn Sie zu dieser Zeit besch\u00e4ftigt sind. Eine einfachere Alternative ist, sich bei uns zu registrieren, und wir werden Sie sofort benachrichtigen, wenn Sie gewinnen.<\/p>\n<h2>Warum sollten Sie die New Yorker Lotterie spielen?<\/h2>\n<p>Wenn Sie daran denken, dass das Preisgeld von den Verkaufszahlen abh\u00e4ngt, k\u00f6nnten Sie entmutigt werden. Was passiert, wenn die Ums\u00e4tze nicht gut sind? Das bedeutet, dass der Jackpot-Gewinn erheblich gek\u00fcrzt werden k\u00f6nnte. Das ist eine echte Bef\u00fcrchtung, mit der die Spieler bei dieser Lotterie konfrontiert werden.<\/p>\n<p>Es gibt jedoch mehrere Faktoren, die f\u00fcr die von der Regierung des Staates New York veranstaltete Lotterie sprechen. Erstens besteht ein gro\u00dfes Interesse an dieser Lotterie, so dass die Verkaufszahlen immer noch recht gut sind. Der Jackpot ist nicht so gro\u00df wie bei einigen anderen internationalen Lotterien, aber die Spieler k\u00f6nnen bis zu 10 Millionen Dollar gewinnen.<\/p>\n<p>Au\u00dferdem sind die Gewinnchancen wesentlich h\u00f6her als bei anderen Lotterien mit gr\u00f6\u00dferen Jackpots. Auch wenn manche Spieler dies nicht als Wetten mit hohem Einsatz betrachten, so sind die g\u00fcnstigen Gewinnchancen doch ein Anreiz f\u00fcr sie. Au\u00dferdem ist der Jackpot gar nicht so schlecht und k\u00f6nnte die Gewinner zu Million\u00e4ren machen.<\/p>\n<h2>Registrieren Sie sich bei uns f\u00fcr eine stressfreie Erfahrung<\/h2>\n<p><img loading=\"lazy\" decoding=\"async\" class=\"size-full wp-image-35321 alignright\" src=\"https:\/\/jackpotlotteryonline.com\/wp-content\/uploads\/2022\/11\/2_ticket_superenalotto-1.jpg\" alt=\"New Yorker Lottoschein\" width=\"228\" height=\"300\" \/><\/p>\n<p>Das Spielen von New York Lotto ist einfach und problemlos, wenn Sie sich bei uns registrieren. Wenn Sie unsere Website besuchen, werden Sie eine gro\u00dfe Auswahl an internationalen Lotterien finden, an denen Sie teilnehmen k\u00f6nnen. Holen Sie sich einen Schein und setzen Sie auf die Lotterie Ihrer Wahl und w\u00e4hlen Sie mehrere Teilnahmen, wenn Sie m\u00f6chten. Wenn Sie sich nicht sicher sind, welche Zahlen Sie w\u00e4hlen sollen, hilft Ihnen unser Auto-Picker-Tool dabei.<\/p>\n<p>Sobald Sie Ihre Zahlen ausgew\u00e4hlt haben, nehmen Sie an der Ziehung teil und gehen zum Zahlungsbereich. An diesem Punkt werden Sie gebeten, sich zu registrieren. Daf\u00fcr gibt es folgende Gr\u00fcnde:<\/p>\n<ul>\n<li>Wenn Sie sich registrieren, k\u00f6nnen Sie sicherstellen, dass Ihre Lose sicher aufbewahrt werden, so dass Sie die gewonnenen Preise problemlos abholen k\u00f6nnen.<\/li>\n<li>Wenn Sie einen Preis gewinnen, erhalten Sie eine Benachrichtigung auf Ihrem Dashboard und per E-Mail.<\/li>\n<li>Die Auszahlung Ihres Gewinns war noch nie so einfach, da Sie dies direkt auf unserer Plattform tun k\u00f6nnen.<\/li>\n<\/ul>\n<h2>Woher wissen Sie, dass Sie an der Lotterie teilnehmen?<\/h2>\n<p>Das ist eine berechtigte Frage, denn es gibt mehrere Dienste, die zwar Lottoscheine verkaufen, Ihnen aber keinen Zugang zur Lotterie verschaffen. Vielmehr bieten sie Ihnen die M\u00f6glichkeit, gegen den Jackpot zu wetten. Selbst wenn Sie gewinnen, k\u00f6nnen Sie also nur einen Bruchteil des Jackpotbetrags erhalten. Wir tun das nicht.<\/p>\n<p>Wir betreiben einen Concierge-Service, der sicherstellt, dass unsere Kunden in Echtzeit Zugang zu den Lotterien ihrer Wahl erhalten. Wenn Sie einen Tippschein kaufen, erwerben unsere Agenten in New York auch einen physischen Schein mit Ihren Wunschzahlen. Das hei\u00dft, wenn Ihre Zahlen mit den gezogenen Zahlen \u00fcbereinstimmen, haben Sie den Jackpot gewonnen.<\/p>\n<p>Dies ist ein guter Zeitpunkt, um zu erw\u00e4hnen, dass die Lotterie ein Gl\u00fccksspiel ist. Es gibt also keine M\u00f6glichkeit zu bestimmen, wer gewinnt. Wir wissen jedoch, dass die einzige M\u00f6glichkeit, eine Gewinnchance zu haben, darin besteht, einen Einsatz zu t\u00e4tigen. Deshalb setzen wir alles daran, dass unsere Kunden diese M\u00f6glichkeit haben.<\/p>\n<h2>Spielen Sie das New York Lotto noch heute online<\/h2>\n<p>Es ist an der Zeit, nicht l\u00e4nger dar\u00fcber nachzudenken, einen Lottoschein zu kaufen, sondern einen zu erwerben. Dies k\u00f6nnte der Beginn des Abenteuers Ihres Lebens sein. Besuchen Sie uns also noch heute unter jackpotlotteryonline.com, um von jedem Ort der Welt aus einen Tipp abzugeben. Man wei\u00df nie, wann man in der Lotterie gewinnen wird.<\/p>\n","protected":false},"excerpt":{"rendered":"<p>Wenn Sie auf der Suche nach einer Lotterie sind, die eine bewegte Geschichte hat, dann ist das New York Lotto Ihre beste Wahl. Diese von Geschichte und Skandalen gepr\u00e4gte Lotterie wurde f\u00fcr einen guten Zweck gegr\u00fcndet. Das Lottospiel ist eine gute M\u00f6glichkeit, Spa\u00df zu haben, und es gibt Ihnen auch etwas, worauf Sie sich freuen [&hellip;]<\/p>\n","protected":false},"author":1,"featured_media":0,"parent":35753,"menu_order":14,"comment_status":"closed","ping_status":"closed","template":"newyork-info.php","meta":{"_et_pb_use_builder":"","_et_pb_old_content":"","_et_gb_content_width":"","exclude_from_search":false,"footnotes":""},"class_list":["post-37045","page","type-page","status-publish","hentry"],"yoast_head":"<!-- This site is optimized with the Yoast SEO plugin v23.3 - https:\/\/yoast.com\/wordpress\/plugins\/seo\/ -->\n<title>Kaufen Sie Lose f\u00fcr die New Yorker Lotterie von au\u00dferhalb der USA | Holen Sie sich New Yorker Lotteriescheine online<\/title>\n<meta name=\"description\" content=\"Sie m\u00f6chten einen Schein f\u00fcr die New Yorker Lotterie kaufen, leben aber au\u00dferhalb der USA? Holen Sie sich hier Ihre Lottoscheine online\" \/>\n<meta name=\"robots\" content=\"index, follow, max-snippet:-1, max-image-preview:large, max-video-preview:-1\" \/>\n<link rel=\"canonical\" href=\"https:\/\/jackpotlotteryonline.com\/de\/spielscheine-kaufen\/new-york-lottery\/\" \/>\n<meta property=\"og:locale\" content=\"de_DE\" \/>\n<meta property=\"og:type\" content=\"article\" \/>\n<meta property=\"og:title\" content=\"Kaufen Sie Lose f\u00fcr die New Yorker Lotterie von au\u00dferhalb der USA | Holen Sie sich New Yorker Lotteriescheine online\" \/>\n<meta property=\"og:description\" content=\"Sie m\u00f6chten einen Schein f\u00fcr die New Yorker Lotterie kaufen, leben aber au\u00dferhalb der USA? Holen Sie sich hier Ihre Lottoscheine online\" \/>\n<meta property=\"og:url\" content=\"https:\/\/jackpotlotteryonline.com\/de\/spielscheine-kaufen\/new-york-lottery\/\" \/>\n<meta property=\"og:site_name\" content=\"Lotto Online - Crack The International Lottery Jackpots\" \/>\n<meta property=\"article:modified_time\" content=\"2023-01-06T09:39:21+00:00\" \/>\n<meta property=\"og:image\" content=\"https:\/\/jackpotlotteryonline.com\/wp-content\/uploads\/2022\/11\/1_buy_online_ticket_powerball.jpg\" \/>\n<meta name=\"twitter:card\" content=\"summary_large_image\" \/>\n<meta name=\"twitter:label1\" content=\"Gesch\u00e4tzte Lesezeit\" \/>\n\t<meta name=\"twitter:data1\" content=\"6\u00a0Minuten\" \/>\n<!-- \/ Yoast SEO plugin. -->","yoast_head_json":{"title":"Kaufen Sie Lose f\u00fcr die New Yorker Lotterie von au\u00dferhalb der USA | Holen Sie sich New Yorker Lotteriescheine online","description":"Sie m\u00f6chten einen Schein f\u00fcr die New Yorker Lotterie kaufen, leben aber au\u00dferhalb der USA? Holen Sie sich hier Ihre Lottoscheine online","robots":{"index":"index","follow":"follow","max-snippet":"max-snippet:-1","max-image-preview":"max-image-preview:large","max-video-preview":"max-video-preview:-1"},"canonical":"https:\/\/jackpotlotteryonline.com\/de\/spielscheine-kaufen\/new-york-lottery\/","og_locale":"de_DE","og_type":"article","og_title":"Kaufen Sie Lose f\u00fcr die New Yorker Lotterie von au\u00dferhalb der USA | Holen Sie sich New Yorker Lotteriescheine online","og_description":"Sie m\u00f6chten einen Schein f\u00fcr die New Yorker Lotterie kaufen, leben aber au\u00dferhalb der USA? Holen Sie sich hier Ihre Lottoscheine online","og_url":"https:\/\/jackpotlotteryonline.com\/de\/spielscheine-kaufen\/new-york-lottery\/","og_site_name":"Lotto Online - Crack The International Lottery Jackpots","article_modified_time":"2023-01-06T09:39:21+00:00","og_image":[{"url":"https:\/\/jackpotlotteryonline.com\/wp-content\/uploads\/2022\/11\/1_buy_online_ticket_powerball.jpg"}],"twitter_card":"summary_large_image","twitter_misc":{"Gesch\u00e4tzte Lesezeit":"6\u00a0Minuten"},"schema":{"@context":"https:\/\/schema.org","@graph":[{"@type":"WebPage","@id":"https:\/\/jackpotlotteryonline.com\/de\/spielscheine-kaufen\/new-york-lottery\/","url":"https:\/\/jackpotlotteryonline.com\/de\/spielscheine-kaufen\/new-york-lottery\/","name":"Kaufen Sie Lose f\u00fcr die New Yorker Lotterie von au\u00dferhalb der USA | Holen Sie sich New Yorker Lotteriescheine online","isPartOf":{"@id":"https:\/\/jackpotlotteryonline.com\/#website"},"primaryImageOfPage":{"@id":"https:\/\/jackpotlotteryonline.com\/de\/spielscheine-kaufen\/new-york-lottery\/#primaryimage"},"image":{"@id":"https:\/\/jackpotlotteryonline.com\/de\/spielscheine-kaufen\/new-york-lottery\/#primaryimage"},"thumbnailUrl":"https:\/\/jackpotlotteryonline.com\/wp-content\/uploads\/2022\/11\/1_buy_online_ticket_powerball.jpg","datePublished":"2022-11-10T06:44:12+00:00","dateModified":"2023-01-06T09:39:21+00:00","description":"Sie m\u00f6chten einen Schein f\u00fcr die New Yorker Lotterie kaufen, leben aber au\u00dferhalb der USA? Holen Sie sich hier Ihre Lottoscheine online","breadcrumb":{"@id":"https:\/\/jackpotlotteryonline.com\/de\/spielscheine-kaufen\/new-york-lottery\/#breadcrumb"},"inLanguage":"de","potentialAction":[{"@type":"ReadAction","target":["https:\/\/jackpotlotteryonline.com\/de\/spielscheine-kaufen\/new-york-lottery\/"]}]},{"@type":"ImageObject","inLanguage":"de","@id":"https:\/\/jackpotlotteryonline.com\/de\/spielscheine-kaufen\/new-york-lottery\/#primaryimage","url":"https:\/\/jackpotlotteryonline.com\/wp-content\/uploads\/2022\/11\/1_buy_online_ticket_powerball.jpg","contentUrl":"https:\/\/jackpotlotteryonline.com\/wp-content\/uploads\/2022\/11\/1_buy_online_ticket_powerball.jpg"},{"@type":"BreadcrumbList","@id":"https:\/\/jackpotlotteryonline.com\/de\/spielscheine-kaufen\/new-york-lottery\/#breadcrumb","itemListElement":[{"@type":"ListItem","position":1,"name":"Home","item":"https:\/\/jackpotlotteryonline.com\/de\/"},{"@type":"ListItem","position":2,"name":"Wie man Lotterielose online kauft","item":"https:\/\/jackpotlotteryonline.com\/de\/spielscheine-kaufen\/"},{"@type":"ListItem","position":3,"name":"Lose f\u00fcr die New Yorker Lotterie"}]},{"@type":"WebSite","@id":"https:\/\/jackpotlotteryonline.com\/#website","url":"https:\/\/jackpotlotteryonline.com\/","name":"Lotto Online - Crack The International Lottery Jackpots","description":"","potentialAction":[{"@type":"SearchAction","target":{"@type":"EntryPoint","urlTemplate":"https:\/\/jackpotlotteryonline.com\/?s={search_term_string}"},"query-input":"required name=search_term_string"}],"inLanguage":"de"}]}},"_links":{"self":[{"href":"https:\/\/jackpotlotteryonline.com\/de\/wp-json\/wp\/v2\/pages\/37045","targetHints":{"allow":["GET"]}}],"collection":[{"href":"https:\/\/jackpotlotteryonline.com\/de\/wp-json\/wp\/v2\/pages"}],"about":[{"href":"https:\/\/jackpotlotteryonline.com\/de\/wp-json\/wp\/v2\/types\/page"}],"author":[{"embeddable":true,"href":"https:\/\/jackpotlotteryonline.com\/de\/wp-json\/wp\/v2\/users\/1"}],"replies":[{"embeddable":true,"href":"https:\/\/jackpotlotteryonline.com\/de\/wp-json\/wp\/v2\/comments?post=37045"}],"version-history":[{"count":0,"href":"https:\/\/jackpotlotteryonline.com\/de\/wp-json\/wp\/v2\/pages\/37045\/revisions"}],"up":[{"embeddable":true,"href":"https:\/\/jackpotlotteryonline.com\/de\/wp-json\/wp\/v2\/pages\/35753"}],"wp:attachment":[{"href":"https:\/\/jackpotlotteryonline.com\/de\/wp-json\/wp\/v2\/media?parent=37045"}],"curies":[{"name":"wp","href":"https:\/\/api.w.org\/{rel}","templated":true}]}}