{"id":37097,"date":"2022-11-10T08:56:10","date_gmt":"2022-11-10T08:56:10","guid":{"rendered":"https:\/\/jackpotlotteryonline.com\/?page_id=37097"},"modified":"2023-01-04T08:40:12","modified_gmt":"2023-01-04T08:40:12","slug":"thunderball","status":"publish","type":"page","link":"https:\/\/jackpotlotteryonline.com\/de\/spielscheine-kaufen\/thunderball\/","title":{"rendered":"Thunderball-Tickets kaufen"},"content":{"rendered":"<p>Es gibt keinen Mangel an Lotterien, an denen die Spieler im Vereinigten K\u00f6nigreich teilnehmen k\u00f6nnen. Von Lotto bis zu Rentenlotterien ist f\u00fcr jeden etwas dabei, und das fast jeden Tag. Aber eines der beliebtesten Spiele f\u00fcr Spieler ist Thunderball. Es ist interessant, weil es sich um eine Lotterie handelt, die keinen Jackpot im Wert von Millionen von Pfund bietet. Wir k\u00f6nnen Ihnen sogar garantieren, dass Sie, selbst wenn Sie den Jackpot knacken, kein Million\u00e4r sein werden. Warum scheinen die Spieler diese Lotterie dann zu lieben?<\/p>\n<p>Der Grund ist einfach: Die Gewinnchancen sind viel besser als bei anderen Spielen mit gr\u00f6\u00dferen Jackpots. Bei vier w\u00f6chentlichen Ziehungen und einer ordentlichen Jackpotsumme ist es kein Wunder, dass Lottoenthusiasten jede Woche zu dieser Lotterie str\u00f6men.<\/p>\n<p>Wenn Sie au\u00dferhalb Gro\u00dfbritanniens leben, k\u00f6nnen Sie auch an jeder der Ziehungen teilnehmen. Besuchen Sie jackpotlotteryonline.com f\u00fcr einen effizienten und stressfreien Weg, um Lottoscheine zu kaufen, wo auch immer Sie sind.<\/p>\n<h2>Wie funktioniert Thunderball?<\/h2>\n<p><img loading=\"lazy\" decoding=\"async\" class=\"alignright size-medium wp-image-30425\" src=\"https:\/\/jackpotlotteryonline.com\/wp-content\/uploads\/2022\/11\/1_you_win_jackpot-300x300.jpg\" alt=\"Wie man Thunderball spielt\" width=\"300\" height=\"300\" srcset=\"https:\/\/jackpotlotteryonline.com\/wp-content\/uploads\/2022\/11\/1_you_win_jackpot-300x300.jpg 300w, https:\/\/jackpotlotteryonline.com\/wp-content\/uploads\/2022\/11\/1_you_win_jackpot-100x100.jpg 100w, https:\/\/jackpotlotteryonline.com\/wp-content\/uploads\/2022\/11\/1_you_win_jackpot-150x150.jpg 150w, https:\/\/jackpotlotteryonline.com\/wp-content\/uploads\/2022\/11\/1_you_win_jackpot.jpg 320w\" sizes=\"auto, (max-width: 300px) 100vw, 300px\" \/><\/p>\n<p>Diese britische Lotterie ist einfach und leicht zu spielen und erfahrene Lottospieler sollten keine Probleme mit dieser britischen Lotterie haben.<\/p>\n<p><a href=\"https:\/\/jackpotlotteryonline.com\/de\/wie-man-spielt\/thunderball\">Um diese britische Lotterie zu spielen<\/a>, m\u00fcssen die Spieler f\u00fcnf Hauptzahlen zwischen 1 und 39 und eine Sonderzahl zwischen 1 und 14 w\u00e4hlen. Die Sonderzahl wird Thunderball genannt.<\/p>\n<p>Nachdem Sie Ihre Zahlen gezogen haben, m\u00fcssen Sie nur noch an<a href=\"https:\/\/jackpotlotteryonline.com\/de\/gewinn-zahlen\/thunderball\"> den Ziehungen teilnehmen<\/a> und auf die Ergebnisse warten. Wir haben bereits erw\u00e4hnt, dass es vier w\u00f6chentliche Ziehungen gibt. Das sind vier Gelegenheiten, den Jackpot zu gewinnen! Die Ziehungen finden am Dienstag, Mittwoch, Donnerstag und Samstag statt.<\/p>\n<h2>Ist es legal, einen britischen Lottoschein online zu kaufen?<\/h2>\n<p>Die Frage, ob man \u00fcber das Internet an der Lotterie teilnehmen kann oder nicht, ist eine berechtigte Sorge. Es stimmt, dass es da drau\u00dfen Betr\u00fcgereien gibt, und es w\u00e4re dumm, das zu ignorieren. Es gibt jedoch seri\u00f6se Lotterieseiten, die Lose f\u00fcr Lotterien auf der ganzen Welt verkaufen, und das ist v\u00f6llig legal.<\/p>\n<p>Zun\u00e4chst einmal ist diese britische Lotterie nicht auf die B\u00fcrger des Vereinigten K\u00f6nigreichs beschr\u00e4nkt. Die einzige Einschr\u00e4nkung ist geografischer Natur, da die physischen Scheine von Verk\u00e4ufern im Land verkauft werden. Der Online-Kauf von Spielscheinen ist die einzige M\u00f6glichkeit, die Lotterie von au\u00dferhalb des Landes zu spielen.<\/p>\n<p>Bevor Sie einen Lottoschein kaufen, sollten Sie sich vergewissern, dass Sie sich an einen seri\u00f6sen Lottoanbieter wenden, insbesondere an einen, der einen guten Ruf genie\u00dft. Eine gute M\u00f6glichkeit zur \u00dcberpr\u00fcfung ist, zu sehen, ob er in der Vergangenheit Gewinne ausgezahlt hat, damit Sie Ihren Gewinn nicht verlieren.<\/p>\n<section class=\"layout\" style=\"border: solid 1px; width: 100%;\">\n<div class=\"img-div\" style=\"margin-top: 5px;\"><img decoding=\"async\" class=\"wp-image-17212 alignleft\" style=\"height: 45px; margin: 8px 8px 0px;\" src=\"https:\/\/jackpotlotteryonline.com\/wp-content\/uploads\/2022\/11\/read1.jpg\" alt=\"lesen\" width=\"\" height=\"\" \/><\/div>\n<div style=\"padding-left: 5px;\">\n<div style=\"font-size: 1.1em;\">\n<p><strong>Ihre nationale Lotterie im internationalen Vergleich<\/strong><\/p>\n<p style=\"font-size: 0.85em; margin-top: -1.5em;\">Ihre \u00f6rtliche Lotterie kann Ihre schlechteste Option sein &#8211; warum es sinnvoller ist, mehr zu zahlen, aber auf gr\u00f6\u00dfere Jackpots zu setzen <a href=\"https:\/\/jackpotlotteryonline.com\/de\/ihre-nationale-lotterie-im-internationalen-vergleich\">mehr lesen<\/a><\/p>\n<\/div>\n<\/div>\n<\/section>\n<h2>Jackpot und Preise<\/h2>\n<p>Wie hoch ist der Jackpot bei dieser britischen Lotterie genau? Der Jackpot betr\u00e4gt f\u00fcnfhunderttausend Pfund und wird bei jeder Ziehung garantiert. Jedes Los, das mit den f\u00fcnf gezogenen Zahlen und der Sonderzahl \u00fcbereinstimmt, gewinnt den Jackpot.<\/p>\n<p>Der Jackpot ist nicht der einzige Preis, den die Spieler bei dieser Lotterie gewinnen k\u00f6nnen, denn es gibt noch weitere Preisstufen. Der Preis der zweiten Stufe ist ebenfalls ein fester Betrag von f\u00fcnftausend Pfund, was wirklich gro\u00dfartig ist. Insgesamt gibt es neun Gewinnstufen und einen Preis nur f\u00fcr die \u00dcbereinstimmung mit der Sonderzahl.<\/p>\n<p>Auch bei dieser Lotterie sind die Gewinnchancen unglaublich hoch, weshalb sie seit der ersten Ziehung im Jahr 1999 so viele Gewinner hervorgebracht hat. Aufgrund der hohen Nachfrage nach dieser Lotterie wurde sie von einer w\u00f6chentlichen auf vier w\u00f6chentliche Ziehungen erweitert. Wenn Sie diese britische Lotterie spielen, stehen die Chancen, den Jackpot zu knacken, bei 1 zu 8.060.598, w\u00e4hrend die Chancen, einen beliebigen Preis zu gewinnen, bei 1 zu 13 liegen.<br \/>\n<img loading=\"lazy\" decoding=\"async\" class=\"alignright size-medium wp-image-35457\" src=\"https:\/\/jackpotlotteryonline.com\/wp-content\/uploads\/2022\/11\/2_ticket_uk_lottery-192x300.jpg\" alt=\"Thunderball-Ticket\" width=\"192\" height=\"300\" srcset=\"https:\/\/jackpotlotteryonline.com\/wp-content\/uploads\/2022\/11\/2_ticket_uk_lottery-192x300.jpg 192w, https:\/\/jackpotlotteryonline.com\/wp-content\/uploads\/2022\/11\/2_ticket_uk_lottery.jpg 250w\" sizes=\"auto, (max-width: 192px) 100vw, 192px\" \/><\/p>\n<p><strong>Wenn Sie diese Lotterie spielen, k\u00f6nnen Sie mit folgenden Gewinnen rechnen:<\/strong><\/p>\n<p>5 gleiche Zahlen + Sonderzahl &#8211; 500.000 \u00a3 (Jackpot)<br \/>\nNur 5 gleiche Zahlen &#8211; \u00a35000<br \/>\n4 gleiche Zahlen + Sonderzahl &#8211; \u00a3250<br \/>\nNur 4 gleiche Zahlen &#8211; \u00a3100<br \/>\n3 Richtige Zahlen + Sonderzahl &#8211; \u00a320<br \/>\nNur 3 gleiche Zahlen &#8211; \u00a310<br \/>\n2 gleiche Zahlen + Sonderzahl &#8211; \u00a310<br \/>\nGleiche 1 Zahl + Sonderzahl &#8211; \u00a35<br \/>\n\u00dcbereinstimmung 0 Zahlen + Sonderzahl &#8211; \u00a33<\/p>\n<h2>Wie Sie Ihren Gewinn einfordern<\/h2>\n<p>Wie Sie Ihren Gewinn beanspruchen, h\u00e4ngt davon ab, wie Sie Ihren Lottoschein gekauft haben. Wenn Sie \u00fcber unsere Website an der Lotterie teilgenommen haben, k\u00f6nnen Sie Ihren Gewinn beanspruchen, indem Sie sich in Ihr Konto einloggen und sich Ihren Gewinn auf unserer Plattform auszahlen lassen.<\/p>\n<p>Bevor Sie Ihren Gewinn einfordern, ist es wichtig, ein paar Dinge \u00fcber das Lottospielen im Vereinigten K\u00f6nigreich zu wissen. Wir wissen bereits, dass die Lotterie jedem offen steht, unabh\u00e4ngig von der Nationalit\u00e4t, aber hier sind noch ein paar Dinge zu beachten:<\/p>\n<ul>\n<li>Die Lotterie ist f\u00fcr Spieler ab 16 Jahren zug\u00e4nglich.<\/li>\n<li>Die Preise werden als Pauschalbetrag ausgezahlt<\/li>\n<li>Lotteriegewinne sind im Land nicht steuerpflichtig. Wenn Sie jedoch von au\u00dferhalb des Landes spielen, sollten Sie die Steuergesetze Ihres Landes \u00fcberpr\u00fcfen<\/li>\n<li>Sie haben 180 Tage Zeit, um einen Gewinn einzufordern, bevor er in den Pool zur\u00fcckflie\u00dft.<\/li>\n<li>Wenn Sie \u00fcber einen physischen Verk\u00e4ufer an der Lotterie teilgenommen haben, m\u00fcssen Sie sich m\u00f6glicherweise an die Organisatoren der Lotterie wenden, um Ihren Gewinn einzufordern.<\/li>\n<\/ul>\n<h2>Warum Sie die Lotterie mit uns spielen sollten<\/h2>\n<p>Wir sind ein ma\u00dfgeschneiderter Concierge-Service, der Spielern auf der ganzen Welt Zugang zu den besten internationalen Lotterien verschafft. Wir haben den Prozess \u00fcber Jahre hinweg verfeinert, um sicherzustellen, dass unsere Kunden eine aufregende Erfahrung machen, die angenehm und stressfrei ist.<\/p>\n<p>Wenn Sie sich bei uns registrieren, k\u00f6nnen Sie bequem von einer einzigen Online-Plattform aus an mehreren Lotterien teilnehmen. Wir bieten Ihnen die zus\u00e4tzliche Sicherheit, dass Ihr Teilnahmeschein sicher ist, so dass Sie sich keine Sorgen machen m\u00fcssen, ihn zu verlieren. Au\u00dferdem k\u00f6nnen Sie sich darauf verlassen, dass Ihnen kein Gewinn entgeht, denn wir benachrichtigen Sie, sobald Sie einen Preis gewonnen haben.<\/p>\n<p>Im Grunde genommen nehmen wir Ihnen alle Schwierigkeiten ab, die mit dem Lottospielen verbunden sind, so dass Sie sich auf das konzentrieren k\u00f6nnen, was Ihnen am meisten Spa\u00df macht: Spa\u00df haben. Es spielt keine Rolle, wo auf der Welt Sie sich befinden, sobald Sie eine Internetverbindung haben, k\u00f6nnen Sie an internationalen Top-Lotterien teilnehmen.<\/p>\n<p>Mit jackpotlotteryonline.com haben Sie mehrere M\u00f6glichkeiten. Sie k\u00f6nnen eine oder mehrere Lotterien spielen, an einer oder mehreren Ziehungen teilnehmen und sogar ein Abonnement einrichten, damit Ihre Teilnahmen automatisch erfolgen. Besuchen Sie uns noch heute, um Thunderball-Lose von au\u00dferhalb Gro\u00dfbritanniens zu kaufen.<\/p>\n","protected":false},"excerpt":{"rendered":"<p>Es gibt keinen Mangel an Lotterien, an denen die Spieler im Vereinigten K\u00f6nigreich teilnehmen k\u00f6nnen. Von Lotto bis zu Rentenlotterien ist f\u00fcr jeden etwas dabei, und das fast jeden Tag. Aber eines der beliebtesten Spiele f\u00fcr Spieler ist Thunderball. Es ist interessant, weil es sich um eine Lotterie handelt, die keinen Jackpot im Wert von [&hellip;]<\/p>\n","protected":false},"author":1,"featured_media":0,"parent":35753,"menu_order":12,"comment_status":"closed","ping_status":"closed","template":"thunderball-info.php","meta":{"_et_pb_use_builder":"","_et_pb_old_content":"","_et_gb_content_width":"","exclude_from_search":false,"footnotes":""},"class_list":["post-37097","page","type-page","status-publish","hentry"],"yoast_head":"<!-- This site is optimized with the Yoast SEO plugin v23.3 - https:\/\/yoast.com\/wordpress\/plugins\/seo\/ -->\n<title>Thunderball-Lose von au\u00dferhalb Gro\u00dfbritanniens kaufen | Thunderball Lotterie online<\/title>\n<meta name=\"description\" content=\"Kaufen Sie ein Thunderball-Los von au\u00dferhalb des Vereinigten K\u00f6nigreichs, indem Sie es hier online kaufen! Holen Sie sich Ihr gescanntes Thunderball-Los \u00fcber unseren legalen Service\" \/>\n<meta name=\"robots\" content=\"index, follow, max-snippet:-1, max-image-preview:large, max-video-preview:-1\" \/>\n<link rel=\"canonical\" href=\"https:\/\/jackpotlotteryonline.com\/de\/spielscheine-kaufen\/thunderball\/\" \/>\n<meta property=\"og:locale\" content=\"de_DE\" \/>\n<meta property=\"og:type\" content=\"article\" \/>\n<meta property=\"og:title\" content=\"Thunderball-Lose von au\u00dferhalb Gro\u00dfbritanniens kaufen | Thunderball Lotterie online\" \/>\n<meta property=\"og:description\" content=\"Kaufen Sie ein Thunderball-Los von au\u00dferhalb des Vereinigten K\u00f6nigreichs, indem Sie es hier online kaufen! Holen Sie sich Ihr gescanntes Thunderball-Los \u00fcber unseren legalen Service\" \/>\n<meta property=\"og:url\" content=\"https:\/\/jackpotlotteryonline.com\/de\/spielscheine-kaufen\/thunderball\/\" \/>\n<meta property=\"og:site_name\" content=\"Lotto Online - Crack The International Lottery Jackpots\" \/>\n<meta property=\"article:modified_time\" content=\"2023-01-04T08:40:12+00:00\" \/>\n<meta property=\"og:image\" content=\"https:\/\/jackpotlotteryonline.com\/wp-content\/uploads\/2022\/11\/1_you_win_jackpot-300x300.jpg\" \/>\n<meta name=\"twitter:card\" content=\"summary_large_image\" \/>\n<meta name=\"twitter:label1\" content=\"Gesch\u00e4tzte Lesezeit\" \/>\n\t<meta name=\"twitter:data1\" content=\"6\u00a0Minuten\" \/>\n<!-- \/ Yoast SEO plugin. -->","yoast_head_json":{"title":"Thunderball-Lose von au\u00dferhalb Gro\u00dfbritanniens kaufen | Thunderball Lotterie online","description":"Kaufen Sie ein Thunderball-Los von au\u00dferhalb des Vereinigten K\u00f6nigreichs, indem Sie es hier online kaufen! Holen Sie sich Ihr gescanntes Thunderball-Los \u00fcber unseren legalen Service","robots":{"index":"index","follow":"follow","max-snippet":"max-snippet:-1","max-image-preview":"max-image-preview:large","max-video-preview":"max-video-preview:-1"},"canonical":"https:\/\/jackpotlotteryonline.com\/de\/spielscheine-kaufen\/thunderball\/","og_locale":"de_DE","og_type":"article","og_title":"Thunderball-Lose von au\u00dferhalb Gro\u00dfbritanniens kaufen | Thunderball Lotterie online","og_description":"Kaufen Sie ein Thunderball-Los von au\u00dferhalb des Vereinigten K\u00f6nigreichs, indem Sie es hier online kaufen! Holen Sie sich Ihr gescanntes Thunderball-Los \u00fcber unseren legalen Service","og_url":"https:\/\/jackpotlotteryonline.com\/de\/spielscheine-kaufen\/thunderball\/","og_site_name":"Lotto Online - Crack The International Lottery Jackpots","article_modified_time":"2023-01-04T08:40:12+00:00","og_image":[{"url":"https:\/\/jackpotlotteryonline.com\/wp-content\/uploads\/2022\/11\/1_you_win_jackpot-300x300.jpg"}],"twitter_card":"summary_large_image","twitter_misc":{"Gesch\u00e4tzte Lesezeit":"6\u00a0Minuten"},"schema":{"@context":"https:\/\/schema.org","@graph":[{"@type":"WebPage","@id":"https:\/\/jackpotlotteryonline.com\/de\/spielscheine-kaufen\/thunderball\/","url":"https:\/\/jackpotlotteryonline.com\/de\/spielscheine-kaufen\/thunderball\/","name":"Thunderball-Lose von au\u00dferhalb Gro\u00dfbritanniens kaufen | Thunderball Lotterie online","isPartOf":{"@id":"https:\/\/jackpotlotteryonline.com\/#website"},"primaryImageOfPage":{"@id":"https:\/\/jackpotlotteryonline.com\/de\/spielscheine-kaufen\/thunderball\/#primaryimage"},"image":{"@id":"https:\/\/jackpotlotteryonline.com\/de\/spielscheine-kaufen\/thunderball\/#primaryimage"},"thumbnailUrl":"https:\/\/jackpotlotteryonline.com\/wp-content\/uploads\/2022\/11\/1_you_win_jackpot-300x300.jpg","datePublished":"2022-11-10T08:56:10+00:00","dateModified":"2023-01-04T08:40:12+00:00","description":"Kaufen Sie ein Thunderball-Los von au\u00dferhalb des Vereinigten K\u00f6nigreichs, indem Sie es hier online kaufen! Holen Sie sich Ihr gescanntes Thunderball-Los \u00fcber unseren legalen Service","breadcrumb":{"@id":"https:\/\/jackpotlotteryonline.com\/de\/spielscheine-kaufen\/thunderball\/#breadcrumb"},"inLanguage":"de","potentialAction":[{"@type":"ReadAction","target":["https:\/\/jackpotlotteryonline.com\/de\/spielscheine-kaufen\/thunderball\/"]}]},{"@type":"ImageObject","inLanguage":"de","@id":"https:\/\/jackpotlotteryonline.com\/de\/spielscheine-kaufen\/thunderball\/#primaryimage","url":"https:\/\/jackpotlotteryonline.com\/wp-content\/uploads\/2022\/11\/1_you_win_jackpot-300x300.jpg","contentUrl":"https:\/\/jackpotlotteryonline.com\/wp-content\/uploads\/2022\/11\/1_you_win_jackpot-300x300.jpg"},{"@type":"BreadcrumbList","@id":"https:\/\/jackpotlotteryonline.com\/de\/spielscheine-kaufen\/thunderball\/#breadcrumb","itemListElement":[{"@type":"ListItem","position":1,"name":"Home","item":"https:\/\/jackpotlotteryonline.com\/de\/"},{"@type":"ListItem","position":2,"name":"Wie man Lotterielose online kauft","item":"https:\/\/jackpotlotteryonline.com\/de\/spielscheine-kaufen\/"},{"@type":"ListItem","position":3,"name":"Thunderball-Tickets kaufen"}]},{"@type":"WebSite","@id":"https:\/\/jackpotlotteryonline.com\/#website","url":"https:\/\/jackpotlotteryonline.com\/","name":"Lotto Online - Crack The International Lottery Jackpots","description":"","potentialAction":[{"@type":"SearchAction","target":{"@type":"EntryPoint","urlTemplate":"https:\/\/jackpotlotteryonline.com\/?s={search_term_string}"},"query-input":"required name=search_term_string"}],"inLanguage":"de"}]}},"_links":{"self":[{"href":"https:\/\/jackpotlotteryonline.com\/de\/wp-json\/wp\/v2\/pages\/37097","targetHints":{"allow":["GET"]}}],"collection":[{"href":"https:\/\/jackpotlotteryonline.com\/de\/wp-json\/wp\/v2\/pages"}],"about":[{"href":"https:\/\/jackpotlotteryonline.com\/de\/wp-json\/wp\/v2\/types\/page"}],"author":[{"embeddable":true,"href":"https:\/\/jackpotlotteryonline.com\/de\/wp-json\/wp\/v2\/users\/1"}],"replies":[{"embeddable":true,"href":"https:\/\/jackpotlotteryonline.com\/de\/wp-json\/wp\/v2\/comments?post=37097"}],"version-history":[{"count":0,"href":"https:\/\/jackpotlotteryonline.com\/de\/wp-json\/wp\/v2\/pages\/37097\/revisions"}],"up":[{"embeddable":true,"href":"https:\/\/jackpotlotteryonline.com\/de\/wp-json\/wp\/v2\/pages\/35753"}],"wp:attachment":[{"href":"https:\/\/jackpotlotteryonline.com\/de\/wp-json\/wp\/v2\/media?parent=37097"}],"curies":[{"name":"wp","href":"https:\/\/api.w.org\/{rel}","templated":true}]}}