{"id":37152,"date":"2022-11-10T11:52:11","date_gmt":"2022-11-10T11:52:11","guid":{"rendered":"https:\/\/jackpotlotteryonline.com\/?page_id=37152"},"modified":"2022-12-24T14:54:41","modified_gmt":"2022-12-24T14:54:41","slug":"powerball-australia","status":"publish","type":"page","link":"https:\/\/jackpotlotteryonline.com\/de\/spielscheine-kaufen\/powerball-australia\/","title":{"rendered":"Powerball Australien Tickets kaufen"},"content":{"rendered":"<p>Wenn man an diese Lotterie denkt, kommt einem als erstes die US-Lotterie in den Sinn und nicht die australische Version. Diese erstaunliche Lotterie ist bei australischen Lottoenthusiasten sehr beliebt. Powerball Australia entwickelt sich schnell zu einer der beliebtesten internationalen Lotterien, da Spieler auf der ganzen Welt das Potenzial dieser Lotterie erkannt haben.<\/p>\n<p>Mit einem garantierten Mindestjackpot von 3 Millionen Dollar rollt die Summe weiter, wenn es nach einer Ziehung keinen Gewinner gibt. Er kann sich mehrmals wiederholen, bis er ziemlich gro\u00df wird. Der Rekordjackpot in H\u00f6he von 160 Millionen Dollar wurde im Oktober 2022 mit einem einzigen Los geknackt.<\/p>\n<p>Wenn Sie Ihren Aktionsradius als Lottospieler erweitern m\u00f6chten, dann sollten Sie Powerball Australia in Betracht ziehen. Es macht Spa\u00df, ist temperamentvoll und gibt den Spielern die M\u00f6glichkeit, gro\u00df zu gewinnen, ohne die verr\u00fcckten Gewinnchancen der US-Version. Au\u00dferdem spielt es keine Rolle, wo Sie leben, da <a href=\"https:\/\/jackpotlotteryonline.com\/de\/wie-man-spielt\/powerball-australia\">Sie online bei jackpotlotteryonline.com spielen k\u00f6nnen.<\/a><\/p>\n<h2>Wie funktioniert Powerball Australia?<\/h2>\n<p><img loading=\"lazy\" decoding=\"async\" class=\"size-full wp-image-31181 alignright\" src=\"http:\/\/jackpotlotteryonline.com\/wp-content\/uploads\/2022\/11\/logo_powerball-300x50-1.jpg\" alt=\"Powerball Australien\" width=\"300\" height=\"50\" \/><br \/>\nBei dieser Lotterie befinden sich Kugeln mit zwei Zahlens\u00e4tzen in zwei verschiedenen Trommeln. Die Kugeln werden nach dem Zufallsprinzip aus jeder Trommel gezogen und jeder Teilnehmer, der mit den gezogenen Zahlen \u00fcbereinstimmt, gewinnt. Die erste Trommel enth\u00e4lt 35 Kugeln und die Spieler m\u00fcssen 7 Zahlen aus diesem Bereich ausw\u00e4hlen. Die zweite Tonne hat 20 Zahlen und die Spieler m\u00fcssen EINE Zahl aus diesem Bereich w\u00e4hlen.<\/p>\n<p>Eine Tippreihe besteht aus 8 Zahlen und ein Schein kann mehr als eine Tippreihe haben. Um die Gewinnchancen zu erh\u00f6hen, ist es ratsam, mehrere Reihen einzugeben. Die Wahrscheinlichkeit, den Jackpot zu gewinnen, liegt bei 1:134.490.400.<\/p>\n<p>Ja, die Chancen sind ziemlich hoch, aber so funktioniert die Lotterie nun einmal. Es ist ein Zahlenspiel, und vieles hat mit Gl\u00fcck zu tun. Man kann nie wissen, wann sich das Gl\u00fcck f\u00fcr einen Spieler entscheidet. Au\u00dferdem ist es ein unterhaltsames Hobby, solange man sich an das h\u00e4lt, was man sich leisten kann.<\/p>\n<h2>K\u00f6nnen Sie Ihre Gewinnchancen erh\u00f6hen?<\/h2>\n<p>Interessanterweise k\u00f6nnen Sie Ihre Chancen auf den Gewinn des Jackpots erh\u00f6hen. Es gibt keine garantierte Methode, obwohl die meisten Gewinner zugeben, dass sie mehrfach gespielt haben, bevor sie etwas gewonnen haben. Darin liegt das Geheimnis.<\/p>\n<p>Soweit wir wissen, kann man die Gewinnchancen zu seinen Gunsten beeinflussen, indem man mehr Teilnahmen kauft. Das bedeutet, dass man mehrere Teilnahmekarten kauft und mehrere Ziehungen durchf\u00fchrt. Die Lotterie veranstaltet ihre Ziehungen einmal w\u00f6chentlich, immer donnerstags. Wenn Sie Ihre Lose auf unserer Website erwerben, k\u00f6nnen Sie mehrere Wochen im Voraus an den Ziehungen teilnehmen.<\/p>\n<p>Eine andere M\u00f6glichkeit ist der Beitritt zu einer Spielgemeinschaft. Der Vorteil, einer Spielgemeinschaft beizutreten, besteht darin, dass Ihr Geld viel weiter reicht, als wenn Sie allein spielen. Wenn ein Los gewinnt, wird der Gewinn nat\u00fcrlich mit allen Mitgliedern der Spielgemeinschaft geteilt.<\/p>\n<section class=\"layout\" style=\"border: solid 1px; width: 100%;\">\n<div class=\"img-div\" style=\"margin-top: 5px;\"><img decoding=\"async\" class=\"wp-image-17212 alignleft\" style=\"height: 45px; margin: 8px 8px 0px;\" src=\"http:\/\/jackpotlotteryonline.com\/wp-content\/uploads\/2022\/11\/read1.jpg\" alt=\"lesen\" width=\"\" height=\"\" \/><\/div>\n<div style=\"padding-left: 5px;\">\n<div style=\"font-size: 1.1em;\">\n<p><strong>Lotto-Gewinnzahlen manuell oder mit Hilfe eines RNG tippen<\/strong><\/p>\n<p style=\"font-size: 0.85em; margin-top: -1.5em;\">Wie generiert man Lotto-Gewinnzahlen?\u00a0 <a href=\"https:\/\/jackpotlotteryonline.com\/de\/wie-man-gewinnzahlen-im-lotto-generiert\"> mehr lesen<\/a><\/p>\n<\/div>\n<\/div>\n<\/section>\n<h2>Wie man die Aussie-Lotterie online spielt<\/h2>\n<p><img loading=\"lazy\" decoding=\"async\" class=\"alignright size-medium wp-image-34538\" src=\"http:\/\/jackpotlotteryonline.com\/wp-content\/uploads\/2022\/11\/2_ticket_powerball_au-157x300.jpg\" alt=\"Australisches Lotterielos\" width=\"157\" height=\"300\" srcset=\"https:\/\/jackpotlotteryonline.com\/wp-content\/uploads\/2022\/11\/2_ticket_powerball_au-157x300.jpg 157w, https:\/\/jackpotlotteryonline.com\/wp-content\/uploads\/2022\/11\/2_ticket_powerball_au.jpg 250w\" sizes=\"auto, (max-width: 157px) 100vw, 157px\" \/><\/p>\n<p>Die Lotterie online zu spielen ist einfach, und Sie k\u00f6nnen das tun, wo immer Sie sind. Wenn Sie uns auf jackpotlotteryonline.com besuchen, k\u00f6nnen Sie ganz einfach Spielscheine f\u00fcr die wichtigsten internationalen Lotterien kaufen, einschlie\u00dflich der australischen Lotterien. Um Ihre Teilnahme zu kaufen, w\u00e4hlen Sie einfach Ihre Zahlen aus und nehmen an der Ziehung teil. Wenn Sie sich nicht sicher sind, welche Zahlen Sie verwenden sollen, verwenden Sie unser Schnellauswahl-Tool, um Zufallszahlen zu generieren.<\/p>\n<p>Wenn Sie zur Zahlungsseite gelangen, werden Sie gebeten, sich zu registrieren. So bleibt Ihr Schein sicher auf Ihrem Konto. Sie k\u00f6nnen Ihre Lotteriespiele auch auf Autopilot stellen, damit Sie automatisch an den Ziehungen Ihrer Wahl teilnehmen k\u00f6nnen. Sollten Sie einen Preis gewinnen, informieren wir Sie umgehend und Sie k\u00f6nnen sich den Preis auf unserer Plattform auszahlen lassen.<\/p>\n<p>Wir arbeiten hart daran, das Lotterieerlebnis f\u00fcr Sie zu vereinfachen, damit Sie sich entspannen und darauf konzentrieren k\u00f6nnen, Spa\u00df zu haben.<\/p>\n<h2>Gewinnklassen<\/h2>\n<p>Diese Aussie-Lotterie hat 9 Gewinnklassen und die Spieler m\u00fcssen nicht alle 8 gezogenen Zahlen treffen, um einen Preis zu gewinnen. Obwohl der Jackpot bei 3 Millionen Dollar beginnt, kann er sich mehrmals \u00fcberschlagen, bis er einen viel gr\u00f6\u00dferen Preis erreicht.<\/p>\n<p>Beachten Sie, dass es keine Begrenzung f\u00fcr die H\u00f6he des Jackpots gibt, er kann jedoch nur 25 Mal umkippen, bevor er wieder bei 3 Millionen Dollar liegt.<\/p>\n<p>Die Preise in den unteren Bereichen sind ein Prozentsatz des Preispools. Wir geben die durchschnittliche Auszahlung an, damit Sie sich ein Bild machen k\u00f6nnen. Dies ist nicht die garantierte Auszahlung f\u00fcr jede Ziehung, da die Betr\u00e4ge variieren k\u00f6nnen.<\/p>\n<p>7 gleiche Hauptzahlen + Sonderzahl &#8211; $23.043.155,47 (durchschnittliche Auszahlung)<br \/>\nNur 7 gleiche Zahlen &#8211; $126.484,05<br \/>\n6 gleiche Zahlen + Sonderzahl &#8211; $5.326,97<br \/>\nNur 6 gleiche Zahlen &#8211; $454,35<br \/>\n\u00dcbereinstimmung von 5 Zahlen + Sonderzahl &#8211; $158,34<br \/>\n\u00dcbereinstimmung von 4 Zahlen + Sonderzahl &#8211; $70,85<br \/>\n\u00dcbereinstimmung mit nur 5 Zahlen &#8211; $42.23<br \/>\n\u00dcbereinstimmung von 3 Zahlen + Sonderzahl &#8211; $17.57<br \/>\n\u00dcbereinstimmung von 2 Zahlen + Sonderzahl &#8211; $10.71<\/p>\n<h2>Wie man die Ergebnisse \u00fcberpr\u00fcft<\/h2>\n<p>Die Ergebnisse werden nach jeder Ziehung auf unserer Website ver\u00f6ffentlicht. Die Ziehungen finden jeden Donnerstag um 7:25 PM AEST statt.<\/p>\n<p>Wir verstehen, dass das Leben manchmal so spielt, dass Sie <a href=\"https:\/\/jackpotlotteryonline.com\/de\/gewinn-zahlen\/powerball-australia\">die Ziehungsergebnisse nicht sofort \u00fcberpr\u00fcfen<\/a> k\u00f6nnen. Wenn Sie also einen Preis gewinnen, benachrichtigen wir Sie nicht nur \u00fcber Ihr Konto, sondern senden Ihnen auch eine E-Mail. Auf diese Weise verpassen Sie nicht, Ihren Preis in Anspruch zu nehmen.<\/p>\n<h2>Registrieren Sie sich bei uns, um Powerball Australia-Scheine online zu kaufen<\/h2>\n<p>Sind Sie begeistert von der Aussicht, diese Lotterie zu spielen? Nun, wir auch, und wir freuen uns, sie auf ein mobiles Ger\u00e4t in Ihrer N\u00e4he zu bringen. Sobald Sie eine Internetverbindung haben, k\u00f6nnen Sie einen Spielschein f\u00fcr die australische Lotterie kaufen.<\/p>\n<p>Die Lotterie ist ein unterhaltsames Spiel und es gibt \u00fcberall Geschichten von Lotteriegewinnern. Sie k\u00f6nnten der n\u00e4chste Gewinner sein, aber Sie werden es nicht wissen, wenn Sie nicht an den Ziehungen teilnehmen. Wir haben den Vorgang vereinfacht, um ihn f\u00fcr Sie zu einem stressfreien Erlebnis zu machen. Sie brauchen unsere Seite nicht zu verlassen, um Ihre lotteriebezogenen Aufgaben zu erledigen. So einfach ist das.<\/p>\n<p>Egal, wo auf der Welt Sie sich befinden, Sie k\u00f6nnen direkt hier auf unserer Seite eine Teilnahme an der gr\u00f6\u00dften australischen Lotterie erwerben. Registrieren Sie sich noch heute bei uns.<\/p>\n","protected":false},"excerpt":{"rendered":"<p>Wenn man an diese Lotterie denkt, kommt einem als erstes die US-Lotterie in den Sinn und nicht die australische Version. Diese erstaunliche Lotterie ist bei australischen Lottoenthusiasten sehr beliebt. Powerball Australia entwickelt sich schnell zu einer der beliebtesten internationalen Lotterien, da Spieler auf der ganzen Welt das Potenzial dieser Lotterie erkannt haben. Mit einem garantierten [&hellip;]<\/p>\n","protected":false},"author":1,"featured_media":0,"parent":35753,"menu_order":17,"comment_status":"closed","ping_status":"closed","template":"powerball-au-info.php","meta":{"_et_pb_use_builder":"","_et_pb_old_content":"","_et_gb_content_width":"","exclude_from_search":false,"footnotes":""},"class_list":["post-37152","page","type-page","status-publish","hentry"],"yoast_head":"<!-- This site is optimized with the Yoast SEO plugin v23.3 - https:\/\/yoast.com\/wordpress\/plugins\/seo\/ -->\n<title>Powerball Australien Lose von au\u00dferhalb Australiens kaufen<\/title>\n<meta name=\"description\" content=\"Die australische Version der Powerball-Lotterie - Sie k\u00f6nnen teilnehmen, wenn Sie einfach einen Schein online hier auf unserer Website kaufen\" \/>\n<meta name=\"robots\" content=\"index, follow, max-snippet:-1, max-image-preview:large, max-video-preview:-1\" \/>\n<link rel=\"canonical\" href=\"https:\/\/jackpotlotteryonline.com\/de\/spielscheine-kaufen\/powerball-australia\/\" \/>\n<meta property=\"og:locale\" content=\"de_DE\" \/>\n<meta property=\"og:type\" content=\"article\" \/>\n<meta property=\"og:title\" content=\"Powerball Australien Lose von au\u00dferhalb Australiens kaufen\" \/>\n<meta property=\"og:description\" content=\"Die australische Version der Powerball-Lotterie - Sie k\u00f6nnen teilnehmen, wenn Sie einfach einen Schein online hier auf unserer Website kaufen\" \/>\n<meta property=\"og:url\" content=\"https:\/\/jackpotlotteryonline.com\/de\/spielscheine-kaufen\/powerball-australia\/\" \/>\n<meta property=\"og:site_name\" content=\"Lotto Online - Crack The International Lottery Jackpots\" \/>\n<meta property=\"article:modified_time\" content=\"2022-12-24T14:54:41+00:00\" \/>\n<meta property=\"og:image\" content=\"http:\/\/jackpotlotteryonline.com\/wp-content\/uploads\/2022\/11\/logo_powerball-300x50-1.jpg\" \/>\n<meta name=\"twitter:card\" content=\"summary_large_image\" \/>\n<meta name=\"twitter:label1\" content=\"Gesch\u00e4tzte Lesezeit\" \/>\n\t<meta name=\"twitter:data1\" content=\"5\u00a0Minuten\" \/>\n<!-- \/ Yoast SEO plugin. -->","yoast_head_json":{"title":"Powerball Australien Lose von au\u00dferhalb Australiens kaufen","description":"Die australische Version der Powerball-Lotterie - Sie k\u00f6nnen teilnehmen, wenn Sie einfach einen Schein online hier auf unserer Website kaufen","robots":{"index":"index","follow":"follow","max-snippet":"max-snippet:-1","max-image-preview":"max-image-preview:large","max-video-preview":"max-video-preview:-1"},"canonical":"https:\/\/jackpotlotteryonline.com\/de\/spielscheine-kaufen\/powerball-australia\/","og_locale":"de_DE","og_type":"article","og_title":"Powerball Australien Lose von au\u00dferhalb Australiens kaufen","og_description":"Die australische Version der Powerball-Lotterie - Sie k\u00f6nnen teilnehmen, wenn Sie einfach einen Schein online hier auf unserer Website kaufen","og_url":"https:\/\/jackpotlotteryonline.com\/de\/spielscheine-kaufen\/powerball-australia\/","og_site_name":"Lotto Online - Crack The International Lottery Jackpots","article_modified_time":"2022-12-24T14:54:41+00:00","og_image":[{"url":"http:\/\/jackpotlotteryonline.com\/wp-content\/uploads\/2022\/11\/logo_powerball-300x50-1.jpg"}],"twitter_card":"summary_large_image","twitter_misc":{"Gesch\u00e4tzte Lesezeit":"5\u00a0Minuten"},"schema":{"@context":"https:\/\/schema.org","@graph":[{"@type":"WebPage","@id":"https:\/\/jackpotlotteryonline.com\/de\/spielscheine-kaufen\/powerball-australia\/","url":"https:\/\/jackpotlotteryonline.com\/de\/spielscheine-kaufen\/powerball-australia\/","name":"Powerball Australien Lose von au\u00dferhalb Australiens kaufen","isPartOf":{"@id":"https:\/\/jackpotlotteryonline.com\/#website"},"primaryImageOfPage":{"@id":"https:\/\/jackpotlotteryonline.com\/de\/spielscheine-kaufen\/powerball-australia\/#primaryimage"},"image":{"@id":"https:\/\/jackpotlotteryonline.com\/de\/spielscheine-kaufen\/powerball-australia\/#primaryimage"},"thumbnailUrl":"http:\/\/jackpotlotteryonline.com\/wp-content\/uploads\/2022\/11\/logo_powerball-300x50-1.jpg","datePublished":"2022-11-10T11:52:11+00:00","dateModified":"2022-12-24T14:54:41+00:00","description":"Die australische Version der Powerball-Lotterie - Sie k\u00f6nnen teilnehmen, wenn Sie einfach einen Schein online hier auf unserer Website kaufen","breadcrumb":{"@id":"https:\/\/jackpotlotteryonline.com\/de\/spielscheine-kaufen\/powerball-australia\/#breadcrumb"},"inLanguage":"de","potentialAction":[{"@type":"ReadAction","target":["https:\/\/jackpotlotteryonline.com\/de\/spielscheine-kaufen\/powerball-australia\/"]}]},{"@type":"ImageObject","inLanguage":"de","@id":"https:\/\/jackpotlotteryonline.com\/de\/spielscheine-kaufen\/powerball-australia\/#primaryimage","url":"http:\/\/jackpotlotteryonline.com\/wp-content\/uploads\/2022\/11\/logo_powerball-300x50-1.jpg","contentUrl":"http:\/\/jackpotlotteryonline.com\/wp-content\/uploads\/2022\/11\/logo_powerball-300x50-1.jpg"},{"@type":"BreadcrumbList","@id":"https:\/\/jackpotlotteryonline.com\/de\/spielscheine-kaufen\/powerball-australia\/#breadcrumb","itemListElement":[{"@type":"ListItem","position":1,"name":"Home","item":"https:\/\/jackpotlotteryonline.com\/de\/"},{"@type":"ListItem","position":2,"name":"Wie man Lotterielose online kauft","item":"https:\/\/jackpotlotteryonline.com\/de\/spielscheine-kaufen\/"},{"@type":"ListItem","position":3,"name":"Powerball Australien Tickets kaufen"}]},{"@type":"WebSite","@id":"https:\/\/jackpotlotteryonline.com\/#website","url":"https:\/\/jackpotlotteryonline.com\/","name":"Lotto Online - Crack The International Lottery Jackpots","description":"","potentialAction":[{"@type":"SearchAction","target":{"@type":"EntryPoint","urlTemplate":"https:\/\/jackpotlotteryonline.com\/?s={search_term_string}"},"query-input":"required name=search_term_string"}],"inLanguage":"de"}]}},"_links":{"self":[{"href":"https:\/\/jackpotlotteryonline.com\/de\/wp-json\/wp\/v2\/pages\/37152","targetHints":{"allow":["GET"]}}],"collection":[{"href":"https:\/\/jackpotlotteryonline.com\/de\/wp-json\/wp\/v2\/pages"}],"about":[{"href":"https:\/\/jackpotlotteryonline.com\/de\/wp-json\/wp\/v2\/types\/page"}],"author":[{"embeddable":true,"href":"https:\/\/jackpotlotteryonline.com\/de\/wp-json\/wp\/v2\/users\/1"}],"replies":[{"embeddable":true,"href":"https:\/\/jackpotlotteryonline.com\/de\/wp-json\/wp\/v2\/comments?post=37152"}],"version-history":[{"count":0,"href":"https:\/\/jackpotlotteryonline.com\/de\/wp-json\/wp\/v2\/pages\/37152\/revisions"}],"up":[{"embeddable":true,"href":"https:\/\/jackpotlotteryonline.com\/de\/wp-json\/wp\/v2\/pages\/35753"}],"wp:attachment":[{"href":"https:\/\/jackpotlotteryonline.com\/de\/wp-json\/wp\/v2\/media?parent=37152"}],"curies":[{"name":"wp","href":"https:\/\/api.w.org\/{rel}","templated":true}]}}