{"id":37205,"date":"2022-11-11T06:15:16","date_gmt":"2022-11-11T06:15:16","guid":{"rendered":"https:\/\/jackpotlotteryonline.com\/?page_id=37205"},"modified":"2022-12-24T10:18:52","modified_gmt":"2022-12-24T10:18:52","slug":"oz-lotto","status":"publish","type":"page","link":"https:\/\/jackpotlotteryonline.com\/de\/spielscheine-kaufen\/oz-lotto\/","title":{"rendered":"Oz Lottoscheine kaufen"},"content":{"rendered":"<p>Oz Lotto ist die erste nationale Lotterie Australiens. Sie wurde 1994 ins Leben gerufen und ist wegen des hohen Jackpots bei den Spielern \u00fcberall beliebt. Es gibt noch mehr, was die Spieler anspricht, als nur der gro\u00dfe Jackpot.<\/p>\n<p>Verschiedene Lotterien haben ihre eigenen Regeln und Methoden, aber eines ist allen gemeinsam: Die Gewinnchancen sind nicht immer g\u00fcnstig. Bei dieser australischen Lotterie ist dies jedoch nicht der Fall. Wenn Sie auf der Suche nach einer Lotterie sind, die unglaubliche Gewinnchancen hat, dann spielen Sie diese Oz-Lotterie.<\/p>\n<p>Im Allgemeinen stehen Lotterien den Einwohnern der L\u00e4nder offen, in denen die Lotterie ihren Sitz hat. Diese Lotterie steht also allen offen, die in Australien leben. Sie m\u00fcssen kein Staatsb\u00fcrger sein, um an der Lotterie teilzunehmen. Wenn Sie jedoch au\u00dferhalb des Landes leben, m\u00fcssen Sie Ihre Lottoscheine online kaufen.<\/p>\n<h2>Wie man Oz Lottoscheine in der ganzen Welt kauft<\/h2>\n<p><img loading=\"lazy\" decoding=\"async\" class=\"alignright size-full wp-image-31532\" src=\"http:\/\/jackpotlotteryonline.com\/wp-content\/uploads\/2022\/11\/lottoballs.jpg\" alt=\"Oz Lotterie\" width=\"245\" height=\"123\" \/><\/p>\n<p>Der bequemste und einfachste Weg, um von au\u00dferhalb Australiens Zugang zur Oz Lottery zu erhalten, ist das Internet. Es gibt Online-Lotterieanbieter, die Spielern Zugang zu internationalen Top-Lotterien bieten. Diese Websites bieten Spielern auf der ganzen Welt die M\u00f6glichkeit, auf legitime Weise zu versuchen, Millionen zu gewinnen.<\/p>\n<p>Das Internet bietet eine Welt mit fast unendlich vielen M\u00f6glichkeiten, und nicht alle sind positiv. Die Suche nach einer beliebigen Lotterieseite kann zu unangenehmen Erfahrungen f\u00fchren. Deshalb ist es immer eine gute Idee, nach vertrauensw\u00fcrdigen Seiten zu suchen, die sich bei den Spielern bew\u00e4hrt haben. Im Folgenden geben wir Ihnen Tipps, die Ihnen bei der Auswahl des richtigen Lotterieanbieters im Internet helfen.<\/p>\n<h2>Tipps f\u00fcr die Wahl der richtigen Lottoseite<\/h2>\n<p>Verwenden Sie nur Anbieter, die nach dem Gesetz registriert sind. Ein seri\u00f6ser Lotterieanbieter verf\u00fcgt \u00fcber eine Betriebslizenz und einen eingetragenen Firmensitz. Diese Angaben sollten auf der Website angezeigt werden, um die Authentizit\u00e4t zu gew\u00e4hrleisten.<\/p>\n<p>Vergewissern Sie sich, dass es eine gro\u00dfe Auswahl an internationalen Lotterien gibt. Es macht keinen Sinn, sich bei einer Website zu registrieren, die nur eine Handvoll Lotterien anbietet. Das Wichtigste beim<a href=\"https:\/\/jackpotlotteryonline.com\/de\/wie-man-spielt\/oz-lotto\"> Lottospielen im Internet<\/a> ist die Zug\u00e4nglichkeit und Bequemlichkeit. Was ist bequemer als die M\u00f6glichkeit, an mehreren internationalen Lotterien teilzunehmen, und das alles von einer einzigen Online-Seite aus?<\/p>\n<p>Wenn Sie an einer Lotterie teilnehmen m\u00f6chten, sollten Sie eine Concierge-Website nutzen. Dieser letzte Tipp ist sehr wichtig, denn Sie k\u00f6nnen Ihr Geld einsetzen, ohne tats\u00e4chlich an der Lotterie teilzunehmen. Auf einigen Lottoseiten k\u00f6nnen Sie n\u00e4mlich auf das Ergebnis wetten. Selbst wenn Ihre Zahlen \u00fcbereinstimmen, haben Sie also nur Anspruch auf einen Bruchteil des Jackpots, weil Sie nicht an der Lotterie teilgenommen haben.<\/p>\n<section class=\"layout\" style=\"border: solid 1px; width: 100%;\">\n<div class=\"img-div\" style=\"margin-top: 5px;\"><img decoding=\"async\" class=\"wp-image-17212 alignleft\" style=\"height: 45px; margin: 8px 8px 0px;\" src=\"http:\/\/jackpotlotteryonline.com\/wp-content\/uploads\/2022\/11\/read1.jpg\" alt=\"lesen\" width=\"\" height=\"\" \/><\/div>\n<div style=\"padding-left: 5px;\">\n<div style=\"font-size: 1.1em;\">\n<p><strong>Lotteriebetrug, den Sie kennen sollten<\/strong><\/p>\n<p style=\"font-size: 0.85em; margin-top: -1.5em;\">Tappen Sie nicht in die Lotto-Fallen\u00a0 <a href=\"https:\/\/jackpotlotteryonline.com\/de\/vorsicht-vor-online-lotterie-betrug\"> mehr lesen<\/a><\/p>\n<\/div>\n<\/div>\n<\/section>\n<h2>Registrieren Sie sich bei uns, um online an der Lotterie teilzunehmen<\/h2>\n<p><img loading=\"lazy\" decoding=\"async\" class=\"size-medium wp-image-34403 alignright\" src=\"http:\/\/jackpotlotteryonline.com\/wp-content\/uploads\/2022\/11\/2_ticket_oz_lotto2-179x300.jpg\" alt=\"Oz Lotto Scheine\" width=\"179\" height=\"300\" srcset=\"https:\/\/jackpotlotteryonline.com\/wp-content\/uploads\/2022\/11\/2_ticket_oz_lotto2-179x300.jpg 179w, https:\/\/jackpotlotteryonline.com\/wp-content\/uploads\/2022\/11\/2_ticket_oz_lotto2.jpg 250w\" sizes=\"auto, (max-width: 179px) 100vw, 179px\" \/><br \/>\nDer Kauf von Lottoscheinen \u00fcber das Internet oder \u00fcber eine mobile App ist einfach und problemlos. Sobald Sie den gew\u00fcnschten Anbieter gefunden haben, besuchen Sie dessen Website und w\u00e4hlen Sie die Lotterie Ihrer Wahl. Der n\u00e4chste Schritt ist die Auswahl der Zahlen. F\u00fcr Oz Lotto m\u00fcssen Sie zehn Zahlen von 1 bis 47 w\u00e4hlen.<\/p>\n<p><a href=\"https:\/\/jackpotlotteryonline.com\/de\/gewinn-zahlen\/oz-lotto\">Nehmen Sie an der Ziehung teil und nehmen Sie die Zahlung vor<\/a>. Die Ziehung findet einmal in der Woche am Dienstag statt. Das Interessante am Online-Spielen ist, dass Sie mehrere Scheine kaufen und an mehreren Ziehungen im Voraus teilnehmen k\u00f6nnen. Und wenn Sie sich nicht sicher sind, welche Zahl Sie w\u00e4hlen sollen, k\u00f6nnen Sie ganz einfach eine automatische Ziehungsfunktion nutzen.<\/p>\n<p>Wie bereits erw\u00e4hnt, ist das Lottospielen \u00fcber das Internet eine bequeme und stressfreie M\u00f6glichkeit, um eine angenehme Erfahrung zu machen. Ob Sie nun ein erfahrener Tipper oder ein Neuling sind, Sie k\u00f6nnen hier eine wunderbare Reise erleben. Unser Concierge-Service bietet den Spielern eine legitime M\u00f6glichkeit, an der Lotterie teilzunehmen. Wenn Sie einen Oz-Lottoschein bei uns kaufen, bekommen Sie das einzig Wahre.<\/p>\n","protected":false},"excerpt":{"rendered":"<p>Oz Lotto ist die erste nationale Lotterie Australiens. Sie wurde 1994 ins Leben gerufen und ist wegen des hohen Jackpots bei den Spielern \u00fcberall beliebt. Es gibt noch mehr, was die Spieler anspricht, als nur der gro\u00dfe Jackpot. Verschiedene Lotterien haben ihre eigenen Regeln und Methoden, aber eines ist allen gemeinsam: Die Gewinnchancen sind nicht [&hellip;]<\/p>\n","protected":false},"author":1,"featured_media":0,"parent":35753,"menu_order":16,"comment_status":"closed","ping_status":"closed","template":"","meta":{"_et_pb_use_builder":"","_et_pb_old_content":"","_et_gb_content_width":"","exclude_from_search":false,"footnotes":""},"class_list":["post-37205","page","type-page","status-publish","hentry"],"yoast_head":"<!-- This site is optimized with the Yoast SEO plugin v23.3 - https:\/\/yoast.com\/wordpress\/plugins\/seo\/ -->\n<title>Kaufen Sie Oz Lottoscheine von au\u00dferhalb Australiens | Oz Lottoscheine online<\/title>\n<meta name=\"description\" content=\"OZ Lotto ist f\u00fcr Sie spielbar, wenn Sie nicht in Australien leben, k\u00f6nnen wir Ihnen einen legalen Schein f\u00fcr diese australische Lotterie online besorgen\" \/>\n<meta name=\"robots\" content=\"index, follow, max-snippet:-1, max-image-preview:large, max-video-preview:-1\" \/>\n<link rel=\"canonical\" href=\"https:\/\/jackpotlotteryonline.com\/de\/spielscheine-kaufen\/oz-lotto\/\" \/>\n<meta property=\"og:locale\" content=\"de_DE\" \/>\n<meta property=\"og:type\" content=\"article\" \/>\n<meta property=\"og:title\" content=\"Kaufen Sie Oz Lottoscheine von au\u00dferhalb Australiens | Oz Lottoscheine online\" \/>\n<meta property=\"og:description\" content=\"OZ Lotto ist f\u00fcr Sie spielbar, wenn Sie nicht in Australien leben, k\u00f6nnen wir Ihnen einen legalen Schein f\u00fcr diese australische Lotterie online besorgen\" \/>\n<meta property=\"og:url\" content=\"https:\/\/jackpotlotteryonline.com\/de\/spielscheine-kaufen\/oz-lotto\/\" \/>\n<meta property=\"og:site_name\" content=\"Lotto Online - Crack The International Lottery Jackpots\" \/>\n<meta property=\"article:modified_time\" content=\"2022-12-24T10:18:52+00:00\" \/>\n<meta property=\"og:image\" content=\"http:\/\/jackpotlotteryonline.com\/wp-content\/uploads\/2022\/11\/lottoballs.jpg\" \/>\n<meta name=\"twitter:card\" content=\"summary_large_image\" \/>\n<meta name=\"twitter:label1\" content=\"Gesch\u00e4tzte Lesezeit\" \/>\n\t<meta name=\"twitter:data1\" content=\"4\u00a0Minuten\" \/>\n<!-- \/ Yoast SEO plugin. -->","yoast_head_json":{"title":"Kaufen Sie Oz Lottoscheine von au\u00dferhalb Australiens | Oz Lottoscheine online","description":"OZ Lotto ist f\u00fcr Sie spielbar, wenn Sie nicht in Australien leben, k\u00f6nnen wir Ihnen einen legalen Schein f\u00fcr diese australische Lotterie online besorgen","robots":{"index":"index","follow":"follow","max-snippet":"max-snippet:-1","max-image-preview":"max-image-preview:large","max-video-preview":"max-video-preview:-1"},"canonical":"https:\/\/jackpotlotteryonline.com\/de\/spielscheine-kaufen\/oz-lotto\/","og_locale":"de_DE","og_type":"article","og_title":"Kaufen Sie Oz Lottoscheine von au\u00dferhalb Australiens | Oz Lottoscheine online","og_description":"OZ Lotto ist f\u00fcr Sie spielbar, wenn Sie nicht in Australien leben, k\u00f6nnen wir Ihnen einen legalen Schein f\u00fcr diese australische Lotterie online besorgen","og_url":"https:\/\/jackpotlotteryonline.com\/de\/spielscheine-kaufen\/oz-lotto\/","og_site_name":"Lotto Online - Crack The International Lottery Jackpots","article_modified_time":"2022-12-24T10:18:52+00:00","og_image":[{"url":"http:\/\/jackpotlotteryonline.com\/wp-content\/uploads\/2022\/11\/lottoballs.jpg"}],"twitter_card":"summary_large_image","twitter_misc":{"Gesch\u00e4tzte Lesezeit":"4\u00a0Minuten"},"schema":{"@context":"https:\/\/schema.org","@graph":[{"@type":"WebPage","@id":"https:\/\/jackpotlotteryonline.com\/de\/spielscheine-kaufen\/oz-lotto\/","url":"https:\/\/jackpotlotteryonline.com\/de\/spielscheine-kaufen\/oz-lotto\/","name":"Kaufen Sie Oz Lottoscheine von au\u00dferhalb Australiens | Oz Lottoscheine online","isPartOf":{"@id":"https:\/\/jackpotlotteryonline.com\/#website"},"primaryImageOfPage":{"@id":"https:\/\/jackpotlotteryonline.com\/de\/spielscheine-kaufen\/oz-lotto\/#primaryimage"},"image":{"@id":"https:\/\/jackpotlotteryonline.com\/de\/spielscheine-kaufen\/oz-lotto\/#primaryimage"},"thumbnailUrl":"http:\/\/jackpotlotteryonline.com\/wp-content\/uploads\/2022\/11\/lottoballs.jpg","datePublished":"2022-11-11T06:15:16+00:00","dateModified":"2022-12-24T10:18:52+00:00","description":"OZ Lotto ist f\u00fcr Sie spielbar, wenn Sie nicht in Australien leben, k\u00f6nnen wir Ihnen einen legalen Schein f\u00fcr diese australische Lotterie online besorgen","breadcrumb":{"@id":"https:\/\/jackpotlotteryonline.com\/de\/spielscheine-kaufen\/oz-lotto\/#breadcrumb"},"inLanguage":"de","potentialAction":[{"@type":"ReadAction","target":["https:\/\/jackpotlotteryonline.com\/de\/spielscheine-kaufen\/oz-lotto\/"]}]},{"@type":"ImageObject","inLanguage":"de","@id":"https:\/\/jackpotlotteryonline.com\/de\/spielscheine-kaufen\/oz-lotto\/#primaryimage","url":"http:\/\/jackpotlotteryonline.com\/wp-content\/uploads\/2022\/11\/lottoballs.jpg","contentUrl":"http:\/\/jackpotlotteryonline.com\/wp-content\/uploads\/2022\/11\/lottoballs.jpg"},{"@type":"BreadcrumbList","@id":"https:\/\/jackpotlotteryonline.com\/de\/spielscheine-kaufen\/oz-lotto\/#breadcrumb","itemListElement":[{"@type":"ListItem","position":1,"name":"Home","item":"https:\/\/jackpotlotteryonline.com\/de\/"},{"@type":"ListItem","position":2,"name":"Wie man Lotterielose online kauft","item":"https:\/\/jackpotlotteryonline.com\/de\/spielscheine-kaufen\/"},{"@type":"ListItem","position":3,"name":"Oz Lottoscheine kaufen"}]},{"@type":"WebSite","@id":"https:\/\/jackpotlotteryonline.com\/#website","url":"https:\/\/jackpotlotteryonline.com\/","name":"Lotto Online - Crack The International Lottery Jackpots","description":"","potentialAction":[{"@type":"SearchAction","target":{"@type":"EntryPoint","urlTemplate":"https:\/\/jackpotlotteryonline.com\/?s={search_term_string}"},"query-input":"required name=search_term_string"}],"inLanguage":"de"}]}},"_links":{"self":[{"href":"https:\/\/jackpotlotteryonline.com\/de\/wp-json\/wp\/v2\/pages\/37205","targetHints":{"allow":["GET"]}}],"collection":[{"href":"https:\/\/jackpotlotteryonline.com\/de\/wp-json\/wp\/v2\/pages"}],"about":[{"href":"https:\/\/jackpotlotteryonline.com\/de\/wp-json\/wp\/v2\/types\/page"}],"author":[{"embeddable":true,"href":"https:\/\/jackpotlotteryonline.com\/de\/wp-json\/wp\/v2\/users\/1"}],"replies":[{"embeddable":true,"href":"https:\/\/jackpotlotteryonline.com\/de\/wp-json\/wp\/v2\/comments?post=37205"}],"version-history":[{"count":0,"href":"https:\/\/jackpotlotteryonline.com\/de\/wp-json\/wp\/v2\/pages\/37205\/revisions"}],"up":[{"embeddable":true,"href":"https:\/\/jackpotlotteryonline.com\/de\/wp-json\/wp\/v2\/pages\/35753"}],"wp:attachment":[{"href":"https:\/\/jackpotlotteryonline.com\/de\/wp-json\/wp\/v2\/media?parent=37205"}],"curies":[{"name":"wp","href":"https:\/\/api.w.org\/{rel}","templated":true}]}}