{"id":37263,"date":"2022-11-11T08:08:29","date_gmt":"2022-11-11T08:08:29","guid":{"rendered":"https:\/\/jackpotlotteryonline.com\/?page_id=37263"},"modified":"2022-12-24T20:04:52","modified_gmt":"2022-12-24T20:04:52","slug":"saturday-lotto","status":"publish","type":"page","link":"https:\/\/jackpotlotteryonline.com\/de\/spielscheine-kaufen\/saturday-lotto\/","title":{"rendered":"Scheine f\u00fcr Samstagslotto Australien kaufen"},"content":{"rendered":"<p>In Australien gibt es viele Lotterien wie das Mittwochslotto, Powerball und Samstagslotto Australien. Die Samstagslotterie ist bei den Spielern sehr beliebt und gibt den Leuten etwas, auf das sie sich jede Woche freuen k\u00f6nnen. Als diese Lotterie ins Leben gerufen wurde, konnten nur Spieler in Oz daran teilnehmen. Zum Gl\u00fcck k\u00f6nnen jetzt Spieler auf der ganzen Welt an der Samstagslotterie teilnehmen.<\/p>\n<p>Wie kann man also von au\u00dferhalb des Landes Spielscheine f\u00fcr das Samstagslotto kaufen? Warum lesen Sie nicht weiter, um das herauszufinden? Wir f\u00fchren Sie durch den Prozess und beantworten alle Ihre Fragen. F\u00fcr diejenigen, die mit dieser Lotterie nicht vertraut sind, werden wir uns auch etwas Zeit nehmen, um dar\u00fcber zu sprechen. Wenn Sie mit dem Lesen fertig sind, werden Sie hoffentlich begierig sein, Lose f\u00fcr diese Lotterie zu kaufen.<\/p>\n<h2>Was ist Samstagslotto Australien<\/h2>\n<p>Diese Lotterie wurde 1972 in Australien eingef\u00fchrt und ist heute eine der beliebtesten Lotterien f\u00fcr Gl\u00fccksspieler. In einigen Teilen des Landes ist sie als Tatts-Lotto, X-Lotto und Gold-Lotto bekannt und wird von der Tatts-Lotteriegruppe betrieben.<\/p>\n<p>Diese Lotterie hat sechs Gewinnklassen, \u00fcber die wir in K\u00fcrze sprechen werden. Die Samstagslotterie hat einen Anfangsjackpot von 5 Millionen AUD$. Das Erstaunliche daran ist, dass die Chancen, den Jackpot zu gewinnen, wirklich gut sind. Im Gegensatz zu anderen Lotterien muss ein Spieler nur die Hauptzahlen tippen, um den Jackpot zu gewinnen.<\/p>\n<p>Es gibt zwar Zusatzzahlen, aber diese werden verwendet, um die Gewinner der anderen Gewinnklassen zu ermitteln. Es ist bezeichnend, dass sich die Aussies zu dieser Lotterie hingezogen f\u00fchlen, obwohl es f\u00fcr fast jeden Tag der Woche eine andere gibt. Im Folgenden werden wir dar\u00fcber sprechen, wie man diese Lotterie spielen kann und wie die verschiedenen Gewinnklassen aussehen.<\/p>\n<h2>Wie man die Samstagslotterie spielt<\/h2>\n<p><img loading=\"lazy\" decoding=\"async\" class=\"alignright size-full wp-image-35132\" src=\"http:\/\/jackpotlotteryonline.com\/wp-content\/uploads\/2022\/11\/2_ticket_saturday_lotto_au2-1-180x300-1.jpg\" alt=\"Samstagslotto-Schein\" width=\"180\" height=\"300\" \/><\/p>\n<p>Um <a href=\"https:\/\/jackpotlotteryonline.com\/de\/wie-man-spielt\/saturday-lotto\">diese Lotterie zu spielen<\/a>, muss ein Spieler 6 Hauptzahlen zwischen 1 und 45 ziehen. Dann 2 Zusatzzahlen von 1 bis 6. Die Zusatzzahlen werden bei der Ermittlung des Jackpots nicht ber\u00fccksichtigt. Um den Jackpot zu gewinnen, muss ein Spieler nur die acht gezogenen Zahlen treffen.<\/p>\n<p>Bei den Ziehungen werden sechs Kugeln zuf\u00e4llig aus einer Trommel mit 45 Kugeln ausgew\u00e4hlt. Die Zahlen auf diesen Kugeln sind die Gewinnzahlen, und jeder Schein, der mit diesen Zahlen \u00fcbereinstimmt, ist der Gewinnschein. Dann werden zwei weitere Kugeln aus einer anderen Trommel mit sechs Kugeln gezogen. Dies sind die Zusatzzahlen, die f\u00fcr die Ermittlung der anderen Gewinnklassen verwendet werden.<\/p>\n<p>Wie der Name schon sagt, finden die Ziehungen jede Woche am Samstag statt. Die Ziehungen enden am Samstag um 19:25 Uhr AEST. Spieler, die an der Ziehung in dieser Woche teilnehmen m\u00f6chten, m\u00fcssen ihre Lose vor Ablauf der Frist kaufen.<\/p>\n<h2>Gewinnklassen<\/h2>\n<p>Die Tatts-Lotterie hat acht Gewinnklassen. Wenn Sie einen Schein f\u00fcr diese Lotterie kaufen, haben Sie die Chance auf eine dieser Gewinnklassen. Die Gewinnkombinationen f\u00fcr jede Gewinnklasse sind unten angegeben.<\/p>\n<p>Gewinnklasse 1 (Jackpot) &#8211; 6 gleiche Hauptzahlen<br \/>\nAbteilung 2 &#8211; 5 beliebige Hauptzahlen + 1 Zusatzzahl<br \/>\nAbteilung 3 &#8211; 5 beliebige Hauptzahlen ziehen<br \/>\nAbteilung 4 &#8211; 4 beliebige Hauptzahlen \u00fcbereinstimmen<br \/>\nAbteilung 5 &#8211; 3 beliebige Hauptzahlen + 1 Zusatzzahl<br \/>\nDivision 6 &#8211; 3 beliebige Hauptnummern \u00fcbereinstimmen<\/p>\n<p>Die Organisatoren haben es den Spielern erm\u00f6glicht, diese Lotterie zu gewinnen. Die Gewinnchancen sind gro\u00df und bei einem Jackpot von 5 Millionen AUD ist es kein Wunder, dass die Spieler die Samstagslotterie lieben. Falls Sie es noch nicht getan haben, ist dies ein guter Zeitpunkt, um \u00fcber den Kauf eines Loses nachzudenken.<\/p>\n<h2>Fr\u00fchere Gewinner<\/h2>\n<p>Bevor wir Ihnen mitteilen, wie Sie au\u00dferhalb von Oz Lose f\u00fcr diese Lotterie kaufen k\u00f6nnen, ist es vielleicht eine gute Idee, \u00fcber fr\u00fchere Gewinner zu sprechen. Im Laufe der Jahre hat es viele Gewinner gegeben, also werden wir nur einige der j\u00fcngsten Gewinner herausgreifen und hoffen, dass Sie sich davon inspirieren lassen.<\/p>\n<p>Die erste auf unserer Liste ist eine australische Mutter, die lieber anonym bleiben m\u00f6chte. Sie gewann den Jackpot am Samstag zusammen mit einem anderen Gewinner. Berichten zufolge brauchte sie zwei Wochen, bevor sie merkte, dass sie den Jackpot gewonnen hatte. H\u00e4tte sie noch l\u00e4nger gewartet, h\u00e4tte sie ihren Gewinn nicht abholen k\u00f6nnen. Zum Gl\u00fcck ging sie zur\u00fcck, um nachzusehen, und entdeckte, dass sie gewonnen hatte.<\/p>\n<p>Ein weiterer Gewinner ist ein Mann, der seit mehreren Jahren mit denselben Zahlen an der Samstagslotterie teilgenommen hat. Seine Hartn\u00e4ckigkeit zahlte sich aus und er gewann den Jackpot. Viele Lottogewinner sagen, dass sie jahrelang gespielt haben, bevor sie im Lotto gewonnen haben. Manchmal braucht es Vertrauen und Best\u00e4ndigkeit, um die gew\u00fcnschten Ergebnisse zu erzielen.<\/p>\n<section class=\"layout\" style=\"border: solid 1px; width: 100%;\">\n<div class=\"img-div\" style=\"margin-top: 5px;\"><img decoding=\"async\" class=\"wp-image-17212 alignleft\" style=\"height: 45px; margin: 8px 8px 0px;\" src=\"http:\/\/jackpotlotteryonline.com\/wp-content\/uploads\/2022\/11\/read1.jpg\" alt=\"lesen\" width=\"\" height=\"\" \/><\/div>\n<div style=\"padding-left: 5px;\">\n<div style=\"font-size: 1.1em;\">\n<p><strong>Einige Lotteriegewinner gaben der Gemeinschaft etwas zur\u00fcck<\/strong><\/p>\n<p style=\"font-size: 0.85em; margin-top: -1.5em;\">Einige interessante und herzerw\u00e4rmende Geschichten \u00fcber Lottogewinner, die etwas zur\u00fcckgeben\u00a0<a href=\"https:\/\/jackpotlotteryonline.com\/de\/geschichten-ueber-lotteriegewinner-die-zurueckgeben\"> mehr lesen<\/a><\/p>\n<\/div>\n<\/div>\n<\/section>\n<h2>Scheine von au\u00dferhalb Australiens kaufen<\/h2>\n<p>Wenn Sie also nicht im sch\u00f6nen Land Oz leben, wie k\u00f6nnen Sie dann Spielscheine f\u00fcr Samstagslotto kaufen? Bevor es das Internet gab, w\u00e4re das unm\u00f6glich oder zumindest sehr schwierig gewesen. Aber dank des Internets k\u00f6nnen Sie Ihre Tatts-Lotteriescheine online kaufen.<\/p>\n<p>Es gibt Online-Lotterieanbieter, bei denen die Spieler Lose f\u00fcr internationale Spitzenlotterien kaufen k\u00f6nnen. Diese Anbieter betreiben einen so genannten Concierge-Service, der Spielern beim Kauf von Lottoscheinen in jedem Land hilft. Wenn Sie sich bei diesen Websites anmelden, k\u00f6nnen Sie ganz einfach an der Samstagslotterie teilnehmen und Ihre Gewinne einfordern.<\/p>\n<p>Bei jackpotlotteryonline.com betreiben wir einen Concierge-Service, der unseren Benutzern eine nahtlose Erfahrung bietet. Wenn Sie sich bei uns anmelden, k\u00f6nnen Sie ganz einfach Ihr Los f\u00fcr die Samstagslotterie und viele andere internationale Lotterien kaufen. Machen Sie sich Gedanken dar\u00fcber, wie Sie Ihren Preis im Falle eines Gewinns einfordern k\u00f6nnen? Lassen Sie sich Ihren Gewinn einfach und problemlos \u00fcber unsere Plattform auszahlen.<\/p>\n<h2>H\u00e4ufig gestellte Fragen<\/h2>\n<p><img loading=\"lazy\" decoding=\"async\" class=\"wp-image-29264 alignright\" src=\"http:\/\/jackpotlotteryonline.com\/wp-content\/uploads\/2022\/11\/1_play_online_lotto-300x300.jpg\" alt=\"Online-Samstagslotto Australien\" width=\"235\" height=\"235\" srcset=\"https:\/\/jackpotlotteryonline.com\/wp-content\/uploads\/2022\/11\/1_play_online_lotto-300x300.jpg 300w, https:\/\/jackpotlotteryonline.com\/wp-content\/uploads\/2022\/11\/1_play_online_lotto-100x100.jpg 100w, https:\/\/jackpotlotteryonline.com\/wp-content\/uploads\/2022\/11\/1_play_online_lotto-150x150.jpg 150w, https:\/\/jackpotlotteryonline.com\/wp-content\/uploads\/2022\/11\/1_play_online_lotto.jpg 480w\" sizes=\"auto, (max-width: 235px) 100vw, 235px\" \/><\/p>\n<p>Wir wissen, dass Ihnen wahrscheinlich einige Fragen durch den Kopf gehen. Das ist in Ordnung, wir sind hier, um Ihre Fragen zu beantworten. Wir werden versuchen, hier alles abzudecken, aber wenn Sie noch Fragen haben, k\u00f6nnen Sie sich gerne an uns wenden. Wir freuen uns immer, von Ihnen zu h\u00f6ren. Wir werden alles tun, was in unserer Macht steht, um Sie auf Ihrem Weg zum Lottogewinner zu unterst\u00fctzen.<\/p>\n<h2>Kann ich Lottoscheine online kaufen?<\/h2>\n<p>Ja, Sie k\u00f6nnen Lottoscheine online kaufen, und das ist v\u00f6llig legal. Achten Sie darauf, dass Sie einen vertrauensw\u00fcrdigen Lotterieanbieter verwenden, um sicherzustellen, dass Sie an der Lotterie teilnehmen. Viele Lottogruppen haben Websites. Wenn Sie jedoch mehr als eine Lotterie spielen m\u00f6chten, sollten Sie sich besser bei einem Lotterieanbieter anmelden. Insbesondere bei einem, der Zugang zu mehreren anderen Lotterien bietet.<\/p>\n<h2>Wie kaufe ich einen Schein?<\/h2>\n<p>Der Kauf eines Lotteriescheins ist einfach, wenn Sie bei uns registriert sind. Ziehen Sie einfach Ihre Zahlen und nehmen Sie an der Ziehung teil. Sie k\u00f6nnen mehrere Lose kaufen, um Ihre Gewinnchancen zu erh\u00f6hen. Es liegt ganz an Ihnen. Wenn Sie sich nicht sicher sind, welche Zahl Sie w\u00e4hlen sollen, kann der Auto-Picker diese Aufgabe f\u00fcr Sie \u00fcbernehmen. Wir arbeiten hart daran, dass der Prozess f\u00fcr die Spieler einfach und intuitiv ist.<\/p>\n<h2>Was genau ist ein Concierge-Service?<\/h2>\n<p>Wir sind froh, dass Sie das fragen. Wenn wir sagen, dass wir einen Concierge-Service betreiben, bedeutet das, dass wir Vertreter in verschiedenen L\u00e4ndern haben, einschlie\u00dflich Australien. Wenn Sie Ihren Lottoschein bei uns kaufen, gehen unsere Vertreter los und kaufen einen physischen Schein mit den entsprechenden Zahlen. Das bedeutet, dass Sie, egal wo Sie sind, an der Lotterie teilnehmen k\u00f6nnen.<\/p>\n<h2>Wie kann ich gewinnen?<\/h2>\n<p>Um bei dieser australischen Lotterie zu gewinnen, m\u00fcssen Sie nur mit den sechs gezogenen Hauptzahlen \u00fcbereinstimmen und Sie gewinnen den Jackpot. Sie m\u00fcssen nicht mit den Zusatzzahlen \u00fcbereinstimmen, da diese zur Ermittlung der Preise in den Abteilungen 2 und 5 herangezogen werden.<\/p>\n<h2>Wie kann ich die Ergebnisse \u00fcberpr\u00fcfen?<\/h2>\n<p>Nach jeder Ziehung ver\u00f6ffentlichen wir die Ergebnisse direkt hier auf jackpotlotteryonline.com. F\u00fcr die Samstagslotterie besuchen Sie einfach die <a href=\"https:\/\/jackpotlotteryonline.com\/de\/gewinn-zahlen\/saturday-lotto\">Seite der Samstagslotterie<\/a>-Ziehung nach den Ziehungen am Samstag, um die Ergebnisse zu finden.<\/p>\n<h2>Was ist, wenn ich vergessen habe, die Ergebnisse zu \u00fcberpr\u00fcfen?<\/h2>\n<p>Das ist der beste Teil. Wenn Sie bei uns kaufen, spielt es keine Rolle, wenn Sie vergessen haben, die Lottoergebnisse zu \u00fcberpr\u00fcfen, denn wir halten Ihnen den R\u00fccken frei. Wenn Sie einen Preis gewinnen, senden wir Ihnen eine Nachricht auf Ihrem Dashboard sowie eine E-Mail, um Sie zu benachrichtigen. Wenn Sie einen Lottoschein bei uns kaufen, wissen Sie, dass Sie abgesichert sind.<\/p>\n<h2>Ich habe gewonnen, was nun?<\/h2>\n<p>Nun, wenn Sie in der Lotterie gewonnen haben, gratulieren wir Ihnen zuallererst! Wir freuen uns sehr f\u00fcr Sie. Wenn Sie sich bei uns registriert haben, ist der n\u00e4chste Schritt ganz einfach. Gehen Sie zu Ihrem Dashboard und lassen Sie sich Ihr Geld mit den verf\u00fcgbaren Methoden auszahlen. So einfach ist das.<\/p>\n<h2>Registrieren Sie sich noch heute bei uns!<\/h2>\n<p>Lotto spielen macht Spa\u00df und gibt den Spielern etwas, auf das sie sich jede Woche freuen k\u00f6nnen. Die Samstagslotterie hat einen sch\u00f6nen Jackpot und g\u00fcnstige Gewinnchancen, so dass sie f\u00fcr neue und alte Spieler gleicherma\u00dfen geeignet ist. Jetzt ist sie nicht mehr nur auf Aussies beschr\u00e4nkt, denn Menschen aus aller Welt k\u00f6nnen jetzt Teilnahmen an der Lotterie erwerben.<\/p>\n<p>Wenn Sie auf der Suche nach einem interessanten Spiel sind, warum nicht die Tatts-Lotterie ausprobieren? Wo auch immer Sie sind, k\u00f6nnen Sie einen Schein f\u00fcr diese Lotterie kaufen, indem Sie sich bei uns registrieren. Unsere Aufgabe ist es, Ihnen die M\u00f6glichkeit zu geben, die Lotterien Ihrer Wahl mit minimalem Stress zu spielen.<\/p>\n<p>Entspannen Sie sich und haben Sie Spa\u00df beim Spielen, denn man wei\u00df nie, ob dies der Tag ist, an dem Sie gro\u00df gewinnen. Warum nicht den Zugang zur Lotterie kaufen, indem Sie sich noch heute bei uns registrieren?<\/p>\n","protected":false},"excerpt":{"rendered":"<p>In Australien gibt es viele Lotterien wie das Mittwochslotto, Powerball und Samstagslotto Australien. Die Samstagslotterie ist bei den Spielern sehr beliebt und gibt den Leuten etwas, auf das sie sich jede Woche freuen k\u00f6nnen. Als diese Lotterie ins Leben gerufen wurde, konnten nur Spieler in Oz daran teilnehmen. Zum Gl\u00fcck k\u00f6nnen jetzt Spieler auf der [&hellip;]<\/p>\n","protected":false},"author":1,"featured_media":0,"parent":35753,"menu_order":18,"comment_status":"closed","ping_status":"closed","template":"saturday-lotto-info.php","meta":{"_et_pb_use_builder":"","_et_pb_old_content":"","_et_gb_content_width":"","exclude_from_search":false,"footnotes":""},"class_list":["post-37263","page","type-page","status-publish","hentry"],"yoast_head":"<!-- This site is optimized with the Yoast SEO plugin v23.3 - https:\/\/yoast.com\/wordpress\/plugins\/seo\/ -->\n<title>Kaufen Sie Scheine f\u00fcr Samstagslotto Australien von au\u00dferhalb Australiens<\/title>\n<meta name=\"description\" content=\"Das beliebte australische Samstagslotto hat gro\u00dfe Jackpots. Spieler von \u00fcberall k\u00f6nnen jetzt einen Schein f\u00fcr Samstagslotto online kaufen\" \/>\n<meta name=\"robots\" content=\"index, follow, max-snippet:-1, max-image-preview:large, max-video-preview:-1\" \/>\n<link rel=\"canonical\" href=\"https:\/\/jackpotlotteryonline.com\/de\/spielscheine-kaufen\/saturday-lotto\/\" \/>\n<meta property=\"og:locale\" content=\"de_DE\" \/>\n<meta property=\"og:type\" content=\"article\" \/>\n<meta property=\"og:title\" content=\"Kaufen Sie Scheine f\u00fcr Samstagslotto Australien von au\u00dferhalb Australiens\" \/>\n<meta property=\"og:description\" content=\"Das beliebte australische Samstagslotto hat gro\u00dfe Jackpots. Spieler von \u00fcberall k\u00f6nnen jetzt einen Schein f\u00fcr Samstagslotto online kaufen\" \/>\n<meta property=\"og:url\" content=\"https:\/\/jackpotlotteryonline.com\/de\/spielscheine-kaufen\/saturday-lotto\/\" \/>\n<meta property=\"og:site_name\" content=\"Lotto Online - Crack The International Lottery Jackpots\" \/>\n<meta property=\"article:modified_time\" content=\"2022-12-24T20:04:52+00:00\" \/>\n<meta property=\"og:image\" content=\"http:\/\/jackpotlotteryonline.com\/wp-content\/uploads\/2022\/11\/2_ticket_saturday_lotto_au2-1-180x300-1.jpg\" \/>\n<meta name=\"twitter:card\" content=\"summary_large_image\" \/>\n<meta name=\"twitter:label1\" content=\"Gesch\u00e4tzte Lesezeit\" \/>\n\t<meta name=\"twitter:data1\" content=\"8\u00a0Minuten\" \/>\n<!-- \/ Yoast SEO plugin. -->","yoast_head_json":{"title":"Kaufen Sie Scheine f\u00fcr Samstagslotto Australien von au\u00dferhalb Australiens","description":"Das beliebte australische Samstagslotto hat gro\u00dfe Jackpots. Spieler von \u00fcberall k\u00f6nnen jetzt einen Schein f\u00fcr Samstagslotto online kaufen","robots":{"index":"index","follow":"follow","max-snippet":"max-snippet:-1","max-image-preview":"max-image-preview:large","max-video-preview":"max-video-preview:-1"},"canonical":"https:\/\/jackpotlotteryonline.com\/de\/spielscheine-kaufen\/saturday-lotto\/","og_locale":"de_DE","og_type":"article","og_title":"Kaufen Sie Scheine f\u00fcr Samstagslotto Australien von au\u00dferhalb Australiens","og_description":"Das beliebte australische Samstagslotto hat gro\u00dfe Jackpots. Spieler von \u00fcberall k\u00f6nnen jetzt einen Schein f\u00fcr Samstagslotto online kaufen","og_url":"https:\/\/jackpotlotteryonline.com\/de\/spielscheine-kaufen\/saturday-lotto\/","og_site_name":"Lotto Online - Crack The International Lottery Jackpots","article_modified_time":"2022-12-24T20:04:52+00:00","og_image":[{"url":"http:\/\/jackpotlotteryonline.com\/wp-content\/uploads\/2022\/11\/2_ticket_saturday_lotto_au2-1-180x300-1.jpg"}],"twitter_card":"summary_large_image","twitter_misc":{"Gesch\u00e4tzte Lesezeit":"8\u00a0Minuten"},"schema":{"@context":"https:\/\/schema.org","@graph":[{"@type":"WebPage","@id":"https:\/\/jackpotlotteryonline.com\/de\/spielscheine-kaufen\/saturday-lotto\/","url":"https:\/\/jackpotlotteryonline.com\/de\/spielscheine-kaufen\/saturday-lotto\/","name":"Kaufen Sie Scheine f\u00fcr Samstagslotto Australien von au\u00dferhalb Australiens","isPartOf":{"@id":"https:\/\/jackpotlotteryonline.com\/#website"},"primaryImageOfPage":{"@id":"https:\/\/jackpotlotteryonline.com\/de\/spielscheine-kaufen\/saturday-lotto\/#primaryimage"},"image":{"@id":"https:\/\/jackpotlotteryonline.com\/de\/spielscheine-kaufen\/saturday-lotto\/#primaryimage"},"thumbnailUrl":"http:\/\/jackpotlotteryonline.com\/wp-content\/uploads\/2022\/11\/2_ticket_saturday_lotto_au2-1-180x300-1.jpg","datePublished":"2022-11-11T08:08:29+00:00","dateModified":"2022-12-24T20:04:52+00:00","description":"Das beliebte australische Samstagslotto hat gro\u00dfe Jackpots. Spieler von \u00fcberall k\u00f6nnen jetzt einen Schein f\u00fcr Samstagslotto online kaufen","breadcrumb":{"@id":"https:\/\/jackpotlotteryonline.com\/de\/spielscheine-kaufen\/saturday-lotto\/#breadcrumb"},"inLanguage":"de","potentialAction":[{"@type":"ReadAction","target":["https:\/\/jackpotlotteryonline.com\/de\/spielscheine-kaufen\/saturday-lotto\/"]}]},{"@type":"ImageObject","inLanguage":"de","@id":"https:\/\/jackpotlotteryonline.com\/de\/spielscheine-kaufen\/saturday-lotto\/#primaryimage","url":"http:\/\/jackpotlotteryonline.com\/wp-content\/uploads\/2022\/11\/2_ticket_saturday_lotto_au2-1-180x300-1.jpg","contentUrl":"http:\/\/jackpotlotteryonline.com\/wp-content\/uploads\/2022\/11\/2_ticket_saturday_lotto_au2-1-180x300-1.jpg"},{"@type":"BreadcrumbList","@id":"https:\/\/jackpotlotteryonline.com\/de\/spielscheine-kaufen\/saturday-lotto\/#breadcrumb","itemListElement":[{"@type":"ListItem","position":1,"name":"Home","item":"https:\/\/jackpotlotteryonline.com\/de\/"},{"@type":"ListItem","position":2,"name":"Wie man Lotterielose online kauft","item":"https:\/\/jackpotlotteryonline.com\/de\/spielscheine-kaufen\/"},{"@type":"ListItem","position":3,"name":"Scheine f\u00fcr Samstagslotto Australien kaufen"}]},{"@type":"WebSite","@id":"https:\/\/jackpotlotteryonline.com\/#website","url":"https:\/\/jackpotlotteryonline.com\/","name":"Lotto Online - Crack The International Lottery Jackpots","description":"","potentialAction":[{"@type":"SearchAction","target":{"@type":"EntryPoint","urlTemplate":"https:\/\/jackpotlotteryonline.com\/?s={search_term_string}"},"query-input":"required name=search_term_string"}],"inLanguage":"de"}]}},"_links":{"self":[{"href":"https:\/\/jackpotlotteryonline.com\/de\/wp-json\/wp\/v2\/pages\/37263","targetHints":{"allow":["GET"]}}],"collection":[{"href":"https:\/\/jackpotlotteryonline.com\/de\/wp-json\/wp\/v2\/pages"}],"about":[{"href":"https:\/\/jackpotlotteryonline.com\/de\/wp-json\/wp\/v2\/types\/page"}],"author":[{"embeddable":true,"href":"https:\/\/jackpotlotteryonline.com\/de\/wp-json\/wp\/v2\/users\/1"}],"replies":[{"embeddable":true,"href":"https:\/\/jackpotlotteryonline.com\/de\/wp-json\/wp\/v2\/comments?post=37263"}],"version-history":[{"count":0,"href":"https:\/\/jackpotlotteryonline.com\/de\/wp-json\/wp\/v2\/pages\/37263\/revisions"}],"up":[{"embeddable":true,"href":"https:\/\/jackpotlotteryonline.com\/de\/wp-json\/wp\/v2\/pages\/35753"}],"wp:attachment":[{"href":"https:\/\/jackpotlotteryonline.com\/de\/wp-json\/wp\/v2\/media?parent=37263"}],"curies":[{"name":"wp","href":"https:\/\/api.w.org\/{rel}","templated":true}]}}