{"id":37757,"date":"2022-11-15T08:18:38","date_gmt":"2022-11-15T08:18:38","guid":{"rendered":"https:\/\/jackpotlotteryonline.com\/?page_id=37757"},"modified":"2022-11-15T08:18:38","modified_gmt":"2022-11-15T08:18:38","slug":"faq","status":"publish","type":"page","link":"https:\/\/jackpotlotteryonline.com\/de\/faq\/","title":{"rendered":"FAQ"},"content":{"rendered":"<h2>Online-Lotterie FAQ<\/h2>\n<p>Hier geben wir Antworten auf die am h\u00e4ufigsten gestellten Fragen zur Online-Lotterie und zu Online-Lotto-Jackpots. Lotto online zu spielen ist der bequemste und einfachste Weg, um an die gro\u00dfen internationalen Lotto-Jackpots heranzukommen.<\/p>\n<h2>Wie funktioniert das?<\/h2>\n<p>Wir fungieren als Botendienst zwischen Ihnen und den verschiedenen Lotterien. Wir kaufen den Schein in Ihrem Namen und in Ihrem Auftrag, scannen Ihren neuen Schein ein und laden den Scan auf Ihr Kundenkonto hoch, senden Ihnen eine Nachricht, wenn Sie gewinnen, und helfen Ihnen, Ihr Geld zu erhalten, wenn Sie gewinnen.<\/p>\n<h2>Was sind die Vorteile, wenn Sie \u00fcber uns spielen?<\/h2>\n<ul>\n<li>Sie m\u00fcssen nicht in eine Lottoannahmestelle gehen. Sie k\u00f6nnen ganz einfach von zu Hause oder von Ihrem B\u00fcro aus spielen<\/li>\n<li>Sie k\u00f6nnen online bezahlen, zum Beispiel per Kreditkarte oder auf andere Weise<\/li>\n<li>Ihre Lottogewinne bis zu 2500 \u20ac werden Ihrem Konto gutgeschrieben<\/li>\n<li>wenn Sie mehr als 2500 \u20ac gewinnen, helfen wir Ihnen kostenlos bei der Auszahlung Ihres Geldes<\/li>\n<li>im Falle eines Gewinns fallen keine zus\u00e4tzlichen Kosten an.<\/li>\n<\/ul>\n<p><strong>Wer kann an den Lotterien teilnehmen?<\/strong><\/p>\n<p>Jeder, der \u00fcber 18 Jahre alt ist, kann Lotto spielen.<\/p>\n<p><strong>Kann ich von einem anderen Land aus Lotto spielen?<\/strong><\/p>\n<p>Ja, das k\u00f6nnen Sie. Es spielt keine Rolle, in welchem Land Sie wohnen, Sie k\u00f6nnen jede Lotterie und jeden Lotto-Jackpot in jedem Land Ihrer Wahl spielen.<\/p>\n<p><strong>Kann ich meine eigenen Lottozahlen w\u00e4hlen?<\/strong><\/p>\n<p>Ja. Sie k\u00f6nnen die Zahlen ausw\u00e4hlen, die Sie m\u00f6chten, oder Sie k\u00f6nnen Ihre Zahlen bequem vom Computer nach dem Zufallsprinzip ausw\u00e4hlen lassen.<\/p>\n<p><strong>Wie erhalte ich meinen Lottoschein?<\/strong><\/p>\n<p>Sobald Ihre Zahlung bearbeitet wurde, senden wir Ihnen per E-Mail eine Kaufbest\u00e4tigung. Die von Ihnen gezogenen Zahlen k\u00f6nnen Sie in Ihrem Konto einsehen. Kurze Zeit sp\u00e4ter k\u00f6nnen Sie auch den eingescannten Schein in Ihrem Konto sehen.<\/p>\n<p><strong>Wie kann ich f\u00fcr mein Lotto oder meinen Schein bezahlen?<\/strong><\/p>\n<p>Es stehen Ihnen eine Reihe von Zahlungsm\u00f6glichkeiten zur Verf\u00fcgung, darunter die Zahlung per Kreditkarte, Bank\u00fcberweisung, verschiedene Kryptow\u00e4hrungen und mehr.<\/p>\n<p><strong>Bekommen Sie einen Anteil an meinem Gewinn?<\/strong><\/p>\n<p>Nein. Alle Lotteriegewinne werden Ihnen in voller H\u00f6he ausgezahlt, ohne Abzug von Geb\u00fchren.<\/p>\n<p><strong>Wann kann ich meine Bestellung f\u00fcr ein Lotterielos aufgeben?<\/strong><\/p>\n<p>Um an einer Lotterie teilnehmen zu k\u00f6nnen, sollten Sie Ihren Schein mindestens 2 Stunden vor der Ziehung bestellen. Dies erm\u00f6glicht es uns, Ihre Lottoscheinbestellung zu bearbeiten.<\/p>\n<p><strong>Wie erfahre ich, ob ich gewonnen habe?<\/strong><\/p>\n<p>Wenn Sie gewinnen, schicken wir Ihnen eine E-Mail, in der wir Sie \u00fcber Ihren Gewinn informieren. Au\u00dferdem werden die Gewinnzahlen f\u00fcr alle Lotterien auf unserer Website ver\u00f6ffentlicht.<\/p>\n<p><strong>Wie erhalte ich mein Geld, wenn ich gewonnen habe?<\/strong><\/p>\n<p>Wenn Sie einen Betrag unter 2500 \u20ac gewinnen, wird das Geld Ihrem Spielerkonto gutgeschrieben. Bei einem Gewinnbetrag von mehr als 2500 \u20ac senden wir Ihnen ein Antragsformular, das Sie ausf\u00fcllen m\u00fcssen. Sie m\u00fcssen sich ausweisen und wir leiten Ihre Forderung an die Lotteriegesellschaft weiter. Die Lotteriegesellschaft wird Ihnen dann einen Scheck ausstellen. Bitte beachten Sie, dass einige Lotteriegesellschaften verlangen, dass Sie Ihren Gewinn pers\u00f6nlich abholen, wenn Sie einen Jackpot-Preis gewonnen haben.<\/p>\n<p><strong>Ist dies eine legale Dienstleistung?<\/strong><\/p>\n<p>Ja, das ist er. Da es sich bei unserem Service nur um einen Botendienst handelt, ist er vollkommen legal.<\/p>\n<p><strong>Woher wei\u00df ich, dass ein Lottoschein in meinem Namen gekauft wird?<\/strong><\/p>\n<p>Sobald Sie f\u00fcr Ihren Lottoschein bezahlt haben, erhalten Sie eine Zahlungsbest\u00e4tigung. Solange Ihr Lottoschein aktiv ist, erhalten Sie eine E-Mail-Benachrichtigung, und nachdem Sie sich eingeloggt haben, k\u00f6nnen Sie Ihre Scheine in Ihrem Kundenbereich auf unserer Website sehen.<\/p>\n","protected":false},"excerpt":{"rendered":"<p>Online-Lotterie FAQ Hier geben wir Antworten auf die am h\u00e4ufigsten gestellten Fragen zur Online-Lotterie und zu Online-Lotto-Jackpots. Lotto online zu spielen ist der bequemste und einfachste Weg, um an die gro\u00dfen internationalen Lotto-Jackpots heranzukommen. Wie funktioniert das? Wir fungieren als Botendienst zwischen Ihnen und den verschiedenen Lotterien. Wir kaufen den Schein in Ihrem Namen und [&hellip;]<\/p>\n","protected":false},"author":1,"featured_media":0,"parent":0,"menu_order":6,"comment_status":"closed","ping_status":"closed","template":"","meta":{"_et_pb_use_builder":"","_et_pb_old_content":"","_et_gb_content_width":"","exclude_from_search":false,"footnotes":""},"class_list":["post-37757","page","type-page","status-publish","hentry"],"yoast_head":"<!-- This site is optimized with the Yoast SEO plugin v23.3 - https:\/\/yoast.com\/wordpress\/plugins\/seo\/ -->\n<title>Lotterie FAQ | H\u00e4ufige Fragen zu Lotto online<\/title>\n<meta name=\"description\" content=\"Hier finden Sie Antworten auf die h\u00e4ufigsten Fragen zum Thema Lotto online, sowie die besten Dienstleistungen\" \/>\n<meta name=\"robots\" content=\"index, follow, max-snippet:-1, max-image-preview:large, max-video-preview:-1\" \/>\n<link rel=\"canonical\" href=\"https:\/\/jackpotlotteryonline.com\/de\/faq\/\" \/>\n<meta property=\"og:locale\" content=\"de_DE\" \/>\n<meta property=\"og:type\" content=\"article\" \/>\n<meta property=\"og:title\" content=\"Lotterie FAQ | H\u00e4ufige Fragen zu Lotto online\" \/>\n<meta property=\"og:description\" content=\"Hier finden Sie Antworten auf die h\u00e4ufigsten Fragen zum Thema Lotto online, sowie die besten Dienstleistungen\" \/>\n<meta property=\"og:url\" content=\"https:\/\/jackpotlotteryonline.com\/de\/faq\/\" \/>\n<meta property=\"og:site_name\" content=\"Lotto Online - Crack The International Lottery Jackpots\" \/>\n<meta name=\"twitter:card\" content=\"summary_large_image\" \/>\n<meta name=\"twitter:label1\" content=\"Gesch\u00e4tzte Lesezeit\" \/>\n\t<meta name=\"twitter:data1\" content=\"3\u00a0Minuten\" \/>\n<!-- \/ Yoast SEO plugin. -->","yoast_head_json":{"title":"Lotterie FAQ | H\u00e4ufige Fragen zu Lotto online","description":"Hier finden Sie Antworten auf die h\u00e4ufigsten Fragen zum Thema Lotto online, sowie die besten Dienstleistungen","robots":{"index":"index","follow":"follow","max-snippet":"max-snippet:-1","max-image-preview":"max-image-preview:large","max-video-preview":"max-video-preview:-1"},"canonical":"https:\/\/jackpotlotteryonline.com\/de\/faq\/","og_locale":"de_DE","og_type":"article","og_title":"Lotterie FAQ | H\u00e4ufige Fragen zu Lotto online","og_description":"Hier finden Sie Antworten auf die h\u00e4ufigsten Fragen zum Thema Lotto online, sowie die besten Dienstleistungen","og_url":"https:\/\/jackpotlotteryonline.com\/de\/faq\/","og_site_name":"Lotto Online - Crack The International Lottery Jackpots","twitter_card":"summary_large_image","twitter_misc":{"Gesch\u00e4tzte Lesezeit":"3\u00a0Minuten"},"schema":{"@context":"https:\/\/schema.org","@graph":[{"@type":"WebPage","@id":"https:\/\/jackpotlotteryonline.com\/de\/faq\/","url":"https:\/\/jackpotlotteryonline.com\/de\/faq\/","name":"Lotterie FAQ | H\u00e4ufige Fragen zu Lotto online","isPartOf":{"@id":"https:\/\/jackpotlotteryonline.com\/#website"},"datePublished":"2022-11-15T08:18:38+00:00","dateModified":"2022-11-15T08:18:38+00:00","description":"Hier finden Sie Antworten auf die h\u00e4ufigsten Fragen zum Thema Lotto online, sowie die besten Dienstleistungen","breadcrumb":{"@id":"https:\/\/jackpotlotteryonline.com\/de\/faq\/#breadcrumb"},"inLanguage":"de","potentialAction":[{"@type":"ReadAction","target":["https:\/\/jackpotlotteryonline.com\/de\/faq\/"]}]},{"@type":"BreadcrumbList","@id":"https:\/\/jackpotlotteryonline.com\/de\/faq\/#breadcrumb","itemListElement":[{"@type":"ListItem","position":1,"name":"Home","item":"https:\/\/jackpotlotteryonline.com\/de\/"},{"@type":"ListItem","position":2,"name":"FAQ"}]},{"@type":"WebSite","@id":"https:\/\/jackpotlotteryonline.com\/#website","url":"https:\/\/jackpotlotteryonline.com\/","name":"Lotto Online - Crack The International Lottery Jackpots","description":"","potentialAction":[{"@type":"SearchAction","target":{"@type":"EntryPoint","urlTemplate":"https:\/\/jackpotlotteryonline.com\/?s={search_term_string}"},"query-input":"required name=search_term_string"}],"inLanguage":"de"}]}},"_links":{"self":[{"href":"https:\/\/jackpotlotteryonline.com\/de\/wp-json\/wp\/v2\/pages\/37757","targetHints":{"allow":["GET"]}}],"collection":[{"href":"https:\/\/jackpotlotteryonline.com\/de\/wp-json\/wp\/v2\/pages"}],"about":[{"href":"https:\/\/jackpotlotteryonline.com\/de\/wp-json\/wp\/v2\/types\/page"}],"author":[{"embeddable":true,"href":"https:\/\/jackpotlotteryonline.com\/de\/wp-json\/wp\/v2\/users\/1"}],"replies":[{"embeddable":true,"href":"https:\/\/jackpotlotteryonline.com\/de\/wp-json\/wp\/v2\/comments?post=37757"}],"version-history":[{"count":0,"href":"https:\/\/jackpotlotteryonline.com\/de\/wp-json\/wp\/v2\/pages\/37757\/revisions"}],"wp:attachment":[{"href":"https:\/\/jackpotlotteryonline.com\/de\/wp-json\/wp\/v2\/media?parent=37757"}],"curies":[{"name":"wp","href":"https:\/\/api.w.org\/{rel}","templated":true}]}}