{"id":39195,"date":"2022-11-22T08:14:59","date_gmt":"2022-11-22T08:14:59","guid":{"rendered":"https:\/\/jackpotlotteryonline.com\/?page_id=39195"},"modified":"2023-01-03T08:51:02","modified_gmt":"2023-01-03T08:51:02","slug":"la-primitiva-2","status":"publish","type":"page","link":"https:\/\/jackpotlotteryonline.com\/de\/wie-man-spielt\/la-primitiva-2\/","title":{"rendered":"La Primitiva online spielen"},"content":{"rendered":"<p>Die spanische Lotterie ist eine der beliebtesten Lotterien in Europa und zieht Lottofans im ganzen Land an. La Primitiva ist auch eine der \u00e4ltesten Lotterien der Welt. Sie wurde 1763 gegr\u00fcndet und erfreut seit fast 260 Jahren die Lottofans im Land. Fr\u00fcher war die Teilnahme an dieser Lotterie nur den Spielern vorbehalten, die in diesem Gebiet wohnten, aber dank des Internets k\u00f6nnen nun Spieler aus der ganzen Welt an dieser Lotterie teilnehmen. Lotteriespiele sind sehr gl\u00fccksabh\u00e4ngig, und dieses ist da keine Ausnahme. Daher gibt es bei jeder Ziehung so viele Teilnehmer, die auf einen gro\u00dfen Gewinn hoffen.<\/p>\n<p>Wenn Sie Ihre <a href=\"https:\/\/jackpotlotteryonline.com\/de\/spielscheine-kaufen\/la-primitiva\">Wetten auf internationale Top-Lotterien<\/a>, einschlie\u00dflich La Primitiva, platzieren m\u00f6chten, besuchen Sie jetzt jackptlotteryonline.com, um loszulegen.<\/p>\n<h2>Wie man La Primitiva spielt<\/h2>\n<p><img loading=\"lazy\" decoding=\"async\" class=\"alignright size-medium wp-image-28103\" src=\"http:\/\/jackpotlotteryonline.com\/wp-content\/uploads\/2022\/11\/1_lotto_jackpot_online-257x300.jpg\" alt=\"La Primitiva spielen\" width=\"257\" height=\"300\" srcset=\"https:\/\/jackpotlotteryonline.com\/wp-content\/uploads\/2022\/11\/1_lotto_jackpot_online-257x300.jpg 257w, https:\/\/jackpotlotteryonline.com\/wp-content\/uploads\/2022\/11\/1_lotto_jackpot_online.jpg 321w\" sizes=\"auto, (max-width: 257px) 100vw, 257px\" \/><\/p>\n<p>So unterhaltsam die spanische Lotterie auch sein mag, so verwirrend kann sie f\u00fcr Lotterie-Neulinge sein. Es scheint ein bisschen mehr Zahlen zu geben, als manche Spieler gewohnt sind, und es gibt einige andere Konzepte, die schwer zu verstehen sind. Aber wenn man erst einmal wei\u00df, wie man La Primitiva spielt, wird es wirklich einfach.<\/p>\n<p>Das erste, was man beim Spielen dieser Lotterie verstehen muss, sind der <strong>Reintegro<\/strong> und der <strong>Complementario<\/strong>. Der Reintegro und der Complementarior sind entscheidend f\u00fcr die Ermittlung des Jackpot-Gewinners. Wenn Sie vorhaben, den Jackpot zu gewinnen, m\u00fcssen Sie unbedingt wissen, worum es sich dabei handelt und wie sie funktionieren.<\/p>\n<p>Grunds\u00e4tzlich ist die Reintegro (\u00fcbersetzt R\u00fcckerstattung auf Englisch) eine der Bonuszahlen, die bei der Auswahl von Gewinnern verwendet werden. Das Complementario (auf Englisch als Complementary \u00fcbersetzt) ist die zweite Bonusnummer.<\/p>\n<p><strong>Um La Primitiva zu spielen, muss ein Spieler f\u00fcnf Hauptzahlen von 1 bis 49 und die Reintegro von 0 bis 9 w\u00e4hlen<\/strong>. Wer einen Schein hat, der mit den gezogenen Zahlen \u00fcbereinstimmt, gewinnt den Jackpot.<\/p>\n<h2>Aber der Reintegro hat noch mehr zu bieten<\/h2>\n<p>Der Reintegro wird im Wesentlichen dazu verwendet, den Gewinner des Jackpots zu ermitteln. Sie m\u00fcssen also mit den f\u00fcnf Hauptzahlen und der Reintegro-Zahl \u00fcbereinstimmen, um den Jackpot zu gewinnen.<\/p>\n<p>Au\u00dferdem wird die Reintegro-Zahl verwendet, um eine weitere Gewinnkategorie zu bestimmen. Spieler, die nur die Reintegro-Zahl treffen, erhalten den Preis ihres Tickets zur\u00fcck. Deshalb wird sie auch &#8220;die R\u00fcckzahlung&#8221; genannt.<\/p>\n<section class=\"layout\" style=\"border: solid 1px; width: 100%;\">\n<div class=\"img-div\" style=\"margin-top: 5px;\"><img decoding=\"async\" class=\"wp-image-17212 alignleft\" style=\"height: 45px; margin: 8px 8px 0px;\" src=\"http:\/\/jackpotlotteryonline.com\/wp-content\/uploads\/2022\/11\/read1.jpg\" alt=\"lesen\" width=\"\" height=\"\" \/><\/div>\n<div style=\"padding-left: 5px;\">\n<div style=\"font-size: 1.1em;\">\n<p><strong>Was ist das Geheimnis des Lotterieerfolgs?<\/strong><\/p>\n<p style=\"font-size: 0.85em; margin-top: -1.5em;\">Wie man erfolgreich Lotto spielt\u00a0<a href=\"https:\/\/jackpotlotteryonline.com\/de\/was-ist-das-geheimnis-des-lotterie-erfolgs\"> mehr lesen<\/a><\/p>\n<\/div>\n<\/div>\n<\/section>\n<h2>Was ist mit dem Complementario?<\/h2>\n<p>Die andere Zusatzzahl ist f\u00fcr den Gewinn des Jackpots nicht relevant, wird aber f\u00fcr die Bestimmung der Gewinnklasse der Abteilung 2 herangezogen. Ein Tipper, der die f\u00fcnf Hauptzahlen und die Complementario-Zahl tippt, gewinnt also einen Preis.<\/p>\n<h2>Verstehen, wie der Joker funktioniert<\/h2>\n<p>Der Joker ist ein weiteres R\u00e4tsel, wenn Sie zum ersten Mal La Primitiva-Lose kaufen, denn er scheint eine ganz andere Gewinnkategorie zu bilden. Tats\u00e4chlich gibt es eine andere Kategorie von Preisen.\u00a0 Er ist jedoch optional, und Sie k\u00f6nnen sich beim Kauf Ihres Lottoscheins daf\u00fcr entscheiden, einen Joker gegen einen Aufpreis hinzuzuf\u00fcgen.<\/p>\n<p>Der Joker \u00e4hnelt eher einer Tombola als einer Lotterie, da die Spieler ihre Zahlen nicht selbst w\u00e4hlen k\u00f6nnen. Wenn Sie sich f\u00fcr den Joker entscheiden, werden sieben Zufallszahlen an Ihren Schein angeh\u00e4ngt. Dadurch wird Ihr Lotterieschein nicht ung\u00fcltig, er ist nur eine Erg\u00e4nzung. Mit dem Joker haben Sie die Chance, bis zu 1 Million \u20ac zu gewinnen. Es gibt sieben Gewinnkategorien. Sie finden sie unten:<\/p>\n<p>1. Preis &#8211; 1.000.000 \u20ac.<\/p>\n<p>2. Preis &#8211; 10.000 Euro<\/p>\n<p>3. Preis &#8211; 1.000 Euro<\/p>\n<p>4. Preis &#8211; 300 Euro<\/p>\n<p>5. Preis &#8211; 50 Euro<\/p>\n<p>6. Preis &#8211; 5 Euro<\/p>\n<p>7. Preis &#8211; 5 Euro<\/p>\n<h2>Gewinn des Jokers<\/h2>\n<p>Wenn Sie sowohl die Lotterie als auch den Joker gewinnen, m\u00fcssen Sie sich f\u00fcr einen der beiden Preise entscheiden, da Sie nicht beide Preise in einer einzigen Ziehung mit einem einzigen Spielschein beanspruchen k\u00f6nnen. Es wird jedoch ein h\u00f6herer Gewinn ausgezahlt.<\/p>\n<h2>Schritte zum Online-Lottospielen<\/h2>\n<p><img loading=\"lazy\" decoding=\"async\" class=\"alignright size-medium wp-image-33512\" src=\"http:\/\/jackpotlotteryonline.com\/wp-content\/uploads\/2022\/11\/2_ticket_la_primitiva2-210x300.jpg\" alt=\"La Primitiva Online-Schein\" width=\"210\" height=\"300\" srcset=\"https:\/\/jackpotlotteryonline.com\/wp-content\/uploads\/2022\/11\/2_ticket_la_primitiva2-210x300.jpg 210w, https:\/\/jackpotlotteryonline.com\/wp-content\/uploads\/2022\/11\/2_ticket_la_primitiva2.jpg 250w\" sizes=\"auto, (max-width: 210px) 100vw, 210px\" \/><\/p>\n<p>Lotto online zu tippen ist eines der einfachsten Vergn\u00fcgen im Leben, vor allem, weil es so bequem und praktisch ist. Sie k\u00f6nnen eine Wette mit nur ein paar Fingertipps abgeben. Im Folgenden finden Sie eine schrittweise Anleitung f\u00fcr die Platzierung Ihrer Wetten auf dieser Website.<\/p>\n<p><strong>Schritt 1<\/strong>: Besuchen Sie die von Ihnen gew\u00e4hlte Website und suchen Sie nach der Lotterie, die Sie spielen m\u00f6chten. Wir bieten Lotterie-Fans Zugang zu einer gro\u00dfen Auswahl an internationalen Lotterien, einschlie\u00dflich La Primitiva.<\/p>\n<p><strong>Schritt 2<\/strong>: W\u00e4hlen Sie die f\u00fcnf Hauptzahlen und die zwei Bonuszahlen. Wenn Sie sich nicht sicher sind, welche Zahlen Sie verwenden m\u00f6chten, k\u00f6nnen Sie den Zufallszahlengenerator auf der Website verwenden. Sie k\u00f6nnen auch mehr als eine Zahlenreihe w\u00e4hlen, um Ihre Gewinnchancen zu erh\u00f6hen.<\/p>\n<p><strong>Schritt 3<\/strong>: <a href=\"https:\/\/jackpotlotteryonline.com\/de\/gewinn-zahlen\/la-primitiva\">Geben Sie die Ziehungen ein<\/a>. Beachten Sie, dass Sie nur an einer einzigen Ziehung teilnehmen k\u00f6nnen, und zwar am Montag. Die anderen Ziehungen finden w\u00f6chentlich statt und Sie k\u00f6nnen an allen teilnehmen, wenn Sie m\u00f6chten.<\/p>\n<p><strong>Schritt 4<\/strong>: Registrieren Sie sich und bezahlen Sie. Wenn Sie auf die Zahlungsseite gelangen, werden Sie aufgefordert, sich zu registrieren. So k\u00f6nnen Sie von Ihrem Konto aus leicht auf Ihr Los zugreifen und wir k\u00f6nnen Sie benachrichtigen, wenn Sie einen Preis gewinnen. Sie brauchen sich nur einmal anzumelden und m\u00fcssen sich danach nur noch in Ihr Konto einloggen.<\/p>\n<p>Das ist alles, was Sie brauchen, um bequem von Ihrem Computer oder Ihrem mobilen Ger\u00e4t aus Zugang zu den besten internationalen Lotterien zu erhalten!<\/p>\n<h2>La Primitiva Ziehungsergebnisse<\/h2>\n<p>Die Ziehungstage sind voller Spannung und viele Lottospieler freuen sich auf sie. An diesem Tag erfahren diejenigen, die an der Ziehung teilgenommen haben, ob sie den Jackpot gewonnen haben. Neben dem Jackpot gibt es noch weitere Preise zu gewinnen, die alle am Tag der Ziehung bekannt gegeben werden.<\/p>\n<p>Die spanische Lotterie veranstaltet drei w\u00f6chentliche Ziehungen am Montag, Donnerstag und Samstag. Das bedeutet, dass die Spieler jede Woche drei Chancen haben, die Lotterie zu gewinnen. Wenn Sie La Primitive \u00fcber das Internet spielen, k\u00f6nnen Sie entweder an der n\u00e4chsten Ziehung oder automatisch an jeder Ziehung teilnehmen. Denken Sie daran, dass Ihre Gewinnchancen umso h\u00f6her sind, je mehr Ziehungen Sie mitmachen.<\/p>\n<p>Wenn die Ziehungen bekannt gegeben werden, k\u00f6nnen die Spieler die Ziehungsergebnisse live mitverfolgen. Wenn Sie daf\u00fcr keine Zeit haben, k\u00f6nnen Sie die Ziehungsergebnisse auch hier abrufen. Wir ver\u00f6ffentlichen nicht nur die Zahlen, die mit allen gezogenen Zahlen \u00fcbereinstimmen, sondern auch die Ergebnisse f\u00fcr die anderen Stufen.<\/p>\n<h2>\u00dcber die La Primitiva-Preise: Was k\u00f6nnen Sie gewinnen?<\/h2>\n<p>Neben dem Hauptgewinn gibt es bei La Primitiva 5 weitere Gewinnklassen. Wenn Sie den Jackpot mitz\u00e4hlen, sind es insgesamt 6 Stufen. Es gibt sogar einen Preis, wenn man nur die Reintegro-Zahl trifft. Diese Preise gehen zwar nicht in die Millionen, aber sie belaufen sich auf mehrere tausend Euro. Sie sind also auf jeden Fall einen Blick wert.<\/p>\n<p>Es ist wichtig zu verstehen, dass es keinen spezifischen Preis f\u00fcr die anderen Stufen gibt, da er von der Anzahl der Spieler f\u00fcr diese Ziehung abh\u00e4ngt. Der Jackpot ist die einzige Gewinnstufe, die garantiert ist. 40 % des Jackpotbetrags werden f\u00fcr die anderen Gewinnklassen verwendet und an die Gewinner in diesen Kategorien verteilt.<\/p>\n<p>Sie k\u00f6nnen sich aber auch f\u00fcr den Joker entscheiden, der Ihre Gewinnchancen erheblich erh\u00f6ht. Der Joker verf\u00fcgt \u00fcber sieben weitere Preiskategorien, die von den Hauptpreiskategorien getrennt sind und La Primitiva-Spielern noch mehr Gewinnchancen bieten.<\/p>\n<h2>Preiskategorien<\/h2>\n<p>Jackpot &#8211; 6 gleiche Hauptzahlen + Reintegro<\/p>\n<p>Abteilung 1 &#8211; 6 gleiche Hauptzahlen<\/p>\n<p>Abteilung 2 &#8211; 5 gleiche Hauptzahlen + Gratiszahl<\/p>\n<p>Abteilung 3 &#8211; 5 gleiche Hauptzahlen<\/p>\n<p>Division 4 &#8211; 4 gleiche Hauptzahlen<\/p>\n<p>Abteilung 5 &#8211; \u00dcbereinstimmung mit 3 Hauptnummern<\/p>\n<p>Reintegro &#8211; \u00dcbereinstimmung nur mit der Reintegro-Nummer<\/p>\n<h2>Wie Sie Ihre Gewinne abheben k\u00f6nnen<\/h2>\n<p>Spieler fragen sich oft, wie sie Zugang zu ihren Gewinnen erhalten, wenn sie im Internet spielen. Die Antwort darauf h\u00e4ngt wirklich von der Lottoseite ab, die Sie benutzen. Einige Lotterieseiten sind nicht sehr gro\u00dfz\u00fcgig bei der Auszahlung von Gewinnen, aber Sie werden feststellen, dass dies eher die Ausnahme als die Regel ist. Nichtsdestotrotz ist es immer eine gute Idee, auf Nummer sicher zu gehen und bei einem vertrauensw\u00fcrdigen Lotterieanbieter zu bleiben.<\/p>\n<p>Wenn Sie bei uns Lotto spielen, k\u00f6nnen Sie sich Ihre Gewinne problemlos auszahlen lassen. Wir haben unser System so konzipiert, dass es maximal benutzerfreundlich ist und keinen Stress verursacht. Mit mehreren Auszahlungsoptionen bieten wir Ihnen eine sichere Methode, um an Ihre Gewinne zu gelangen.<\/p>\n<p>Wenn Ihr Gewinn einen bestimmten Betrag \u00fcbersteigt (z. B. wenn Sie den Jackpot knacken), m\u00fcssen Sie sich bei der Lotteriegesellschaft ausweisen. Aber keine Sorge, wir stellen Ihnen ein Formular zur Verf\u00fcgung, das Sie ausf\u00fcllen k\u00f6nnen, und sobald Sie das getan haben, werden wir die Anspr\u00fcche f\u00fcr Sie bearbeiten.<\/p>\n<h2>Spielen Sie mit uns um eine Chance auf einen gro\u00dfen Gewinn<\/h2>\n<p>Es ist sehr wichtig, wo Sie Ihre Wette platzieren, und auf unserer Website haben wir unser Bestes getan, um einen sicheren Ort f\u00fcr Spieler aus aller Welt zu schaffen. Mit einer gro\u00dfen Auswahl an internationalen Lotterien k\u00f6nnen Sie aus jedem Spiel w\u00e4hlen, einschlie\u00dflich La Primitiva. Die Jackpot-Preise sind gro\u00df, aber denken Sie daran, dass die meisten Lotteriespiele mehrere Preisstufen haben, mit teilweise sehr gro\u00dfz\u00fcgigen Betr\u00e4gen.<\/p>\n<p>Wenn Sie bereit sind f\u00fcr einen gro\u00dfen Gewinn bei La Primitiva, besuchen Sie uns jetzt und platzieren Sie Ihre Eins\u00e4tze. Mit drei w\u00f6chentlichen Ziehungen bietet die spanische Lotterie den Spielern jede Woche mehrere Chancen, den Jackpot zu knacken. Bei jackpotlotteryonline.com gibt es immer eine Ziehung, an der Sie teilnehmen k\u00f6nnen, und Sie wissen nie, ob heute der Tag ist, an dem Sie gro\u00df gewinnen werden.<\/p>\n","protected":false},"excerpt":{"rendered":"<p>Die spanische Lotterie ist eine der beliebtesten Lotterien in Europa und zieht Lottofans im ganzen Land an. La Primitiva ist auch eine der \u00e4ltesten Lotterien der Welt. Sie wurde 1763 gegr\u00fcndet und erfreut seit fast 260 Jahren die Lottofans im Land. Fr\u00fcher war die Teilnahme an dieser Lotterie nur den Spielern vorbehalten, die in diesem [&hellip;]<\/p>\n","protected":false},"author":1,"featured_media":0,"parent":35692,"menu_order":7,"comment_status":"closed","ping_status":"closed","template":"la-primitiva.php","meta":{"_et_pb_use_builder":"","_et_pb_old_content":"","_et_gb_content_width":"","exclude_from_search":false,"footnotes":""},"class_list":["post-39195","page","type-page","status-publish","hentry"],"yoast_head":"<!-- This site is optimized with the Yoast SEO plugin v23.3 - https:\/\/yoast.com\/wordpress\/plugins\/seo\/ -->\n<title>Spielen Sie die spanische Online-Lotterie La Primitiva von jedem Land aus<\/title>\n<meta name=\"description\" content=\"Wie Sie La Primitiva spielen und von jedem Ort der Welt aus gro\u00df gewinnen k\u00f6nnen. Erfahren Sie, wie man die Lotterie online spielt und welche Preise man gewinnen kann.\" \/>\n<meta name=\"robots\" content=\"index, follow, max-snippet:-1, max-image-preview:large, max-video-preview:-1\" \/>\n<link rel=\"canonical\" href=\"https:\/\/jackpotlotteryonline.com\/de\/wie-man-spielt\/la-primitiva-2\/\" \/>\n<meta property=\"og:locale\" content=\"de_DE\" \/>\n<meta property=\"og:type\" content=\"article\" \/>\n<meta property=\"og:title\" content=\"Spielen Sie die spanische Online-Lotterie La Primitiva von jedem Land aus\" \/>\n<meta property=\"og:description\" content=\"Wie Sie La Primitiva spielen und von jedem Ort der Welt aus gro\u00df gewinnen k\u00f6nnen. Erfahren Sie, wie man die Lotterie online spielt und welche Preise man gewinnen kann.\" \/>\n<meta property=\"og:url\" content=\"https:\/\/jackpotlotteryonline.com\/de\/wie-man-spielt\/la-primitiva-2\/\" \/>\n<meta property=\"og:site_name\" content=\"Lotto Online - Crack The International Lottery Jackpots\" \/>\n<meta property=\"article:modified_time\" content=\"2023-01-03T08:51:02+00:00\" \/>\n<meta property=\"og:image\" content=\"http:\/\/jackpotlotteryonline.com\/wp-content\/uploads\/2022\/11\/1_lotto_jackpot_online-257x300.jpg\" \/>\n<meta name=\"twitter:card\" content=\"summary_large_image\" \/>\n<meta name=\"twitter:label1\" content=\"Gesch\u00e4tzte Lesezeit\" \/>\n\t<meta name=\"twitter:data1\" content=\"8\u00a0Minuten\" \/>\n<!-- \/ Yoast SEO plugin. -->","yoast_head_json":{"title":"Spielen Sie die spanische Online-Lotterie La Primitiva von jedem Land aus","description":"Wie Sie La Primitiva spielen und von jedem Ort der Welt aus gro\u00df gewinnen k\u00f6nnen. Erfahren Sie, wie man die Lotterie online spielt und welche Preise man gewinnen kann.","robots":{"index":"index","follow":"follow","max-snippet":"max-snippet:-1","max-image-preview":"max-image-preview:large","max-video-preview":"max-video-preview:-1"},"canonical":"https:\/\/jackpotlotteryonline.com\/de\/wie-man-spielt\/la-primitiva-2\/","og_locale":"de_DE","og_type":"article","og_title":"Spielen Sie die spanische Online-Lotterie La Primitiva von jedem Land aus","og_description":"Wie Sie La Primitiva spielen und von jedem Ort der Welt aus gro\u00df gewinnen k\u00f6nnen. Erfahren Sie, wie man die Lotterie online spielt und welche Preise man gewinnen kann.","og_url":"https:\/\/jackpotlotteryonline.com\/de\/wie-man-spielt\/la-primitiva-2\/","og_site_name":"Lotto Online - Crack The International Lottery Jackpots","article_modified_time":"2023-01-03T08:51:02+00:00","og_image":[{"url":"http:\/\/jackpotlotteryonline.com\/wp-content\/uploads\/2022\/11\/1_lotto_jackpot_online-257x300.jpg"}],"twitter_card":"summary_large_image","twitter_misc":{"Gesch\u00e4tzte Lesezeit":"8\u00a0Minuten"},"schema":{"@context":"https:\/\/schema.org","@graph":[{"@type":"WebPage","@id":"https:\/\/jackpotlotteryonline.com\/de\/wie-man-spielt\/la-primitiva-2\/","url":"https:\/\/jackpotlotteryonline.com\/de\/wie-man-spielt\/la-primitiva-2\/","name":"Spielen Sie die spanische Online-Lotterie La Primitiva von jedem Land aus","isPartOf":{"@id":"https:\/\/jackpotlotteryonline.com\/#website"},"primaryImageOfPage":{"@id":"https:\/\/jackpotlotteryonline.com\/de\/wie-man-spielt\/la-primitiva-2\/#primaryimage"},"image":{"@id":"https:\/\/jackpotlotteryonline.com\/de\/wie-man-spielt\/la-primitiva-2\/#primaryimage"},"thumbnailUrl":"http:\/\/jackpotlotteryonline.com\/wp-content\/uploads\/2022\/11\/1_lotto_jackpot_online-257x300.jpg","datePublished":"2022-11-22T08:14:59+00:00","dateModified":"2023-01-03T08:51:02+00:00","description":"Wie Sie La Primitiva spielen und von jedem Ort der Welt aus gro\u00df gewinnen k\u00f6nnen. Erfahren Sie, wie man die Lotterie online spielt und welche Preise man gewinnen kann.","breadcrumb":{"@id":"https:\/\/jackpotlotteryonline.com\/de\/wie-man-spielt\/la-primitiva-2\/#breadcrumb"},"inLanguage":"de","potentialAction":[{"@type":"ReadAction","target":["https:\/\/jackpotlotteryonline.com\/de\/wie-man-spielt\/la-primitiva-2\/"]}]},{"@type":"ImageObject","inLanguage":"de","@id":"https:\/\/jackpotlotteryonline.com\/de\/wie-man-spielt\/la-primitiva-2\/#primaryimage","url":"http:\/\/jackpotlotteryonline.com\/wp-content\/uploads\/2022\/11\/1_lotto_jackpot_online-257x300.jpg","contentUrl":"http:\/\/jackpotlotteryonline.com\/wp-content\/uploads\/2022\/11\/1_lotto_jackpot_online-257x300.jpg"},{"@type":"BreadcrumbList","@id":"https:\/\/jackpotlotteryonline.com\/de\/wie-man-spielt\/la-primitiva-2\/#breadcrumb","itemListElement":[{"@type":"ListItem","position":1,"name":"Home","item":"https:\/\/jackpotlotteryonline.com\/de\/"},{"@type":"ListItem","position":2,"name":"Wie man spielt","item":"https:\/\/jackpotlotteryonline.com\/de\/wie-man-spielt\/"},{"@type":"ListItem","position":3,"name":"La Primitiva online spielen"}]},{"@type":"WebSite","@id":"https:\/\/jackpotlotteryonline.com\/#website","url":"https:\/\/jackpotlotteryonline.com\/","name":"Lotto Online - Crack The International Lottery Jackpots","description":"","potentialAction":[{"@type":"SearchAction","target":{"@type":"EntryPoint","urlTemplate":"https:\/\/jackpotlotteryonline.com\/?s={search_term_string}"},"query-input":"required name=search_term_string"}],"inLanguage":"de"}]}},"_links":{"self":[{"href":"https:\/\/jackpotlotteryonline.com\/de\/wp-json\/wp\/v2\/pages\/39195","targetHints":{"allow":["GET"]}}],"collection":[{"href":"https:\/\/jackpotlotteryonline.com\/de\/wp-json\/wp\/v2\/pages"}],"about":[{"href":"https:\/\/jackpotlotteryonline.com\/de\/wp-json\/wp\/v2\/types\/page"}],"author":[{"embeddable":true,"href":"https:\/\/jackpotlotteryonline.com\/de\/wp-json\/wp\/v2\/users\/1"}],"replies":[{"embeddable":true,"href":"https:\/\/jackpotlotteryonline.com\/de\/wp-json\/wp\/v2\/comments?post=39195"}],"version-history":[{"count":0,"href":"https:\/\/jackpotlotteryonline.com\/de\/wp-json\/wp\/v2\/pages\/39195\/revisions"}],"up":[{"embeddable":true,"href":"https:\/\/jackpotlotteryonline.com\/de\/wp-json\/wp\/v2\/pages\/35692"}],"wp:attachment":[{"href":"https:\/\/jackpotlotteryonline.com\/de\/wp-json\/wp\/v2\/media?parent=39195"}],"curies":[{"name":"wp","href":"https:\/\/api.w.org\/{rel}","templated":true}]}}