{"id":39282,"date":"2022-11-23T07:53:00","date_gmt":"2022-11-23T07:53:00","guid":{"rendered":"https:\/\/jackpotlotteryonline.com\/?page_id=39282"},"modified":"2023-01-03T09:49:13","modified_gmt":"2023-01-03T09:49:13","slug":"lotto-america-2","status":"publish","type":"page","link":"https:\/\/jackpotlotteryonline.com\/de\/wie-man-spielt\/lotto-america-2\/","title":{"rendered":"Lotto Amerika online spielen"},"content":{"rendered":"<p>M\u00f6chten Sie lernen, wie Sie von \u00fcberall auf der Welt auf Lotto America wetten k\u00f6nnen? Die USA haben einige der gr\u00f6\u00dften Lotterien der Welt, wie Lotto America. Interessanterweise ist dies auch eine Lotterie, die oft zugunsten ihrer viel gr\u00f6\u00dferen Cousins, Powerball und Mega Millions, \u00fcbersehen wird. Es gibt jedoch einige erfahrene Tipper, die wissen, wie unglaublich hoch der Jackpot ist und dass die Gewinnchancen bei diesem Lotto viel geringer sind als beispielsweise beim US Powerball. Wenn Sie also auf der Suche nach einem US-Lotto sind, bei dem Sie eine h\u00f6here Chance haben, den Jackpot zu knacken als bei anderen Lotterien, dann sollten Sie sich Lotto America ansehen.<\/p>\n<p>Es stimmt, dass Lotto America ein in den USA ans\u00e4ssiges Lotto ist und die Scheine daher in den USA verkauft werden. Sie k\u00f6nnen Ihre Spielscheine f\u00fcr diese Lotterie jedoch \u00fcber eine Website wie jackpotlotteryonline.com erwerben. Wir werden Ihnen einige Details dar\u00fcber mitteilen und unser Bestes tun, um h\u00e4ufige Fragen zu Lotto America zu beantworten, die uns gestellt wurden.<\/p>\n<p>Lesen Sie weiter, um mehr \u00fcber Lotto America zu erfahren und wie Sie sich durch den Kauf von Spielscheinen und die Abholung Ihrer Gewinne navigieren k\u00f6nnen.<\/p>\n<section class=\"layout\" style=\"border: solid 1px; width: 100%;\">\n<div class=\"img-div\" style=\"margin-top: 5px;\"><img decoding=\"async\" class=\"wp-image-17212 alignleft\" style=\"height: 45px; margin: 8px 8px 0px;\" src=\"http:\/\/jackpotlotteryonline.com\/wp-content\/uploads\/2022\/11\/read1.jpg\" alt=\"Lesen Sie \" width=\"\" height=\"\" \/><\/div>\n<div style=\"padding-left: 5px;\">\n<div style=\"font-size: 1.1em;\">\n<p><strong>Lotto-Gewinnzahlen manuell oder mit Hilfe eines RNG tippen<\/strong><\/p>\n<p style=\"font-size: 0.85em; margin-top: -1.5em;\">Wie generiert man Lotto-Gewinnzahlen? <a href=\"https:\/\/jackpotlotteryonline.com\/de\/wie-man-gewinnzahlen-im-lotto-generiert\">mehr lesen<\/a><\/p>\n<\/div>\n<\/div>\n<\/section>\n<h2>Ein wenig \u00fcber Lotto America<\/h2>\n<p><img loading=\"lazy\" decoding=\"async\" class=\"alignright size-full wp-image-29534\" src=\"http:\/\/jackpotlotteryonline.com\/wp-content\/uploads\/2022\/11\/1_results_lottery_online5.jpg\" alt=\"Lotto Amerika online spielen \" width=\"300\" height=\"200\" \/><\/p>\n<p>Im Vergleich zu anderen Lotterien auf der ganzen Welt ist Lotto America relativ neu. Es wurde 2017 gegr\u00fcndet und l\u00e4uft erst seit 5 Jahren. Es wurde gegr\u00fcndet, um Hot Lotto zu ersetzen, das mit einer Menge Skandale behaftet war. Wir werden Sie nicht mit den Details langweilen, es reicht zu wissen, dass Lotto America in den 5 Jahren seines Betriebs skandalfrei war.<\/p>\n<p>Lotto America ist eine Mehrstaatenlotterie, was bedeutet, dass sie von mehreren Staaten Amerikas angeboten wird. Die Einwohner dieser Staaten k\u00f6nnen problemlos Spielscheine f\u00fcr Lotto America kaufen, indem sie in eine beliebige Lottoannahmestelle in dem jeweiligen Staat gehen. Aber was passiert, wenn Sie au\u00dferhalb der USA leben?<\/p>\n<p>F\u00fcr die Spieler, die au\u00dferhalb der USA leben und an Lotto America teilnehmen m\u00f6chten, gibt es eine einfache L\u00f6sung. Das Internet hat es Spielern auf der ganzen Welt erm\u00f6glicht, an internationalen Top-Lotterien teilzunehmen, indem sie ihre Eins\u00e4tze \u00fcber einen Online-Lottoanbieter platzieren. Im Folgenden geben wir Ihnen Tipps, wie Sie Lotto America online spielen k\u00f6nnen.<\/p>\n<h2>Lotto America online spielen<\/h2>\n<p>Der erste Schritt, um Lotto America online zu spielen, besteht darin, eine Website zu finden, auf der Sie die <a href=\"https:\/\/jackpotlotteryonline.com\/de\/spielscheine-kaufen\/lotto-america\">Spielscheine kaufen k\u00f6nnen<\/a>. Dies scheint ein wenig offensichtlich zu sein, aber Sie werden in einer Minute sehen, dass es nicht so einfach ist, wie es scheint.<\/p>\n<p>In Wahrheit gibt es mehrere Websites, die behaupten, Spielern die M\u00f6glichkeit zu bieten, bei Lotto America mitzumachen. Sie bieten jedoch nur die M\u00f6glichkeit, auf den Ausgang des Lottos zu wetten. Wenn Sie auf dieser Website Spielscheine kaufen, haben Sie nicht wirklich an Lotto America teilgenommen, und selbst wenn Sie alle gezogenen Zahlen richtig haben, werden Sie den Jackpot nicht gewinnen. Die Wahl der Seite, die Sie benutzen, ist also sehr wichtig.<\/p>\n<p><strong>Sobald Sie sich f\u00fcr eine Seite entschieden haben, folgen Sie den folgenden Schritten:<\/strong><\/p>\n<ol>\n<li>Besuchen Sie die gew\u00fcnschte Seite und klicken Sie auf Lotto America<\/li>\n<li>W\u00e4hlen Sie 5 Zahlen aus einem Bereich von 1 bis 52 (wenn Sie sich nicht sicher sind, welche Zahlen Sie verwenden sollen, versuchen Sie es mit dem automatischen Zahlengenerator)<\/li>\n<li>W\u00e4hlen Sie als N\u00e4chstes eine Zusatzzahl (den Star Ball) von 1 bis 10<\/li>\n<li>Kaufen Sie zus\u00e4tzliche Zahlenreihen f\u00fcr eine h\u00f6here Gewinnchance<\/li>\n<li><a href=\"https:\/\/jackpotlotteryonline.com\/de\/gewinn-zahlen\/lotto-america\">Nehmen Sie an den Ziehungen teil<\/a> (Sie k\u00f6nnen an mehr als einer Ziehung teilnehmen)<\/li>\n<li>Registrieren Sie sich und bezahlen Sie f\u00fcr Ihre Teilnahme.<\/li>\n<\/ol>\n<h2>Worum geht es beim Abonnement-Service?<\/h2>\n<p>Wenn Sie eine Website wie die unsere nutzen, gibt es einen so genannten Abonnement-Service, der ein nahtloses und stressfreies Wetten erm\u00f6glicht. Es ist zwar v\u00f6llig in Ordnung, einmalig zu spielen (wenn Sie das bevorzugen), aber die meisten Spieler spielen h\u00e4ufig. Der beste Weg, bei Lotto America zu gewinnen, ist, regelm\u00e4\u00dfig zu tippen, und genau darum geht es bei diesem Service.<\/p>\n<p>Sie k\u00f6nnen es so einstellen, dass Sie automatisch f\u00fcr zuk\u00fcnftige Ziehungen eingetragen werden. Lotto America hat 3 Ziehungstage pro Woche: Montags, mittwochs und samstags. Seien wir ehrlich, es kann ein bisschen anstrengend sein, sich daran zu erinnern, die Scheine f\u00fcr jede Ziehung zu kaufen, aber daf\u00fcr sind wir ja da.<\/p>\n<p>Sobald Sie den Abo-Service eingerichtet haben, k\u00f6nnen Sie sich entspannen und wissen, dass Sie keine Ziehung von Lotto America verpassen werden.<\/p>\n<h2>\u00dcber unsere Concierge-Dienste<\/h2>\n<p>Wir haben die Gefahren erw\u00e4hnt, die entstehen, wenn Sie einfach irgendeine Seite im Internet nutzen, um Lotto America zu spielen. Aber woher wissen Sie, dass Sie Lotto America betreten, wenn Sie auf unserer Seite spielen? Nun, das ist ganz einfach. Wir bieten einen Service, der Ihnen hilft, Ihren Schein in dem Land zu kaufen, in dem die Lotterie gespielt wird. Wir unterst\u00fctzen Sie auch bei der Geltendmachung Ihrer Anspr\u00fcche, wenn Sie gewinnen. Im Grunde k\u00f6nnen Sie sich uns als einen Concierge-Service f\u00fcr Lottospieler vorstellen.<\/p>\n<p>Wenn Sie Lotto America auf unserer Website spielen, geschieht Folgendes. Sobald Sie Ihre Zahlen ausgew\u00e4hlt und die Zahlung geleistet haben, kauft unser Vertreter in den USA einen physischen Schein mit Ihren Zahlen. Dieser ist nat\u00fcrlich f\u00fcr die von Ihnen gew\u00e4hlte Ziehung bestimmt. Dieser Schein wird dann gescannt und auf Ihr Konto hochgeladen.<\/p>\n<p>Dies ist eine v\u00f6llig legale M\u00f6glichkeit, Lotto America von jedem Ort der Welt aus zu spielen. Au\u00dferdem wird so sichergestellt, dass Sie wirklich an der Lotterie Ihrer Wahl teilnehmen.<\/p>\n<h2>\u00dcberpr\u00fcfen der Ziehungen<\/h2>\n<p><img loading=\"lazy\" decoding=\"async\" class=\"alignright size-full wp-image-30506\" src=\"http:\/\/jackpotlotteryonline.com\/wp-content\/uploads\/2022\/11\/3_screen_buy_lotto_tickets_online.jpg\" alt=\"Lotto America Ziehungen\" width=\"300\" height=\"217\" \/><\/p>\n<p>Lotto America hat drei Ziehungstage pro Woche: Montag, Mittwoch und Samstag. W\u00e4hrend der Ziehungen wird der Gewinnerschein bekannt gegeben. Um den Jackpot zu gewinnen, muss Ihr Schein mit den sechs gezogenen Zahlen \u00fcbereinstimmen. Die Jackpot-Preise bei Lotto America beginnen bei 2 Millionen Dollar und k\u00f6nnen weiterlaufen, wenn es nach einer Ziehung keinen Gewinner gibt.<\/p>\n<p>Da er nach jeder Ziehung weiterl\u00e4uft (wenn es keinen Gewinner gibt), kann er bis zu 18 Millionen Dollar erreichen. Das ist eine stattliche Gewinnsumme, oder?<\/p>\n<p>Nach jeder Ziehung k\u00f6nnen Sie auf unserer Website nachsehen, ob Sie einen Preis gewonnen haben. Lotto America hat 9 verschiedene Preiskategorien, und wenn Sie einen Preis gewinnen, schicken wir Ihnen eine E-Mail mit einer Benachrichtigung.<\/p>\n<h2>Wie Sie Ihre Gewinne einfordern<\/h2>\n<p>Eine Frage, die wir oft von Spielern h\u00f6ren, ist, wie sie ihre Gewinne abrufen k\u00f6nnen, wenn sie online an Lotto America teilnehmen. Wenn Sie Lotto America-Scheine \u00fcber unsere Website kaufen, bieten wir Ihnen eine einfache und problemlose Methode, um Ihre Gewinne einzufordern. Gewinne bis zu einer H\u00f6he von 2500 \u20ac werden Ihrem Konto gutgeschrieben und Sie k\u00f6nnen sie ohne zus\u00e4tzliche Kosten abheben.<\/p>\n<p>Wenn Sie eine gr\u00f6\u00dfere Summe gewinnen, ist das Verfahren etwas anders. Wir stellen Ihnen ein Antragsformular zur Verf\u00fcgung, das Sie ausf\u00fcllen m\u00fcssen, und sobald Sie das getan haben, bearbeiten wir den Antrag f\u00fcr Sie. Der Grund daf\u00fcr ist, dass Sie sich ausweisen m\u00fcssen. Au\u00dferdem kann es sein, dass Sie bei einigen Lotteriegesellschaften pers\u00f6nlich erscheinen m\u00fcssen, um gr\u00f6\u00dfere Betr\u00e4ge abzuholen. Sollte dies der Fall sein, werden wir Sie umgehend dar\u00fcber informieren.<\/p>\n<h2>Kaufen Sie Ihre Spielscheine bei Lotto America mit uns<\/h2>\n<p>Wir haben Jahre damit verbracht, moderne Technologie zu nutzen und umfangreiche Erfahrungen zu sammeln, um einen Ort zu schaffen, an dem Spieler sicher Lose kaufen k\u00f6nnen. Sie k\u00f6nnen ganz einfach Spielscheine f\u00fcr Lotto America oder jede andere internationale Lotterie kaufen, die wir auf unserer Website anbieten.<\/p>\n<p>Kaufen Sie Ihren Schein noch heute bei uns, indem Sie Lotto America eingeben. Wir k\u00fcmmern uns um die Details, damit Sie das tun k\u00f6nnen, was Sie am liebsten tun. Besuchen Sie jackpotlotteryonline.com f\u00fcr weitere Informationen.<\/p>\n","protected":false},"excerpt":{"rendered":"<p>M\u00f6chten Sie lernen, wie Sie von \u00fcberall auf der Welt auf Lotto America wetten k\u00f6nnen? Die USA haben einige der gr\u00f6\u00dften Lotterien der Welt, wie Lotto America. Interessanterweise ist dies auch eine Lotterie, die oft zugunsten ihrer viel gr\u00f6\u00dferen Cousins, Powerball und Mega Millions, \u00fcbersehen wird. Es gibt jedoch einige erfahrene Tipper, die wissen, wie [&hellip;]<\/p>\n","protected":false},"author":1,"featured_media":0,"parent":35692,"menu_order":13,"comment_status":"closed","ping_status":"closed","template":"lotto-america.php","meta":{"_et_pb_use_builder":"","_et_pb_old_content":"","_et_gb_content_width":"","exclude_from_search":false,"footnotes":""},"class_list":["post-39282","page","type-page","status-publish","hentry"],"yoast_head":"<!-- This site is optimized with the Yoast SEO plugin v23.3 - https:\/\/yoast.com\/wordpress\/plugins\/seo\/ -->\n<title>Lotto Amerika online spielen - Lotto Online - Crack The International Lottery Jackpots<\/title>\n<meta name=\"robots\" content=\"index, follow, max-snippet:-1, max-image-preview:large, max-video-preview:-1\" \/>\n<link rel=\"canonical\" href=\"https:\/\/jackpotlotteryonline.com\/de\/wie-man-spielt\/lotto-america-2\/\" \/>\n<meta property=\"og:locale\" content=\"de_DE\" \/>\n<meta property=\"og:type\" content=\"article\" \/>\n<meta property=\"og:title\" content=\"Lotto Amerika online spielen - Lotto Online - Crack The International Lottery Jackpots\" \/>\n<meta property=\"og:description\" content=\"M\u00f6chten Sie lernen, wie Sie von \u00fcberall auf der Welt auf Lotto America wetten k\u00f6nnen? Die USA haben einige der gr\u00f6\u00dften Lotterien der Welt, wie Lotto America. Interessanterweise ist dies auch eine Lotterie, die oft zugunsten ihrer viel gr\u00f6\u00dferen Cousins, Powerball und Mega Millions, \u00fcbersehen wird. Es gibt jedoch einige erfahrene Tipper, die wissen, wie [&hellip;]\" \/>\n<meta property=\"og:url\" content=\"https:\/\/jackpotlotteryonline.com\/de\/wie-man-spielt\/lotto-america-2\/\" \/>\n<meta property=\"og:site_name\" content=\"Lotto Online - Crack The International Lottery Jackpots\" \/>\n<meta property=\"article:modified_time\" content=\"2023-01-03T09:49:13+00:00\" \/>\n<meta property=\"og:image\" content=\"http:\/\/jackpotlotteryonline.com\/wp-content\/uploads\/2022\/11\/read1.jpg\" \/>\n<meta name=\"twitter:card\" content=\"summary_large_image\" \/>\n<meta name=\"twitter:label1\" content=\"Gesch\u00e4tzte Lesezeit\" \/>\n\t<meta name=\"twitter:data1\" content=\"7\u00a0Minuten\" \/>\n<!-- \/ Yoast SEO plugin. -->","yoast_head_json":{"title":"Lotto Amerika online spielen - Lotto Online - Crack The International Lottery Jackpots","robots":{"index":"index","follow":"follow","max-snippet":"max-snippet:-1","max-image-preview":"max-image-preview:large","max-video-preview":"max-video-preview:-1"},"canonical":"https:\/\/jackpotlotteryonline.com\/de\/wie-man-spielt\/lotto-america-2\/","og_locale":"de_DE","og_type":"article","og_title":"Lotto Amerika online spielen - Lotto Online - Crack The International Lottery Jackpots","og_description":"M\u00f6chten Sie lernen, wie Sie von \u00fcberall auf der Welt auf Lotto America wetten k\u00f6nnen? Die USA haben einige der gr\u00f6\u00dften Lotterien der Welt, wie Lotto America. Interessanterweise ist dies auch eine Lotterie, die oft zugunsten ihrer viel gr\u00f6\u00dferen Cousins, Powerball und Mega Millions, \u00fcbersehen wird. Es gibt jedoch einige erfahrene Tipper, die wissen, wie [&hellip;]","og_url":"https:\/\/jackpotlotteryonline.com\/de\/wie-man-spielt\/lotto-america-2\/","og_site_name":"Lotto Online - Crack The International Lottery Jackpots","article_modified_time":"2023-01-03T09:49:13+00:00","og_image":[{"url":"http:\/\/jackpotlotteryonline.com\/wp-content\/uploads\/2022\/11\/read1.jpg"}],"twitter_card":"summary_large_image","twitter_misc":{"Gesch\u00e4tzte Lesezeit":"7\u00a0Minuten"},"schema":{"@context":"https:\/\/schema.org","@graph":[{"@type":"WebPage","@id":"https:\/\/jackpotlotteryonline.com\/de\/wie-man-spielt\/lotto-america-2\/","url":"https:\/\/jackpotlotteryonline.com\/de\/wie-man-spielt\/lotto-america-2\/","name":"Lotto Amerika online spielen - Lotto Online - Crack The International Lottery Jackpots","isPartOf":{"@id":"https:\/\/jackpotlotteryonline.com\/#website"},"primaryImageOfPage":{"@id":"https:\/\/jackpotlotteryonline.com\/de\/wie-man-spielt\/lotto-america-2\/#primaryimage"},"image":{"@id":"https:\/\/jackpotlotteryonline.com\/de\/wie-man-spielt\/lotto-america-2\/#primaryimage"},"thumbnailUrl":"http:\/\/jackpotlotteryonline.com\/wp-content\/uploads\/2022\/11\/read1.jpg","datePublished":"2022-11-23T07:53:00+00:00","dateModified":"2023-01-03T09:49:13+00:00","breadcrumb":{"@id":"https:\/\/jackpotlotteryonline.com\/de\/wie-man-spielt\/lotto-america-2\/#breadcrumb"},"inLanguage":"de","potentialAction":[{"@type":"ReadAction","target":["https:\/\/jackpotlotteryonline.com\/de\/wie-man-spielt\/lotto-america-2\/"]}]},{"@type":"ImageObject","inLanguage":"de","@id":"https:\/\/jackpotlotteryonline.com\/de\/wie-man-spielt\/lotto-america-2\/#primaryimage","url":"http:\/\/jackpotlotteryonline.com\/wp-content\/uploads\/2022\/11\/read1.jpg","contentUrl":"http:\/\/jackpotlotteryonline.com\/wp-content\/uploads\/2022\/11\/read1.jpg"},{"@type":"BreadcrumbList","@id":"https:\/\/jackpotlotteryonline.com\/de\/wie-man-spielt\/lotto-america-2\/#breadcrumb","itemListElement":[{"@type":"ListItem","position":1,"name":"Home","item":"https:\/\/jackpotlotteryonline.com\/de\/"},{"@type":"ListItem","position":2,"name":"Wie man spielt","item":"https:\/\/jackpotlotteryonline.com\/de\/wie-man-spielt\/"},{"@type":"ListItem","position":3,"name":"Lotto Amerika online spielen"}]},{"@type":"WebSite","@id":"https:\/\/jackpotlotteryonline.com\/#website","url":"https:\/\/jackpotlotteryonline.com\/","name":"Lotto Online - Crack The International Lottery Jackpots","description":"","potentialAction":[{"@type":"SearchAction","target":{"@type":"EntryPoint","urlTemplate":"https:\/\/jackpotlotteryonline.com\/?s={search_term_string}"},"query-input":"required name=search_term_string"}],"inLanguage":"de"}]}},"_links":{"self":[{"href":"https:\/\/jackpotlotteryonline.com\/de\/wp-json\/wp\/v2\/pages\/39282","targetHints":{"allow":["GET"]}}],"collection":[{"href":"https:\/\/jackpotlotteryonline.com\/de\/wp-json\/wp\/v2\/pages"}],"about":[{"href":"https:\/\/jackpotlotteryonline.com\/de\/wp-json\/wp\/v2\/types\/page"}],"author":[{"embeddable":true,"href":"https:\/\/jackpotlotteryonline.com\/de\/wp-json\/wp\/v2\/users\/1"}],"replies":[{"embeddable":true,"href":"https:\/\/jackpotlotteryonline.com\/de\/wp-json\/wp\/v2\/comments?post=39282"}],"version-history":[{"count":0,"href":"https:\/\/jackpotlotteryonline.com\/de\/wp-json\/wp\/v2\/pages\/39282\/revisions"}],"up":[{"embeddable":true,"href":"https:\/\/jackpotlotteryonline.com\/de\/wp-json\/wp\/v2\/pages\/35692"}],"wp:attachment":[{"href":"https:\/\/jackpotlotteryonline.com\/de\/wp-json\/wp\/v2\/media?parent=39282"}],"curies":[{"name":"wp","href":"https:\/\/api.w.org\/{rel}","templated":true}]}}