{"id":39477,"date":"2022-11-24T11:19:49","date_gmt":"2022-11-24T11:19:49","guid":{"rendered":"https:\/\/jackpotlotteryonline.com\/?page_id=39477"},"modified":"2023-01-03T17:30:25","modified_gmt":"2023-01-03T17:30:25","slug":"mega-sena-2","status":"publish","type":"page","link":"https:\/\/jackpotlotteryonline.com\/de\/wie-man-spielt\/mega-sena-2\/","title":{"rendered":"Mega-Sena-Lotterie online spielen"},"content":{"rendered":"<p>M\u00f6chten Sie von jedem Ort der Welt aus Lose f\u00fcr die Mega-Sena-Lotterie kaufen? Mega-Sena ist die gr\u00f6\u00dfte Lotterie Brasiliens und l\u00e4uft seit 1996. Millionen von Lottofans in Brasilien beeilen sich, vor jeder Ziehung Mega-Sena-Scheine zu kaufen, und jetzt k\u00f6nnen auch Spieler in der ganzen Welt an der Chance teilnehmen, Millionen von Real zu gewinnen.<\/p>\n<p>Vielleicht ist Mega-Sena auch deshalb so beliebt, weil es von einer Bank betrieben wird, die die gr\u00f6\u00dfte staatliche Bank Brasiliens ist. Es muss etwas Beruhigendes und Zuverl\u00e4ssiges haben, Lose f\u00fcr eine Lotterie zu kaufen, die einer Bank geh\u00f6rt.<\/p>\n<p>F\u00fcr diejenigen, die au\u00dferhalb Brasiliens leben, ist die Teilnahme an der Mega-Sena-Lotterie nicht l\u00e4nger ein unerreichbarer Wunsch. Unabh\u00e4ngig davon, wo Sie leben, k\u00f6nnen Sie bei Mega-Sena mitmachen, solange Sie das gesetzliche Mindestalter erreicht haben, versteht sich. Wenn Sie wissen m\u00f6chten, wie Sie Zugang zu den brasilianischen Lottoscheinen bekommen k\u00f6nnen, lesen Sie weiter.<\/p>\n<p>Mega-Sena ist nicht das einzige Lotto, das Sie von \u00fcberall aus spielen k\u00f6nnen. Besuchen Sie uns auf jackpotlotteryonline.com, um mehr \u00fcber die wichtigsten internationalen Lotterien zu erfahren, zu denen Sie Zugang erhalten k\u00f6nnen.<\/p>\n<h2>Wie Sie Mega-Sena online spielen k\u00f6nnen<\/h2>\n<p>Ob Sie sich in Brasilien oder auf einem anderen Kontinent befinden, Sie k\u00f6nnen Mega-Sena spielen. Dazu m\u00fcssen Sie die Lose<a href=\"https:\/\/jackpotlotteryonline.com\/de\/spielscheine-kaufen\/mega-sena\"> online \u00fcber uns kaufen<\/a>. Wir erm\u00f6glichen unseren Nutzern den Zugang zu Lotterien aus der ganzen Welt, einschlie\u00dflich Mega-Sena. Wenn Sie unsere Website nutzen, um Mega-Sena zu spielen, bieten wir Ihnen ein unkompliziertes Verfahren f\u00fcr eine stressfreie Erfahrung.<\/p>\n<p>Der erste Schritt besteht darin, unsere Website zu besuchen und dann den Link zur Mega-Sena-Lotterie anzuklicken. Als n\u00e4chstes m\u00fcssen Sie 6 Zahlen aus einem Bereich von 1 bis 60 ausw\u00e4hlen. Sie k\u00f6nnen bis zu 6 Zahlens\u00e4tze f\u00fcr jede Ziehung w\u00e4hlen, um Ihre Chancen auf den Jackpot zu erh\u00f6hen. Sobald Sie Ihre Zahlen ausgew\u00e4hlt haben, w\u00e4hlen Sie die Ziehungstage und schlie\u00dfen den Vorgang ab.<\/p>\n<p>Wenn Sie online spielen, sollten Sie unbedingt einen Dienst nutzen, der Ihnen Zugang zu Mega-Sena bietet. Viele Websites versprechen das, aber wenn Sie das Kleingedruckte lesen, werden Sie feststellen, dass Sie nur auf das Ergebnis der Lottoziehung wetten k\u00f6nnen. Wenn Sie Mega-Sena-Scheine auf unserer Website kaufen, sorgen wir daf\u00fcr, dass Sie an Mega-Sena teilnehmen, und wenn Ihr Schein mit den gezogenen Zahlen \u00fcbereinstimmt, dann gewinnen Sie.<\/p>\n<h2>Wie man Mega-Sena gewinnt<\/h2>\n<p><img loading=\"lazy\" decoding=\"async\" class=\"size-medium wp-image-28319 alignright\" src=\"http:\/\/jackpotlotteryonline.com\/wp-content\/uploads\/2022\/11\/1_mega_lottery_jackpot-300x207.jpg\" alt=\"Mega-Sena-Lotterie gewinnen\" width=\"300\" height=\"207\" srcset=\"https:\/\/jackpotlotteryonline.com\/wp-content\/uploads\/2022\/11\/1_mega_lottery_jackpot-300x207.jpg 300w, https:\/\/jackpotlotteryonline.com\/wp-content\/uploads\/2022\/11\/1_mega_lottery_jackpot.jpg 320w\" sizes=\"auto, (max-width: 300px) 100vw, 300px\" \/><\/p>\n<p>Fallendes Geld. Flying gr\u00fcnen Banknoten isoliert auf wei\u00df, flach Geld Konfetti, Lotterie zu gewinnen Konzept. Vektor-Illustration Banner Geld zu verdienen Hintergrund<\/p>\n<p><a href=\"https:\/\/jackpotlotteryonline.com\/de\/gewinn-zahlen\/mega-sena\">Mega-Sena zu gewinnen<\/a> bedeutet, dass Sie mit den gezogenen Zahlen \u00fcbereinstimmen werden. Im Grunde gibt es 6 Zahlen, die zuf\u00e4llig aus 60 m\u00f6glichen Zahlen gezogen werden. Jedes Los, das mit den 6 gezogenen Zahlen \u00fcbereinstimmt, gewinnt den Jackpot.<\/p>\n<p>Mega-Sena-Ziehungen finden zweimal w\u00f6chentlich statt, mittwochs und samstags. Sie k\u00f6nnen beim Kauf Ihrer Mega-Sena-Lose ausw\u00e4hlen, an welcher Ziehung Sie teilnehmen m\u00f6chten. Sie k\u00f6nnen auch an mehreren Ziehungen teilnehmen. Das tun die besten Spieler, um sicherzustellen, dass sie so viele Chancen wie m\u00f6glich haben, den Jackpot zu knacken.<\/p>\n<p>Ein weiterer Vorteil unserer Website ist, dass Sie ganz einfach einen automatischen Abonnementservice f\u00fcr den Kauf von Mega-Sena-Losen einrichten k\u00f6nnen. Das bedeutet, dass Sie nicht jede Ziehung manuell eingeben m\u00fcssen. So etwas vergisst man leicht und denkt daran, wie schrecklich man sich f\u00fchlen w\u00fcrde, wenn die Ziehung, an der man nicht teilgenommen hat, diejenige w\u00e4re, die man h\u00e4tte gewinnen k\u00f6nnen. Richten Sie es so ein, dass Sie bei jeder Ziehung automatisch teilnehmen.<\/p>\n<h2>Mega-Sena-Jackpot<\/h2>\n<p>Der Jackpot beginnt bei 3 Millionen R$, und wenn es nach einer Ziehung keinen Gewinner gibt, w\u00e4chst er weiter an. Und er kann ziemlich gro\u00df werden. Die Wahrscheinlichkeit, den Jackpot zu gewinnen, liegt bei 1 zu 50 Millionen, was im Vergleich zu anderen internationalen Top-Lotterien wirklich gut ist.<\/p>\n<p>Der gr\u00f6\u00dfte Jackpot, den jemand bei Mega-Sena gewonnen hat, betrug etwa 53 Millionen Euro. Das ist in jeder Hinsicht ein lebensver\u00e4ndernder Betrag. Und der h\u00f6chste Mega-Sena-Jackpot, der jemals geknackt wurde, lag bei satten 73 Millionen Euro.<\/p>\n<p>Auch wenn der Mega-Sena-Jackpot nicht in die Milliarden geht, gibt es keinen Zweifel daran, dass ein Spieler bei dieser Lotterie viel gewinnen kann. Wenn Sie mit dieser Lotterie noch nicht vertraut sind, ist es jetzt an der Zeit, einen Schein zu kaufen.<\/p>\n<h2>Preise, die Sie gewinnen k\u00f6nnen<\/h2>\n<p>Wir haben ausgiebig \u00fcber den Mega-Sena-Jackpot gesprochen, der der h\u00f6chste Preis ist, den ein Spieler gewinnen kann, wenn er an diesem Lottospiel teilnimmt. Doch der Jackpot ist nicht der einzige Preis, den Mega-Sena-Fans gewinnen k\u00f6nnen.<\/p>\n<p>Mega-Sena hat insgesamt 3 Gewinnstufen, einschlie\u00dflich des Jackpots. Es ist ein bisschen schwierig, genau zu sagen, wie hoch die Preise sein werden, da jeder Stufe ein bestimmter Prozentsatz des Preispools zugewiesen wird. Mehr \u00fcber die einzelnen Gewinnklassen erf\u00e4hrst du im Folgenden.<\/p>\n<p>Jackpot &#8211; Sena: 6 gleiche Zahlen &#8211; 35% des Preispools<\/p>\n<p>Stufe 2 &#8211; Quina: 5 Richtige Zahlen &#8211; 19% des Preispools<\/p>\n<p>Stufe 3 &#8211; Quadra: 4 Richtige Zahlen &#8211; 19% des Preispools<\/p>\n<h2>Mega da virada<\/h2>\n<p>Was ist das Mega da virada? Wenn Sie sich schon einmal mit dem Spiel Mega-Sena besch\u00e4ftigt haben, sind Sie bestimmt schon auf Mega da virada gesto\u00dfen. Ist es ein anderes Spiel oder eine Preiskategorie? Nun, es ist weder noch. Stattdessen ist es ein Teil der Mega-Sena-Lotterie, aber es ist eine besondere Ziehung, die jedes Jahr am Silvesterabend stattfindet.<\/p>\n<p>Die Mega-Da-Virada ist eine Lotterie, die erfahrene Tipper \u00fcberall anzieht, weil der Jackpot in der Regel so gro\u00df ist. Der Jackpot f\u00fcr 2022 bel\u00e4uft sich auf satte 450 Millionen R$ und soll der gr\u00f6\u00dfte Preis in der Geschichte von Mega-Sena sein! Kein Wunder, dass sich die Lottofans auf die Teilnahme an dieser Ziehung st\u00fcrzen.<\/p>\n<p>Sie k\u00f6nnen direkt hier auf unserer Website an der Mega da virada teilnehmen. Sie m\u00fcssen nicht durch Reifen und Schleifen gehen, nur um am mega da virada teilzunehmen. Wir verraten Ihnen ein Geheimnis: Die mega da virada ist eigentlich Mega-Sena, aber es ist die letzte Verlosung in diesem Jahr. Das war&#8217;s. Nehmen Sie also an der Mega-Sena-Ziehung am 31. Dezember teil und sichern Sie sich die Chance auf einen gro\u00dfen Gewinn.<\/p>\n<h2>Die Wahrheit \u00fcber das Online-Spielen der Mega-Sena-Lotterie<\/h2>\n<p><img loading=\"lazy\" decoding=\"async\" class=\"alignright size-medium wp-image-32000\" src=\"http:\/\/jackpotlotteryonline.com\/wp-content\/uploads\/2022\/11\/1_mega_lotto_ticket-213x300.jpg\" alt=\"Mega-Sena-Lotterie Online-Schein\" width=\"213\" height=\"300\" srcset=\"https:\/\/jackpotlotteryonline.com\/wp-content\/uploads\/2022\/11\/1_mega_lotto_ticket-213x300.jpg 213w, https:\/\/jackpotlotteryonline.com\/wp-content\/uploads\/2022\/11\/1_mega_lotto_ticket.jpg 320w\" sizes=\"auto, (max-width: 213px) 100vw, 213px\" \/><\/p>\n<p>Okay, wir m\u00f6chten uns ein paar Minuten Zeit nehmen, um Ihnen einige Tipps zum Spielen von Mega-Sena im Internet zu geben. Bevor Sie ein Los f\u00fcr Mega-Sena kaufen, m\u00fcssen Sie sicher sein, dass Sie an der Lotterie teilnehmen. Am besten erkundigen Sie sich, ob die Website wie ein Agent handelt. Das bedeutet, dass sie Agenten in Brasilien haben, die physische Mega-Sena-Lose kaufen werden.<\/p>\n<p>Ein weiterer wichtiger Punkt bei diesem Spiel ist, dass es sich um ein Zahlenspiel handelt. Im Grunde h\u00e4ngt alles davon ab, wie viel Gl\u00fcck Sie haben. Es gibt jedoch einige M\u00f6glichkeiten, dem Gl\u00fcck auf die Spr\u00fcnge zu helfen und Ihre Gewinnchancen zu erh\u00f6hen. Eine M\u00f6glichkeit besteht darin, mehrere Teilnahmen zu kaufen.<\/p>\n<p>Mega-Sena hat wirklich gute Gewinnchancen. Je mehr Lose Sie kaufen, desto h\u00f6her sind Ihre Gewinnchancen. Das Gleiche gilt f\u00fcr die Teilnahme an mehreren Ziehungen. Es ist immer ein guter Plan, an mehreren Ziehungen teilzunehmen.<\/p>\n<h2>Warum Sie mit uns Lotto spielen sollten<\/h2>\n<p>Es gibt mehrere Lottoseiten, die Ihnen die M\u00f6glichkeit bieten, die Mega-Sena-Lotterie zu spielen. Warum sollten Sie stattdessen uns w\u00e4hlen?<\/p>\n<ul>\n<li>Wir sind eine Concierge-Website mit Lotterievertretern in der ganzen Welt. Wenn Sie einen Mega-Sena-Schein bei uns kaufen, kaufen unsere Agenten in Brasilien einen Schein mit den von Ihnen gew\u00e4hlten Zahlen. Dadurch wird sichergestellt, dass Sie an der Mega-Sena-Ziehung teilnehmen.<\/li>\n<li>Sie k\u00f6nnen sich Ihren Gewinn (bis zu einem bestimmten Betrag) von unserer Website auszahlen lassen. Unabh\u00e4ngig davon, wie viel Sie gewinnen, berechnen wir keine Provision.<\/li>\n<li>Wenn Sie auf unserer Website Lose kaufen, m\u00fcssen Sie sich keine Sorgen machen, die Ziehungen zu verpassen. Wir ver\u00f6ffentlichen die Ergebnisse der Ziehungen auf unserer Website, und wenn Sie einen Preis gewinnen, schicken wir Ihnen eine E-Mail.<\/li>\n<li>Hier sind Sie sicher. Wir gehen einen Schritt weiter, um Ihren Schein zu sch\u00fctzen, damit Sie sich keine Sorgen machen m\u00fcssen, einen Schein zu verlieren.<\/li>\n<\/ul>\n<p>Wenn Sie Ihre Lottoscheine bei uns kaufen, bedeutet das im Grunde, dass Sie sich Ihren Seelenfrieden sichern. Wir m\u00f6chten nicht, dass Sie sich um die Details sorgen, also \u00fcberlassen Sie uns das, w\u00e4hrend Sie sich auf das Wesentliche konzentrieren.<\/p>\n<section class=\"layout\" style=\"border: solid 1px; width: 100%;\">\n<div class=\"img-div\" style=\"margin-top: 5px;\"><img decoding=\"async\" class=\"wp-image-17212 alignleft\" style=\"height: 45px; margin: 8px 8px 0px;\" src=\"http:\/\/jackpotlotteryonline.com\/wp-content\/uploads\/2022\/11\/read1.jpg\" alt=\"Lesen Sie \" width=\"\" height=\"\" \/><\/div>\n<div style=\"padding-left: 5px;\">\n<div style=\"font-size: 1.1em;\">\n<p><strong>Steuern auf Lotteriegewinne<\/strong><\/p>\n<p style=\"font-size: 0.85em; margin-top: -1.5em;\">Muss ich Steuern auf Lotteriegewinne zahlen? <a href=\"https:\/\/jackpotlotteryonline.com\/de\/muss-ich-steuern-auf-lotteriegewinne-zahlen\">mehr lesen<\/a><\/p>\n<\/div>\n<\/div>\n<\/section>\n<h2>Registrieren Sie sich bei uns, um Mega-Sena online zu spielen<\/h2>\n<p>Sind Sie bereit, am Mega-Sena-Lotteriespiel teilzunehmen? Suchen Sie nicht weiter, registrieren Sie sich einfach bei uns, um loszulegen. Sobald Sie registriert sind, erhalten Sie Zugang zu den besten internationalen Lotterien, einschlie\u00dflich Mega-Sena. Das Beste daran ist, dass Ihre Gewinne sicher sind, wenn Sie bei uns spielen; Sie k\u00f6nnen sich Ihren Gewinn auszahlen lassen.<\/p>\n<p>Wir freuen uns, unseren Kunden mehrere Auswahlm\u00f6glichkeiten anbieten zu k\u00f6nnen. Warum sollten Sie sich auf eine einzige Lotterie beschr\u00e4nken, wenn Sie mehr als zwei Dutzend verschiedene Spiele spielen k\u00f6nnen? Auf unserer Website finden Sie Top-Spiele wie US Powerball, La Primitiva und Eurojackpot. Jedes Spiel auf unserer Website ist einfach zu betreten.<\/p>\n<p>Es ist an der Zeit, nicht l\u00e4nger zu z\u00f6gern. Wenn Sie wirklich gro\u00df gewinnen wollen, melden Sie sich noch heute bei Mega-Sena an. Die n\u00e4chste Ziehung k\u00f6nnte der Gl\u00fccksfall sein, auf den Sie gewartet haben. Gehen Sie jetzt auf unsere Website und w\u00e4hlen Sie aus einer Vielzahl von Lotterien. Vergessen Sie nicht, f\u00fcr die Mega da virada vorauszuplanen.<\/p>\n","protected":false},"excerpt":{"rendered":"<p>M\u00f6chten Sie von jedem Ort der Welt aus Lose f\u00fcr die Mega-Sena-Lotterie kaufen? Mega-Sena ist die gr\u00f6\u00dfte Lotterie Brasiliens und l\u00e4uft seit 1996. Millionen von Lottofans in Brasilien beeilen sich, vor jeder Ziehung Mega-Sena-Scheine zu kaufen, und jetzt k\u00f6nnen auch Spieler in der ganzen Welt an der Chance teilnehmen, Millionen von Real zu gewinnen. Vielleicht [&hellip;]<\/p>\n","protected":false},"author":1,"featured_media":0,"parent":35692,"menu_order":15,"comment_status":"closed","ping_status":"closed","template":"megasena.php","meta":{"_et_pb_use_builder":"","_et_pb_old_content":"","_et_gb_content_width":"","exclude_from_search":false,"footnotes":""},"class_list":["post-39477","page","type-page","status-publish","hentry"],"yoast_head":"<!-- This site is optimized with the Yoast SEO plugin v23.3 - https:\/\/yoast.com\/wordpress\/plugins\/seo\/ -->\n<title>Mega-Sena Tickets online kaufen<\/title>\n<meta name=\"description\" content=\"Sie k\u00f6nnen Spielscheine f\u00fcr die Mega-Sena-Lotterie online kaufen. Wie Sie spielen und Ihre Gewinne auszahlen lassen k\u00f6nnen, erfahren Sie hier.\" \/>\n<meta name=\"robots\" content=\"index, follow, max-snippet:-1, max-image-preview:large, max-video-preview:-1\" \/>\n<link rel=\"canonical\" href=\"https:\/\/jackpotlotteryonline.com\/de\/wie-man-spielt\/mega-sena-2\/\" \/>\n<meta property=\"og:locale\" content=\"de_DE\" \/>\n<meta property=\"og:type\" content=\"article\" \/>\n<meta property=\"og:title\" content=\"Mega-Sena Tickets online kaufen\" \/>\n<meta property=\"og:description\" content=\"Sie k\u00f6nnen Spielscheine f\u00fcr die Mega-Sena-Lotterie online kaufen. Wie Sie spielen und Ihre Gewinne auszahlen lassen k\u00f6nnen, erfahren Sie hier.\" \/>\n<meta property=\"og:url\" content=\"https:\/\/jackpotlotteryonline.com\/de\/wie-man-spielt\/mega-sena-2\/\" \/>\n<meta property=\"og:site_name\" content=\"Lotto Online - Crack The International Lottery Jackpots\" \/>\n<meta property=\"article:modified_time\" content=\"2023-01-03T17:30:25+00:00\" \/>\n<meta property=\"og:image\" content=\"http:\/\/jackpotlotteryonline.com\/wp-content\/uploads\/2022\/11\/1_mega_lottery_jackpot-300x207.jpg\" \/>\n<meta name=\"twitter:card\" content=\"summary_large_image\" \/>\n<meta name=\"twitter:label1\" content=\"Gesch\u00e4tzte Lesezeit\" \/>\n\t<meta name=\"twitter:data1\" content=\"8\u00a0Minuten\" \/>\n<!-- \/ Yoast SEO plugin. -->","yoast_head_json":{"title":"Mega-Sena Tickets online kaufen","description":"Sie k\u00f6nnen Spielscheine f\u00fcr die Mega-Sena-Lotterie online kaufen. Wie Sie spielen und Ihre Gewinne auszahlen lassen k\u00f6nnen, erfahren Sie hier.","robots":{"index":"index","follow":"follow","max-snippet":"max-snippet:-1","max-image-preview":"max-image-preview:large","max-video-preview":"max-video-preview:-1"},"canonical":"https:\/\/jackpotlotteryonline.com\/de\/wie-man-spielt\/mega-sena-2\/","og_locale":"de_DE","og_type":"article","og_title":"Mega-Sena Tickets online kaufen","og_description":"Sie k\u00f6nnen Spielscheine f\u00fcr die Mega-Sena-Lotterie online kaufen. Wie Sie spielen und Ihre Gewinne auszahlen lassen k\u00f6nnen, erfahren Sie hier.","og_url":"https:\/\/jackpotlotteryonline.com\/de\/wie-man-spielt\/mega-sena-2\/","og_site_name":"Lotto Online - Crack The International Lottery Jackpots","article_modified_time":"2023-01-03T17:30:25+00:00","og_image":[{"url":"http:\/\/jackpotlotteryonline.com\/wp-content\/uploads\/2022\/11\/1_mega_lottery_jackpot-300x207.jpg"}],"twitter_card":"summary_large_image","twitter_misc":{"Gesch\u00e4tzte Lesezeit":"8\u00a0Minuten"},"schema":{"@context":"https:\/\/schema.org","@graph":[{"@type":"WebPage","@id":"https:\/\/jackpotlotteryonline.com\/de\/wie-man-spielt\/mega-sena-2\/","url":"https:\/\/jackpotlotteryonline.com\/de\/wie-man-spielt\/mega-sena-2\/","name":"Mega-Sena Tickets online kaufen","isPartOf":{"@id":"https:\/\/jackpotlotteryonline.com\/#website"},"primaryImageOfPage":{"@id":"https:\/\/jackpotlotteryonline.com\/de\/wie-man-spielt\/mega-sena-2\/#primaryimage"},"image":{"@id":"https:\/\/jackpotlotteryonline.com\/de\/wie-man-spielt\/mega-sena-2\/#primaryimage"},"thumbnailUrl":"http:\/\/jackpotlotteryonline.com\/wp-content\/uploads\/2022\/11\/1_mega_lottery_jackpot-300x207.jpg","datePublished":"2022-11-24T11:19:49+00:00","dateModified":"2023-01-03T17:30:25+00:00","description":"Sie k\u00f6nnen Spielscheine f\u00fcr die Mega-Sena-Lotterie online kaufen. Wie Sie spielen und Ihre Gewinne auszahlen lassen k\u00f6nnen, erfahren Sie hier.","breadcrumb":{"@id":"https:\/\/jackpotlotteryonline.com\/de\/wie-man-spielt\/mega-sena-2\/#breadcrumb"},"inLanguage":"de","potentialAction":[{"@type":"ReadAction","target":["https:\/\/jackpotlotteryonline.com\/de\/wie-man-spielt\/mega-sena-2\/"]}]},{"@type":"ImageObject","inLanguage":"de","@id":"https:\/\/jackpotlotteryonline.com\/de\/wie-man-spielt\/mega-sena-2\/#primaryimage","url":"http:\/\/jackpotlotteryonline.com\/wp-content\/uploads\/2022\/11\/1_mega_lottery_jackpot-300x207.jpg","contentUrl":"http:\/\/jackpotlotteryonline.com\/wp-content\/uploads\/2022\/11\/1_mega_lottery_jackpot-300x207.jpg"},{"@type":"BreadcrumbList","@id":"https:\/\/jackpotlotteryonline.com\/de\/wie-man-spielt\/mega-sena-2\/#breadcrumb","itemListElement":[{"@type":"ListItem","position":1,"name":"Home","item":"https:\/\/jackpotlotteryonline.com\/de\/"},{"@type":"ListItem","position":2,"name":"Wie man spielt","item":"https:\/\/jackpotlotteryonline.com\/de\/wie-man-spielt\/"},{"@type":"ListItem","position":3,"name":"Mega-Sena-Lotterie online spielen"}]},{"@type":"WebSite","@id":"https:\/\/jackpotlotteryonline.com\/#website","url":"https:\/\/jackpotlotteryonline.com\/","name":"Lotto Online - Crack The International Lottery Jackpots","description":"","potentialAction":[{"@type":"SearchAction","target":{"@type":"EntryPoint","urlTemplate":"https:\/\/jackpotlotteryonline.com\/?s={search_term_string}"},"query-input":"required name=search_term_string"}],"inLanguage":"de"}]}},"_links":{"self":[{"href":"https:\/\/jackpotlotteryonline.com\/de\/wp-json\/wp\/v2\/pages\/39477","targetHints":{"allow":["GET"]}}],"collection":[{"href":"https:\/\/jackpotlotteryonline.com\/de\/wp-json\/wp\/v2\/pages"}],"about":[{"href":"https:\/\/jackpotlotteryonline.com\/de\/wp-json\/wp\/v2\/types\/page"}],"author":[{"embeddable":true,"href":"https:\/\/jackpotlotteryonline.com\/de\/wp-json\/wp\/v2\/users\/1"}],"replies":[{"embeddable":true,"href":"https:\/\/jackpotlotteryonline.com\/de\/wp-json\/wp\/v2\/comments?post=39477"}],"version-history":[{"count":0,"href":"https:\/\/jackpotlotteryonline.com\/de\/wp-json\/wp\/v2\/pages\/39477\/revisions"}],"up":[{"embeddable":true,"href":"https:\/\/jackpotlotteryonline.com\/de\/wp-json\/wp\/v2\/pages\/35692"}],"wp:attachment":[{"href":"https:\/\/jackpotlotteryonline.com\/de\/wp-json\/wp\/v2\/media?parent=39477"}],"curies":[{"name":"wp","href":"https:\/\/api.w.org\/{rel}","templated":true}]}}