{"id":39537,"date":"2022-11-28T07:08:51","date_gmt":"2022-11-28T07:08:51","guid":{"rendered":"https:\/\/jackpotlotteryonline.com\/?page_id=39537"},"modified":"2023-01-03T17:55:42","modified_gmt":"2023-01-03T17:55:42","slug":"powerball-australia","status":"publish","type":"page","link":"https:\/\/jackpotlotteryonline.com\/de\/wie-man-spielt\/powerball-australia\/","title":{"rendered":"Powerball Australien online spielen"},"content":{"rendered":"<p>Es gibt einen Grund, warum Lotterie-Enthusiasten auf der ganzen Welt sich darauf st\u00fcrzen, den australischen Powerball zu spielen. Das Jahr 2022 war das Jahr der Mega-Jackpots, und wir haben gesehen, wie mehrere Spieler bei internationalen Lotterien Millionen von Dollar gewonnen haben. Powerball AU bildete dabei keine Ausnahme, denn im Oktober 2022 wurde der bisher gr\u00f6\u00dfte Jackpot in H\u00f6he von 160 Millionen AU-Dollar geknackt. Angesichts mehrerer gro\u00dfer Jackpots, die von einzelnen Losinhabern gewonnen wurden, sollten Sie in Erw\u00e4gung ziehen, diesen Powerball zu spielen.<\/p>\n<p>Interessanterweise gibt es diesen Powerball schon seit einer Weile. Die erste Ziehung fand am 23. Mai 1996 statt, er ist also 25 Jahre alt. Im Vergleich zu Lotterien wie der spanischen La Primitiva ist der Powerball von Oz praktisch ein Neuling. (La Primitiva wurde 1763 gegr\u00fcndet und Sie k\u00f6nnen an dieser Lotterie unter jackpotlotteryonline.com teilnehmen).<\/p>\n<p>In den letzten 25 Jahren hat sich der Oz Powerball einen Ruf f\u00fcr gro\u00dfz\u00fcgige Auszahlungen und begeisterte Fans erworben. Fr\u00fcher konnten nur Spieler teilnehmen, die auf dem Kontinent lebten. Jetzt k\u00f6nnen Spieler auf der ganzen Welt Powerball AU online spielen, bequem von ihrem Computer oder mobilen Ger\u00e4t aus. Lesen Sie weiter, um herauszufinden, wie Sie diese Lotterie online spielen k\u00f6nnen.<\/p>\n<h2>Wie man Powerball Australia spielt<\/h2>\n<p><img loading=\"lazy\" decoding=\"async\" class=\"alignright size-full wp-image-26402\" src=\"https:\/\/jackpotlotteryonline.com\/wp-content\/uploads\/2022\/11\/1_buy_online_ticket_powerball.jpg\" alt=\"Powerball Australien online spielen\" width=\"300\" height=\"194\" \/><\/p>\n<p>Das Erstaunliche an dieser Lotterie ist, dass die Gewinnchancen sehr hoch sind. Die Chance, den Jackpot zu gewinnen, liegt bei 1 zu 76 Millionen. Es gibt aber noch mehrere andere Gewinnklassen, die ebenfalls fantastische Gewinnchancen haben.<\/p>\n<p>Um diesen Powerball zu spielen, m\u00fcssen Sie 7 Zahlen von 1 bis 35 und eine Powerball-Zahl von 1 bis 20 w\u00e4hlen. Das sind insgesamt 8 Zahlen f\u00fcr jede Linie. Beachten Sie, dass Sie auch mehrere Reihen tippen k\u00f6nnen, um Ihre Gewinnchancen zu erh\u00f6hen. Je mehr Reihen Sie tippen, desto h\u00f6her sind Ihre Gewinnchancen.<\/p>\n<p>Sobald Sie Ihre Zahlen gezogen haben, m\u00fcssen Sie an den Ziehungen teilnehmen. Diese Lotterie hat nur einen Ziehungstag, und zwar jeden Donnerstagabend. Wie Sie sich vorstellen k\u00f6nnen, sind die Donnerstagabende f\u00fcr die Spieler auf dem Kontinent sehr aufregend. Sie k\u00f6nnen auch mitfiebern, indem Sie Powerball spielen.<\/p>\n<h2>Warum Powerball Australien?<\/h2>\n<p>Das ist eine wirklich gute Frage. Dank des Internets haben Lotteriebegeisterte auf der ganzen Welt eine gro\u00dfe Auswahl an Lotterien, an denen sie teilnehmen k\u00f6nnen. Warum sollten Sie Powerball in Oz spielen? Grunds\u00e4tzlich haben Sie bei dieser Lotterie die Chance auf einen Millionengewinn, ohne dass Sie sich mit unglaublich hohen Gewinnchancen auseinandersetzen m\u00fcssen.<\/p>\n<p>Das Problem bei vielen anderen, popul\u00e4reren Lotterien in anderen Teilen der Welt sind die hohen Gewinnchancen. Bei der US-Lotterie Powerball zum Beispiel stehen die Gewinnchancen bei 1 zu 200 Millionen. Verglichen mit den Chancen von 1 zu 76 Millionen beim Powerball in Oz ist es leicht zu verstehen, warum sich viele Spieler auf diese Lotterie st\u00fcrzen.<\/p>\n<section class=\"layout\" style=\"border: solid 1px; width: 100%;\">\n<div class=\"img-div\" style=\"margin-top: 5px;\"><img decoding=\"async\" class=\"wp-image-17212 alignleft\" style=\"height: 45px; margin: 8px 8px 0px;\" src=\"https:\/\/jackpotlotteryonline.com\/wp-content\/uploads\/2022\/11\/read1.jpg\" alt=\"Lesen Sie \" width=\"\" height=\"\" \/><\/div>\n<div style=\"padding-left: 5px;\">\n<div style=\"font-size: 1.1em;\">\n<p><strong>Lotteriebetrug, den Sie kennen sollten<\/strong><\/p>\n<p style=\"font-size: 0.85em; margin-top: -1.5em;\">Tappen Sie nicht in die Lotto-Fallen <a href=\"https:\/\/jackpotlotteryonline.com\/de\/vorsicht-vor-online-lotterie-betrug\">mehr lesen<\/a><\/p>\n<\/div>\n<\/div>\n<\/section>\n<h2>Powerball Australia vs. Powerball US: Was ist der Unterschied?<\/h2>\n<p>Aber gibt es \u00fcberhaupt einen Unterschied zwischen dem australischen und dem US-amerikanischen Powerball? Nun, der erste und offensichtlichste Unterschied ist die H\u00f6he der Jackpots. Es gibt nur sehr wenige Jackpots auf der Welt, die so hoch sind wie der US Powerball. Vor kurzem wurde die 2-Milliarden-US-Dollar-Marke erreicht. Wenn Sie den Powerball in Oz spielen, werden Sie nicht ann\u00e4hernd so viel gewinnen.<\/p>\n<p>Auch hier gibt es bei der US-Version eine Spanne von 1 bis 69. Das bedeutet, dass 5 Kugeln aus einer Trommel mit 69 Kugeln gezogen werden. Bei der OZ-Version werden 7 Zahlen aus einer Trommel mit nur 35 Kugeln gezogen. Au\u00dferdem wird der Powerball in den USA aus einer Trommel mit 26 Kugeln gezogen, w\u00e4hrend es in Australien 20 Kugeln sind.<\/p>\n<p>Wenn Sie eine Lotterie suchen, bei der Sie m\u00f6glicherweise Millionen gewinnen k\u00f6nnen, ohne sich mit hohen Gewinnchancen auseinandersetzen zu m\u00fcssen, dann sollten Sie Australian Powerball spielen.<\/p>\n<h2>Online spielen<\/h2>\n<p>Da Sie nun wissen, dass Sie den australischen Powerball von \u00fcberall aus spielen k\u00f6nnen, erfahren Sie hier, wie Sie das tun k\u00f6nnen.<\/p>\n<ul>\n<li>Der erste Schritt besteht darin, einen Lotterieanbieter wie jackpotlotteryonline.com zu besuchen und die Seite f\u00fcr Australian Powerball aufzurufen.<\/li>\n<li>W\u00e4hlen Sie dann Ihre Zahlen aus (Sie k\u00f6nnen den automatischen Zahlengenerator verwenden, um die Zahlen nach dem Zufallsprinzip auszuw\u00e4hlen).<\/li>\n<li><a href=\"https:\/\/jackpotlotteryonline.com\/de\/gewinn-zahlen\/powerball-australia\">Nehmen Sie an der Ziehung teil<\/a> und schlie\u00dfen Sie den Vorgang ab.<\/li>\n<li>Gewinnen Sie den Jackpot<\/li>\n<\/ul>\n<p>Die Ziehung findet einmal pro Woche donnerstags statt. Wenn Sie also an der Ziehung teilnehmen, m\u00fcssen Sie als N\u00e4chstes auf die Ergebnisse warten. Jedes Los, das mit den 8 gezogenen Zahlen \u00fcbereinstimmt, gewinnt den Jackpot.<\/p>\n<p>Es gibt weitere Preise f\u00fcr die \u00dcbereinstimmung verschiedener Zahlen, einschlie\u00dflich eines Preises f\u00fcr die \u00dcbereinstimmung von nur 2 Zahlen und der Bonuszahl.<\/p>\n<h2>Preise, die Sie gewinnen k\u00f6nnen<\/h2>\n<p><img loading=\"lazy\" decoding=\"async\" class=\"alignright size-medium wp-image-19277\" src=\"https:\/\/jackpotlotteryonline.com\/wp-content\/uploads\/2022\/10\/2_ticket_powerball_au2-163x300.jpg\" alt=\"Lottoschein scannen\" width=\"163\" height=\"300\" srcset=\"https:\/\/jackpotlotteryonline.com\/wp-content\/uploads\/2022\/10\/2_ticket_powerball_au2-163x300.jpg 163w, https:\/\/jackpotlotteryonline.com\/wp-content\/uploads\/2022\/10\/2_ticket_powerball_au2.jpg 250w\" sizes=\"auto, (max-width: 163px) 100vw, 163px\" \/><\/p>\n<p>Wenn Sie Lotto spielen, gibt es insgesamt 9 Gewinnklassen.<\/p>\n<p>Abteilung 1: 7 Zahlen + Zusatzzahl &#8211; Jackpot (durchschnittlich 8 Millionen AU$)<\/p>\n<p>Abteilung 2: nur 7 Zahlen<\/p>\n<p>Abteilung 3: 6 Zahlen + Zusatzzahl<\/p>\n<p>Abteilung 4: nur 6 Zahlen<\/p>\n<p>Abteilung 5: 5 Zahlen + Zusatzzahl<\/p>\n<p>Abteilung 6: nur 5 Zahlen<\/p>\n<p>Abteilung 7: 4 Zahlen + Zusatzzahl<\/p>\n<p>Abteilung 8: 3 Zahlen + Zusatzzahl<\/p>\n<p>Abteilung 9: 2 Zahlen + Zusatzzahl<\/p>\n<p>Die Preise, die jeder Abteilung zugewiesen werden, sind ein Prozentsatz des Preispools. Je h\u00f6her also der Preispool ist, desto mehr Geld geht an die einzelnen Abteilungen. Die Preise der Abteilung 2 betrugen bis zu AU$800.000.<\/p>\n<h2>Kaufen Sie Ihre Lottoscheine online<\/h2>\n<p>Wenn Sie ein Lotterie-Fan sind, k\u00f6nnen Sie jetzt die Lotterie online \u00fcber unsere Website spielen. Wir machen unseren Kunden den Vorgang leicht, indem wir alles, was Sie brauchen, an einem Ort bereitstellen. Sie k\u00f6nnen also Ihre Lose kaufen, die Ergebnisse \u00fcberpr\u00fcfen und sich im Falle eines Gewinns Ihren Gewinn direkt auf unserer Website auszahlen lassen.<\/p>\n<p>Wir haben mehrere Optionen, mit denen Sie f\u00fcr <a href=\"https:\/\/jackpotlotteryonline.com\/de\/spielscheine-kaufen\/powerball-australia\">Ihre Lottoscheine bezahlen k\u00f6nnen<\/a>. Sie k\u00f6nnen Ihr Konto auch so einrichten, dass Sie automatisch f\u00fcr mehrere Ziehungen im Voraus angemeldet werden. Unsere Kunden genie\u00dfen den Luxus, die Ergebnisse der Ziehungen nicht \u00fcberpr\u00fcfen zu m\u00fcssen, denn wir informieren Sie, wenn Sie etwas gewonnen haben.<\/p>\n<p>Und schlie\u00dflich k\u00f6nnen Sie, wenn Sie bei uns einen Lottoschein kaufen, sicher sein, dass Sie die Lotterie Ihrer Wahl spielen. Das liegt daran, dass wir Vertreter in verschiedenen L\u00e4ndern haben, die den physischen Schein mit Ihren entsprechenden Zahlen kaufen. Auf diese Weise m\u00fcssen Sie sich nicht physisch in einem Land aufhalten, um Lotto zu spielen. Machen Sie weiter und spielen Sie jetzt Powerball Australia.<\/p>\n","protected":false},"excerpt":{"rendered":"<p>Es gibt einen Grund, warum Lotterie-Enthusiasten auf der ganzen Welt sich darauf st\u00fcrzen, den australischen Powerball zu spielen. Das Jahr 2022 war das Jahr der Mega-Jackpots, und wir haben gesehen, wie mehrere Spieler bei internationalen Lotterien Millionen von Dollar gewonnen haben. Powerball AU bildete dabei keine Ausnahme, denn im Oktober 2022 wurde der bisher gr\u00f6\u00dfte [&hellip;]<\/p>\n","protected":false},"author":1,"featured_media":0,"parent":35692,"menu_order":17,"comment_status":"closed","ping_status":"closed","template":"powerball-au.php","meta":{"_et_pb_use_builder":"","_et_pb_old_content":"","_et_gb_content_width":"","exclude_from_search":false,"footnotes":""},"class_list":["post-39537","page","type-page","status-publish","hentry"],"yoast_head":"<!-- This site is optimized with the Yoast SEO plugin v23.3 - https:\/\/yoast.com\/wordpress\/plugins\/seo\/ -->\n<title>Spielen Sie Powerball Australia von au\u00dferhalb Australiens<\/title>\n<meta name=\"description\" content=\"Sie m\u00fcssen nicht in Australien leben, um Powerball Australia zu spielen. Finden Sie heraus, wie Sie online spielen k\u00f6nnen.\" \/>\n<meta name=\"robots\" content=\"index, follow, max-snippet:-1, max-image-preview:large, max-video-preview:-1\" \/>\n<link rel=\"canonical\" href=\"https:\/\/jackpotlotteryonline.com\/de\/wie-man-spielt\/powerball-australia\/\" \/>\n<meta property=\"og:locale\" content=\"de_DE\" \/>\n<meta property=\"og:type\" content=\"article\" \/>\n<meta property=\"og:title\" content=\"Spielen Sie Powerball Australia von au\u00dferhalb Australiens\" \/>\n<meta property=\"og:description\" content=\"Sie m\u00fcssen nicht in Australien leben, um Powerball Australia zu spielen. Finden Sie heraus, wie Sie online spielen k\u00f6nnen.\" \/>\n<meta property=\"og:url\" content=\"https:\/\/jackpotlotteryonline.com\/de\/wie-man-spielt\/powerball-australia\/\" \/>\n<meta property=\"og:site_name\" content=\"Lotto Online - Crack The International Lottery Jackpots\" \/>\n<meta property=\"article:modified_time\" content=\"2023-01-03T17:55:42+00:00\" \/>\n<meta property=\"og:image\" content=\"https:\/\/jackpotlotteryonline.com\/wp-content\/uploads\/2022\/11\/1_buy_online_ticket_powerball.jpg\" \/>\n<meta name=\"twitter:card\" content=\"summary_large_image\" \/>\n<meta name=\"twitter:label1\" content=\"Gesch\u00e4tzte Lesezeit\" \/>\n\t<meta name=\"twitter:data1\" content=\"6\u00a0Minuten\" \/>\n<!-- \/ Yoast SEO plugin. -->","yoast_head_json":{"title":"Spielen Sie Powerball Australia von au\u00dferhalb Australiens","description":"Sie m\u00fcssen nicht in Australien leben, um Powerball Australia zu spielen. Finden Sie heraus, wie Sie online spielen k\u00f6nnen.","robots":{"index":"index","follow":"follow","max-snippet":"max-snippet:-1","max-image-preview":"max-image-preview:large","max-video-preview":"max-video-preview:-1"},"canonical":"https:\/\/jackpotlotteryonline.com\/de\/wie-man-spielt\/powerball-australia\/","og_locale":"de_DE","og_type":"article","og_title":"Spielen Sie Powerball Australia von au\u00dferhalb Australiens","og_description":"Sie m\u00fcssen nicht in Australien leben, um Powerball Australia zu spielen. Finden Sie heraus, wie Sie online spielen k\u00f6nnen.","og_url":"https:\/\/jackpotlotteryonline.com\/de\/wie-man-spielt\/powerball-australia\/","og_site_name":"Lotto Online - Crack The International Lottery Jackpots","article_modified_time":"2023-01-03T17:55:42+00:00","og_image":[{"url":"https:\/\/jackpotlotteryonline.com\/wp-content\/uploads\/2022\/11\/1_buy_online_ticket_powerball.jpg"}],"twitter_card":"summary_large_image","twitter_misc":{"Gesch\u00e4tzte Lesezeit":"6\u00a0Minuten"},"schema":{"@context":"https:\/\/schema.org","@graph":[{"@type":"WebPage","@id":"https:\/\/jackpotlotteryonline.com\/de\/wie-man-spielt\/powerball-australia\/","url":"https:\/\/jackpotlotteryonline.com\/de\/wie-man-spielt\/powerball-australia\/","name":"Spielen Sie Powerball Australia von au\u00dferhalb Australiens","isPartOf":{"@id":"https:\/\/jackpotlotteryonline.com\/#website"},"primaryImageOfPage":{"@id":"https:\/\/jackpotlotteryonline.com\/de\/wie-man-spielt\/powerball-australia\/#primaryimage"},"image":{"@id":"https:\/\/jackpotlotteryonline.com\/de\/wie-man-spielt\/powerball-australia\/#primaryimage"},"thumbnailUrl":"https:\/\/jackpotlotteryonline.com\/wp-content\/uploads\/2022\/11\/1_buy_online_ticket_powerball.jpg","datePublished":"2022-11-28T07:08:51+00:00","dateModified":"2023-01-03T17:55:42+00:00","description":"Sie m\u00fcssen nicht in Australien leben, um Powerball Australia zu spielen. Finden Sie heraus, wie Sie online spielen k\u00f6nnen.","breadcrumb":{"@id":"https:\/\/jackpotlotteryonline.com\/de\/wie-man-spielt\/powerball-australia\/#breadcrumb"},"inLanguage":"de","potentialAction":[{"@type":"ReadAction","target":["https:\/\/jackpotlotteryonline.com\/de\/wie-man-spielt\/powerball-australia\/"]}]},{"@type":"ImageObject","inLanguage":"de","@id":"https:\/\/jackpotlotteryonline.com\/de\/wie-man-spielt\/powerball-australia\/#primaryimage","url":"https:\/\/jackpotlotteryonline.com\/wp-content\/uploads\/2022\/11\/1_buy_online_ticket_powerball.jpg","contentUrl":"https:\/\/jackpotlotteryonline.com\/wp-content\/uploads\/2022\/11\/1_buy_online_ticket_powerball.jpg"},{"@type":"BreadcrumbList","@id":"https:\/\/jackpotlotteryonline.com\/de\/wie-man-spielt\/powerball-australia\/#breadcrumb","itemListElement":[{"@type":"ListItem","position":1,"name":"Home","item":"https:\/\/jackpotlotteryonline.com\/de\/"},{"@type":"ListItem","position":2,"name":"Wie man spielt","item":"https:\/\/jackpotlotteryonline.com\/de\/wie-man-spielt\/"},{"@type":"ListItem","position":3,"name":"Powerball Australien online spielen"}]},{"@type":"WebSite","@id":"https:\/\/jackpotlotteryonline.com\/#website","url":"https:\/\/jackpotlotteryonline.com\/","name":"Lotto Online - Crack The International Lottery Jackpots","description":"","potentialAction":[{"@type":"SearchAction","target":{"@type":"EntryPoint","urlTemplate":"https:\/\/jackpotlotteryonline.com\/?s={search_term_string}"},"query-input":"required name=search_term_string"}],"inLanguage":"de"}]}},"_links":{"self":[{"href":"https:\/\/jackpotlotteryonline.com\/de\/wp-json\/wp\/v2\/pages\/39537","targetHints":{"allow":["GET"]}}],"collection":[{"href":"https:\/\/jackpotlotteryonline.com\/de\/wp-json\/wp\/v2\/pages"}],"about":[{"href":"https:\/\/jackpotlotteryonline.com\/de\/wp-json\/wp\/v2\/types\/page"}],"author":[{"embeddable":true,"href":"https:\/\/jackpotlotteryonline.com\/de\/wp-json\/wp\/v2\/users\/1"}],"replies":[{"embeddable":true,"href":"https:\/\/jackpotlotteryonline.com\/de\/wp-json\/wp\/v2\/comments?post=39537"}],"version-history":[{"count":0,"href":"https:\/\/jackpotlotteryonline.com\/de\/wp-json\/wp\/v2\/pages\/39537\/revisions"}],"up":[{"embeddable":true,"href":"https:\/\/jackpotlotteryonline.com\/de\/wp-json\/wp\/v2\/pages\/35692"}],"wp:attachment":[{"href":"https:\/\/jackpotlotteryonline.com\/de\/wp-json\/wp\/v2\/media?parent=39537"}],"curies":[{"name":"wp","href":"https:\/\/api.w.org\/{rel}","templated":true}]}}