{"id":39589,"date":"2022-11-28T08:33:17","date_gmt":"2022-11-28T08:33:17","guid":{"rendered":"https:\/\/jackpotlotteryonline.com\/?page_id=39589"},"modified":"2023-01-03T18:22:53","modified_gmt":"2023-01-03T18:22:53","slug":"saturday-lotto","status":"publish","type":"page","link":"https:\/\/jackpotlotteryonline.com\/de\/wie-man-spielt\/saturday-lotto\/","title":{"rendered":"Samstagslotto online spielen"},"content":{"rendered":"<p>Das Samstagslotto ist eine der beliebtesten Lotterien Australiens, und Spieler im ganzen Land freuen sich auf diese Lotterie. Einer der Gr\u00fcnde daf\u00fcr ist, dass es in der Vergangenheit eine Menge Million\u00e4re hervorgebracht hat. Der Jackpot kann bis zu 10 Millionen AU$ erreichen, was ein unglaublicher Preis ist, wenn man dar\u00fcber nachdenkt. Fr\u00fcher musste man einen Wohnsitz in Australien haben, um an dieser Lotterie teilnehmen zu k\u00f6nnen, und zwar aus dem einfachen Grund, dass die Lose nur im Land erh\u00e4ltlich waren. Mit dem Internet hat sich das ge\u00e4ndert, denn jetzt k\u00f6nnen Spieler aus der ganzen Welt von \u00fcberall aus Lotto spielen.<\/p>\n<p>Wenn Sie also am Samstagslotto teilnehmen m\u00f6chten, m\u00fcssen Sie nur jackpotlotteryonline.com besuchen, um <a href=\"https:\/\/jackpotlotteryonline.com\/de\/spielscheine-kaufen\/saturday-lotto\">Ihren Lottoschein zu kaufen<\/a>. Interessanterweise k\u00f6nnen Sie dort auch Lose f\u00fcr alle gro\u00dfen internationalen Lotterien erwerben.<\/p>\n<h2>Der Ursprung des Samstagslottos<\/h2>\n<p><img loading=\"lazy\" decoding=\"async\" class=\"alignright size-medium wp-image-28103\" src=\"https:\/\/jackpotlotteryonline.com\/wp-content\/uploads\/2022\/11\/1_lotto_jackpot_online-257x300.jpg\" alt=\"Samstagslotto Jackpot\" width=\"257\" height=\"300\" srcset=\"https:\/\/jackpotlotteryonline.com\/wp-content\/uploads\/2022\/11\/1_lotto_jackpot_online-257x300.jpg 257w, https:\/\/jackpotlotteryonline.com\/wp-content\/uploads\/2022\/11\/1_lotto_jackpot_online.jpg 321w\" sizes=\"auto, (max-width: 257px) 100vw, 257px\" \/><\/p>\n<p>Die erste Ziehung fand am 24. Juni 1972 statt und war das erste Lotto seiner Art in Australien. Es ist auch das am l\u00e4ngsten laufende Lotto in Australien. Die Spieler in den verschiedenen Teilen Australiens kennen es unter verschiedenen Namen: Tattslotto, Goldlotto, X-Lotto oder einfach Lotto.<\/p>\n<p>Der garantierte Mindestjackpot betr\u00e4gt 5 Millionen AU$, und wenn es keinen Gewinner gibt, wird er auf die n\u00e4chste Woche \u00fcbertragen. Das Unglaubliche an diesem Lotto ist, dass die Spieler eine wirklich gute Wahrscheinlichkeit haben, den Jackpot zu gewinnen. Die Gewinnchancen sind so gering, dass der Jackpot nur selten umkippt, weil es normalerweise immer einen Gewinner gibt.<\/p>\n<p>Auch beim Samstagslotto gibt es einmal im Jahr eine Mega-Ziehung, die nach Weihnachten stattfindet. Der Jackpot f\u00fcr die Mega-Ziehungen ist ziemlich gro\u00df und wurde auf 30 Millionen AU$ erh\u00f6ht. Bei der Mega-Ziehung gibt es normalerweise mehrere Gewinner.<\/p>\n<h2>Wie man das Samstagslotto online spielt<\/h2>\n<p>Um das Samstagslotto zu spielen, besuchen Sie einfach jackpotlotteryonline.com und gehen Sie auf die Lotto-Seite. W\u00e4hlen Sie sechs Zahlen zwischen 1 und 45. Sie k\u00f6nnen Ihre Zahlen immer manuell ausw\u00e4hlen oder unser automatisches System nutzen, um Zufallszahlen zu generieren.<\/p>\n<p><a href=\"https:\/\/jackpotlotteryonline.com\/de\/gewinn-zahlen\/saturday-lotto\">Geben Sie dann die Ziehungen ein<\/a>. Eigentlich gibt es nur eine Ziehung pro Woche und die ist am Samstag. Daher auch der Name: Samstagslotto. Sie k\u00f6nnen jedoch bis zu 10 aufeinanderfolgende Ziehungen ausw\u00e4hlen. Wenn Sie diese Option w\u00e4hlen, nehmen Sie in den n\u00e4chsten 10 Wochen automatisch an jeder Ziehung teil.<\/p>\n<p>Wenn Sie das alles erledigt haben, ist der n\u00e4chste Schritt die Abwicklung Ihrer Zahlung. Wir werden Sie bitten, sich bei uns zu registrieren, damit wir Ihren Schein sicher aufbewahren k\u00f6nnen, wenn Sie spielen. Wir werden Sie auch benachrichtigen, wenn Sie etwas gewonnen haben, und Sie k\u00f6nnen sich dann Ihren Gewinn auf unserer Plattform auszahlen lassen.<\/p>\n<section class=\"layout\" style=\"border: solid 1px; width: 100%;\">\n<div class=\"img-div\" style=\"margin-top: 5px;\"><img decoding=\"async\" class=\"wp-image-17212 alignleft\" style=\"height: 45px; margin: 8px 8px 0px;\" src=\"https:\/\/jackpotlotteryonline.com\/wp-content\/uploads\/2022\/11\/read1.jpg\" alt=\"Lesen Sie \" width=\"\" height=\"\" \/><\/div>\n<div style=\"padding-left: 5px;\">\n<div style=\"font-size: 1.1em;\">\n<p><strong>Einige Tricks und Tipps f\u00fcr die Auswahl Ihrer Zahlen<\/strong><\/p>\n<p style=\"font-size: 0.85em; margin-top: -1.5em;\">Erh\u00f6hen Sie Ihre Gewinnchancen &#8211; w\u00e4hlen Sie Ihre Zahlen mit einer gewissen Strategie\u00a0 <a href=\"https:\/\/jackpotlotteryonline.com\/de\/einige-tricks-und-tipps-fuer-die-wahl-deiner-zahlen\"> mehr lesen<\/a><\/p>\n<\/div>\n<\/div>\n<\/section>\n<h2>Vorteile<\/h2>\n<p>F\u00fcr diejenigen, die an den Kauf physischer Lotteriescheine und an den Jubel \u00fcber einen Gewinn gew\u00f6hnt sind, mag es schwer sein, die Vorteile des Spiels im Internet zu erkennen. Aber wir werden hier ein paar davon nennen.<\/p>\n<p>Das Samstagslotto online zu spielen ist bequem. Sie m\u00fcssen Ihren Standort nicht verlassen, um irgendwohin zu gehen, da Sie ganz einfach auf Ihrem Computer oder Mobilger\u00e4t spielen k\u00f6nnen. Das bedeutet auch, dass Sie jetzt Zugang zu einer gr\u00f6\u00dferen Auswahl an Lotterien aus der ganzen Welt haben.<\/p>\n<p>Der Kauf von Losen ist nicht der einzige Vorteil, wenn Sie Lotto spielen. Der vielleicht gr\u00f6\u00dfte Vorteil ist, dass Sie sich Ihre Gewinne einfach auszahlen lassen k\u00f6nnen. Es ist ganz einfach, und Sie m\u00fcssen oft kein kompliziertes Verfahren durchlaufen, um Ihren Gewinn zu erhalten.<\/p>\n<h2>Gewinnen im Samstagslotto<\/h2>\n<p>Um im Lotto zu gewinnen, m\u00fcssen Sie alle sechs gezogenen Zahlen richtig haben. Jeder Schein, der alle sechs gezogenen Zahlen enth\u00e4lt, gewinnt den Jackpot. Es gibt noch weitere Preise, die Sie gewinnen k\u00f6nnen und die wir sp\u00e4ter erw\u00e4hnen werden. Beachten Sie jedoch, dass Sie einen Preis gewinnen k\u00f6nnen, wenn Sie 3 gezogene Zahlen \u00fcbereinstimmen.<\/p>\n<p>Sollten Sie in der Lotterie gewinnen, k\u00f6nnen Sie sich Ihren Gewinn von unserer Plattform direkt auf Ihr Konto auszahlen lassen.<\/p>\n<p>Bitte beachten Sie, dass Sie bei einem Gewinn von mehr als 2500 Euro den Gewinn direkt bei der Lotteriegesellschaft anfordern m\u00fcssen. Aber keine Sorge, wir helfen Ihnen dabei, indem wir Ihnen ein Antragsformular zum Ausf\u00fcllen zur Verf\u00fcgung stellen.<\/p>\n<h2>Erg\u00e4nzende Zahlen<\/h2>\n<p><img loading=\"lazy\" decoding=\"async\" class=\"alignright size-medium wp-image-29183\" src=\"https:\/\/jackpotlotteryonline.com\/wp-content\/uploads\/2022\/11\/1_play_lotto-online-300x199.jpg\" alt=\"Samstagslotto online spielen\" width=\"300\" height=\"199\" srcset=\"https:\/\/jackpotlotteryonline.com\/wp-content\/uploads\/2022\/11\/1_play_lotto-online-300x199.jpg 300w, https:\/\/jackpotlotteryonline.com\/wp-content\/uploads\/2022\/11\/1_play_lotto-online.jpg 350w\" sizes=\"auto, (max-width: 300px) 100vw, 300px\" \/><\/p>\n<p>Wenn Sie sich die Gewinnklassen ansehen, werden Sie feststellen, dass in einigen Klassen Zusatzzahlen verwendet werden. Dabei handelt es sich nicht um Zahlen, die Sie selbst ziehen und die nichts mit dem Gewinn des Jackpots zu tun haben. Es handelt sich einfach um zuf\u00e4llig generierte Zahlen, die bei jeder Ziehung ausgew\u00e4hlt werden und die zur Bestimmung der Gewinnklassen 2 und 5 verwendet werden.<\/p>\n<h2>Preise<\/h2>\n<p>Bei diesem Lotto gibt es sechs verschiedene Gewinnklassen und Sie k\u00f6nnen einen Preis gewinnen, wenn Sie nur 3 Hauptzahlen tippen. Je mehr Zahlen \u00fcbereinstimmen, desto h\u00f6her ist nat\u00fcrlich der Gewinn. Der Preis der Gewinnklasse 1 ist der Jackpot und Sie m\u00fcssen alle 6 Zahlen richtig haben, um diesen Preis zu gewinnen.<\/p>\n<p>Oft konzentrieren sich die Spieler auf den Gewinn der Gewinnklasse 1, d. h. den Jackpot, und lassen die anderen Gewinnklassen au\u00dfer Acht. Es ist jedoch m\u00f6glich, auch in den anderen Gewinnklassen einen hohen Betrag zu gewinnen. Im Folgenden finden Sie die Gewinnklassen f\u00fcr das Samstagslotto und die Gewinnchancen f\u00fcr jede Klasse.<\/p>\n<p>Gewinnklasse 1: 6 Hauptzahlen &#8211; Jackpot (1 zu 8.145.060)<\/p>\n<p>Abteilung 2: 5 Hauptzahlen + 1 oder 2 Zusatzzahlen (1 zu 678.755)<\/p>\n<p>Abteilung 3: 5 Hauptzahlen (1 zu 36.689)<\/p>\n<p>Abteilung 4: 4 Hauptnummern (1 von 733)<\/p>\n<p>Abteilung 5: 3 Hauptnummern + 1 oder 2 Erg\u00e4nzungsnummern (1 zu 297)<\/p>\n<p>Abteilung 6: 3 Hauptzahlen (1 zu 53)<\/p>\n<h2>Melden Sie sich jetzt f\u00fcr das Samstagslotto an<\/h2>\n<p>Wenn Sie bereit sind, Lotto zu spielen, k\u00f6nnen Sie Ihre Lottoscheine gleich hier auf unserer Website kaufen. Sobald Sie an der Ziehung teilnehmen, haben Sie die Chance, Millionen zu gewinnen.<\/p>\n<p>W\u00e4hrend Sie hier sind, k\u00f6nnen Sie auch andere Lotterien kennenlernen. Wir haben eine gro\u00dfe Auswahl an internationalen Top-Lotterien und wir geben unseren Kunden Zugang zu diesen Lotterien. Sie k\u00f6nnen Ihre Lose f\u00fcr Lotterien in den USA, Europa und Australien kaufen, egal wo Sie wohnen.<\/p>\n<p>Als die Nummer Eins unter den Lotterie-Concierge-Websites haben wir den Prozess rationalisiert, um unseren Kunden ein unglaubliches Erlebnis zu bieten. Melden Sie sich noch heute bei uns an und spielen Sie Lotto.<\/p>\n","protected":false},"excerpt":{"rendered":"<p>Das Samstagslotto ist eine der beliebtesten Lotterien Australiens, und Spieler im ganzen Land freuen sich auf diese Lotterie. Einer der Gr\u00fcnde daf\u00fcr ist, dass es in der Vergangenheit eine Menge Million\u00e4re hervorgebracht hat. Der Jackpot kann bis zu 10 Millionen AU$ erreichen, was ein unglaublicher Preis ist, wenn man dar\u00fcber nachdenkt. Fr\u00fcher musste man einen [&hellip;]<\/p>\n","protected":false},"author":1,"featured_media":0,"parent":35692,"menu_order":18,"comment_status":"closed","ping_status":"closed","template":"saturday-lotto.php","meta":{"_et_pb_use_builder":"","_et_pb_old_content":"","_et_gb_content_width":"","exclude_from_search":false,"footnotes":""},"class_list":["post-39589","page","type-page","status-publish","hentry"],"yoast_head":"<!-- This site is optimized with the Yoast SEO plugin v23.3 - https:\/\/yoast.com\/wordpress\/plugins\/seo\/ -->\n<title>Spielen Sie Samstagslotto online<\/title>\n<meta name=\"description\" content=\"Genie\u00dfen Sie die Chance auf einen gro\u00dfen Gewinn beim Samstagslotto, indem Sie online spielen, egal wo Sie sind. Finden Sie heraus wie.\" \/>\n<meta name=\"robots\" content=\"index, follow, max-snippet:-1, max-image-preview:large, max-video-preview:-1\" \/>\n<link rel=\"canonical\" href=\"https:\/\/jackpotlotteryonline.com\/de\/wie-man-spielt\/saturday-lotto\/\" \/>\n<meta property=\"og:locale\" content=\"de_DE\" \/>\n<meta property=\"og:type\" content=\"article\" \/>\n<meta property=\"og:title\" content=\"Spielen Sie Samstagslotto online\" \/>\n<meta property=\"og:description\" content=\"Genie\u00dfen Sie die Chance auf einen gro\u00dfen Gewinn beim Samstagslotto, indem Sie online spielen, egal wo Sie sind. Finden Sie heraus wie.\" \/>\n<meta property=\"og:url\" content=\"https:\/\/jackpotlotteryonline.com\/de\/wie-man-spielt\/saturday-lotto\/\" \/>\n<meta property=\"og:site_name\" content=\"Lotto Online - Crack The International Lottery Jackpots\" \/>\n<meta property=\"article:modified_time\" content=\"2023-01-03T18:22:53+00:00\" \/>\n<meta property=\"og:image\" content=\"https:\/\/jackpotlotteryonline.com\/wp-content\/uploads\/2022\/11\/1_lotto_jackpot_online-257x300.jpg\" \/>\n<meta name=\"twitter:card\" content=\"summary_large_image\" \/>\n<meta name=\"twitter:label1\" content=\"Gesch\u00e4tzte Lesezeit\" \/>\n\t<meta name=\"twitter:data1\" content=\"6\u00a0Minuten\" \/>\n<!-- \/ Yoast SEO plugin. -->","yoast_head_json":{"title":"Spielen Sie Samstagslotto online","description":"Genie\u00dfen Sie die Chance auf einen gro\u00dfen Gewinn beim Samstagslotto, indem Sie online spielen, egal wo Sie sind. Finden Sie heraus wie.","robots":{"index":"index","follow":"follow","max-snippet":"max-snippet:-1","max-image-preview":"max-image-preview:large","max-video-preview":"max-video-preview:-1"},"canonical":"https:\/\/jackpotlotteryonline.com\/de\/wie-man-spielt\/saturday-lotto\/","og_locale":"de_DE","og_type":"article","og_title":"Spielen Sie Samstagslotto online","og_description":"Genie\u00dfen Sie die Chance auf einen gro\u00dfen Gewinn beim Samstagslotto, indem Sie online spielen, egal wo Sie sind. Finden Sie heraus wie.","og_url":"https:\/\/jackpotlotteryonline.com\/de\/wie-man-spielt\/saturday-lotto\/","og_site_name":"Lotto Online - Crack The International Lottery Jackpots","article_modified_time":"2023-01-03T18:22:53+00:00","og_image":[{"url":"https:\/\/jackpotlotteryonline.com\/wp-content\/uploads\/2022\/11\/1_lotto_jackpot_online-257x300.jpg"}],"twitter_card":"summary_large_image","twitter_misc":{"Gesch\u00e4tzte Lesezeit":"6\u00a0Minuten"},"schema":{"@context":"https:\/\/schema.org","@graph":[{"@type":"WebPage","@id":"https:\/\/jackpotlotteryonline.com\/de\/wie-man-spielt\/saturday-lotto\/","url":"https:\/\/jackpotlotteryonline.com\/de\/wie-man-spielt\/saturday-lotto\/","name":"Spielen Sie Samstagslotto online","isPartOf":{"@id":"https:\/\/jackpotlotteryonline.com\/#website"},"primaryImageOfPage":{"@id":"https:\/\/jackpotlotteryonline.com\/de\/wie-man-spielt\/saturday-lotto\/#primaryimage"},"image":{"@id":"https:\/\/jackpotlotteryonline.com\/de\/wie-man-spielt\/saturday-lotto\/#primaryimage"},"thumbnailUrl":"https:\/\/jackpotlotteryonline.com\/wp-content\/uploads\/2022\/11\/1_lotto_jackpot_online-257x300.jpg","datePublished":"2022-11-28T08:33:17+00:00","dateModified":"2023-01-03T18:22:53+00:00","description":"Genie\u00dfen Sie die Chance auf einen gro\u00dfen Gewinn beim Samstagslotto, indem Sie online spielen, egal wo Sie sind. Finden Sie heraus wie.","breadcrumb":{"@id":"https:\/\/jackpotlotteryonline.com\/de\/wie-man-spielt\/saturday-lotto\/#breadcrumb"},"inLanguage":"de","potentialAction":[{"@type":"ReadAction","target":["https:\/\/jackpotlotteryonline.com\/de\/wie-man-spielt\/saturday-lotto\/"]}]},{"@type":"ImageObject","inLanguage":"de","@id":"https:\/\/jackpotlotteryonline.com\/de\/wie-man-spielt\/saturday-lotto\/#primaryimage","url":"https:\/\/jackpotlotteryonline.com\/wp-content\/uploads\/2022\/11\/1_lotto_jackpot_online-257x300.jpg","contentUrl":"https:\/\/jackpotlotteryonline.com\/wp-content\/uploads\/2022\/11\/1_lotto_jackpot_online-257x300.jpg"},{"@type":"BreadcrumbList","@id":"https:\/\/jackpotlotteryonline.com\/de\/wie-man-spielt\/saturday-lotto\/#breadcrumb","itemListElement":[{"@type":"ListItem","position":1,"name":"Home","item":"https:\/\/jackpotlotteryonline.com\/de\/"},{"@type":"ListItem","position":2,"name":"Wie man spielt","item":"https:\/\/jackpotlotteryonline.com\/de\/wie-man-spielt\/"},{"@type":"ListItem","position":3,"name":"Samstagslotto online spielen"}]},{"@type":"WebSite","@id":"https:\/\/jackpotlotteryonline.com\/#website","url":"https:\/\/jackpotlotteryonline.com\/","name":"Lotto Online - Crack The International Lottery Jackpots","description":"","potentialAction":[{"@type":"SearchAction","target":{"@type":"EntryPoint","urlTemplate":"https:\/\/jackpotlotteryonline.com\/?s={search_term_string}"},"query-input":"required name=search_term_string"}],"inLanguage":"de"}]}},"_links":{"self":[{"href":"https:\/\/jackpotlotteryonline.com\/de\/wp-json\/wp\/v2\/pages\/39589","targetHints":{"allow":["GET"]}}],"collection":[{"href":"https:\/\/jackpotlotteryonline.com\/de\/wp-json\/wp\/v2\/pages"}],"about":[{"href":"https:\/\/jackpotlotteryonline.com\/de\/wp-json\/wp\/v2\/types\/page"}],"author":[{"embeddable":true,"href":"https:\/\/jackpotlotteryonline.com\/de\/wp-json\/wp\/v2\/users\/1"}],"replies":[{"embeddable":true,"href":"https:\/\/jackpotlotteryonline.com\/de\/wp-json\/wp\/v2\/comments?post=39589"}],"version-history":[{"count":0,"href":"https:\/\/jackpotlotteryonline.com\/de\/wp-json\/wp\/v2\/pages\/39589\/revisions"}],"up":[{"embeddable":true,"href":"https:\/\/jackpotlotteryonline.com\/de\/wp-json\/wp\/v2\/pages\/35692"}],"wp:attachment":[{"href":"https:\/\/jackpotlotteryonline.com\/de\/wp-json\/wp\/v2\/media?parent=39589"}],"curies":[{"name":"wp","href":"https:\/\/api.w.org\/{rel}","templated":true}]}}