{"id":39644,"date":"2022-11-28T11:54:01","date_gmt":"2022-11-28T11:54:01","guid":{"rendered":"https:\/\/jackpotlotteryonline.com\/?page_id=39644"},"modified":"2022-12-31T12:57:48","modified_gmt":"2022-12-31T12:57:48","slug":"set-for-life-online-spielen","status":"publish","type":"page","link":"https:\/\/jackpotlotteryonline.com\/de\/wie-man-spielt\/set-for-life-online-spielen\/","title":{"rendered":"Set For Life online spielen"},"content":{"rendered":"<p>Immer mehr Spieler auf der ganzen Welt erkennen, wie sch\u00f6n es ist, f\u00fcr den Rest des Lebens abgesichert zu sein. Und genau das bietet die britische Lotterie Set for Life den Spielern: die Chance, 30 Jahre lang jeden Monat 10.000 \u00a3 zu gewinnen. Sie wird als Rentenlotterie bezeichnet, weil der Gewinner keinen Pauschalbetrag erh\u00e4lt. Auf den ersten Blick mag das nicht so verlockend erscheinen wie der Gewinn von Milliarden von Euro. Es gibt jedoch einige Spieler, denen es nicht ganz geheuer ist, mit so viel Geld auf einmal umzugehen. Au\u00dferdem haben wir von Lotteriegewinnern gelesen, die nach ein paar Jahren pleite waren. Bei dieser britischen Lotterie kann das nicht passieren, da der Gewinner jeden Monat 10.000 Pfund erh\u00e4lt.<\/p>\n<p>Wenn Sie sich fragen, wie Sie diese britische Rentenlotterie von au\u00dferhalb des Vereinigten K\u00f6nigreichs spielen k\u00f6nnen, haben Sie Gl\u00fcck. Hier erfahren Sie, wie Sie die Lotterie spielen k\u00f6nnen und welche Tipps es gibt, wenn Sie au\u00dferhalb des Vereinigten K\u00f6nigreichs spielen.<\/p>\n<h2>Kann man Set For Life von au\u00dferhalb des Vereinigten K\u00f6nigreichs spielen?<\/h2>\n<p><img loading=\"lazy\" decoding=\"async\" class=\"alignright size-medium wp-image-27941\" src=\"https:\/\/jackpotlotteryonline.com\/wp-content\/uploads\/2022\/11\/1_lottery_winner_ticket-200x300.jpg\" alt=\"Gro\u00dfer Gewinn mit Set for Life\" width=\"200\" height=\"300\" srcset=\"https:\/\/jackpotlotteryonline.com\/wp-content\/uploads\/2022\/11\/1_lottery_winner_ticket-200x300.jpg 200w, https:\/\/jackpotlotteryonline.com\/wp-content\/uploads\/2022\/11\/1_lottery_winner_ticket.jpg 320w\" sizes=\"auto, (max-width: 200px) 100vw, 200px\" \/><\/p>\n<p>Set For Life ist zwar im Wesentlichen eine britische Lotterie, aber der Wunsch, jeden Monat einen gro\u00dfen Gewinn zu erzielen, wird von Spielern \u00fcberall geteilt. Seien wir ehrlich, wer w\u00fcrde nicht gerne 30 Jahre lang jeden Monat 10.000 \u00a3 gewinnen? Normalerweise wird Set For Life nur im Vereinigten K\u00f6nigreich gespielt, weil dort die Tickets verkauft werden. Allerdings k\u00f6nnen die Spieler jetzt von \u00fcberall aus Lose kaufen.<\/p>\n<p>Das Internet hat vieles m\u00f6glich gemacht, insbesondere den Zugang zu Informationen. Jetzt k\u00f6nnen Spieler auf der ganzen Welt Lose f\u00fcr internationale Top-Lotterien kaufen, darunter auch Set For Life. Wenn Sie also ein Spieler au\u00dferhalb des Vereinigten K\u00f6nigreichs sind, k\u00f6nnen Sie ganz einfach <a href=\"https:\/\/jackpotlotteryonline.com\/de\/spielscheine-kaufen\/set-for-life\">Spielscheine f\u00fcr die britische Rentenlotterie erwerben<\/a>, indem Sie jackpotlotteryonline.com besuchen.<\/p>\n<p>Wenn Sie mit dem Gedanken lieb\u00e4ugeln, f\u00fcr den Rest Ihres Lebens ausgesorgt zu haben, dann beeilen Sie sich jetzt und holen Sie sich vor der n\u00e4chsten Ziehung ein Los.<\/p>\n<h2>Wie man spielt<\/h2>\n<p>Um an der britischen Lotterie teilzunehmen, m\u00fcssen die Spieler 5 Zahlen aus einem Bereich von 1 bis 47 und 1 Life Ball-Zahl von 1 bis 10 w\u00e4hlen. Als <a href=\"https:\/\/jackpotlotteryonline.com\/de\/gewinn-zahlen\/set-for-life\">n\u00e4chstes w\u00e4hlen Sie die Ziehungstage<\/a>, an denen Sie teilnehmen m\u00f6chten, und die Anzahl der Wochen, die Sie spielen m\u00f6chten.<\/p>\n<p>Wenn Sie unsere Website nutzen, k\u00f6nnen Sie unseren Zahlengenerator verwenden, um Ihre Zahlen nach dem Zufallsprinzip auszuw\u00e4hlen. Sie k\u00f6nnen auch einstellen, dass Sie automatisch f\u00fcr jede Ziehung mehrere Wochen im Voraus angemeldet werden. Auf diese Weise m\u00fcssen Sie sich keine Sorgen machen, eine Ziehung zu verpassen. Au\u00dferdem ver\u00f6ffentlichen wir die Ergebnisse direkt hier auf unserer Website.<\/p>\n<p>Die Set For Life-Ziehungen finden jeden Montag- und Donnerstagabend statt. Wenn Sie bei uns Lotto spielen, m\u00fcssen Sie keine Ziehung verpassen, weil Sie Ihren Schein nicht vor Ablauf der Frist gekauft haben.<\/p>\n<h2>Tipps zum Online-Spielen<\/h2>\n<p>Bevor Sie Ihren Lottoschein im Internet kaufen, ist es wichtig, einige Dinge zu wissen. Hier sind einige Tipps, die Ihnen helfen werden, ein angenehmeres Spielerlebnis zu haben.<\/p>\n<ul>\n<li>Kaufen Sie Ihre Lottoscheine immer \u00fcber eine Concierge-Website<\/li>\n<li>Vergewissern Sie sich, dass Sie Ihre Gewinne ohne Probleme von der Website abheben k\u00f6nnen<\/li>\n<li>Kaufen Sie mehrere Lose und nehmen Sie an mehreren Ziehungen teil, um Ihre Gewinnchancen zu erh\u00f6hen.<\/li>\n<li>Nutzen Sie eine Website, die Sie (per E-Mail) benachrichtigt, sobald Sie einen Preis gewonnen haben.<\/li>\n<\/ul>\n<h2>Set For Life Preiskategorien<\/h2>\n<div id=\"attachment_27779\" style=\"width: 222px\" class=\"wp-caption alignright\"><img loading=\"lazy\" decoding=\"async\" aria-describedby=\"caption-attachment-27779\" class=\"size-full wp-image-27779\" src=\"https:\/\/jackpotlotteryonline.com\/wp-content\/uploads\/2022\/11\/1_lottery_ticket.jpg\" alt=\"Wie man Set for life spielt\" width=\"212\" height=\"142\" \/><p id=\"caption-attachment-27779\" class=\"wp-caption-text\">Ausf\u00fcllen eines Lottoscheins mit Bleistift auf einem Holztisch, Nahaufnahme. Platz f\u00fcr Text<\/p><\/div>\n<p>Der Hauptgewinn bei dieser britischen Lotterie sind unglaubliche 10.000 \u00a3 jeden Monat f\u00fcr die n\u00e4chsten 30 Jahre. Das ist so, als w\u00fcrde man 10.000 Pfund pro Monat f\u00fcr einen 30-j\u00e4hrigen Urlaub erhalten. Dieser Preis ist es, der viele Spieler begeistert. Noch aufregender ist jedoch die Tatsache, dass es bei dieser Lotterie auch noch andere aufregende Gewinnstufen gibt. Hier sind die Gewinnkategorien.<\/p>\n<p>Kategorie 1: 5 Richtige + Life Ball &#8211; 10.000 \u00a3 jeden Monat f\u00fcr 30 Jahre<\/p>\n<p>Kategorie 2: Nur 5 Richtige &#8211; 10.000 \u00a3 jeden Monat f\u00fcr 1 Jahr<\/p>\n<p>Kategorie 3: 4 Richtige + der Life Ball &#8211; 250 \u00a3<\/p>\n<p>Kategorie 4: Nur 4 Richtige &#8211; \u00a350<\/p>\n<p>Kategorie 5: 3 Richtige + Life Ball &#8211; \u00a330<\/p>\n<p>Kategorie 6: Nur 3 gleiche Zahlen &#8211; \u00a320<\/p>\n<p>Kategorie 7: 2 gleiche Zahlen + Life Ball &#8211; \u00a310<\/p>\n<p>Kategorie 8: Nur 2 gleiche Zahlen &#8211; \u00a35<\/p>\n<section class=\"layout\" style=\"border: solid 1px; width: 100%;\">\n<div class=\"img-div\" style=\"margin-top: 5px;\"><img decoding=\"async\" class=\"wp-image-17212 alignleft\" style=\"height: 45px; margin: 8px 8px 0px;\" src=\"https:\/\/jackpotlotteryonline.com\/wp-content\/uploads\/2022\/11\/read1.jpg\" alt=\"lesen\" width=\"\" height=\"\" \/><\/div>\n<div style=\"padding-left: 5px;\">\n<div style=\"font-size: 1.1em;\">\n<p><strong>Einige Lotteriegewinner gaben der Gemeinschaft etwas zur\u00fcck<\/strong><\/p>\n<p style=\"font-size: 0.85em; margin-top: -1.5em;\">Einige interessante und herzerw\u00e4rmende Geschichten \u00fcber Lottogewinner, die etwas zur\u00fcckgeben\u00a0<a href=\"https:\/\/jackpotlotteryonline.com\/de\/geschichten-ueber-lotteriegewinner-die-zurueckgeben\"> mehr lesen<\/a><\/p>\n<\/div>\n<\/div>\n<\/section>\n<h2>Spielen Sie noch heute die britische Rentenlotterie hier<\/h2>\n<p>Wir sind eine Concierge-Lotterieseite, die es Spielern auf der ganzen Welt erm\u00f6glicht, Zugang zu internationalen Top-Lotterien zu erhalten. Wenn Sie Ihre Lotteriescheine bei uns kaufen, genie\u00dfen Sie das Vergn\u00fcgen, Lotto zu spielen, ohne dass Sie dabei irgendwelche Schwierigkeiten haben.<\/p>\n<p>Wenn Sie einen Preis gewinnen, k\u00f6nnen Sie sich Ihren Gewinn ganz einfach direkt hier auf unserer Website auszahlen lassen. So einfach ist das bei uns. Und wenn Ihr Gewinn einen bestimmten Betrag \u00fcbersteigt, helfen wir Ihnen mit einem Antragsformular, damit Sie Ihren Gewinn abholen k\u00f6nnen.<\/p>\n<p>Alles, was wir tun, zielt darauf ab, unseren Kunden ein nahtloses Lotterieerlebnis zu bieten. Nehmen Sie also noch heute an der UK Set for Life Lotterie teil.<\/p>\n","protected":false},"excerpt":{"rendered":"<p>Immer mehr Spieler auf der ganzen Welt erkennen, wie sch\u00f6n es ist, f\u00fcr den Rest des Lebens abgesichert zu sein. Und genau das bietet die britische Lotterie Set for Life den Spielern: die Chance, 30 Jahre lang jeden Monat 10.000 \u00a3 zu gewinnen. Sie wird als Rentenlotterie bezeichnet, weil der Gewinner keinen Pauschalbetrag erh\u00e4lt. Auf [&hellip;]<\/p>\n","protected":false},"author":1,"featured_media":0,"parent":35692,"menu_order":11,"comment_status":"closed","ping_status":"closed","template":"set-for-life.php","meta":{"_et_pb_use_builder":"","_et_pb_old_content":"","_et_gb_content_width":"","exclude_from_search":false,"footnotes":""},"class_list":["post-39644","page","type-page","status-publish","hentry"],"yoast_head":"<!-- This site is optimized with the Yoast SEO plugin v23.3 - https:\/\/yoast.com\/wordpress\/plugins\/seo\/ -->\n<title>Spielen Sie Set for Life von au\u00dferhalb des Vereinigten K\u00f6nigreichs<\/title>\n<meta name=\"description\" content=\"Spielen Sie die britische Rentenlotterie online und gewinnen Sie die Chance, f\u00fcr den Rest Ihres Lebens gesetzt zu sein.\" \/>\n<meta name=\"robots\" content=\"index, follow, max-snippet:-1, max-image-preview:large, max-video-preview:-1\" \/>\n<link rel=\"canonical\" href=\"https:\/\/jackpotlotteryonline.com\/de\/wie-man-spielt\/set-for-life-online-spielen\/\" \/>\n<meta property=\"og:locale\" content=\"de_DE\" \/>\n<meta property=\"og:type\" content=\"article\" \/>\n<meta property=\"og:title\" content=\"Spielen Sie Set for Life von au\u00dferhalb des Vereinigten K\u00f6nigreichs\" \/>\n<meta property=\"og:description\" content=\"Spielen Sie die britische Rentenlotterie online und gewinnen Sie die Chance, f\u00fcr den Rest Ihres Lebens gesetzt zu sein.\" \/>\n<meta property=\"og:url\" content=\"https:\/\/jackpotlotteryonline.com\/de\/wie-man-spielt\/set-for-life-online-spielen\/\" \/>\n<meta property=\"og:site_name\" content=\"Lotto Online - Crack The International Lottery Jackpots\" \/>\n<meta property=\"article:modified_time\" content=\"2022-12-31T12:57:48+00:00\" \/>\n<meta property=\"og:image\" content=\"https:\/\/jackpotlotteryonline.com\/wp-content\/uploads\/2022\/11\/1_lottery_winner_ticket-200x300.jpg\" \/>\n<meta name=\"twitter:card\" content=\"summary_large_image\" \/>\n<meta name=\"twitter:label1\" content=\"Gesch\u00e4tzte Lesezeit\" \/>\n\t<meta name=\"twitter:data1\" content=\"5\u00a0Minuten\" \/>\n<!-- \/ Yoast SEO plugin. -->","yoast_head_json":{"title":"Spielen Sie Set for Life von au\u00dferhalb des Vereinigten K\u00f6nigreichs","description":"Spielen Sie die britische Rentenlotterie online und gewinnen Sie die Chance, f\u00fcr den Rest Ihres Lebens gesetzt zu sein.","robots":{"index":"index","follow":"follow","max-snippet":"max-snippet:-1","max-image-preview":"max-image-preview:large","max-video-preview":"max-video-preview:-1"},"canonical":"https:\/\/jackpotlotteryonline.com\/de\/wie-man-spielt\/set-for-life-online-spielen\/","og_locale":"de_DE","og_type":"article","og_title":"Spielen Sie Set for Life von au\u00dferhalb des Vereinigten K\u00f6nigreichs","og_description":"Spielen Sie die britische Rentenlotterie online und gewinnen Sie die Chance, f\u00fcr den Rest Ihres Lebens gesetzt zu sein.","og_url":"https:\/\/jackpotlotteryonline.com\/de\/wie-man-spielt\/set-for-life-online-spielen\/","og_site_name":"Lotto Online - Crack The International Lottery Jackpots","article_modified_time":"2022-12-31T12:57:48+00:00","og_image":[{"url":"https:\/\/jackpotlotteryonline.com\/wp-content\/uploads\/2022\/11\/1_lottery_winner_ticket-200x300.jpg"}],"twitter_card":"summary_large_image","twitter_misc":{"Gesch\u00e4tzte Lesezeit":"5\u00a0Minuten"},"schema":{"@context":"https:\/\/schema.org","@graph":[{"@type":"WebPage","@id":"https:\/\/jackpotlotteryonline.com\/de\/wie-man-spielt\/set-for-life-online-spielen\/","url":"https:\/\/jackpotlotteryonline.com\/de\/wie-man-spielt\/set-for-life-online-spielen\/","name":"Spielen Sie Set for Life von au\u00dferhalb des Vereinigten K\u00f6nigreichs","isPartOf":{"@id":"https:\/\/jackpotlotteryonline.com\/#website"},"primaryImageOfPage":{"@id":"https:\/\/jackpotlotteryonline.com\/de\/wie-man-spielt\/set-for-life-online-spielen\/#primaryimage"},"image":{"@id":"https:\/\/jackpotlotteryonline.com\/de\/wie-man-spielt\/set-for-life-online-spielen\/#primaryimage"},"thumbnailUrl":"https:\/\/jackpotlotteryonline.com\/wp-content\/uploads\/2022\/11\/1_lottery_winner_ticket-200x300.jpg","datePublished":"2022-11-28T11:54:01+00:00","dateModified":"2022-12-31T12:57:48+00:00","description":"Spielen Sie die britische Rentenlotterie online und gewinnen Sie die Chance, f\u00fcr den Rest Ihres Lebens gesetzt zu sein.","breadcrumb":{"@id":"https:\/\/jackpotlotteryonline.com\/de\/wie-man-spielt\/set-for-life-online-spielen\/#breadcrumb"},"inLanguage":"de","potentialAction":[{"@type":"ReadAction","target":["https:\/\/jackpotlotteryonline.com\/de\/wie-man-spielt\/set-for-life-online-spielen\/"]}]},{"@type":"ImageObject","inLanguage":"de","@id":"https:\/\/jackpotlotteryonline.com\/de\/wie-man-spielt\/set-for-life-online-spielen\/#primaryimage","url":"https:\/\/jackpotlotteryonline.com\/wp-content\/uploads\/2022\/11\/1_lottery_winner_ticket-200x300.jpg","contentUrl":"https:\/\/jackpotlotteryonline.com\/wp-content\/uploads\/2022\/11\/1_lottery_winner_ticket-200x300.jpg"},{"@type":"BreadcrumbList","@id":"https:\/\/jackpotlotteryonline.com\/de\/wie-man-spielt\/set-for-life-online-spielen\/#breadcrumb","itemListElement":[{"@type":"ListItem","position":1,"name":"Home","item":"https:\/\/jackpotlotteryonline.com\/de\/"},{"@type":"ListItem","position":2,"name":"Wie man spielt","item":"https:\/\/jackpotlotteryonline.com\/de\/wie-man-spielt\/"},{"@type":"ListItem","position":3,"name":"Set For Life online spielen"}]},{"@type":"WebSite","@id":"https:\/\/jackpotlotteryonline.com\/#website","url":"https:\/\/jackpotlotteryonline.com\/","name":"Lotto Online - Crack The International Lottery Jackpots","description":"","potentialAction":[{"@type":"SearchAction","target":{"@type":"EntryPoint","urlTemplate":"https:\/\/jackpotlotteryonline.com\/?s={search_term_string}"},"query-input":"required name=search_term_string"}],"inLanguage":"de"}]}},"_links":{"self":[{"href":"https:\/\/jackpotlotteryonline.com\/de\/wp-json\/wp\/v2\/pages\/39644","targetHints":{"allow":["GET"]}}],"collection":[{"href":"https:\/\/jackpotlotteryonline.com\/de\/wp-json\/wp\/v2\/pages"}],"about":[{"href":"https:\/\/jackpotlotteryonline.com\/de\/wp-json\/wp\/v2\/types\/page"}],"author":[{"embeddable":true,"href":"https:\/\/jackpotlotteryonline.com\/de\/wp-json\/wp\/v2\/users\/1"}],"replies":[{"embeddable":true,"href":"https:\/\/jackpotlotteryonline.com\/de\/wp-json\/wp\/v2\/comments?post=39644"}],"version-history":[{"count":0,"href":"https:\/\/jackpotlotteryonline.com\/de\/wp-json\/wp\/v2\/pages\/39644\/revisions"}],"up":[{"embeddable":true,"href":"https:\/\/jackpotlotteryonline.com\/de\/wp-json\/wp\/v2\/pages\/35692"}],"wp:attachment":[{"href":"https:\/\/jackpotlotteryonline.com\/de\/wp-json\/wp\/v2\/media?parent=39644"}],"curies":[{"name":"wp","href":"https:\/\/api.w.org\/{rel}","templated":true}]}}