{"id":39702,"date":"2022-11-29T07:35:16","date_gmt":"2022-11-29T07:35:16","guid":{"rendered":"https:\/\/jackpotlotteryonline.com\/?page_id=39702"},"modified":"2023-01-03T10:19:03","modified_gmt":"2023-01-03T10:19:03","slug":"new-york-lottery-2","status":"publish","type":"page","link":"https:\/\/jackpotlotteryonline.com\/de\/wie-man-spielt\/new-york-lottery-2\/","title":{"rendered":"New Yorker Lotto online spielen"},"content":{"rendered":"<p>Die Geschichte des New Yorker Lottos ist durchdrungen von guten Taten und allgemeiner Positivit\u00e4t. Die Lotterie wurde ins Leben gerufen, um das Bildungswesen des Staates zu unterst\u00fctzen, und ist daher eine gute Option f\u00fcr Spieler, die ein wenig Altruismus mit ihrem Spa\u00df verbinden m\u00f6chten. Wenn Sie eine Lotterie suchen, bei der Sie das Gef\u00fchl haben, etwas Gutes f\u00fcr die Welt zu tun, dann sollten Sie das New Yorker Lotto in Betracht ziehen.<\/p>\n<p>F\u00fcr die meisten Spieler stellt sich jedoch die Frage, wie man von einem anderen Teil der Welt aus an dieser Lotterie teilnehmen kann. Wie der Name schon sagt, ist das New York Lotto die staatliche Lotterie des Staates New York in den USA. Sie steht also allen Lottoenthusiasten offen, die in diesem Staat leben, und die Lottoscheine sind bei den Annahmestellen in diesem Staat leicht erh\u00e4ltlich. Wenn Sie au\u00dferhalb des Staates &#8211; oder sogar auf einem anderen Kontinent &#8211; leben, sieht die Sache ganz anders aus.<\/p>\n<p>Aber keine Angst, wir zeigen Ihnen den besten Weg, um Lottoscheine von \u00fcberall auf der Welt zu kaufen. Wenn Sie es eilig haben, an der n\u00e4chsten Ziehung teilzunehmen, besuchen Sie doch einfach jackpotlotteryonline.com, um loszulegen.<\/p>\n<h2>Tipps zum Spielen des New Yorker Lottos<\/h2>\n<p>Kommen wir nun zu dem Grund, warum wir hier sind: wie man das New Yorker Lotto von \u00fcberall aus spielen kann. Bevor wir ins Detail gehen, ist es wahrscheinlich eine gute Idee, ein paar Tipps f\u00fcr das Lottospiel zu geben. Obwohl wir hier \u00fcber ein bestimmtes Lotto sprechen, gelten diese Tipps auch f\u00fcr andere internationale Top-Lotterien, an denen Sie \u00fcbrigens auch hier teilnehmen k\u00f6nnen.<\/p>\n<p><strong>Hier sind also unsere Tipps f\u00fcr das New Yorker Lotto:<\/strong><\/p>\n<ul>\n<li>W\u00e4hlen Sie Ihre Zahlen sorgf\u00e4ltig aus. Zwar kann man nicht wirklich vorhersagen, welche Zahlen im Lotto gewinnen werden, aber es spricht einiges daf\u00fcr, Zahlen zu w\u00e4hlen, die Ihnen etwas bedeuten.<\/li>\n<li>Achten Sie auf die Bonuszahlen. Und das ist etwas, was viele Spieler nicht wirklich verstehen: die Tatsache, dass der Jackpot nicht alles ist, was man gewinnen kann. Die Bonusnummer bestimmt den Preis der zweiten Stufe, der ebenfalls eine stattliche Summe ist.<\/li>\n<li>Verpassen Sie nicht die Ziehungen. Wenn Sie gewinnen wollen, sollten Sie sich auf die Teilnahme an den Ziehungen konzentrieren. Im New Yorker Lotto gibt es zwei Ziehungen pro Woche, am Mittwoch und am Samstag. Bem\u00fchen Sie sich, an beiden Ziehungen teilzunehmen. Sie k\u00f6nnen auch mehrere Wochen im Voraus an den Ziehungen teilnehmen (wie das geht, zeigen wir Ihnen sp\u00e4ter).<\/li>\n<\/ul>\n<h2>Offline und Online<\/h2>\n<p><img loading=\"lazy\" decoding=\"async\" class=\"alignright size-full wp-image-31505\" src=\"https:\/\/jackpotlotteryonline.com\/wp-content\/uploads\/2022\/11\/lotto2-300x84-1.png\" alt=\"New York Lotto online spielen\" width=\"300\" height=\"84\" \/><\/p>\n<p>Was ist der Unterschied zwischen dem Online- und dem Offline-Lotteriespiel und gibt es irgendwelche Vorteile? Ja, diese Fragen h\u00f6ren wir oft, und sie sind berechtigt. Wenn Sie zum Beispiel in New York leben, fragen Sie sich nat\u00fcrlich, ob es einen Vorteil hat, online an der Lotterie teilzunehmen. Nun, wir k\u00f6nnen Ihnen einen nennen: Bequemlichkeit.<\/p>\n<p>Der Versuch, herauszufinden, welcher Anbieter welchen Lottoschein verkauft, kann stressig sein, vor allem, wenn Sie nur noch wenige Minuten Zeit haben, bevor der Losverkauf schlie\u00dft. Au\u00dferdem m\u00f6chten Sie vielleicht an mehreren Lotterien teilnehmen, und das wird einfach un\u00fcbersichtlich, wenn Sie von einem Anbieter zum anderen wechseln m\u00fcssen.<\/p>\n<p>Die Online-Lotterie bietet Spielern einen Komfort, den man sich vorher nicht vorstellen konnte. Sie k\u00f6nnen bequem von Ihrem Computer oder Mobilger\u00e4t aus Lottoscheine kaufen, die Ziehungsergebnisse \u00fcberpr\u00fcfen und sich Gewinne auszahlen lassen. Wenn Sie einmal Lotto online gespielt haben, gibt es kein Zur\u00fcck mehr, das k\u00f6nnen wir Ihnen garantieren.<\/p>\n<h2>Wie man online spielt<\/h2>\n<p>Ob Sie nun ein erfahrener Tipper oder ein Neuling sind, die Teilnahme an der Lotterie online ist schnell, einfach und v\u00f6llig unkompliziert. Wenn Sie das New Yorker Lotto spielen, gehen Sie wie folgt vor:<\/p>\n<ul>\n<li>Klicken Sie auf die Lotterie, die Sie spielen m\u00f6chten.<\/li>\n<li>W\u00e4hlen Sie 6 Zahlen aus einem Bereich von 1 bis 59. Es gibt eine 7. Zahl, die jedoch von der Lotto-Gesellschaft nach dem Zufallsprinzip gezogen wird und nicht Teil Ihres Scheins ist.<\/li>\n<li>Nehmen Sie <a href=\"https:\/\/jackpotlotteryonline.com\/de\/gewinn-zahlen\/new-york-lottery\">an den Ziehungen teil<\/a>, die jede Woche mittwochs und samstags stattfinden. Sie k\u00f6nnen nur an einer oder an beiden Ziehungen teilnehmen.<\/li>\n<li>Schlie\u00dfen Sie Ihre Zahlung ab. Die meisten Lottoseiten verlangen, dass Sie sich registrieren, um Ihre Zahlung abzuschlie\u00dfen. So k\u00f6nnen Sie nach dem Kauf leicht auf Ihren Schein zugreifen.<\/li>\n<\/ul>\n<p>Online Lotto spielen ist wirklich so einfach. In Anbetracht der Tatsache, dass es keine andere M\u00f6glichkeit gibt, von au\u00dferhalb des US-Bundesstaates New York Lottoscheine zu erwerben, ist dies auch eine fantastische Methode, wenn Sie in einem anderen Teil der Welt leben.<\/p>\n<section class=\"layout\" style=\"border: solid 1px; width: 100%;\">\n<div class=\"img-div\" style=\"margin-top: 5px;\"><img decoding=\"async\" class=\"wp-image-17212 alignleft\" style=\"height: 45px; margin: 8px 8px 0px;\" src=\"https:\/\/jackpotlotteryonline.com\/wp-content\/uploads\/2022\/11\/read1.jpg\" alt=\"Lesen Sie \" width=\"\" height=\"\" \/><\/div>\n<div style=\"padding-left: 5px;\">\n<div style=\"font-size: 1.1em;\">\n<p><strong>Wie werde ich bezahlt, wenn ich online in der Lotterie gewinne?<\/strong><\/p>\n<p style=\"font-size: 0.85em; margin-top: -1.5em;\">So erhalten Sie Ihr Geld, wenn Sie online im Lotto gewinnen\u00a0<a href=\"https:\/\/jackpotlotteryonline.com\/de\/wie-bekomme-ich-geld-wenn-ich-in-der-lotterie-online-gewinne\"> mehr lesen<\/a><\/p>\n<\/div>\n<\/div>\n<\/section>\n<h2>Wie man Gewinnzahlen ausw\u00e4hlt<\/h2>\n<p>Die Auswahl der Gewinnzahlen ist ein komplexes Thema, obwohl es das bei genauer Betrachtung gar nicht sein sollte. Es wird von denjenigen, die Ihnen sogenannte mathematische Formeln f\u00fcr den Lottogewinn geben wollen, \u00fcberm\u00e4\u00dfig kompliziert gemacht. Im Ernst, vertrauen Sie keiner so genannten wissenschaftlichen Methode.<\/p>\n<p>Die Lotterie ist ein Gl\u00fccksspiel, und das New Yorker Lotto ist da keine Ausnahme. Die Zahlen werden nach dem Zufallsprinzip gezogen, und wer im Lotto gewinnt, hat viel mit Gl\u00fcck zu tun.<\/p>\n<p>In diesem Sinne ist es immer eine gute Idee, den Gl\u00fccksfaktor ein wenig zu nutzen, indem Sie Ihre Gl\u00fcckszahlen w\u00e4hlen. So k\u00f6nnen Sie Geburtstage, Jahrestage, Zahlen, die Ihnen Ihr ganzes Leben lang Gl\u00fcck gebracht haben, usw. w\u00e4hlen. Oder Sie k\u00f6nnen einfach den Auto-Generator auf unserer Website verwenden, um Zahlen nach dem Zufallsprinzip auszuw\u00e4hlen. Letzten Endes geht es nur um Gl\u00fcck.<\/p>\n<h2>Wo Sie Spielscheine f\u00fcr das New Yorker Lotto kaufen k\u00f6nnen<\/h2>\n<p><img loading=\"lazy\" decoding=\"async\" class=\"alignright size-medium wp-image-28913\" src=\"https:\/\/jackpotlotteryonline.com\/wp-content\/uploads\/2022\/11\/1_pick_lottery_numbers-300x200.jpg\" alt=\"New Yorker Lottoscheine kaufen\" width=\"300\" height=\"200\" srcset=\"https:\/\/jackpotlotteryonline.com\/wp-content\/uploads\/2022\/11\/1_pick_lottery_numbers-300x200.jpg 300w, https:\/\/jackpotlotteryonline.com\/wp-content\/uploads\/2022\/11\/1_pick_lottery_numbers.jpg 320w\" sizes=\"auto, (max-width: 300px) 100vw, 300px\" \/><\/p>\n<p>Wenn Sie bereit sind, am New Yorker Lotto teilzunehmen, besteht der n\u00e4chste Schritt darin, Ihre <a href=\"https:\/\/jackpotlotteryonline.com\/de\/spielscheine-kaufen\/new-york-lottery\">Spielscheine zu kaufen<\/a>. Das k\u00f6nnen Sie online auf einer Lotterieanbieterseite wie jackpotlotteryonline.com tun. Seien Sie vorsichtig bei Lotterieseiten, die Ihnen nicht genau sagen, wie sie Ihre Scheine erhalten. Auf solchen Seiten k\u00f6nnen Sie m\u00f6glicherweise nur auf das Ergebnis der Lotterie wetten, ohne tats\u00e4chlich an ihr teilzunehmen.<\/p>\n<p>Wenn Sie Ihre Lottoscheine bei uns kaufen, werden unsere Vertreter in New York Scheine mit den entsprechenden Zahlen kaufen. Es ist fast so, als h\u00e4tten Sie Ihren pers\u00f6nlichen Lottoagenten in verschiedenen Teilen der Welt.<\/p>\n<h2>Gewinnstufen f\u00fcr das New Yorker Lotto<\/h2>\n<p>Das New Yorker Lotto hat mehrere Gewinnklassen. Die meisten Tipper streben den Jackpot an, und das sollten Sie auch, aber es ist eine Tatsache, dass nicht jeder den Jackpot knacken kann. Dennoch gibt es mehrere andere Preiskategorien, die Spieler gewinnen k\u00f6nnen.<\/p>\n<p>So beginnt der Jackpot bei 2 Millionen Dollar, aber lassen Sie sich von diesem Betrag nicht t\u00e4uschen. Wenn es nach einer Ziehung keinen Gewinner gibt, rollt der Preis weiter und w\u00e4chst und w\u00e4chst. Der gr\u00f6\u00dfte jemals bei dieser Lotterie gewonnene Jackpot belief sich auf unglaubliche 176 Millionen Dollar. Ja, das ver\u00e4ndert das Leben total.<\/p>\n<p>Stufe 1 (Jackpot) &#8211; alle 6 gezogenen Zahlen \u00fcbereinstimmen<\/p>\n<p>Stufe 2 &#8211; \u00dcbereinstimmung mit 5 Zahlen + Bonuszahl<\/p>\n<p>Stufe 3 &#8211; \u00dcbereinstimmung mit 5 Zahlen<\/p>\n<p>Stufe 4 &#8211; \u00dcbereinstimmung mit 4 Zahlen<\/p>\n<p>Stufe 5 &#8211; \u00dcbereinstimmung mit 3 Zahlen<\/p>\n<h2>Gewinnen und auszahlen lassen<\/h2>\n<p>Um im New Yorker Lotto zu gewinnen, m\u00fcssen Sie einen Schein haben, der mit den gezogenen Zahlen \u00fcbereinstimmt. Wer mit den gezogenen Zahlen \u00fcbereinstimmt, gewinnt die Lotterie. Um zu wissen, ob Sie in der Lotterie gewonnen haben, m\u00fcssen Sie die Ziehungsergebnisse \u00fcberpr\u00fcfen. Wenn Sie bei uns registriert sind, senden wir Ihnen eine E-Mail, wenn Sie einen Preis gewonnen haben.<\/p>\n<p>Wenn Sie Ihre Lottoscheine bei uns kaufen, k\u00f6nnen Sie sich Ihren Gewinn einfach von unserer Plattform auf Ihr Konto auszahlen lassen. Wenn Sie 2500 Euro oder weniger gewinnen, k\u00f6nnen Sie Ihr Geld mit einem einfachen Klick abheben. Bei h\u00f6heren Betr\u00e4gen senden wir Ihnen ein Antragsformular, das Sie ausf\u00fcllen m\u00fcssen, und helfen Ihnen dann bei der Bearbeitung Ihres Gewinns.<\/p>\n<p>St\u00f6bern Sie jetzt auf jackpotlotteryonline.com nach Spielscheinen f\u00fcr das Lotto in New York.<\/p>\n","protected":false},"excerpt":{"rendered":"<p>Die Geschichte des New Yorker Lottos ist durchdrungen von guten Taten und allgemeiner Positivit\u00e4t. Die Lotterie wurde ins Leben gerufen, um das Bildungswesen des Staates zu unterst\u00fctzen, und ist daher eine gute Option f\u00fcr Spieler, die ein wenig Altruismus mit ihrem Spa\u00df verbinden m\u00f6chten. Wenn Sie eine Lotterie suchen, bei der Sie das Gef\u00fchl haben, [&hellip;]<\/p>\n","protected":false},"author":1,"featured_media":0,"parent":35692,"menu_order":14,"comment_status":"closed","ping_status":"closed","template":"newyork.php","meta":{"_et_pb_use_builder":"","_et_pb_old_content":"","_et_gb_content_width":"","exclude_from_search":false,"footnotes":""},"class_list":["post-39702","page","type-page","status-publish","hentry"],"yoast_head":"<!-- This site is optimized with the Yoast SEO plugin v23.3 - https:\/\/yoast.com\/wordpress\/plugins\/seo\/ -->\n<title>Wie man von \u00fcberall aus New York Lotto spielen kann<\/title>\n<meta name=\"description\" content=\"Ganz gleich, wo Sie sich befinden, Sie k\u00f6nnen online am New Yorker Lotto teilnehmen. Erfahren Sie hier mehr dar\u00fcber, wie Sie spielen und gewinnen k\u00f6nnen.\" \/>\n<meta name=\"robots\" content=\"index, follow, max-snippet:-1, max-image-preview:large, max-video-preview:-1\" \/>\n<link rel=\"canonical\" href=\"https:\/\/jackpotlotteryonline.com\/de\/wie-man-spielt\/new-york-lottery-2\/\" \/>\n<meta property=\"og:locale\" content=\"de_DE\" \/>\n<meta property=\"og:type\" content=\"article\" \/>\n<meta property=\"og:title\" content=\"Wie man von \u00fcberall aus New York Lotto spielen kann\" \/>\n<meta property=\"og:description\" content=\"Ganz gleich, wo Sie sich befinden, Sie k\u00f6nnen online am New Yorker Lotto teilnehmen. Erfahren Sie hier mehr dar\u00fcber, wie Sie spielen und gewinnen k\u00f6nnen.\" \/>\n<meta property=\"og:url\" content=\"https:\/\/jackpotlotteryonline.com\/de\/wie-man-spielt\/new-york-lottery-2\/\" \/>\n<meta property=\"og:site_name\" content=\"Lotto Online - Crack The International Lottery Jackpots\" \/>\n<meta property=\"article:modified_time\" content=\"2023-01-03T10:19:03+00:00\" \/>\n<meta property=\"og:image\" content=\"https:\/\/jackpotlotteryonline.com\/wp-content\/uploads\/2022\/11\/lotto2-300x84-1.png\" \/>\n<meta name=\"twitter:card\" content=\"summary_large_image\" \/>\n<meta name=\"twitter:label1\" content=\"Gesch\u00e4tzte Lesezeit\" \/>\n\t<meta name=\"twitter:data1\" content=\"7\u00a0Minuten\" \/>\n<!-- \/ Yoast SEO plugin. -->","yoast_head_json":{"title":"Wie man von \u00fcberall aus New York Lotto spielen kann","description":"Ganz gleich, wo Sie sich befinden, Sie k\u00f6nnen online am New Yorker Lotto teilnehmen. Erfahren Sie hier mehr dar\u00fcber, wie Sie spielen und gewinnen k\u00f6nnen.","robots":{"index":"index","follow":"follow","max-snippet":"max-snippet:-1","max-image-preview":"max-image-preview:large","max-video-preview":"max-video-preview:-1"},"canonical":"https:\/\/jackpotlotteryonline.com\/de\/wie-man-spielt\/new-york-lottery-2\/","og_locale":"de_DE","og_type":"article","og_title":"Wie man von \u00fcberall aus New York Lotto spielen kann","og_description":"Ganz gleich, wo Sie sich befinden, Sie k\u00f6nnen online am New Yorker Lotto teilnehmen. Erfahren Sie hier mehr dar\u00fcber, wie Sie spielen und gewinnen k\u00f6nnen.","og_url":"https:\/\/jackpotlotteryonline.com\/de\/wie-man-spielt\/new-york-lottery-2\/","og_site_name":"Lotto Online - Crack The International Lottery Jackpots","article_modified_time":"2023-01-03T10:19:03+00:00","og_image":[{"url":"https:\/\/jackpotlotteryonline.com\/wp-content\/uploads\/2022\/11\/lotto2-300x84-1.png"}],"twitter_card":"summary_large_image","twitter_misc":{"Gesch\u00e4tzte Lesezeit":"7\u00a0Minuten"},"schema":{"@context":"https:\/\/schema.org","@graph":[{"@type":"WebPage","@id":"https:\/\/jackpotlotteryonline.com\/de\/wie-man-spielt\/new-york-lottery-2\/","url":"https:\/\/jackpotlotteryonline.com\/de\/wie-man-spielt\/new-york-lottery-2\/","name":"Wie man von \u00fcberall aus New York Lotto spielen kann","isPartOf":{"@id":"https:\/\/jackpotlotteryonline.com\/#website"},"primaryImageOfPage":{"@id":"https:\/\/jackpotlotteryonline.com\/de\/wie-man-spielt\/new-york-lottery-2\/#primaryimage"},"image":{"@id":"https:\/\/jackpotlotteryonline.com\/de\/wie-man-spielt\/new-york-lottery-2\/#primaryimage"},"thumbnailUrl":"https:\/\/jackpotlotteryonline.com\/wp-content\/uploads\/2022\/11\/lotto2-300x84-1.png","datePublished":"2022-11-29T07:35:16+00:00","dateModified":"2023-01-03T10:19:03+00:00","description":"Ganz gleich, wo Sie sich befinden, Sie k\u00f6nnen online am New Yorker Lotto teilnehmen. Erfahren Sie hier mehr dar\u00fcber, wie Sie spielen und gewinnen k\u00f6nnen.","breadcrumb":{"@id":"https:\/\/jackpotlotteryonline.com\/de\/wie-man-spielt\/new-york-lottery-2\/#breadcrumb"},"inLanguage":"de","potentialAction":[{"@type":"ReadAction","target":["https:\/\/jackpotlotteryonline.com\/de\/wie-man-spielt\/new-york-lottery-2\/"]}]},{"@type":"ImageObject","inLanguage":"de","@id":"https:\/\/jackpotlotteryonline.com\/de\/wie-man-spielt\/new-york-lottery-2\/#primaryimage","url":"https:\/\/jackpotlotteryonline.com\/wp-content\/uploads\/2022\/11\/lotto2-300x84-1.png","contentUrl":"https:\/\/jackpotlotteryonline.com\/wp-content\/uploads\/2022\/11\/lotto2-300x84-1.png"},{"@type":"BreadcrumbList","@id":"https:\/\/jackpotlotteryonline.com\/de\/wie-man-spielt\/new-york-lottery-2\/#breadcrumb","itemListElement":[{"@type":"ListItem","position":1,"name":"Home","item":"https:\/\/jackpotlotteryonline.com\/de\/"},{"@type":"ListItem","position":2,"name":"Wie man spielt","item":"https:\/\/jackpotlotteryonline.com\/de\/wie-man-spielt\/"},{"@type":"ListItem","position":3,"name":"New Yorker Lotto online spielen"}]},{"@type":"WebSite","@id":"https:\/\/jackpotlotteryonline.com\/#website","url":"https:\/\/jackpotlotteryonline.com\/","name":"Lotto Online - Crack The International Lottery Jackpots","description":"","potentialAction":[{"@type":"SearchAction","target":{"@type":"EntryPoint","urlTemplate":"https:\/\/jackpotlotteryonline.com\/?s={search_term_string}"},"query-input":"required name=search_term_string"}],"inLanguage":"de"}]}},"_links":{"self":[{"href":"https:\/\/jackpotlotteryonline.com\/de\/wp-json\/wp\/v2\/pages\/39702","targetHints":{"allow":["GET"]}}],"collection":[{"href":"https:\/\/jackpotlotteryonline.com\/de\/wp-json\/wp\/v2\/pages"}],"about":[{"href":"https:\/\/jackpotlotteryonline.com\/de\/wp-json\/wp\/v2\/types\/page"}],"author":[{"embeddable":true,"href":"https:\/\/jackpotlotteryonline.com\/de\/wp-json\/wp\/v2\/users\/1"}],"replies":[{"embeddable":true,"href":"https:\/\/jackpotlotteryonline.com\/de\/wp-json\/wp\/v2\/comments?post=39702"}],"version-history":[{"count":0,"href":"https:\/\/jackpotlotteryonline.com\/de\/wp-json\/wp\/v2\/pages\/39702\/revisions"}],"up":[{"embeddable":true,"href":"https:\/\/jackpotlotteryonline.com\/de\/wp-json\/wp\/v2\/pages\/35692"}],"wp:attachment":[{"href":"https:\/\/jackpotlotteryonline.com\/de\/wp-json\/wp\/v2\/media?parent=39702"}],"curies":[{"name":"wp","href":"https:\/\/api.w.org\/{rel}","templated":true}]}}