{"id":40306,"date":"2022-12-02T10:05:17","date_gmt":"2022-12-02T10:05:17","guid":{"rendered":"https:\/\/jackpotlotteryonline.com\/?page_id=40306"},"modified":"2022-12-19T14:54:50","modified_gmt":"2022-12-19T14:54:50","slug":"mega-millions","status":"publish","type":"page","link":"https:\/\/jackpotlotteryonline.com\/de\/spielscheine-kaufen\/mega-millions\/","title":{"rendered":"Mega Millions-Tickets"},"content":{"rendered":"<h2>Wie k\u00f6nnen Sie ein Mega Millions-Ticket online kaufen?<\/h2>\n<p>Wenn Sie dies lesen, sind Sie wahrscheinlich daran interessiert, ein Mega Millions-Los zu kaufen. Mega Millions ist eine der vielen Lotterien, die gro\u00dfe Jackpots f\u00fcr ihre Gewinner bereithalten. Vielleicht fragen Sie sich jetzt: &#8220;Wie kann ich das Mega Millions-Los online kaufen?&#8221;<\/p>\n<p>Nun, wir haben f\u00fcr Sie eine L\u00f6sung. Hier ist ein Leitfaden, der Ihnen helfen wird, ein Mega Millions-Los online zu kaufen.<\/p>\n<h2>Warum Mega Millions-Scheine online kaufen?<\/h2>\n<p><img loading=\"lazy\" decoding=\"async\" class=\"alignright size-full wp-image-31073\" src=\"https:\/\/jackpotlotteryonline.com\/wp-content\/uploads\/2022\/11\/logo_Mega_Millions_233x110.png\" alt=\"Mega Millions-Schein online kaufen\" width=\"232\" height=\"110\" \/>Mega Million ist eine US-amerikanische Lotterie mit gro\u00dfen, lebensver\u00e4ndernden Jackpots, die oft Hunderte von Millionen Pfund erreichen. Der Gewinn dieses Jackpots k\u00f6nnte Ihr Leben \u00fcber Nacht ver\u00e4ndern, aber nur, wenn Sie das Gl\u00fcck haben, alle Gewinnzahlen richtig zu tippen.<\/p>\n<p>Wenn Sie vorhaben,<a href=\"https:\/\/jackpotlotteryonline.com\/de\/wie-man-spielt\/mega-millions\"> diese Lotterie online zu spielen<\/a>, bedeutet das, dass wir die Spielscheine in Ihrem Namen \u00fcber unsere \u00f6rtlichen Einzelhandelsvertreter kaufen werden. Wir sind ein vertrauensw\u00fcrdiger Concierge-Dienstleister, der diese Dienstleistungen f\u00fcr unsere Kunden in der ganzen Welt erbringt. Wir stellen sicher, dass unsere Kunden den besten Service erhalten, warum also nicht mit uns kaufen?<\/p>\n<p>Da Mega Millions ein riesiger Jackpot ist und viele Menschen daran teilnehmen, sind die Gewinnchancen recht hoch, und die meisten Menschen suchen nach Methoden, mit denen sie ihre Gewinnchancen bei diesem Jackpot verbessern k\u00f6nnen.<\/p>\n<p>Eine M\u00f6glichkeit, Ihre Chancen zu verbessern, besteht darin, Ihr Mega Millions-Ticket online zu kaufen. Sie k\u00f6nnen dies auf unserer Website tun, indem Sie einfach einen Schein von \u00fcberall auf der Welt bestellen, und ein Scan des Mega Millions-Scheins wird in Ihrem Konto verf\u00fcgbar sein. Wenn Sie Ihr Mega Millions-Ticket online kaufen, m\u00fcssen Sie sich keine Sorgen machen, dass Sie Ihr Ticket verlieren oder dass es gestohlen wird, da Ihre Ticketdaten sicher gespeichert werden.<\/p>\n<p>Au\u00dferdem ist der Online-Kauf eines Mega Millions-Loses bequemer als der Gang in ein Gesch\u00e4ft, da Sie Ihre Bestellung bequem von zu Hause aus und von jedem Ort der Welt aus erledigen k\u00f6nnen. Sie nehmen an dieser Mega Millions-Lotterie genauso teil wie ein US-B\u00fcrger, w\u00e4hrend Sie auf die Ziehungen warten.<\/p>\n<h2>Der Prozess des Online-Kaufs von Mega Millions-Losen<\/h2>\n<p>Bevor Sie Ihren Mega Millions-Schein bei uns kaufen, sollten Sie wissen, dass wir als Vermittler zwischen Ihnen und der Lotterie fungieren und es Ihnen erm\u00f6glichen, online zu spielen und Scheine zu kaufen, ohne jemals eine physische Lottoannahmestelle besuchen zu m\u00fcssen.<\/p>\n<p>Sind Sie nun bereit, Ihren Mega Millions-Schein online zu kaufen? Wenn ja, sollten Sie die folgenden Schritte befolgen, um Ihren Loskauf erfolgreich abzuschlie\u00dfen.<\/p>\n<p><strong>1. Erstellen Sie ein Konto.<\/strong><br \/>\n<img loading=\"lazy\" decoding=\"async\" class=\"alignright size-full wp-image-34025\" src=\"https:\/\/jackpotlotteryonline.com\/wp-content\/uploads\/2022\/11\/2_ticket_mega_millions3-1.jpg\" alt=\"Mega Millions-Schein online kaufen\" width=\"180\" height=\"193\" \/>Wenn Sie neu sind, werden Sie auf die Anmeldeseite weitergeleitet, auf der Sie die erforderlichen Angaben machen m\u00fcssen. Nachdem Sie Ihr Spielerkonto erfolgreich erstellt haben, gehen Sie auf die Seite der Mega Millions-Lotterie und f\u00fchren Sie folgende Schritte aus:<\/p>\n<p>W\u00e4hlen Sie die Zahlen aus, mit denen Sie spielen m\u00f6chten. Sie k\u00f6nnen dies entweder manuell tun oder unseren Zufallszahlengenerator verwenden, um Ihre Zahlen zuf\u00e4llig auszuw\u00e4hlen.<\/p>\n<p>W\u00e4hlen Sie dann die Anzahl der Ziehungen aus, an denen Sie teilnehmen m\u00f6chten. Sie k\u00f6nnen entweder eine einzelne Ziehung w\u00e4hlen oder Lose f\u00fcr mehrere Ziehungen kaufen. Die Teilnahme an mehreren Ziehungen erh\u00f6ht Ihre Chancen, den Mega Millions-Jackpot zu gewinnen.<\/p>\n<p><strong>2. Klicken Sie auf die Schaltfl\u00e4che &#8220;Weiter&#8221; und gehen Sie zur Kassenseite.<\/strong><\/p>\n<p><strong>3. Zahlungsm\u00f6glichkeiten<\/strong><\/p>\n<p>Gehen Sie auf die Zahlungsseite und bezahlen Sie Ihre Lose. Ein Scan Ihres Mega Millions-Scheins wird nach einiger Zeit in Ihr Konto hochgeladen.<\/p>\n<p><strong>4. Jetzt m\u00fcssen Sie nur noch auf die Ziehungen warten, die jeden Dienstag und Freitag um 23:00 Uhr stattfinden.<\/strong> Die Zeitzonen k\u00f6nnen unterschiedlich sein, daher sollten Sie die Zeitzone best\u00e4tigen, w\u00e4hrend Sie auf <a href=\"https:\/\/jackpotlotteryonline.com\/de\/gewinn-zahlen\/mega-millions\">die Ziehungen<\/a> warten.<\/p>\n<h2>Was passiert, nachdem ich den Mega Millions-Jackpot gewonnen habe?<\/h2>\n<p>Wenn Sie alle Zahlen richtig getippt haben, fragen Sie sich vielleicht, was als N\u00e4chstes zu tun ist oder wie Sie Ihren Gewinn erhalten werden. Sie erhalten Ihren gesamten Gewinn, und Sie m\u00fcssen nicht in die USA reisen, um Ihren Mega Millions-Gewinn abzuholen. Sie sollten nur wissen, dass Ihr eingescannter Spielschein als Nachweis f\u00fcr Ihre Teilnahme dient, also bewahren Sie ihn gut auf; Sie werden ihn brauchen.<\/p>\n<section class=\"layout\" style=\"border: solid 1px; width: 100%;\">\n<div class=\"img-div\" style=\"margin-top: 5px;\"><img decoding=\"async\" class=\"wp-image-17212 alignleft\" style=\"height: 45px; margin: 8px 8px 0px;\" src=\"https:\/\/jackpotlotteryonline.com\/wp-content\/uploads\/2022\/11\/read1.jpg\" alt=\"Belohnung des Gewinners\" width=\"\" height=\"\" \/><\/div>\n<div style=\"padding-left: 5px;\">\n<div style=\"font-size: 1.1em;\">\n<p><strong>Wie werde ich bezahlt, wenn ich online in der Lotterie gewinne?<\/strong><\/p>\n<p style=\"font-size: 0.85em; margin-top: -1.5em;\">So erhalten Sie Ihr Geld, wenn Sie online im Lotto gewinnen \u00a0<a href=\"https:\/\/jackpotlotteryonline.com\/de\/wie-bekomme-ich-geld-wenn-ich-in-der-lotterie-online-gewinne\">mehr lesen<\/a><\/p>\n<\/div>\n<\/div>\n<\/section>\n<h2>Tipps, die Ihnen helfen, den Mega Millions-Jackpot zu knacken<\/h2>\n<p><img loading=\"lazy\" decoding=\"async\" class=\"size-medium wp-image-29858 alignright\" src=\"https:\/\/jackpotlotteryonline.com\/wp-content\/uploads\/2022\/11\/1_win_euromillions_lottery-300x164.jpg\" alt=\"Mega Millions-Schein online kaufen\" width=\"300\" height=\"164\" srcset=\"https:\/\/jackpotlotteryonline.com\/wp-content\/uploads\/2022\/11\/1_win_euromillions_lottery-300x164.jpg 300w, https:\/\/jackpotlotteryonline.com\/wp-content\/uploads\/2022\/11\/1_win_euromillions_lottery.jpg 350w\" sizes=\"auto, (max-width: 300px) 100vw, 300px\" \/>Wenn Sie vorhaben, an der Mega Millions-Lotterie teilzunehmen und den Jackpot zu knacken, sollten Sie ein paar Dinge beachten, um Ihre Gewinnchancen zu erh\u00f6hen.<\/p>\n<p>Zun\u00e4chst einmal sollten Sie Ihre Zahlen sorgf\u00e4ltig ausw\u00e4hlen. W\u00e4hlen Sie keine zu h\u00e4ufig vorkommenden Zahlen, sondern ziehen Sie entweder Ihre Gl\u00fcckszahlen heran oder w\u00e4hlen Sie die Zahlen nach dem Zufallsprinzip. Achten Sie darauf, dass die Zahlen gleichm\u00e4\u00dfig verteilt sind, um zu vermeiden, dass Sie die gleichen Zahlen wie andere Spieler w\u00e4hlen.<\/p>\n<p>Zweitens: Vergleichen Sie die letzten Gewinnzahlen und studieren Sie die Zahlenmuster. Streichen Sie die Zahlen, die k\u00fcrzlich gezogen wurden, von den von Ihnen ausgew\u00e4hlten Zahlen.<\/p>\n<p>Untersuchen Sie auch das Muster der h\u00e4ufigsten Gewinnzahlen und kennzeichnen Sie diese als die Zahlen mit der h\u00f6chsten Gewinnh\u00e4ufigkeit. Verteilen Sie nach der Beobachtung einige von ihnen entsprechend Ihrer Wahl der Zahlen.<\/p>\n<p>Schlie\u00dflich haben Sie die M\u00f6glichkeit, die Mega Millions-Lotterie in einer Tippgemeinschaft zu spielen. Das ist so, als w\u00fcrden Sie als Gruppe Lose kaufen, und alle Gewinne werden zu gleichen Teilen unter allen Spielern aufgeteilt, die teilgenommen haben. Dies ist eine gro\u00dfartige Methode, um Ihre Chancen auf den Gewinn des Jackpots zu erh\u00f6hen.<\/p>\n<p>Wenn Sie Mega Millions unter Ber\u00fccksichtigung der oben genannten Tipps spielen, wer wei\u00df? Vielleicht sind Sie der n\u00e4chste Gewinner, der den Jackpot knackt. Versuchen Sie Ihr Gl\u00fcck noch heute!<\/p>\n<h2>Fazit<\/h2>\n<p>Wenn Sie nicht in den USA wohnen und hoffen, den Mega Millions-Jackpot zu knacken, dann ist es am besten, wenn Sie das Mega Millions-Los online kaufen. Sie k\u00f6nnen von jedem Land der Welt aus an dieser Lotterie teilnehmen. Worauf warten Sie also noch? Kaufen Sie Ihre Lose noch heute und haben Sie die Chance, den Jackpot zu knacken.<\/p>\n<p>F\u00fcr weitere Informationen \u00fcber diese Lotterie besuchen Sie bitte unsere FAQ-Seite oder stellen Sie Ihre Frage, und unser Kundendienstteam wird Ihnen mit den entsprechenden Informationen antworten. In der Zwischenzeit k\u00f6nnen Sie auch andere auf unserer Website verf\u00fcgbare Lotterien erkunden, und wenn Sie interessiert sind, dr\u00fccken Sie einfach auf die Schaltfl\u00e4che &#8220;Spielen&#8221; und gewinnen Sie auch bei anderen Lotterien.<\/p>\n","protected":false},"excerpt":{"rendered":"<p>Wie k\u00f6nnen Sie ein Mega Millions-Ticket online kaufen? Wenn Sie dies lesen, sind Sie wahrscheinlich daran interessiert, ein Mega Millions-Los zu kaufen. Mega Millions ist eine der vielen Lotterien, die gro\u00dfe Jackpots f\u00fcr ihre Gewinner bereithalten. Vielleicht fragen Sie sich jetzt: &#8220;Wie kann ich das Mega Millions-Los online kaufen?&#8221; Nun, wir haben f\u00fcr Sie eine [&hellip;]<\/p>\n","protected":false},"author":1,"featured_media":0,"parent":35753,"menu_order":1,"comment_status":"closed","ping_status":"closed","template":"megamillion.php","meta":{"_et_pb_use_builder":"","_et_pb_old_content":"","_et_gb_content_width":"","exclude_from_search":false,"footnotes":""},"class_list":["post-40306","page","type-page","status-publish","hentry"],"yoast_head":"<!-- This site is optimized with the Yoast SEO plugin v23.3 - https:\/\/yoast.com\/wordpress\/plugins\/seo\/ -->\n<title>Mega Millions-Tickets online kaufen | Tickets f\u00fcr Mega Millions von au\u00dferhalb der USA<\/title>\n<meta name=\"description\" content=\"Wenn Sie au\u00dferhalb der USA leben, k\u00f6nnen Sie trotzdem Mega Millions-Tickets online kaufen, und zwar genau hier. Wir kaufen echte Mega Millions-Lose f\u00fcr Sie und scannen sie\" \/>\n<meta name=\"robots\" content=\"index, follow, max-snippet:-1, max-image-preview:large, max-video-preview:-1\" \/>\n<link rel=\"canonical\" href=\"https:\/\/jackpotlotteryonline.com\/de\/spielscheine-kaufen\/mega-millions\/\" \/>\n<meta property=\"og:locale\" content=\"de_DE\" \/>\n<meta property=\"og:type\" content=\"article\" \/>\n<meta property=\"og:title\" content=\"Mega Millions-Tickets online kaufen | Tickets f\u00fcr Mega Millions von au\u00dferhalb der USA\" \/>\n<meta property=\"og:description\" content=\"Wenn Sie au\u00dferhalb der USA leben, k\u00f6nnen Sie trotzdem Mega Millions-Tickets online kaufen, und zwar genau hier. Wir kaufen echte Mega Millions-Lose f\u00fcr Sie und scannen sie\" \/>\n<meta property=\"og:url\" content=\"https:\/\/jackpotlotteryonline.com\/de\/spielscheine-kaufen\/mega-millions\/\" \/>\n<meta property=\"og:site_name\" content=\"Lotto Online - Crack The International Lottery Jackpots\" \/>\n<meta property=\"article:modified_time\" content=\"2022-12-19T14:54:50+00:00\" \/>\n<meta property=\"og:image\" content=\"https:\/\/jackpotlotteryonline.com\/wp-content\/uploads\/2022\/11\/logo_Mega_Millions_233x110.png\" \/>\n<meta name=\"twitter:card\" content=\"summary_large_image\" \/>\n<meta name=\"twitter:label1\" content=\"Gesch\u00e4tzte Lesezeit\" \/>\n\t<meta name=\"twitter:data1\" content=\"6\u00a0Minuten\" \/>\n<!-- \/ Yoast SEO plugin. -->","yoast_head_json":{"title":"Mega Millions-Tickets online kaufen | Tickets f\u00fcr Mega Millions von au\u00dferhalb der USA","description":"Wenn Sie au\u00dferhalb der USA leben, k\u00f6nnen Sie trotzdem Mega Millions-Tickets online kaufen, und zwar genau hier. Wir kaufen echte Mega Millions-Lose f\u00fcr Sie und scannen sie","robots":{"index":"index","follow":"follow","max-snippet":"max-snippet:-1","max-image-preview":"max-image-preview:large","max-video-preview":"max-video-preview:-1"},"canonical":"https:\/\/jackpotlotteryonline.com\/de\/spielscheine-kaufen\/mega-millions\/","og_locale":"de_DE","og_type":"article","og_title":"Mega Millions-Tickets online kaufen | Tickets f\u00fcr Mega Millions von au\u00dferhalb der USA","og_description":"Wenn Sie au\u00dferhalb der USA leben, k\u00f6nnen Sie trotzdem Mega Millions-Tickets online kaufen, und zwar genau hier. Wir kaufen echte Mega Millions-Lose f\u00fcr Sie und scannen sie","og_url":"https:\/\/jackpotlotteryonline.com\/de\/spielscheine-kaufen\/mega-millions\/","og_site_name":"Lotto Online - Crack The International Lottery Jackpots","article_modified_time":"2022-12-19T14:54:50+00:00","og_image":[{"url":"https:\/\/jackpotlotteryonline.com\/wp-content\/uploads\/2022\/11\/logo_Mega_Millions_233x110.png"}],"twitter_card":"summary_large_image","twitter_misc":{"Gesch\u00e4tzte Lesezeit":"6\u00a0Minuten"},"schema":{"@context":"https:\/\/schema.org","@graph":[{"@type":"WebPage","@id":"https:\/\/jackpotlotteryonline.com\/de\/spielscheine-kaufen\/mega-millions\/","url":"https:\/\/jackpotlotteryonline.com\/de\/spielscheine-kaufen\/mega-millions\/","name":"Mega Millions-Tickets online kaufen | Tickets f\u00fcr Mega Millions von au\u00dferhalb der USA","isPartOf":{"@id":"https:\/\/jackpotlotteryonline.com\/#website"},"primaryImageOfPage":{"@id":"https:\/\/jackpotlotteryonline.com\/de\/spielscheine-kaufen\/mega-millions\/#primaryimage"},"image":{"@id":"https:\/\/jackpotlotteryonline.com\/de\/spielscheine-kaufen\/mega-millions\/#primaryimage"},"thumbnailUrl":"https:\/\/jackpotlotteryonline.com\/wp-content\/uploads\/2022\/11\/logo_Mega_Millions_233x110.png","datePublished":"2022-12-02T10:05:17+00:00","dateModified":"2022-12-19T14:54:50+00:00","description":"Wenn Sie au\u00dferhalb der USA leben, k\u00f6nnen Sie trotzdem Mega Millions-Tickets online kaufen, und zwar genau hier. Wir kaufen echte Mega Millions-Lose f\u00fcr Sie und scannen sie","breadcrumb":{"@id":"https:\/\/jackpotlotteryonline.com\/de\/spielscheine-kaufen\/mega-millions\/#breadcrumb"},"inLanguage":"de","potentialAction":[{"@type":"ReadAction","target":["https:\/\/jackpotlotteryonline.com\/de\/spielscheine-kaufen\/mega-millions\/"]}]},{"@type":"ImageObject","inLanguage":"de","@id":"https:\/\/jackpotlotteryonline.com\/de\/spielscheine-kaufen\/mega-millions\/#primaryimage","url":"https:\/\/jackpotlotteryonline.com\/wp-content\/uploads\/2022\/11\/logo_Mega_Millions_233x110.png","contentUrl":"https:\/\/jackpotlotteryonline.com\/wp-content\/uploads\/2022\/11\/logo_Mega_Millions_233x110.png"},{"@type":"BreadcrumbList","@id":"https:\/\/jackpotlotteryonline.com\/de\/spielscheine-kaufen\/mega-millions\/#breadcrumb","itemListElement":[{"@type":"ListItem","position":1,"name":"Home","item":"https:\/\/jackpotlotteryonline.com\/de\/"},{"@type":"ListItem","position":2,"name":"Wie man Lotterielose online kauft","item":"https:\/\/jackpotlotteryonline.com\/de\/spielscheine-kaufen\/"},{"@type":"ListItem","position":3,"name":"Mega Millions-Tickets"}]},{"@type":"WebSite","@id":"https:\/\/jackpotlotteryonline.com\/#website","url":"https:\/\/jackpotlotteryonline.com\/","name":"Lotto Online - Crack The International Lottery Jackpots","description":"","potentialAction":[{"@type":"SearchAction","target":{"@type":"EntryPoint","urlTemplate":"https:\/\/jackpotlotteryonline.com\/?s={search_term_string}"},"query-input":"required name=search_term_string"}],"inLanguage":"de"}]}},"_links":{"self":[{"href":"https:\/\/jackpotlotteryonline.com\/de\/wp-json\/wp\/v2\/pages\/40306","targetHints":{"allow":["GET"]}}],"collection":[{"href":"https:\/\/jackpotlotteryonline.com\/de\/wp-json\/wp\/v2\/pages"}],"about":[{"href":"https:\/\/jackpotlotteryonline.com\/de\/wp-json\/wp\/v2\/types\/page"}],"author":[{"embeddable":true,"href":"https:\/\/jackpotlotteryonline.com\/de\/wp-json\/wp\/v2\/users\/1"}],"replies":[{"embeddable":true,"href":"https:\/\/jackpotlotteryonline.com\/de\/wp-json\/wp\/v2\/comments?post=40306"}],"version-history":[{"count":0,"href":"https:\/\/jackpotlotteryonline.com\/de\/wp-json\/wp\/v2\/pages\/40306\/revisions"}],"up":[{"embeddable":true,"href":"https:\/\/jackpotlotteryonline.com\/de\/wp-json\/wp\/v2\/pages\/35753"}],"wp:attachment":[{"href":"https:\/\/jackpotlotteryonline.com\/de\/wp-json\/wp\/v2\/media?parent=40306"}],"curies":[{"name":"wp","href":"https:\/\/api.w.org\/{rel}","templated":true}]}}