{"id":40358,"date":"2022-12-02T13:50:46","date_gmt":"2022-12-02T13:50:46","guid":{"rendered":"https:\/\/jackpotlotteryonline.com\/?page_id=40358"},"modified":"2023-01-01T14:03:30","modified_gmt":"2023-01-01T14:03:30","slug":"oz-lotto","status":"publish","type":"page","link":"https:\/\/jackpotlotteryonline.com\/de\/wie-man-spielt\/oz-lotto\/","title":{"rendered":"Oz Lotto online spielen"},"content":{"rendered":"<h2>\u00dcber Oz Lotto<\/h2>\n<p>Oz Lottery ist eine australische Lotterie, die 1994 eingef\u00fchrt wurde und von einer Gruppe namens Tatts Group verwaltet wird. Das Oz Lotto hat sowohl in Australien als auch in Neuseeland an Beliebtheit gewonnen und ist damit das gr\u00f6\u00dfte Lotteriespiel Australiens. Die <a href=\"https:\/\/jackpotlotteryonline.com\/de\/gewinn-zahlen\/oz-lotto\">Ziehungen von Oz Lotto<\/a> finden jeden Mittwoch und Freitag statt.<\/p>\n<p>Im Folgenden finden Sie einen Leitfaden, der Ihnen dabei hilft, Oz Lotto von \u00fcberall auf der Welt online zu spielen.<\/p>\n<h2>Wie man Oz Lotto online spielt<\/h2>\n<p><img loading=\"lazy\" decoding=\"async\" class=\"alignright size-full wp-image-29777\" src=\"https:\/\/jackpotlotteryonline.com\/wp-content\/uploads\/2022\/11\/1_ticket_online_buying.jpg\" alt=\"oz lotto online spielen\" width=\"300\" height=\"203\" \/>Wenn Sie auf der Suche nach einer aufregenden und spannenden Lotterie sind, an der Sie teilnehmen k\u00f6nnen, sollten Sie sich das australische Oz Lotto ansehen. Wir bieten Spielern die M\u00f6glichkeit, internationale Lotterien online zu spielen, indem wir einen Concierge-Service anbieten. Alles was Sie brauchen, um Oz Lotto online zu spielen, ist ein Computer und eine Internetverbindung.<\/p>\n<p>Um das Oz Lotto online zu spielen, ziehen Sie einfach sieben Hauptzahlen aus einer Reihe von 1 bis 47. Weitere drei Zahlen, die so genannten Zusatzzahlen, werden w\u00e4hrend der Ziehung gezogen. Sie k\u00f6nnen Ihre Zahlen mit Hilfe unseres Zufallsgenerators ziehen oder sie manuell ausw\u00e4hlen. W\u00e4hlen Sie dann die Anzahl der Ziehungen, an denen Sie teilnehmen m\u00f6chten. Gehen Sie zur Kasse und <a href=\"https:\/\/jackpotlotteryonline.com\/de\/spielscheine-kaufen\/oz-lotto\">bezahlen Sie Ihre Lose<\/a>, dann warten Sie auf die Ziehung.<\/p>\n<h2>Was sind Zusatzzahlen, und wie werden sie verwendet?<\/h2>\n<p>Die Zusatzzahlen werden bei den Ziehungen von Oz Lotto als &#8220;Bonuskugeln&#8221; betrachtet. W\u00e4hrend der Ziehung werden zehn Gewinnzahlen nach dem Zufallsprinzip ausgew\u00e4hlt, und die ersten sieben werden als die Hauptzahlen f\u00fcr den Jackpot-Gewinner bezeichnet. Die Gewinnklassen 2, 4 und 7 werden durch die verbleibenden drei &#8220;Zusatzzahlen&#8221; bestimmt.<\/p>\n<h2>Oz Lotto Gewinnstufen<\/h2>\n<p>Das australische Oz Lotto hat insgesamt sieben Gewinnklassen. Sie lauten wie folgt:<\/p>\n<ul>\n<li>Stufe 1: Jackpot: sieben Richtige<\/li>\n<li>Stufe 2: Sechs Richtige + Zusatzzahl<\/li>\n<li>Stufe 3: Sechs Zahlen \u00fcbereinstimmend<\/li>\n<li>Stufe 4: F\u00fcnf Zahlen+ Zusatzzahl \u00fcbereinstimmend<\/li>\n<li>Stufe 5: F\u00fcnf Zahlen \u00fcbereinstimmend<\/li>\n<li>Ebene 6: Vier Zahlen \u00fcbereinstimmend<\/li>\n<li>Stufe 7: \u00dcbereinstimmende drei Zahlen+ Zusatzzahl<\/li>\n<\/ul>\n<h2>Muss ich in Australien sein, um Oz Lotto zu spielen?<\/h2>\n<p>Nein, Sie m\u00fcssen nicht in Australien wohnhaft sein, um an dieser Lotterie teilzunehmen. Alles was Sie tun m\u00fcssen, ist jackpotlotteryonline.com zu besuchen, um sich Ihren Traum vom Spielen internationaler Lotterien zu erf\u00fcllen. Wir bieten unseren Kunden Lotteriedienstleistungen an, d.h. wir kaufen physische Scheine \u00fcber unsere vertrauensw\u00fcrdigen Lotterieagenten. Der physische Schein wird sicher aufbewahrt, w\u00e4hrend ein Scan davon auf das Konto des Spielers hochgeladen wird. All dies wird f\u00fcr Sie erledigt, und Sie m\u00fcssen nur noch auf den Tag der Ziehung warten.<\/p>\n<p>Sie m\u00fcssen sich also keine Sorgen machen, dass Sie nicht am Oz Lotto teilnehmen k\u00f6nnen. Sie spielen diese Lotterie genau wie ein Einwohner Australiens. Oz Lotto zu spielen ist so einfach. Versuchen Sie Ihr Gl\u00fcck noch heute!<\/p>\n<h2>Gewinnen Sie das Oz Lotto<\/h2>\n<p>Um den Oz Lotto Jackpot zu gewinnen, muss ein Spieler sieben der insgesamt 47 Zahlen richtig tippen. Dieser Jackpot beginnt bei 10 Millionen Dollar und w\u00e4chst oft an, bis er geknackt wird. Zus\u00e4tzlich zum Hauptjackpot gibt es acht kleinere Gewinnklassen, die von Spielern gewonnen werden k\u00f6nnen, die vier oder f\u00fcnf Zahlen in der jeweiligen Ziehung richtig tippen.<\/p>\n<section class=\"layout\" style=\"border: solid 1px; width: 100%;\">\n<div class=\"img-div\" style=\"margin-top: 5px;\"><img decoding=\"async\" class=\"wp-image-17212 alignleft\" style=\"height: 45px; margin: 8px 8px 0px;\" src=\"https:\/\/jackpotlotteryonline.com\/wp-content\/uploads\/2022\/11\/read1.jpg\" alt=\"Lesen Sie \" width=\"\" height=\"\" \/><\/div>\n<div style=\"padding-left: 5px;\">\n<div style=\"font-size: 1.1em;\">\n<p><strong>Historische, rekordverd\u00e4chtige Lotterie-Jackpots<\/strong><\/p>\n<p style=\"font-size: 0.85em; margin-top: -1.5em;\">Die gr\u00f6\u00dften Lotto-Jackpots der Geschichte werden Ihnen den Kopf verdrehen\u00a0<a href=\"https:\/\/jackpotlotteryonline.com\/de\/die-groessten-lotto-jackpots-der-geschichte\"> mehr lesen<\/a><\/p>\n<\/div>\n<\/div>\n<\/section>\n<h2>Wie hoch sind die Gewinnchancen beim australischen Oz Lotto?<\/h2>\n<p><img loading=\"lazy\" decoding=\"async\" class=\"alignright wp-image-28697 size-medium\" src=\"https:\/\/jackpotlotteryonline.com\/wp-content\/uploads\/2022\/11\/1_online_lotto_winners-300x200.jpg\" alt=\"oz lotto online spielen\" width=\"300\" height=\"200\" srcset=\"https:\/\/jackpotlotteryonline.com\/wp-content\/uploads\/2022\/11\/1_online_lotto_winners-300x200.jpg 300w, https:\/\/jackpotlotteryonline.com\/wp-content\/uploads\/2022\/11\/1_online_lotto_winners.jpg 320w\" sizes=\"auto, (max-width: 300px) 100vw, 300px\" \/>Das Oz Lotto hat an Popularit\u00e4t gewonnen und viele Spieler zu Gewinnern gemacht, was gleichzeitig die Chancen auf einen Gewinn in einer der Gewinnklassen ziemlich hoch macht.<\/p>\n<p>Die Wahrscheinlichkeit, sieben Richtige zu haben und den Jackpot zu knacken, liegt bei 1 zu 62.891.499, was so gut wie unm\u00f6glich ist. Aber das Gute an Lotterien ist, dass es bei diesem Spiel nur um Gl\u00fcck geht, man wei\u00df nie, ob man gewinnt, und das macht die Teilnahme an Lotterien so spannend.<\/p>\n<p>Die Gesamtchance, einen der sieben Preise zu gewinnen, liegt bei 1 zu 51.<\/p>\n<p>F\u00fcr weitere Informationen \u00fcber das Oz Lotto, besuchen Sie unsere FAQ-Seite oder die offizielle Website der Lotterie.<\/p>\n<p>Registrieren Sie noch heute ein Konto und erhalten Sie die Chance, von \u00fcberall auf der Welt an dieser Lotterie teilzunehmen.<\/p>\n","protected":false},"excerpt":{"rendered":"<p>\u00dcber Oz Lotto Oz Lottery ist eine australische Lotterie, die 1994 eingef\u00fchrt wurde und von einer Gruppe namens Tatts Group verwaltet wird. Das Oz Lotto hat sowohl in Australien als auch in Neuseeland an Beliebtheit gewonnen und ist damit das gr\u00f6\u00dfte Lotteriespiel Australiens. Die Ziehungen von Oz Lotto finden jeden Mittwoch und Freitag statt. Im [&hellip;]<\/p>\n","protected":false},"author":1,"featured_media":0,"parent":35692,"menu_order":16,"comment_status":"closed","ping_status":"closed","template":"","meta":{"_et_pb_use_builder":"","_et_pb_old_content":"","_et_gb_content_width":"","exclude_from_search":false,"footnotes":""},"class_list":["post-40358","page","type-page","status-publish","hentry"],"yoast_head":"<!-- This site is optimized with the Yoast SEO plugin v23.3 - https:\/\/yoast.com\/wordpress\/plugins\/seo\/ -->\n<title>Spielen Sie Oz Lotto online von au\u00dferhalb Australiens<\/title>\n<meta name=\"description\" content=\"Jetzt k\u00f6nnen Sie Oz Lotto online spielen, nicht nur wenn Sie in Australien sind - Sie k\u00f6nnen die Oz Lotterie von \u00fcberall auf der Welt spielen\" \/>\n<meta name=\"robots\" content=\"index, follow, max-snippet:-1, max-image-preview:large, max-video-preview:-1\" \/>\n<link rel=\"canonical\" href=\"https:\/\/jackpotlotteryonline.com\/de\/wie-man-spielt\/oz-lotto\/\" \/>\n<meta property=\"og:locale\" content=\"de_DE\" \/>\n<meta property=\"og:type\" content=\"article\" \/>\n<meta property=\"og:title\" content=\"Spielen Sie Oz Lotto online von au\u00dferhalb Australiens\" \/>\n<meta property=\"og:description\" content=\"Jetzt k\u00f6nnen Sie Oz Lotto online spielen, nicht nur wenn Sie in Australien sind - Sie k\u00f6nnen die Oz Lotterie von \u00fcberall auf der Welt spielen\" \/>\n<meta property=\"og:url\" content=\"https:\/\/jackpotlotteryonline.com\/de\/wie-man-spielt\/oz-lotto\/\" \/>\n<meta property=\"og:site_name\" content=\"Lotto Online - Crack The International Lottery Jackpots\" \/>\n<meta property=\"article:modified_time\" content=\"2023-01-01T14:03:30+00:00\" \/>\n<meta property=\"og:image\" content=\"https:\/\/jackpotlotteryonline.com\/wp-content\/uploads\/2022\/11\/1_ticket_online_buying.jpg\" \/>\n<meta name=\"twitter:card\" content=\"summary_large_image\" \/>\n<meta name=\"twitter:label1\" content=\"Gesch\u00e4tzte Lesezeit\" \/>\n\t<meta name=\"twitter:data1\" content=\"4\u00a0Minuten\" \/>\n<!-- \/ Yoast SEO plugin. -->","yoast_head_json":{"title":"Spielen Sie Oz Lotto online von au\u00dferhalb Australiens","description":"Jetzt k\u00f6nnen Sie Oz Lotto online spielen, nicht nur wenn Sie in Australien sind - Sie k\u00f6nnen die Oz Lotterie von \u00fcberall auf der Welt spielen","robots":{"index":"index","follow":"follow","max-snippet":"max-snippet:-1","max-image-preview":"max-image-preview:large","max-video-preview":"max-video-preview:-1"},"canonical":"https:\/\/jackpotlotteryonline.com\/de\/wie-man-spielt\/oz-lotto\/","og_locale":"de_DE","og_type":"article","og_title":"Spielen Sie Oz Lotto online von au\u00dferhalb Australiens","og_description":"Jetzt k\u00f6nnen Sie Oz Lotto online spielen, nicht nur wenn Sie in Australien sind - Sie k\u00f6nnen die Oz Lotterie von \u00fcberall auf der Welt spielen","og_url":"https:\/\/jackpotlotteryonline.com\/de\/wie-man-spielt\/oz-lotto\/","og_site_name":"Lotto Online - Crack The International Lottery Jackpots","article_modified_time":"2023-01-01T14:03:30+00:00","og_image":[{"url":"https:\/\/jackpotlotteryonline.com\/wp-content\/uploads\/2022\/11\/1_ticket_online_buying.jpg"}],"twitter_card":"summary_large_image","twitter_misc":{"Gesch\u00e4tzte Lesezeit":"4\u00a0Minuten"},"schema":{"@context":"https:\/\/schema.org","@graph":[{"@type":"WebPage","@id":"https:\/\/jackpotlotteryonline.com\/de\/wie-man-spielt\/oz-lotto\/","url":"https:\/\/jackpotlotteryonline.com\/de\/wie-man-spielt\/oz-lotto\/","name":"Spielen Sie Oz Lotto online von au\u00dferhalb Australiens","isPartOf":{"@id":"https:\/\/jackpotlotteryonline.com\/#website"},"primaryImageOfPage":{"@id":"https:\/\/jackpotlotteryonline.com\/de\/wie-man-spielt\/oz-lotto\/#primaryimage"},"image":{"@id":"https:\/\/jackpotlotteryonline.com\/de\/wie-man-spielt\/oz-lotto\/#primaryimage"},"thumbnailUrl":"https:\/\/jackpotlotteryonline.com\/wp-content\/uploads\/2022\/11\/1_ticket_online_buying.jpg","datePublished":"2022-12-02T13:50:46+00:00","dateModified":"2023-01-01T14:03:30+00:00","description":"Jetzt k\u00f6nnen Sie Oz Lotto online spielen, nicht nur wenn Sie in Australien sind - Sie k\u00f6nnen die Oz Lotterie von \u00fcberall auf der Welt spielen","breadcrumb":{"@id":"https:\/\/jackpotlotteryonline.com\/de\/wie-man-spielt\/oz-lotto\/#breadcrumb"},"inLanguage":"de","potentialAction":[{"@type":"ReadAction","target":["https:\/\/jackpotlotteryonline.com\/de\/wie-man-spielt\/oz-lotto\/"]}]},{"@type":"ImageObject","inLanguage":"de","@id":"https:\/\/jackpotlotteryonline.com\/de\/wie-man-spielt\/oz-lotto\/#primaryimage","url":"https:\/\/jackpotlotteryonline.com\/wp-content\/uploads\/2022\/11\/1_ticket_online_buying.jpg","contentUrl":"https:\/\/jackpotlotteryonline.com\/wp-content\/uploads\/2022\/11\/1_ticket_online_buying.jpg"},{"@type":"BreadcrumbList","@id":"https:\/\/jackpotlotteryonline.com\/de\/wie-man-spielt\/oz-lotto\/#breadcrumb","itemListElement":[{"@type":"ListItem","position":1,"name":"Home","item":"https:\/\/jackpotlotteryonline.com\/de\/"},{"@type":"ListItem","position":2,"name":"Wie man spielt","item":"https:\/\/jackpotlotteryonline.com\/de\/wie-man-spielt\/"},{"@type":"ListItem","position":3,"name":"Oz Lotto online spielen"}]},{"@type":"WebSite","@id":"https:\/\/jackpotlotteryonline.com\/#website","url":"https:\/\/jackpotlotteryonline.com\/","name":"Lotto Online - Crack The International Lottery Jackpots","description":"","potentialAction":[{"@type":"SearchAction","target":{"@type":"EntryPoint","urlTemplate":"https:\/\/jackpotlotteryonline.com\/?s={search_term_string}"},"query-input":"required name=search_term_string"}],"inLanguage":"de"}]}},"_links":{"self":[{"href":"https:\/\/jackpotlotteryonline.com\/de\/wp-json\/wp\/v2\/pages\/40358","targetHints":{"allow":["GET"]}}],"collection":[{"href":"https:\/\/jackpotlotteryonline.com\/de\/wp-json\/wp\/v2\/pages"}],"about":[{"href":"https:\/\/jackpotlotteryonline.com\/de\/wp-json\/wp\/v2\/types\/page"}],"author":[{"embeddable":true,"href":"https:\/\/jackpotlotteryonline.com\/de\/wp-json\/wp\/v2\/users\/1"}],"replies":[{"embeddable":true,"href":"https:\/\/jackpotlotteryonline.com\/de\/wp-json\/wp\/v2\/comments?post=40358"}],"version-history":[{"count":0,"href":"https:\/\/jackpotlotteryonline.com\/de\/wp-json\/wp\/v2\/pages\/40358\/revisions"}],"up":[{"embeddable":true,"href":"https:\/\/jackpotlotteryonline.com\/de\/wp-json\/wp\/v2\/pages\/35692"}],"wp:attachment":[{"href":"https:\/\/jackpotlotteryonline.com\/de\/wp-json\/wp\/v2\/media?parent=40358"}],"curies":[{"name":"wp","href":"https:\/\/api.w.org\/{rel}","templated":true}]}}