{"id":40482,"date":"2022-12-05T08:22:20","date_gmt":"2022-12-05T08:22:20","guid":{"rendered":"https:\/\/jackpotlotteryonline.com\/?page_id=40482"},"modified":"2022-12-26T13:46:29","modified_gmt":"2022-12-26T13:46:29","slug":"powerball","status":"publish","type":"page","link":"https:\/\/jackpotlotteryonline.com\/de\/gewinn-zahlen\/powerball\/","title":{"rendered":"Ergebnisse der Powerball-Ziehung"},"content":{"rendered":"<p>Powerball ist eine US-Lotterie mit einem der gr\u00f6\u00dften Jackpots aller Zeiten. Der Gewinn des US Powerballs ist der ultimative Traum fast aller Spieler. Wegen der unglaublich hohen Jackpots, die manchmal bis zu 1 Milliarde Dollar betragen, kaufen Spieler auf der ganzen Welt Powerball-Lose online. Jeder Spieler hofft fest darauf, in der Lotterie zu gewinnen. Der Kauf eines Lottoscheins ist jedoch eine Sache, die \u00dcberpr\u00fcfung der Gewinnzahlen eine andere. Um herauszufinden, ob Sie den Gewinnschein f\u00fcr die Powerball-Lotterie besitzen, m\u00fcssen Sie unbedingt die Ziehungsergebnisse \u00fcberpr\u00fcfen.<\/p>\n<p>Auf dieser Seite zeigen wir Ihnen, wie Sie die Gewinnergebnisse online \u00fcberpr\u00fcfen k\u00f6nnen. Au\u00dferdem zeigen wir Ihnen, wie Sie Zugang zu Ihren Gewinnen erhalten, auch wenn Sie ein Online-Spieler sind.<\/p>\n<p>Denken Sie daran, dass Sie bei jackpotlotteryonline.com<a href=\"https:\/\/jackpotlotteryonline.com\/de\/spielscheine-kaufen\/powerball\"> Gewinnscheine f\u00fcr Powerball kaufen<\/a> und dort auch gleichzeitig die Gewinnzahlen \u00fcberpr\u00fcfen k\u00f6nnen.<\/p>\n<h2>Warum Powerball so beliebt ist<\/h2>\n<p><img loading=\"lazy\" decoding=\"async\" class=\"alignright size-full wp-image-29588\" src=\"http:\/\/jackpotlotteryonline.com\/wp-content\/uploads\/2022\/11\/1_results_powerball.jpg\" alt=\"Powerball-Tickets einfach kaufen\" width=\"300\" height=\"224\" \/>Es gibt mehrere Gr\u00fcnde, warum die Spieler in Scharen zu Powerball str\u00f6men. Es handelt sich um eine US-Mehrstaatenlotterie, was bedeutet, dass die Lose in mehreren US-Bundesstaaten verkauft werden. Diejenigen, die in diesen Staaten leben, k\u00f6nnen also problemlos Powerball-Lose kaufen. Aber nicht nur US-Lottoenthusiasten kaufen Lose in der Hoffnung, bei dieser Lotterie zu gewinnen. Auch Spieler auf der ganzen Welt versuchen eifrig, Powerball-Gewinnscheine zu kaufen.<\/p>\n<p>Im Oktober 2022 erreichte der Powerball-Jackpot die Rekordsumme von 1 Milliarde Dollar, die von einem einzigen Losinhaber gewonnen wurde. Allein der Gedanke, eine Milliarde Dollar zu gewinnen, reicht aus, um Spieler \u00fcberall zu begeistern. Auch wenn die Gewinnchancen beim Powerball recht hoch sind, knacken viele Spieler den Jackpot.<\/p>\n<p>Auch bei Powerball gibt es mehrere Kategorien mit saftigen Preisen. Selbst wenn Sie also den Hauptgewinn verpassen, k\u00f6nnen Sie immer noch mit einem gro\u00dfen Gewinn nach Hause gehen.<\/p>\n<h2>Powerball online spielen und gewinnen<\/h2>\n<p>Das Sch\u00f6ne am <a href=\"https:\/\/jackpotlotteryonline.com\/de\/wie-man-spielt\/powerball\">Online-Spielen von Powerball<\/a> ist, dass Sie von \u00fcberall aus schnellen Zugriff auf diese US-Lotterie haben. Wenn Sie Ihren Gewinnschein bei jackpotlotteryonline.com kaufen, k\u00f6nnen Sie ganz einfach Ihre Gewinnzahlen ziehen. W\u00e4hlen Sie einfach 5 Zahlen von 1 bis 69 und 1 zus\u00e4tzliche Zahl von 1 bis 26.<\/p>\n<p>Sobald Sie Ihre Gewinnzahlen gezogen haben, m\u00fcssen Sie nur noch an den Ziehungen teilnehmen. Powerball hat drei w\u00f6chentliche Ziehungen, dienstags, donnerstags und sonntags. Wir machen es Ihnen leicht, an einer einzelnen oder an mehreren Ziehungen teilzunehmen, je nachdem, was Sie bevorzugen. Au\u00dferdem k\u00f6nnen Sie mehrere Wochen im Voraus an den Ziehungen teilnehmen.<\/p>\n<p>Nachdem Sie Ihre Zahlung abgewickelt haben, m\u00fcssen Sie nur noch auf die Ziehungen warten. Dann werden die Gewinnzahlen bekannt gegeben und Sie k\u00f6nnen feststellen, ob Sie im Lotto gewonnen haben.<\/p>\n<section class=\"layout\" style=\"border: solid 1px; width: 100%;\">\n<div class=\"img-div\" style=\"margin-top: 5px;\"><img decoding=\"async\" class=\"wp-image-17212 alignleft\" style=\"height: 45px; margin: 8px 8px 0px;\" src=\"http:\/\/jackpotlotteryonline.com\/wp-content\/uploads\/2022\/11\/read1.jpg\" alt=\"lesen\" width=\"\" height=\"\" \/><\/div>\n<div style=\"padding-left: 5px;\">\n<div style=\"font-size: 1.1em;\">\n<p><strong>Historische, rekordverd\u00e4chtige Lotterie-Jackpots<\/strong><\/p>\n<p style=\"font-size: 0.85em; margin-top: -1.5em;\">Die gr\u00f6\u00dften Lotto-Jackpots der Geschichte werden Ihnen den Kopf verdrehen\u00a0 <a href=\"https:\/\/jackpotlotteryonline.com\/de\/die-groessten-lotto-jackpots-der-geschichte\">mehr lesen<\/a><\/p>\n<\/div>\n<\/div>\n<\/section>\n<h2>\u00dcberpr\u00fcfen der Gewinnzahlen<\/h2>\n<p><img loading=\"lazy\" decoding=\"async\" class=\"alignright size-full wp-image-30371\" src=\"http:\/\/jackpotlotteryonline.com\/wp-content\/uploads\/2022\/11\/1_winning_numbers_powerball.jpg\" alt=\"Powerball online spielen\" width=\"300\" height=\"129\" \/>Da Sie Powerball online spielen, k\u00f6nnen Sie nicht in eine Lottoannahmestelle gehen, um zu \u00fcberpr\u00fcfen, ob Sie den Gewinnschein haben. Am besten \u00fcberpr\u00fcfen Sie dies also online. Wenn Sie bei uns spielen, k\u00f6nnen Sie nach jeder Ziehung zu dieser Seite zur\u00fcckkehren, um die Gewinnzahlen zu sehen.<\/p>\n<p>Aber auch wenn Sie sich nicht zur\u00fcckmelden, k\u00f6nnen Sie erfahren, ob Sie einen Preis gewonnen haben. Das liegt daran, dass Sie bei uns registriert sein m\u00fcssen, um Ihren Powerball-Schein zu kaufen. Der Grund daf\u00fcr ist, dass wir Sie informieren k\u00f6nnen, sobald Sie einen Gewinnschein haben. Wenn Sie einen Gewinnschein haben, schicken wir Ihnen eine E-Mail, um Sie zu informieren. So einfach ist es wirklich.<\/p>\n<h2>Auszahlung Ihres Gewinns<\/h2>\n<p>Die Auszahlung Ihres Gewinns ist ein weiterer Aspekt, der f\u00fcr Online-Spieler von Bedeutung sein k\u00f6nnte. Denn wenn Sie Powerball online spielen, m\u00f6chten Sie sicher sein, dass Sie auf Ihre Gewinne zugreifen k\u00f6nnen. Wenn Sie Powerball bei uns spielen, ist die Auszahlung Ihres Gewinns eine einfache Angelegenheit. Wir haben unser System so gestaltet, dass Sie sich Ihren Gewinn auf Ihr Konto auszahlen lassen k\u00f6nnen.<\/p>\n<p>Dies ist f\u00fcr Gewinne m\u00f6glich, die unter 2.500 Euro liegen. Wenn Sie mehr als diesen Betrag gewinnen, helfen wir Ihnen, ein Antragsformular auszuf\u00fcllen. Dieses m\u00fcssen Sie ausf\u00fcllen, um Ihren Gewinn direkt bei der Lotteriegesellschaft geltend zu machen.<\/p>\n<h2>Gewinnen Sie in der Powerball-Lotterie<\/h2>\n<p>Ein Gewinn in der Powerball-Lotterie bedeutet, dass Sie einen Schein haben, der mit den gezogenen Ergebnissen \u00fcbereinstimmt. Um Ihnen zu zeigen, wie erstaunlich Powerball ist, zeigen wir Ihnen, was Sie in den anderen Gewinnklassen gewinnen k\u00f6nnen.<\/p>\n<p>Abteilung 1: 5 Richtige + Powerball &#8211; Jackpot<\/p>\n<p>Gewinnklasse 2: 5 Richtige allein &#8211; 1 Million Dollar<\/p>\n<p>Gewinnklasse 3: Spiel 4 + Powerball &#8211; 50.000 $<\/p>\n<p>Abteilung 4: Streichholz 4 allein &#8211; $100<\/p>\n<p>Abteilung 5: Spiel 3 + Powerball &#8211; $100<\/p>\n<p>Abteilung 6: Spiel 3 allein &#8211; $7<\/p>\n<p>Abteilung 7: Spiel 2 + Powerball &#8211; $7<\/p>\n<p>Abteilung 8: Spiel 1 + Powerball &#8211; $4<\/p>\n<p>Abteilung 9: Spiel Powerball allein &#8211; $4<\/p>\n<p>Mit 9 Abteilungen ist der Lottogewinn eine aufregende M\u00f6glichkeit f\u00fcr die Spieler. Das bedeutet auch, dass die Chancen, einen Preis zu gewinnen, ziemlich hoch sind. Und selbst wenn Sie in der zweiten Gewinnklasse gewinnen, haben Sie eine gute Chance, mit einem gro\u00dfen Gewinn nach Hause zu gehen.<\/p>\n<h2>Pr\u00fcfen Sie die Gewinnergebnisse hier<\/h2>\n<p>Wenn Sie das n\u00e4chste Mal Lotto spielen wollen, brauchen Sie sich keine Gedanken dar\u00fcber zu machen, wo Sie die Gewinnergebnisse \u00fcberpr\u00fcfen k\u00f6nnen. Bei jackpotlotteryonline.com machen wir es Ihnen leicht, Ihre Gewinnzahlen zu ziehen und auch die Gewinnergebnisse zu \u00fcberpr\u00fcfen. Kaufen Sie Ihren Schein bei uns und wir werden Sie benachrichtigen, sobald Sie einen Gewinnschein haben.<\/p>\n<p>Denken Sie daran, dass Sie sich Ihre Gewinne auch direkt von unserer Website auf Ihr Konto auszahlen lassen k\u00f6nnen. Das wird Ihnen den Stress, den Sie beim Lottospielen hatten, erheblich erleichtern. Wir haben es uns zur Aufgabe gemacht, unseren Kunden eine nahtlose und problemlose Erfahrung zu bieten. Auf diese Weise k\u00f6nnen Sie sich in aller Ruhe auf den Lottogewinn konzentrieren.<\/p>\n","protected":false},"excerpt":{"rendered":"<p>Powerball ist eine US-Lotterie mit einem der gr\u00f6\u00dften Jackpots aller Zeiten. Der Gewinn des US Powerballs ist der ultimative Traum fast aller Spieler. Wegen der unglaublich hohen Jackpots, die manchmal bis zu 1 Milliarde Dollar betragen, kaufen Spieler auf der ganzen Welt Powerball-Lose online. Jeder Spieler hofft fest darauf, in der Lotterie zu gewinnen. Der [&hellip;]<\/p>\n","protected":false},"author":1,"featured_media":0,"parent":35828,"menu_order":1,"comment_status":"closed","ping_status":"closed","template":"powerball-usa-results.php","meta":{"_et_pb_use_builder":"","_et_pb_old_content":"","_et_gb_content_width":"","exclude_from_search":false,"footnotes":""},"class_list":["post-40482","page","type-page","status-publish","hentry"],"yoast_head":"<!-- This site is optimized with the Yoast SEO plugin v23.3 - https:\/\/yoast.com\/wordpress\/plugins\/seo\/ -->\n<title>Powerball Gewinnzahlen und Ziehungsergebnisse<\/title>\n<meta name=\"description\" content=\"Alle aktuellen Ziehungsergebnisse und Gewinnzahlen f\u00fcr Powerball USA, sowie ein Ergebnisarchiv, alles auf einer Website\" \/>\n<meta name=\"robots\" content=\"index, follow, max-snippet:-1, max-image-preview:large, max-video-preview:-1\" \/>\n<link rel=\"canonical\" href=\"https:\/\/jackpotlotteryonline.com\/de\/gewinn-zahlen\/powerball\/\" \/>\n<meta property=\"og:locale\" content=\"de_DE\" \/>\n<meta property=\"og:type\" content=\"article\" \/>\n<meta property=\"og:title\" content=\"Powerball Gewinnzahlen und Ziehungsergebnisse\" \/>\n<meta property=\"og:description\" content=\"Alle aktuellen Ziehungsergebnisse und Gewinnzahlen f\u00fcr Powerball USA, sowie ein Ergebnisarchiv, alles auf einer Website\" \/>\n<meta property=\"og:url\" content=\"https:\/\/jackpotlotteryonline.com\/de\/gewinn-zahlen\/powerball\/\" \/>\n<meta property=\"og:site_name\" content=\"Lotto Online - Crack The International Lottery Jackpots\" \/>\n<meta property=\"article:modified_time\" content=\"2022-12-26T13:46:29+00:00\" \/>\n<meta property=\"og:image\" content=\"http:\/\/jackpotlotteryonline.com\/wp-content\/uploads\/2022\/11\/1_results_powerball.jpg\" \/>\n<meta name=\"twitter:card\" content=\"summary_large_image\" \/>\n<meta name=\"twitter:label1\" content=\"Gesch\u00e4tzte Lesezeit\" \/>\n\t<meta name=\"twitter:data1\" content=\"5\u00a0Minuten\" \/>\n<!-- \/ Yoast SEO plugin. -->","yoast_head_json":{"title":"Powerball Gewinnzahlen und Ziehungsergebnisse","description":"Alle aktuellen Ziehungsergebnisse und Gewinnzahlen f\u00fcr Powerball USA, sowie ein Ergebnisarchiv, alles auf einer Website","robots":{"index":"index","follow":"follow","max-snippet":"max-snippet:-1","max-image-preview":"max-image-preview:large","max-video-preview":"max-video-preview:-1"},"canonical":"https:\/\/jackpotlotteryonline.com\/de\/gewinn-zahlen\/powerball\/","og_locale":"de_DE","og_type":"article","og_title":"Powerball Gewinnzahlen und Ziehungsergebnisse","og_description":"Alle aktuellen Ziehungsergebnisse und Gewinnzahlen f\u00fcr Powerball USA, sowie ein Ergebnisarchiv, alles auf einer Website","og_url":"https:\/\/jackpotlotteryonline.com\/de\/gewinn-zahlen\/powerball\/","og_site_name":"Lotto Online - Crack The International Lottery Jackpots","article_modified_time":"2022-12-26T13:46:29+00:00","og_image":[{"url":"http:\/\/jackpotlotteryonline.com\/wp-content\/uploads\/2022\/11\/1_results_powerball.jpg"}],"twitter_card":"summary_large_image","twitter_misc":{"Gesch\u00e4tzte Lesezeit":"5\u00a0Minuten"},"schema":{"@context":"https:\/\/schema.org","@graph":[{"@type":"WebPage","@id":"https:\/\/jackpotlotteryonline.com\/de\/gewinn-zahlen\/powerball\/","url":"https:\/\/jackpotlotteryonline.com\/de\/gewinn-zahlen\/powerball\/","name":"Powerball Gewinnzahlen und Ziehungsergebnisse","isPartOf":{"@id":"https:\/\/jackpotlotteryonline.com\/#website"},"primaryImageOfPage":{"@id":"https:\/\/jackpotlotteryonline.com\/de\/gewinn-zahlen\/powerball\/#primaryimage"},"image":{"@id":"https:\/\/jackpotlotteryonline.com\/de\/gewinn-zahlen\/powerball\/#primaryimage"},"thumbnailUrl":"http:\/\/jackpotlotteryonline.com\/wp-content\/uploads\/2022\/11\/1_results_powerball.jpg","datePublished":"2022-12-05T08:22:20+00:00","dateModified":"2022-12-26T13:46:29+00:00","description":"Alle aktuellen Ziehungsergebnisse und Gewinnzahlen f\u00fcr Powerball USA, sowie ein Ergebnisarchiv, alles auf einer Website","breadcrumb":{"@id":"https:\/\/jackpotlotteryonline.com\/de\/gewinn-zahlen\/powerball\/#breadcrumb"},"inLanguage":"de","potentialAction":[{"@type":"ReadAction","target":["https:\/\/jackpotlotteryonline.com\/de\/gewinn-zahlen\/powerball\/"]}]},{"@type":"ImageObject","inLanguage":"de","@id":"https:\/\/jackpotlotteryonline.com\/de\/gewinn-zahlen\/powerball\/#primaryimage","url":"http:\/\/jackpotlotteryonline.com\/wp-content\/uploads\/2022\/11\/1_results_powerball.jpg","contentUrl":"http:\/\/jackpotlotteryonline.com\/wp-content\/uploads\/2022\/11\/1_results_powerball.jpg"},{"@type":"BreadcrumbList","@id":"https:\/\/jackpotlotteryonline.com\/de\/gewinn-zahlen\/powerball\/#breadcrumb","itemListElement":[{"@type":"ListItem","position":1,"name":"Home","item":"https:\/\/jackpotlotteryonline.com\/de\/"},{"@type":"ListItem","position":2,"name":"Lotterieergebnisse","item":"https:\/\/jackpotlotteryonline.com\/de\/gewinn-zahlen\/"},{"@type":"ListItem","position":3,"name":"Ergebnisse der Powerball-Ziehung"}]},{"@type":"WebSite","@id":"https:\/\/jackpotlotteryonline.com\/#website","url":"https:\/\/jackpotlotteryonline.com\/","name":"Lotto Online - Crack The International Lottery Jackpots","description":"","potentialAction":[{"@type":"SearchAction","target":{"@type":"EntryPoint","urlTemplate":"https:\/\/jackpotlotteryonline.com\/?s={search_term_string}"},"query-input":"required name=search_term_string"}],"inLanguage":"de"}]}},"_links":{"self":[{"href":"https:\/\/jackpotlotteryonline.com\/de\/wp-json\/wp\/v2\/pages\/40482","targetHints":{"allow":["GET"]}}],"collection":[{"href":"https:\/\/jackpotlotteryonline.com\/de\/wp-json\/wp\/v2\/pages"}],"about":[{"href":"https:\/\/jackpotlotteryonline.com\/de\/wp-json\/wp\/v2\/types\/page"}],"author":[{"embeddable":true,"href":"https:\/\/jackpotlotteryonline.com\/de\/wp-json\/wp\/v2\/users\/1"}],"replies":[{"embeddable":true,"href":"https:\/\/jackpotlotteryonline.com\/de\/wp-json\/wp\/v2\/comments?post=40482"}],"version-history":[{"count":0,"href":"https:\/\/jackpotlotteryonline.com\/de\/wp-json\/wp\/v2\/pages\/40482\/revisions"}],"up":[{"embeddable":true,"href":"https:\/\/jackpotlotteryonline.com\/de\/wp-json\/wp\/v2\/pages\/35828"}],"wp:attachment":[{"href":"https:\/\/jackpotlotteryonline.com\/de\/wp-json\/wp\/v2\/media?parent=40482"}],"curies":[{"name":"wp","href":"https:\/\/api.w.org\/{rel}","templated":true}]}}