{"id":40534,"date":"2022-12-05T09:50:34","date_gmt":"2022-12-05T09:50:34","guid":{"rendered":"https:\/\/jackpotlotteryonline.com\/?page_id=40534"},"modified":"2022-12-26T19:51:35","modified_gmt":"2022-12-26T19:51:35","slug":"mega-millions","status":"publish","type":"page","link":"https:\/\/jackpotlotteryonline.com\/de\/gewinn-zahlen\/mega-millions\/","title":{"rendered":"Ergebnisse der Mega Millions-Ziehung"},"content":{"rendered":"<p>Mega Millions ist f\u00fcr seine Mega-Jackpots bekannt, und Spieler auf der ganzen Welt lieben den Gedanken, diese Lotterie zu gewinnen. Der Gewinn der Mega Millions-Lotterie ist der amerikanische Traum, und Millionen von Spielern streben danach. Gl\u00fccklicherweise haben Spieler aus der ganzen Welt jetzt die M\u00f6glichkeit, Mega Millions zu gewinnen, indem sie online Lose kaufen. Falls Sie sich fragen, wie man das macht, haben wir einen Leckerbissen f\u00fcr Sie.<\/p>\n<p>Wenn Sie zum ersten Mal spielen (oder regelm\u00e4\u00dfig), k\u00f6nnen Sie direkt hier auf <a href=\"https:\/\/jackpotlotteryonline.com\/de\/spielscheine-kaufen\/mega-millions\">unserer Website Tickets f\u00fcr Mega Million kaufen<\/a>. Und nicht nur das, hier bei jackpotlotteryonline.com geben wir Ihnen auch die Chance, bei mehreren internationalen Top-Lotterien zu gewinnen. Wenn Sie also versuchen m\u00f6chten, bei Lotterien aus Australien, Europa oder Amerika zu gewinnen, dann bleiben Sie bei uns.<\/p>\n<section class=\"layout\" style=\"border: solid 1px; width: 100%;\">\n<div class=\"img-div\" style=\"margin-top: 5px;\"><img decoding=\"async\" class=\"wp-image-17212 alignleft\" style=\"height: 45px; margin: 8px 8px 0px;\" src=\"http:\/\/jackpotlotteryonline.com\/wp-content\/uploads\/2022\/11\/read1.jpg\" alt=\"lesen\" width=\"\" height=\"\" \/><\/div>\n<div style=\"padding-left: 5px;\">\n<div style=\"font-size: 1.1em;\">\n<p><strong>Europ\u00e4ische Lotterien<\/strong><\/p>\n<p style=\"font-size: 0.85em; margin-top: -1.5em;\">Welche europ\u00e4ischen Lotterien sind die besten?\u00a0 <a href=\"https:\/\/jackpotlotteryonline.com\/de\/welche-europaeischen-lotterien-sind-die-besten\"> mehr lesen<\/a><\/p>\n<\/div>\n<\/div>\n<\/section>\n<p>Oh, und wir verraten Ihnen auch, wie Sie Zugang zu Ihren Mega Millions-Gewinnen bekommen k\u00f6nnen. Es macht keinen Sinn, <a href=\"https:\/\/jackpotlotteryonline.com\/de\/wie-man-spielt\/mega-millions\">Mega Millions zu spielen<\/a>, zu gewinnen und dann nicht auf Ihren Gewinn zugreifen zu k\u00f6nnen. Also entspannen Sie sich und lesen Sie weiter, um alles zu erfahren, was Sie \u00fcber Mega Millions-Gewinnzahlen wissen m\u00fcssen.<\/p>\n<h2>Wie man die Mega Millions-Gewinnzahlen zieht<\/h2>\n<p><img loading=\"lazy\" decoding=\"async\" class=\"alignright size-full wp-image-31073\" src=\"http:\/\/jackpotlotteryonline.com\/wp-content\/uploads\/2022\/11\/logo_Mega_Millions_233x110.png\" alt=\"Mega Millions Ticket online kaufen\" width=\"232\" height=\"110\" \/>Jeder, der einen Lottoschein kauft, hofft, dass er irgendwie den Gewinnschein bekommt. Das ist ein nat\u00fcrlicher menschlicher Instinkt. Wir wissen, dass die Gewinnchancen hoch sind, aber irgendjemand muss ja den Gewinnschein bekommen. Und das k\u00f6nnen doch auch Sie sein, oder? Aber wie stellt man das an? Nun, es gibt einige Tricks, die Spieler anwenden, um Gewinnzahlen zu ziehen.<\/p>\n<p>Wir wollen ganz offen sein und Ihnen sagen, dass es keine Garantie daf\u00fcr gibt, den Gewinnschein zu bekommen. Es ist ein Gl\u00fccksspiel und jeder Spieler muss sein Gl\u00fcck versuchen. Dennoch gibt es M\u00f6glichkeiten, wie Sie sich selbst zu Ihrem Gl\u00fcck verhelfen k\u00f6nnen. Daf\u00fcr sind die von Ihnen gew\u00e4hlten Gewinnzahlen sehr wichtig.<\/p>\n<p>Grunds\u00e4tzlich kann man Gewinnzahlen w\u00e4hlen, indem man Gl\u00fccksdaten ausw\u00e4hlt. Manche Menschen betrachten ihr Geburtsdatum als Gl\u00fccksdatum. Es hei\u00dft, dass manche Menschen unter einem Gl\u00fccksstern geboren wurden. Wenn Sie zu diesen Menschen geh\u00f6ren, dann sollten Sie Ihr Geburtsdatum ganz oder teilweise f\u00fcr Ihren Lottoschein verwenden. Wenn Sie nicht so viel Gl\u00fcck haben, verwenden Sie den automatischen Generator, um zuf\u00e4llige Gewinnzahlen auszuw\u00e4hlen.<\/p>\n<h2>Mega Millions online gewinnen<\/h2>\n<p>Die Spielregeln sind die gleichen, egal ob Sie online oder offline spielen. Wir werden Sie durch den Prozess der Auswahl der Gewinnzahlen online f\u00fchren. Wenn Sie es einmal verstanden haben, werden Sie nicht mehr anders Lotto spielen wollen. Es hat etwas Unglaubliches, dass Sie nirgendwo hingehen m\u00fcssen, um Ihren Lottoschein zu kaufen. Benutzen Sie einfach Ihren Computer oder Ihr mobiles Ger\u00e4t.<\/p>\n<p>Zun\u00e4chst zu den Regeln. F\u00fcr Mega Millions m\u00fcssen Sie 5 Zahlen zwischen 1 und 70 und einen Mega Ball von 1 bis 25 ziehen. Sobald Sie Ihre Gewinnkombination ausgew\u00e4hlt haben, k\u00f6nnen Sie an den Ziehungen teilnehmen. Die Ziehungstage sind Dienstag und Freitag jeder Woche. Sie haben die M\u00f6glichkeit, an einer einzelnen Ziehung oder an beiden teilzunehmen.<\/p>\n<p>Sie k\u00f6nnen auch mehrere Wochen im Voraus an den Ziehungen teilnehmen. Wenn Sie die Gewinnkombination treffen, gewinnen Sie viel. Bevor Sie f\u00fcr Ihre Teilnahme bezahlen, bitten wir Sie, sich zu registrieren. Dies soll Ihnen den Zugang zu Ihren Gewinnen und deren Abruf erleichtern.<\/p>\n<h2>\u00dcberpr\u00fcfung der Gewinnzahlen<\/h2>\n<p>Der Mega Millions-Jackpot beginnt bei 40 Millionen Dollar. Dies ist der garantierte Mindestbetrag, und der Jackpot wird nicht unterschritten. Wenn nach den Ziehungen keine Gewinnzahl auftaucht, wird der Jackpot auf die n\u00e4chste Ziehung \u00fcbertragen. Er rollt so lange weiter, bis ein Gewinnschein gefunden wird.<\/p>\n<p>Um die Gewinnergebnisse der Mega Millions-Lotterie zu \u00fcberpr\u00fcfen, kehren Sie einfach nach jeder Ziehung auf diese Seite zur\u00fcck. So einfach ist das. Wir ver\u00f6ffentlichen die Gewinnergebnisse f\u00fcr jede Ziehung auf dieser Seite, und zwar auch f\u00fcr die anderen Gewinnklassen. Ja, der Gewinn des Jackpots ist nicht alles, was Sie gewinnen k\u00f6nnen, wenn Sie Mega Millions spielen.<\/p>\n<p>Wenn Sie einen Preis gewinnen, werden wir Sie sofort per E-Mail informieren, damit Sie Ihren Gewinn abholen k\u00f6nnen.<\/p>\n<h2>Mega Millions-Gewinnkategorien<\/h2>\n<p>Okay, wir wissen, dass Sie wahrscheinlich neugierig auf andere Preise sind, wenn Sie diese Lotterie spielen. Wir alle hoffen, im Lotto zu gewinnen, aber wenn man nach den Sternen greift, trifft man manchmal auch den Himmel. Und diese Preise sind ziemlich fantastisch. Hier ist also die Aufschl\u00fcsselung der Preise.<\/p>\n<p>Abteilung 1: 5 + Mega Ball &#8211; Jackpot<\/p>\n<p>Abteilung 2: 5 &#8211; 1.000.000 $<\/p>\n<p>Abteilung 3: 4 + Mega Ball &#8211; $10.000<\/p>\n<p>Abteilung 4: 4 &#8211; $500<\/p>\n<p>Abteilung 5: 3 + Mega Ball &#8211; $200<\/p>\n<p>Abteilung 6: 3 &#8211; $10<\/p>\n<p>Abteilung 7: 2 + Mega Ball &#8211; $10<\/p>\n<p>Abteilung 8: 1 + Mega Ball &#8211; $4<\/p>\n<p>Abteilung 8: nur Mega Ball &#8211; $2<\/p>\n<p>Der Gewinn des zweiten Preises w\u00e4re auch ziemlich bemerkenswert, oder? Wir denken das auch.<\/p>\n<h2>Wie Sie Ihren Gewinn einfordern<\/h2>\n<p><img loading=\"lazy\" decoding=\"async\" class=\"alignright size-full wp-image-19115\" src=\"http:\/\/jackpotlotteryonline.com\/wp-content\/uploads\/2022\/10\/2_ticket_mega_millions3.jpg\" alt=\"mega millionen ticket scannen\" width=\"180\" height=\"193\" \/>Online-Lotterie spielen ist ja sch\u00f6n und gut, aber wie fordern Sie Ihren Gewinn an? Nun, auch daf\u00fcr haben wir eine L\u00f6sung gefunden. Wenn Sie Ihren Lottoschein bei jackpotlotteryonline.com gekauft haben, k\u00f6nnen Sie ganz einfach Zugang zu Ihrem Gewinn erhalten. Sobald Sie sich in Ihr Konto eingeloggt haben, k\u00f6nnen Sie sich Ihren Gewinn einfach von unserer Plattform auf Ihre Bank auszahlen lassen.<\/p>\n<p>Dieser problemlose Prozess ist der Hauptgrund, warum wir unsere Kunden bitten, sich zu registrieren. Es macht es so viel einfacher, Ihren Gewinn abzuheben, egal wo Sie wohnen.<\/p>\n<p>Beachten Sie, dass dies normalerweise f\u00fcr Gewinne unter 2.500 \u20ac gilt. Wenn Ihr Gewinn h\u00f6her als 2.500 \u20ac ist, m\u00fcssen Sie sich m\u00f6glicherweise direkt an die Lotteriegesellschaft wenden, um Ihren Gewinn einzufordern. Aber das ist kein Problem, denn wir helfen Ihnen beim Ausf\u00fcllen eines Antragsformulars.<\/p>\n<h2>Warum Sie die Lotterie bei jackpotlotteryonline.com spielen sollten<\/h2>\n<p>Alles, was wir bei jackpotlotteryonline.com tun, ist darauf ausgerichtet, Ihnen ein fantastisches Erlebnis zu bieten, wenn Sie Mega Millions spielen. Es gibt so viele Dinge im Leben, die schwer sind, aber ein Lottogewinn sollte nicht dazu geh\u00f6ren. Deshalb k\u00fcmmern wir uns um all die l\u00e4stigen kleinen Details, damit Sie sich darauf konzentrieren k\u00f6nnen, den ganzen Spa\u00df zu haben, den Sie wollen.<\/p>\n<p>Mehr noch, wir sind eine Concierge-Seite. Das bedeutet, dass wir unseren Kunden die Chance geben, in der Lotterie zu gewinnen. Sie wetten nicht auf das Ergebnis von Mega Millions, wie es bei so vielen Lotterieseiten der Fall ist. Wir geben unseren Kunden tats\u00e4chlich Zugang zu internationalen Gewinnlotterien wie Mega Millions. Wenn Sie auf unserer Website Scheine kaufen, gewinnen Sie die Lotterie, wenn Sie den Gewinnschein haben.<\/p>\n<p>Wir machen es unseren Kunden leicht, die Mega Millions-Gewinnzahlen und den Ziehungsverlauf zu \u00fcberpr\u00fcfen. Die \u00dcberpr\u00fcfung des Ziehungsverlaufs hilft den Spielern, ihre Gewinnspielstrategie zu entwickeln. Schlie\u00dflich ist der Zugang zu Ihren Gewinnen so einfach wie ein Klick. Genie\u00dfen Sie noch heute die Mega Millions-Lotterie, indem Sie sich bei uns registrieren.<\/p>\n","protected":false},"excerpt":{"rendered":"<p>Mega Millions ist f\u00fcr seine Mega-Jackpots bekannt, und Spieler auf der ganzen Welt lieben den Gedanken, diese Lotterie zu gewinnen. Der Gewinn der Mega Millions-Lotterie ist der amerikanische Traum, und Millionen von Spielern streben danach. Gl\u00fccklicherweise haben Spieler aus der ganzen Welt jetzt die M\u00f6glichkeit, Mega Millions zu gewinnen, indem sie online Lose kaufen. Falls [&hellip;]<\/p>\n","protected":false},"author":1,"featured_media":0,"parent":35828,"menu_order":2,"comment_status":"closed","ping_status":"closed","template":"megamillion-results.php","meta":{"_et_pb_use_builder":"","_et_pb_old_content":"","_et_gb_content_width":"","exclude_from_search":false,"footnotes":""},"class_list":["post-40534","page","type-page","status-publish","hentry"],"yoast_head":"<!-- This site is optimized with the Yoast SEO plugin v23.3 - https:\/\/yoast.com\/wordpress\/plugins\/seo\/ -->\n<title>Mega Millions Gewinnzahlen und Ziehungsergebnisse<\/title>\n<meta name=\"description\" content=\"Finden Sie die Mega Millions-Ziehungsergebnisse und Gewinnzahlen dieser Woche und \u00e4lter hier auf unserer Seite\" \/>\n<meta name=\"robots\" content=\"index, follow, max-snippet:-1, max-image-preview:large, max-video-preview:-1\" \/>\n<link rel=\"canonical\" href=\"https:\/\/jackpotlotteryonline.com\/de\/gewinn-zahlen\/mega-millions\/\" \/>\n<meta property=\"og:locale\" content=\"de_DE\" \/>\n<meta property=\"og:type\" content=\"article\" \/>\n<meta property=\"og:title\" content=\"Mega Millions Gewinnzahlen und Ziehungsergebnisse\" \/>\n<meta property=\"og:description\" content=\"Finden Sie die Mega Millions-Ziehungsergebnisse und Gewinnzahlen dieser Woche und \u00e4lter hier auf unserer Seite\" \/>\n<meta property=\"og:url\" content=\"https:\/\/jackpotlotteryonline.com\/de\/gewinn-zahlen\/mega-millions\/\" \/>\n<meta property=\"og:site_name\" content=\"Lotto Online - Crack The International Lottery Jackpots\" \/>\n<meta property=\"article:modified_time\" content=\"2022-12-26T19:51:35+00:00\" \/>\n<meta property=\"og:image\" content=\"http:\/\/jackpotlotteryonline.com\/wp-content\/uploads\/2022\/11\/read1.jpg\" \/>\n<meta name=\"twitter:card\" content=\"summary_large_image\" \/>\n<meta name=\"twitter:label1\" content=\"Gesch\u00e4tzte Lesezeit\" \/>\n\t<meta name=\"twitter:data1\" content=\"6\u00a0Minuten\" \/>\n<!-- \/ Yoast SEO plugin. -->","yoast_head_json":{"title":"Mega Millions Gewinnzahlen und Ziehungsergebnisse","description":"Finden Sie die Mega Millions-Ziehungsergebnisse und Gewinnzahlen dieser Woche und \u00e4lter hier auf unserer Seite","robots":{"index":"index","follow":"follow","max-snippet":"max-snippet:-1","max-image-preview":"max-image-preview:large","max-video-preview":"max-video-preview:-1"},"canonical":"https:\/\/jackpotlotteryonline.com\/de\/gewinn-zahlen\/mega-millions\/","og_locale":"de_DE","og_type":"article","og_title":"Mega Millions Gewinnzahlen und Ziehungsergebnisse","og_description":"Finden Sie die Mega Millions-Ziehungsergebnisse und Gewinnzahlen dieser Woche und \u00e4lter hier auf unserer Seite","og_url":"https:\/\/jackpotlotteryonline.com\/de\/gewinn-zahlen\/mega-millions\/","og_site_name":"Lotto Online - Crack The International Lottery Jackpots","article_modified_time":"2022-12-26T19:51:35+00:00","og_image":[{"url":"http:\/\/jackpotlotteryonline.com\/wp-content\/uploads\/2022\/11\/read1.jpg"}],"twitter_card":"summary_large_image","twitter_misc":{"Gesch\u00e4tzte Lesezeit":"6\u00a0Minuten"},"schema":{"@context":"https:\/\/schema.org","@graph":[{"@type":"WebPage","@id":"https:\/\/jackpotlotteryonline.com\/de\/gewinn-zahlen\/mega-millions\/","url":"https:\/\/jackpotlotteryonline.com\/de\/gewinn-zahlen\/mega-millions\/","name":"Mega Millions Gewinnzahlen und Ziehungsergebnisse","isPartOf":{"@id":"https:\/\/jackpotlotteryonline.com\/#website"},"primaryImageOfPage":{"@id":"https:\/\/jackpotlotteryonline.com\/de\/gewinn-zahlen\/mega-millions\/#primaryimage"},"image":{"@id":"https:\/\/jackpotlotteryonline.com\/de\/gewinn-zahlen\/mega-millions\/#primaryimage"},"thumbnailUrl":"http:\/\/jackpotlotteryonline.com\/wp-content\/uploads\/2022\/11\/read1.jpg","datePublished":"2022-12-05T09:50:34+00:00","dateModified":"2022-12-26T19:51:35+00:00","description":"Finden Sie die Mega Millions-Ziehungsergebnisse und Gewinnzahlen dieser Woche und \u00e4lter hier auf unserer Seite","breadcrumb":{"@id":"https:\/\/jackpotlotteryonline.com\/de\/gewinn-zahlen\/mega-millions\/#breadcrumb"},"inLanguage":"de","potentialAction":[{"@type":"ReadAction","target":["https:\/\/jackpotlotteryonline.com\/de\/gewinn-zahlen\/mega-millions\/"]}]},{"@type":"ImageObject","inLanguage":"de","@id":"https:\/\/jackpotlotteryonline.com\/de\/gewinn-zahlen\/mega-millions\/#primaryimage","url":"http:\/\/jackpotlotteryonline.com\/wp-content\/uploads\/2022\/11\/read1.jpg","contentUrl":"http:\/\/jackpotlotteryonline.com\/wp-content\/uploads\/2022\/11\/read1.jpg"},{"@type":"BreadcrumbList","@id":"https:\/\/jackpotlotteryonline.com\/de\/gewinn-zahlen\/mega-millions\/#breadcrumb","itemListElement":[{"@type":"ListItem","position":1,"name":"Home","item":"https:\/\/jackpotlotteryonline.com\/de\/"},{"@type":"ListItem","position":2,"name":"Lotterieergebnisse","item":"https:\/\/jackpotlotteryonline.com\/de\/gewinn-zahlen\/"},{"@type":"ListItem","position":3,"name":"Ergebnisse der Mega Millions-Ziehung"}]},{"@type":"WebSite","@id":"https:\/\/jackpotlotteryonline.com\/#website","url":"https:\/\/jackpotlotteryonline.com\/","name":"Lotto Online - Crack The International Lottery Jackpots","description":"","potentialAction":[{"@type":"SearchAction","target":{"@type":"EntryPoint","urlTemplate":"https:\/\/jackpotlotteryonline.com\/?s={search_term_string}"},"query-input":"required name=search_term_string"}],"inLanguage":"de"}]}},"_links":{"self":[{"href":"https:\/\/jackpotlotteryonline.com\/de\/wp-json\/wp\/v2\/pages\/40534","targetHints":{"allow":["GET"]}}],"collection":[{"href":"https:\/\/jackpotlotteryonline.com\/de\/wp-json\/wp\/v2\/pages"}],"about":[{"href":"https:\/\/jackpotlotteryonline.com\/de\/wp-json\/wp\/v2\/types\/page"}],"author":[{"embeddable":true,"href":"https:\/\/jackpotlotteryonline.com\/de\/wp-json\/wp\/v2\/users\/1"}],"replies":[{"embeddable":true,"href":"https:\/\/jackpotlotteryonline.com\/de\/wp-json\/wp\/v2\/comments?post=40534"}],"version-history":[{"count":0,"href":"https:\/\/jackpotlotteryonline.com\/de\/wp-json\/wp\/v2\/pages\/40534\/revisions"}],"up":[{"embeddable":true,"href":"https:\/\/jackpotlotteryonline.com\/de\/wp-json\/wp\/v2\/pages\/35828"}],"wp:attachment":[{"href":"https:\/\/jackpotlotteryonline.com\/de\/wp-json\/wp\/v2\/media?parent=40534"}],"curies":[{"name":"wp","href":"https:\/\/api.w.org\/{rel}","templated":true}]}}