{"id":40588,"date":"2022-12-05T12:55:51","date_gmt":"2022-12-05T12:55:51","guid":{"rendered":"https:\/\/jackpotlotteryonline.com\/?page_id=40588"},"modified":"2022-12-27T08:08:54","modified_gmt":"2022-12-27T08:08:54","slug":"euromillions","status":"publish","type":"page","link":"https:\/\/jackpotlotteryonline.com\/de\/gewinn-zahlen\/euromillions\/","title":{"rendered":"Euromillions-Ziehungsergebnisse"},"content":{"rendered":"<p>Spieler, die Lottoscheine kaufen, machen sich oft Sorgen, dass sie ihren Lottogewinn verpassen. Das liegt daran, dass Menschen unvorsichtig werden und Lose verloren gehen; ohne Ihren Lottoschein k\u00f6nnen Sie Ihren Gewinn nicht beanspruchen. Wenn Sie jedoch online Lotto spielen, m\u00fcssen Sie sich keine Sorgen \u00fcber fehlende Scheine machen, da alles digital ist. Das \u00dcberpr\u00fcfen der Gewinnzahlen kann jedoch immer noch ein Problem sein, wenn Sie nicht wissen, was zu tun ist. Und genau deshalb sind wir hier.<\/p>\n<p>Bei jackpotlotteryonline.com bieten wir Spielern Zugang zu den besten internationalen Online-Lotterien. Wir machen es Ihnen auch leicht, Ihre Lottoscheine zu kaufen und die Euromillions-Gewinnzahlen zu \u00fcberpr\u00fcfen, egal wo Sie sind.<\/p>\n<h2>Wie kann man den Jackpot gewinnen?<\/h2>\n<p><img loading=\"lazy\" decoding=\"async\" class=\"alignright size-full wp-image-31019\" src=\"http:\/\/jackpotlotteryonline.com\/wp-content\/uploads\/2022\/11\/euromillions.png\" alt=\"Euromillions gewinnen\" width=\"200\" height=\"212\" \/>Das ist eine wichtige Frage, denn jeder, der Lotto spielt, m\u00f6chte wissen, was es braucht, um zu gewinnen. Die einfache Antwort lautet, dass ein Spieler nur mit den gezogenen Zahlen \u00fcbereinstimmen muss, um in der Lotterie zu gewinnen. Nat\u00fcrlich wissen wir alle, dass es nicht so einfach ist. Beim Lotto kommt es sehr auf das Gl\u00fcck an.<\/p>\n<p>Bei Euromillions muss ein Spieler 5 Ziffern von 1 bis 70 und 2 Gl\u00fcckssterne ziehen. Wer alle 7 gezogenen Ziffern trifft, gewinnt die Lotterie.<\/p>\n<p>Sie k\u00f6nnen hier vergangene Kombinationen \u00fcberpr\u00fcfen, um herauszufinden, welche Ziffern am h\u00e4ufigsten oder am wenigsten vorkommen. Dies k\u00f6nnte Ihnen helfen, Ihre Gewinnstrategie f\u00fcr die europ\u00e4ische Lotterie zu planen.<\/p>\n<h2>Wie Sie den Gewinner \u00fcberpr\u00fcfen k\u00f6nnen<\/h2>\n<p>Es gibt mehrere M\u00f6glichkeiten, den Gewinner der Lotterie online zu ermitteln. Das Problem bei der \u00dcberpr\u00fcfung beliebiger Websites ist jedoch, dass Sie m\u00f6glicherweise keine genauen Informationen erhalten. Wenn Sie au\u00dferdem die Nachrichtenseiten besuchen, erfahren Sie m\u00f6glicherweise nur die Kombination, die den Jackpot gewonnen hat.<\/p>\n<p>Die europ\u00e4ische Lotterie hat mehrere Gewinnklassen, und selbst wenn Sie nicht den Hauptpreis gewonnen haben, k\u00f6nnen Sie immer noch mit einem guten Betrag nach Hause gehen. Es ist also wichtig, dass Sie Ihren Schein mit den anderen Gewinnklassen vergleichen.<\/p>\n<p>Wenn <a href=\"https:\/\/jackpotlotteryonline.com\/de\/spielscheine-kaufen\/euromillions\">Sie Ihren Lottoschein<\/a> bei jackpotlotteryonline.com kaufen, schicken wir Ihnen eine E-Mail, sobald Sie einen Preis gewonnen haben. Sie m\u00fcssen sich also keine Sorgen machen, dass Sie Ihre Preise verlieren.<\/p>\n<h2>Zugriff auf Ihren Gewinn<\/h2>\n<p>Da Sie die <a href=\"https:\/\/jackpotlotteryonline.com\/de\/wie-man-spielt\/euromillions\">Lotterie online spielen<\/a>, fragen Sie sich nat\u00fcrlich, was passiert, wenn Sie einen Preis gewinnen. Wenn Sie bei uns spielen, ist der Zugriff auf Ihren Gewinn so einfach wie der Kauf Ihres Scheins. Damit meinen wir, dass Sie sich Ihren Gewinn einfach von unserer Website auszahlen lassen k\u00f6nnen. Kein \u00c4rger und keine Komplikationen.<\/p>\n<p>Wenn Sie den Jackpot oder einen Betrag von mehr als 2500 \u20ac gewinnen, m\u00fcssen Sie m\u00f6glicherweise ein Antragsformular ausf\u00fcllen. Aber keine Sorge, das ist kein komplizierter Vorgang und wir werden Sie dabei unterst\u00fctzen.<\/p>\n<section class=\"layout\" style=\"border: solid 1px; width: 100%;\">\n<div class=\"img-div\" style=\"margin-top: 5px;\"><img decoding=\"async\" class=\"wp-image-17212 alignleft\" style=\"height: 45px; margin: 8px 8px 0px;\" src=\"http:\/\/jackpotlotteryonline.com\/wp-content\/uploads\/2022\/11\/read1.jpg\" alt=\"lesen\" width=\"\" height=\"\" \/><\/div>\n<div style=\"padding-left: 5px;\">\n<div style=\"font-size: 1.1em;\">\n<p><strong>Wie werde ich bezahlt, wenn ich online in der Lotterie gewinne?<\/strong><\/p>\n<p style=\"font-size: 0.85em; margin-top: -1.5em;\">So erhalten Sie Ihr Geld, wenn Sie online im Lotto gewinnen\u00a0<a href=\"https:\/\/jackpotlotteryonline.com\/de\/wie-bekomme-ich-geld-wenn-ich-in-der-lotterie-online-gewinne\"> mehr lesen<\/a><\/p>\n<\/div>\n<\/div>\n<\/section>\n<h2>\u00dcberpr\u00fcfen Sie Ihre Euromillions-Gewinnzahlen noch heute<\/h2>\n<p>Wir haben hart daran gearbeitet, eine sichere Online-Umgebung f\u00fcr unsere Spieler zu schaffen. Wir bieten Ihnen alles, was Sie brauchen, um bequem Lotto zu spielen. Mit uns haben Sie Zugang zu den besten internationalen Lotterien und k\u00f6nnen an mehreren Ziehungen im Voraus teilnehmen. Dar\u00fcber hinaus k\u00f6nnen Sie die Ziehungen direkt hier \u00fcberpr\u00fcfen und Ihre Gewinne abheben.<\/p>\n","protected":false},"excerpt":{"rendered":"<p>Spieler, die Lottoscheine kaufen, machen sich oft Sorgen, dass sie ihren Lottogewinn verpassen. Das liegt daran, dass Menschen unvorsichtig werden und Lose verloren gehen; ohne Ihren Lottoschein k\u00f6nnen Sie Ihren Gewinn nicht beanspruchen. Wenn Sie jedoch online Lotto spielen, m\u00fcssen Sie sich keine Sorgen \u00fcber fehlende Scheine machen, da alles digital ist. Das \u00dcberpr\u00fcfen der [&hellip;]<\/p>\n","protected":false},"author":1,"featured_media":0,"parent":35828,"menu_order":3,"comment_status":"closed","ping_status":"closed","template":"euromillions-results.php","meta":{"_et_pb_use_builder":"","_et_pb_old_content":"","_et_gb_content_width":"","exclude_from_search":false,"footnotes":""},"class_list":["post-40588","page","type-page","status-publish","hentry"],"yoast_head":"<!-- This site is optimized with the Yoast SEO plugin v23.3 - https:\/\/yoast.com\/wordpress\/plugins\/seo\/ -->\n<title>Euromillions Gewinnzahlen und Ziehungsergebnisse<\/title>\n<meta name=\"description\" content=\"Ziehungsergebnisse f\u00fcr Euromillions - Gewinnzahlen f\u00fcr die letzte Ziehung, sowie ein Archiv der vergangenen Ergebnisse\" \/>\n<meta name=\"robots\" content=\"index, follow, max-snippet:-1, max-image-preview:large, max-video-preview:-1\" \/>\n<link rel=\"canonical\" href=\"https:\/\/jackpotlotteryonline.com\/de\/gewinn-zahlen\/euromillions\/\" \/>\n<meta property=\"og:locale\" content=\"de_DE\" \/>\n<meta property=\"og:type\" content=\"article\" \/>\n<meta property=\"og:title\" content=\"Euromillions Gewinnzahlen und Ziehungsergebnisse\" \/>\n<meta property=\"og:description\" content=\"Ziehungsergebnisse f\u00fcr Euromillions - Gewinnzahlen f\u00fcr die letzte Ziehung, sowie ein Archiv der vergangenen Ergebnisse\" \/>\n<meta property=\"og:url\" content=\"https:\/\/jackpotlotteryonline.com\/de\/gewinn-zahlen\/euromillions\/\" \/>\n<meta property=\"og:site_name\" content=\"Lotto Online - Crack The International Lottery Jackpots\" \/>\n<meta property=\"article:modified_time\" content=\"2022-12-27T08:08:54+00:00\" \/>\n<meta property=\"og:image\" content=\"http:\/\/jackpotlotteryonline.com\/wp-content\/uploads\/2022\/11\/euromillions.png\" \/>\n<meta name=\"twitter:card\" content=\"summary_large_image\" \/>\n<meta name=\"twitter:label1\" content=\"Gesch\u00e4tzte Lesezeit\" \/>\n\t<meta name=\"twitter:data1\" content=\"3\u00a0Minuten\" \/>\n<!-- \/ Yoast SEO plugin. -->","yoast_head_json":{"title":"Euromillions Gewinnzahlen und Ziehungsergebnisse","description":"Ziehungsergebnisse f\u00fcr Euromillions - Gewinnzahlen f\u00fcr die letzte Ziehung, sowie ein Archiv der vergangenen Ergebnisse","robots":{"index":"index","follow":"follow","max-snippet":"max-snippet:-1","max-image-preview":"max-image-preview:large","max-video-preview":"max-video-preview:-1"},"canonical":"https:\/\/jackpotlotteryonline.com\/de\/gewinn-zahlen\/euromillions\/","og_locale":"de_DE","og_type":"article","og_title":"Euromillions Gewinnzahlen und Ziehungsergebnisse","og_description":"Ziehungsergebnisse f\u00fcr Euromillions - Gewinnzahlen f\u00fcr die letzte Ziehung, sowie ein Archiv der vergangenen Ergebnisse","og_url":"https:\/\/jackpotlotteryonline.com\/de\/gewinn-zahlen\/euromillions\/","og_site_name":"Lotto Online - Crack The International Lottery Jackpots","article_modified_time":"2022-12-27T08:08:54+00:00","og_image":[{"url":"http:\/\/jackpotlotteryonline.com\/wp-content\/uploads\/2022\/11\/euromillions.png"}],"twitter_card":"summary_large_image","twitter_misc":{"Gesch\u00e4tzte Lesezeit":"3\u00a0Minuten"},"schema":{"@context":"https:\/\/schema.org","@graph":[{"@type":"WebPage","@id":"https:\/\/jackpotlotteryonline.com\/de\/gewinn-zahlen\/euromillions\/","url":"https:\/\/jackpotlotteryonline.com\/de\/gewinn-zahlen\/euromillions\/","name":"Euromillions Gewinnzahlen und Ziehungsergebnisse","isPartOf":{"@id":"https:\/\/jackpotlotteryonline.com\/#website"},"primaryImageOfPage":{"@id":"https:\/\/jackpotlotteryonline.com\/de\/gewinn-zahlen\/euromillions\/#primaryimage"},"image":{"@id":"https:\/\/jackpotlotteryonline.com\/de\/gewinn-zahlen\/euromillions\/#primaryimage"},"thumbnailUrl":"http:\/\/jackpotlotteryonline.com\/wp-content\/uploads\/2022\/11\/euromillions.png","datePublished":"2022-12-05T12:55:51+00:00","dateModified":"2022-12-27T08:08:54+00:00","description":"Ziehungsergebnisse f\u00fcr Euromillions - Gewinnzahlen f\u00fcr die letzte Ziehung, sowie ein Archiv der vergangenen Ergebnisse","breadcrumb":{"@id":"https:\/\/jackpotlotteryonline.com\/de\/gewinn-zahlen\/euromillions\/#breadcrumb"},"inLanguage":"de","potentialAction":[{"@type":"ReadAction","target":["https:\/\/jackpotlotteryonline.com\/de\/gewinn-zahlen\/euromillions\/"]}]},{"@type":"ImageObject","inLanguage":"de","@id":"https:\/\/jackpotlotteryonline.com\/de\/gewinn-zahlen\/euromillions\/#primaryimage","url":"http:\/\/jackpotlotteryonline.com\/wp-content\/uploads\/2022\/11\/euromillions.png","contentUrl":"http:\/\/jackpotlotteryonline.com\/wp-content\/uploads\/2022\/11\/euromillions.png"},{"@type":"BreadcrumbList","@id":"https:\/\/jackpotlotteryonline.com\/de\/gewinn-zahlen\/euromillions\/#breadcrumb","itemListElement":[{"@type":"ListItem","position":1,"name":"Home","item":"https:\/\/jackpotlotteryonline.com\/de\/"},{"@type":"ListItem","position":2,"name":"Lotterieergebnisse","item":"https:\/\/jackpotlotteryonline.com\/de\/gewinn-zahlen\/"},{"@type":"ListItem","position":3,"name":"Euromillions-Ziehungsergebnisse"}]},{"@type":"WebSite","@id":"https:\/\/jackpotlotteryonline.com\/#website","url":"https:\/\/jackpotlotteryonline.com\/","name":"Lotto Online - Crack The International Lottery Jackpots","description":"","potentialAction":[{"@type":"SearchAction","target":{"@type":"EntryPoint","urlTemplate":"https:\/\/jackpotlotteryonline.com\/?s={search_term_string}"},"query-input":"required name=search_term_string"}],"inLanguage":"de"}]}},"_links":{"self":[{"href":"https:\/\/jackpotlotteryonline.com\/de\/wp-json\/wp\/v2\/pages\/40588","targetHints":{"allow":["GET"]}}],"collection":[{"href":"https:\/\/jackpotlotteryonline.com\/de\/wp-json\/wp\/v2\/pages"}],"about":[{"href":"https:\/\/jackpotlotteryonline.com\/de\/wp-json\/wp\/v2\/types\/page"}],"author":[{"embeddable":true,"href":"https:\/\/jackpotlotteryonline.com\/de\/wp-json\/wp\/v2\/users\/1"}],"replies":[{"embeddable":true,"href":"https:\/\/jackpotlotteryonline.com\/de\/wp-json\/wp\/v2\/comments?post=40588"}],"version-history":[{"count":0,"href":"https:\/\/jackpotlotteryonline.com\/de\/wp-json\/wp\/v2\/pages\/40588\/revisions"}],"up":[{"embeddable":true,"href":"https:\/\/jackpotlotteryonline.com\/de\/wp-json\/wp\/v2\/pages\/35828"}],"wp:attachment":[{"href":"https:\/\/jackpotlotteryonline.com\/de\/wp-json\/wp\/v2\/media?parent=40588"}],"curies":[{"name":"wp","href":"https:\/\/api.w.org\/{rel}","templated":true}]}}