{"id":40643,"date":"2022-12-06T06:44:34","date_gmt":"2022-12-06T06:44:34","guid":{"rendered":"https:\/\/jackpotlotteryonline.com\/?page_id=40643"},"modified":"2022-12-28T08:11:19","modified_gmt":"2022-12-28T08:11:19","slug":"eurojackpot","status":"publish","type":"page","link":"https:\/\/jackpotlotteryonline.com\/de\/gewinn-zahlen\/eurojackpot\/","title":{"rendered":"Eurojackpot-Ziehungsergebnisse"},"content":{"rendered":"<p>Wie kann man die Gewinnzahlen der Eurojackpot-Lotterie \u00fcberpr\u00fcfen? Die Eurojackpot-Lotterie ist eine der beliebtesten Lotterien in Europa, und die Spieler sind \u00fcberall auf der Suche nach einer Chance auf einen gro\u00dfen Gewinn. Wenn Sie au\u00dferhalb Europas leben, k\u00f6nnen Sie auch Lose f\u00fcr die Lotterie kaufen und die Ziehungsergebnisse online \u00fcberpr\u00fcfen.<\/p>\n<p>Wenn Sie jackpotlotteryonline.com besuchen, erhalten Sie Zugang zu den besten internationalen Lotterien weltweit. Wir bieten eine einfache und bequeme M\u00f6glichkeit, Lotto zu spielen und die Ziehungen an einem Ort zu \u00fcberpr\u00fcfen.<\/p>\n<h2>Was ist die Gewinnkombination?<\/h2>\n<p><img loading=\"lazy\" decoding=\"async\" class=\"size-full wp-image-28751 alignright\" src=\"http:\/\/jackpotlotteryonline.com\/wp-content\/uploads\/2022\/11\/1_online_ticket_eurojackpot.jpg\" alt=\"Eurojackpot Gewinnkombinationen\" width=\"300\" height=\"210\" \/>Die meisten Menschen <a href=\"https:\/\/jackpotlotteryonline.com\/de\/wie-man-spielt\/eurojackpot\">spielen Lotterie,<\/a> um die Chance auf einen gro\u00dfen Gewinn zu haben, und die Spieler lieben Eurojackpot aus mehreren Gr\u00fcnden besonders. Einer von ihnen ist die hohe Gewinnchance. Diese Lotterie hat seit ihrer Einf\u00fchrung eine Menge Million\u00e4re hervorgebracht.<\/p>\n<p>Grunds\u00e4tzlich gewinnt das Los, das mit den gezogenen Zahlen \u00fcbereinstimmt. Wenn Sie online spielen, m\u00fcssen Sie 5 Ziffern zwischen 1 und 50 und 2 weitere zwischen 1 und 12 w\u00e4hlen. Wer mit den sieben gezogenen Ziffern \u00fcbereinstimmt, gewinnt den Jackpot.<\/p>\n<p>Bei der Auswahl Ihrer Zahlen k\u00f6nnen Sie entweder die Zahlen w\u00e4hlen, die Ihnen besonders wichtig sind, oder zuf\u00e4llige Zahlen. Einige Spieler ziehen es vor, unseren automatischen Generator f\u00fcr die zuf\u00e4llige Auswahl zu verwenden. Wichtig ist, dass Sie sich Ihr Ticket vor der Ziehung besorgen.<\/p>\n<h2>Wie man die Ziehungsergebnisse \u00fcberpr\u00fcft<\/h2>\n<p>Diese europ\u00e4ische Lotterie hat zwei Ziehungstage, am Dienstag und Freitag jeder Woche. Die Ziehungsergebnisse werden oft in einer Live-Show bekannt gegeben. Allerdings kann das Warten auf die Live-Ziehungen ein wenig unangenehm werden. Vor allem, wenn es mit einer wichtigen Veranstaltung oder mit Ihrem Job kollidiert. Deshalb ist das Lottospielen mit uns eine fantastische Option.<\/p>\n<p>Wenn Sie bei uns spielen, brauchen Sie sich nur noch \u00fcber die Ziehungsergebnisse zu informieren. Denn wir ver\u00f6ffentlichen die Ziehungsergebnisse direkt hier auf unserer Website.<\/p>\n<p>Wenn Sie einen Preis gewinnen, werden Sie per E-Mail benachrichtigt, sobald Sie gewonnen haben. Und sobald Sie sich in Ihr Konto auf unserer Plattform einloggen, erhalten Sie eine Benachrichtigung. Das Lottospielen ist noch einfacher und bequemer, wenn Sie Ihre Lottoscheine bei uns kaufen.<\/p>\n<h2>Was zu tun ist, wenn Sie gewinnen<\/h2>\n<p>Wir freuen uns, wenn unsere Kunden in der Lotterie gewinnen, denn daf\u00fcr sind wir schlie\u00dflich da. Um Spielern auf der ganzen Welt den Zugang zu den besten internationalen Lotterien zu erm\u00f6glichen, und zwar bequem von ihrem Computer oder ihrem mobilen Ger\u00e4t aus.<\/p>\n<p>Wenn Sie also einen Preis gewinnen, werden wir Sie nicht nur benachrichtigen, sondern Sie k\u00f6nnen Ihren Gewinn ganz einfach von unserer Plattform abheben. Das ist richtig. Sie m\u00fcssen nirgendwo hingehen, um an Ihren Lottogewinn zu kommen, sondern k\u00f6nnen ihn direkt auf Ihr Konto abheben.<\/p>\n<p>Wir sollten jedoch erw\u00e4hnen, dass Sie ab einer bestimmten Gewinnsumme m\u00f6glicherweise ein Antragsformular ausf\u00fcllen m\u00fcssen. Dies soll Ihnen helfen, Ihren Gewinn von der Lotteriegesellschaft zu erhalten. Aber wir sind hier, um Ihnen zu helfen und den Prozess so einfach und unkompliziert wie m\u00f6glich zu gestalten.<\/p>\n<section class=\"layout\" style=\"border: solid 1px; width: 100%;\">\n<div class=\"img-div\" style=\"margin-top: 5px;\"><img decoding=\"async\" class=\"wp-image-17212 alignleft\" style=\"height: 45px; margin: 8px 8px 0px;\" src=\"http:\/\/jackpotlotteryonline.com\/wp-content\/uploads\/2022\/11\/read1.jpg\" alt=\"lesen\" width=\"\" height=\"\" \/><\/div>\n<div style=\"padding-left: 5px;\">\n<div style=\"font-size: 1.1em;\">\n<p><strong>Wie werde ich bezahlt, wenn ich online in der Lotterie gewinne?<\/strong><\/p>\n<p style=\"font-size: 0.85em; margin-top: -1.5em;\">So erhalten Sie Ihr Geld, wenn Sie online im Lotto gewinnen\u00a0<a href=\"https:\/\/jackpotlotteryonline.com\/de\/wie-bekomme-ich-geld-wenn-ich-in-der-lotterie-online-gewinne\"> mehr lesen<\/a><\/p>\n<\/div>\n<\/div>\n<\/section>\n<h2>\u00dcberpr\u00fcfen Sie Ihre Eurojackpot-Gewinnzahlen hier<\/h2>\n<p><a href=\"https:\/\/jackpotlotteryonline.com\/de\/spielscheine-kaufen\/eurojackpot\">Kaufen Sie Ihre Lottoscheine<\/a>, nehmen Sie an den Ziehungen teil und \u00fcberpr\u00fcfen Sie die Ziehungsergebnisse &#8211; alles von einer einzigen Website aus. Besuchen Sie noch heute jackpotlotteryonline.com.<\/p>\n","protected":false},"excerpt":{"rendered":"<p>Wie kann man die Gewinnzahlen der Eurojackpot-Lotterie \u00fcberpr\u00fcfen? Die Eurojackpot-Lotterie ist eine der beliebtesten Lotterien in Europa, und die Spieler sind \u00fcberall auf der Suche nach einer Chance auf einen gro\u00dfen Gewinn. Wenn Sie au\u00dferhalb Europas leben, k\u00f6nnen Sie auch Lose f\u00fcr die Lotterie kaufen und die Ziehungsergebnisse online \u00fcberpr\u00fcfen. Wenn Sie jackpotlotteryonline.com besuchen, erhalten [&hellip;]<\/p>\n","protected":false},"author":1,"featured_media":0,"parent":35828,"menu_order":4,"comment_status":"closed","ping_status":"closed","template":"eurojackpot-results.php","meta":{"_et_pb_use_builder":"","_et_pb_old_content":"","_et_gb_content_width":"","exclude_from_search":false,"footnotes":""},"class_list":["post-40643","page","type-page","status-publish","hentry"],"yoast_head":"<!-- This site is optimized with the Yoast SEO plugin v23.3 - https:\/\/yoast.com\/wordpress\/plugins\/seo\/ -->\n<title>Eurojackpot Gewinnzahlen und Ziehungsergebnisse<\/title>\n<meta name=\"description\" content=\"Wollen Sie die Gewinnzahlen f\u00fcr den Eurojackpot wissen? Hier finden Sie alle Ziehungsergebnisse f\u00fcr Eurojackpot und viele andere Lotterien!\" \/>\n<meta name=\"robots\" content=\"index, follow, max-snippet:-1, max-image-preview:large, max-video-preview:-1\" \/>\n<link rel=\"canonical\" href=\"https:\/\/jackpotlotteryonline.com\/de\/gewinn-zahlen\/eurojackpot\/\" \/>\n<meta property=\"og:locale\" content=\"de_DE\" \/>\n<meta property=\"og:type\" content=\"article\" \/>\n<meta property=\"og:title\" content=\"Eurojackpot Gewinnzahlen und Ziehungsergebnisse\" \/>\n<meta property=\"og:description\" content=\"Wollen Sie die Gewinnzahlen f\u00fcr den Eurojackpot wissen? Hier finden Sie alle Ziehungsergebnisse f\u00fcr Eurojackpot und viele andere Lotterien!\" \/>\n<meta property=\"og:url\" content=\"https:\/\/jackpotlotteryonline.com\/de\/gewinn-zahlen\/eurojackpot\/\" \/>\n<meta property=\"og:site_name\" content=\"Lotto Online - Crack The International Lottery Jackpots\" \/>\n<meta property=\"article:modified_time\" content=\"2022-12-28T08:11:19+00:00\" \/>\n<meta property=\"og:image\" content=\"http:\/\/jackpotlotteryonline.com\/wp-content\/uploads\/2022\/11\/1_online_ticket_eurojackpot.jpg\" \/>\n<meta name=\"twitter:card\" content=\"summary_large_image\" \/>\n<meta name=\"twitter:label1\" content=\"Gesch\u00e4tzte Lesezeit\" \/>\n\t<meta name=\"twitter:data1\" content=\"3\u00a0Minuten\" \/>\n<!-- \/ Yoast SEO plugin. -->","yoast_head_json":{"title":"Eurojackpot Gewinnzahlen und Ziehungsergebnisse","description":"Wollen Sie die Gewinnzahlen f\u00fcr den Eurojackpot wissen? Hier finden Sie alle Ziehungsergebnisse f\u00fcr Eurojackpot und viele andere Lotterien!","robots":{"index":"index","follow":"follow","max-snippet":"max-snippet:-1","max-image-preview":"max-image-preview:large","max-video-preview":"max-video-preview:-1"},"canonical":"https:\/\/jackpotlotteryonline.com\/de\/gewinn-zahlen\/eurojackpot\/","og_locale":"de_DE","og_type":"article","og_title":"Eurojackpot Gewinnzahlen und Ziehungsergebnisse","og_description":"Wollen Sie die Gewinnzahlen f\u00fcr den Eurojackpot wissen? Hier finden Sie alle Ziehungsergebnisse f\u00fcr Eurojackpot und viele andere Lotterien!","og_url":"https:\/\/jackpotlotteryonline.com\/de\/gewinn-zahlen\/eurojackpot\/","og_site_name":"Lotto Online - Crack The International Lottery Jackpots","article_modified_time":"2022-12-28T08:11:19+00:00","og_image":[{"url":"http:\/\/jackpotlotteryonline.com\/wp-content\/uploads\/2022\/11\/1_online_ticket_eurojackpot.jpg"}],"twitter_card":"summary_large_image","twitter_misc":{"Gesch\u00e4tzte Lesezeit":"3\u00a0Minuten"},"schema":{"@context":"https:\/\/schema.org","@graph":[{"@type":"WebPage","@id":"https:\/\/jackpotlotteryonline.com\/de\/gewinn-zahlen\/eurojackpot\/","url":"https:\/\/jackpotlotteryonline.com\/de\/gewinn-zahlen\/eurojackpot\/","name":"Eurojackpot Gewinnzahlen und Ziehungsergebnisse","isPartOf":{"@id":"https:\/\/jackpotlotteryonline.com\/#website"},"primaryImageOfPage":{"@id":"https:\/\/jackpotlotteryonline.com\/de\/gewinn-zahlen\/eurojackpot\/#primaryimage"},"image":{"@id":"https:\/\/jackpotlotteryonline.com\/de\/gewinn-zahlen\/eurojackpot\/#primaryimage"},"thumbnailUrl":"http:\/\/jackpotlotteryonline.com\/wp-content\/uploads\/2022\/11\/1_online_ticket_eurojackpot.jpg","datePublished":"2022-12-06T06:44:34+00:00","dateModified":"2022-12-28T08:11:19+00:00","description":"Wollen Sie die Gewinnzahlen f\u00fcr den Eurojackpot wissen? Hier finden Sie alle Ziehungsergebnisse f\u00fcr Eurojackpot und viele andere Lotterien!","breadcrumb":{"@id":"https:\/\/jackpotlotteryonline.com\/de\/gewinn-zahlen\/eurojackpot\/#breadcrumb"},"inLanguage":"de","potentialAction":[{"@type":"ReadAction","target":["https:\/\/jackpotlotteryonline.com\/de\/gewinn-zahlen\/eurojackpot\/"]}]},{"@type":"ImageObject","inLanguage":"de","@id":"https:\/\/jackpotlotteryonline.com\/de\/gewinn-zahlen\/eurojackpot\/#primaryimage","url":"http:\/\/jackpotlotteryonline.com\/wp-content\/uploads\/2022\/11\/1_online_ticket_eurojackpot.jpg","contentUrl":"http:\/\/jackpotlotteryonline.com\/wp-content\/uploads\/2022\/11\/1_online_ticket_eurojackpot.jpg"},{"@type":"BreadcrumbList","@id":"https:\/\/jackpotlotteryonline.com\/de\/gewinn-zahlen\/eurojackpot\/#breadcrumb","itemListElement":[{"@type":"ListItem","position":1,"name":"Home","item":"https:\/\/jackpotlotteryonline.com\/de\/"},{"@type":"ListItem","position":2,"name":"Lotterieergebnisse","item":"https:\/\/jackpotlotteryonline.com\/de\/gewinn-zahlen\/"},{"@type":"ListItem","position":3,"name":"Eurojackpot-Ziehungsergebnisse"}]},{"@type":"WebSite","@id":"https:\/\/jackpotlotteryonline.com\/#website","url":"https:\/\/jackpotlotteryonline.com\/","name":"Lotto Online - Crack The International Lottery Jackpots","description":"","potentialAction":[{"@type":"SearchAction","target":{"@type":"EntryPoint","urlTemplate":"https:\/\/jackpotlotteryonline.com\/?s={search_term_string}"},"query-input":"required name=search_term_string"}],"inLanguage":"de"}]}},"_links":{"self":[{"href":"https:\/\/jackpotlotteryonline.com\/de\/wp-json\/wp\/v2\/pages\/40643","targetHints":{"allow":["GET"]}}],"collection":[{"href":"https:\/\/jackpotlotteryonline.com\/de\/wp-json\/wp\/v2\/pages"}],"about":[{"href":"https:\/\/jackpotlotteryonline.com\/de\/wp-json\/wp\/v2\/types\/page"}],"author":[{"embeddable":true,"href":"https:\/\/jackpotlotteryonline.com\/de\/wp-json\/wp\/v2\/users\/1"}],"replies":[{"embeddable":true,"href":"https:\/\/jackpotlotteryonline.com\/de\/wp-json\/wp\/v2\/comments?post=40643"}],"version-history":[{"count":0,"href":"https:\/\/jackpotlotteryonline.com\/de\/wp-json\/wp\/v2\/pages\/40643\/revisions"}],"up":[{"embeddable":true,"href":"https:\/\/jackpotlotteryonline.com\/de\/wp-json\/wp\/v2\/pages\/35828"}],"wp:attachment":[{"href":"https:\/\/jackpotlotteryonline.com\/de\/wp-json\/wp\/v2\/media?parent=40643"}],"curies":[{"name":"wp","href":"https:\/\/api.w.org\/{rel}","templated":true}]}}