{"id":40712,"date":"2022-12-06T08:24:58","date_gmt":"2022-12-06T08:24:58","guid":{"rendered":"https:\/\/jackpotlotteryonline.com\/?page_id=40712"},"modified":"2022-12-27T09:47:55","modified_gmt":"2022-12-27T09:47:55","slug":"superenalotto","status":"publish","type":"page","link":"https:\/\/jackpotlotteryonline.com\/de\/gewinn-zahlen\/superenalotto\/","title":{"rendered":"Superenalotto Ziehungsergebnisse"},"content":{"rendered":"<p>Superenalotto ist die nationale Lotterie Italiens und ist eine beliebte Lotterie unter den Spielern im Land. Wenn Sie von au\u00dferhalb Italiens spielen, ist es eine gute Idee, herauszufinden, wie Sie die Gewinnzahlen \u00fcberpr\u00fcfen k\u00f6nnen. Lesen Sie weiter, um mehr dar\u00fcber zu erfahren.<\/p>\n<h2>Schritte, um Superenalotto online zu spielen<\/h2>\n<p><a href=\"https:\/\/jackpotlotteryonline.com\/de\/wie-man-spielt\/superenalotto\">Superenalotto online zu spielen<\/a> ist wie offline zu spielen, nur bequemer und einfacher. Sobald Sie auf die Superenalotto-Seite auf jackpotlotteryoneline.com gehen, k\u00f6nnen Sie 6 Zahlen von 1 bis 90 ausw\u00e4hlen. Als N\u00e4chstes w\u00e4hlen Sie die Anzahl der Ziehungen, an denen Sie teilnehmen m\u00f6chten, und Sie k\u00f6nnen bis zu 5 Wochen im Voraus teilnehmen. Je mehr Ziehungen Sie mitmachen, desto h\u00f6her sind Ihre Gewinnchancen.<\/p>\n<p>Superenalotto veranstaltet drei w\u00f6chentliche Ziehungen, dienstags, donnerstags und samstags. Sie k\u00f6nnen also entweder an einer oder an allen teilnehmen. Sie k\u00f6nnen eine SuperStar-Nummer w\u00e4hlen, um Ihre Gewinnchancen zu erh\u00f6hen. Au\u00dferdem gibt es die &#8220;Jolly Number&#8221;, die von 1 bis 90 reicht und zur Ermittlung des Gewinners der zweiten Stufe verwendet wird.<\/p>\n<h2>Wie Sie Ihre Gewinnzahlen \u00fcberpr\u00fcfen k\u00f6nnen<\/h2>\n<p><img loading=\"lazy\" decoding=\"async\" class=\"alignright size-full wp-image-31316\" src=\"http:\/\/jackpotlotteryonline.com\/wp-content\/uploads\/2022\/11\/logo_superenalotto.png\" alt=\"Superenalotto Ziehungsergebnisse\" width=\"200\" height=\"212\" \/>Wenn Sie Superenalotto spielen, gibt es verschiedene M\u00f6glichkeiten, die Gewinnzahlen zu \u00fcberpr\u00fcfen. Sie k\u00f6nnen die Ziehungen zwar live im Fernsehen verfolgen, aber das ist nur m\u00f6glich, wenn Sie in Italien leben und Italienisch sprechen. Gl\u00fccklicherweise k\u00f6nnen Sie die Gewinnzahlen nach der Ziehung auch online \u00fcberpr\u00fcfen. Die meisten Nachrichtenseiten ver\u00f6ffentlichen die Ziehungsergebnisse.<\/p>\n<p>Allerdings gibt es dabei ein paar Probleme. Zun\u00e4chst einmal kann man leicht vergessen, die Ziehungsergebnisse zu \u00fcberpr\u00fcfen. Es gibt Geschichten \u00fcber Jackpotgewinne, die nicht abgeholt wurden, weil die Gewinner wahrscheinlich vergessen haben, ihre Lose zu \u00fcberpr\u00fcfen. Au\u00dferdem werden auf vielen Websites nur die Gewinnzahlen f\u00fcr die erste Stufe ver\u00f6ffentlicht. Die meisten Lotterien haben mehrere Gewinnstufen.<\/p>\n<p>Wenn Sie bei uns Superenalotto spielen, m\u00fcssen Sie sich keine Sorgen machen, dass Sie einen Preis verpassen. Wir informieren Sie nicht nur, sobald Sie einen Preis gewonnen haben, sondern Sie erhalten auch eine Benachrichtigung, sobald Sie sich einloggen. Au\u00dferdem ver\u00f6ffentlichen wir die Lotterieergebnisse sofort nach den Ziehungen direkt hier auf unserer Website. Schauen Sie also nach den Ziehungen wieder vorbei, um zu sehen, ob Sie die Gewinnzahlen f\u00fcr Superenalotto haben.<\/p>\n<h2>Superenalotto Gewinnstufen<\/h2>\n<p>Wir haben bereits erw\u00e4hnt, dass die Superenalotto-Lotterie einen Jackpot von 2 Millionen Euro hat. Aber wussten Sie, dass es keine Obergrenze f\u00fcr die H\u00f6he des Jackpots gibt? Das hei\u00dft, wenn es nach einer Ziehung keinen Gewinner gibt, rollt der Preis so lange weiter, bis es einen Gewinner gibt. Im Jahr 2019 wurde der Jackpot so oft geknackt, dass er die Rekordsumme von 209,1 Millionen Euro erreicht hat.<\/p>\n<p>Neben dem Jackpot, dem Preis f\u00fcr die erste Stufe, gibt es weitere Preise, die ein Spieler gewinnen kann. Die Preise werden durch den Preispool bestimmt, es gibt also keinen festen Betrag. Wir geben jedoch den durchschnittlichen Betrag pro Ziehung an.<\/p>\n<p>Spiel 6 &#8211; \u20ac92.056.091,66<\/p>\n<p>Spiel 5 + Jolly-Zahl &#8211; 594.951,95<\/p>\n<p>Spiel 5 &#8211; 49.736,38<\/p>\n<p>Spiel 4 Zahlen &#8211; 354,83<\/p>\n<p>3 Richtige Zahlen &#8211; 27,15<\/p>\n<p>2 Richtige Zahlen &#8211; 5,48<\/p>\n<section class=\"layout\" style=\"border: solid 1px; width: 100%;\">\n<div class=\"img-div\" style=\"margin-top: 5px;\"><img decoding=\"async\" class=\"wp-image-17212 alignleft\" style=\"height: 45px; margin: 8px 8px 0px;\" src=\"http:\/\/jackpotlotteryonline.com\/wp-content\/uploads\/2022\/11\/read1.jpg\" alt=\"lesen\" width=\"\" height=\"\" \/><\/div>\n<div style=\"padding-left: 5px;\">\n<div style=\"font-size: 1.1em;\">\n<p><strong>Die Lotterien, bei denen Sie die besten Gewinnchancen haben<\/strong><\/p>\n<p style=\"font-size: 0.85em; margin-top: -1.5em;\">Welche Lotterie hat die besten Gewinnchancen? <a href=\"https:\/\/jackpotlotteryonline.com\/de\/welche-lotterie-hat-die-besten-gewinnchancen\"> mehr lesen<\/a><\/p>\n<\/div>\n<\/div>\n<\/section>\n<h2>Beanspruchen Sie Ihre Superenalotto-Gewinne<\/h2>\n<p>Da Sie Superenalotto online spielen, fragen Sie sich nat\u00fcrlich, was passiert, wenn Sie einen Preis gewinnen. Hier erfahren Sie, wie Sie Ihre Superenalotto-Gewinne abholen k\u00f6nnen, auch wenn Sie au\u00dferhalb Italiens leben.<\/p>\n<p>Wenn Sie bei uns Superenalotto spielen, ist es ganz einfach, Ihre Gewinne einzufordern, indem Sie sich hier in Ihr Konto einloggen. Bei Gewinnen unter 2500 \u20ac k\u00f6nnen Sie sich den Betrag direkt von unserer Plattform auf Ihr Konto auszahlen lassen. Das ist wirklich einfach und problemlos, so dass Sie sich auf ein wunderbares Lotterieerlebnis konzentrieren k\u00f6nnen.<\/p>\n<p>Bei h\u00f6heren Betr\u00e4gen m\u00fcssen Sie m\u00f6glicherweise die Lotteriegesellschaft kontaktieren und ein Antragsformular ausf\u00fcllen. Aber wir werden Sie durch den Prozess leiten.<a href=\"https:\/\/jackpotlotteryonline.com\/de\/spielscheine-kaufen\/superenalotto\"> Kaufen Sie also noch heute Ihren Superenalotto-Schein<\/a> und w\u00e4hlen Sie Ihre Gewinnzahlen.<\/p>\n","protected":false},"excerpt":{"rendered":"<p>Superenalotto ist die nationale Lotterie Italiens und ist eine beliebte Lotterie unter den Spielern im Land. Wenn Sie von au\u00dferhalb Italiens spielen, ist es eine gute Idee, herauszufinden, wie Sie die Gewinnzahlen \u00fcberpr\u00fcfen k\u00f6nnen. Lesen Sie weiter, um mehr dar\u00fcber zu erfahren. Schritte, um Superenalotto online zu spielen Superenalotto online zu spielen ist wie offline [&hellip;]<\/p>\n","protected":false},"author":1,"featured_media":0,"parent":35828,"menu_order":5,"comment_status":"closed","ping_status":"closed","template":"superenalotto-results.php","meta":{"_et_pb_use_builder":"","_et_pb_old_content":"","_et_gb_content_width":"","exclude_from_search":false,"footnotes":""},"class_list":["post-40712","page","type-page","status-publish","hentry"],"yoast_head":"<!-- This site is optimized with the Yoast SEO plugin v23.3 - https:\/\/yoast.com\/wordpress\/plugins\/seo\/ -->\n<title>Superenalotto Gewinnzahlen und Ziehungsergebnisse<\/title>\n<meta name=\"description\" content=\"Holen Sie sich die Ziehungsergebnisse und Gewinnzahlen f\u00fcr Italiens Superenalotto, mit t\u00e4glichen Updates hier auf unserer Lotterie-Website\" \/>\n<meta name=\"robots\" content=\"index, follow, max-snippet:-1, max-image-preview:large, max-video-preview:-1\" \/>\n<link rel=\"canonical\" href=\"https:\/\/jackpotlotteryonline.com\/de\/gewinn-zahlen\/superenalotto\/\" \/>\n<meta property=\"og:locale\" content=\"de_DE\" \/>\n<meta property=\"og:type\" content=\"article\" \/>\n<meta property=\"og:title\" content=\"Superenalotto Gewinnzahlen und Ziehungsergebnisse\" \/>\n<meta property=\"og:description\" content=\"Holen Sie sich die Ziehungsergebnisse und Gewinnzahlen f\u00fcr Italiens Superenalotto, mit t\u00e4glichen Updates hier auf unserer Lotterie-Website\" \/>\n<meta property=\"og:url\" content=\"https:\/\/jackpotlotteryonline.com\/de\/gewinn-zahlen\/superenalotto\/\" \/>\n<meta property=\"og:site_name\" content=\"Lotto Online - Crack The International Lottery Jackpots\" \/>\n<meta property=\"article:modified_time\" content=\"2022-12-27T09:47:55+00:00\" \/>\n<meta property=\"og:image\" content=\"http:\/\/jackpotlotteryonline.com\/wp-content\/uploads\/2022\/11\/logo_superenalotto.png\" \/>\n<meta name=\"twitter:card\" content=\"summary_large_image\" \/>\n<meta name=\"twitter:label1\" content=\"Gesch\u00e4tzte Lesezeit\" \/>\n\t<meta name=\"twitter:data1\" content=\"3\u00a0Minuten\" \/>\n<!-- \/ Yoast SEO plugin. -->","yoast_head_json":{"title":"Superenalotto Gewinnzahlen und Ziehungsergebnisse","description":"Holen Sie sich die Ziehungsergebnisse und Gewinnzahlen f\u00fcr Italiens Superenalotto, mit t\u00e4glichen Updates hier auf unserer Lotterie-Website","robots":{"index":"index","follow":"follow","max-snippet":"max-snippet:-1","max-image-preview":"max-image-preview:large","max-video-preview":"max-video-preview:-1"},"canonical":"https:\/\/jackpotlotteryonline.com\/de\/gewinn-zahlen\/superenalotto\/","og_locale":"de_DE","og_type":"article","og_title":"Superenalotto Gewinnzahlen und Ziehungsergebnisse","og_description":"Holen Sie sich die Ziehungsergebnisse und Gewinnzahlen f\u00fcr Italiens Superenalotto, mit t\u00e4glichen Updates hier auf unserer Lotterie-Website","og_url":"https:\/\/jackpotlotteryonline.com\/de\/gewinn-zahlen\/superenalotto\/","og_site_name":"Lotto Online - Crack The International Lottery Jackpots","article_modified_time":"2022-12-27T09:47:55+00:00","og_image":[{"url":"http:\/\/jackpotlotteryonline.com\/wp-content\/uploads\/2022\/11\/logo_superenalotto.png"}],"twitter_card":"summary_large_image","twitter_misc":{"Gesch\u00e4tzte Lesezeit":"3\u00a0Minuten"},"schema":{"@context":"https:\/\/schema.org","@graph":[{"@type":"WebPage","@id":"https:\/\/jackpotlotteryonline.com\/de\/gewinn-zahlen\/superenalotto\/","url":"https:\/\/jackpotlotteryonline.com\/de\/gewinn-zahlen\/superenalotto\/","name":"Superenalotto Gewinnzahlen und Ziehungsergebnisse","isPartOf":{"@id":"https:\/\/jackpotlotteryonline.com\/#website"},"primaryImageOfPage":{"@id":"https:\/\/jackpotlotteryonline.com\/de\/gewinn-zahlen\/superenalotto\/#primaryimage"},"image":{"@id":"https:\/\/jackpotlotteryonline.com\/de\/gewinn-zahlen\/superenalotto\/#primaryimage"},"thumbnailUrl":"http:\/\/jackpotlotteryonline.com\/wp-content\/uploads\/2022\/11\/logo_superenalotto.png","datePublished":"2022-12-06T08:24:58+00:00","dateModified":"2022-12-27T09:47:55+00:00","description":"Holen Sie sich die Ziehungsergebnisse und Gewinnzahlen f\u00fcr Italiens Superenalotto, mit t\u00e4glichen Updates hier auf unserer Lotterie-Website","breadcrumb":{"@id":"https:\/\/jackpotlotteryonline.com\/de\/gewinn-zahlen\/superenalotto\/#breadcrumb"},"inLanguage":"de","potentialAction":[{"@type":"ReadAction","target":["https:\/\/jackpotlotteryonline.com\/de\/gewinn-zahlen\/superenalotto\/"]}]},{"@type":"ImageObject","inLanguage":"de","@id":"https:\/\/jackpotlotteryonline.com\/de\/gewinn-zahlen\/superenalotto\/#primaryimage","url":"http:\/\/jackpotlotteryonline.com\/wp-content\/uploads\/2022\/11\/logo_superenalotto.png","contentUrl":"http:\/\/jackpotlotteryonline.com\/wp-content\/uploads\/2022\/11\/logo_superenalotto.png"},{"@type":"BreadcrumbList","@id":"https:\/\/jackpotlotteryonline.com\/de\/gewinn-zahlen\/superenalotto\/#breadcrumb","itemListElement":[{"@type":"ListItem","position":1,"name":"Home","item":"https:\/\/jackpotlotteryonline.com\/de\/"},{"@type":"ListItem","position":2,"name":"Lotterieergebnisse","item":"https:\/\/jackpotlotteryonline.com\/de\/gewinn-zahlen\/"},{"@type":"ListItem","position":3,"name":"Superenalotto Ziehungsergebnisse"}]},{"@type":"WebSite","@id":"https:\/\/jackpotlotteryonline.com\/#website","url":"https:\/\/jackpotlotteryonline.com\/","name":"Lotto Online - Crack The International Lottery Jackpots","description":"","potentialAction":[{"@type":"SearchAction","target":{"@type":"EntryPoint","urlTemplate":"https:\/\/jackpotlotteryonline.com\/?s={search_term_string}"},"query-input":"required name=search_term_string"}],"inLanguage":"de"}]}},"_links":{"self":[{"href":"https:\/\/jackpotlotteryonline.com\/de\/wp-json\/wp\/v2\/pages\/40712","targetHints":{"allow":["GET"]}}],"collection":[{"href":"https:\/\/jackpotlotteryonline.com\/de\/wp-json\/wp\/v2\/pages"}],"about":[{"href":"https:\/\/jackpotlotteryonline.com\/de\/wp-json\/wp\/v2\/types\/page"}],"author":[{"embeddable":true,"href":"https:\/\/jackpotlotteryonline.com\/de\/wp-json\/wp\/v2\/users\/1"}],"replies":[{"embeddable":true,"href":"https:\/\/jackpotlotteryonline.com\/de\/wp-json\/wp\/v2\/comments?post=40712"}],"version-history":[{"count":0,"href":"https:\/\/jackpotlotteryonline.com\/de\/wp-json\/wp\/v2\/pages\/40712\/revisions"}],"up":[{"embeddable":true,"href":"https:\/\/jackpotlotteryonline.com\/de\/wp-json\/wp\/v2\/pages\/35828"}],"wp:attachment":[{"href":"https:\/\/jackpotlotteryonline.com\/de\/wp-json\/wp\/v2\/media?parent=40712"}],"curies":[{"name":"wp","href":"https:\/\/api.w.org\/{rel}","templated":true}]}}