{"id":40765,"date":"2022-12-06T10:00:26","date_gmt":"2022-12-06T10:00:26","guid":{"rendered":"https:\/\/jackpotlotteryonline.com\/?page_id=40765"},"modified":"2022-12-28T13:50:24","modified_gmt":"2022-12-28T13:50:24","slug":"la-primitiva","status":"publish","type":"page","link":"https:\/\/jackpotlotteryonline.com\/de\/gewinn-zahlen\/la-primitiva\/","title":{"rendered":"La Primitiva Ziehungsergebnisse"},"content":{"rendered":"<h2>Wie man die La Primitiva-Gewinnzahlen ausw\u00e4hlt<\/h2>\n<p>Wenn Sie La Primitiva spielen m\u00f6chten, m\u00fcssen Sie zun\u00e4chst 6 Zahlen aus einem Bereich von 1 bis 49 w\u00e4hlen. Zus\u00e4tzlich m\u00fcssen Sie 1 Zahl von 0-9 w\u00e4hlen. Diese zus\u00e4tzliche Zahl wird als Reintegro-Zahl bezeichnet. Es gibt auch die Complemantario-Zahl, mit der einige der Gewinnstufen bestimmt werden.<\/p>\n<p>Es gibt verschiedene Methoden, mit denen die Spieler ihre La Primitiva-Zahlen ausw\u00e4hlen. Einige ziehen es vor, Zahlen zu w\u00e4hlen, die f\u00fcr sie eine besondere Bedeutung haben. Zum Beispiel ihre Geburtstage oder Jahrestage. Andere w\u00e4hlen einfach zuf\u00e4llige Zahlen und hoffen, dass das Gl\u00fcck auf ihrer Seite ist. Da La Primitiva, wie jede Lotterie, ein Gl\u00fccksspiel ist, kann man es ihnen nicht verdenken.<\/p>\n<section class=\"layout\" style=\"border: solid 1px; width: 100%;\">\n<div class=\"img-div\" style=\"margin-top: 5px;\"><img decoding=\"async\" class=\"wp-image-17212 alignleft\" style=\"height: 45px; margin: 8px 8px 0px;\" src=\"http:\/\/jackpotlotteryonline.com\/wp-content\/uploads\/2022\/11\/read1.jpg\" alt=\"lesen\" width=\"\" height=\"\" \/><\/div>\n<div style=\"padding-left: 5px;\">\n<div style=\"font-size: 1.1em;\">\n<p><strong>Lotterie-Tipps<\/strong><\/p>\n<p style=\"font-size: 0.85em; margin-top: -1.5em;\">Tipps, die Ihnen helfen, beim Lotto zu gewinnen <a href=\"https:\/\/jackpotlotteryonline.com\/de\/tipps-die-ihnen-helfen-im-lotto-zu-gewinnen\">mehr lesen<\/a><\/p>\n<\/div>\n<\/div>\n<\/section>\n<h2>Gewinnen bei La Primitiva<\/h2>\n<p>La Primitiva f\u00fchrt drei Ziehungen pro Woche durch, am Montag, Donnerstag und Samstag. Sobald Sie Ihre Zahlen ausgew\u00e4hlt haben, m\u00fcssen Sie an den Ziehungen Ihrer Wahl teilnehmen. Nach den Ziehungen gewinnt derjenige Schein, der mit den gezogenen Ergebnissen \u00fcbereinstimmt, die Lotterie.<\/p>\n<p>Ob Sie mit einem Gewinn nach Hause gehen, h\u00e4ngt also stark von den Zahlen ab, die Sie gew\u00e4hlt haben.<\/p>\n<p>Um den La Primitiva-Jackpot zu gewinnen, muss ein Spieler alle 7 Zahlen (die 6 Hauptzahlen und die Reintegro-Zahl) tippen. Die H\u00f6he des Jackpots beginnt bei 5 Millionen \u20ac. Gibt es mehr als einen Gewinner, wird der Betrag unter den Gewinnern aufgeteilt. Hier sind die Preise, die die Spieler gewinnen k\u00f6nnen.<br \/>\n<img loading=\"lazy\" decoding=\"async\" class=\"alignright size-full wp-image-27671\" src=\"http:\/\/jackpotlotteryonline.com\/wp-content\/uploads\/2022\/11\/1_lottery_online_winner3.jpg\" alt=\"La Primitiva gewinnen\" width=\"300\" height=\"300\" srcset=\"https:\/\/jackpotlotteryonline.com\/wp-content\/uploads\/2022\/11\/1_lottery_online_winner3.jpg 300w, https:\/\/jackpotlotteryonline.com\/wp-content\/uploads\/2022\/11\/1_lottery_online_winner3-100x100.jpg 100w, https:\/\/jackpotlotteryonline.com\/wp-content\/uploads\/2022\/11\/1_lottery_online_winner3-150x150.jpg 150w\" sizes=\"auto, (max-width: 300px) 100vw, 300px\" \/><\/p>\n<p>Jackpot &#8211; Spiel 6 + Reintegro<\/p>\n<p>Abteilung 1 &#8211; nur Spiel 6<\/p>\n<p>Abteilung 2 &#8211; Spiel 5 + Gratisnummer<\/p>\n<p>Abteilung 3 &#8211; nur Spiel 5<\/p>\n<p>Abteilung 4 &#8211; nur Spiel 4<\/p>\n<p>Division 5 &#8211; nur Spiel 3<\/p>\n<p>Reintegro &#8211; Nur mit der Reintegro-Nummer \u00fcbereinstimmen<\/p>\n<h2>Spielen Sie La Primitiva online mit jackpotlotteryonline.com<\/h2>\n<p>Wenn <a href=\"https:\/\/jackpotlotteryonline.com\/de\/wie-man-spielt\/la-primitiva-2\">Sie bei uns die Lotterie La Primitiva spielen<\/a>, erhalten Sie nicht nur Zugang zu La Primitiva, sondern auch zu den Ziehungsergebnissen. Das Online-Spielen er\u00f6ffnet sowohl erfahrenen Spielern als auch Neulingen eine Welt voller M\u00f6glichkeiten. Wir bieten Ihnen eine bequeme M\u00f6glichkeit, Ihre Lottoscheine zu kaufen, Ihre Ergebnisse zu \u00fcberpr\u00fcfen und Ihre Gewinne abzurufen. Aber dazu kommen wir gleich noch.<\/p>\n<p>Sie k\u00f6nnen <a href=\"https:\/\/jackpotlotteryonline.com\/de\/spielscheine-kaufen\/la-primitiva\">Ihren La Primitiva-Lottoschein ganz einfach kaufen<\/a>, indem Sie auf die Lottoseite gehen und Ihre Gewinnzahlen ausw\u00e4hlen. Wenn Sie sich nicht sicher sind, was Sie w\u00e4hlen sollen, k\u00f6nnen Sie unseren Auto-Generator verwenden, um zuf\u00e4llige Zahlen auszuw\u00e4hlen. Geben Sie dann die Ziehungen Ihrer Wahl ein, und wenn Sie noch nicht bei uns registriert sind, melden Sie sich f\u00fcr ein Konto an.<\/p>\n<p>Die Anmeldung ist ein wichtiger Schritt und Sie ben\u00f6tigen ein Konto aus folgenden Gr\u00fcnden:<\/p>\n<ul>\n<li>Um Ihr digitales Los zu speichern<\/li>\n<li>Um automatische Ziehungseintr\u00e4ge einzurichten<\/li>\n<li>Um Benachrichtigungen zu erhalten, wenn Sie Preise gewinnen<\/li>\n<\/ul>\n<h2>\u00dcberpr\u00fcfen Sie Ihre La Primitiva-Lotterieergebnisse<\/h2>\n<p>Es war noch nie so einfach, Ihre La Primitiva-Ergebnisse zu \u00fcberpr\u00fcfen, wenn Sie bei uns online spielen. Nach jeder Ziehung ver\u00f6ffentlichen wir die Ziehungsergebnisse direkt hier auf unserer Seite. Dar\u00fcber hinaus benachrichtigen wir Sie per E-Mail, sobald Sie einen Preis gewonnen haben. So verpassen Sie nie wieder die Abholung Ihres Gewinns.<\/p>\n<h2>Beanspruchen Sie Ihren Gewinn<\/h2>\n<p>Das Interessanteste am Online-Spielen bei La Primitiva ist vielleicht, dass Sie nicht nach Spanien reisen m\u00fcssen, um Ihre Gewinne einzufordern. Bei Gewinnen unter 2.500 \u20ac k\u00f6nnen Sie sich diese einfach von unserer Plattform auf Ihr Konto auszahlen lassen.<\/p>\n<p>Spielen Sie die Lotterie mit uns, um Ihre La Primitiva-Gewinnzahlen online zu \u00fcberpr\u00fcfen.<\/p>\n","protected":false},"excerpt":{"rendered":"<p>Wie man die La Primitiva-Gewinnzahlen ausw\u00e4hlt Wenn Sie La Primitiva spielen m\u00f6chten, m\u00fcssen Sie zun\u00e4chst 6 Zahlen aus einem Bereich von 1 bis 49 w\u00e4hlen. Zus\u00e4tzlich m\u00fcssen Sie 1 Zahl von 0-9 w\u00e4hlen. Diese zus\u00e4tzliche Zahl wird als Reintegro-Zahl bezeichnet. Es gibt auch die Complemantario-Zahl, mit der einige der Gewinnstufen bestimmt werden. Es gibt verschiedene [&hellip;]<\/p>\n","protected":false},"author":1,"featured_media":0,"parent":35828,"menu_order":7,"comment_status":"closed","ping_status":"closed","template":"la-primitiva-results.php","meta":{"_et_pb_use_builder":"","_et_pb_old_content":"","_et_gb_content_width":"","exclude_from_search":false,"footnotes":""},"class_list":["post-40765","page","type-page","status-publish","hentry"],"yoast_head":"<!-- This site is optimized with the Yoast SEO plugin v23.3 - https:\/\/yoast.com\/wordpress\/plugins\/seo\/ -->\n<title>La Primitiva Gewinnzahlen und Ziehungsergebnisse<\/title>\n<meta name=\"description\" content=\"Die spanische Lotterie La Primitiva - alle Ziehungsergebnisse und Gewinnzahlen, sowie ein Ergebnisarchiv, alles auf einer einzigen Website\" \/>\n<meta name=\"robots\" content=\"index, follow, max-snippet:-1, max-image-preview:large, max-video-preview:-1\" \/>\n<link rel=\"canonical\" href=\"https:\/\/jackpotlotteryonline.com\/de\/gewinn-zahlen\/la-primitiva\/\" \/>\n<meta property=\"og:locale\" content=\"de_DE\" \/>\n<meta property=\"og:type\" content=\"article\" \/>\n<meta property=\"og:title\" content=\"La Primitiva Gewinnzahlen und Ziehungsergebnisse\" \/>\n<meta property=\"og:description\" content=\"Die spanische Lotterie La Primitiva - alle Ziehungsergebnisse und Gewinnzahlen, sowie ein Ergebnisarchiv, alles auf einer einzigen Website\" \/>\n<meta property=\"og:url\" content=\"https:\/\/jackpotlotteryonline.com\/de\/gewinn-zahlen\/la-primitiva\/\" \/>\n<meta property=\"og:site_name\" content=\"Lotto Online - Crack The International Lottery Jackpots\" \/>\n<meta property=\"article:modified_time\" content=\"2022-12-28T13:50:24+00:00\" \/>\n<meta property=\"og:image\" content=\"http:\/\/jackpotlotteryonline.com\/wp-content\/uploads\/2022\/11\/read1.jpg\" \/>\n<meta name=\"twitter:card\" content=\"summary_large_image\" \/>\n<meta name=\"twitter:label1\" content=\"Gesch\u00e4tzte Lesezeit\" \/>\n\t<meta name=\"twitter:data1\" content=\"3\u00a0Minuten\" \/>\n<!-- \/ Yoast SEO plugin. -->","yoast_head_json":{"title":"La Primitiva Gewinnzahlen und Ziehungsergebnisse","description":"Die spanische Lotterie La Primitiva - alle Ziehungsergebnisse und Gewinnzahlen, sowie ein Ergebnisarchiv, alles auf einer einzigen Website","robots":{"index":"index","follow":"follow","max-snippet":"max-snippet:-1","max-image-preview":"max-image-preview:large","max-video-preview":"max-video-preview:-1"},"canonical":"https:\/\/jackpotlotteryonline.com\/de\/gewinn-zahlen\/la-primitiva\/","og_locale":"de_DE","og_type":"article","og_title":"La Primitiva Gewinnzahlen und Ziehungsergebnisse","og_description":"Die spanische Lotterie La Primitiva - alle Ziehungsergebnisse und Gewinnzahlen, sowie ein Ergebnisarchiv, alles auf einer einzigen Website","og_url":"https:\/\/jackpotlotteryonline.com\/de\/gewinn-zahlen\/la-primitiva\/","og_site_name":"Lotto Online - Crack The International Lottery Jackpots","article_modified_time":"2022-12-28T13:50:24+00:00","og_image":[{"url":"http:\/\/jackpotlotteryonline.com\/wp-content\/uploads\/2022\/11\/read1.jpg"}],"twitter_card":"summary_large_image","twitter_misc":{"Gesch\u00e4tzte Lesezeit":"3\u00a0Minuten"},"schema":{"@context":"https:\/\/schema.org","@graph":[{"@type":"WebPage","@id":"https:\/\/jackpotlotteryonline.com\/de\/gewinn-zahlen\/la-primitiva\/","url":"https:\/\/jackpotlotteryonline.com\/de\/gewinn-zahlen\/la-primitiva\/","name":"La Primitiva Gewinnzahlen und Ziehungsergebnisse","isPartOf":{"@id":"https:\/\/jackpotlotteryonline.com\/#website"},"primaryImageOfPage":{"@id":"https:\/\/jackpotlotteryonline.com\/de\/gewinn-zahlen\/la-primitiva\/#primaryimage"},"image":{"@id":"https:\/\/jackpotlotteryonline.com\/de\/gewinn-zahlen\/la-primitiva\/#primaryimage"},"thumbnailUrl":"http:\/\/jackpotlotteryonline.com\/wp-content\/uploads\/2022\/11\/read1.jpg","datePublished":"2022-12-06T10:00:26+00:00","dateModified":"2022-12-28T13:50:24+00:00","description":"Die spanische Lotterie La Primitiva - alle Ziehungsergebnisse und Gewinnzahlen, sowie ein Ergebnisarchiv, alles auf einer einzigen Website","breadcrumb":{"@id":"https:\/\/jackpotlotteryonline.com\/de\/gewinn-zahlen\/la-primitiva\/#breadcrumb"},"inLanguage":"de","potentialAction":[{"@type":"ReadAction","target":["https:\/\/jackpotlotteryonline.com\/de\/gewinn-zahlen\/la-primitiva\/"]}]},{"@type":"ImageObject","inLanguage":"de","@id":"https:\/\/jackpotlotteryonline.com\/de\/gewinn-zahlen\/la-primitiva\/#primaryimage","url":"http:\/\/jackpotlotteryonline.com\/wp-content\/uploads\/2022\/11\/read1.jpg","contentUrl":"http:\/\/jackpotlotteryonline.com\/wp-content\/uploads\/2022\/11\/read1.jpg"},{"@type":"BreadcrumbList","@id":"https:\/\/jackpotlotteryonline.com\/de\/gewinn-zahlen\/la-primitiva\/#breadcrumb","itemListElement":[{"@type":"ListItem","position":1,"name":"Home","item":"https:\/\/jackpotlotteryonline.com\/de\/"},{"@type":"ListItem","position":2,"name":"Lotterieergebnisse","item":"https:\/\/jackpotlotteryonline.com\/de\/gewinn-zahlen\/"},{"@type":"ListItem","position":3,"name":"La Primitiva Ziehungsergebnisse"}]},{"@type":"WebSite","@id":"https:\/\/jackpotlotteryonline.com\/#website","url":"https:\/\/jackpotlotteryonline.com\/","name":"Lotto Online - Crack The International Lottery Jackpots","description":"","potentialAction":[{"@type":"SearchAction","target":{"@type":"EntryPoint","urlTemplate":"https:\/\/jackpotlotteryonline.com\/?s={search_term_string}"},"query-input":"required name=search_term_string"}],"inLanguage":"de"}]}},"_links":{"self":[{"href":"https:\/\/jackpotlotteryonline.com\/de\/wp-json\/wp\/v2\/pages\/40765","targetHints":{"allow":["GET"]}}],"collection":[{"href":"https:\/\/jackpotlotteryonline.com\/de\/wp-json\/wp\/v2\/pages"}],"about":[{"href":"https:\/\/jackpotlotteryonline.com\/de\/wp-json\/wp\/v2\/types\/page"}],"author":[{"embeddable":true,"href":"https:\/\/jackpotlotteryonline.com\/de\/wp-json\/wp\/v2\/users\/1"}],"replies":[{"embeddable":true,"href":"https:\/\/jackpotlotteryonline.com\/de\/wp-json\/wp\/v2\/comments?post=40765"}],"version-history":[{"count":0,"href":"https:\/\/jackpotlotteryonline.com\/de\/wp-json\/wp\/v2\/pages\/40765\/revisions"}],"up":[{"embeddable":true,"href":"https:\/\/jackpotlotteryonline.com\/de\/wp-json\/wp\/v2\/pages\/35828"}],"wp:attachment":[{"href":"https:\/\/jackpotlotteryonline.com\/de\/wp-json\/wp\/v2\/media?parent=40765"}],"curies":[{"name":"wp","href":"https:\/\/api.w.org\/{rel}","templated":true}]}}