{"id":40817,"date":"2022-12-06T12:17:39","date_gmt":"2022-12-06T12:17:39","guid":{"rendered":"https:\/\/jackpotlotteryonline.com\/?page_id=40817"},"modified":"2022-12-28T10:53:26","modified_gmt":"2022-12-28T10:53:26","slug":"el-gordo-draw-results","status":"publish","type":"page","link":"https:\/\/jackpotlotteryonline.com\/de\/gewinn-zahlen\/el-gordo-draw-results\/","title":{"rendered":"Ergebnisse der Auslosung von El Gordo"},"content":{"rendered":"<p>Lotterie-Enthusiasten sind begeistert, wenn sie von El Gordo h\u00f6ren, und das nicht nur, weil es sich um eine der gr\u00f6\u00dften europ\u00e4ischen Lotterien handelt. El Gordo ist die Mutter aller Lotterien, und zwar aus dem einfachen Grund, dass die Ziehungen einmal im Jahr stattfinden. Es handelt sich um eine spanische Lotterie, die jedes Jahr eine besondere Weihnachtsziehung durchf\u00fchrt. Es handelt sich um ein spannendes und traditionsreiches Ereignis. Es bringt Familien, Nachbarschaften und ganze Gemeinden zusammen, um die Weihnachtszeit zu feiern. F\u00fcr die Spieler in Spanien ist die Weihnachtszeit die Zeit, um nach den El Gordo-Gewinnzahlen Ausschau zu halten.<\/p>\n<p>Typischerweise ist El Gordo eine Lotterie, die in Spanien stattfindet. Das hei\u00dft, wenn Sie nicht in diesem Land leben, haben Sie es schwer, El Gordo-Lose zu kaufen. Das hat sich ge\u00e4ndert, denn jetzt k\u00f6nnen Sie die Gewinnzahlen von El Gordo im Internet \u00fcberpr\u00fcfen.<\/p>\n<h2>El Gordo spielen<\/h2>\n<p><img loading=\"lazy\" decoding=\"async\" class=\"alignright size-full wp-image-17870\" src=\"http:\/\/jackpotlotteryonline.com\/wp-content\/uploads\/2022\/10\/lotto_euros.jpg\" alt=\"El Gordo spielen\" width=\"225\" height=\"134\" \/>El Gordo bedeutet &#8220;der Gro\u00dfe&#8221;, und es handelt sich um den gr\u00f6\u00dften Jackpot der Welt. Das Besondere an dieser Lotterie ist, dass der Jackpot jetzt von nur einer Person gewonnen wird. Das liegt daran, dass die Lose in so viele Bruchteile aufgeteilt sind. Das ist eigentlich der Teil des El Gordo-Spiels, der ein wenig verwirrend sein kann. Jedes El Gordo-Los ist in 10 Abschnitte unterteilt, und jeder dieser Abschnitte ist weiter unterteilt.<\/p>\n<p>Das billigste El Gordo-Ticket, das Sie kaufen k\u00f6nnen, ist 1\/100 eines ganzen Tickets.<\/p>\n<p>Wenn Sie mehr \u00fcber das <a href=\"https:\/\/jackpotlotteryonline.com\/de\/wie-man-spielt\/el-gordo\">Spiel El Gordo<\/a> erfahren m\u00f6chten, besuchen Sie jackpotlotteryonline.com und <a href=\"https:\/\/jackpotlotteryonline.com\/de\/spielscheine-kaufen\/el-gordo\">kaufen Sie Ihre Spielscheine<\/a> jetzt. El Gordo zu spielen macht viel Spa\u00df, besonders wenn Sie online spielen.<\/p>\n<h2>Online spielen<\/h2>\n<p>Wenn Sie bereit sind, an der El Gordo-Lotterie teilzunehmen, besuchen Sie unsere Website und w\u00e4hlen Sie Ihre Gewinnzahlen. Alles, was Sie tun m\u00fcssen, ist 6 von 1 bis 49 zu w\u00e4hlen. Nat\u00fcrlich k\u00f6nnen Sie dies auch von unserem automatischen Tipper erledigen lassen, wenn Sie nichts Bestimmtes spielen m\u00f6chten. Nehmen Sie dann an den Ziehungen teil und warten Sie auf die El Gordo-Gewinnzahlen.<\/p>\n<h2>Wie man El Gordo gewinnt<\/h2>\n<p>El Gordo zu gewinnen bedeutet einfach, dass Sie die Gewinnkombination haben. Wenn also Ihre Zahlen mit den gezogenen Zahlen \u00fcbereinstimmen, sind Sie der Gewinner der El Gordo-Lotterie.<\/p>\n<p>Es gibt mehrere Strategien, mit denen Spieler Gewinnkombinationen f\u00fcr El Gordo ausw\u00e4hlen k\u00f6nnen. Eine davon ist die Wahl von Ziffern, die sie als Gl\u00fcckszahlen ansehen. F\u00fcr manche ist es ihr Geburtstag oder der Geburtstag eines geliebten Menschen. Es kann jede beliebige Zahl sein, die f\u00fcr Sie etwas Besonderes ist. Andere Spieler ziehen es vor, sich ganz auf zuf\u00e4llig generierte Zahlen zu verlassen. Was auch immer Sie w\u00e4hlen, bleibt Ihnen \u00fcberlassen.<\/p>\n<p>Eine weitere M\u00f6glichkeit, eine Gewinnkombination f\u00fcr El Gordo auszuw\u00e4hlen, besteht darin, sich fr\u00fchere Ergebnisse anzusehen. Das hilft Ihnen vor allem dann, wenn Sie ein Vielspieler sind. F\u00fcr viele Spieler ist es immer eine gute Idee, mehrere Lose zu kaufen. Sie k\u00f6nnen immer eine Gruppe von Freunden oder Familienmitgliedern bilden und El Gordo-Lose kaufen.<\/p>\n<h2>Wie Sie die Gewinnzahlen \u00fcberpr\u00fcfen k\u00f6nnen<\/h2>\n<p><img loading=\"lazy\" decoding=\"async\" class=\"alignright size-full wp-image-30668\" src=\"http:\/\/jackpotlotteryonline.com\/wp-content\/uploads\/2022\/11\/3_screen_lottery_results_online.jpg\" alt=\"El Gordo gewinnen\" width=\"130\" height=\"120\" \/>Nachdem Sie Ihr El Gordo-Los gekauft haben, m\u00fcssen Sie nur noch auf die El Gordo-Ziehungen warten. Nach den Ziehungen ist es wichtig, die Gewinnkombinationen zu \u00fcberpr\u00fcfen. Es gibt mehrere Geschichten \u00fcber Jackpots, die nicht geknackt wurden, weil die Gewinner ihre Lottoscheine nie \u00fcberpr\u00fcft haben. Wenn Sie bei uns spielen, m\u00fcssen Sie sich keine Sorgen machen, dass Ihnen das passiert.<\/p>\n<p>Nach jeder Ziehung ver\u00f6ffentlichen wir die Gewinnergebnisse direkt hier auf der El Gordo-Seite. Einer der Fehler, den neue Lottospieler machen, ist, dass sie nicht \u00fcberpr\u00fcfen, ob sie andere Preise gewonnen haben.<\/p>\n<p>Die El Gordo-Lotterie hat 17 verschiedene Gewinnstufen und ein Spieler kann jede davon gewinnen. Wenn Sie mit uns spielen, werden wir Sie dar\u00fcber informieren, ob Sie einen Preis gewonnen haben. Wir tun dies per E-Mail und Sie erhalten eine Benachrichtigung, sobald Sie sich auf der Plattform anmelden.<\/p>\n<h2>Was passiert, wenn Sie gewinnen?<\/h2>\n<p>Der Gewinn von El Gordo ist eine wunderbare Erfahrung, denn Sie haben das Gef\u00fchl, Teil von etwas Gro\u00dfem gewesen zu sein. Es ist, als w\u00e4re man ein Teil der Geschichte, die gerade geschrieben wird. Ein noch gr\u00f6\u00dferes Gef\u00fchl ist es, wenn Sie El Gordo-Lose zusammen mit Ihren Kollegen, Freunden oder Ihrer Familie gekauft haben. Dann k\u00f6nnen Sie alle gemeinsam Ihren Gewinn feiern.<\/p>\n<p>Abgesehen davon ist die Auszahlung Ihres El Gordo-Gewinns sehr einfach, wenn Sie auf unserer Website spielen. Sie brauchen sich nur Ihren Gewinn auf Ihr Online-Konto auszahlen zu lassen. Wenn Sie mehr als einen bestimmten Betrag gewinnen, m\u00fcssen Sie m\u00f6glicherweise ein Antragsformular ausf\u00fcllen, um Ihren Gewinn von der Lotteriegesellschaft zu erhalten. Aber daf\u00fcr sind wir ja da, um die Dinge f\u00fcr Sie einfach zu machen.<\/p>\n<section class=\"layout\" style=\"border: solid 1px; width: 100%;\">\n<div class=\"img-div\" style=\"margin-top: 5px;\"><img decoding=\"async\" class=\"wp-image-17212 alignleft\" style=\"height: 45px; margin: 8px 8px 0px;\" src=\"http:\/\/jackpotlotteryonline.com\/wp-content\/uploads\/2022\/11\/read1.jpg\" alt=\"lesen\" width=\"\" height=\"\" \/><\/div>\n<div style=\"padding-left: 5px;\">\n<div style=\"font-size: 1.1em;\">\n<p><strong>Steuern auf Lotteriegewinne<\/strong><\/p>\n<p style=\"font-size: 0.85em; margin-top: -1.5em;\">Muss ich Steuern auf Lotteriegewinne zahlen? <a href=\"https:\/\/jackpotlotteryonline.com\/de\/muss-ich-steuern-auf-lotteriegewinne-zahlen\">mehr lesen<\/a><\/p>\n<\/div>\n<\/div>\n<\/section>\n<h2>Warum Sie El Gordo online bei uns spielen sollten<\/h2>\n<p>Es gibt so viele Gr\u00fcnde, warum unsere Kunden gerne bei uns Lotto spielen.<\/p>\n<ul>\n<li>Der Kauf Ihres El Gordo-Lottoscheins ist so einfach wie ein paar Fingertipps auf Ihrem mobilen Ger\u00e4t. Kein Stress und total bequem.<\/li>\n<li>Sie k\u00f6nnen Ihre El Gordo-Gewinnkombinationen gleich hier \u00fcberpr\u00fcfen, ohne irgendwo anders hinzugehen.<\/li>\n<li>Wir benachrichtigen Sie, sobald Sie einen Preis gewinnen, unabh\u00e4ngig von der H\u00f6he des Betrags.<\/li>\n<li>Wenn Sie einen Preis gewinnen, k\u00f6nnen Sie ihn von unserer Plattform aus auf Ihr Konto auszahlen lassen.<\/li>\n<\/ul>\n<p>Wir machen es unseren Kunden buchst\u00e4blich leicht, Spa\u00df und Freude am Lottospiel zu haben. Die Wahrheit ist, dass es so viele andere Dinge im Leben gibt, die schwer sind, der Lottogewinn muss keines davon sein.<\/p>\n<h2>\u00dcberpr\u00fcfen Sie Ihre Gewinnzahlen<\/h2>\n<p>Bevor Sie Ihren Schein kaufen, sollten Sie wissen, dass wir unseren Kunden Zugang zu den echten Zahlen geben. Wenn Sie bei uns spielen, wetten Sie nicht nur auf den Ausgang der Lotterie. Wir stellen sicher, dass Sie an der Lotterie teilgenommen haben. Wir tun dies, indem wir ein Concierge-System einsetzen, bei dem unser Agent in Spanien die Zahlen kauft, die mit Ihren \u00fcbereinstimmen.<\/p>\n<p>Wenn Sie die El Gordo-Gewinnzahlen haben, bedeutet dies, dass Sie in der Lotterie gewonnen haben. So einfach ist das, wirklich. Wir arbeiten hart daran, dass Sie sich nicht um die Details k\u00fcmmern m\u00fcssen. Wir k\u00fcmmern uns also um die kleinen Dinge, damit Sie sich auf das konzentrieren k\u00f6nnen, was f\u00fcr Sie am wichtigsten ist.<\/p>\n<p>Besuchen Sie uns noch heute und \u00fcberpr\u00fcfen Sie die Gewinnzahlen der gro\u00dfen internationalen Lotterien gleich hier. Oder kaufen Sie El Gordo-Scheine und geben Sie sie gegen die Gewinnzahlen ein.<\/p>\n","protected":false},"excerpt":{"rendered":"<p>Lotterie-Enthusiasten sind begeistert, wenn sie von El Gordo h\u00f6ren, und das nicht nur, weil es sich um eine der gr\u00f6\u00dften europ\u00e4ischen Lotterien handelt. El Gordo ist die Mutter aller Lotterien, und zwar aus dem einfachen Grund, dass die Ziehungen einmal im Jahr stattfinden. Es handelt sich um eine spanische Lotterie, die jedes Jahr eine besondere [&hellip;]<\/p>\n","protected":false},"author":1,"featured_media":0,"parent":35828,"menu_order":6,"comment_status":"closed","ping_status":"closed","template":"el-gordo-results.php","meta":{"_et_pb_use_builder":"","_et_pb_old_content":"","_et_gb_content_width":"","exclude_from_search":false,"footnotes":""},"class_list":["post-40817","page","type-page","status-publish","hentry"],"yoast_head":"<!-- This site is optimized with the Yoast SEO plugin v23.3 - https:\/\/yoast.com\/wordpress\/plugins\/seo\/ -->\n<title>El Gordo Gewinnzahlen und Ziehungsergebnisse<\/title>\n<meta name=\"description\" content=\"Ergebnisse, Gewinnzahlen f\u00fcr die El Gordo Ziehung - diese Woche sowie die Ergebnisse der vergangenen Woche\" \/>\n<meta name=\"robots\" content=\"index, follow, max-snippet:-1, max-image-preview:large, max-video-preview:-1\" \/>\n<link rel=\"canonical\" href=\"https:\/\/jackpotlotteryonline.com\/de\/gewinn-zahlen\/el-gordo-draw-results\/\" \/>\n<meta property=\"og:locale\" content=\"de_DE\" \/>\n<meta property=\"og:type\" content=\"article\" \/>\n<meta property=\"og:title\" content=\"El Gordo Gewinnzahlen und Ziehungsergebnisse\" \/>\n<meta property=\"og:description\" content=\"Ergebnisse, Gewinnzahlen f\u00fcr die El Gordo Ziehung - diese Woche sowie die Ergebnisse der vergangenen Woche\" \/>\n<meta property=\"og:url\" content=\"https:\/\/jackpotlotteryonline.com\/de\/gewinn-zahlen\/el-gordo-draw-results\/\" \/>\n<meta property=\"og:site_name\" content=\"Lotto Online - Crack The International Lottery Jackpots\" \/>\n<meta property=\"article:modified_time\" content=\"2022-12-28T10:53:26+00:00\" \/>\n<meta property=\"og:image\" content=\"http:\/\/jackpotlotteryonline.com\/wp-content\/uploads\/2022\/10\/lotto_euros.jpg\" \/>\n<meta name=\"twitter:card\" content=\"summary_large_image\" \/>\n<meta name=\"twitter:label1\" content=\"Gesch\u00e4tzte Lesezeit\" \/>\n\t<meta name=\"twitter:data1\" content=\"6\u00a0Minuten\" \/>\n<!-- \/ Yoast SEO plugin. -->","yoast_head_json":{"title":"El Gordo Gewinnzahlen und Ziehungsergebnisse","description":"Ergebnisse, Gewinnzahlen f\u00fcr die El Gordo Ziehung - diese Woche sowie die Ergebnisse der vergangenen Woche","robots":{"index":"index","follow":"follow","max-snippet":"max-snippet:-1","max-image-preview":"max-image-preview:large","max-video-preview":"max-video-preview:-1"},"canonical":"https:\/\/jackpotlotteryonline.com\/de\/gewinn-zahlen\/el-gordo-draw-results\/","og_locale":"de_DE","og_type":"article","og_title":"El Gordo Gewinnzahlen und Ziehungsergebnisse","og_description":"Ergebnisse, Gewinnzahlen f\u00fcr die El Gordo Ziehung - diese Woche sowie die Ergebnisse der vergangenen Woche","og_url":"https:\/\/jackpotlotteryonline.com\/de\/gewinn-zahlen\/el-gordo-draw-results\/","og_site_name":"Lotto Online - Crack The International Lottery Jackpots","article_modified_time":"2022-12-28T10:53:26+00:00","og_image":[{"url":"http:\/\/jackpotlotteryonline.com\/wp-content\/uploads\/2022\/10\/lotto_euros.jpg"}],"twitter_card":"summary_large_image","twitter_misc":{"Gesch\u00e4tzte Lesezeit":"6\u00a0Minuten"},"schema":{"@context":"https:\/\/schema.org","@graph":[{"@type":"WebPage","@id":"https:\/\/jackpotlotteryonline.com\/de\/gewinn-zahlen\/el-gordo-draw-results\/","url":"https:\/\/jackpotlotteryonline.com\/de\/gewinn-zahlen\/el-gordo-draw-results\/","name":"El Gordo Gewinnzahlen und Ziehungsergebnisse","isPartOf":{"@id":"https:\/\/jackpotlotteryonline.com\/#website"},"primaryImageOfPage":{"@id":"https:\/\/jackpotlotteryonline.com\/de\/gewinn-zahlen\/el-gordo-draw-results\/#primaryimage"},"image":{"@id":"https:\/\/jackpotlotteryonline.com\/de\/gewinn-zahlen\/el-gordo-draw-results\/#primaryimage"},"thumbnailUrl":"http:\/\/jackpotlotteryonline.com\/wp-content\/uploads\/2022\/10\/lotto_euros.jpg","datePublished":"2022-12-06T12:17:39+00:00","dateModified":"2022-12-28T10:53:26+00:00","description":"Ergebnisse, Gewinnzahlen f\u00fcr die El Gordo Ziehung - diese Woche sowie die Ergebnisse der vergangenen Woche","breadcrumb":{"@id":"https:\/\/jackpotlotteryonline.com\/de\/gewinn-zahlen\/el-gordo-draw-results\/#breadcrumb"},"inLanguage":"de","potentialAction":[{"@type":"ReadAction","target":["https:\/\/jackpotlotteryonline.com\/de\/gewinn-zahlen\/el-gordo-draw-results\/"]}]},{"@type":"ImageObject","inLanguage":"de","@id":"https:\/\/jackpotlotteryonline.com\/de\/gewinn-zahlen\/el-gordo-draw-results\/#primaryimage","url":"http:\/\/jackpotlotteryonline.com\/wp-content\/uploads\/2022\/10\/lotto_euros.jpg","contentUrl":"http:\/\/jackpotlotteryonline.com\/wp-content\/uploads\/2022\/10\/lotto_euros.jpg"},{"@type":"BreadcrumbList","@id":"https:\/\/jackpotlotteryonline.com\/de\/gewinn-zahlen\/el-gordo-draw-results\/#breadcrumb","itemListElement":[{"@type":"ListItem","position":1,"name":"Home","item":"https:\/\/jackpotlotteryonline.com\/de\/"},{"@type":"ListItem","position":2,"name":"Lotterieergebnisse","item":"https:\/\/jackpotlotteryonline.com\/de\/gewinn-zahlen\/"},{"@type":"ListItem","position":3,"name":"Ergebnisse der Auslosung von El Gordo"}]},{"@type":"WebSite","@id":"https:\/\/jackpotlotteryonline.com\/#website","url":"https:\/\/jackpotlotteryonline.com\/","name":"Lotto Online - Crack The International Lottery Jackpots","description":"","potentialAction":[{"@type":"SearchAction","target":{"@type":"EntryPoint","urlTemplate":"https:\/\/jackpotlotteryonline.com\/?s={search_term_string}"},"query-input":"required name=search_term_string"}],"inLanguage":"de"}]}},"_links":{"self":[{"href":"https:\/\/jackpotlotteryonline.com\/de\/wp-json\/wp\/v2\/pages\/40817","targetHints":{"allow":["GET"]}}],"collection":[{"href":"https:\/\/jackpotlotteryonline.com\/de\/wp-json\/wp\/v2\/pages"}],"about":[{"href":"https:\/\/jackpotlotteryonline.com\/de\/wp-json\/wp\/v2\/types\/page"}],"author":[{"embeddable":true,"href":"https:\/\/jackpotlotteryonline.com\/de\/wp-json\/wp\/v2\/users\/1"}],"replies":[{"embeddable":true,"href":"https:\/\/jackpotlotteryonline.com\/de\/wp-json\/wp\/v2\/comments?post=40817"}],"version-history":[{"count":0,"href":"https:\/\/jackpotlotteryonline.com\/de\/wp-json\/wp\/v2\/pages\/40817\/revisions"}],"up":[{"embeddable":true,"href":"https:\/\/jackpotlotteryonline.com\/de\/wp-json\/wp\/v2\/pages\/35828"}],"wp:attachment":[{"href":"https:\/\/jackpotlotteryonline.com\/de\/wp-json\/wp\/v2\/media?parent=40817"}],"curies":[{"name":"wp","href":"https:\/\/api.w.org\/{rel}","templated":true}]}}