{"id":40876,"date":"2022-12-07T08:15:21","date_gmt":"2022-12-07T08:15:21","guid":{"rendered":"https:\/\/jackpotlotteryonline.com\/?page_id=40876"},"modified":"2022-12-28T17:46:11","modified_gmt":"2022-12-28T17:46:11","slug":"german-lotto","status":"publish","type":"page","link":"https:\/\/jackpotlotteryonline.com\/de\/gewinn-zahlen\/german-lotto\/","title":{"rendered":"Ergebnisse der deutschen Lottoziehung"},"content":{"rendered":"<p>Deutsche Lotto-ZiehungsergebnisseWenn Sie <a href=\"https:\/\/jackpotlotteryonline.com\/de\/wie-man-spielt\/german-lotto\">das deutsche Lotto gespielt<\/a> haben oder es ausprobieren wollen, dann ist die \u00dcberpr\u00fcfung der Gewinnzahlen unerl\u00e4sslich. Ein Lottogewinn ist eine lebensver\u00e4ndernde Erfahrung.<\/p>\n<p>Bekannt als 6 aus 49 oder 6 aus 49, ist es eine der beliebtesten Lotterien in Europa. Mit unglaublichen Gewinnchancen und lebensver\u00e4ndernden Jackpot-Preisen hat dieses deutsche Lotto neun verschiedene Gewinnstufen.<\/p>\n<p>Es ist einfach zu spielen und Sie k\u00f6nnen jetzt von \u00fcberall auf der Welt am deutschen Lotto teilnehmen. Sie k\u00f6nnen auch Ihre Gewinnzahlen \u00fcberpr\u00fcfen, wenn Sie auf jackpotlottoonline.com spielen.<\/p>\n<h2>Wie man das deutsche Lotto spielt<\/h2>\n<p><img loading=\"lazy\" decoding=\"async\" class=\"alignright size-medium wp-image-29156\" src=\"https:\/\/jackpotlotteryonline.com\/wp-content\/uploads\/2022\/11\/1_play_lotto_to_win-300x214.jpg\" alt=\"beim deutschen Lotto mitmachen und Preise gewinnen\" width=\"300\" height=\"214\" srcset=\"https:\/\/jackpotlotteryonline.com\/wp-content\/uploads\/2022\/11\/1_play_lotto_to_win-300x214.jpg 300w, https:\/\/jackpotlotteryonline.com\/wp-content\/uploads\/2022\/11\/1_play_lotto_to_win.jpg 320w\" sizes=\"auto, (max-width: 300px) 100vw, 300px\" \/>Im Grunde genommen m\u00fcssen die Spieler nur 6 Zahlen aus einer Reihe von 1 bis 49 w\u00e4hlen, und wer die gezogenen Ergebnisse trifft, gewinnt den Jackpot. Es gibt auch eine Bonuszahl, die Superzahl. Diese wird nach dem Zufallsprinzip ausgew\u00e4hlt und dient dazu, die Gewinner der drei Gewinnklassen einschlie\u00dflich des Jackpots zu ermitteln.<\/p>\n<p>Der Jackpot bel\u00e4uft sich auf eine garantierte Summe von einer Million Euro, doch wenn es nach den Ziehungen keinen Gewinner gibt, f\u00e4llt er wieder zusammen. Der deutsche Lotto-Jackpot kann bis zu 14.000.000 Euro erreichen, was wir ziemlich beeindruckend finden.<\/p>\n<h2>Spielen auf jackpotlottoonline.com<\/h2>\n<p>Wenn Sie bei <a href=\"https:\/\/jackpotlotteryonline.com\/de\/spielscheine-kaufen\/lotto-germany\">uns einen Schein kaufen<\/a>, nehmen Sie tats\u00e4chlich am Lotto teil. Wir arbeiten nicht wie andere Online-Lottoseiten, die den Spielern lediglich die M\u00f6glichkeit geben, auf das Ergebnis zu wetten. Wenn Sie auf das Ergebnis wetten, gewinnen Sie das Lotto nicht, selbst wenn Sie die Gewinnzahlen haben.<\/p>\n<p>Wir sind eine Concierge-Site, die ihren Kunden die M\u00f6glichkeit gibt, an Lotterien aus der ganzen Welt teilzunehmen. Wenn Sie einen deutschen Lottoschein online kaufen, kaufen unsere Agenten in dem Land einen physischen Schein. Der physische deutsche Lottoschein hat die gleichen Zahlen wie die von Ihnen gew\u00e4hlten. Dann scannen wir ihn in Ihr Konto ein.<\/p>\n<p><strong>So spielen Sie mit uns Lotto:<\/strong><\/p>\n<ul>\n<li>Ziehen Sie 6 Zahlen aus 49. Sie k\u00f6nnen auch unseren Auto-Generator verwenden, um zuf\u00e4llige Lottozahlen zu ziehen.<\/li>\n<li>Geben Sie die Ziehungen ein. Sie k\u00f6nnen einzelne oder mehrere Ziehungen eingeben.<\/li>\n<li>W\u00e4hlen Sie, wie viele Wochen im Voraus Sie spielen m\u00f6chten (oder Sie k\u00f6nnen nur einmal spielen).<\/li>\n<li>Registrieren Sie sich, um Ihre Zahlung abzuwickeln (damit wir Sie benachrichtigen k\u00f6nnen, wenn Sie im Lotto gewonnen haben).<\/li>\n<\/ul>\n<h2>Gewinnen im deutschen Lotto (Gewinnaufteilung)<\/h2>\n<p><img loading=\"lazy\" decoding=\"async\" class=\"alignright size-medium wp-image-28616\" src=\"https:\/\/jackpotlotteryonline.com\/wp-content\/uploads\/2022\/11\/1_online_lotto-300x128.jpg\" alt=\"Spielen Sie das deutsche Lotto\" width=\"300\" height=\"128\" srcset=\"https:\/\/jackpotlotteryonline.com\/wp-content\/uploads\/2022\/11\/1_online_lotto-300x128.jpg 300w, https:\/\/jackpotlotteryonline.com\/wp-content\/uploads\/2022\/11\/1_online_lotto.jpg 320w\" sizes=\"auto, (max-width: 300px) 100vw, 300px\" \/>Wir haben bereits erw\u00e4hnt, dass es bei diesem europ\u00e4ischen Lotto 9 verschiedene Gewinnklassen gibt. Das sind eine Menge Preise, die ein Spieler gewinnen kann, was erkl\u00e4rt, warum dieses Lotto auf dem Kontinent so beliebt ist. Die Chance, den Jackpot zu gewinnen, liegt bei 1 zu 139.838.160.<\/p>\n<p>Wir werden Ihnen die Aufschl\u00fcsselung der Preise f\u00fcr die verschiedenen Gewinnstufen sowie die Gewinnchancen f\u00fcr jede Stufe mitteilen. Au\u00dferdem werden wir den gesch\u00e4tzten Gewinn f\u00fcr jeden Abschnitt angeben. Die Preise werden durch den gesamten Lotto-Pool bestimmt, aber anhand fr\u00fcherer Gewinne ist es m\u00f6glich, eine ungef\u00e4hre Zahl zu erhalten.<\/p>\n<p>Stufe 1: 6 + Superzahl &#8211; 12.585.434,40 \u20ac (Jackpot) &#8211; 1:139.838.160<\/p>\n<p>Stufe 2: nur 6 Zahlen &#8211; 1.003.509,30 \u20ac &#8211; 1: 15.537.573<\/p>\n<p>Stufe 3: 5 + Superzahl &#8211; 12.135,40 \u20ac &#8211; 1:524.008<\/p>\n<p>Stufe 4: nur 5 Zahlen &#8211; 4.019,20 \u20ac &#8211; 1:60.223<\/p>\n<p>Stufe 5: 4 + Superzahl &#8211; 191,10 \u20ac &#8211; 1:10.324<\/p>\n<p>Stufe 6: nur 4 Figuren &#8211; 50,30 \u20ac &#8211; 1:1.147<\/p>\n<p>Stufe 7: 3 + Superzahl &#8211; 21,20 \u20ac &#8211; 1:567<\/p>\n<p>Stufe 8: nur 3 Figuren &#8211; 11,10 \u20ac &#8211; 1:63<\/p>\n<p>Stufe 9: 2 + Superzahl &#8211; 6 \u20ac &#8211; 1:76<\/p>\n<section class=\"layout\" style=\"border: solid 1px; width: 100%;\">\n<div class=\"img-div\" style=\"margin-top: 5px;\"><img decoding=\"async\" class=\"wp-image-17212 alignleft\" style=\"height: 45px; margin: 8px 8px 0px;\" src=\"https:\/\/jackpotlotteryonline.com\/wp-content\/uploads\/2022\/11\/read1.jpg\" alt=\"lesen\" width=\"\" height=\"\" \/><\/div>\n<div style=\"padding-left: 5px;\">\n<div style=\"font-size: 1.1em;\">\n<p><strong>Ihre nationale Lotterie im internationalen Vergleich<\/strong><\/p>\n<p style=\"font-size: 0.85em; margin-top: -1.5em;\">Ihre \u00f6rtliche Lotterie kann Ihre schlechteste Option sein &#8211; warum es sinnvoller ist, mehr zu zahlen, aber auf gr\u00f6\u00dfere Jackpots zu setzen\u00a0<a href=\"https:\/\/jackpotlotteryonline.com\/de\/ihre-nationale-lotterie-im-internationalen-vergleich\"> mehr lesen<\/a><\/p>\n<\/div>\n<\/div>\n<\/section>\n<h2>\u00dcberpr\u00fcfen Sie Ihre Gewinnzahlen online<\/h2>\n<p>So wie das Spielen des deutschen Lottos unglaublich einfach ist, haben wir auch die \u00dcberpr\u00fcfung der Ergebnisse vereinfacht. Wenn Sie dieses Lotto spielen, k\u00f6nnen Sie Ihre Gewinnzahlen ganz einfach online \u00fcberpr\u00fcfen. Schauen Sie nach jeder Ziehung nach, ob Sie einen Preis gewonnen haben. Denn wir ver\u00f6ffentlichen die Ziehungsergebnisse gleich hier.<\/p>\n<p>Aber auch wenn Sie vergessen haben, nach den Ziehungen nachzusehen, werden wir Sie informieren, wenn Sie einen Preis gewonnen haben. Wir werden Sie nicht nur \u00fcber Ihr Konto benachrichtigen, sondern Ihnen auch eine E-Mail schicken.<\/p>\n<h2>Wie Sie Ihren Gewinn einfordern k\u00f6nnen<\/h2>\n<p>Die Ziehungen des deutschen Lottos finden einmal w\u00f6chentlich am Mittwoch statt. Nach den Ziehungen werden die Gewinnzahlen bekannt gegeben. Ein Lottogewinn bedeutet nur, dass Sie einen Schein haben, der mit den gezogenen Zahlen \u00fcbereinstimmt.<\/p>\n<p>Wenn Sie einen Preis gewonnen haben, k\u00f6nnen Sie Ihren Gewinn ganz einfach einfordern, indem Sie ihn von unserer Plattform auf Ihr Konto auszahlen lassen. Das ist richtig. Jeder Gewinn, der weniger als 2.500 \u20ac betr\u00e4gt, kann direkt auf Ihr Konto \u00fcberwiesen werden.<\/p>\n<p>Bei Betr\u00e4gen \u00fcber 2.500 \u20ac m\u00fcssen Sie m\u00f6glicherweise ein Antragsformular der Lotteriegesellschaft ausf\u00fcllen. Aber wir helfen Ihnen bei diesem Prozess. Wenn Sie also Ihren deutschen Lottoschein noch nicht gekauft haben, sollten Sie dies jetzt tun. Und denken Sie daran, die Gewinnzahlen zu \u00fcberpr\u00fcfen.<\/p>\n","protected":false},"excerpt":{"rendered":"<p>Deutsche Lotto-ZiehungsergebnisseWenn Sie das deutsche Lotto gespielt haben oder es ausprobieren wollen, dann ist die \u00dcberpr\u00fcfung der Gewinnzahlen unerl\u00e4sslich. Ein Lottogewinn ist eine lebensver\u00e4ndernde Erfahrung. Bekannt als 6 aus 49 oder 6 aus 49, ist es eine der beliebtesten Lotterien in Europa. Mit unglaublichen Gewinnchancen und lebensver\u00e4ndernden Jackpot-Preisen hat dieses deutsche Lotto neun verschiedene Gewinnstufen. [&hellip;]<\/p>\n","protected":false},"author":1,"featured_media":0,"parent":35828,"menu_order":8,"comment_status":"closed","ping_status":"closed","template":"lotto-german-results.php","meta":{"_et_pb_use_builder":"","_et_pb_old_content":"","_et_gb_content_width":"","exclude_from_search":false,"footnotes":""},"class_list":["post-40876","page","type-page","status-publish","hentry"],"yoast_head":"<!-- This site is optimized with the Yoast SEO plugin v23.3 - https:\/\/yoast.com\/wordpress\/plugins\/seo\/ -->\n<title>Deutsche Lotto-Gewinnzahlen und Ziehungsergebnisse<\/title>\n<meta name=\"description\" content=\"Hier werden alle aktuellen und vergangenen Gewinnzahlen, Ziehungsergebnisse f\u00fcr das deutsche Lotto aufgelistet\" \/>\n<meta name=\"robots\" content=\"index, follow, max-snippet:-1, max-image-preview:large, max-video-preview:-1\" \/>\n<link rel=\"canonical\" href=\"https:\/\/jackpotlotteryonline.com\/de\/gewinn-zahlen\/german-lotto\/\" \/>\n<meta property=\"og:locale\" content=\"de_DE\" \/>\n<meta property=\"og:type\" content=\"article\" \/>\n<meta property=\"og:title\" content=\"Deutsche Lotto-Gewinnzahlen und Ziehungsergebnisse\" \/>\n<meta property=\"og:description\" content=\"Hier werden alle aktuellen und vergangenen Gewinnzahlen, Ziehungsergebnisse f\u00fcr das deutsche Lotto aufgelistet\" \/>\n<meta property=\"og:url\" content=\"https:\/\/jackpotlotteryonline.com\/de\/gewinn-zahlen\/german-lotto\/\" \/>\n<meta property=\"og:site_name\" content=\"Lotto Online - Crack The International Lottery Jackpots\" \/>\n<meta property=\"article:modified_time\" content=\"2022-12-28T17:46:11+00:00\" \/>\n<meta property=\"og:image\" content=\"https:\/\/jackpotlotteryonline.com\/wp-content\/uploads\/2022\/11\/1_play_lotto_to_win-300x214.jpg\" \/>\n<meta name=\"twitter:card\" content=\"summary_large_image\" \/>\n<meta name=\"twitter:label1\" content=\"Gesch\u00e4tzte Lesezeit\" \/>\n\t<meta name=\"twitter:data1\" content=\"4\u00a0Minuten\" \/>\n<!-- \/ Yoast SEO plugin. -->","yoast_head_json":{"title":"Deutsche Lotto-Gewinnzahlen und Ziehungsergebnisse","description":"Hier werden alle aktuellen und vergangenen Gewinnzahlen, Ziehungsergebnisse f\u00fcr das deutsche Lotto aufgelistet","robots":{"index":"index","follow":"follow","max-snippet":"max-snippet:-1","max-image-preview":"max-image-preview:large","max-video-preview":"max-video-preview:-1"},"canonical":"https:\/\/jackpotlotteryonline.com\/de\/gewinn-zahlen\/german-lotto\/","og_locale":"de_DE","og_type":"article","og_title":"Deutsche Lotto-Gewinnzahlen und Ziehungsergebnisse","og_description":"Hier werden alle aktuellen und vergangenen Gewinnzahlen, Ziehungsergebnisse f\u00fcr das deutsche Lotto aufgelistet","og_url":"https:\/\/jackpotlotteryonline.com\/de\/gewinn-zahlen\/german-lotto\/","og_site_name":"Lotto Online - Crack The International Lottery Jackpots","article_modified_time":"2022-12-28T17:46:11+00:00","og_image":[{"url":"https:\/\/jackpotlotteryonline.com\/wp-content\/uploads\/2022\/11\/1_play_lotto_to_win-300x214.jpg"}],"twitter_card":"summary_large_image","twitter_misc":{"Gesch\u00e4tzte Lesezeit":"4\u00a0Minuten"},"schema":{"@context":"https:\/\/schema.org","@graph":[{"@type":"WebPage","@id":"https:\/\/jackpotlotteryonline.com\/de\/gewinn-zahlen\/german-lotto\/","url":"https:\/\/jackpotlotteryonline.com\/de\/gewinn-zahlen\/german-lotto\/","name":"Deutsche Lotto-Gewinnzahlen und Ziehungsergebnisse","isPartOf":{"@id":"https:\/\/jackpotlotteryonline.com\/#website"},"primaryImageOfPage":{"@id":"https:\/\/jackpotlotteryonline.com\/de\/gewinn-zahlen\/german-lotto\/#primaryimage"},"image":{"@id":"https:\/\/jackpotlotteryonline.com\/de\/gewinn-zahlen\/german-lotto\/#primaryimage"},"thumbnailUrl":"https:\/\/jackpotlotteryonline.com\/wp-content\/uploads\/2022\/11\/1_play_lotto_to_win-300x214.jpg","datePublished":"2022-12-07T08:15:21+00:00","dateModified":"2022-12-28T17:46:11+00:00","description":"Hier werden alle aktuellen und vergangenen Gewinnzahlen, Ziehungsergebnisse f\u00fcr das deutsche Lotto aufgelistet","breadcrumb":{"@id":"https:\/\/jackpotlotteryonline.com\/de\/gewinn-zahlen\/german-lotto\/#breadcrumb"},"inLanguage":"de","potentialAction":[{"@type":"ReadAction","target":["https:\/\/jackpotlotteryonline.com\/de\/gewinn-zahlen\/german-lotto\/"]}]},{"@type":"ImageObject","inLanguage":"de","@id":"https:\/\/jackpotlotteryonline.com\/de\/gewinn-zahlen\/german-lotto\/#primaryimage","url":"https:\/\/jackpotlotteryonline.com\/wp-content\/uploads\/2022\/11\/1_play_lotto_to_win-300x214.jpg","contentUrl":"https:\/\/jackpotlotteryonline.com\/wp-content\/uploads\/2022\/11\/1_play_lotto_to_win-300x214.jpg"},{"@type":"BreadcrumbList","@id":"https:\/\/jackpotlotteryonline.com\/de\/gewinn-zahlen\/german-lotto\/#breadcrumb","itemListElement":[{"@type":"ListItem","position":1,"name":"Home","item":"https:\/\/jackpotlotteryonline.com\/de\/"},{"@type":"ListItem","position":2,"name":"Lotterieergebnisse","item":"https:\/\/jackpotlotteryonline.com\/de\/gewinn-zahlen\/"},{"@type":"ListItem","position":3,"name":"Ergebnisse der deutschen Lottoziehung"}]},{"@type":"WebSite","@id":"https:\/\/jackpotlotteryonline.com\/#website","url":"https:\/\/jackpotlotteryonline.com\/","name":"Lotto Online - Crack The International Lottery Jackpots","description":"","potentialAction":[{"@type":"SearchAction","target":{"@type":"EntryPoint","urlTemplate":"https:\/\/jackpotlotteryonline.com\/?s={search_term_string}"},"query-input":"required name=search_term_string"}],"inLanguage":"de"}]}},"_links":{"self":[{"href":"https:\/\/jackpotlotteryonline.com\/de\/wp-json\/wp\/v2\/pages\/40876","targetHints":{"allow":["GET"]}}],"collection":[{"href":"https:\/\/jackpotlotteryonline.com\/de\/wp-json\/wp\/v2\/pages"}],"about":[{"href":"https:\/\/jackpotlotteryonline.com\/de\/wp-json\/wp\/v2\/types\/page"}],"author":[{"embeddable":true,"href":"https:\/\/jackpotlotteryonline.com\/de\/wp-json\/wp\/v2\/users\/1"}],"replies":[{"embeddable":true,"href":"https:\/\/jackpotlotteryonline.com\/de\/wp-json\/wp\/v2\/comments?post=40876"}],"version-history":[{"count":0,"href":"https:\/\/jackpotlotteryonline.com\/de\/wp-json\/wp\/v2\/pages\/40876\/revisions"}],"up":[{"embeddable":true,"href":"https:\/\/jackpotlotteryonline.com\/de\/wp-json\/wp\/v2\/pages\/35828"}],"wp:attachment":[{"href":"https:\/\/jackpotlotteryonline.com\/de\/wp-json\/wp\/v2\/media?parent=40876"}],"curies":[{"name":"wp","href":"https:\/\/api.w.org\/{rel}","templated":true}]}}