{"id":40930,"date":"2022-12-07T10:17:42","date_gmt":"2022-12-07T10:17:42","guid":{"rendered":"https:\/\/jackpotlotteryonline.com\/?page_id=40930"},"modified":"2022-12-28T20:45:36","modified_gmt":"2022-12-28T20:45:36","slug":"france-lotto-2","status":"publish","type":"page","link":"https:\/\/jackpotlotteryonline.com\/de\/gewinn-zahlen\/france-lotto-2\/","title":{"rendered":"Frankreich Lotto Ziehungsergebnisse"},"content":{"rendered":"<p>France Lotto ist ein europ\u00e4isches Lotto, das dreimal pro Woche Gewinner hervorbringt. Es wurde 1976 eingef\u00fchrt und hat seine Ziehungstage montags, mittwochs und samstags. Die Gewinnzahlen von France Lotto werden an diesen Tagen bekannt gegeben. Gewinner aus der ganzen Welt k\u00f6nnen am France Lotto teilnehmen, indem sie ihre Scheine online kaufen.<\/p>\n<h2>Warum Sie die Gewinnzahlen \u00fcberpr\u00fcfen sollten<\/h2>\n<p>Im Allgemeinen kennt das Unternehmen von France Lotto nicht die Identit\u00e4t derjenigen, die einen Spielschein abgegeben haben. Sie haben also keine M\u00f6glichkeit, die Gewinner des Lottos zu kontaktieren. Aus diesem Grund m\u00fcssen Sie Ihren Schein st\u00e4ndig mit den gezogenen Zahlen vergleichen, um herauszufinden, ob Sie gewonnen haben.<\/p>\n<p>Au\u00dferdem hat France Lotto 10 Gewinnklassen. Es ist m\u00f6glich, dass ein Spieler nicht den Jackpot, sondern andere Preise gewonnen hat.<\/p>\n<h2>M\u00f6glichkeiten zur \u00dcberpr\u00fcfung der Gewinnergebnisse von France Lotto<\/h2>\n<p><img loading=\"lazy\" decoding=\"async\" class=\"alignright wp-image-31748\" src=\"http:\/\/jackpotlotteryonline.com\/wp-content\/uploads\/2022\/11\/rf_results_page-300x225.jpg\" alt=\"Frankreich Lotto-Gewinnzahlen\" width=\"244\" height=\"183\" srcset=\"https:\/\/jackpotlotteryonline.com\/wp-content\/uploads\/2022\/11\/rf_results_page-300x225.jpg 300w, https:\/\/jackpotlotteryonline.com\/wp-content\/uploads\/2022\/11\/rf_results_page-600x449.jpg 600w, https:\/\/jackpotlotteryonline.com\/wp-content\/uploads\/2022\/11\/rf_results_page-768x575.jpg 768w, https:\/\/jackpotlotteryonline.com\/wp-content\/uploads\/2022\/11\/rf_results_page.jpg 801w\" sizes=\"auto, (max-width: 244px) 100vw, 244px\" \/>Es gibt mehrere M\u00f6glichkeiten, die Ziehungsergebnisse von Lotto France zu \u00fcberpr\u00fcfen. Dies ist wichtig, um den Gewinnschein f\u00fcr den Jackpot herauszufinden. Denken Sie daran, dass derjenige gewinnt, der mit den gezogenen Zahlen \u00fcbereinstimmt. Wenn Sie Lottoscheine f\u00fcr France Lotto kaufen, k\u00f6nnen Sie die Ziehungsergebnisse auf eine der folgenden Arten \u00fcberpr\u00fcfen:<\/p>\n<h3>Verfolgen Sie die Ziehung live im Fernsehen<\/h3>\n<p>Das ist wirklich sehr aufregend, weil die Zahlen aufgerufen werden und Sie sofort erfahren k\u00f6nnen, ob Sie gewonnen haben. Das Problem dabei ist, dass Sie in Frankreich wohnen m\u00fcssen, um die Live-Ziehungen von Lotto France zu sehen.<\/p>\n<section class=\"layout\" style=\"border: solid 1px; width: 100%;\">\n<div class=\"img-div\" style=\"margin-top: 5px;\"><img decoding=\"async\" class=\"wp-image-17212 alignleft\" style=\"height: 45px; margin: 8px 8px 0px;\" src=\"http:\/\/jackpotlotteryonline.com\/wp-content\/uploads\/2022\/11\/read1.jpg\" alt=\"lesen\" width=\"\" height=\"\" \/><\/div>\n<div style=\"padding-left: 5px;\">\n<div style=\"font-size: 1.1em;\">\n<p><strong>Verpassen Sie nicht die Ziehungszeiten f\u00fcr die gr\u00f6\u00dften Lotto-Jackpots der Welt<\/strong><\/p>\n<p style=\"font-size: 0.85em; margin-top: -1.5em;\">Eine Liste der Ziehungszeiten f\u00fcr die internationalen Lotterien\u00a0 <a href=\"https:\/\/jackpotlotteryonline.com\/de\/wann-sind-die-ziehungszeiten-fuer-die-internationalen-lotterien-2\"> mehr lesen<\/a><\/p>\n<\/div>\n<\/div>\n<\/section>\n<h3>Besuchen Sie Nachrichtenseiten<\/h3>\n<p>Eine weitere M\u00f6glichkeit, die Ziehungsergebnisse zu \u00fcberpr\u00fcfen, ist der Besuch von Nachrichtenseiten. Verschiedene Nachrichtenseiten ver\u00f6ffentlichen die Gewinnkombinationen auf ihren Seiten. Dies gilt insbesondere f\u00fcr europ\u00e4ische Nachrichtenseiten. Wenn Sie den Jackpot knacken, ist das eine gute M\u00f6glichkeit. Es gibt jedoch noch mehrere andere Gewinnklassen, die ein Spieler gewinnen kann. Leider werden die Gewinnkombinationen f\u00fcr diese Bereiche auf diesen Websites in der Regel nicht ver\u00f6ffentlicht. Wenn Sie also zum Beispiel einen Preis aus der zweiten Reihe gewinnen, k\u00f6nnten Sie diesen verpassen.<\/p>\n<h3>Pr\u00fcfen Sie jackpotlotteryonline.com<\/h3>\n<p>Wenn Sie sich bei uns registrieren, k\u00f6nnen Sie die Gewinnzahlen f\u00fcr das franz\u00f6sische Lotto ganz einfach \u00fcberpr\u00fcfen. Nach jeder Ziehung ver\u00f6ffentlichen wir die Ergebnisse direkt hier auf unserer Seite. Wenn Sie einen Preis gewinnen, werden Sie sofort benachrichtigt, unabh\u00e4ngig von der Gewinnklasse, die Sie gewonnen haben. Au\u00dferdem k\u00f6nnen Sie sich Ihre Lottogewinne direkt von unserer Seite auf Ihr Konto auszahlen lassen.<\/p>\n<h2>Vorteile des Online-Spiels<\/h2>\n<p>Die M\u00f6glichkeit, die Ziehungsergebnisse bequem zu \u00fcberpr\u00fcfen, ist nur einer der Vorteile des <a href=\"https:\/\/jackpotlotteryonline.com\/de\/wie-man-spielt\/france-lotto\">Online-Lottospiels<\/a>. Aber wir m\u00fcssen zugeben, dass dies ein gro\u00dfer Vorteil ist. Hier sind einige Vorteile in Kurzform:<\/p>\n<ul>\n<li>Zugang zu internationalen Top-Lotterien von \u00fcberall aus<\/li>\n<li>Sie k\u00f6nnen bequem von Ihrem Computer oder Mobilger\u00e4t aus spielen<\/li>\n<li>Einfaches Planen mehrerer Ziehungen im Voraus<\/li>\n<li>Bequemes \u00dcberpr\u00fcfen der Ziehungsergebnisse<\/li>\n<li>Lassen Sie sich Ihre Gewinne direkt auf Ihr Konto auszahlen<\/li>\n<\/ul>\n<h2>Frankreich Lotto Gewinnkombinationen<\/h2>\n<p>Die Wahl der richtigen Kombination f\u00fcr Ihren Frankreich-Lottoschein kann ziemlich knifflig sein. Viele Spieler haben verschiedene Tipps, mit denen sie ihre Gewinnchancen im Lotto erh\u00f6hen. Was wir Ihnen sagen k\u00f6nnen, ist, dass es keine garantierte Methode gibt, im Lotto zu gewinnen. Es ist eine Frage des Gl\u00fccks. Wir k\u00f6nnen Ihnen jedoch einige Strategien nennen, die Spieler bei der Auswahl ihrer Gewinnzahlen anwenden.<\/p>\n<p>Einige Spieler gehen gerne fr\u00fchere Gewinnkombinationen durch, um Zahlen zu finden, die regelm\u00e4\u00dfig oder selten vorkommen. Sie sind in der Lage, ein Muster zu erkennen und daraus eine Strategie f\u00fcr das Lottospiel zu entwickeln. Ob das funktioniert oder nicht, ist schwer zu sagen.<\/p>\n<p>Andere Spieler entscheiden sich daf\u00fcr, h\u00e4ufig zu spielen, indem sie mehrere Lose kaufen und an mehreren Ziehungen teilnehmen. Die Logik dahinter ist, dass die Gewinnchancen umso h\u00f6her sind, je \u00f6fter man Lotto spielt. Interessanterweise haben die meisten Gewinner jahrelang gespielt, bevor sie im Lotto gewonnen haben. Es gibt jedoch auch Gewinner, die gleich beim ersten Mal gewonnen haben.<\/p>\n<h2>Fazit<\/h2>\n<p>Zusammenfassend l\u00e4sst sich sagen, dass das franz\u00f6sische Lotto ein Gl\u00fccksspiel ist. Sie k\u00f6nnen <a href=\"https:\/\/jackpotlotteryonline.com\/de\/spielscheine-kaufen\/lotto-france\">Ihre Frankreich-Lottoscheine kaufen<\/a> und die Gewinnkombinationen gleich hier auf jackpotlotteryonline.com \u00fcberpr\u00fcfen<\/p>\n","protected":false},"excerpt":{"rendered":"<p>France Lotto ist ein europ\u00e4isches Lotto, das dreimal pro Woche Gewinner hervorbringt. Es wurde 1976 eingef\u00fchrt und hat seine Ziehungstage montags, mittwochs und samstags. Die Gewinnzahlen von France Lotto werden an diesen Tagen bekannt gegeben. Gewinner aus der ganzen Welt k\u00f6nnen am France Lotto teilnehmen, indem sie ihre Scheine online kaufen. Warum Sie die Gewinnzahlen [&hellip;]<\/p>\n","protected":false},"author":1,"featured_media":0,"parent":35828,"menu_order":9,"comment_status":"closed","ping_status":"closed","template":"lotto-fr-results.php","meta":{"_et_pb_use_builder":"","_et_pb_old_content":"","_et_gb_content_width":"","exclude_from_search":false,"footnotes":""},"class_list":["post-40930","page","type-page","status-publish","hentry"],"yoast_head":"<!-- This site is optimized with the Yoast SEO plugin v23.3 - https:\/\/yoast.com\/wordpress\/plugins\/seo\/ -->\n<title>Frankreich Lotto Gewinnzahlen und Ziehungsergebnisse<\/title>\n<meta name=\"description\" content=\"M\u00f6chten Sie die Gewinnzahlen und Ziehungsergebnisse der franz\u00f6sischen Lotterie erfahren? Besuchen Sie unsere Seite mit den Ergebnissen von Lotto Frankreich und unser Archiv\" \/>\n<meta name=\"robots\" content=\"index, follow, max-snippet:-1, max-image-preview:large, max-video-preview:-1\" \/>\n<link rel=\"canonical\" href=\"https:\/\/jackpotlotteryonline.com\/de\/gewinn-zahlen\/france-lotto-2\/\" \/>\n<meta property=\"og:locale\" content=\"de_DE\" \/>\n<meta property=\"og:type\" content=\"article\" \/>\n<meta property=\"og:title\" content=\"Frankreich Lotto Gewinnzahlen und Ziehungsergebnisse\" \/>\n<meta property=\"og:description\" content=\"M\u00f6chten Sie die Gewinnzahlen und Ziehungsergebnisse der franz\u00f6sischen Lotterie erfahren? Besuchen Sie unsere Seite mit den Ergebnissen von Lotto Frankreich und unser Archiv\" \/>\n<meta property=\"og:url\" content=\"https:\/\/jackpotlotteryonline.com\/de\/gewinn-zahlen\/france-lotto-2\/\" \/>\n<meta property=\"og:site_name\" content=\"Lotto Online - Crack The International Lottery Jackpots\" \/>\n<meta property=\"article:modified_time\" content=\"2022-12-28T20:45:36+00:00\" \/>\n<meta property=\"og:image\" content=\"http:\/\/jackpotlotteryonline.com\/wp-content\/uploads\/2022\/11\/rf_results_page-300x225.jpg\" \/>\n<meta name=\"twitter:card\" content=\"summary_large_image\" \/>\n<meta name=\"twitter:label1\" content=\"Gesch\u00e4tzte Lesezeit\" \/>\n\t<meta name=\"twitter:data1\" content=\"3\u00a0Minuten\" \/>\n<!-- \/ Yoast SEO plugin. -->","yoast_head_json":{"title":"Frankreich Lotto Gewinnzahlen und Ziehungsergebnisse","description":"M\u00f6chten Sie die Gewinnzahlen und Ziehungsergebnisse der franz\u00f6sischen Lotterie erfahren? Besuchen Sie unsere Seite mit den Ergebnissen von Lotto Frankreich und unser Archiv","robots":{"index":"index","follow":"follow","max-snippet":"max-snippet:-1","max-image-preview":"max-image-preview:large","max-video-preview":"max-video-preview:-1"},"canonical":"https:\/\/jackpotlotteryonline.com\/de\/gewinn-zahlen\/france-lotto-2\/","og_locale":"de_DE","og_type":"article","og_title":"Frankreich Lotto Gewinnzahlen und Ziehungsergebnisse","og_description":"M\u00f6chten Sie die Gewinnzahlen und Ziehungsergebnisse der franz\u00f6sischen Lotterie erfahren? Besuchen Sie unsere Seite mit den Ergebnissen von Lotto Frankreich und unser Archiv","og_url":"https:\/\/jackpotlotteryonline.com\/de\/gewinn-zahlen\/france-lotto-2\/","og_site_name":"Lotto Online - Crack The International Lottery Jackpots","article_modified_time":"2022-12-28T20:45:36+00:00","og_image":[{"url":"http:\/\/jackpotlotteryonline.com\/wp-content\/uploads\/2022\/11\/rf_results_page-300x225.jpg"}],"twitter_card":"summary_large_image","twitter_misc":{"Gesch\u00e4tzte Lesezeit":"3\u00a0Minuten"},"schema":{"@context":"https:\/\/schema.org","@graph":[{"@type":"WebPage","@id":"https:\/\/jackpotlotteryonline.com\/de\/gewinn-zahlen\/france-lotto-2\/","url":"https:\/\/jackpotlotteryonline.com\/de\/gewinn-zahlen\/france-lotto-2\/","name":"Frankreich Lotto Gewinnzahlen und Ziehungsergebnisse","isPartOf":{"@id":"https:\/\/jackpotlotteryonline.com\/#website"},"primaryImageOfPage":{"@id":"https:\/\/jackpotlotteryonline.com\/de\/gewinn-zahlen\/france-lotto-2\/#primaryimage"},"image":{"@id":"https:\/\/jackpotlotteryonline.com\/de\/gewinn-zahlen\/france-lotto-2\/#primaryimage"},"thumbnailUrl":"http:\/\/jackpotlotteryonline.com\/wp-content\/uploads\/2022\/11\/rf_results_page-300x225.jpg","datePublished":"2022-12-07T10:17:42+00:00","dateModified":"2022-12-28T20:45:36+00:00","description":"M\u00f6chten Sie die Gewinnzahlen und Ziehungsergebnisse der franz\u00f6sischen Lotterie erfahren? Besuchen Sie unsere Seite mit den Ergebnissen von Lotto Frankreich und unser Archiv","breadcrumb":{"@id":"https:\/\/jackpotlotteryonline.com\/de\/gewinn-zahlen\/france-lotto-2\/#breadcrumb"},"inLanguage":"de","potentialAction":[{"@type":"ReadAction","target":["https:\/\/jackpotlotteryonline.com\/de\/gewinn-zahlen\/france-lotto-2\/"]}]},{"@type":"ImageObject","inLanguage":"de","@id":"https:\/\/jackpotlotteryonline.com\/de\/gewinn-zahlen\/france-lotto-2\/#primaryimage","url":"http:\/\/jackpotlotteryonline.com\/wp-content\/uploads\/2022\/11\/rf_results_page-300x225.jpg","contentUrl":"http:\/\/jackpotlotteryonline.com\/wp-content\/uploads\/2022\/11\/rf_results_page-300x225.jpg"},{"@type":"BreadcrumbList","@id":"https:\/\/jackpotlotteryonline.com\/de\/gewinn-zahlen\/france-lotto-2\/#breadcrumb","itemListElement":[{"@type":"ListItem","position":1,"name":"Home","item":"https:\/\/jackpotlotteryonline.com\/de\/"},{"@type":"ListItem","position":2,"name":"Lotterieergebnisse","item":"https:\/\/jackpotlotteryonline.com\/de\/gewinn-zahlen\/"},{"@type":"ListItem","position":3,"name":"Frankreich Lotto Ziehungsergebnisse"}]},{"@type":"WebSite","@id":"https:\/\/jackpotlotteryonline.com\/#website","url":"https:\/\/jackpotlotteryonline.com\/","name":"Lotto Online - Crack The International Lottery Jackpots","description":"","potentialAction":[{"@type":"SearchAction","target":{"@type":"EntryPoint","urlTemplate":"https:\/\/jackpotlotteryonline.com\/?s={search_term_string}"},"query-input":"required name=search_term_string"}],"inLanguage":"de"}]}},"_links":{"self":[{"href":"https:\/\/jackpotlotteryonline.com\/de\/wp-json\/wp\/v2\/pages\/40930","targetHints":{"allow":["GET"]}}],"collection":[{"href":"https:\/\/jackpotlotteryonline.com\/de\/wp-json\/wp\/v2\/pages"}],"about":[{"href":"https:\/\/jackpotlotteryonline.com\/de\/wp-json\/wp\/v2\/types\/page"}],"author":[{"embeddable":true,"href":"https:\/\/jackpotlotteryonline.com\/de\/wp-json\/wp\/v2\/users\/1"}],"replies":[{"embeddable":true,"href":"https:\/\/jackpotlotteryonline.com\/de\/wp-json\/wp\/v2\/comments?post=40930"}],"version-history":[{"count":0,"href":"https:\/\/jackpotlotteryonline.com\/de\/wp-json\/wp\/v2\/pages\/40930\/revisions"}],"up":[{"embeddable":true,"href":"https:\/\/jackpotlotteryonline.com\/de\/wp-json\/wp\/v2\/pages\/35828"}],"wp:attachment":[{"href":"https:\/\/jackpotlotteryonline.com\/de\/wp-json\/wp\/v2\/media?parent=40930"}],"curies":[{"name":"wp","href":"https:\/\/api.w.org\/{rel}","templated":true}]}}