{"id":40984,"date":"2022-12-07T12:02:56","date_gmt":"2022-12-07T12:02:56","guid":{"rendered":"https:\/\/jackpotlotteryonline.com\/?page_id=40984"},"modified":"2023-01-03T09:11:50","modified_gmt":"2023-01-03T09:11:50","slug":"uk-lottery","status":"publish","type":"page","link":"https:\/\/jackpotlotteryonline.com\/de\/wie-man-spielt\/uk-lottery\/","title":{"rendered":"Spielen Sie die UK Lottery von \u00fcberall aus"},"content":{"rendered":"<p>Die UK-Lotterie ist ein Lotteriespiel, das im Vereinigten K\u00f6nigreich gespielt wird. In diesem Land gibt es viele Lotteriespiele, darunter auch das Spiel Set for Life, das eine Rentenlotterie ist. Aber wir sind nicht hier, um \u00fcber Set for Life zu sprechen. Dies ist ein Spiel, das die Spieler zum Spa\u00df spielen, und Sie k\u00f6nnen dieses Spiel jetzt online spielen. Obwohl es bekannt daf\u00fcr ist, dass man damit hin und wieder Million\u00e4re machen kann, sind die Auszahlungen nicht sehr gro\u00dfz\u00fcgig. Das liegt vor allem daran, dass die Auszahlungen von der Lotteriegemeinschaft abh\u00e4ngen.<\/p>\n<p>Sie k\u00f6nnen diese und andere internationale Top-Lotterien online auf unserer Website spielen. Besuchen Sie einfach jackpotlotteryonline.com und registrieren Sie sich bei uns, um die Chance auf einen gro\u00dfen Gewinn zu haben.<\/p>\n<h2>Wie man die UK-Lotterie spielt<\/h2>\n<p><img loading=\"lazy\" decoding=\"async\" class=\"alignright size-full wp-image-31370\" src=\"http:\/\/jackpotlotteryonline.com\/wp-content\/uploads\/2022\/11\/lotteryticket.jpg\" alt=\"Spielen Sie die UK-Lotterie\" width=\"212\" height=\"142\" \/>Dieses Spiel ist anderen Lotteriespielen sehr \u00e4hnlich. Die Spielregeln sehen vor, dass ein Spieler 6 Zahlen aus einem Pool von 1 bis 49 ziehen muss. Au\u00dferdem gibt es eine Bonuszahl, die w\u00e4hrend der Ziehung gezogen wird. Diese wird verwendet, um die Gewinner f\u00fcr die anderen Preiskategorien zu ermitteln. Die Bonusnummer wird bei den Ziehungen nach dem Zufallsprinzip ausgew\u00e4hlt und nicht von den Spielern.<\/p>\n<p>Um ehrlich zu sein, sind wir keine Fans der britischen Lotterie, weil die Auszahlungen so niedrig sind. Selbst wenn Sie mit den gezogenen Zahlen \u00fcbereinstimmen, k\u00f6nnen wir nicht garantieren, was Sie mit nach Hause nehmen werden.<\/p>\n<p>Besuchen Sie unsere Website, um andere Lotterien wie die US-Lotterien Powerball und Mega Millions zu spielen. Bei diesen Lotterien liegt der Mindestjackpot bei 40 Millionen Dollar. Es gibt auch andere europ\u00e4ische Lotterien, die Sie spielen k\u00f6nnen, wie Euromillions und Eurojackpot. Unser Traum f\u00fcr unsere Kunden ist es, dass sie gro\u00df gewinnen.<\/p>\n<h2>Wie man online an der britischen Lotterie teilnimmt<\/h2>\n<p>Das Online-Spielen unterscheidet sich ein wenig von der Nutzung eines physischen Anbieters. Dieser Unterschied ist nicht unbedingt schlecht. Er macht das Lottospielen sogar sehr bequem. Befolgen Sie diese Schritte, um die britische Lotterie auf unserer Website zu spielen.<\/p>\n<ol>\n<li>Besuchen Sie die Seite der britischen Lotterie<\/li>\n<li>W\u00e4hlen Sie 6 Zahlen aus einem Bereich von 1 bis 49 (wenn Sie sich nicht sicher sind, welche Zahlen Sie verwenden sollen, versuchen Sie es mit dem automatischen Zahlengenerator)<\/li>\n<li><a href=\"https:\/\/jackpotlotteryonline.com\/de\/spielscheine-kaufen\/uk-lottery\">Kaufen Sie zus\u00e4tzliche Zahlenreihen<\/a> f\u00fcr eine h\u00f6here Gewinnchance<\/li>\n<li>Nehmen Sie an den Ziehungen teil (Sie k\u00f6nnen an mehr als einer Ziehung teilnehmen)<\/li>\n<li>Registrieren Sie sich und bezahlen Sie f\u00fcr Ihre Teilnahme.<\/li>\n<\/ol>\n<section class=\"layout\" style=\"border: solid 1px; width: 100%;\">\n<div class=\"img-div\" style=\"margin-top: 5px;\"><img decoding=\"async\" class=\"wp-image-17212 alignleft\" style=\"height: 45px; margin: 8px 8px 0px;\" src=\"http:\/\/jackpotlotteryonline.com\/wp-content\/uploads\/2022\/11\/read1.jpg\" alt=\"lesen\" width=\"\" height=\"\" \/><\/div>\n<div style=\"padding-left: 5px;\">\n<div style=\"font-size: 1.1em;\">\n<p><strong>Lotterie-Tipps<\/strong><\/p>\n<p style=\"font-size: 0.85em; margin-top: -1.5em;\">Tipps, die Ihnen helfen, beim Lotto zu gewinnen\u00a0 <a href=\"https:\/\/jackpotlotteryonline.com\/de\/tipps-die-ihnen-helfen-im-lotto-zu-gewinnen\"> mehr lesen<\/a><\/p>\n<\/div>\n<\/div>\n<\/section>\n<h2>\u00dcberpr\u00fcfen der Lottoziehungen<\/h2>\n<p><a href=\"https:\/\/jackpotlotteryonline.com\/de\/gewinn-zahlen\/uk-lottery\">Die britische Lotterie hat zwei Ziehungstage pro Woche<\/a>, Mittwoch und Samstag. Sie k\u00f6nnen an mehreren Ziehungen teilnehmen, um Ihre Gewinnchancen bei der britischen Lotterie zu erh\u00f6hen. Au\u00dferdem k\u00f6nnen Sie die Ziehungen ganz einfach mehrere Wochen im Voraus eintragen, indem Sie unseren Abonnementservice nutzen.<\/p>\n<p>Das Gewinnerlos wird w\u00e4hrend der Ziehungen bekannt gegeben. Um den Jackpot zu gewinnen, m\u00fcssen Sie nur die 6 gezogenen Zahlen richtig tippen. Die Jackpot-Preise der britischen Lotterie beginnen bei 2 Millionen Pfund und k\u00f6nnen weiterlaufen, wenn es nach einer Ziehung keinen Gewinner gibt. Da er nach jeder Ziehung weiterl\u00e4uft (wenn es keinen Gewinner gibt), kann er etwas h\u00f6her als die 2 Millionen Pfund sein.<\/p>\n<p>Nach jeder Ziehung k\u00f6nnen Sie auf unserer Website nachsehen, ob Sie einen Preis gewonnen haben. Die britische Lotterie hat 6 verschiedene Preiskategorien, und wenn Sie einen Preis gewinnen, schicken wir Ihnen eine E-Mail, die Sie benachrichtigt.<\/p>\n<h2>Was ist der Abonnement-Service?<\/h2>\n<p><img loading=\"lazy\" decoding=\"async\" class=\"alignright wp-image-28427\" src=\"http:\/\/jackpotlotteryonline.com\/wp-content\/uploads\/2022\/11\/1_mega_win-300x279.jpg\" alt=\"Gewinnen Sie die britische Lotterie\" width=\"237\" height=\"220\" srcset=\"https:\/\/jackpotlotteryonline.com\/wp-content\/uploads\/2022\/11\/1_mega_win-300x279.jpg 300w, https:\/\/jackpotlotteryonline.com\/wp-content\/uploads\/2022\/11\/1_mega_win.jpg 320w\" sizes=\"auto, (max-width: 237px) 100vw, 237px\" \/>Wenn Sie eine Website wie die unsere nutzen, gibt es einen so genannten Abonnement-Service, der es den Spielern erm\u00f6glicht, nahtlos und ohne Stress zu spielen. Es ist zwar v\u00f6llig in Ordnung, einmalig zu spielen (wenn Sie das bevorzugen), aber die meisten Spieler spielen h\u00e4ufig. Der beste Weg, die britische Lotterie zu spielen und zu gewinnen, ist, regelm\u00e4\u00dfig zu spielen, und genau darum geht es bei diesem Service.<\/p>\n<p>Sie k\u00f6nnen es so einstellen, dass Sie automatisch f\u00fcr zuk\u00fcnftige Ziehungen eingetragen werden. Die britische Lotterie hat 2 w\u00f6chentliche Ziehungen: Mittwochs und samstags. Um ehrlich zu sein, kann es ein bisschen anstrengend sein, sich daran zu erinnern, bei jeder Ziehung zu spielen und teilzunehmen, aber daf\u00fcr sind wir ja da.<\/p>\n<p>Sobald Sie den Abonnementservice eingerichtet haben, k\u00f6nnen Sie sich entspannen und wissen, dass Sie keine Ziehung der britischen Lotterie verpassen werden.<\/p>\n<h2>Preise<\/h2>\n<p>Wir haben bereits erw\u00e4hnt, dass die Preise f\u00fcr diese Lotterie vom Lotteriefonds abh\u00e4ngen. Wir k\u00f6nnen also nur die Preise einer bestimmten Ziehung mitteilen. Beachten Sie, dass bei mehreren Gewinnern der Preis unter ihnen aufgeteilt wird.<\/p>\n<p>Abteilung 1: Spiel 6 &#8211; 2.000.000 \u00a3 (Jackpot)<\/p>\n<p>Abteilung 2: Spiel 5 + Bonus &#8211; \u00a31.000.000<\/p>\n<p>Abteilung 3: Spiel 5 &#8211; 1.750 \u00a3<\/p>\n<p>Abteilung 4: Spiel 4 &#8211; 140 Pfund<\/p>\n<p>Abteilung 5: Spiel 3 &#8211; \u00a330<\/p>\n<p>Abteilung 6: Spiel 2 &#8211; kostenloser Lotto-Gl\u00fcckstreffer<\/p>\n<p>Bitte beachten Sie, dass selbst wenn Sie diese Preise gewinnen, der angegebene Betrag nicht dem entspricht, was Sie als Auszahlung erhalten werden. Das liegt daran, dass etwa 45 % der Lotteriemittel in die Preisgelder flie\u00dfen. Es kann also weniger oder mehr sein, je nachdem, was sich im Fonds befindet.<\/p>\n<h2>Wie Sie Ihren Gewinn einfordern<\/h2>\n<p>Wenn Sie bei uns registriert sind, ist die Geltendmachung Ihres Gewinns einfach und unkompliziert. Wenn Ihr Gewinn \u20ac 2500 oder weniger betr\u00e4gt, k\u00f6nnen Sie ihn direkt hier auf unserer Website abrufen. Denn die Lotteriegesellschaft zahlt den Betrag direkt an unsere Website, und Sie k\u00f6nnen ihn dann auf Ihr Konto abheben.<\/p>\n<p>Bei einem Betrag von mehr als 2500 \u20ac m\u00fcssen Sie Ihren Gewinn direkt bei der Lotteriegesellschaft anfordern. Wir helfen Ihnen dabei, indem wir Ihnen ein Antragsformular zur Verf\u00fcgung stellen, das Sie ausf\u00fcllen k\u00f6nnen, so dass Sie sich keine Sorgen machen m\u00fcssen.<\/p>\n<p><strong>Die Lotteriegesellschaft hat einige Vorschriften, wenn es um die Geltendmachung Ihrer Gewinne geht.<\/strong><\/p>\n<ul>\n<li>Sie m\u00fcssen mindestens 18 Jahre alt sein, um an der Lotterie teilnehmen zu k\u00f6nnen.<\/li>\n<li>Die Gewinne m\u00fcssen innerhalb von 180 Tagen nach der Ziehung geltend gemacht werden. Die einzige Ausnahme ist, wenn Sie das Verfahren innerhalb von 7 Tagen begonnen haben.<\/li>\n<li>Sofortgewinnspiele m\u00fcssen innerhalb von 180 Tagen nach dem Kauf des Sofortgewinnspiels geltend gemacht werden.<\/li>\n<li>Spiele mit Rubbellosen m\u00fcssen ebenfalls innerhalb von 180 Tagen nach dem Kauf des Rubbelloses geltend gemacht werden.<\/li>\n<\/ul>\n<h2>\u00dcber unsere Concierge-Dienste<\/h2>\n<p>Wir m\u00f6chten Ihnen kurz erkl\u00e4ren, was wir tun und warum wir einen Concierge-Service anbieten. Es gibt mehrere Online-Lotterieseiten, die behaupten, den Spielern Zugang zu weltweiten Lotterien zu verschaffen. In Wirklichkeit bieten sie aber nur die M\u00f6glichkeit, auf das Ergebnis zu wetten. Wir tun das nicht. Wir geben den Spielern die Chance, an internationalen Spitzenlotterien teilzunehmen.<\/p>\n<p>Wenn Sie die britische Lotterie auf unserer Website spielen, geschieht Folgendes. Sobald Sie Ihre Zahlen ausgew\u00e4hlt und die Zahlung geleistet haben, kauft unser Vertreter in den USA einen physischen Schein mit Ihren Zahlen. Dieser ist nat\u00fcrlich f\u00fcr die von Ihnen gew\u00e4hlte Ziehung bestimmt. Dieser Schein wird dann gescannt und auf Ihr Konto hochgeladen.<\/p>\n<p>Dies ist eine v\u00f6llig legale M\u00f6glichkeit, die britische Lotterie von jedem Ort der Welt aus online zu spielen. Au\u00dferdem wird so sichergestellt, dass Sie wirklich an der Lotterie Ihrer Wahl teilnehmen. Dar\u00fcber hinaus ver\u00f6ffentlichen wir die Ziehungsergebnisse direkt hier auf unserer Website und informieren Sie, wenn Sie gewonnen haben. Wir sind ein Concierge-Service, denn wir k\u00fcmmern uns um all die l\u00e4stigen kleinen Details, damit Sie Ihr Lotterieerlebnis genie\u00dfen k\u00f6nnen.<\/p>\n<h2>Registrieren Sie sich bei uns, um die besten internationalen Lotterien online zu spielen<\/h2>\n<p>Im Vereinigten K\u00f6nigreich gibt es viele Lotterien, die Sie online spielen k\u00f6nnen. Wenn Sie die Lotterie ausprobieren m\u00f6chten, k\u00f6nnen Sie das tun. Wenn Sie aber eine gr\u00f6\u00dfere Auswahl brauchen, warum versuchen Sie es nicht mit der Lotterie Set for Life, die eine Rentenlotterie ist? Oder Sie k\u00f6nnen die Eurojackpot-Lotterie und Euromillions spielen. Sie finden alle diese Online-Lotterien hier auf unserer Website. Melden Sie sich jetzt an und sichern Sie sich Ihre Chance auf einen gro\u00dfen Gewinn.<\/p>\n","protected":false},"excerpt":{"rendered":"<p>Die UK-Lotterie ist ein Lotteriespiel, das im Vereinigten K\u00f6nigreich gespielt wird. In diesem Land gibt es viele Lotteriespiele, darunter auch das Spiel Set for Life, das eine Rentenlotterie ist. Aber wir sind nicht hier, um \u00fcber Set for Life zu sprechen. Dies ist ein Spiel, das die Spieler zum Spa\u00df spielen, und Sie k\u00f6nnen dieses [&hellip;]<\/p>\n","protected":false},"author":1,"featured_media":0,"parent":35692,"menu_order":10,"comment_status":"closed","ping_status":"closed","template":"lotto-uk.php","meta":{"_et_pb_use_builder":"","_et_pb_old_content":"","_et_gb_content_width":"","exclude_from_search":false,"footnotes":""},"class_list":["post-40984","page","type-page","status-publish","hentry"],"yoast_head":"<!-- This site is optimized with the Yoast SEO plugin v23.3 - https:\/\/yoast.com\/wordpress\/plugins\/seo\/ -->\n<title>Spielen Sie die UK Lottery online, auch wenn Sie nicht im Vereinigten K\u00f6nigreich leben<\/title>\n<meta name=\"description\" content=\"Sie m\u00f6chten die britische Lotterie spielen, befinden sich aber au\u00dferhalb des Vereinigten K\u00f6nigreichs? Kein Problem, Sie k\u00f6nnen unseren Online-Service nutzen, um diese Lotterie von \u00fcberall aus zu spielen\" \/>\n<meta name=\"robots\" content=\"index, follow, max-snippet:-1, max-image-preview:large, max-video-preview:-1\" \/>\n<link rel=\"canonical\" href=\"https:\/\/jackpotlotteryonline.com\/de\/wie-man-spielt\/uk-lottery\/\" \/>\n<meta property=\"og:locale\" content=\"de_DE\" \/>\n<meta property=\"og:type\" content=\"article\" \/>\n<meta property=\"og:title\" content=\"Spielen Sie die UK Lottery online, auch wenn Sie nicht im Vereinigten K\u00f6nigreich leben\" \/>\n<meta property=\"og:description\" content=\"Sie m\u00f6chten die britische Lotterie spielen, befinden sich aber au\u00dferhalb des Vereinigten K\u00f6nigreichs? Kein Problem, Sie k\u00f6nnen unseren Online-Service nutzen, um diese Lotterie von \u00fcberall aus zu spielen\" \/>\n<meta property=\"og:url\" content=\"https:\/\/jackpotlotteryonline.com\/de\/wie-man-spielt\/uk-lottery\/\" \/>\n<meta property=\"og:site_name\" content=\"Lotto Online - Crack The International Lottery Jackpots\" \/>\n<meta property=\"article:modified_time\" content=\"2023-01-03T09:11:50+00:00\" \/>\n<meta property=\"og:image\" content=\"http:\/\/jackpotlotteryonline.com\/wp-content\/uploads\/2022\/11\/lotteryticket.jpg\" \/>\n<meta name=\"twitter:card\" content=\"summary_large_image\" \/>\n<meta name=\"twitter:label1\" content=\"Gesch\u00e4tzte Lesezeit\" \/>\n\t<meta name=\"twitter:data1\" content=\"7\u00a0Minuten\" \/>\n<!-- \/ Yoast SEO plugin. -->","yoast_head_json":{"title":"Spielen Sie die UK Lottery online, auch wenn Sie nicht im Vereinigten K\u00f6nigreich leben","description":"Sie m\u00f6chten die britische Lotterie spielen, befinden sich aber au\u00dferhalb des Vereinigten K\u00f6nigreichs? Kein Problem, Sie k\u00f6nnen unseren Online-Service nutzen, um diese Lotterie von \u00fcberall aus zu spielen","robots":{"index":"index","follow":"follow","max-snippet":"max-snippet:-1","max-image-preview":"max-image-preview:large","max-video-preview":"max-video-preview:-1"},"canonical":"https:\/\/jackpotlotteryonline.com\/de\/wie-man-spielt\/uk-lottery\/","og_locale":"de_DE","og_type":"article","og_title":"Spielen Sie die UK Lottery online, auch wenn Sie nicht im Vereinigten K\u00f6nigreich leben","og_description":"Sie m\u00f6chten die britische Lotterie spielen, befinden sich aber au\u00dferhalb des Vereinigten K\u00f6nigreichs? Kein Problem, Sie k\u00f6nnen unseren Online-Service nutzen, um diese Lotterie von \u00fcberall aus zu spielen","og_url":"https:\/\/jackpotlotteryonline.com\/de\/wie-man-spielt\/uk-lottery\/","og_site_name":"Lotto Online - Crack The International Lottery Jackpots","article_modified_time":"2023-01-03T09:11:50+00:00","og_image":[{"url":"http:\/\/jackpotlotteryonline.com\/wp-content\/uploads\/2022\/11\/lotteryticket.jpg"}],"twitter_card":"summary_large_image","twitter_misc":{"Gesch\u00e4tzte Lesezeit":"7\u00a0Minuten"},"schema":{"@context":"https:\/\/schema.org","@graph":[{"@type":"WebPage","@id":"https:\/\/jackpotlotteryonline.com\/de\/wie-man-spielt\/uk-lottery\/","url":"https:\/\/jackpotlotteryonline.com\/de\/wie-man-spielt\/uk-lottery\/","name":"Spielen Sie die UK Lottery online, auch wenn Sie nicht im Vereinigten K\u00f6nigreich leben","isPartOf":{"@id":"https:\/\/jackpotlotteryonline.com\/#website"},"primaryImageOfPage":{"@id":"https:\/\/jackpotlotteryonline.com\/de\/wie-man-spielt\/uk-lottery\/#primaryimage"},"image":{"@id":"https:\/\/jackpotlotteryonline.com\/de\/wie-man-spielt\/uk-lottery\/#primaryimage"},"thumbnailUrl":"http:\/\/jackpotlotteryonline.com\/wp-content\/uploads\/2022\/11\/lotteryticket.jpg","datePublished":"2022-12-07T12:02:56+00:00","dateModified":"2023-01-03T09:11:50+00:00","description":"Sie m\u00f6chten die britische Lotterie spielen, befinden sich aber au\u00dferhalb des Vereinigten K\u00f6nigreichs? Kein Problem, Sie k\u00f6nnen unseren Online-Service nutzen, um diese Lotterie von \u00fcberall aus zu spielen","breadcrumb":{"@id":"https:\/\/jackpotlotteryonline.com\/de\/wie-man-spielt\/uk-lottery\/#breadcrumb"},"inLanguage":"de","potentialAction":[{"@type":"ReadAction","target":["https:\/\/jackpotlotteryonline.com\/de\/wie-man-spielt\/uk-lottery\/"]}]},{"@type":"ImageObject","inLanguage":"de","@id":"https:\/\/jackpotlotteryonline.com\/de\/wie-man-spielt\/uk-lottery\/#primaryimage","url":"http:\/\/jackpotlotteryonline.com\/wp-content\/uploads\/2022\/11\/lotteryticket.jpg","contentUrl":"http:\/\/jackpotlotteryonline.com\/wp-content\/uploads\/2022\/11\/lotteryticket.jpg"},{"@type":"BreadcrumbList","@id":"https:\/\/jackpotlotteryonline.com\/de\/wie-man-spielt\/uk-lottery\/#breadcrumb","itemListElement":[{"@type":"ListItem","position":1,"name":"Home","item":"https:\/\/jackpotlotteryonline.com\/de\/"},{"@type":"ListItem","position":2,"name":"Wie man spielt","item":"https:\/\/jackpotlotteryonline.com\/de\/wie-man-spielt\/"},{"@type":"ListItem","position":3,"name":"Spielen Sie die UK Lottery von \u00fcberall aus"}]},{"@type":"WebSite","@id":"https:\/\/jackpotlotteryonline.com\/#website","url":"https:\/\/jackpotlotteryonline.com\/","name":"Lotto Online - Crack The International Lottery Jackpots","description":"","potentialAction":[{"@type":"SearchAction","target":{"@type":"EntryPoint","urlTemplate":"https:\/\/jackpotlotteryonline.com\/?s={search_term_string}"},"query-input":"required name=search_term_string"}],"inLanguage":"de"}]}},"_links":{"self":[{"href":"https:\/\/jackpotlotteryonline.com\/de\/wp-json\/wp\/v2\/pages\/40984","targetHints":{"allow":["GET"]}}],"collection":[{"href":"https:\/\/jackpotlotteryonline.com\/de\/wp-json\/wp\/v2\/pages"}],"about":[{"href":"https:\/\/jackpotlotteryonline.com\/de\/wp-json\/wp\/v2\/types\/page"}],"author":[{"embeddable":true,"href":"https:\/\/jackpotlotteryonline.com\/de\/wp-json\/wp\/v2\/users\/1"}],"replies":[{"embeddable":true,"href":"https:\/\/jackpotlotteryonline.com\/de\/wp-json\/wp\/v2\/comments?post=40984"}],"version-history":[{"count":0,"href":"https:\/\/jackpotlotteryonline.com\/de\/wp-json\/wp\/v2\/pages\/40984\/revisions"}],"up":[{"embeddable":true,"href":"https:\/\/jackpotlotteryonline.com\/de\/wp-json\/wp\/v2\/pages\/35692"}],"wp:attachment":[{"href":"https:\/\/jackpotlotteryonline.com\/de\/wp-json\/wp\/v2\/media?parent=40984"}],"curies":[{"name":"wp","href":"https:\/\/api.w.org\/{rel}","templated":true}]}}