{"id":41039,"date":"2022-12-08T06:55:44","date_gmt":"2022-12-08T06:55:44","guid":{"rendered":"https:\/\/jackpotlotteryonline.com\/?page_id=41039"},"modified":"2022-12-31T13:55:36","modified_gmt":"2022-12-31T13:55:36","slug":"thunderball","status":"publish","type":"page","link":"https:\/\/jackpotlotteryonline.com\/de\/wie-man-spielt\/thunderball\/","title":{"rendered":"Thunderball online &#8211; Spielen Sie diese britische Lotterie von \u00fcberall aus"},"content":{"rendered":"<p>Die britische Thunderball-Lotterie gibt es schon seit geraumer Zeit. Nicht so alt wie einige andere europ\u00e4ische Lotterien (wie La Primitiva), denn die erste Ziehung fand 1999 statt. Dennoch hat Thunderball in dieser Zeit viele Leben ver\u00e4ndert und tut dies auch weiterhin. Der Jackpot von f\u00fcnfhunderttausend Pfund scheint nicht viel zu sein, aber es ist ein lebensver\u00e4ndernder Betrag. Und die Spieler im Vereinigten K\u00f6nigreich stimmen dem zu, da viele Spieler Lose f\u00fcr die Thunderball-Ziehungen kaufen.<\/p>\n<p>Wenn Sie ein Spieler au\u00dferhalb des Vereinigten K\u00f6nigreichs sind, k\u00f6nnen Sie Thunderball auch online spielen. Sie k\u00f6nnen <a href=\"https:\/\/jackpotlotteryonline.com\/de\/spielscheine-kaufen\/thunderball\">Lose kaufen<\/a>, die <a href=\"https:\/\/jackpotlotteryonline.com\/de\/gewinn-zahlen\/thunderball\">Ziehungsergebnisse<\/a> \u00fcberpr\u00fcfen und Ihre Gewinne abheben &#8211; und das alles bequem von Ihrem Computer oder Mobilger\u00e4t aus. Lesen Sie weiter, um herauszufinden, wie Sie Thunderball online spielen k\u00f6nnen.<\/p>\n<h2>Thunderball-Gewinner<\/h2>\n<p><img loading=\"lazy\" decoding=\"async\" class=\"alignright size-full wp-image-31370\" src=\"http:\/\/jackpotlotteryonline.com\/wp-content\/uploads\/2022\/11\/lotteryticket.jpg\" alt=\"Thunderball online spielen.\" width=\"212\" height=\"142\" \/>Wenn es eine Lotterie gibt, die in den letzten Jahrzehnten mehrere Gewinner hervorgebracht hat, dann ist es Thunderball. Diese britische Lotterie hat sich den Ruf erworben, Leben zu ver\u00e4ndern, weil sie viele Gewinner hervorgebracht hat. Es gibt die Geschichte der Familie Knowles, die jahrelang gespielt hat und auch nach dem Tod ihrer Mutter weiterspielte. Der Gewinn war f\u00fcr sie etwas ganz Besonderes.<\/p>\n<p>Karen und David Ainger sind ein Paar, das den lebensver\u00e4ndernden Thunderball-Jackpot gewonnen hat. Der Gewinn war ihnen sehr willkommen, da sie sagten, dass er in ihren Ruhestand flie\u00dfen w\u00fcrde. Ein weiteres Paar, das den Thunderball gewann, waren Alf und Rita Boorman. Ihr Gewinn war sehr interessant, denn 30 Jahre zuvor hatte Alfs Vater ebenfalls gewonnen. Wir sprechen hier von einem Generationsgewinn.<\/p>\n<h2>Wie man Thunderball online spielt<\/h2>\n<p>Thunderball zu spielen macht Spa\u00df, und wenn Sie ein erfahrener Spieler sind, dann wissen Sie wahrscheinlich schon, was zu tun ist. Die Spieler m\u00fcssen 5 Zahlen aus einem Bereich von 1 bis 39 und eine Sonderzahl von 1 bis 14 w\u00e4hlen. Die Sonderzahl wird &#8220;Thunderball&#8221; genannt.<\/p>\n<p>Wenn Sie Thunderball online spielen, k\u00f6nnen Sie den Zahlengenerator verwenden, um zuf\u00e4llige Zahlen auszuw\u00e4hlen. Dies ist eine Art &#8220;Lucky Dip&#8221; f\u00fcr diejenigen, die an physische Tickets gew\u00f6hnt sind. Sie k\u00f6nnen mehrere Reihen und mehrere Lose w\u00e4hlen, um Ihre Gewinnchancen beim Thunderball zu erh\u00f6hen. Der n\u00e4chste Schritt ist die Teilnahme an der Ziehung, und das ist der beste Teil.<\/p>\n<p>Thunderball hat vier Ziehungen pro Woche. Das bedeutet, dass die Wahrscheinlichkeit, den Jackpot zu knacken, bei Thunderball viermal so hoch ist. Sie k\u00f6nnen an einer einzigen Ziehung teilnehmen, aber es ist wahrscheinlich am besten, an mehreren Ziehungen teilzunehmen, damit Sie eine viel h\u00f6here Gewinnchance haben. Wenn Sie bei uns spielen, werden Sie gebeten, sich zu registrieren. So k\u00f6nnen wir Sie benachrichtigen, wenn Sie einen Preis gewonnen haben.<\/p>\n<section class=\"layout\" style=\"border: solid 1px; width: 100%;\">\n<div class=\"img-div\" style=\"margin-top: 5px;\"><img decoding=\"async\" class=\"wp-image-17212 alignleft\" style=\"height: 45px; margin: 8px 8px 0px;\" src=\"http:\/\/jackpotlotteryonline.com\/wp-content\/uploads\/2022\/11\/read1.jpg\" alt=\"Lesen Sie \" width=\"\" height=\"\" \/><\/div>\n<div style=\"padding-left: 5px;\">\n<div style=\"font-size: 1.1em;\">\n<p><strong>Ist es legal, Lotterien aus anderen L\u00e4ndern online zu spielen?<\/strong><\/p>\n<p style=\"font-size: 0.85em; margin-top: -1.5em;\">Ist es legal, einen Lottoschein online zu kaufen, und werde ich tats\u00e4chlich ausgezahlt?\u00a0 <a href=\"https:\/\/jackpotlotteryonline.com\/de\/ist-es-legal-lotterien-aus-anderen-laendern-online-zu-spielen\">mehr lesen<\/a><\/p>\n<\/div>\n<\/div>\n<\/section>\n<h2>Was ist zu tun, wenn Sie gewinnen?<\/h2>\n<p>Wenn Sie einen Preis gewinnen, schicken wir Ihnen eine E-Mail, um Sie zu informieren. Es wird auch eine Benachrichtigung auf unserer Plattform erscheinen, so dass Sie die Benachrichtigung erhalten, wenn Sie sich das n\u00e4chste Mal einloggen. Aber es geht auch dar\u00fcber hinaus.<\/p>\n<p>Wenn Ihr Gewinn weniger als 2500 \u20ac betr\u00e4gt, k\u00f6nnen Sie ihn einfach direkt von unserer Plattform abheben. Sie brauchen kein Protokoll und keine unn\u00f6tige Prozedur; heben Sie einfach Ihr Geld ab. Bei Betr\u00e4gen von mehr als 2500 \u20ac m\u00fcssen Sie m\u00f6glicherweise ein Antragsformular ausf\u00fcllen, um den Gewinn bei der Lotteriegesellschaft einzufordern. Aber keine Sorge, auch dabei sind wir Ihnen behilflich.<\/p>\n<h2>Preise, die Sie gewinnen k\u00f6nnen<\/h2>\n<p>Was genau k\u00f6nnen Sie also gewinnen, wenn Sie die Thunderball-Lotterie spielen? Diese britische Thunderball-Lotterie hat mehrere Preiskategorien und es gibt sogar einen Preis nur f\u00fcr die \u00dcbereinstimmung mit dem Thunderball. Die Chancen, etwas zu gewinnen, sind also ziemlich hoch. Hier ist die Aufschl\u00fcsselung der Preiskategorien f\u00fcr den UK Thunderball sowie die Gewinnchancen.<\/p>\n<p>Kategorie 1: Match 5 + Thunderball &#8211; 1 zu 8.060.598 &#8211; 500.000 \u00a3<\/p>\n<p>Kategorie 2: Nur Spiel 5 &#8211; 1 zu 620.046 &#8211; \u00a35000<\/p>\n<p>Kategorie 3: Spiel 4 + Thunderball &#8211; 1 zu 47.416 &#8211; 250 \u00a3<\/p>\n<p>Kategorie 4: Nur Spiel 4 &#8211; 1 von 3.648 &#8211; 100 Pfund<\/p>\n<p>Kategorie 5: Spiel 3 + Thunderball &#8211; 1 von 1.437 &#8211; \u00a320<\/p>\n<p>Kategorie 6: Nur Spiel 3 &#8211; 1 zu 111 &#8211; \u00a310<\/p>\n<p>Kategorie 7: Spiel 2 + Thunderball &#8211; 1 zu 135 &#8211; \u00a310<\/p>\n<p>Kategorie 8: Spiel 1 + Thunderball &#8211; 1 zu 35 &#8211; \u00a35<\/p>\n<p>Kategorie 9: Match Thunderball &#8211; 1 zu 29 &#8211; \u00a33<\/p>\n<p>Bei Thunderball ist f\u00fcr jeden etwas dabei, und es spielt keine Rolle, ob Sie in Gro\u00dfbritannien leben oder nicht. Sie k\u00f6nnen jetzt diese britische Lotterie spielen, um eine Gewinnchance zu haben, und wenn Sie bei uns spielen, k\u00f6nnen Sie Ihre Gewinne problemlos abheben.<\/p>\n<h2>Vorteile einer Concierge-Website<\/h2>\n<p><img loading=\"lazy\" decoding=\"async\" class=\"alignright size-full wp-image-28940\" src=\"http:\/\/jackpotlotteryonline.com\/wp-content\/uploads\/2022\/11\/1_pick_winning_numbers_lottery.jpg\" alt=\"Kaufen Sie Ihren Thunderball Lottoschein\" width=\"300\" height=\"200\" \/>Das Erstaunliche an einer Concierge-Website ist, dass Sie sich nie fragen m\u00fcssen, ob Sie tats\u00e4chlich an der Lotterie teilgenommen haben. Das ist ein echtes Problem, denn viele Websites bieten ihren Kunden keinen wirklichen Zugang zur Lotterie. Was sie tun, ist, die Benutzer auf das Ergebnis der Lotterie wetten zu lassen, was \u00fcberhaupt nicht dasselbe ist.<\/p>\n<p>Mit jackpotlotteryonline.com bieten wir unseren Nutzern Zugang zu den besten internationalen Lotterien der Welt. Das liegt daran, dass wir eine Concierge-Website betreiben, auf der wir Vertreter in verschiedenen Teilen der Welt haben. Wenn Sie bei uns Lotteriescheine kaufen, kauft unser Vertreter in diesem Land einen physischen Schein mit den entsprechenden Zahlen. Der Schein wird dann gescannt und an Sie geschickt.<\/p>\n<p>Wenn Sie Ihren Thunderball-Lotterieschein bei uns kaufen, k\u00f6nnen Sie sicher sein, dass Sie die Lotterie gewinnen, wenn Sie die gezogenen Zahlen treffen. So einfach ist das, und doch ist es das Einzige, was unseren Kunden die Gewissheit gibt, online Lotto zu spielen.<\/p>\n<h2>Spielen Sie den UK Thunderball online<\/h2>\n<p>Wenn Sie unbedingt die Thunderball-Lotterie spielen m\u00f6chten und au\u00dferhalb des Vereinigten K\u00f6nigreichs leben, haben Sie Gl\u00fcck. Wenn Sie jackpotlotteryonline.com besuchen, erhalten Sie Zugang zu internationalen Top-Lotterien, einschlie\u00dflich Thunderball. Wir sind eine Concierge-Website, d.h. wenn Sie bei uns spielen, bekommen Sie das einzig Wahre.<\/p>\n<p>Es ist an der Zeit, die Chance zu nutzen, mit Thunderball einen lebensver\u00e4ndernden Preis zu gewinnen. Spielen Sie Thunderball noch heute online und sichern Sie sich die Chance auf einen Lottogewinn.<\/p>\n","protected":false},"excerpt":{"rendered":"<p>Die britische Thunderball-Lotterie gibt es schon seit geraumer Zeit. Nicht so alt wie einige andere europ\u00e4ische Lotterien (wie La Primitiva), denn die erste Ziehung fand 1999 statt. Dennoch hat Thunderball in dieser Zeit viele Leben ver\u00e4ndert und tut dies auch weiterhin. Der Jackpot von f\u00fcnfhunderttausend Pfund scheint nicht viel zu sein, aber es ist ein [&hellip;]<\/p>\n","protected":false},"author":1,"featured_media":0,"parent":35692,"menu_order":12,"comment_status":"closed","ping_status":"closed","template":"thunderball.php","meta":{"_et_pb_use_builder":"","_et_pb_old_content":"","_et_gb_content_width":"","exclude_from_search":false,"footnotes":""},"class_list":["post-41039","page","type-page","status-publish","hentry"],"yoast_head":"<!-- This site is optimized with the Yoast SEO plugin v23.3 - https:\/\/yoast.com\/wordpress\/plugins\/seo\/ -->\n<title>Spielen Sie die britische Lotterie Thunderball online, auch von au\u00dferhalb Gro\u00dfbritanniens<\/title>\n<meta name=\"description\" content=\"Lotterie-Fans von au\u00dferhalb Gro\u00dfbritanniens k\u00f6nnen Thunderball jetzt online spielen - holen Sie sich Ihre Tickets online \u00fcber unseren Messenger-Service.\" \/>\n<meta name=\"robots\" content=\"index, follow, max-snippet:-1, max-image-preview:large, max-video-preview:-1\" \/>\n<link rel=\"canonical\" href=\"https:\/\/jackpotlotteryonline.com\/de\/wie-man-spielt\/thunderball\/\" \/>\n<meta property=\"og:locale\" content=\"de_DE\" \/>\n<meta property=\"og:type\" content=\"article\" \/>\n<meta property=\"og:title\" content=\"Spielen Sie die britische Lotterie Thunderball online, auch von au\u00dferhalb Gro\u00dfbritanniens\" \/>\n<meta property=\"og:description\" content=\"Lotterie-Fans von au\u00dferhalb Gro\u00dfbritanniens k\u00f6nnen Thunderball jetzt online spielen - holen Sie sich Ihre Tickets online \u00fcber unseren Messenger-Service.\" \/>\n<meta property=\"og:url\" content=\"https:\/\/jackpotlotteryonline.com\/de\/wie-man-spielt\/thunderball\/\" \/>\n<meta property=\"og:site_name\" content=\"Lotto Online - Crack The International Lottery Jackpots\" \/>\n<meta property=\"article:modified_time\" content=\"2022-12-31T13:55:36+00:00\" \/>\n<meta property=\"og:image\" content=\"http:\/\/jackpotlotteryonline.com\/wp-content\/uploads\/2022\/11\/lotteryticket.jpg\" \/>\n<meta name=\"twitter:card\" content=\"summary_large_image\" \/>\n<meta name=\"twitter:label1\" content=\"Gesch\u00e4tzte Lesezeit\" \/>\n\t<meta name=\"twitter:data1\" content=\"5\u00a0Minuten\" \/>\n<!-- \/ Yoast SEO plugin. -->","yoast_head_json":{"title":"Spielen Sie die britische Lotterie Thunderball online, auch von au\u00dferhalb Gro\u00dfbritanniens","description":"Lotterie-Fans von au\u00dferhalb Gro\u00dfbritanniens k\u00f6nnen Thunderball jetzt online spielen - holen Sie sich Ihre Tickets online \u00fcber unseren Messenger-Service.","robots":{"index":"index","follow":"follow","max-snippet":"max-snippet:-1","max-image-preview":"max-image-preview:large","max-video-preview":"max-video-preview:-1"},"canonical":"https:\/\/jackpotlotteryonline.com\/de\/wie-man-spielt\/thunderball\/","og_locale":"de_DE","og_type":"article","og_title":"Spielen Sie die britische Lotterie Thunderball online, auch von au\u00dferhalb Gro\u00dfbritanniens","og_description":"Lotterie-Fans von au\u00dferhalb Gro\u00dfbritanniens k\u00f6nnen Thunderball jetzt online spielen - holen Sie sich Ihre Tickets online \u00fcber unseren Messenger-Service.","og_url":"https:\/\/jackpotlotteryonline.com\/de\/wie-man-spielt\/thunderball\/","og_site_name":"Lotto Online - Crack The International Lottery Jackpots","article_modified_time":"2022-12-31T13:55:36+00:00","og_image":[{"url":"http:\/\/jackpotlotteryonline.com\/wp-content\/uploads\/2022\/11\/lotteryticket.jpg"}],"twitter_card":"summary_large_image","twitter_misc":{"Gesch\u00e4tzte Lesezeit":"5\u00a0Minuten"},"schema":{"@context":"https:\/\/schema.org","@graph":[{"@type":"WebPage","@id":"https:\/\/jackpotlotteryonline.com\/de\/wie-man-spielt\/thunderball\/","url":"https:\/\/jackpotlotteryonline.com\/de\/wie-man-spielt\/thunderball\/","name":"Spielen Sie die britische Lotterie Thunderball online, auch von au\u00dferhalb Gro\u00dfbritanniens","isPartOf":{"@id":"https:\/\/jackpotlotteryonline.com\/#website"},"primaryImageOfPage":{"@id":"https:\/\/jackpotlotteryonline.com\/de\/wie-man-spielt\/thunderball\/#primaryimage"},"image":{"@id":"https:\/\/jackpotlotteryonline.com\/de\/wie-man-spielt\/thunderball\/#primaryimage"},"thumbnailUrl":"http:\/\/jackpotlotteryonline.com\/wp-content\/uploads\/2022\/11\/lotteryticket.jpg","datePublished":"2022-12-08T06:55:44+00:00","dateModified":"2022-12-31T13:55:36+00:00","description":"Lotterie-Fans von au\u00dferhalb Gro\u00dfbritanniens k\u00f6nnen Thunderball jetzt online spielen - holen Sie sich Ihre Tickets online \u00fcber unseren Messenger-Service.","breadcrumb":{"@id":"https:\/\/jackpotlotteryonline.com\/de\/wie-man-spielt\/thunderball\/#breadcrumb"},"inLanguage":"de","potentialAction":[{"@type":"ReadAction","target":["https:\/\/jackpotlotteryonline.com\/de\/wie-man-spielt\/thunderball\/"]}]},{"@type":"ImageObject","inLanguage":"de","@id":"https:\/\/jackpotlotteryonline.com\/de\/wie-man-spielt\/thunderball\/#primaryimage","url":"http:\/\/jackpotlotteryonline.com\/wp-content\/uploads\/2022\/11\/lotteryticket.jpg","contentUrl":"http:\/\/jackpotlotteryonline.com\/wp-content\/uploads\/2022\/11\/lotteryticket.jpg"},{"@type":"BreadcrumbList","@id":"https:\/\/jackpotlotteryonline.com\/de\/wie-man-spielt\/thunderball\/#breadcrumb","itemListElement":[{"@type":"ListItem","position":1,"name":"Home","item":"https:\/\/jackpotlotteryonline.com\/de\/"},{"@type":"ListItem","position":2,"name":"Wie man spielt","item":"https:\/\/jackpotlotteryonline.com\/de\/wie-man-spielt\/"},{"@type":"ListItem","position":3,"name":"Thunderball online &#8211; Spielen Sie diese britische Lotterie von \u00fcberall aus"}]},{"@type":"WebSite","@id":"https:\/\/jackpotlotteryonline.com\/#website","url":"https:\/\/jackpotlotteryonline.com\/","name":"Lotto Online - Crack The International Lottery Jackpots","description":"","potentialAction":[{"@type":"SearchAction","target":{"@type":"EntryPoint","urlTemplate":"https:\/\/jackpotlotteryonline.com\/?s={search_term_string}"},"query-input":"required name=search_term_string"}],"inLanguage":"de"}]}},"_links":{"self":[{"href":"https:\/\/jackpotlotteryonline.com\/de\/wp-json\/wp\/v2\/pages\/41039","targetHints":{"allow":["GET"]}}],"collection":[{"href":"https:\/\/jackpotlotteryonline.com\/de\/wp-json\/wp\/v2\/pages"}],"about":[{"href":"https:\/\/jackpotlotteryonline.com\/de\/wp-json\/wp\/v2\/types\/page"}],"author":[{"embeddable":true,"href":"https:\/\/jackpotlotteryonline.com\/de\/wp-json\/wp\/v2\/users\/1"}],"replies":[{"embeddable":true,"href":"https:\/\/jackpotlotteryonline.com\/de\/wp-json\/wp\/v2\/comments?post=41039"}],"version-history":[{"count":0,"href":"https:\/\/jackpotlotteryonline.com\/de\/wp-json\/wp\/v2\/pages\/41039\/revisions"}],"up":[{"embeddable":true,"href":"https:\/\/jackpotlotteryonline.com\/de\/wp-json\/wp\/v2\/pages\/35692"}],"wp:attachment":[{"href":"https:\/\/jackpotlotteryonline.com\/de\/wp-json\/wp\/v2\/media?parent=41039"}],"curies":[{"name":"wp","href":"https:\/\/api.w.org\/{rel}","templated":true}]}}