{"id":41091,"date":"2022-12-08T08:41:59","date_gmt":"2022-12-08T08:41:59","guid":{"rendered":"https:\/\/jackpotlotteryonline.com\/?page_id=41091"},"modified":"2022-12-29T08:41:15","modified_gmt":"2022-12-29T08:41:15","slug":"uk-lottery","status":"publish","type":"page","link":"https:\/\/jackpotlotteryonline.com\/de\/gewinn-zahlen\/uk-lottery\/","title":{"rendered":"UK Lotterie Ziehungsergebnisse"},"content":{"rendered":"<p>Die britische Lotterie ist ein interessantes Spiel, denn sie kann die Spieler zu Million\u00e4ren machen. W\u00e4hrend sie bei den Spielern im Vereinigten K\u00f6nigreich sehr beliebt ist, ist sie bei den internationalen Spielern nicht sehr bekannt. Wenn Sie sich also an einer internationalen Lotterie versuchen wollen, warum nicht an dieser? Obwohl die Preise nicht garantiert sind, ist es einfach, eine Gewinnnummer zu ziehen.<\/p>\n<p>Eine Sache sollten Sie jedoch beachten. Wenn Sie bei dieser Lotterie gewinnen, k\u00f6nnen wir nicht sagen, mit wie viel Geld Sie nach Hause gehen werden. Das liegt daran, dass der Jackpot 52 % des Lottofonds ausmacht. Wenn nicht viele Lose verkauft wurden, werden Sie nicht mit viel Geld nach Hause gehen. Nein, das hat nichts mit uns zu tun, sondern ist eine Vorschrift der Lotteriegesellschaft.<\/p>\n<p>Sie k\u00f6nnen auf unserer Website jackpotlottery.com an dieser Lotterie teilnehmen oder aus einer Vielzahl anderer Lotterien w\u00e4hlen. Es gibt internationale Top-Lotterien, die Sie auf unserer Website spielen k\u00f6nnen und bei denen Sie Ihre Gewinne behalten d\u00fcrfen. Oder Sie k\u00f6nnen stattdessen diese Lotterie ausprobieren. Das bleibt ganz Ihnen \u00fcberlassen.<\/p>\n<section class=\"layout\" style=\"border: solid 1px; width: 100%;\">\n<div class=\"img-div\" style=\"margin-top: 5px;\"><img decoding=\"async\" class=\"wp-image-17212 alignleft\" style=\"height: 45px; margin: 8px 8px 0px;\" src=\"https:\/\/jackpotlotteryonline.com\/wp-content\/uploads\/2022\/11\/read1.jpg\" alt=\"lesen\" width=\"\" height=\"\" \/><\/div>\n<div style=\"padding-left: 5px;\">\n<div style=\"font-size: 1.1em;\">\n<p><strong>Welche internationale Lotterie ist die beste?<\/strong><\/p>\n<p style=\"font-size: 0.85em; margin-top: -1.5em;\">Welche der internationalen Lotterien hat die besten Gewinnchancen &#8230;<a href=\"https:\/\/jackpotlotteryonline.com\/de\/welche-internationale-lotterie-ist-die-beste\">\u00a0mehr lesen<\/a><\/p>\n<\/div>\n<\/div>\n<\/section>\n<h2>Wie man die britische Lotterie spielt<\/h2>\n<p><img loading=\"lazy\" decoding=\"async\" class=\"alignright size-full wp-image-27482\" src=\"https:\/\/jackpotlotteryonline.com\/wp-content\/uploads\/2022\/11\/1_lottery_jackpot3.jpg\" alt=\"Spielen Sie die UK Lotterie\" width=\"245\" height=\"123\" \/>\u00c4hnlich wie bei anderen Lottospielen m\u00fcssen Sie 6 Zahlen aus einem Pool von 1 bis 49 ziehen. Bei den Ziehungen wird au\u00dferdem eine Bonuszahl zuf\u00e4llig ausgew\u00e4hlt, die zur Ermittlung des Gewinns herangezogen wird. Wir sind nicht besonders scharf darauf, dieses Lotto zu empfehlen. Selbst wenn Sie mit den gezogenen Zahlen \u00fcbereinstimmen, k\u00f6nnen wir nicht garantieren, was Sie mit nach Hause nehmen werden.<\/p>\n<p>Wenn Sie unsere Website besuchen, k\u00f6nnen Sie an anderen Spielen wie dem US Powerball und Mega Millions teilnehmen. Bei diesen Lotterien liegt der Mindestjackpot bei 40 Millionen Dollar. Es gibt auch andere europ\u00e4ische Lotterien, die Sie spielen k\u00f6nnen, wie Euromillions und Eurojackpot.<\/p>\n<p>Bei diesen Spielen geht es vor allem darum, gro\u00df zu gewinnen, und das ist unser Traum f\u00fcr unsere Kunden.<\/p>\n<h2>Die Ziehungen<\/h2>\n<p>Die britische Lotterie f\u00fchrt jede Woche zwei Ziehungen durch, am Mittwoch und am Samstag. Wenn Sie also einen Lottoschein kaufen, k\u00f6nnen Sie w\u00e4hlen, ob Sie nur an einer oder an mehreren Ziehungen teilnehmen m\u00f6chten. Die Teilnahme an mehreren Ziehungen ist eine gute M\u00f6glichkeit, Ihre Gewinnchancen zu erh\u00f6hen.<\/p>\n<h2>Gewinnen bei der britischen Lotterie<\/h2>\n<p>Um dieses Lottospiel zu gewinnen, m\u00fcssen die Spieler mindestens drei Hauptzahlen mit den gezogenen Ergebnissen \u00fcbereinstimmen. Der Jackpot bel\u00e4uft sich in der Regel auf etwa 3.000.000 \u00a3, kann aber auch h\u00f6her oder niedriger ausfallen. Um den Jackpot zu gewinnen, m\u00fcssen Sie alle sechs gezogenen Zahlen richtig haben.<\/p>\n<p>Es gibt noch weitere Gewinnklassen f\u00fcr dieses Lottospiel, die wir gleich erw\u00e4hnen werden.<\/p>\n<p>Denken Sie daran, dass das Lotto ein Gl\u00fccksspiel ist und es keinen sicheren Weg zum Gewinn gibt. Die bisher beste Strategie ist, mehrere Lose zu kaufen und an mehreren Ziehungen teilzunehmen. Auf diese Weise erh\u00f6hen Sie Ihre Chancen auf einen Gewinn. Das gilt f\u00fcr jedes Lottospiel, das Sie spielen m\u00f6chten.<\/p>\n<h2>Preiseinteilung<\/h2>\n<p>Wir geben Ihnen hier ein Beispiel f\u00fcr die Gewinnaufteilung einer bestimmten britischen Lottoziehung. Bitte beachten Sie, dass die anderen Preise einen Prozentsatz des Preisfonds darstellen. Das hei\u00dft, wenn es mehrere Gewinner gibt, wird der Gewinn unter ihnen aufgeteilt.<\/p>\n<p>Abteilung 1: Spiel 6 &#8211; \u00a32.000.000 (Jackpot)<\/p>\n<p>Abteilung 2: Spiel 5 + Bonus &#8211; \u00a31.000.000<\/p>\n<p>Abteilung 3: Spiel 5 &#8211; 1.750 \u00a3<\/p>\n<p>Abteilung 4: Spiel 4 &#8211; 140 Pfund<\/p>\n<p>Abteilung 5: Spiel 3 &#8211; \u00a330<\/p>\n<p>Abteilung 6: Spiel 2 &#8211; kostenloser Lotto-Gl\u00fcckstreffer<\/p>\n<p>Bitte beachten Sie, dass selbst wenn Sie diese Preise gewinnen, der angegebene Betrag nicht dem entspricht, was Sie als Auszahlung erhalten werden. Das liegt daran, dass etwa 45 % der Lottomittel in die Preisgelder flie\u00dfen. Es kann also weniger oder mehr sein, je nachdem, was sich im Fonds befindet.<\/p>\n<h2>Beantragung Ihres Gewinns<\/h2>\n<p>Die Lotto-Gesellschaft hat einige Vorschriften, wenn es darum geht, Ihre Gewinne einzufordern.<\/p>\n<ul>\n<li>Sie m\u00fcssen mindestens 18 Jahre alt sein, um an der Lotterie teilnehmen zu k\u00f6nnen.<\/li>\n<li>Die Gewinne m\u00fcssen innerhalb von 180 Tagen nach der Ziehung geltend gemacht werden. Die einzige Ausnahme ist, wenn Sie das Verfahren innerhalb von 7 Tagen begonnen haben.<\/li>\n<li>Sofortgewinnspiele m\u00fcssen innerhalb von 180 Tagen nach dem Kauf des Sofortgewinnspiels geltend gemacht werden.<\/li>\n<li>Spiele mit Rubbellosen m\u00fcssen ebenfalls innerhalb von 180 Tagen nach dem Kauf des Rubbelloses geltend gemacht werden.<\/li>\n<\/ul>\n<p>Wenn <a href=\"https:\/\/jackpotlotteryonline.com\/de\/wie-man-spielt\/uk-lottery\">Sie auf unserer Website Lotto spielen<\/a>, machen wir es Ihnen leicht, Ihre Gewinne einzufordern. Bei Gewinnen bis zu 2500 \u20ac k\u00f6nnen Sie sie direkt hier auf unserer Website abrufen. Denn die Lotteriegesellschaft zahlt den Betrag direkt an unsere Website und Sie k\u00f6nnen ihn dann auf Ihr Konto abheben. Bei einem Betrag von mehr als 2500 \u20ac m\u00fcssen Sie Ihren Gewinn direkt bei der Lotto-Gesellschaft anfordern. Wir helfen Ihnen dabei, indem wir Ihnen ein Antragsformular zur Verf\u00fcgung stellen, das Sie ausf\u00fcllen k\u00f6nnen &#8211; Sie brauchen sich also keine Sorgen zu machen.<\/p>\n<h2>Wie Sie Ihre Gewinnzahlen \u00fcberpr\u00fcfen k\u00f6nnen<\/h2>\n<p><img loading=\"lazy\" decoding=\"async\" class=\"alignright size-medium wp-image-27563\" src=\"https:\/\/jackpotlotteryonline.com\/wp-content\/uploads\/2022\/11\/1_lottery_numbers_draw_results-300x201.jpg\" alt=\"Gewinnen Sie die UK Lotterie\" width=\"300\" height=\"201\" srcset=\"https:\/\/jackpotlotteryonline.com\/wp-content\/uploads\/2022\/11\/1_lottery_numbers_draw_results-300x201.jpg 300w, https:\/\/jackpotlotteryonline.com\/wp-content\/uploads\/2022\/11\/1_lottery_numbers_draw_results.jpg 320w\" sizes=\"auto, (max-width: 300px) 100vw, 300px\" \/>Um zu wissen, ob Sie einen Preis gewonnen haben oder nicht, m\u00fcssen Sie zun\u00e4chst die gezogenen Zahlen \u00fcberpr\u00fcfen. Wenn Sie online spielen, gibt es mehrere M\u00f6glichkeiten, dies zu tun. Aber die bei weitem effizienteste ist, hierher zur\u00fcckzukehren, um die Ziehungsergebnisse zu \u00fcberpr\u00fcfen. Wir ver\u00f6ffentlichen die gezogenen Zahlen nach jeder Ziehung.<\/p>\n<p>Wenn Sie sich bei uns registriert haben, senden wir Ihnen au\u00dferdem eine E-Mail, um Ihnen mitzuteilen, ob Sie einen Preis gewonnen haben. Das ist einer der Hauptvorteile des Lottospiels bei uns. Abgesehen von der Tatsache, dass Sie Zugang zu einer Vielzahl internationaler Lotterien haben. Wenn Sie mit uns spielen, brauchen Sie sich keine Sorgen zu machen, dass Sie Ihren Gewinn verpassen. Wir lassen Sie wissen, wenn Sie einen Preis gewonnen haben. Auch wenn es sich um weniger als 2500 \u20ac handelt, wird der Gewinn bei Ihrem n\u00e4chsten Einloggen auf Ihrem Konto gut sichtbar sein.<\/p>\n<h2>Vorteile des Lottospiels bei uns<\/h2>\n<ul>\n<li>Sie erhalten Zugang zu den besten internationalen Lotterien von einem bequemen Ort aus<\/li>\n<li>Wir sind eine Concierge-Website. Das bedeutet, dass Sie nicht auf das Ergebnis der Lotterie wetten. Sie kaufen eine Teilnahme an der Lotterie, egal wo Sie sind.<\/li>\n<li>Sie k\u00f6nnen an den Ziehungen mehrere Wochen im Voraus teilnehmen, indem Sie unseren Abonnementservice nutzen.<\/li>\n<li>Sie k\u00f6nnen die Ergebnisse der Ziehungen direkt hier auf unserer Website abrufen<\/li>\n<li>Wir benachrichtigen Sie, wenn Sie einen Preis gewinnen<\/li>\n<li>Sie k\u00f6nnen sich Ihre Gewinne ganz einfach von unserer Website auf Ihre Bank auszahlen lassen.<\/li>\n<\/ul>\n<p>Es gibt so viele Vorteile, wenn Sie auf unserer Website Lotto spielen. Wir konzentrieren uns darauf, unseren Kunden den bequemsten und nahtlosesten Service zu bieten, damit sie das Lottospiel genie\u00dfen k\u00f6nnen.<\/p>\n<h2>\u00dcberpr\u00fcfen Sie Ihre Lotto-Gewinnzahlen hier<\/h2>\n<p>Wir haben bereits erw\u00e4hnt, dass wir Zugang zu mehreren internationalen Lotterien bieten. Sie k\u00f6nnen nicht nur <a href=\"https:\/\/jackpotlotteryonline.com\/de\/spielscheine-kaufen\/uk-lottery\">Ihre Spielscheine von \u00fcberall aus kaufen<\/a>, sondern auch die gezogenen Zahlen \u00fcberpr\u00fcfen. Ganz gleich, f\u00fcr welches Lottospiel Sie sich entscheiden, wir ver\u00f6ffentlichen die Ergebnisse direkt hier auf unserer Website.<\/p>\n<p>Und das Beste ist, dass Sie sich im Falle eines Gewinns keine Gedanken dar\u00fcber machen m\u00fcssen, was mit Ihrem Gewinn geschieht. Wir nehmen keinen Prozentsatz Ihres Gewinns ein; was auch immer Sie gewinnen, geh\u00f6rt ganz Ihnen. Und Sie k\u00f6nnen ihn ganz einfach von unserer Plattform abheben.<\/p>\n<p>Das Spielen von Lotterien war noch nie so einfach und m\u00fchelos. Melden Sie sich noch heute bei uns an und erleben Sie das Vergn\u00fcgen des bequemen und stressfreien Lottospiels.<\/p>\n","protected":false},"excerpt":{"rendered":"<p>Die britische Lotterie ist ein interessantes Spiel, denn sie kann die Spieler zu Million\u00e4ren machen. W\u00e4hrend sie bei den Spielern im Vereinigten K\u00f6nigreich sehr beliebt ist, ist sie bei den internationalen Spielern nicht sehr bekannt. Wenn Sie sich also an einer internationalen Lotterie versuchen wollen, warum nicht an dieser? Obwohl die Preise nicht garantiert sind, [&hellip;]<\/p>\n","protected":false},"author":1,"featured_media":0,"parent":35828,"menu_order":10,"comment_status":"closed","ping_status":"closed","template":"lotto-uk-results.php","meta":{"_et_pb_use_builder":"","_et_pb_old_content":"","_et_gb_content_width":"","exclude_from_search":false,"footnotes":""},"class_list":["post-41091","page","type-page","status-publish","hentry"],"yoast_head":"<!-- This site is optimized with the Yoast SEO plugin v23.3 - https:\/\/yoast.com\/wordpress\/plugins\/seo\/ -->\n<title>UK Lotterie Gewinnzahlen und Ziehungsergebnisse<\/title>\n<meta name=\"description\" content=\"Direkt nach der Ziehung finden Sie hier alle Ergebnisse und Gewinnzahlen der britischen Lotterie\" \/>\n<meta name=\"robots\" content=\"index, follow, max-snippet:-1, max-image-preview:large, max-video-preview:-1\" \/>\n<link rel=\"canonical\" href=\"https:\/\/jackpotlotteryonline.com\/de\/gewinn-zahlen\/uk-lottery\/\" \/>\n<meta property=\"og:locale\" content=\"de_DE\" \/>\n<meta property=\"og:type\" content=\"article\" \/>\n<meta property=\"og:title\" content=\"UK Lotterie Gewinnzahlen und Ziehungsergebnisse\" \/>\n<meta property=\"og:description\" content=\"Direkt nach der Ziehung finden Sie hier alle Ergebnisse und Gewinnzahlen der britischen Lotterie\" \/>\n<meta property=\"og:url\" content=\"https:\/\/jackpotlotteryonline.com\/de\/gewinn-zahlen\/uk-lottery\/\" \/>\n<meta property=\"og:site_name\" content=\"Lotto Online - Crack The International Lottery Jackpots\" \/>\n<meta property=\"article:modified_time\" content=\"2022-12-29T08:41:15+00:00\" \/>\n<meta property=\"og:image\" content=\"https:\/\/jackpotlotteryonline.com\/wp-content\/uploads\/2022\/11\/read1.jpg\" \/>\n<meta name=\"twitter:card\" content=\"summary_large_image\" \/>\n<meta name=\"twitter:label1\" content=\"Gesch\u00e4tzte Lesezeit\" \/>\n\t<meta name=\"twitter:data1\" content=\"6\u00a0Minuten\" \/>\n<!-- \/ Yoast SEO plugin. -->","yoast_head_json":{"title":"UK Lotterie Gewinnzahlen und Ziehungsergebnisse","description":"Direkt nach der Ziehung finden Sie hier alle Ergebnisse und Gewinnzahlen der britischen Lotterie","robots":{"index":"index","follow":"follow","max-snippet":"max-snippet:-1","max-image-preview":"max-image-preview:large","max-video-preview":"max-video-preview:-1"},"canonical":"https:\/\/jackpotlotteryonline.com\/de\/gewinn-zahlen\/uk-lottery\/","og_locale":"de_DE","og_type":"article","og_title":"UK Lotterie Gewinnzahlen und Ziehungsergebnisse","og_description":"Direkt nach der Ziehung finden Sie hier alle Ergebnisse und Gewinnzahlen der britischen Lotterie","og_url":"https:\/\/jackpotlotteryonline.com\/de\/gewinn-zahlen\/uk-lottery\/","og_site_name":"Lotto Online - Crack The International Lottery Jackpots","article_modified_time":"2022-12-29T08:41:15+00:00","og_image":[{"url":"https:\/\/jackpotlotteryonline.com\/wp-content\/uploads\/2022\/11\/read1.jpg"}],"twitter_card":"summary_large_image","twitter_misc":{"Gesch\u00e4tzte Lesezeit":"6\u00a0Minuten"},"schema":{"@context":"https:\/\/schema.org","@graph":[{"@type":"WebPage","@id":"https:\/\/jackpotlotteryonline.com\/de\/gewinn-zahlen\/uk-lottery\/","url":"https:\/\/jackpotlotteryonline.com\/de\/gewinn-zahlen\/uk-lottery\/","name":"UK Lotterie Gewinnzahlen und Ziehungsergebnisse","isPartOf":{"@id":"https:\/\/jackpotlotteryonline.com\/#website"},"primaryImageOfPage":{"@id":"https:\/\/jackpotlotteryonline.com\/de\/gewinn-zahlen\/uk-lottery\/#primaryimage"},"image":{"@id":"https:\/\/jackpotlotteryonline.com\/de\/gewinn-zahlen\/uk-lottery\/#primaryimage"},"thumbnailUrl":"https:\/\/jackpotlotteryonline.com\/wp-content\/uploads\/2022\/11\/read1.jpg","datePublished":"2022-12-08T08:41:59+00:00","dateModified":"2022-12-29T08:41:15+00:00","description":"Direkt nach der Ziehung finden Sie hier alle Ergebnisse und Gewinnzahlen der britischen Lotterie","breadcrumb":{"@id":"https:\/\/jackpotlotteryonline.com\/de\/gewinn-zahlen\/uk-lottery\/#breadcrumb"},"inLanguage":"de","potentialAction":[{"@type":"ReadAction","target":["https:\/\/jackpotlotteryonline.com\/de\/gewinn-zahlen\/uk-lottery\/"]}]},{"@type":"ImageObject","inLanguage":"de","@id":"https:\/\/jackpotlotteryonline.com\/de\/gewinn-zahlen\/uk-lottery\/#primaryimage","url":"https:\/\/jackpotlotteryonline.com\/wp-content\/uploads\/2022\/11\/read1.jpg","contentUrl":"https:\/\/jackpotlotteryonline.com\/wp-content\/uploads\/2022\/11\/read1.jpg"},{"@type":"BreadcrumbList","@id":"https:\/\/jackpotlotteryonline.com\/de\/gewinn-zahlen\/uk-lottery\/#breadcrumb","itemListElement":[{"@type":"ListItem","position":1,"name":"Home","item":"https:\/\/jackpotlotteryonline.com\/de\/"},{"@type":"ListItem","position":2,"name":"Lotterieergebnisse","item":"https:\/\/jackpotlotteryonline.com\/de\/gewinn-zahlen\/"},{"@type":"ListItem","position":3,"name":"UK Lotterie Ziehungsergebnisse"}]},{"@type":"WebSite","@id":"https:\/\/jackpotlotteryonline.com\/#website","url":"https:\/\/jackpotlotteryonline.com\/","name":"Lotto Online - Crack The International Lottery Jackpots","description":"","potentialAction":[{"@type":"SearchAction","target":{"@type":"EntryPoint","urlTemplate":"https:\/\/jackpotlotteryonline.com\/?s={search_term_string}"},"query-input":"required name=search_term_string"}],"inLanguage":"de"}]}},"_links":{"self":[{"href":"https:\/\/jackpotlotteryonline.com\/de\/wp-json\/wp\/v2\/pages\/41091","targetHints":{"allow":["GET"]}}],"collection":[{"href":"https:\/\/jackpotlotteryonline.com\/de\/wp-json\/wp\/v2\/pages"}],"about":[{"href":"https:\/\/jackpotlotteryonline.com\/de\/wp-json\/wp\/v2\/types\/page"}],"author":[{"embeddable":true,"href":"https:\/\/jackpotlotteryonline.com\/de\/wp-json\/wp\/v2\/users\/1"}],"replies":[{"embeddable":true,"href":"https:\/\/jackpotlotteryonline.com\/de\/wp-json\/wp\/v2\/comments?post=41091"}],"version-history":[{"count":0,"href":"https:\/\/jackpotlotteryonline.com\/de\/wp-json\/wp\/v2\/pages\/41091\/revisions"}],"up":[{"embeddable":true,"href":"https:\/\/jackpotlotteryonline.com\/de\/wp-json\/wp\/v2\/pages\/35828"}],"wp:attachment":[{"href":"https:\/\/jackpotlotteryonline.com\/de\/wp-json\/wp\/v2\/media?parent=41091"}],"curies":[{"name":"wp","href":"https:\/\/api.w.org\/{rel}","templated":true}]}}