{"id":41143,"date":"2022-12-08T10:50:52","date_gmt":"2022-12-08T10:50:52","guid":{"rendered":"https:\/\/jackpotlotteryonline.com\/?page_id=41143"},"modified":"2022-12-29T10:40:09","modified_gmt":"2022-12-29T10:40:09","slug":"set-for-life","status":"publish","type":"page","link":"https:\/\/jackpotlotteryonline.com\/de\/gewinn-zahlen\/set-for-life\/","title":{"rendered":"Set f\u00fcr Life-Zeichnungsergebnisse"},"content":{"rendered":"<p>Die Lotterie Set for Life ist die Rentenlotterie des Vereinigten K\u00f6nigreichs, die den Spielern die Chance gibt, einen lebensver\u00e4ndernden Preis zu gewinnen. Lebensver\u00e4ndernd deshalb, weil die Gewinner 30 Jahre lang jeden Monat 10.000 \u00a3 erhalten. Das ist fast so, als w\u00fcrde man f\u00fcr den Rest seines Lebens jeden Monat den Jackpot knacken.<\/p>\n<p>Spieler auf der ganzen Welt k\u00f6nnen jetzt an der <a href=\"https:\/\/jackpotlotteryonline.com\/de\/spielscheine-kaufen\/set-for-life\">britischen Rentenlotterie teilnehmen, indem sie online Lose kaufen<\/a>. Au\u00dferdem k\u00f6nnen sie die Gewinnzahlen online abfragen und sich ihren Gewinn auszahlen lassen.<\/p>\n<p>Wenn <a href=\"https:\/\/jackpotlotteryonline.com\/de\/wie-man-spielt\/set-for-life-online-spielen\">Sie mit jackpotlotteryonline.com Lotto spielen<\/a>, haben Sie praktisch einen One-Stop-Shop f\u00fcr alle Ihre Lotteriebed\u00fcrfnisse. Sie k\u00f6nnen sich auf den Lottogewinn konzentrieren, indem Sie online Spielscheine f\u00fcr internationale Top-Lotterien kaufen.<\/p>\n<section class=\"layout\" style=\"border: solid 1px; width: 100%;\">\n<div class=\"img-div\" style=\"margin-top: 5px;\"><img decoding=\"async\" class=\"wp-image-17212 alignleft\" style=\"height: 45px; margin: 8px 8px 0px;\" src=\"https:\/\/jackpotlotteryonline.com\/wp-content\/uploads\/2022\/11\/read1.jpg\" alt=\"lesen\" width=\"\" height=\"\" \/><\/div>\n<div style=\"padding-left: 5px;\">\n<div style=\"font-size: 1.1em;\">\n<p><strong>Ist es legal, Lotterien aus anderen L\u00e4ndern online zu spielen?<\/strong><\/p>\n<p style=\"font-size: 0.85em; margin-top: -1.5em;\">Ist es legal, einen Lottoschein online zu kaufen, und werde ich tats\u00e4chlich ausgezahlt? <a href=\"https:\/\/jackpotlotteryonline.com\/de\/ist-es-legal-lotterien-aus-anderen-laendern-online-zu-spielen\">mehr lesen<\/a><\/p>\n<\/div>\n<\/div>\n<\/section>\n<h2>Warum online spielen?<\/h2>\n<p>Zun\u00e4chst einmal: Wenn Sie nicht im Vereinigten K\u00f6nigreich leben, wird es ziemlich schwierig f\u00fcr Sie sein, ein Los f\u00fcr diese Lotterie zu kaufen. Die einzige M\u00f6glichkeit, Set for Life au\u00dferhalb des Vereinigten K\u00f6nigreichs zu spielen, ist online. Zweitens: Wenn Sie sehen, wie bequem es ist, online zu spielen, werden Sie die Lotterie auf keine andere Weise spielen wollen.<\/p>\n<p><strong>Hier sind in K\u00fcrze einige der wichtigsten Vorteile des Online-Lottospiels:<\/strong><img loading=\"lazy\" decoding=\"async\" class=\"alignright size-medium wp-image-27941\" src=\"https:\/\/jackpotlotteryonline.com\/wp-content\/uploads\/2022\/11\/1_lottery_winner_ticket-200x300.jpg\" alt=\"Set for Life spielen\" width=\"200\" height=\"300\" srcset=\"https:\/\/jackpotlotteryonline.com\/wp-content\/uploads\/2022\/11\/1_lottery_winner_ticket-200x300.jpg 200w, https:\/\/jackpotlotteryonline.com\/wp-content\/uploads\/2022\/11\/1_lottery_winner_ticket.jpg 320w\" sizes=\"auto, (max-width: 200px) 100vw, 200px\" \/><\/p>\n<ul>\n<li>Sie haben sofortigen Zugriff auf Ihre Gewinnzahlen f\u00fcr jede Ziehung<\/li>\n<li>Sie k\u00f6nnen Ihre Teilnahmen Wochen im Voraus festlegen<\/li>\n<li>Sie k\u00f6nnen die Gewinnzahlen ganz einfach \u00fcberpr\u00fcfen<\/li>\n<li>Zugriff auf Ihre Gewinne ohne Stress<\/li>\n<\/ul>\n<p>Es gibt so viele Vorteile, wenn Sie Lotto online spielen. Und wenn Sie bei uns auf jackpotlotteryonline.com spielen, erleben Sie die Leichtigkeit und Bequemlichkeit, die Lotterie an Ihren Fingerspitzen zu haben. Als Concierge-Website verwalten wir die Details f\u00fcr Sie, w\u00e4hrend Sie sich darauf konzentrieren, Ihre Gewinnzahlen mit Leichtigkeit auszuw\u00e4hlen. Eine Win-Win-Situation f\u00fcr alle.<\/p>\n<h2>Wie lauten die Set for Life-Gewinnzahlen?<\/h2>\n<p>Die einzige M\u00f6glichkeit, herauszufinden, ob Sie die Gewinnzahlen haben, ist zu wissen, wie man diese britische Lotterie spielt. Um zu spielen, m\u00fcssen Sie 5 Zahlen aus einem Bereich von 1 bis 47 und 1 Life Ball-Zahl von 1 bis 10 ziehen. Sobald Sie die Zahlen gezogen haben, m\u00fcssen Sie an den Ziehungen Ihrer Wahl teilnehmen.<\/p>\n<p>Set for Life hat zwei Ziehungstage pro Woche, montags und donnerstags. Das bedeutet zwei Chancen auf einen Lottogewinn. Sie k\u00f6nnen nat\u00fcrlich an beiden Ziehungen teilnehmen, denn so erh\u00f6hen Sie Ihre Gewinnchancen.<\/p>\n<p>Nach den Ziehungen m\u00fcssen Sie die Ergebnisse \u00fcberpr\u00fcfen, um zu sehen, ob Sie die Gewinnkombination haben. Wer die Gewinnzahlen hat, gewinnt die Lotterie.<\/p>\n<h2>Drei M\u00f6glichkeiten zur \u00dcberpr\u00fcfung der Ziehungsergebnisse<\/h2>\n<p>Es gibt drei M\u00f6glichkeiten, wie Sie die Gewinnkombination f\u00fcr diese britische Lotterie \u00fcberpr\u00fcfen k\u00f6nnen. Wenn Sie im Vereinigten K\u00f6nigreich leben, k\u00f6nnen Sie die Ziehungen einfach live im Fernsehen verfolgen. Wenn Sie jedoch zu dieser Zeit arbeiten oder eine andere Funktion haben, wird das f\u00fcr Sie nicht m\u00f6glich sein.<\/p>\n<p>Eine andere M\u00f6glichkeit ist, die Ziehungsergebnisse online zu verfolgen. Auf verschiedenen Websites werden die Ergebnisse ver\u00f6ffentlicht, insbesondere die Gewinnkombination f\u00fcr den Jackpot. Da es bei der Lotterie auch andere Gewinnkategorien gibt, k\u00f6nnten Sie nat\u00fcrlich auch an anderen Gewinnkombinationen als dem Jackpot interessiert sein.<\/p>\n<p>Am besten \u00fcberpr\u00fcfen Sie die Ziehungsergebnisse, indem Sie nach jeder Ziehung auf diese Seite zur\u00fcckkehren. Wir ver\u00f6ffentlichen die Ziehungsergebnisse genau hier und nehmen uns die Zeit, die Gewinnkombinationen f\u00fcr jede Gewinnklasse zu zeigen. Wenn Sie Ihr Los bei uns gekauft haben, schicken wir Ihnen au\u00dferdem eine E-Mail, wenn Sie ein Gewinnlos haben.<\/p>\n<h2>Preiskategorien von Set for Life<\/h2>\n<p>Der Hauptgewinn dieser britischen Lotterie betr\u00e4gt unglaubliche 10.000 \u00a3 jeden Monat f\u00fcr die n\u00e4chsten 30 Jahre. Stellen Sie sich vor, einen solchen Betrag 30 Jahre lang jeden Monat zu gewinnen. Bei einem solchen Preis ist es leicht zu verstehen, warum Spieler auf der ganzen Welt darauf erpicht sind, die Gewinnkombination f\u00fcr diese Lotterie zu erhalten.<\/p>\n<p>Neben dem Hauptgewinn gibt es noch weitere spannende Preise, die Spieler bei dieser Lotterie gewinnen k\u00f6nnen. Hier sind die Preiskategorien.<\/p>\n<p>Kategorie 1: Match 5 + der Life Ball &#8211; 10.000 \u00a3 jeden Monat f\u00fcr 30 Jahre<\/p>\n<p>Kategorie 2: Match 5 allein &#8211; 10.000 \u00a3 jeden Monat f\u00fcr 1 Jahr<\/p>\n<p>Kategorie 3: Spiel 4 + der LIfe Ball &#8211; 250 \u00a3<\/p>\n<p>Kategorie 4: Nur Spiel 4 &#8211; 50 Pfund<\/p>\n<p>Kategorie 5: Spiel 3 + Life Ball &#8211; \u00a330<\/p>\n<p>Kategorie 6: Nur Spiel 3 &#8211; \u00a320<\/p>\n<p>Kategorie 7: Spiel 2 + der Life Ball &#8211; \u00a310<\/p>\n<p>Kategorie 8: Nur Spiel 2 &#8211; \u00a35<\/p>\n<h2>Abhebung Ihres Gewinns<\/h2>\n<p>Wir haben erw\u00e4hnt, dass wir Sie per E-Mail und \u00fcber Ihr Konto benachrichtigen werden, wenn Sie einen Gewinnschein haben. Aber wie k\u00f6nnen Sie Ihre Gewinne abheben, wenn Sie au\u00dferhalb Gro\u00dfbritanniens leben? Das ist eine Frage, \u00fcber die sich viele Spieler Gedanken machen. Nun, wir sind hier, um Sie in Bezug auf Ihre Gewinne zu beruhigen.<\/p>\n<p>Wenn Sie sich bei uns registrieren und Ihre Lottoscheine bei uns kaufen, vereinfachen wir den Vorgang f\u00fcr Sie. Als Concierge-Website haben wir einen nahtlosen Prozess geschaffen, mit dem Sie Ihre Gewinne problemlos abheben k\u00f6nnen. Bei Gewinnen, die unter 2.500 Euro liegen, brauchen Sie sich nur eine Auszahlung von unserer Website auf Ihr Konto vorzunehmen.<\/p>\n<p>Wenn Sie einen Preis gewonnen haben, der \u00fcber diesem Betrag liegt, stellen wir Ihnen ein Antragsformular zur Verf\u00fcgung. Auf diese Weise k\u00f6nnen Sie Ihren Gewinn direkt bei der Lotteriegesellschaft geltend machen. Kaufen Sie also noch heute ein Lotterielos und nutzen Sie die Chance, eine Gewinnkombination zu haben.<\/p>\n","protected":false},"excerpt":{"rendered":"<p>Die Lotterie Set for Life ist die Rentenlotterie des Vereinigten K\u00f6nigreichs, die den Spielern die Chance gibt, einen lebensver\u00e4ndernden Preis zu gewinnen. Lebensver\u00e4ndernd deshalb, weil die Gewinner 30 Jahre lang jeden Monat 10.000 \u00a3 erhalten. Das ist fast so, als w\u00fcrde man f\u00fcr den Rest seines Lebens jeden Monat den Jackpot knacken. Spieler auf der [&hellip;]<\/p>\n","protected":false},"author":1,"featured_media":0,"parent":35828,"menu_order":11,"comment_status":"closed","ping_status":"closed","template":"set-for-life-results.php","meta":{"_et_pb_use_builder":"","_et_pb_old_content":"","_et_gb_content_width":"","exclude_from_search":false,"footnotes":""},"class_list":["post-41143","page","type-page","status-publish","hentry"],"yoast_head":"<!-- This site is optimized with the Yoast SEO plugin v23.3 - https:\/\/yoast.com\/wordpress\/plugins\/seo\/ -->\n<title>Set for Life Gewinnzahlen und Ziehungsergebnis<\/title>\n<meta name=\"description\" content=\"Die Ergebnisse der Set for Life Lottoziehungen, sowie die Gewinnzahlen hier auf Jackpotlotteryonline.com\" \/>\n<meta name=\"robots\" content=\"index, follow, max-snippet:-1, max-image-preview:large, max-video-preview:-1\" \/>\n<link rel=\"canonical\" href=\"https:\/\/jackpotlotteryonline.com\/de\/gewinn-zahlen\/set-for-life\/\" \/>\n<meta property=\"og:locale\" content=\"de_DE\" \/>\n<meta property=\"og:type\" content=\"article\" \/>\n<meta property=\"og:title\" content=\"Set for Life Gewinnzahlen und Ziehungsergebnis\" \/>\n<meta property=\"og:description\" content=\"Die Ergebnisse der Set for Life Lottoziehungen, sowie die Gewinnzahlen hier auf Jackpotlotteryonline.com\" \/>\n<meta property=\"og:url\" content=\"https:\/\/jackpotlotteryonline.com\/de\/gewinn-zahlen\/set-for-life\/\" \/>\n<meta property=\"og:site_name\" content=\"Lotto Online - Crack The International Lottery Jackpots\" \/>\n<meta property=\"article:modified_time\" content=\"2022-12-29T10:40:09+00:00\" \/>\n<meta property=\"og:image\" content=\"https:\/\/jackpotlotteryonline.com\/wp-content\/uploads\/2022\/11\/read1.jpg\" \/>\n<meta name=\"twitter:card\" content=\"summary_large_image\" \/>\n<meta name=\"twitter:label1\" content=\"Gesch\u00e4tzte Lesezeit\" \/>\n\t<meta name=\"twitter:data1\" content=\"4\u00a0Minuten\" \/>\n<!-- \/ Yoast SEO plugin. -->","yoast_head_json":{"title":"Set for Life Gewinnzahlen und Ziehungsergebnis","description":"Die Ergebnisse der Set for Life Lottoziehungen, sowie die Gewinnzahlen hier auf Jackpotlotteryonline.com","robots":{"index":"index","follow":"follow","max-snippet":"max-snippet:-1","max-image-preview":"max-image-preview:large","max-video-preview":"max-video-preview:-1"},"canonical":"https:\/\/jackpotlotteryonline.com\/de\/gewinn-zahlen\/set-for-life\/","og_locale":"de_DE","og_type":"article","og_title":"Set for Life Gewinnzahlen und Ziehungsergebnis","og_description":"Die Ergebnisse der Set for Life Lottoziehungen, sowie die Gewinnzahlen hier auf Jackpotlotteryonline.com","og_url":"https:\/\/jackpotlotteryonline.com\/de\/gewinn-zahlen\/set-for-life\/","og_site_name":"Lotto Online - Crack The International Lottery Jackpots","article_modified_time":"2022-12-29T10:40:09+00:00","og_image":[{"url":"https:\/\/jackpotlotteryonline.com\/wp-content\/uploads\/2022\/11\/read1.jpg"}],"twitter_card":"summary_large_image","twitter_misc":{"Gesch\u00e4tzte Lesezeit":"4\u00a0Minuten"},"schema":{"@context":"https:\/\/schema.org","@graph":[{"@type":"WebPage","@id":"https:\/\/jackpotlotteryonline.com\/de\/gewinn-zahlen\/set-for-life\/","url":"https:\/\/jackpotlotteryonline.com\/de\/gewinn-zahlen\/set-for-life\/","name":"Set for Life Gewinnzahlen und Ziehungsergebnis","isPartOf":{"@id":"https:\/\/jackpotlotteryonline.com\/#website"},"primaryImageOfPage":{"@id":"https:\/\/jackpotlotteryonline.com\/de\/gewinn-zahlen\/set-for-life\/#primaryimage"},"image":{"@id":"https:\/\/jackpotlotteryonline.com\/de\/gewinn-zahlen\/set-for-life\/#primaryimage"},"thumbnailUrl":"https:\/\/jackpotlotteryonline.com\/wp-content\/uploads\/2022\/11\/read1.jpg","datePublished":"2022-12-08T10:50:52+00:00","dateModified":"2022-12-29T10:40:09+00:00","description":"Die Ergebnisse der Set for Life Lottoziehungen, sowie die Gewinnzahlen hier auf Jackpotlotteryonline.com","breadcrumb":{"@id":"https:\/\/jackpotlotteryonline.com\/de\/gewinn-zahlen\/set-for-life\/#breadcrumb"},"inLanguage":"de","potentialAction":[{"@type":"ReadAction","target":["https:\/\/jackpotlotteryonline.com\/de\/gewinn-zahlen\/set-for-life\/"]}]},{"@type":"ImageObject","inLanguage":"de","@id":"https:\/\/jackpotlotteryonline.com\/de\/gewinn-zahlen\/set-for-life\/#primaryimage","url":"https:\/\/jackpotlotteryonline.com\/wp-content\/uploads\/2022\/11\/read1.jpg","contentUrl":"https:\/\/jackpotlotteryonline.com\/wp-content\/uploads\/2022\/11\/read1.jpg"},{"@type":"BreadcrumbList","@id":"https:\/\/jackpotlotteryonline.com\/de\/gewinn-zahlen\/set-for-life\/#breadcrumb","itemListElement":[{"@type":"ListItem","position":1,"name":"Home","item":"https:\/\/jackpotlotteryonline.com\/de\/"},{"@type":"ListItem","position":2,"name":"Lotterieergebnisse","item":"https:\/\/jackpotlotteryonline.com\/de\/gewinn-zahlen\/"},{"@type":"ListItem","position":3,"name":"Set f\u00fcr Life-Zeichnungsergebnisse"}]},{"@type":"WebSite","@id":"https:\/\/jackpotlotteryonline.com\/#website","url":"https:\/\/jackpotlotteryonline.com\/","name":"Lotto Online - Crack The International Lottery Jackpots","description":"","potentialAction":[{"@type":"SearchAction","target":{"@type":"EntryPoint","urlTemplate":"https:\/\/jackpotlotteryonline.com\/?s={search_term_string}"},"query-input":"required name=search_term_string"}],"inLanguage":"de"}]}},"_links":{"self":[{"href":"https:\/\/jackpotlotteryonline.com\/de\/wp-json\/wp\/v2\/pages\/41143","targetHints":{"allow":["GET"]}}],"collection":[{"href":"https:\/\/jackpotlotteryonline.com\/de\/wp-json\/wp\/v2\/pages"}],"about":[{"href":"https:\/\/jackpotlotteryonline.com\/de\/wp-json\/wp\/v2\/types\/page"}],"author":[{"embeddable":true,"href":"https:\/\/jackpotlotteryonline.com\/de\/wp-json\/wp\/v2\/users\/1"}],"replies":[{"embeddable":true,"href":"https:\/\/jackpotlotteryonline.com\/de\/wp-json\/wp\/v2\/comments?post=41143"}],"version-history":[{"count":0,"href":"https:\/\/jackpotlotteryonline.com\/de\/wp-json\/wp\/v2\/pages\/41143\/revisions"}],"up":[{"embeddable":true,"href":"https:\/\/jackpotlotteryonline.com\/de\/wp-json\/wp\/v2\/pages\/35828"}],"wp:attachment":[{"href":"https:\/\/jackpotlotteryonline.com\/de\/wp-json\/wp\/v2\/media?parent=41143"}],"curies":[{"name":"wp","href":"https:\/\/api.w.org\/{rel}","templated":true}]}}