{"id":41197,"date":"2022-12-08T13:21:19","date_gmt":"2022-12-08T13:21:19","guid":{"rendered":"https:\/\/jackpotlotteryonline.com\/?page_id=41197"},"modified":"2022-12-29T20:48:45","modified_gmt":"2022-12-29T20:48:45","slug":"mega-sena","status":"publish","type":"page","link":"https:\/\/jackpotlotteryonline.com\/de\/gewinn-zahlen\/mega-sena\/","title":{"rendered":"Ergebnisse der Mega-Sena-Lotterieauslosung"},"content":{"rendered":"<p>Spieler auf der ganzen Welt k\u00f6nnen jetzt Tickets f\u00fcr die Mega-Sena-Lotterie kaufen. Und nicht nur das: Sobald Sie die Lotterie gespielt haben, k\u00f6nnen Sie die Mega-Sena-Gewinnzahlen online \u00fcberpr\u00fcfen. Ein wesentlicher Bestandteil des Lottospiels ist die \u00dcberpr\u00fcfung der Ziehungsergebnisse, damit Sie keinen Preis verpassen. Es gibt mehrere M\u00f6glichkeiten, die Gewinnzahlen der brasilianischen Lotterie zu \u00fcberpr\u00fcfen, und wir werden gleich darauf eingehen.<\/p>\n<p>Wenn Sie es jedoch eilig haben, die Ergebnisse der letzten Ziehung zu erfahren, k\u00f6nnen Sie jackpotlotteryonline.com besuchen, um Zugang zu den internationalen Top-Lotterien zu erhalten.<\/p>\n<section class=\"layout\" style=\"border: solid 1px; width: 100%;\">\n<div class=\"img-div\" style=\"margin-top: 5px;\"><img decoding=\"async\" class=\"wp-image-17212 alignleft\" style=\"height: 45px; margin: 8px 8px 0px;\" src=\"http:\/\/jackpotlotteryonline.com\/wp-content\/uploads\/2022\/11\/read1.jpg\" alt=\"lesen\" width=\"\" height=\"\" \/><\/div>\n<div style=\"padding-left: 5px;\">\n<div style=\"font-size: 1.1em;\">\n<p><strong>Europ\u00e4ische Lotterien<\/strong><\/p>\n<p style=\"font-size: 0.85em; margin-top: -1.5em;\">Welche europ\u00e4ischen Lotterien sind die besten? <a href=\"https:\/\/jackpotlotteryonline.com\/de\/welche-europaeischen-lotterien-sind-die-besten\">mehr lesen<\/a><\/p>\n<\/div>\n<\/div>\n<\/section>\n<h2>Grundlagen der Mega-Sena-Lotterie<\/h2>\n<p>Mega-Sena ist von der Spielweise her wie jede andere Lotterie. Sie m\u00fcssen einfach Zahlen aus einer bestimmten Reihe ziehen. Bei der brasilianischen Lotterie w\u00e4hlen Sie 6 Zahlen aus einem Bereich von 1 bis 60. Und das war&#8217;s. Bei dieser Lotterie gibt es keine Zusatz- oder Bonuszahlen, nur die sechs.<\/p>\n<p>Sobald Sie die gew\u00fcnschten Zahlen ausgew\u00e4hlt haben, m\u00fcssen Sie an den Ziehungen teilnehmen. Mega-Sena hat zwei w\u00f6chentliche Ziehungen, mittwochs und donnerstags.<\/p>\n<h2>Mega-Sena Gewinnzahlen<\/h2>\n<p><img loading=\"lazy\" decoding=\"async\" class=\"size-full wp-image-29102 alignright\" src=\"http:\/\/jackpotlotteryonline.com\/wp-content\/uploads\/2022\/11\/1_play_lottery_international.jpg\" alt=\"Mega-Sena Gewinnzahlen\" width=\"205\" height=\"147\" \/> Wie w\u00e4hlen Sie Ihre Mega-Sena-Gewinnzahlen aus? Jeder Spieler hat seine eigene Methode, um die richtigen Zahlen auszuw\u00e4hlen. Sie k\u00f6nnen Ihre Gewinnzahlen anhand von Daten w\u00e4hlen, die f\u00fcr Sie besonders wichtig sind. Wenn Sie Gl\u00fccksdaten oder -ziffern haben, k\u00f6nnen diese Ihnen bei der Auswahl einer Zahl helfen.<\/p>\n<p>Wenn Sie keine besondere Zahl im Kopf haben, brauchen Sie sich keine Sorgen zu machen. Wenn Sie bei uns <a href=\"https:\/\/jackpotlotteryonline.com\/de\/wie-man-spielt\/mega-sena-2\">Mega-Sena spielen<\/a>, k\u00f6nnen Sie unseren Auto-Generator nutzen, um zuf\u00e4llige Zahlen auszuw\u00e4hlen. Letzten Endes ist es wichtig, daran zu denken, dass die Lotterie ein Gl\u00fccksspiel ist. Die einzige M\u00f6glichkeit, Ihre Gewinnchancen zu erh\u00f6hen, besteht darin, mehrere Lose zu kaufen und an mehreren Ziehungen teilzunehmen.<\/p>\n<p>Sie k\u00f6nnen die Lotterie online spielen, indem Sie unsere Seite f\u00fcr Mega-Sena besuchen. Wir machen es Ihnen leicht, an einer einzelnen oder mehreren Ziehungen teilzunehmen. Sie k\u00f6nnen auch mehrere Linien auf einem Schein kaufen und so mehrfach an der Lotterie teilnehmen.<\/p>\n<h2>Mega-Sena-Gewinne<\/h2>\n<p>Die Mega-Sena-Lotterie hat einen garantierten Startjackpot von 3 Millionen brasilianischen Real. Das sind etwa 549467,87 \u20ac. Wenn es jedoch nach einer Ziehung keinen Gewinner gibt, wird der Jackpot auf die n\u00e4chste Ziehung \u00fcbertragen. Der Jackpot kann also ziemlich gro\u00df werden, was ihn f\u00fcr Spieler aus aller Welt zu einem attraktiven Angebot macht.<\/p>\n<p>Au\u00dferdem stehen die Gewinnchancen bei Mega-Sena 1 zu 50 Millionen. Wenn man das mit anderen internationalen Top-Lotterien vergleicht, wird klar, warum die brasilianische Lotterie bei Spielern so beliebt ist.<\/p>\n<p>Die brasilianische Lotterie unterscheidet sich von anderen Lotterien auch dadurch, dass sie nur 3 Gewinnklassen anbietet, den Jackpot eingeschlossen. Ein Gewinn in der Lotterie bedeutet also, dass Sie einen der folgenden Preise gewinnen k\u00f6nnen.<\/p>\n<p>Jackpot &#8211; Sena: 6 Treffer &#8211; 35% des Preispools<\/p>\n<p>Stufe 2 &#8211; Quina: Spiel 5 &#8211; 19% des Preispools<\/p>\n<p>Stufe 3 &#8211; Quadra: Spiel 4 &#8211; 19% des Preispools<\/p>\n<h2>Beanspruchen Sie Ihren Preis<\/h2>\n<p>Der n\u00e4chste Schritt besteht darin, den Preis einzufordern, den Sie bei der Lotterie gewonnen haben. Wie Sie Ihren Gewinn einfordern, h\u00e4ngt davon ab, wo Sie Ihren Schein gekauft haben. Wenn Sie die Lotterie online spielen, ist es wichtig, dass Sie Ihren Schein auf einer Website kaufen, auf der Sie die Chance haben, die Lotterie zu gewinnen. Auf manchen Websites k\u00f6nnen Sie nur auf das Ergebnis der Lotterie wetten.<\/p>\n<p>Wenn Sie <a href=\"https:\/\/jackpotlotteryonline.com\/de\/spielscheine-kaufen\/mega-sena\">Ihren Lottoschein bei uns kaufen<\/a>, erhalten Sie Zugang zur Lotterie. Das liegt daran, dass unser Vertreter in Brasilien physische Scheine mit Ihren entsprechenden Zahlen kaufen wird. So haben Sie die Chance, in der Lotterie zu gewinnen.<\/p>\n<p>Wenn Sie also einen Preis gewinnen, m\u00fcssen Sie sich Ihren Gewinn nur von unserer Website auf Ihr Konto auszahlen lassen. So einfach ist das. Besuchen Sie unsere Allgemeinen Gesch\u00e4ftsbedingungen, um herauszufinden, wie Sie Ihre Mega-Sena-Gewinnzahlen einl\u00f6sen k\u00f6nnen.<\/p>\n","protected":false},"excerpt":{"rendered":"<p>Spieler auf der ganzen Welt k\u00f6nnen jetzt Tickets f\u00fcr die Mega-Sena-Lotterie kaufen. Und nicht nur das: Sobald Sie die Lotterie gespielt haben, k\u00f6nnen Sie die Mega-Sena-Gewinnzahlen online \u00fcberpr\u00fcfen. Ein wesentlicher Bestandteil des Lottospiels ist die \u00dcberpr\u00fcfung der Ziehungsergebnisse, damit Sie keinen Preis verpassen. Es gibt mehrere M\u00f6glichkeiten, die Gewinnzahlen der brasilianischen Lotterie zu \u00fcberpr\u00fcfen, und [&hellip;]<\/p>\n","protected":false},"author":1,"featured_media":0,"parent":35828,"menu_order":14,"comment_status":"closed","ping_status":"closed","template":"megasena-results.php","meta":{"_et_pb_use_builder":"","_et_pb_old_content":"","_et_gb_content_width":"","exclude_from_search":false,"footnotes":""},"class_list":["post-41197","page","type-page","status-publish","hentry"],"yoast_head":"<!-- This site is optimized with the Yoast SEO plugin v23.3 - https:\/\/yoast.com\/wordpress\/plugins\/seo\/ -->\n<title>Mega-Sena Lotterie Ziehungsergebnisse und Gewinnzahlen<\/title>\n<meta name=\"description\" content=\"Die brasilianischen Mega-Sena Ergebnisse sind schwer zu finden - wir listen die heutigen und gestrigen Gewinnzahlen und Ziehungsergebnisse auf unserer Website auf\" \/>\n<meta name=\"robots\" content=\"index, follow, max-snippet:-1, max-image-preview:large, max-video-preview:-1\" \/>\n<link rel=\"canonical\" href=\"https:\/\/jackpotlotteryonline.com\/de\/gewinn-zahlen\/mega-sena\/\" \/>\n<meta property=\"og:locale\" content=\"de_DE\" \/>\n<meta property=\"og:type\" content=\"article\" \/>\n<meta property=\"og:title\" content=\"Mega-Sena Lotterie Ziehungsergebnisse und Gewinnzahlen\" \/>\n<meta property=\"og:description\" content=\"Die brasilianischen Mega-Sena Ergebnisse sind schwer zu finden - wir listen die heutigen und gestrigen Gewinnzahlen und Ziehungsergebnisse auf unserer Website auf\" \/>\n<meta property=\"og:url\" content=\"https:\/\/jackpotlotteryonline.com\/de\/gewinn-zahlen\/mega-sena\/\" \/>\n<meta property=\"og:site_name\" content=\"Lotto Online - Crack The International Lottery Jackpots\" \/>\n<meta property=\"article:modified_time\" content=\"2022-12-29T20:48:45+00:00\" \/>\n<meta property=\"og:image\" content=\"http:\/\/jackpotlotteryonline.com\/wp-content\/uploads\/2022\/11\/read1.jpg\" \/>\n<meta name=\"twitter:card\" content=\"summary_large_image\" \/>\n<meta name=\"twitter:label1\" content=\"Gesch\u00e4tzte Lesezeit\" \/>\n\t<meta name=\"twitter:data1\" content=\"3\u00a0Minuten\" \/>\n<!-- \/ Yoast SEO plugin. -->","yoast_head_json":{"title":"Mega-Sena Lotterie Ziehungsergebnisse und Gewinnzahlen","description":"Die brasilianischen Mega-Sena Ergebnisse sind schwer zu finden - wir listen die heutigen und gestrigen Gewinnzahlen und Ziehungsergebnisse auf unserer Website auf","robots":{"index":"index","follow":"follow","max-snippet":"max-snippet:-1","max-image-preview":"max-image-preview:large","max-video-preview":"max-video-preview:-1"},"canonical":"https:\/\/jackpotlotteryonline.com\/de\/gewinn-zahlen\/mega-sena\/","og_locale":"de_DE","og_type":"article","og_title":"Mega-Sena Lotterie Ziehungsergebnisse und Gewinnzahlen","og_description":"Die brasilianischen Mega-Sena Ergebnisse sind schwer zu finden - wir listen die heutigen und gestrigen Gewinnzahlen und Ziehungsergebnisse auf unserer Website auf","og_url":"https:\/\/jackpotlotteryonline.com\/de\/gewinn-zahlen\/mega-sena\/","og_site_name":"Lotto Online - Crack The International Lottery Jackpots","article_modified_time":"2022-12-29T20:48:45+00:00","og_image":[{"url":"http:\/\/jackpotlotteryonline.com\/wp-content\/uploads\/2022\/11\/read1.jpg"}],"twitter_card":"summary_large_image","twitter_misc":{"Gesch\u00e4tzte Lesezeit":"3\u00a0Minuten"},"schema":{"@context":"https:\/\/schema.org","@graph":[{"@type":"WebPage","@id":"https:\/\/jackpotlotteryonline.com\/de\/gewinn-zahlen\/mega-sena\/","url":"https:\/\/jackpotlotteryonline.com\/de\/gewinn-zahlen\/mega-sena\/","name":"Mega-Sena Lotterie Ziehungsergebnisse und Gewinnzahlen","isPartOf":{"@id":"https:\/\/jackpotlotteryonline.com\/#website"},"primaryImageOfPage":{"@id":"https:\/\/jackpotlotteryonline.com\/de\/gewinn-zahlen\/mega-sena\/#primaryimage"},"image":{"@id":"https:\/\/jackpotlotteryonline.com\/de\/gewinn-zahlen\/mega-sena\/#primaryimage"},"thumbnailUrl":"http:\/\/jackpotlotteryonline.com\/wp-content\/uploads\/2022\/11\/read1.jpg","datePublished":"2022-12-08T13:21:19+00:00","dateModified":"2022-12-29T20:48:45+00:00","description":"Die brasilianischen Mega-Sena Ergebnisse sind schwer zu finden - wir listen die heutigen und gestrigen Gewinnzahlen und Ziehungsergebnisse auf unserer Website auf","breadcrumb":{"@id":"https:\/\/jackpotlotteryonline.com\/de\/gewinn-zahlen\/mega-sena\/#breadcrumb"},"inLanguage":"de","potentialAction":[{"@type":"ReadAction","target":["https:\/\/jackpotlotteryonline.com\/de\/gewinn-zahlen\/mega-sena\/"]}]},{"@type":"ImageObject","inLanguage":"de","@id":"https:\/\/jackpotlotteryonline.com\/de\/gewinn-zahlen\/mega-sena\/#primaryimage","url":"http:\/\/jackpotlotteryonline.com\/wp-content\/uploads\/2022\/11\/read1.jpg","contentUrl":"http:\/\/jackpotlotteryonline.com\/wp-content\/uploads\/2022\/11\/read1.jpg"},{"@type":"BreadcrumbList","@id":"https:\/\/jackpotlotteryonline.com\/de\/gewinn-zahlen\/mega-sena\/#breadcrumb","itemListElement":[{"@type":"ListItem","position":1,"name":"Home","item":"https:\/\/jackpotlotteryonline.com\/de\/"},{"@type":"ListItem","position":2,"name":"Lotterieergebnisse","item":"https:\/\/jackpotlotteryonline.com\/de\/gewinn-zahlen\/"},{"@type":"ListItem","position":3,"name":"Ergebnisse der Mega-Sena-Lotterieauslosung"}]},{"@type":"WebSite","@id":"https:\/\/jackpotlotteryonline.com\/#website","url":"https:\/\/jackpotlotteryonline.com\/","name":"Lotto Online - Crack The International Lottery Jackpots","description":"","potentialAction":[{"@type":"SearchAction","target":{"@type":"EntryPoint","urlTemplate":"https:\/\/jackpotlotteryonline.com\/?s={search_term_string}"},"query-input":"required name=search_term_string"}],"inLanguage":"de"}]}},"_links":{"self":[{"href":"https:\/\/jackpotlotteryonline.com\/de\/wp-json\/wp\/v2\/pages\/41197","targetHints":{"allow":["GET"]}}],"collection":[{"href":"https:\/\/jackpotlotteryonline.com\/de\/wp-json\/wp\/v2\/pages"}],"about":[{"href":"https:\/\/jackpotlotteryonline.com\/de\/wp-json\/wp\/v2\/types\/page"}],"author":[{"embeddable":true,"href":"https:\/\/jackpotlotteryonline.com\/de\/wp-json\/wp\/v2\/users\/1"}],"replies":[{"embeddable":true,"href":"https:\/\/jackpotlotteryonline.com\/de\/wp-json\/wp\/v2\/comments?post=41197"}],"version-history":[{"count":0,"href":"https:\/\/jackpotlotteryonline.com\/de\/wp-json\/wp\/v2\/pages\/41197\/revisions"}],"up":[{"embeddable":true,"href":"https:\/\/jackpotlotteryonline.com\/de\/wp-json\/wp\/v2\/pages\/35828"}],"wp:attachment":[{"href":"https:\/\/jackpotlotteryonline.com\/de\/wp-json\/wp\/v2\/media?parent=41197"}],"curies":[{"name":"wp","href":"https:\/\/api.w.org\/{rel}","templated":true}]}}