{"id":41253,"date":"2022-12-08T19:21:33","date_gmt":"2022-12-08T19:21:33","guid":{"rendered":"https:\/\/jackpotlotteryonline.com\/?page_id=41253"},"modified":"2022-12-30T15:02:06","modified_gmt":"2022-12-30T15:02:06","slug":"saturday-lotto","status":"publish","type":"page","link":"https:\/\/jackpotlotteryonline.com\/de\/gewinn-zahlen\/saturday-lotto\/","title":{"rendered":"Ergebnisse der Lottoziehung vom Samstag"},"content":{"rendered":"<p>Das Samstagslotto, auch bekannt als das Tatts-Lotto, ist eine der gewinnreichsten Lotterien Australiens. Und jetzt, da Spieler auf der ganzen Welt am Lotto teilnehmen k\u00f6nnen, ist es noch wichtiger, Gewinnzahlen zu w\u00e4hlen. Wenn Sie bei dieser australischen Lotterie gewinnen, k\u00f6nnen Sie mit einem Mindestbetrag von 5 Millionen Dollar nach Hause gehen. Dieser Betrag rollt weiter, wenn es nach einer Ziehung keinen Gewinnschein gibt. Und wenn Sie an der Mega-Ziehung teilnehmen, die einmal im Jahr zu Weihnachten stattfindet, k\u00f6nnen Sie 30 Millionen Dollar gewinnen!<\/p>\n<p>Wenn Sie Ihren Gewinnschein f\u00fcr das Lotto noch nicht gekauft haben, gehen Sie zu jackpotlotteryonline.com und holen <a href=\"https:\/\/jackpotlotteryonline.com\/de\/spielscheine-kaufen\/saturday-lotto\">Sie sich Ihren Schein jetzt<\/a>. Dann kommen Sie zur\u00fcck, um die Gewinnzahlen zu erfahren.<\/p>\n<h2>Gewinnen Sie im Samstagslotto<\/h2>\n<p><img loading=\"lazy\" decoding=\"async\" class=\"alignright size-medium wp-image-28157\" src=\"https:\/\/jackpotlotteryonline.com\/wp-content\/uploads\/2022\/11\/1_lotto_money_win-300x150.jpg\" alt=\"Samstagslotto gewinnen\" width=\"300\" height=\"150\" srcset=\"https:\/\/jackpotlotteryonline.com\/wp-content\/uploads\/2022\/11\/1_lotto_money_win-300x150.jpg 300w, https:\/\/jackpotlotteryonline.com\/wp-content\/uploads\/2022\/11\/1_lotto_money_win.jpg 320w\" sizes=\"auto, (max-width: 300px) 100vw, 300px\" \/>Das Tatts-Lotto ist einfach zu spielen, besonders wenn Sie online spielen. Im Grunde m\u00fcssen die Spieler 6 Hauptzahlen zwischen 1 und 45 ziehen. Dann 2 Zusatzzahlen von 1 bis 6. Die Zusatzzahlen haben mit der Ermittlung des Jackpots nicht wirklich viel zu tun. Um den Jackpot zu knacken, muss man nur die acht gezogenen Zahlen treffen.<\/p>\n<p>Ein Lottogewinn bedeutet also, dass Ihr Spielschein mit den sechs Kugeln \u00fcbereinstimmt, die nach dem Zufallsprinzip aus einer Trommel mit 45 Kugeln gezogen werden. Dann werden zwei weitere Kugeln aus einer anderen Trommel mit sechs Kugeln gezogen. Diese zus\u00e4tzlichen Kugeln werden f\u00fcr den Gewinn der anderen Gewinnklassen verwendet.<\/p>\n<p>Die Ziehungen finden einmal pro Woche, am Samstag, statt. Wenn Sie also ein Gewinnlos haben m\u00f6chten, m\u00fcssen Sie Ihren Eintrag rechtzeitig kaufen. Die Ziehungen enden am Samstag um 19:25 Uhr AEST. Spieler, die an der Ziehung in dieser Woche teilnehmen m\u00f6chten, m\u00fcssen ihre Gewinnscheine vor Ablauf der Frist kaufen.<\/p>\n<h2>Online spielen<\/h2>\n<p>Wir werden kurz \u00fcber den Online-Lottogewinn sprechen. Wenn Sie die Samstagslottoseite auf jackpotlotteryonline.com besuchen, werden Sie aufgefordert, Ihre Gewinnzahlen zu ziehen. Wenn Sie einige besondere Daten haben, die Ihnen Gl\u00fcck gebracht haben, dann k\u00f6nnen Sie diese verwenden.<\/p>\n<p>Wenn Sie jedoch keine bestimmten Zahlen zur Auswahl haben, brauchen Sie keine Angst zu haben. Wir haben einen automatischen Zahlenw\u00e4hler, der zuf\u00e4llige Gewinnzahlen f\u00fcr Sie generiert. Viele Lotteriegewinner haben mit dem Zufallszahlengenerator gewonnen.<\/p>\n<p>Sobald Sie Ihre Gewinnzahlen gezogen haben, nehmen Sie an der w\u00f6chentlichen Ziehung teil. Bevor Sie Ihre Zahlung abwickeln k\u00f6nnen, bitten wir Sie, sich zu registrieren. Dies dient dazu, Ihren Schein sicher aufzubewahren und Ihnen bei der Auszahlung Ihres Gewinns zu helfen. Dazu kommen wir in K\u00fcrze.<\/p>\n<section class=\"layout\" style=\"border: solid 1px; width: 100%;\">\n<div class=\"img-div\" style=\"margin-top: 5px;\"><img decoding=\"async\" class=\"wp-image-17212 alignleft\" style=\"height: 45px; margin: 8px 8px 0px;\" src=\"https:\/\/jackpotlotteryonline.com\/wp-content\/uploads\/2022\/11\/read1.jpg\" alt=\"lesen\" width=\"\" height=\"\" \/><\/div>\n<div style=\"padding-left: 5px;\">\n<div style=\"font-size: 1.1em;\">\n<p><strong>Verfolgen Sie die Ziehung Ihrer Lottozahlen live<\/strong><\/p>\n<p style=\"font-size: 0.85em; margin-top: -1.5em;\">Wie Sie die Ziehungen Ihrer Lieblingslotterien live verfolgen k\u00f6nnen\u00a0<a href=\"https:\/\/jackpotlotteryonline.com\/de\/beobachten-sie-wie-ihre-lottozahlen-live-gezogen-werden\"> mehr lesen<\/a><\/p>\n<\/div>\n<\/div>\n<\/section>\n<h2>Gewinneinteilung<\/h2>\n<p>Beim Lotto Tatts geht es nicht nur darum, den Jackpot zu knacken. Dieses Lotto hat insgesamt acht Gewinnklassen. Wenn Sie einen Lottoschein kaufen, haben Sie die Chance, in einer dieser Gewinnklassen zu gewinnen. Die Gewinnzahlen f\u00fcr jede Gewinnklasse sind unten angegeben.<\/p>\n<p>Gewinnklasse 1: Spiel 6 (Jackpot)<\/p>\n<p>Spielklasse 2: Spiel 5 + 1 Zusatzzahl<\/p>\n<p>Spielklasse 3: 5. M\u00e4rz<\/p>\n<p>Abteilung 4: Spiel 4<\/p>\n<p>Abteilung 5: Spiel 3 + 1 Zusatzzahl<\/p>\n<p>Abteilung 6: Spiel 3<\/p>\n<p>Wahrscheinlich ist einer der Gr\u00fcnde, warum die Australier diese Lotterie so sehr lieben, die Tatsache, dass es so einfach ist, zu gewinnen. Die Gewinnwahrscheinlichkeit ist fantastisch, und bei einem Mindestjackpot von 5 Millionen AUD ist das auch kein Wunder. Falls Sie es noch nicht getan haben, ist jetzt ein guter Zeitpunkt, um \u00fcber den Kauf eines Gewinnscheins nachzudenken.<\/p>\n<h2>Erg\u00e4nzende Zahlen<\/h2>\n<p>Wir haben die Zusatzzahlen erw\u00e4hnt, und Sie haben wahrscheinlich schon bemerkt, dass einige Abteilungen diese verwenden. Diese werden bei den Ziehungen nach dem Zufallsprinzip generiert und zur Bestimmung der Spielklassen 2 und 5 verwendet. Die Spieler w\u00e4hlen diese Zahlen nicht aus und haben keinen Einfluss auf sie. Seien Sie also nicht beunruhigt, wenn Sie diese Option nicht sehen, wenn Sie Ihre Lose kaufen.<\/p>\n<h2>Wie Sie die Gewinnergebnisse \u00fcberpr\u00fcfen k\u00f6nnen<\/h2>\n<p>Wie k\u00f6nnen Sie nun, nachdem Sie Ihr Los gekauft haben, \u00fcberpr\u00fcfen, ob Sie den Gewinnschein haben? Am besten, Sie kehren gleich hierher zur\u00fcck. Nach den Ziehungen ver\u00f6ffentlichen wir auf dieser Seite die Gewinnergebnisse f\u00fcr das Samstagslotto.<\/p>\n<p>Wir ver\u00f6ffentlichen nicht nur die Jackpot-Zahlen. Wir ver\u00f6ffentlichen auch die Gewinnzahlen f\u00fcr alle anderen Sparten. So k\u00f6nnen Sie auf einen Blick sehen, wie nah Sie am Lottogewinn dran waren.<\/p>\n<p>Wenn Sie sich bei uns registriert haben, ist es sogar noch einfacher. Sie m\u00fcssen nirgendwo hingehen, um herauszufinden, ob Sie im Lotto gewonnen haben. Nein, denn wir schicken Ihnen eine Benachrichtigung, sobald Sie einen Preis gewonnen haben. Das ist richtig. Sie erhalten eine E-Mail, die Sie dar\u00fcber informiert, dass Sie die Gewinnzahlen f\u00fcr das Lotto haben. Wir tun unser Bestes, um das Lottospielen von \u00fcberall aus einfach und stressfrei zu machen.<\/p>\n<h2>Auszahlung Ihres Gewinns<\/h2>\n<p><img loading=\"lazy\" decoding=\"async\" class=\"alignright size-medium wp-image-34997\" src=\"https:\/\/jackpotlotteryonline.com\/wp-content\/uploads\/2022\/11\/2_ticket_saturday_lotto_au-1-166x300.jpg\" alt=\"Samstagslotto Online-Quittung\" width=\"166\" height=\"300\" srcset=\"https:\/\/jackpotlotteryonline.com\/wp-content\/uploads\/2022\/11\/2_ticket_saturday_lotto_au-1-166x300.jpg 166w, https:\/\/jackpotlotteryonline.com\/wp-content\/uploads\/2022\/11\/2_ticket_saturday_lotto_au-1.jpg 250w\" sizes=\"auto, (max-width: 166px) 100vw, 166px\" \/>Wenn Sie im Lotto gewonnen haben, besteht der n\u00e4chste Schritt darin, sich Ihren Gewinn auszahlen zu lassen. Es hat keinen Sinn, im australischen Lotto zu gewinnen, wenn Sie nicht \u00fcber Ihren Gewinn verf\u00fcgen k\u00f6nnen. Und genau an dieser Stelle wird es wirklich interessant.<\/p>\n<p>Wenn Sie einen Lottogewinn von weniger als 2.500 Euro erzielt haben, ist es unglaublich einfach, an Ihren Gewinn zu kommen. Lassen Sie sich Ihren Gewinn einfach von unserer Plattform direkt auf Ihre Bank auszahlen. Wir haben mehrere Methoden, mit denen Sie sich Ihren Gewinn bequem auszahlen lassen k\u00f6nnen.<\/p>\n<p>Liegt Ihr Gewinn \u00fcber der 2.500-Euro-Marke, m\u00fcssen Sie sich m\u00f6glicherweise an die Lotteriegesellschaft wenden, um Ihren Anspruch geltend zu machen. Wir unterst\u00fctzen Sie dabei, indem wir Ihnen ein Antragsformular zum Ausf\u00fcllen zusenden. Es handelt sich um einen unkomplizierten Vorgang, der praktisch keine Schwierigkeiten mit sich bringt.<\/p>\n<h2>Fazit<\/h2>\n<p>Wenn Sie Ihre Lottoscheine bei uns kaufen, haben Sie den Vorteil, dass Sie wissen, dass Sie eine Teilnahme an der Lotterie erworben haben. Bei uns wetten Sie nicht auf das Ergebnis. Sie kaufen tats\u00e4chlich eine Teilnahme. Wenn Sie also gewinnen, erhalten Sie Ihren Gewinn.<\/p>\n<p>Wir machen es den Spielern leicht, an internationalen Top-Lotterien teilzunehmen. Sie k\u00f6nnen Ihre Lose kaufen, Ihre Gewinnkombination \u00fcberpr\u00fcfen und sich Ihre Gewinne ganz einfach auszahlen lassen. Wir haben uns um die Details gek\u00fcmmert, damit Sie sich entspannen und Spa\u00df haben k\u00f6nnen. Wenn <a href=\"https:\/\/jackpotlotteryonline.com\/de\/wie-man-spielt\/saturday-lotto\">Sie mit jackpotlotteryonline.com Lotto spielen<\/a>, ist das eine Win-Win-Situation f\u00fcr Sie. Registrieren Sie sich noch heute bei uns.<\/p>\n","protected":false},"excerpt":{"rendered":"<p>Das Samstagslotto, auch bekannt als das Tatts-Lotto, ist eine der gewinnreichsten Lotterien Australiens. Und jetzt, da Spieler auf der ganzen Welt am Lotto teilnehmen k\u00f6nnen, ist es noch wichtiger, Gewinnzahlen zu w\u00e4hlen. Wenn Sie bei dieser australischen Lotterie gewinnen, k\u00f6nnen Sie mit einem Mindestbetrag von 5 Millionen Dollar nach Hause gehen. Dieser Betrag rollt weiter, [&hellip;]<\/p>\n","protected":false},"author":1,"featured_media":0,"parent":35828,"menu_order":18,"comment_status":"closed","ping_status":"closed","template":"saturday-lotto-results.php","meta":{"_et_pb_use_builder":"","_et_pb_old_content":"","_et_gb_content_width":"","exclude_from_search":false,"footnotes":""},"class_list":["post-41253","page","type-page","status-publish","hentry"],"yoast_head":"<!-- This site is optimized with the Yoast SEO plugin v23.3 - https:\/\/yoast.com\/wordpress\/plugins\/seo\/ -->\n<title>Samstagslotto Gewinnzahlen und Ziehungsergebnisse<\/title>\n<meta name=\"description\" content=\"Vergleichen Sie Ihren Lottoschein mit den Ergebnissen der letzten Samstagslottoziehung - hier finden Sie die Gewinnzahlen!\" \/>\n<meta name=\"robots\" content=\"index, follow, max-snippet:-1, max-image-preview:large, max-video-preview:-1\" \/>\n<link rel=\"canonical\" href=\"https:\/\/jackpotlotteryonline.com\/de\/gewinn-zahlen\/saturday-lotto\/\" \/>\n<meta property=\"og:locale\" content=\"de_DE\" \/>\n<meta property=\"og:type\" content=\"article\" \/>\n<meta property=\"og:title\" content=\"Samstagslotto Gewinnzahlen und Ziehungsergebnisse\" \/>\n<meta property=\"og:description\" content=\"Vergleichen Sie Ihren Lottoschein mit den Ergebnissen der letzten Samstagslottoziehung - hier finden Sie die Gewinnzahlen!\" \/>\n<meta property=\"og:url\" content=\"https:\/\/jackpotlotteryonline.com\/de\/gewinn-zahlen\/saturday-lotto\/\" \/>\n<meta property=\"og:site_name\" content=\"Lotto Online - Crack The International Lottery Jackpots\" \/>\n<meta property=\"article:modified_time\" content=\"2022-12-30T15:02:06+00:00\" \/>\n<meta property=\"og:image\" content=\"https:\/\/jackpotlotteryonline.com\/wp-content\/uploads\/2022\/11\/1_lotto_money_win-300x150.jpg\" \/>\n<meta name=\"twitter:card\" content=\"summary_large_image\" \/>\n<meta name=\"twitter:label1\" content=\"Gesch\u00e4tzte Lesezeit\" \/>\n\t<meta name=\"twitter:data1\" content=\"5\u00a0Minuten\" \/>\n<!-- \/ Yoast SEO plugin. -->","yoast_head_json":{"title":"Samstagslotto Gewinnzahlen und Ziehungsergebnisse","description":"Vergleichen Sie Ihren Lottoschein mit den Ergebnissen der letzten Samstagslottoziehung - hier finden Sie die Gewinnzahlen!","robots":{"index":"index","follow":"follow","max-snippet":"max-snippet:-1","max-image-preview":"max-image-preview:large","max-video-preview":"max-video-preview:-1"},"canonical":"https:\/\/jackpotlotteryonline.com\/de\/gewinn-zahlen\/saturday-lotto\/","og_locale":"de_DE","og_type":"article","og_title":"Samstagslotto Gewinnzahlen und Ziehungsergebnisse","og_description":"Vergleichen Sie Ihren Lottoschein mit den Ergebnissen der letzten Samstagslottoziehung - hier finden Sie die Gewinnzahlen!","og_url":"https:\/\/jackpotlotteryonline.com\/de\/gewinn-zahlen\/saturday-lotto\/","og_site_name":"Lotto Online - Crack The International Lottery Jackpots","article_modified_time":"2022-12-30T15:02:06+00:00","og_image":[{"url":"https:\/\/jackpotlotteryonline.com\/wp-content\/uploads\/2022\/11\/1_lotto_money_win-300x150.jpg"}],"twitter_card":"summary_large_image","twitter_misc":{"Gesch\u00e4tzte Lesezeit":"5\u00a0Minuten"},"schema":{"@context":"https:\/\/schema.org","@graph":[{"@type":"WebPage","@id":"https:\/\/jackpotlotteryonline.com\/de\/gewinn-zahlen\/saturday-lotto\/","url":"https:\/\/jackpotlotteryonline.com\/de\/gewinn-zahlen\/saturday-lotto\/","name":"Samstagslotto Gewinnzahlen und Ziehungsergebnisse","isPartOf":{"@id":"https:\/\/jackpotlotteryonline.com\/#website"},"primaryImageOfPage":{"@id":"https:\/\/jackpotlotteryonline.com\/de\/gewinn-zahlen\/saturday-lotto\/#primaryimage"},"image":{"@id":"https:\/\/jackpotlotteryonline.com\/de\/gewinn-zahlen\/saturday-lotto\/#primaryimage"},"thumbnailUrl":"https:\/\/jackpotlotteryonline.com\/wp-content\/uploads\/2022\/11\/1_lotto_money_win-300x150.jpg","datePublished":"2022-12-08T19:21:33+00:00","dateModified":"2022-12-30T15:02:06+00:00","description":"Vergleichen Sie Ihren Lottoschein mit den Ergebnissen der letzten Samstagslottoziehung - hier finden Sie die Gewinnzahlen!","breadcrumb":{"@id":"https:\/\/jackpotlotteryonline.com\/de\/gewinn-zahlen\/saturday-lotto\/#breadcrumb"},"inLanguage":"de","potentialAction":[{"@type":"ReadAction","target":["https:\/\/jackpotlotteryonline.com\/de\/gewinn-zahlen\/saturday-lotto\/"]}]},{"@type":"ImageObject","inLanguage":"de","@id":"https:\/\/jackpotlotteryonline.com\/de\/gewinn-zahlen\/saturday-lotto\/#primaryimage","url":"https:\/\/jackpotlotteryonline.com\/wp-content\/uploads\/2022\/11\/1_lotto_money_win-300x150.jpg","contentUrl":"https:\/\/jackpotlotteryonline.com\/wp-content\/uploads\/2022\/11\/1_lotto_money_win-300x150.jpg"},{"@type":"BreadcrumbList","@id":"https:\/\/jackpotlotteryonline.com\/de\/gewinn-zahlen\/saturday-lotto\/#breadcrumb","itemListElement":[{"@type":"ListItem","position":1,"name":"Home","item":"https:\/\/jackpotlotteryonline.com\/de\/"},{"@type":"ListItem","position":2,"name":"Lotterieergebnisse","item":"https:\/\/jackpotlotteryonline.com\/de\/gewinn-zahlen\/"},{"@type":"ListItem","position":3,"name":"Ergebnisse der Lottoziehung vom Samstag"}]},{"@type":"WebSite","@id":"https:\/\/jackpotlotteryonline.com\/#website","url":"https:\/\/jackpotlotteryonline.com\/","name":"Lotto Online - Crack The International Lottery Jackpots","description":"","potentialAction":[{"@type":"SearchAction","target":{"@type":"EntryPoint","urlTemplate":"https:\/\/jackpotlotteryonline.com\/?s={search_term_string}"},"query-input":"required name=search_term_string"}],"inLanguage":"de"}]}},"_links":{"self":[{"href":"https:\/\/jackpotlotteryonline.com\/de\/wp-json\/wp\/v2\/pages\/41253","targetHints":{"allow":["GET"]}}],"collection":[{"href":"https:\/\/jackpotlotteryonline.com\/de\/wp-json\/wp\/v2\/pages"}],"about":[{"href":"https:\/\/jackpotlotteryonline.com\/de\/wp-json\/wp\/v2\/types\/page"}],"author":[{"embeddable":true,"href":"https:\/\/jackpotlotteryonline.com\/de\/wp-json\/wp\/v2\/users\/1"}],"replies":[{"embeddable":true,"href":"https:\/\/jackpotlotteryonline.com\/de\/wp-json\/wp\/v2\/comments?post=41253"}],"version-history":[{"count":0,"href":"https:\/\/jackpotlotteryonline.com\/de\/wp-json\/wp\/v2\/pages\/41253\/revisions"}],"up":[{"embeddable":true,"href":"https:\/\/jackpotlotteryonline.com\/de\/wp-json\/wp\/v2\/pages\/35828"}],"wp:attachment":[{"href":"https:\/\/jackpotlotteryonline.com\/de\/wp-json\/wp\/v2\/media?parent=41253"}],"curies":[{"name":"wp","href":"https:\/\/api.w.org\/{rel}","templated":true}]}}