{"id":41307,"date":"2022-12-09T06:04:46","date_gmt":"2022-12-09T06:04:46","guid":{"rendered":"https:\/\/jackpotlotteryonline.com\/?page_id=41307"},"modified":"2022-12-29T13:19:39","modified_gmt":"2022-12-29T13:19:39","slug":"thunderball","status":"publish","type":"page","link":"https:\/\/jackpotlotteryonline.com\/de\/gewinn-zahlen\/thunderball\/","title":{"rendered":"Thunderball Lotterie Ziehungsergebnisse"},"content":{"rendered":"<p>Thunderball ist eine der beliebtesten Lotterien im Vereinigten K\u00f6nigreich. F\u00fcr einen kleinen Betrag kann man eine halbe Million Pfund gewinnen, was fantastisch ist. Es gibt viele Lotterien, aber Thunderball hat einfach etwas, das die Spieler anzieht. Vielleicht sind es die unglaublich g\u00fcnstigen Gewinnchancen oder die Tatsache, dass es viele Gewinner gibt. Was auch immer der Grund ist, Spieler auf der ganzen Welt kaufen Thunderball-Lottoscheine auch online.<\/p>\n<p>Wenn Sie die <a href=\"https:\/\/jackpotlotteryonline.com\/de\/wie-man-spielt\/thunderball\">Lotterie online spielen<\/a>, ist es wichtig, die Gewinnzahlen zu \u00fcberpr\u00fcfen. So wissen Sie, ob Sie einen Schein haben, der mit den gezogenen Zahlen \u00fcbereinstimmt. Wenn Sie sich fragen, wie Sie die Ziehungsergebnisse \u00fcberpr\u00fcfen k\u00f6nnen, sind Sie hier genau richtig. Wir verraten Ihnen auch, wie Sie die Ziehungsergebnisse am besten \u00fcberpr\u00fcfen k\u00f6nnen<\/p>\n<p>Wenn Sie <a href=\"https:\/\/jackpotlotteryonline.com\/de\/spielscheine-kaufen\/thunderball\">Ihre Lose auf jackpotlotteryonline.com kaufen<\/a>, lesen Sie weiter, um zu erfahren, wie Sie Ihre Gewinne einfordern k\u00f6nnen.<\/p>\n<h2>Auswahl Ihrer Thunderball-Gewinnzahlen<\/h2>\n<p><img loading=\"lazy\" decoding=\"async\" class=\"alignright size-medium wp-image-29480\" src=\"http:\/\/jackpotlotteryonline.com\/wp-content\/uploads\/2022\/11\/1_rain_lottery_money_win-282x300.jpg\" alt=\"Thunderball Gewinnzahlen\" width=\"282\" height=\"300\" srcset=\"https:\/\/jackpotlotteryonline.com\/wp-content\/uploads\/2022\/11\/1_rain_lottery_money_win-282x300.jpg 282w, https:\/\/jackpotlotteryonline.com\/wp-content\/uploads\/2022\/11\/1_rain_lottery_money_win.jpg 300w\" sizes=\"auto, (max-width: 282px) 100vw, 282px\" \/>Es gibt zwei Hauptwege, die Spieler nutzen, um die Zahlen auszuw\u00e4hlen, die sie spielen m\u00f6chten. Bei den meisten Lotterien m\u00fcssen Sie aus einem bestimmten Bereich w\u00e4hlen. Einige Spieler w\u00e4hlen daher gerne besondere Daten wie Geburtstage oder Jahrestage. Diese Daten werden als Gl\u00fcckstage bezeichnet.<\/p>\n<p>In einigen Teilen der Welt haben manche Menschen Zahlen, die sie als Gl\u00fcckszahlen ansehen. Zum Beispiel sehen manche die Zahl 7 als Gl\u00fcckszahl an, w\u00e4hrend andere die Zahl 13 als Ungl\u00fcckszahl betrachten. Es h\u00e4ngt wirklich davon ab, was Sie f\u00fcr Gl\u00fcck halten. Diese Methode wird von vielen Spielern auf der ganzen Welt bevorzugt, und sie k\u00f6nnte auch f\u00fcr Sie funktionieren.<\/p>\n<p>Die zweite M\u00f6glichkeit besteht darin, unseren automatischen Generator zu verwenden, um Ihre Zahlen zuf\u00e4llig auszuw\u00e4hlen. F\u00fcr manche Menschen funktioniert das, weil die Lotterie einfach ein Gl\u00fccksspiel ist. Sie k\u00f6nnen zwar einiges tun, damit Sie sich gl\u00fccklich f\u00fchlen, aber es gibt keine Garantie f\u00fcr einen Gewinn.<\/p>\n<h2>Wie man Thunderball online spielt<\/h2>\n<p>UK Thunderball ist ein spannendes Spiel. Der Ablauf ist genau wie bei jedem anderen Lottospiel. Im Grunde genommen m\u00fcssen Sie 5 Zahlen aus einem Bereich von 1 bis 39 und eine Sonderzahl von 1 bis 14 tippen. Die Sonderzahl wird &#8220;Thunderball&#8221; genannt und dient zur Ermittlung von sechs Gewinnklassen, einschlie\u00dflich des Jackpots.<\/p>\n<p>Beim Online-Spielen ist es nicht viel anders, nur dass Sie den Zahlengenerator nutzen k\u00f6nnen, um zuf\u00e4llige Zahlen auszuw\u00e4hlen. Das ist eine Art &#8220;Lucky Dip&#8221; f\u00fcr diejenigen, die an physische Tickets gew\u00f6hnt sind. Sie k\u00f6nnen mehrere Linien und mehrere Lose w\u00e4hlen, um Ihre Gewinnchancen beim Thunderball zu erh\u00f6hen.<\/p>\n<p>Der n\u00e4chste Schritt ist die Teilnahme an der Ziehung, und das ist der beste Teil. Beachten Sie, dass es v\u00f6llig in Ordnung ist, an mehreren Ziehungen teilzunehmen. Und wenn Sie Ihr Los bei uns kaufen, k\u00f6nnen Sie auch mehrere Wochen im Voraus an der Ziehung teilnehmen. Das verschafft Ihnen einen Vorteil beim Spielen dieses Gl\u00fccksspiels.<\/p>\n<section class=\"layout\" style=\"border: solid 1px; width: 100%;\">\n<div class=\"img-div\" style=\"margin-top: 5px;\"><img decoding=\"async\" class=\"wp-image-17212 alignleft\" style=\"height: 45px; margin: 8px 8px 0px;\" src=\"http:\/\/jackpotlotteryonline.com\/wp-content\/uploads\/2022\/11\/read1.jpg\" alt=\"lesen\" width=\"\" height=\"\" \/><\/div>\n<div style=\"padding-left: 5px;\">\n<div style=\"font-size: 1.1em;\">\n<p><strong>Die Lotterien, bei denen Sie die besten Gewinnchancen haben<\/strong><\/p>\n<p style=\"font-size: 0.85em; margin-top: -1.5em;\">Welche Lotterie hat die besten Gewinnchancen?\u00a0<a href=\"https:\/\/jackpotlotteryonline.com\/de\/welche-lotterie-hat-die-besten-gewinnchancen\"> mehr lesen<\/a><\/p>\n<\/div>\n<\/div>\n<\/section>\n<h2>Thunderball-Ziehungstage<\/h2>\n<p>Die Ziehungen finden viermal pro Woche statt, dienstags, mittwochs, freitags und samstags. Bei dieser britischen Lotterie gibt es jede Woche vier Ziehungen. F\u00fcr die Spieler bedeutet dies, dass die Wahrscheinlichkeit, den Jackpot zu knacken, bei Thunderball viermal so hoch ist.<\/p>\n<p>Sie k\u00f6nnen an einer einzigen Ziehung teilnehmen, aber es ist wahrscheinlich am besten, an mehreren Ziehungen teilzunehmen, damit Sie eine viel h\u00f6here Gewinnchance haben. Denken Sie daran, dass die Gewinnwahrscheinlichkeit bei mehr Teilnahmen h\u00f6her ist.<\/p>\n<h2>Wie Sie die Ergebnisse der Thunderball-Ziehung \u00fcberpr\u00fcfen k\u00f6nnen<\/h2>\n<p>Und nun zum besten Teil, n\u00e4mlich der \u00dcberpr\u00fcfung der Ziehungsergebnisse. Die einzige M\u00f6glichkeit, herauszufinden, ob Sie die richtige Kombination haben, ist die \u00dcberpr\u00fcfung der Ziehungsergebnisse. Die meisten Lotterien veranstalten Live-Ziehungen, und Thunderball ist da keine Ausnahme. Sie k\u00f6nnen also die Live-Ziehung online verfolgen. Es ist wichtig zu wissen, dass die Live-Ziehungen zu einer bestimmten Zeit stattfinden und Sie im Falle eines Gewinns Ihren Preis verpassen.<\/p>\n<p>Nat\u00fcrlich k\u00f6nnen Sie jederzeit im Internet recherchieren, um herauszufinden, ob Sie der Gewinner sind. W\u00e4hrend Sie die Kombination f\u00fcr den Jackpot bekommen k\u00f6nnen, ist es bei den anderen Gewinnkategorien leider nicht so einfach. Der zweith\u00f6chste Preis bei Thunderball betr\u00e4gt 5.000 \u00a3, und das sollten Sie sich nicht entgehen lassen.<\/p>\n<p>Am besten schauen Sie nach jeder Ziehung auf dieser Seite nach. Wir ver\u00f6ffentlichen die neuesten Ziehungsergebnisse f\u00fcr alle Kategorien. Und wenn Sie Ihr Los bei uns gekauft haben, werden wir Sie benachrichtigen, wenn Sie einen Preis gewinnen.<\/p>\n<h2>Preise, die Sie gewinnen k\u00f6nnen<\/h2>\n<p>Doch welche Preise gibt es in den verschiedenen Kategorien? Beim UK Thunderball gibt es mehrere Preiskategorien mit einem Preis nur f\u00fcr die \u00dcbereinstimmung mit dem Thunderball. Die Wahrscheinlichkeit, dass ein Spieler einen Preis gewinnt, ist hoch.<\/p>\n<p>Im Folgenden finden Sie eine Aufschl\u00fcsselung der Preiskategorien f\u00fcr den UK Thunderball sowie die Gewinnchancen.<\/p>\n<p>Kategorie 1: Match 5 + Thunderball &#8211; 1 zu 8.060.598 &#8211; 500.000 \u00a3<\/p>\n<p>Kategorie 2: Nur Spiel 5 &#8211; 1 zu 620.046 &#8211; \u00a35000<\/p>\n<p>Kategorie 3: Match 4 + Thunderball &#8211; 1 zu 47.416 &#8211; 250 \u00a3<\/p>\n<p>Kategorie 4: Nur Spiel 4 &#8211; 1 von 3.648 &#8211; 100 Pfund<\/p>\n<p>Kategorie 5: Spiel 3 + Thunderball &#8211; 1 von 1.437 &#8211; \u00a320<\/p>\n<p>Kategorie 6: Nur Spiel 3 &#8211; 1 zu 111 &#8211; \u00a310<\/p>\n<p>Kategorie 7: Spiel 2 + Thunderball &#8211; 1 zu 135 &#8211; \u00a310<\/p>\n<p>Kategorie 8: Spiel 1 + Thunderball &#8211; 1 zu 35 &#8211; \u00a35<\/p>\n<p>Kategorie 9: Match Thunderball &#8211; 1 zu 29 &#8211; \u00a33<\/p>\n<p>Jeder kann einen Thunderball-Preis gewinnen, auch wenn er au\u00dferhalb des Vereinigten K\u00f6nigreichs lebt. Kaufen Sie Ihr Ticket einfach online und sichern Sie sich die Chance auf einen gro\u00dfen Gewinn.<\/p>\n<h2>Auszahlung Ihrer Gewinne<\/h2>\n<p><img loading=\"lazy\" decoding=\"async\" class=\"alignright size-full wp-image-28832\" src=\"http:\/\/jackpotlotteryonline.com\/wp-content\/uploads\/2022\/11\/1_online_win_lottery.jpg\" alt=\"Thunderball-Gewinn beantragen\" width=\"250\" height=\"167\" \/>Wir haben erw\u00e4hnt, dass wir Sie per E-Mail und \u00fcber Ihr Konto benachrichtigen, wenn Sie einen Gewinnschein haben. Aber wie k\u00f6nnen Sie sich Ihren Gewinn auszahlen lassen, wenn Sie au\u00dferhalb des Vereinigten K\u00f6nigreichs leben? Das ist eine Frage, die sich viele Spieler stellen. Nun, wir sind hier, um Ihr Herz \u00fcber Ihre Gewinne zu beruhigen.<\/p>\n<p>Wenn Sie sich bei uns registrieren und Ihre Lottoscheine bei uns kaufen, vereinfachen wir den Vorgang f\u00fcr Sie. Als Concierge-Website haben wir einen nahtlosen Prozess geschaffen, mit dem Sie Ihre Gewinne problemlos abheben k\u00f6nnen. Bei Gewinnen unter 2.500 Euro m\u00fcssen Sie sich den Betrag nur von unserer Website auf Ihr Konto auszahlen lassen.<\/p>\n<p>Wenn Sie einen Preis gewonnen haben, der \u00fcber diesem Betrag liegt, m\u00fcssen Sie Ihren Gewinn direkt bei der Lotteriegesellschaft geltend machen. Wir stellen Ihnen ein Antragsformular zur Verf\u00fcgung und leiten Sie durch den Prozess. Sie brauchen also keine Angst zu haben, wir sorgen daf\u00fcr, dass alles einfach und stressfrei ist.<\/p>\n<h2>Was Sie vor der Inanspruchnahme Ihres Gewinns wissen sollten<\/h2>\n<p>Bevor Sie Ihren Gewinn beanspruchen, sollten Sie ein paar Dinge \u00fcber das Lottospielen im Vereinigten K\u00f6nigreich wissen. Wir wissen bereits, dass die Lotterie jedem offen steht, unabh\u00e4ngig von der Nationalit\u00e4t, aber hier sind noch ein paar Dinge zu beachten:<\/p>\n<ul>\n<li>Die Lotterie ist f\u00fcr Spieler ab 16 Jahren zug\u00e4nglich.<\/li>\n<li>Die Preise werden als Pauschalbetrag ausgezahlt<\/li>\n<li>Lotteriegewinne sind im Land nicht steuerpflichtig. Wenn Sie jedoch von au\u00dferhalb des Landes spielen, sollten Sie die Steuergesetze Ihres Landes \u00fcberpr\u00fcfen<\/li>\n<li>Sie haben 180 Tage Zeit, um einen Gewinn einzufordern, bevor er in den Pool zur\u00fcckflie\u00dft.<\/li>\n<\/ul>\n<p>Wenn Sie \u00fcber einen physischen Verk\u00e4ufer an der Lotterie teilgenommen haben, m\u00fcssen Sie sich m\u00f6glicherweise mit den Organisatoren der Lotterie in Verbindung setzen, um Ihren Gewinn einzufordern.<\/p>\n<h2>Vorteile des Lottospiels mit Jackpotlotteryonline.com<\/h2>\n<ul>\n<li>Sie erhalten schnellen und sofortigen Zugang zur Lotterie. Sie m\u00fcssen nicht in Gro\u00dfbritannien leben, um Lotto zu spielen<\/li>\n<li>Es ist sehr bequem, da Sie Ihr Zuhause nicht verlassen m\u00fcssen. \u00dcberpr\u00fcfen Sie Ihre Kombination von Ihrem Computer oder Ihrem mobilen Ger\u00e4t aus.<\/li>\n<li>Es ist auch sicherer, weil Ihr Schein digital gespeichert wird. Das ist wichtig, denn nur so k\u00f6nnen Sie Ihren Gewinn geltend machen.<\/li>\n<li>Sie m\u00fcssen Ihren Gewinn nicht verpassen, denn wir benachrichtigen Sie sofort, wenn Sie einen Preis gewonnen haben.<\/li>\n<li>Sie k\u00f6nnen jeden Gewinn einfach online abheben, ohne irgendwohin gehen zu m\u00fcssen.<\/li>\n<\/ul>\n<p>Wenn Sie Ihr Thunderball-Los noch nicht gekauft haben, ist jetzt ein guter Zeitpunkt, dies zu tun, damit Sie an der n\u00e4chsten Ziehung teilnehmen k\u00f6nnen.<\/p>\n<h2>Was ist eine Concierge-Website?<\/h2>\n<p>Wir haben erw\u00e4hnt, dass wir eine Concierge-Website sind, und Sie fragen sich vielleicht, was es damit auf sich hat. Nun, ein Problem, das Spieler beim Online-Kauf von Losen haben, ist, dass sie nie wissen, ob sie an der Lotterie teilgenommen haben. Viele Websites lassen ihre Spieler auf das Ergebnis der Lotterie wetten, was etwas v\u00f6llig anderes ist.<\/p>\n<p>Bei jackpotlotteryonline.com bieten wir unseren Nutzern Zugang zu den besten internationalen Lotterien der Welt. Das liegt daran, dass wir eine Concierge-Website betreiben, auf der wir Vertreter in verschiedenen Teilen der Welt haben. Wenn Sie bei uns Lotteriescheine kaufen, kauft unser Vertreter in diesem Land einen physischen Schein mit den entsprechenden Zahlen. Der Schein wird dann gescannt und an Sie geschickt.<\/p>\n<p>Wenn Sie Ihren Thunderball-Lotterieschein bei uns kaufen, k\u00f6nnen Sie sicher sein, dass Sie die Lotterie gewinnen, wenn Sie die gezogenen Zahlen treffen. So einfach ist das, und doch ist es das Einzige, was unseren Kunden die Gewissheit gibt, dass sie online Lotto spielen k\u00f6nnen.<\/p>\n<h2>Tipps zum Gewinnen bei Thunderball<\/h2>\n<p>Obwohl Thunderball ein Gl\u00fccksspiel ist, gibt es Dinge, die Sie tun k\u00f6nnen, um Ihre Gewinnwahrscheinlichkeit zu erh\u00f6hen. Im Folgenden f\u00fchren wir einige davon auf:<\/p>\n<ul>\n<li>W\u00e4hlen Sie Ihre Gl\u00fcckszahlen. Bei Thunderball kann man nicht zu viel Gl\u00fcck haben<\/li>\n<li>Kaufen Sie mehr Lose und nehmen Sie an mehreren Ziehungen teil. Denn je mehr Teilnahmen Sie haben, desto h\u00f6her sind Ihre Gewinnchancen.<\/li>\n<li>Schlie\u00dfen Sie sich einer Tippgemeinschaft an oder gr\u00fcnden Sie eine. Dabei handelt es sich um eine Gruppe von Personen, die ihre Mittel zusammenlegen, um mehr Lose kaufen zu k\u00f6nnen.<\/li>\n<li>Seien Sie fest davon \u00fcberzeugt, dass Sie gewinnen werden. Wenn Sie von ganzem Herzen daran glauben, zieht das Gl\u00fcck zu Ihnen. Mehrere Lottogewinner haben \u00fcber ihren Glauben an einen Gewinn gesprochen.<\/li>\n<\/ul>\n<h2>\u00dcberpr\u00fcfen Sie Ihre Gewinnkombination auf jackpotlotteryonline.com<\/h2>\n<p>Wir machen es Spielern leicht, Zugang zu den besten internationalen Lotterien zu erhalten, indem wir Spielscheine online anbieten. Dar\u00fcber hinaus k\u00f6nnen Sie auf unserer Website auch die Ziehungsergebnisse \u00fcberpr\u00fcfen und sich Ihre Gewinne auszahlen lassen. Das Spielen von Thunderball war noch nie so entspannend und stressfrei. Und wir haben hart daran gearbeitet, dass dies auch so bleibt.<\/p>\n<p>Wenn Sie UK Thunderball ausprobieren m\u00f6chten, z\u00f6gern Sie nicht und kaufen Sie jetzt Ihre Lose. Besuchen Sie unsere Website nach jeder Ziehung, um die Ziehungsergebnisse zu erfahren und sich Ihre Gewinne einfach auszahlen zu lassen.<\/p>\n","protected":false},"excerpt":{"rendered":"<p>Thunderball ist eine der beliebtesten Lotterien im Vereinigten K\u00f6nigreich. F\u00fcr einen kleinen Betrag kann man eine halbe Million Pfund gewinnen, was fantastisch ist. Es gibt viele Lotterien, aber Thunderball hat einfach etwas, das die Spieler anzieht. Vielleicht sind es die unglaublich g\u00fcnstigen Gewinnchancen oder die Tatsache, dass es viele Gewinner gibt. Was auch immer der [&hellip;]<\/p>\n","protected":false},"author":1,"featured_media":0,"parent":35828,"menu_order":12,"comment_status":"closed","ping_status":"closed","template":"thunderball-results.php","meta":{"_et_pb_use_builder":"","_et_pb_old_content":"","_et_gb_content_width":"","exclude_from_search":false,"footnotes":""},"class_list":["post-41307","page","type-page","status-publish","hentry"],"yoast_head":"<!-- This site is optimized with the Yoast SEO plugin v23.3 - https:\/\/yoast.com\/wordpress\/plugins\/seo\/ -->\n<title>Thunderball Lotterie Gewinnzahlen und Ziehungsergebnisse<\/title>\n<meta name=\"description\" content=\"Vergleichen Sie Ihren Schein mit den Gewinnzahlen und Ergebnissen der letzten Thunderball-Ziehung, oder finden Sie historische Ziehungsergebnisse\" \/>\n<meta name=\"robots\" content=\"index, follow, max-snippet:-1, max-image-preview:large, max-video-preview:-1\" \/>\n<link rel=\"canonical\" href=\"https:\/\/jackpotlotteryonline.com\/de\/gewinn-zahlen\/thunderball\/\" \/>\n<meta property=\"og:locale\" content=\"de_DE\" \/>\n<meta property=\"og:type\" content=\"article\" \/>\n<meta property=\"og:title\" content=\"Thunderball Lotterie Gewinnzahlen und Ziehungsergebnisse\" \/>\n<meta property=\"og:description\" content=\"Vergleichen Sie Ihren Schein mit den Gewinnzahlen und Ergebnissen der letzten Thunderball-Ziehung, oder finden Sie historische Ziehungsergebnisse\" \/>\n<meta property=\"og:url\" content=\"https:\/\/jackpotlotteryonline.com\/de\/gewinn-zahlen\/thunderball\/\" \/>\n<meta property=\"og:site_name\" content=\"Lotto Online - Crack The International Lottery Jackpots\" \/>\n<meta property=\"article:modified_time\" content=\"2022-12-29T13:19:39+00:00\" \/>\n<meta property=\"og:image\" content=\"http:\/\/jackpotlotteryonline.com\/wp-content\/uploads\/2022\/11\/1_rain_lottery_money_win-282x300.jpg\" \/>\n<meta name=\"twitter:card\" content=\"summary_large_image\" \/>\n<meta name=\"twitter:label1\" content=\"Gesch\u00e4tzte Lesezeit\" \/>\n\t<meta name=\"twitter:data1\" content=\"8\u00a0Minuten\" \/>\n<!-- \/ Yoast SEO plugin. -->","yoast_head_json":{"title":"Thunderball Lotterie Gewinnzahlen und Ziehungsergebnisse","description":"Vergleichen Sie Ihren Schein mit den Gewinnzahlen und Ergebnissen der letzten Thunderball-Ziehung, oder finden Sie historische Ziehungsergebnisse","robots":{"index":"index","follow":"follow","max-snippet":"max-snippet:-1","max-image-preview":"max-image-preview:large","max-video-preview":"max-video-preview:-1"},"canonical":"https:\/\/jackpotlotteryonline.com\/de\/gewinn-zahlen\/thunderball\/","og_locale":"de_DE","og_type":"article","og_title":"Thunderball Lotterie Gewinnzahlen und Ziehungsergebnisse","og_description":"Vergleichen Sie Ihren Schein mit den Gewinnzahlen und Ergebnissen der letzten Thunderball-Ziehung, oder finden Sie historische Ziehungsergebnisse","og_url":"https:\/\/jackpotlotteryonline.com\/de\/gewinn-zahlen\/thunderball\/","og_site_name":"Lotto Online - Crack The International Lottery Jackpots","article_modified_time":"2022-12-29T13:19:39+00:00","og_image":[{"url":"http:\/\/jackpotlotteryonline.com\/wp-content\/uploads\/2022\/11\/1_rain_lottery_money_win-282x300.jpg"}],"twitter_card":"summary_large_image","twitter_misc":{"Gesch\u00e4tzte Lesezeit":"8\u00a0Minuten"},"schema":{"@context":"https:\/\/schema.org","@graph":[{"@type":"WebPage","@id":"https:\/\/jackpotlotteryonline.com\/de\/gewinn-zahlen\/thunderball\/","url":"https:\/\/jackpotlotteryonline.com\/de\/gewinn-zahlen\/thunderball\/","name":"Thunderball Lotterie Gewinnzahlen und Ziehungsergebnisse","isPartOf":{"@id":"https:\/\/jackpotlotteryonline.com\/#website"},"primaryImageOfPage":{"@id":"https:\/\/jackpotlotteryonline.com\/de\/gewinn-zahlen\/thunderball\/#primaryimage"},"image":{"@id":"https:\/\/jackpotlotteryonline.com\/de\/gewinn-zahlen\/thunderball\/#primaryimage"},"thumbnailUrl":"http:\/\/jackpotlotteryonline.com\/wp-content\/uploads\/2022\/11\/1_rain_lottery_money_win-282x300.jpg","datePublished":"2022-12-09T06:04:46+00:00","dateModified":"2022-12-29T13:19:39+00:00","description":"Vergleichen Sie Ihren Schein mit den Gewinnzahlen und Ergebnissen der letzten Thunderball-Ziehung, oder finden Sie historische Ziehungsergebnisse","breadcrumb":{"@id":"https:\/\/jackpotlotteryonline.com\/de\/gewinn-zahlen\/thunderball\/#breadcrumb"},"inLanguage":"de","potentialAction":[{"@type":"ReadAction","target":["https:\/\/jackpotlotteryonline.com\/de\/gewinn-zahlen\/thunderball\/"]}]},{"@type":"ImageObject","inLanguage":"de","@id":"https:\/\/jackpotlotteryonline.com\/de\/gewinn-zahlen\/thunderball\/#primaryimage","url":"http:\/\/jackpotlotteryonline.com\/wp-content\/uploads\/2022\/11\/1_rain_lottery_money_win-282x300.jpg","contentUrl":"http:\/\/jackpotlotteryonline.com\/wp-content\/uploads\/2022\/11\/1_rain_lottery_money_win-282x300.jpg"},{"@type":"BreadcrumbList","@id":"https:\/\/jackpotlotteryonline.com\/de\/gewinn-zahlen\/thunderball\/#breadcrumb","itemListElement":[{"@type":"ListItem","position":1,"name":"Home","item":"https:\/\/jackpotlotteryonline.com\/de\/"},{"@type":"ListItem","position":2,"name":"Lotterieergebnisse","item":"https:\/\/jackpotlotteryonline.com\/de\/gewinn-zahlen\/"},{"@type":"ListItem","position":3,"name":"Thunderball Lotterie Ziehungsergebnisse"}]},{"@type":"WebSite","@id":"https:\/\/jackpotlotteryonline.com\/#website","url":"https:\/\/jackpotlotteryonline.com\/","name":"Lotto Online - Crack The International Lottery Jackpots","description":"","potentialAction":[{"@type":"SearchAction","target":{"@type":"EntryPoint","urlTemplate":"https:\/\/jackpotlotteryonline.com\/?s={search_term_string}"},"query-input":"required name=search_term_string"}],"inLanguage":"de"}]}},"_links":{"self":[{"href":"https:\/\/jackpotlotteryonline.com\/de\/wp-json\/wp\/v2\/pages\/41307","targetHints":{"allow":["GET"]}}],"collection":[{"href":"https:\/\/jackpotlotteryonline.com\/de\/wp-json\/wp\/v2\/pages"}],"about":[{"href":"https:\/\/jackpotlotteryonline.com\/de\/wp-json\/wp\/v2\/types\/page"}],"author":[{"embeddable":true,"href":"https:\/\/jackpotlotteryonline.com\/de\/wp-json\/wp\/v2\/users\/1"}],"replies":[{"embeddable":true,"href":"https:\/\/jackpotlotteryonline.com\/de\/wp-json\/wp\/v2\/comments?post=41307"}],"version-history":[{"count":0,"href":"https:\/\/jackpotlotteryonline.com\/de\/wp-json\/wp\/v2\/pages\/41307\/revisions"}],"up":[{"embeddable":true,"href":"https:\/\/jackpotlotteryonline.com\/de\/wp-json\/wp\/v2\/pages\/35828"}],"wp:attachment":[{"href":"https:\/\/jackpotlotteryonline.com\/de\/wp-json\/wp\/v2\/media?parent=41307"}],"curies":[{"name":"wp","href":"https:\/\/api.w.org\/{rel}","templated":true}]}}