{"id":41360,"date":"2022-12-09T08:19:38","date_gmt":"2022-12-09T08:19:38","guid":{"rendered":"https:\/\/jackpotlotteryonline.com\/?page_id=41360"},"modified":"2022-12-30T09:22:54","modified_gmt":"2022-12-30T09:22:54","slug":"new-york-lottery","status":"publish","type":"page","link":"https:\/\/jackpotlotteryonline.com\/de\/gewinn-zahlen\/new-york-lottery\/","title":{"rendered":"Ergebnisse der New Yorker Lottoziehung"},"content":{"rendered":"<p>Das New Yorker Lotto war fr\u00fcher eine dieser \u00fcbersehenen Lotterien. Das lag vor allem daran, dass man nur als Einwohner von New York an der Lotterie teilnehmen konnte. Das hat sich jetzt ge\u00e4ndert, seit Spieler auf der ganzen Welt Lottoscheine kaufen k\u00f6nnen. Jetzt w\u00e4hlen immer mehr Lotteriebegeisterte die Gewinnzahlen, indem sie online spielen. Die New Yorker Lotterie wurde gegr\u00fcndet, um Mittel f\u00fcr das Bildungswesen zu beschaffen, sie hat also ihren Ursprung in einem guten Zweck. Jedes Mal, wenn Sie einen Schein kaufen, tragen Sie zur Finanzierung der Bildung bei.<\/p>\n<p>Sie k\u00f6nnen Ihre New Yorker Lotto-Kombination ausw\u00e4hlen, wenn <a href=\"https:\/\/jackpotlotteryonline.com\/de\/spielscheine-kaufen\/new-york-lottery\">Sie Ihren Lottoschein bei jackpotlotteryonline.com kaufen.<\/a><\/p>\n<h2>Wie man das New Yorker Lotto online spielt<\/h2>\n<p><img loading=\"lazy\" decoding=\"async\" class=\"alignright size-full wp-image-29534\" src=\"https:\/\/jackpotlotteryonline.com\/wp-content\/uploads\/2022\/11\/1_results_lottery_online5.jpg\" alt=\"Spielen Sie das New Yorker Lotto online\" width=\"300\" height=\"200\" \/>Lotto spielen macht Spa\u00df und ist aufregend. Aber diese Erfahrung wird noch gesteigert, wenn Sie online spielen. Die Online-Teilnahme an der Lotterie ist schnell, einfach und v\u00f6llig unproblematisch. Wenn Sie das New Yorker Lotto spielen, gehen Sie wie folgt vor:<\/p>\n<ul>\n<li>Besuchen Sie die Website Ihrer Wahl (z. B. jackpotlotteryonline.com) und klicken Sie auf die Lotterie, die Sie spielen m\u00f6chten.<\/li>\n<li>W\u00e4hlen Sie 6 aus einem Bereich von 1 bis 59. Es gibt eine 7. Zahl, aber diese wird von der Lotteriegesellschaft zuf\u00e4llig gezogen und ist nicht Teil Ihres Scheins.<\/li>\n<li>Nehmen Sie an den Ziehungen teil, die jede Woche mittwochs und samstags stattfinden. Sie k\u00f6nnen nur an einer oder an beiden Ziehungen teilnehmen.<\/li>\n<li>Schlie\u00dfen Sie Ihre Zahlung ab. Die meisten Lottoseiten verlangen, dass Sie sich registrieren, um Ihre Zahlung abzuschlie\u00dfen. So k\u00f6nnen Sie nach dem Kauf problemlos auf Ihren Schein zugreifen.<\/li>\n<\/ul>\n<p>Online Lotto spielen ist wirklich so einfach. Es gibt keine andere M\u00f6glichkeit, Lose von au\u00dferhalb New Yorks zu erwerben. Deshalb bieten wir die ultimative Option f\u00fcr Spieler, die in einem anderen Teil der Welt leben.<\/p>\n<h2>Wie man Gewinnzahlen ausw\u00e4hlt<\/h2>\n<p>Okay, gibt es wirklich eine Gewinnstrategie f\u00fcr die Auswahl von Kombinationen, mit denen man garantiert im Lotto gewinnt? Wir glauben nicht, und zwar aus dem einfachen Grund, dass die Lotterie ein Gl\u00fccksspiel ist. Es ist ziemlich schwierig zu sagen, mit welcher Kombination Sie im Lotto gewinnen werden, zumal die Ziehungen zuf\u00e4llig sind.<\/p>\n<p>Dennoch k\u00f6nnen Sie Ihr Gl\u00fcck verst\u00e4rken, indem Sie Gewinnzahlen w\u00e4hlen, die Ihnen Gl\u00fccksgef\u00fchle vermitteln. Sie k\u00f6nnen also Geburtstage, Jahrestage, Zahlen, die Ihnen Ihr ganzes Leben lang Gl\u00fcck gebracht haben, usw. w\u00e4hlen. Sie k\u00f6nnen aber auch einfach den Auto-Generator auf unserer Website verwenden, um zuf\u00e4llige Zahlen auszuw\u00e4hlen.<\/p>\n<h2>Gewinnkategorien beim New Yorker Lotto<\/h2>\n<p>Bei diesem New Yorker Lotto gibt es einen Mindestjackpot von 2 Millionen Dollar. Wenn jedoch niemand den Jackpot nach den Ziehungen gewinnt, erh\u00f6ht er sich um 300.000 $. Dieser Preis erh\u00f6ht sich so lange, bis ein Gewinner ermittelt wird.<\/p>\n<p>Insgesamt gibt es f\u00fcnf Preiskategorien, einschlie\u00dflich des Jackpots. Die Wahrscheinlichkeit, einen Preis zu gewinnen, liegt insgesamt bei 1 zu 92,05. Die Verteilung der Preise richtet sich nach dem Gesamtumsatz. So werden bei jedem Lotto 40 % des Umsatzes als Preisgeld vergeben. Der Jackpot ist ein Prozentsatz davon und kein fester Betrag. Die Gewinnkategorien f\u00fcr das New Yorker Lotto sind im Folgenden aufgef\u00fchrt:<\/p>\n<p>Kategorie 1: 6 Zahlen &#8211; Jackpot (30%)<\/p>\n<p>Kategorie 2: 5 + Bonuszahl &#8211; 2,9% des Umsatzes<\/p>\n<p>Kategorie 3: 5 Zahlen &#8211; 2,2% des Umsatzes<\/p>\n<p>Kategorie 4: 4 Zahlen &#8211; 2,5% des Umsatzes<\/p>\n<p>Kategorie 5: 3 Zahlen &#8211; 2,4% des Umsatzes<\/p>\n<h2>Wie Sie die Gewinnzahlen \u00fcberpr\u00fcfen k\u00f6nnen<\/h2>\n<p>Wie k\u00f6nnen Sie feststellen, ob Sie einen Preis gewonnen haben? Wenn Sie bei jackpotlotteryonline.com Lotto in New York spielen, informieren wir Sie grunds\u00e4tzlich, wenn Sie einen Preis gewonnen haben. Dies geschieht, indem wir eine Nachricht an Ihr Konto und an Ihre E-Mail senden. Wenn Sie bei uns registriert sind, k\u00f6nnen Sie Ihren Gewinn auf keinen Fall verpassen.<\/p>\n<p>Auch wenn Sie keinen Preis gewonnen haben, k\u00f6nnen Sie die Gewinnzahlen auf dieser Seite \u00fcberpr\u00fcfen. Wir ver\u00f6ffentlichen die Ziehungsergebnisse nach jeder Ziehung direkt hier. Schauen Sie also wieder vorbei und sehen Sie, welche Kombination den Jackpot oder die Preise aus anderen Kategorien gewonnen hat.<\/p>\n<h2>Wie Sie Ihren Gewinn abheben k\u00f6nnen<\/h2>\n<p><img loading=\"lazy\" decoding=\"async\" class=\"alignright size-medium wp-image-29183\" src=\"https:\/\/jackpotlotteryonline.com\/wp-content\/uploads\/2022\/11\/1_play_lotto-online-300x199.jpg\" alt=\"New Yorker Lotto Gewinnzahlen\" width=\"300\" height=\"199\" srcset=\"https:\/\/jackpotlotteryonline.com\/wp-content\/uploads\/2022\/11\/1_play_lotto-online-300x199.jpg 300w, https:\/\/jackpotlotteryonline.com\/wp-content\/uploads\/2022\/11\/1_play_lotto-online.jpg 350w\" sizes=\"auto, (max-width: 300px) 100vw, 300px\" \/>Wenn Sie einen Preis gewonnen haben, k\u00f6nnen Sie sich Ihren Gewinn ganz einfach hier auf unserer Website auszahlen lassen. Bei Gewinnen unter 2.500 Euro k\u00f6nnen Sie sich Ihren Gewinn direkt von unserer Plattform auf Ihr Konto auszahlen lassen. Es sind nur ein paar Klicks n\u00f6tig, und Sie erhalten Ihren Gewinn ohne Probleme.<\/p>\n<p>Betr\u00e4gt Ihr Gewinn jedoch mehr als 2.500 Euro, m\u00fcssen Sie sich m\u00f6glicherweise direkt an die Lotteriegesellschaft wenden. In diesem Fall senden wir Ihnen ein Antragsformular, das Sie ausf\u00fcllen k\u00f6nnen und das Ihnen bei der Bearbeitung Ihres Gewinns hilft.<\/p>\n<h2>Tipps zum Spielen des New Yorker Lottos<\/h2>\n<p>Wenn Sie einige Tipps f\u00fcr das Lottospiel ben\u00f6tigen, dann lesen Sie bitte weiter. Diese Tipps sind n\u00fctzlich, wenn Sie eine der gro\u00dfen internationalen Lotterien spielen. Sie sind also nicht nur auf das New Yorker Lotto beschr\u00e4nkt.<\/p>\n<ul>\n<li style=\"list-style-type: none;\">\n<ul>\n<li>W\u00e4hlen Sie Ihre Gewinnzahlen mit Bedacht. Auch wenn Sie den Lottogewinner nicht vorhersagen k\u00f6nnen, ist es immer eine gute Idee, eine Kombination zu w\u00e4hlen, die f\u00fcr Sie eine Bedeutung hat.<\/li>\n<li>Bei diesem New Yorker Lotto ist die Zusatzzahl wichtig, weil sie den Gewinn in der zweiten Kategorie bestimmt. Ignorieren Sie sie also nicht, denn Sie k\u00f6nnten mit einem stattlichen Gewinn nach Hause gehen, selbst wenn Sie den Jackpot nicht knacken.<\/li>\n<li>Achten Sie auf die Ziehungstage, denn dann erfahren wir, welche Zahl gewinnt. Wenn Sie an einer Ziehung nicht teilnehmen, k\u00f6nnen Sie bei dieser Ziehung auch keinen Preis gewinnen. Die Ziehungstage sind also sehr wichtig. Sie k\u00f6nnen auch mehrere Wochen im Voraus an den Ziehungen teilnehmen (wir zeigen Ihnen sp\u00e4ter, wie).<\/li>\n<\/ul>\n<\/li>\n<\/ul>\n<section class=\"layout\" style=\"border: solid 1px; width: 100%;\">\n<div class=\"img-div\" style=\"margin-top: 5px;\"><img decoding=\"async\" class=\"wp-image-17212 alignleft\" style=\"height: 45px; margin: 8px 8px 0px;\" src=\"https:\/\/jackpotlotteryonline.com\/wp-content\/uploads\/2022\/11\/read1.jpg\" alt=\"lesen\" width=\"\" height=\"\" \/><\/div>\n<div style=\"padding-left: 5px;\">\n<div style=\"font-size: 1.1em;\">\n<p><strong>Was ist das Geheimnis des Lotterieerfolgs?<\/strong><\/p>\n<p style=\"font-size: 0.85em; margin-top: -1.5em;\">Wie man erfolgreich Lotto spielt\u00a0<a href=\"https:\/\/jackpotlotteryonline.com\/de\/was-ist-das-geheimnis-des-lotterie-erfolgs\"> mehr lesen<\/a><\/p>\n<\/div>\n<\/div>\n<\/section>\n<h2>\u00dcberpr\u00fcfen Sie die Ziehungsergebnisse auf jackpotlotteryonline.com<\/h2>\n<p>Wir sind eine Concierge-Website, die sich um die Details k\u00fcmmert, damit unsere Kunden das Lottospiel genie\u00dfen k\u00f6nnen. Wir verstehen, dass sich niemand um den Kleinkram k\u00fcmmern m\u00f6chte. Diese Zeit k\u00f6nnte man besser damit verbringen, seine Lotteriestrategie zu perfektionieren. Und genau deshalb sind wir hier.<\/p>\n<p>Wir bieten unseren Kunden die M\u00f6glichkeit, an Lotterien auf der ganzen Welt teilzunehmen. Au\u00dferdem ver\u00f6ffentlichen wir hier die Lotterieergebnisse und stellen ein nahtloses System zur Verf\u00fcgung, damit Sie auf Ihre Gewinne zugreifen k\u00f6nnen.<\/p>\n<p>Das <a href=\"https:\/\/jackpotlotteryonline.com\/de\/wie-man-spielt\/new-york-lottery-2\">Spielen des New Yorker Lottos<\/a> mit uns ist ein Gewinn f\u00fcr beide Seiten.<\/p>\n","protected":false},"excerpt":{"rendered":"<p>Das New Yorker Lotto war fr\u00fcher eine dieser \u00fcbersehenen Lotterien. Das lag vor allem daran, dass man nur als Einwohner von New York an der Lotterie teilnehmen konnte. Das hat sich jetzt ge\u00e4ndert, seit Spieler auf der ganzen Welt Lottoscheine kaufen k\u00f6nnen. Jetzt w\u00e4hlen immer mehr Lotteriebegeisterte die Gewinnzahlen, indem sie online spielen. Die New [&hellip;]<\/p>\n","protected":false},"author":1,"featured_media":0,"parent":35828,"menu_order":15,"comment_status":"closed","ping_status":"closed","template":"newyork-results.php","meta":{"_et_pb_use_builder":"","_et_pb_old_content":"","_et_gb_content_width":"","exclude_from_search":false,"footnotes":""},"class_list":["post-41360","page","type-page","status-publish","hentry"],"yoast_head":"<!-- This site is optimized with the Yoast SEO plugin v23.3 - https:\/\/yoast.com\/wordpress\/plugins\/seo\/ -->\n<title>New Yorker Lotto Gewinnzahlen und Ziehungsergebnisse<\/title>\n<meta name=\"description\" content=\"Die Ziehungsergebnisse der New Yorker Lotterie - Gewinnzahlen, Gewinnbetr\u00e4ge f\u00fcr alle vergangenen und aktuellen Ziehungen\" \/>\n<meta name=\"robots\" content=\"index, follow, max-snippet:-1, max-image-preview:large, max-video-preview:-1\" \/>\n<link rel=\"canonical\" href=\"https:\/\/jackpotlotteryonline.com\/de\/gewinn-zahlen\/new-york-lottery\/\" \/>\n<meta property=\"og:locale\" content=\"de_DE\" \/>\n<meta property=\"og:type\" content=\"article\" \/>\n<meta property=\"og:title\" content=\"New Yorker Lotto Gewinnzahlen und Ziehungsergebnisse\" \/>\n<meta property=\"og:description\" content=\"Die Ziehungsergebnisse der New Yorker Lotterie - Gewinnzahlen, Gewinnbetr\u00e4ge f\u00fcr alle vergangenen und aktuellen Ziehungen\" \/>\n<meta property=\"og:url\" content=\"https:\/\/jackpotlotteryonline.com\/de\/gewinn-zahlen\/new-york-lottery\/\" \/>\n<meta property=\"og:site_name\" content=\"Lotto Online - Crack The International Lottery Jackpots\" \/>\n<meta property=\"article:modified_time\" content=\"2022-12-30T09:22:54+00:00\" \/>\n<meta property=\"og:image\" content=\"https:\/\/jackpotlotteryonline.com\/wp-content\/uploads\/2022\/11\/1_results_lottery_online5.jpg\" \/>\n<meta name=\"twitter:card\" content=\"summary_large_image\" \/>\n<meta name=\"twitter:label1\" content=\"Gesch\u00e4tzte Lesezeit\" \/>\n\t<meta name=\"twitter:data1\" content=\"5\u00a0Minuten\" \/>\n<!-- \/ Yoast SEO plugin. -->","yoast_head_json":{"title":"New Yorker Lotto Gewinnzahlen und Ziehungsergebnisse","description":"Die Ziehungsergebnisse der New Yorker Lotterie - Gewinnzahlen, Gewinnbetr\u00e4ge f\u00fcr alle vergangenen und aktuellen Ziehungen","robots":{"index":"index","follow":"follow","max-snippet":"max-snippet:-1","max-image-preview":"max-image-preview:large","max-video-preview":"max-video-preview:-1"},"canonical":"https:\/\/jackpotlotteryonline.com\/de\/gewinn-zahlen\/new-york-lottery\/","og_locale":"de_DE","og_type":"article","og_title":"New Yorker Lotto Gewinnzahlen und Ziehungsergebnisse","og_description":"Die Ziehungsergebnisse der New Yorker Lotterie - Gewinnzahlen, Gewinnbetr\u00e4ge f\u00fcr alle vergangenen und aktuellen Ziehungen","og_url":"https:\/\/jackpotlotteryonline.com\/de\/gewinn-zahlen\/new-york-lottery\/","og_site_name":"Lotto Online - Crack The International Lottery Jackpots","article_modified_time":"2022-12-30T09:22:54+00:00","og_image":[{"url":"https:\/\/jackpotlotteryonline.com\/wp-content\/uploads\/2022\/11\/1_results_lottery_online5.jpg"}],"twitter_card":"summary_large_image","twitter_misc":{"Gesch\u00e4tzte Lesezeit":"5\u00a0Minuten"},"schema":{"@context":"https:\/\/schema.org","@graph":[{"@type":"WebPage","@id":"https:\/\/jackpotlotteryonline.com\/de\/gewinn-zahlen\/new-york-lottery\/","url":"https:\/\/jackpotlotteryonline.com\/de\/gewinn-zahlen\/new-york-lottery\/","name":"New Yorker Lotto Gewinnzahlen und Ziehungsergebnisse","isPartOf":{"@id":"https:\/\/jackpotlotteryonline.com\/#website"},"primaryImageOfPage":{"@id":"https:\/\/jackpotlotteryonline.com\/de\/gewinn-zahlen\/new-york-lottery\/#primaryimage"},"image":{"@id":"https:\/\/jackpotlotteryonline.com\/de\/gewinn-zahlen\/new-york-lottery\/#primaryimage"},"thumbnailUrl":"https:\/\/jackpotlotteryonline.com\/wp-content\/uploads\/2022\/11\/1_results_lottery_online5.jpg","datePublished":"2022-12-09T08:19:38+00:00","dateModified":"2022-12-30T09:22:54+00:00","description":"Die Ziehungsergebnisse der New Yorker Lotterie - Gewinnzahlen, Gewinnbetr\u00e4ge f\u00fcr alle vergangenen und aktuellen Ziehungen","breadcrumb":{"@id":"https:\/\/jackpotlotteryonline.com\/de\/gewinn-zahlen\/new-york-lottery\/#breadcrumb"},"inLanguage":"de","potentialAction":[{"@type":"ReadAction","target":["https:\/\/jackpotlotteryonline.com\/de\/gewinn-zahlen\/new-york-lottery\/"]}]},{"@type":"ImageObject","inLanguage":"de","@id":"https:\/\/jackpotlotteryonline.com\/de\/gewinn-zahlen\/new-york-lottery\/#primaryimage","url":"https:\/\/jackpotlotteryonline.com\/wp-content\/uploads\/2022\/11\/1_results_lottery_online5.jpg","contentUrl":"https:\/\/jackpotlotteryonline.com\/wp-content\/uploads\/2022\/11\/1_results_lottery_online5.jpg"},{"@type":"BreadcrumbList","@id":"https:\/\/jackpotlotteryonline.com\/de\/gewinn-zahlen\/new-york-lottery\/#breadcrumb","itemListElement":[{"@type":"ListItem","position":1,"name":"Home","item":"https:\/\/jackpotlotteryonline.com\/de\/"},{"@type":"ListItem","position":2,"name":"Lotterieergebnisse","item":"https:\/\/jackpotlotteryonline.com\/de\/gewinn-zahlen\/"},{"@type":"ListItem","position":3,"name":"Ergebnisse der New Yorker Lottoziehung"}]},{"@type":"WebSite","@id":"https:\/\/jackpotlotteryonline.com\/#website","url":"https:\/\/jackpotlotteryonline.com\/","name":"Lotto Online - Crack The International Lottery Jackpots","description":"","potentialAction":[{"@type":"SearchAction","target":{"@type":"EntryPoint","urlTemplate":"https:\/\/jackpotlotteryonline.com\/?s={search_term_string}"},"query-input":"required name=search_term_string"}],"inLanguage":"de"}]}},"_links":{"self":[{"href":"https:\/\/jackpotlotteryonline.com\/de\/wp-json\/wp\/v2\/pages\/41360","targetHints":{"allow":["GET"]}}],"collection":[{"href":"https:\/\/jackpotlotteryonline.com\/de\/wp-json\/wp\/v2\/pages"}],"about":[{"href":"https:\/\/jackpotlotteryonline.com\/de\/wp-json\/wp\/v2\/types\/page"}],"author":[{"embeddable":true,"href":"https:\/\/jackpotlotteryonline.com\/de\/wp-json\/wp\/v2\/users\/1"}],"replies":[{"embeddable":true,"href":"https:\/\/jackpotlotteryonline.com\/de\/wp-json\/wp\/v2\/comments?post=41360"}],"version-history":[{"count":0,"href":"https:\/\/jackpotlotteryonline.com\/de\/wp-json\/wp\/v2\/pages\/41360\/revisions"}],"up":[{"embeddable":true,"href":"https:\/\/jackpotlotteryonline.com\/de\/wp-json\/wp\/v2\/pages\/35828"}],"wp:attachment":[{"href":"https:\/\/jackpotlotteryonline.com\/de\/wp-json\/wp\/v2\/media?parent=41360"}],"curies":[{"name":"wp","href":"https:\/\/api.w.org\/{rel}","templated":true}]}}