{"id":41414,"date":"2022-12-09T10:01:10","date_gmt":"2022-12-09T10:01:10","guid":{"rendered":"https:\/\/jackpotlotteryonline.com\/?page_id=41414"},"modified":"2022-12-30T11:51:29","modified_gmt":"2022-12-30T11:51:29","slug":"oz-lotto","status":"publish","type":"page","link":"https:\/\/jackpotlotteryonline.com\/de\/gewinn-zahlen\/oz-lotto\/","title":{"rendered":"Ergebnisse der Lottoziehung in Oz"},"content":{"rendered":"<h2>Oz Lotto Ziehungsergebnisse Informationen<\/h2>\n<p><img loading=\"lazy\" decoding=\"async\" class=\"alignright size-full wp-image-26942\" src=\"https:\/\/jackpotlotteryonline.com\/wp-content\/uploads\/2022\/11\/1_euromillions_results.jpg\" alt=\"oz lotto ziehungsergebnisse\" width=\"300\" height=\"200\" \/>Sind Sie neugierig auf die Ergebnisse der Lottoziehung in Oz oder was passiert, nachdem jemand gewonnen hat? Dieser Artikel wird Ihnen zeigen, wie Sie diese Fragen beantworten k\u00f6nnen.<\/p>\n<p>Dieses australische Lotto wird jeden Dienstag und Samstag um 19:30 Uhr MESZ gezogen. Nachdem Sie Ihre Zahlen gezogen haben, k\u00f6nnen Sie sich zur\u00fccklehnen und auf die Ziehung warten. Die Ziehungen werden in Sydney mit Hilfe eines computergesteuerten Nummerngenerators durchgef\u00fchrt.<\/p>\n<p>Oz Lotto ist ein sehr lohnendes Spiel mit sieben Gewinnklassen, in denen, wenn die Gewinnklasse 1 (der Jackpot) nicht geknackt wird, andere Preise gewonnen werden k\u00f6nnen, wenn ein Spieler f\u00fcnf oder vier Richtige hat. Au\u00dferdem werden zehn Preise in H\u00f6he von jeweils 2 Millionen Dollar vergeben, wenn kein Spieler alle sieben gezogenen Zahlen richtig hat.<\/p>\n<p>Au\u00dferdem werden die Ergebnisse der Lottoziehung eine Woche nach der Ziehung auf der Website der Regierung von Victoria ver\u00f6ffentlicht. Die Ziehungszeit wird geheim gehalten, um die Privatsph\u00e4re der Teilnehmer zu sch\u00fctzen.<\/p>\n<h2>Wie kann ich beim australischen Oz Lotto gewinnen?<\/h2>\n<ul>\n<li>Um einen Preis im <a href=\"https:\/\/jackpotlotteryonline.com\/de\/wie-man-spielt\/oz-lotto\">Oz Lotto zu gewinnen<\/a>, sollten Sie Folgendes wissen:<\/li>\n<li>Um Oz Lotto zu spielen, muss ein Spieler zehn Zahlen aus einem Pool von 47 ziehen.<\/li>\n<li>Die ersten sieben gezogenen Zahlen gelten als die Gewinnzahlen f\u00fcr den Jackpot-Preis.<\/li>\n<li>Die restlichen drei gezogenen Zahlen sind die Zusatzzahlen, mit denen die Preise f\u00fcr die anderen Bereiche ermittelt werden.<\/li>\n<li>Je mehr passende Zahlen ein Spieler hat, desto h\u00f6her ist der Gewinn.<\/li>\n<li>Die Teilnahme am Oz Lotto ist ein Gl\u00fccksspiel; Sie k\u00f6nnen entweder gewinnen oder verlieren.<\/li>\n<\/ul>\n<h2>Wie kann ich \u00fcberpr\u00fcfen, ob ich bei einer bestimmten Ziehung gewonnen habe?<\/h2>\n<p><img loading=\"lazy\" decoding=\"async\" class=\"alignright size-full wp-image-26159\" src=\"https:\/\/jackpotlotteryonline.com\/wp-content\/uploads\/2022\/11\/1_buy_lottery_online.jpg\" alt=\"oz lotto ziehungsergebnisse\" width=\"212\" height=\"142\" \/>Wenn Sie <a href=\"https:\/\/jackpotlotteryonline.com\/de\/spielscheine-kaufen\/oz-lotto\">einen Schein bei uns gekauft<\/a> haben, \u00fcberpr\u00fcfen Sie bitte die Ergebnisse der Ziehung auf unserer Website. Der einfachste Weg, um zu erfahren, ob Sie gewonnen haben, ist, sich in Ihr Spielerkonto auf unserer Website einzuloggen. Gehen Sie dann zu &#8220;Meine Lose&#8221;, und Sie sehen Ihren Los-Scan mit den Zahlen, mit denen Sie gespielt haben. Nach der Ziehung werden alle \u00fcbereinstimmenden Ziffern hervorgehoben.<\/p>\n<p>Eine weitere M\u00f6glichkeit zu erfahren, ob Sie gewonnen haben, ist ein Blick in Ihre E-Mail. Unmittelbar nach der Ziehung erhalten Sie eine E-Mail, die Sie \u00fcber den Gewinn informiert. Anhand dieser Informationen k\u00f6nnen Sie feststellen, ob Sie bei dieser Ziehung gewonnen haben.<\/p>\n<p>Sie k\u00f6nnen auch die offizielle Website des australischen Oz Lotto besuchen, um mehr \u00fcber fr\u00fchere Ergebnisse und allgemeine Informationen \u00fcber die Lotterie zu erfahren.<\/p>\n<h2>Wege zur Verbesserung meiner Gewinnchancen<\/h2>\n<p>Um Ihre Chancen auf den Jackpot zu erh\u00f6hen, k\u00f6nnen Sie an mehreren Ziehungen teilnehmen, indem Sie Lose f\u00fcr aufeinanderfolgende Ziehungen kaufen. Auf diese Weise kann man mehrere Wochen lang die gleiche Auswahl spielen. Dadurch erh\u00f6hen sich zwar die Kosten f\u00fcr Ihre Bestellungen, aber Sie k\u00f6nnen daf\u00fcr an mehr Ziehungen teilnehmen.<\/p>\n<section class=\"layout\" style=\"border: solid 1px; width: 100%;\">\n<div class=\"img-div\" style=\"margin-top: 5px;\"><img decoding=\"async\" class=\"wp-image-17212 alignleft\" style=\"height: 45px; margin: 8px 8px 0px;\" src=\"https:\/\/jackpotlotteryonline.com\/wp-content\/uploads\/2022\/11\/read1.jpg\" alt=\"lesen\" width=\"\" height=\"\" \/><\/div>\n<div style=\"padding-left: 5px;\">\n<div style=\"font-size: 1.1em;\">\n<p><strong>Lotto-Gewinnzahlen manuell oder mit Hilfe eines RNG tippen<\/strong><\/p>\n<p style=\"font-size: 0.85em; margin-top: -1.5em;\">Wie generiert man Lotto-Gewinnzahlen?\u00a0 <a href=\"https:\/\/jackpotlotteryonline.com\/de\/wie-man-gewinnzahlen-im-lotto-generiert\"> mehr lesen<\/a><\/p>\n<\/div>\n<\/div>\n<\/section>\n<h2>Wie kann ich meinen Preis erhalten?<\/h2>\n<p>Wenn Sie einen Preis gewinnen, beachten Sie bitte Folgendes:<\/p>\n<ul>\n<li>Gewinne unter 2500 \u20ac werden automatisch auf Ihr Spielerkonto \u00fcberwiesen. Sie k\u00f6nnen sich den Gewinn auszahlen lassen oder mit dem Geld weitere Lose kaufen.<\/li>\n<li>Bei Gewinnen \u00fcber 2500 \u20ac wird der Preis direkt von der Lotteriekommission ausgezahlt, und Sie k\u00f6nnen ihn entweder per Bank\u00fcberweisung oder per Scheck erhalten.<\/li>\n<\/ul>\n<p>Verpassen Sie auf keinen Fall die Ziehungen. Um sicherzugehen, dass Sie keine Informationen verpassen, wird den Spielern empfohlen, jackpotlotteryonline.com als vertrauensw\u00fcrdigen E-Mail-Anbieter in die Whitelist aufzunehmen.<\/p>\n<p><strong>Um die Dinge abzuschlie\u00dfen&#8230;<\/strong><\/p>\n<p>Oz Lotto ist seit 1994 eines der beliebtesten Lotteriespiele in Australien. Viele Menschen sind dadurch \u00fcber Nacht zu Million\u00e4ren geworden. Was h\u00e4lt Sie also davon ab zu spielen? Nehmen Sie an dieser australischen Lotterie teil und haben Sie eine Chance, einen der vielen Preise zu gewinnen, wenn nicht sogar den Jackpot.<\/p>\n<p><strong>Registrieren Sie sich noch heute, um zu gewinnen!<\/strong><\/p>\n","protected":false},"excerpt":{"rendered":"<p>Oz Lotto Ziehungsergebnisse Informationen Sind Sie neugierig auf die Ergebnisse der Lottoziehung in Oz oder was passiert, nachdem jemand gewonnen hat? Dieser Artikel wird Ihnen zeigen, wie Sie diese Fragen beantworten k\u00f6nnen. Dieses australische Lotto wird jeden Dienstag und Samstag um 19:30 Uhr MESZ gezogen. Nachdem Sie Ihre Zahlen gezogen haben, k\u00f6nnen Sie sich zur\u00fccklehnen [&hellip;]<\/p>\n","protected":false},"author":1,"featured_media":0,"parent":35828,"menu_order":16,"comment_status":"closed","ping_status":"closed","template":"","meta":{"_et_pb_use_builder":"","_et_pb_old_content":"","_et_gb_content_width":"","exclude_from_search":false,"footnotes":""},"class_list":["post-41414","page","type-page","status-publish","hentry"],"yoast_head":"<!-- This site is optimized with the Yoast SEO plugin v23.3 - https:\/\/yoast.com\/wordpress\/plugins\/seo\/ -->\n<title>Oz Lotto Gewinnzahlen und Ziehungsergebnis<\/title>\n<meta name=\"description\" content=\"Sehen Sie sich die Gewinnzahlen und die vergangenen Ergebnisse des australischen Oz Lotto auf unserer Seite mit den Ziehungsergebnissen an. Stellen Sie sicher, dass Sie nichts verpassen!\" \/>\n<meta name=\"robots\" content=\"index, follow, max-snippet:-1, max-image-preview:large, max-video-preview:-1\" \/>\n<link rel=\"canonical\" href=\"https:\/\/jackpotlotteryonline.com\/de\/gewinn-zahlen\/oz-lotto\/\" \/>\n<meta property=\"og:locale\" content=\"de_DE\" \/>\n<meta property=\"og:type\" content=\"article\" \/>\n<meta property=\"og:title\" content=\"Oz Lotto Gewinnzahlen und Ziehungsergebnis\" \/>\n<meta property=\"og:description\" content=\"Sehen Sie sich die Gewinnzahlen und die vergangenen Ergebnisse des australischen Oz Lotto auf unserer Seite mit den Ziehungsergebnissen an. Stellen Sie sicher, dass Sie nichts verpassen!\" \/>\n<meta property=\"og:url\" content=\"https:\/\/jackpotlotteryonline.com\/de\/gewinn-zahlen\/oz-lotto\/\" \/>\n<meta property=\"og:site_name\" content=\"Lotto Online - Crack The International Lottery Jackpots\" \/>\n<meta property=\"article:modified_time\" content=\"2022-12-30T11:51:29+00:00\" \/>\n<meta property=\"og:image\" content=\"https:\/\/jackpotlotteryonline.com\/wp-content\/uploads\/2022\/11\/1_euromillions_results.jpg\" \/>\n<meta name=\"twitter:card\" content=\"summary_large_image\" \/>\n<meta name=\"twitter:label1\" content=\"Gesch\u00e4tzte Lesezeit\" \/>\n\t<meta name=\"twitter:data1\" content=\"4\u00a0Minuten\" \/>\n<!-- \/ Yoast SEO plugin. -->","yoast_head_json":{"title":"Oz Lotto Gewinnzahlen und Ziehungsergebnis","description":"Sehen Sie sich die Gewinnzahlen und die vergangenen Ergebnisse des australischen Oz Lotto auf unserer Seite mit den Ziehungsergebnissen an. Stellen Sie sicher, dass Sie nichts verpassen!","robots":{"index":"index","follow":"follow","max-snippet":"max-snippet:-1","max-image-preview":"max-image-preview:large","max-video-preview":"max-video-preview:-1"},"canonical":"https:\/\/jackpotlotteryonline.com\/de\/gewinn-zahlen\/oz-lotto\/","og_locale":"de_DE","og_type":"article","og_title":"Oz Lotto Gewinnzahlen und Ziehungsergebnis","og_description":"Sehen Sie sich die Gewinnzahlen und die vergangenen Ergebnisse des australischen Oz Lotto auf unserer Seite mit den Ziehungsergebnissen an. Stellen Sie sicher, dass Sie nichts verpassen!","og_url":"https:\/\/jackpotlotteryonline.com\/de\/gewinn-zahlen\/oz-lotto\/","og_site_name":"Lotto Online - Crack The International Lottery Jackpots","article_modified_time":"2022-12-30T11:51:29+00:00","og_image":[{"url":"https:\/\/jackpotlotteryonline.com\/wp-content\/uploads\/2022\/11\/1_euromillions_results.jpg"}],"twitter_card":"summary_large_image","twitter_misc":{"Gesch\u00e4tzte Lesezeit":"4\u00a0Minuten"},"schema":{"@context":"https:\/\/schema.org","@graph":[{"@type":"WebPage","@id":"https:\/\/jackpotlotteryonline.com\/de\/gewinn-zahlen\/oz-lotto\/","url":"https:\/\/jackpotlotteryonline.com\/de\/gewinn-zahlen\/oz-lotto\/","name":"Oz Lotto Gewinnzahlen und Ziehungsergebnis","isPartOf":{"@id":"https:\/\/jackpotlotteryonline.com\/#website"},"primaryImageOfPage":{"@id":"https:\/\/jackpotlotteryonline.com\/de\/gewinn-zahlen\/oz-lotto\/#primaryimage"},"image":{"@id":"https:\/\/jackpotlotteryonline.com\/de\/gewinn-zahlen\/oz-lotto\/#primaryimage"},"thumbnailUrl":"https:\/\/jackpotlotteryonline.com\/wp-content\/uploads\/2022\/11\/1_euromillions_results.jpg","datePublished":"2022-12-09T10:01:10+00:00","dateModified":"2022-12-30T11:51:29+00:00","description":"Sehen Sie sich die Gewinnzahlen und die vergangenen Ergebnisse des australischen Oz Lotto auf unserer Seite mit den Ziehungsergebnissen an. Stellen Sie sicher, dass Sie nichts verpassen!","breadcrumb":{"@id":"https:\/\/jackpotlotteryonline.com\/de\/gewinn-zahlen\/oz-lotto\/#breadcrumb"},"inLanguage":"de","potentialAction":[{"@type":"ReadAction","target":["https:\/\/jackpotlotteryonline.com\/de\/gewinn-zahlen\/oz-lotto\/"]}]},{"@type":"ImageObject","inLanguage":"de","@id":"https:\/\/jackpotlotteryonline.com\/de\/gewinn-zahlen\/oz-lotto\/#primaryimage","url":"https:\/\/jackpotlotteryonline.com\/wp-content\/uploads\/2022\/11\/1_euromillions_results.jpg","contentUrl":"https:\/\/jackpotlotteryonline.com\/wp-content\/uploads\/2022\/11\/1_euromillions_results.jpg"},{"@type":"BreadcrumbList","@id":"https:\/\/jackpotlotteryonline.com\/de\/gewinn-zahlen\/oz-lotto\/#breadcrumb","itemListElement":[{"@type":"ListItem","position":1,"name":"Home","item":"https:\/\/jackpotlotteryonline.com\/de\/"},{"@type":"ListItem","position":2,"name":"Lotterieergebnisse","item":"https:\/\/jackpotlotteryonline.com\/de\/gewinn-zahlen\/"},{"@type":"ListItem","position":3,"name":"Ergebnisse der Lottoziehung in Oz"}]},{"@type":"WebSite","@id":"https:\/\/jackpotlotteryonline.com\/#website","url":"https:\/\/jackpotlotteryonline.com\/","name":"Lotto Online - Crack The International Lottery Jackpots","description":"","potentialAction":[{"@type":"SearchAction","target":{"@type":"EntryPoint","urlTemplate":"https:\/\/jackpotlotteryonline.com\/?s={search_term_string}"},"query-input":"required name=search_term_string"}],"inLanguage":"de"}]}},"_links":{"self":[{"href":"https:\/\/jackpotlotteryonline.com\/de\/wp-json\/wp\/v2\/pages\/41414","targetHints":{"allow":["GET"]}}],"collection":[{"href":"https:\/\/jackpotlotteryonline.com\/de\/wp-json\/wp\/v2\/pages"}],"about":[{"href":"https:\/\/jackpotlotteryonline.com\/de\/wp-json\/wp\/v2\/types\/page"}],"author":[{"embeddable":true,"href":"https:\/\/jackpotlotteryonline.com\/de\/wp-json\/wp\/v2\/users\/1"}],"replies":[{"embeddable":true,"href":"https:\/\/jackpotlotteryonline.com\/de\/wp-json\/wp\/v2\/comments?post=41414"}],"version-history":[{"count":0,"href":"https:\/\/jackpotlotteryonline.com\/de\/wp-json\/wp\/v2\/pages\/41414\/revisions"}],"up":[{"embeddable":true,"href":"https:\/\/jackpotlotteryonline.com\/de\/wp-json\/wp\/v2\/pages\/35828"}],"wp:attachment":[{"href":"https:\/\/jackpotlotteryonline.com\/de\/wp-json\/wp\/v2\/media?parent=41414"}],"curies":[{"name":"wp","href":"https:\/\/api.w.org\/{rel}","templated":true}]}}