{"id":41466,"date":"2022-12-09T12:16:59","date_gmt":"2022-12-09T12:16:59","guid":{"rendered":"https:\/\/jackpotlotteryonline.com\/?page_id=41466"},"modified":"2022-12-30T13:28:25","modified_gmt":"2022-12-30T13:28:25","slug":"powerball-australia","status":"publish","type":"page","link":"https:\/\/jackpotlotteryonline.com\/de\/gewinn-zahlen\/powerball-australia\/","title":{"rendered":"Powerball Australien Ziehungsergebnisse"},"content":{"rendered":"<p><a href=\"https:\/\/jackpotlotteryonline.com\/de\/wie-man-spielt\/powerball-australia\">Powerball in Australien zu spielen<\/a> ist einfach, wenn Sie Ihre Tickets online kaufen. Auf diese Weise k\u00f6nnen Sie von \u00fcberall auf der Welt auf den Powerball zugreifen. Aber der Kauf des Scheins ist nur ein Teil des Powerball-Spiels. Sie m\u00fcssen auch die Ziehungsergebnisse \u00fcberpr\u00fcfen, um die Gewinnzahlen zu erfahren. Auf diese Weise erfahren Sie, ob Sie in der Lotterie gewonnen haben oder nicht. Hier finden Sie Tipps und Informationen dazu, wie Sie die Ziehungsergebnisse \u00fcberpr\u00fcfen und Ihren Gewinn abrufen k\u00f6nnen.<\/p>\n<h2>Wie Sie die Gewinnzahlen von Powerball Australia \u00fcberpr\u00fcfen k\u00f6nnen<\/h2>\n<p>Um Powerball zu spielen, m\u00fcssen Sie 7 Zahlen aus einer Reihe von 1 bis 35 ziehen, plus eine Powerball-Zahl von 1 bis 20. Bei den Ziehungen werden 8 Zahlen nach dem Zufallsprinzip gezogen. Wer mit den gezogenen Zahlen \u00fcbereinstimmt, hat den Powerball-Gewinnschein.<\/p>\n<p>Vielleicht ist es Ihnen nicht m\u00f6glich, die Powerball-Ziehungen live im Fernsehen zu verfolgen. Aber Sie k\u00f6nnen auf Online-Nachrichtenseiten nach den Powerball-Gewinnzahlen suchen. Auf diesen Websites wird jedoch meist nur die Kombination ver\u00f6ffentlicht, die den Jackpot gewinnt. Und Powerball hat mehrere andere Gewinnklassen.<\/p>\n<p>Um also die Powerball-Gewinnzahlen f\u00fcr alle Gewinnklassen zu erfahren, k\u00f6nnen Sie nach jeder Ziehung hier nachschauen. Wir ver\u00f6ffentlichen die Powerball-Gewinnzahlen auf unserer Website. Wenn Sie Ihren Powerball-Schein bei uns gekauft haben, benachrichtigen wir Sie au\u00dferdem, wenn Sie eine der Gewinnzahlen haben. Wir senden Ihnen eine E-Mail und setzen eine Benachrichtigung auf Ihr Konto. Auf diese Weise m\u00fcssen Sie nicht bef\u00fcrchten, Ihren Gewinn zu verpassen.<\/p>\n<h2>Wie hoch sind die Gewinnchancen beim Powerball?<\/h2>\n<p><img loading=\"lazy\" decoding=\"async\" class=\"alignright size-full wp-image-31181\" src=\"http:\/\/jackpotlotteryonline.com\/wp-content\/uploads\/2022\/11\/logo_powerball-300x50-1.jpg\" alt=\"Powerball gewinnen\" width=\"300\" height=\"50\" \/>In der Lotterie zu gewinnen, ist nicht einfach. Die meisten Menschen w\u00fcrden sagen, dass die Chancen unglaublich hoch sind. Dennoch h\u00f6ren wir von Menschen, die lebensver\u00e4ndernde Betr\u00e4ge gewonnen haben. Vor allem Powerball Australia hat eine lange Liste von Lottogewinnern, und das liegt wahrscheinlich an den Gewinnchancen.<\/p>\n<p>Die Wahrscheinlichkeit, bei der Powerball-Lotterie zu gewinnen, liegt bei 1 zu 70 Millionen. Das bedeutet, dass buchst\u00e4blich jeder die Powerball-Lotterie gewinnen kann.<\/p>\n<p>Au\u00dferdem gibt es bei Powerball insgesamt 9 Gewinnklassen, was die Gewinnchancen bei dieser Lotterie weiter erh\u00f6ht.<\/p>\n<h2>Powerball-Gewinne<\/h2>\n<p>Der Powerball-Jackpot bel\u00e4uft sich normalerweise auf durchschnittlich 8 Millionen AU$. Aber es gibt noch mehrere andere Preise, die Sie gewinnen k\u00f6nnen, wenn Sie die Powerball Australia-Gewinnzahlen haben.<\/p>\n<p>Hier sind die Preiskategorien und die Auszahlung bei einer der Powerball-Ziehungen. Beachten Sie, dass die Auszahlung nicht bei jeder Ziehung gleich ist, da die Preise von der Lotteriegemeinschaft abh\u00e4ngen. Aber dies soll Ihnen nur eine Vorstellung davon geben, was Sie erwarten k\u00f6nnen, wenn Sie Powerball-Gewinnzahlen haben.<\/p>\n<p>Abteilung 1: 7 Richtige + Powerball &#8211; $8.000.000,00 (Jackpot)<\/p>\n<p>Abteilung 2: nur Treffer 7 &#8211; $95.726,15<\/p>\n<p>Abteilung 3: Spiel 6 + Powerball &#8211; $5.661,20<\/p>\n<p>Abteilung 4: nur Spiel 6 &#8211; $501,70<\/p>\n<p>Abteilung 5: Spiel 5 + Powerball &#8211; $166,75<\/p>\n<p>Abteilung 6: nur Spiel 5 &#8211; $73.10<\/p>\n<p>Abteilung 7: Spiel 4 + der Powerball &#8211; $41.60<\/p>\n<p>Abteilung 8: Spiel 3 + Powerball &#8211; $18.05<\/p>\n<p>Abteilung 9: Spiel 2 + Powerball &#8211; $10,95<\/p>\n<h2>Was ist zu tun, wenn Sie die Gewinnzahlen haben?<\/h2>\n<p>Wenn Sie die Ziehungsergebnisse \u00fcberpr\u00fcfen und feststellen, dass Sie die Powerball-Gewinnzahlen haben, ist der n\u00e4chste Schritt, wie Sie Ihren Gewinn abrufen k\u00f6nnen. Da Sie Powerball au\u00dferhalb von Oz spielen, suchen Sie wahrscheinlich nach einer bequemen M\u00f6glichkeit der Auszahlung.<\/p>\n<p>Wenn<a href=\"https:\/\/jackpotlotteryonline.com\/de\/spielscheine-kaufen\/powerball-australia\"> Sie Ihren Powerball-Schein bei uns kaufen<\/a>, k\u00f6nnen Sie auch von \u00fcberall aus auf Ihren Gewinn zugreifen. Bei Gewinnen, die unter einem bestimmten Betrag liegen, m\u00fcssen Sie Ihren Gewinn nur von unserer Plattform abheben. Sie k\u00f6nnen ihn direkt auf Ihr Bankkonto \u00fcberweisen.<\/p>\n<p>Wenn Ihr Gewinn h\u00f6her als der angegebene Betrag ist, stellen wir Ihnen ein Antragsformular zur Verf\u00fcgung, das Sie ausf\u00fcllen m\u00fcssen. Auf diese Weise k\u00f6nnen Sie Ihren Gewinn direkt bei der Powerball-Lotteriegesellschaft geltend machen, ohne dass es zu Problemen kommt.<\/p>\n<section class=\"layout\" style=\"border: solid 1px; width: 100%;\">\n<div class=\"img-div\" style=\"margin-top: 5px;\"><img decoding=\"async\" class=\"wp-image-17212 alignleft\" style=\"height: 45px; margin: 8px 8px 0px;\" src=\"http:\/\/jackpotlotteryonline.com\/wp-content\/uploads\/2022\/11\/read1.jpg\" alt=\"lesen\" width=\"\" height=\"\" \/><\/div>\n<div style=\"padding-left: 5px;\">\n<div style=\"font-size: 1.1em;\">\n<p><strong>Welches Auto w\u00fcrden Sie kaufen, wenn Sie im Lotto gewinnen?<\/strong><\/p>\n<p style=\"font-size: 0.85em; margin-top: -1.5em;\">In der Lotterie gewinnen und ein neues Auto bekommen\u00a0<a href=\"https:\/\/jackpotlotteryonline.com\/de\/welches-auto-wuerden-sie-kaufen-wenn-sie-im-lotto-gewinnen\"> mehr lesen<\/a><\/p>\n<\/div>\n<\/div>\n<\/section>\n<h2>Vorteile des Powerball-Spiels mit Jackpotlotteryonline.com<\/h2>\n<ul>\n<li>Sie erhalten schnellen und sofortigen Zugang zur Lotterie. Sie m\u00fcssen nicht in Australien leben, um Powerball zu spielen.<\/li>\n<li>Es ist super bequem, da Sie Ihr Zuhause nicht verlassen m\u00fcssen. \u00dcberpr\u00fcfen Sie Ihre Gewinnzahlen von Ihrem Computer oder Ihrem mobilen Ger\u00e4t aus.<\/li>\n<li>Es ist auch sicherer, weil Ihr Schein digital gespeichert wird. Das ist wichtig, denn nur so k\u00f6nnen Sie Ihren Gewinn geltend machen.<\/li>\n<li>Sie m\u00fcssen Ihren Gewinn nicht verpassen, denn wir benachrichtigen Sie sofort, wenn Sie einen Preis gewonnen haben.<\/li>\n<li>Sie k\u00f6nnen jeden Gewinn einfach online abheben, ohne irgendwohin zu gehen<\/li>\n<\/ul>\n<h2>\u00dcberpr\u00fcfen Sie Ihre Gewinnzahlen mit uns<\/h2>\n<p>Im Laufe der Zeit haben wir viele Ressourcen und Anstrengungen unternommen, um sicherzustellen, dass unsere Spieler das beste Erlebnis haben. Wir machen es Ihnen nicht nur leicht, Spielscheine f\u00fcr internationale Spitzenlotterien zu kaufen, sondern wir gehen noch einen Schritt weiter. Wir stellen Ihnen aktuelle Ziehungsergebnisse zur Verf\u00fcgung, damit Sie die Gewinnzahlen leicht \u00fcberpr\u00fcfen k\u00f6nnen.<\/p>\n<p>Und schlie\u00dflich m\u00fcssen Sie sich keine Gedanken dar\u00fcber machen, wie Sie im Falle eines Gewinns an Ihren Gewinn kommen. Wir haben an alles gedacht, damit Sie sich auf das Wesentliche konzentrieren k\u00f6nnen. Melden Sie sich noch heute bei uns an.<\/p>\n","protected":false},"excerpt":{"rendered":"<p>Powerball in Australien zu spielen ist einfach, wenn Sie Ihre Tickets online kaufen. Auf diese Weise k\u00f6nnen Sie von \u00fcberall auf der Welt auf den Powerball zugreifen. Aber der Kauf des Scheins ist nur ein Teil des Powerball-Spiels. Sie m\u00fcssen auch die Ziehungsergebnisse \u00fcberpr\u00fcfen, um die Gewinnzahlen zu erfahren. Auf diese Weise erfahren Sie, ob [&hellip;]<\/p>\n","protected":false},"author":1,"featured_media":0,"parent":35828,"menu_order":17,"comment_status":"closed","ping_status":"closed","template":"powerball-au-results.php","meta":{"_et_pb_use_builder":"","_et_pb_old_content":"","_et_gb_content_width":"","exclude_from_search":false,"footnotes":""},"class_list":["post-41466","page","type-page","status-publish","hentry"],"yoast_head":"<!-- This site is optimized with the Yoast SEO plugin v23.3 - https:\/\/yoast.com\/wordpress\/plugins\/seo\/ -->\n<title>Powerball Australia Gewinnzahlen und Ziehungsergebnisse<\/title>\n<meta name=\"description\" content=\"Suchen Sie die Gewinnzahlen von Powerball Australia? Finden Sie die Ziehungsergebnisse der australischen Lotterien auf dieser Seite\" \/>\n<meta name=\"robots\" content=\"index, follow, max-snippet:-1, max-image-preview:large, max-video-preview:-1\" \/>\n<link rel=\"canonical\" href=\"https:\/\/jackpotlotteryonline.com\/de\/gewinn-zahlen\/powerball-australia\/\" \/>\n<meta property=\"og:locale\" content=\"de_DE\" \/>\n<meta property=\"og:type\" content=\"article\" \/>\n<meta property=\"og:title\" content=\"Powerball Australia Gewinnzahlen und Ziehungsergebnisse\" \/>\n<meta property=\"og:description\" content=\"Suchen Sie die Gewinnzahlen von Powerball Australia? Finden Sie die Ziehungsergebnisse der australischen Lotterien auf dieser Seite\" \/>\n<meta property=\"og:url\" content=\"https:\/\/jackpotlotteryonline.com\/de\/gewinn-zahlen\/powerball-australia\/\" \/>\n<meta property=\"og:site_name\" content=\"Lotto Online - Crack The International Lottery Jackpots\" \/>\n<meta property=\"article:modified_time\" content=\"2022-12-30T13:28:25+00:00\" \/>\n<meta property=\"og:image\" content=\"http:\/\/jackpotlotteryonline.com\/wp-content\/uploads\/2022\/11\/logo_powerball-300x50-1.jpg\" \/>\n<meta name=\"twitter:card\" content=\"summary_large_image\" \/>\n<meta name=\"twitter:label1\" content=\"Gesch\u00e4tzte Lesezeit\" \/>\n\t<meta name=\"twitter:data1\" content=\"4\u00a0Minuten\" \/>\n<!-- \/ Yoast SEO plugin. -->","yoast_head_json":{"title":"Powerball Australia Gewinnzahlen und Ziehungsergebnisse","description":"Suchen Sie die Gewinnzahlen von Powerball Australia? Finden Sie die Ziehungsergebnisse der australischen Lotterien auf dieser Seite","robots":{"index":"index","follow":"follow","max-snippet":"max-snippet:-1","max-image-preview":"max-image-preview:large","max-video-preview":"max-video-preview:-1"},"canonical":"https:\/\/jackpotlotteryonline.com\/de\/gewinn-zahlen\/powerball-australia\/","og_locale":"de_DE","og_type":"article","og_title":"Powerball Australia Gewinnzahlen und Ziehungsergebnisse","og_description":"Suchen Sie die Gewinnzahlen von Powerball Australia? Finden Sie die Ziehungsergebnisse der australischen Lotterien auf dieser Seite","og_url":"https:\/\/jackpotlotteryonline.com\/de\/gewinn-zahlen\/powerball-australia\/","og_site_name":"Lotto Online - Crack The International Lottery Jackpots","article_modified_time":"2022-12-30T13:28:25+00:00","og_image":[{"url":"http:\/\/jackpotlotteryonline.com\/wp-content\/uploads\/2022\/11\/logo_powerball-300x50-1.jpg"}],"twitter_card":"summary_large_image","twitter_misc":{"Gesch\u00e4tzte Lesezeit":"4\u00a0Minuten"},"schema":{"@context":"https:\/\/schema.org","@graph":[{"@type":"WebPage","@id":"https:\/\/jackpotlotteryonline.com\/de\/gewinn-zahlen\/powerball-australia\/","url":"https:\/\/jackpotlotteryonline.com\/de\/gewinn-zahlen\/powerball-australia\/","name":"Powerball Australia Gewinnzahlen und Ziehungsergebnisse","isPartOf":{"@id":"https:\/\/jackpotlotteryonline.com\/#website"},"primaryImageOfPage":{"@id":"https:\/\/jackpotlotteryonline.com\/de\/gewinn-zahlen\/powerball-australia\/#primaryimage"},"image":{"@id":"https:\/\/jackpotlotteryonline.com\/de\/gewinn-zahlen\/powerball-australia\/#primaryimage"},"thumbnailUrl":"http:\/\/jackpotlotteryonline.com\/wp-content\/uploads\/2022\/11\/logo_powerball-300x50-1.jpg","datePublished":"2022-12-09T12:16:59+00:00","dateModified":"2022-12-30T13:28:25+00:00","description":"Suchen Sie die Gewinnzahlen von Powerball Australia? Finden Sie die Ziehungsergebnisse der australischen Lotterien auf dieser Seite","breadcrumb":{"@id":"https:\/\/jackpotlotteryonline.com\/de\/gewinn-zahlen\/powerball-australia\/#breadcrumb"},"inLanguage":"de","potentialAction":[{"@type":"ReadAction","target":["https:\/\/jackpotlotteryonline.com\/de\/gewinn-zahlen\/powerball-australia\/"]}]},{"@type":"ImageObject","inLanguage":"de","@id":"https:\/\/jackpotlotteryonline.com\/de\/gewinn-zahlen\/powerball-australia\/#primaryimage","url":"http:\/\/jackpotlotteryonline.com\/wp-content\/uploads\/2022\/11\/logo_powerball-300x50-1.jpg","contentUrl":"http:\/\/jackpotlotteryonline.com\/wp-content\/uploads\/2022\/11\/logo_powerball-300x50-1.jpg"},{"@type":"BreadcrumbList","@id":"https:\/\/jackpotlotteryonline.com\/de\/gewinn-zahlen\/powerball-australia\/#breadcrumb","itemListElement":[{"@type":"ListItem","position":1,"name":"Home","item":"https:\/\/jackpotlotteryonline.com\/de\/"},{"@type":"ListItem","position":2,"name":"Lotterieergebnisse","item":"https:\/\/jackpotlotteryonline.com\/de\/gewinn-zahlen\/"},{"@type":"ListItem","position":3,"name":"Powerball Australien Ziehungsergebnisse"}]},{"@type":"WebSite","@id":"https:\/\/jackpotlotteryonline.com\/#website","url":"https:\/\/jackpotlotteryonline.com\/","name":"Lotto Online - Crack The International Lottery Jackpots","description":"","potentialAction":[{"@type":"SearchAction","target":{"@type":"EntryPoint","urlTemplate":"https:\/\/jackpotlotteryonline.com\/?s={search_term_string}"},"query-input":"required name=search_term_string"}],"inLanguage":"de"}]}},"_links":{"self":[{"href":"https:\/\/jackpotlotteryonline.com\/de\/wp-json\/wp\/v2\/pages\/41466","targetHints":{"allow":["GET"]}}],"collection":[{"href":"https:\/\/jackpotlotteryonline.com\/de\/wp-json\/wp\/v2\/pages"}],"about":[{"href":"https:\/\/jackpotlotteryonline.com\/de\/wp-json\/wp\/v2\/types\/page"}],"author":[{"embeddable":true,"href":"https:\/\/jackpotlotteryonline.com\/de\/wp-json\/wp\/v2\/users\/1"}],"replies":[{"embeddable":true,"href":"https:\/\/jackpotlotteryonline.com\/de\/wp-json\/wp\/v2\/comments?post=41466"}],"version-history":[{"count":0,"href":"https:\/\/jackpotlotteryonline.com\/de\/wp-json\/wp\/v2\/pages\/41466\/revisions"}],"up":[{"embeddable":true,"href":"https:\/\/jackpotlotteryonline.com\/de\/wp-json\/wp\/v2\/pages\/35828"}],"wp:attachment":[{"href":"https:\/\/jackpotlotteryonline.com\/de\/wp-json\/wp\/v2\/media?parent=41466"}],"curies":[{"name":"wp","href":"https:\/\/api.w.org\/{rel}","templated":true}]}}