{"id":41519,"date":"2022-12-09T14:00:13","date_gmt":"2022-12-09T14:00:13","guid":{"rendered":"https:\/\/jackpotlotteryonline.com\/?page_id=41519"},"modified":"2022-12-29T18:40:50","modified_gmt":"2022-12-29T18:40:50","slug":"lotto-america","status":"publish","type":"page","link":"https:\/\/jackpotlotteryonline.com\/de\/gewinn-zahlen\/lotto-america\/","title":{"rendered":"Lotto Amerika Ziehungsergebnisse"},"content":{"rendered":"<p>Lotto America ist ein Lotteriespiel in den USA, das schon viele Million\u00e4re hervorgebracht hat. Die Gewinnwahrscheinlichkeit ist fantastisch, was es zu einem attraktiven Spiel f\u00fcr Lotterie-Fans macht. Jetzt k\u00f6nnen Spieler auf der ganzen <a href=\"https:\/\/jackpotlotteryonline.com\/de\/spielscheine-kaufen\/lotto-america\">Welt Lose f\u00fcr diese US-Lotterie online kaufen<\/a>. Und nicht nur das, sie k\u00f6nnen auch die Gewinnzahlen \u00fcberpr\u00fcfen, um herauszufinden, ob sie in der Lotterie gewonnen haben.<\/p>\n<p>Sie k\u00f6nnen auf jackpotlotteryonline.com Spielscheine f\u00fcr internationale Top-Lotterien kaufen und auch die Gewinnzahlen \u00fcberpr\u00fcfen. Und wenn Sie sich fragen, wie Sie Ihre Gewinne online abrufen k\u00f6nnen, dann lesen Sie weiter. Wir werden alle Details mit Ihnen teilen und es wird schnell klar werden, dass Online spielen der richtige Weg ist.<\/p>\n<h2>Lotto America online spielen<\/h2>\n<p><img loading=\"lazy\" decoding=\"async\" class=\"size-full wp-image-32081 alignright\" src=\"https:\/\/jackpotlotteryonline.com\/wp-content\/uploads\/2022\/11\/1_mega_lotto_win-213x300-1.jpg\" alt=\"Lotto Amerika online spielen\" width=\"213\" height=\"300\" \/>Wir haben bereits erw\u00e4hnt, dass Sie <a href=\"https:\/\/jackpotlotteryonline.com\/de\/wie-man-spielt\/lotto-america-2\">diese Lotterie online spielen<\/a> k\u00f6nnen, und es spielt keine Rolle, wo Sie wohnen. Normalerweise werden die Scheine in den USA verkauft, aber Sie k\u00f6nnen sie auch hier bei jackpotlotteryonline.com kaufen.<\/p>\n<p>Es gibt andere Websites, die Lose f\u00fcr die Lotterie verkaufen, aber sie lassen die Spieler nur auf das Ergebnis der Lotterie wetten. Das bedeutet, dass der Kauf eines Lotteriescheins auf dieser Website Sie nicht zur Teilnahme an der Lotterie berechtigt. Selbst wenn Sie alle gezogenen Zahlen richtig haben, werden Sie den Jackpot nicht gewinnen. Daher ist die Wahl der Website, die Sie benutzen, sehr wichtig.<\/p>\n<h2>Schritte zum Online-Lotteriespiel<\/h2>\n<p>Sobald Sie sich f\u00fcr eine Seite entschieden haben, folgen Sie den nachstehenden Schritten:<\/p>\n<ol>\n<li>Besuchen Sie die gew\u00fcnschte Website und klicken Sie auf Lotto America<\/li>\n<li>Ziehen Sie 5 Zahlen aus einem Bereich von 1 bis 52 (wenn Sie sich nicht sicher sind, welche Zahlen Sie verwenden sollen, versuchen Sie es mit dem automatischen Zahlengenerator)<\/li>\n<li>W\u00e4hlen Sie als N\u00e4chstes eine Zusatzzahl (den Star Ball) von 1 bis 10<\/li>\n<li>Kaufen Sie zus\u00e4tzliche Zahlenreihen f\u00fcr eine h\u00f6here Gewinnchance<\/li>\n<li>Nehmen Sie an den Ziehungen teil (Sie k\u00f6nnen an mehr als einer Ziehung teilnehmen)<\/li>\n<li>Registrieren Sie sich und zahlen Sie f\u00fcr Ihre Teilnahme.<\/li>\n<\/ol>\n<p>Wir bitten Sie aus mehreren Gr\u00fcnden, sich zu registrieren. Erstens m\u00f6chten wir sicherstellen, dass Ihr digitales Los sicher ist. Zweitens verwenden wir Ihr Konto, um Sie zu kontaktieren, falls Sie einen Preis gewinnen. Wir werden sp\u00e4ter mehr dar\u00fcber sprechen.<\/p>\n<h2>Lotto America &#8211; Ziehungstage und Jackpot<\/h2>\n<p>Diese US-Lotterie hat drei w\u00f6chentliche Ziehungen: Montag, Mittwoch und Samstag. W\u00e4hrend der Ziehungen wird das Gewinnerlos bekannt gegeben. Um den Jackpot zu gewinnen, muss Ihr Schein mit den sechs gezogenen Zahlen \u00fcbereinstimmen.<\/p>\n<p>Die Jackpot-Preise von Lotto America beginnen bei 2 Millionen Dollar und k\u00f6nnen weiterlaufen, wenn es nach einer Ziehung keinen Gewinner gibt. Da er nach jeder Ziehung weiterl\u00e4uft (wenn es keinen Gewinner gibt), kann er bis zu 18 Millionen Dollar erreichen. Das ist eine ordentliche Summe, die man gewinnen kann, oder?<\/p>\n<p>Der Rekord-Jackpot von Lotto America lag bei 23 Millionen Dollar und wurde 2018 von einer Familie gewonnen.<\/p>\n<section class=\"layout\" style=\"border: solid 1px; width: 100%;\">\n<div class=\"img-div\" style=\"margin-top: 5px;\"><img decoding=\"async\" class=\"wp-image-17212 alignleft\" style=\"height: 45px; margin: 8px 8px 0px;\" src=\"https:\/\/jackpotlotteryonline.com\/wp-content\/uploads\/2022\/11\/read1.jpg\" alt=\"lesen\" width=\"\" height=\"\" \/><\/div>\n<div style=\"padding-left: 5px;\">\n<div style=\"font-size: 1.1em;\">\n<p><strong>Einige Lotteriegewinner gaben der Gemeinschaft etwas zur\u00fcck<\/strong><\/p>\n<p style=\"font-size: 0.85em; margin-top: -1.5em;\">Einige interessante und herzerw\u00e4rmende Geschichten \u00fcber Lottogewinner, die etwas zur\u00fcckgeben\u00a0 <a href=\"https:\/\/jackpotlotteryonline.com\/de\/geschichten-ueber-lotteriegewinner-die-zurueckgeben\"> mehr lesen<\/a><\/p>\n<\/div>\n<\/div>\n<\/section>\n<h2>Preiskategorien<\/h2>\n<p>Der Jackpot ist nat\u00fcrlich der Hauptgewinn der Lotterie. Aber diese Lotterie hat 9 verschiedene Preiskategorien, die den Spielern die M\u00f6glichkeit geben, interessante Preise zu gewinnen.<\/p>\n<p>Selbst wenn Sie den Jackpot nicht knacken, k\u00f6nnen Sie mit einem gro\u00dfen Gewinn nach Hause gehen, wenn Sie die Gewinnzahlen f\u00fcr andere Kategorien treffen. Im Folgenden finden Sie eine Aufschl\u00fcsselung der Preise sowie die Gewinnchancen f\u00fcr jede Preiskategorie.<\/p>\n<p>Abteilung 1: 5 + Star Ball &#8211; 1 zu 25.989.600 &#8211; Jackpot<\/p>\n<p>Abteilung 2: 5 &#8211; 1 zu 2.887.733 &#8211; $20.000<\/p>\n<p>Abteilung 3: 4 + Star Ball &#8211; 1 aus 110.594 &#8211; $1.000<\/p>\n<p>Abteilung 4: 4 &#8211; 1 von 12.288 &#8211; $100<\/p>\n<p>Abteilung 5: 3 + Star Ball &#8211; 1 von 2.404 &#8211; $20<\/p>\n<p>Abteilung 6: 3 &#8211; 1 von 267 &#8211; $5<\/p>\n<p>Abteilung 7: 2 + Star Ball &#8211; 1 von 160 &#8211; $5<\/p>\n<p>Abteilung 8: 1 + Star Ball &#8211; 1 von 29 &#8211; $2<\/p>\n<p>Abteilung 9: 0 + Star Ball &#8211; 1 in 17 &#8211; $2<\/p>\n<h2>Wie man die Gewinnzahlen \u00fcberpr\u00fcft<\/h2>\n<p>Um zu \u00fcberpr\u00fcfen, ob Sie einen Preis gewonnen haben, m\u00fcssen Sie nur nach der Ziehung auf diese Seite zur\u00fcckkehren. Nach jeder Ziehung ver\u00f6ffentlichen wir die Ziehungsergebnisse f\u00fcr jede Preiskategorie. Sie k\u00f6nnen also ganz bequem und ohne Stress auf unserer Seite nachsehen.<\/p>\n<p>Wenn Sie Ihr Los bei uns gekauft haben, haben Sie sich auch bei uns registriert. Das hei\u00dft, wenn Sie einen Preis gewinnen, k\u00f6nnen wir Sie \u00fcber Ihr Konto und auch per E-Mail benachrichtigen.<\/p>\n<p>Wenn Sie Ihren Lottoschein bei uns kaufen, m\u00fcssen Sie nie einen Gewinn verpassen.<\/p>\n<h2>Auszahlung Ihres Gewinns<\/h2>\n<p><img loading=\"lazy\" decoding=\"async\" class=\"alignright size-full wp-image-31532\" src=\"https:\/\/jackpotlotteryonline.com\/wp-content\/uploads\/2022\/11\/lottoballs.jpg\" alt=\"Lotto America Gewinnzahlen\" width=\"245\" height=\"123\" \/>Eine Frage, die wir oft von Spielern h\u00f6ren, ist, wie sie an ihren Gewinn kommen, wenn sie online bei Lotto America mitmachen. Wenn Sie Lottoscheine \u00fcber unsere Website kaufen, bieten wir Ihnen eine einfache und problemlose Methode, um Ihre Gewinne einzufordern.<\/p>\n<p>Gewinne bis zu \u20ac2500 werden Ihrem Konto gutgeschrieben und Sie k\u00f6nnen sie dann ohne zus\u00e4tzliche Kosten abheben. Bei gr\u00f6\u00dferen Gewinnen ist ein etwas anderes Verfahren erforderlich. Bei gr\u00f6\u00dferen Gewinnen m\u00fcssen Sie den Gewinn bei der Lotteriegesellschaft geltend machen. Wir stellen Ihnen jedoch ein Antragsformular zur Verf\u00fcgung, das Sie ausf\u00fcllen m\u00fcssen, und bearbeiten den Antrag dann f\u00fcr Sie.<\/p>\n<p>Der Grund daf\u00fcr ist, dass Sie sich ausweisen m\u00fcssen. Au\u00dferdem kann es sein, dass Sie bei einigen Lotteriegesellschaften pers\u00f6nlich erscheinen m\u00fcssen, um gr\u00f6\u00dfere Betr\u00e4ge abzuholen. Sollte dies der Fall sein, werden wir Sie umgehend dar\u00fcber informieren.<\/p>\n<h2>Kaufen Sie Ihre Lotto America Spielscheine bei jackpotlotteryonline.com<\/h2>\n<p>Es gibt so viele Gr\u00fcnde, warum Sie Ihre Lotto America-Scheine bei uns kaufen sollten. Zun\u00e4chst einmal sind wir eine Concierge-Website. Das bedeutet, dass Sie sich zur\u00fccklehnen und entspannen k\u00f6nnen, w\u00e4hrend wir uns um die Feinheiten f\u00fcr Sie k\u00fcmmern. Wir helfen Ihnen also, Zugang zu internationalen Top-Lotterien wie Lotto America zu bekommen.<\/p>\n<p>Aber das ist noch nicht alles. Wir bieten auch ein System, das Ihnen hilft, Ihre Lotteriespiele zu verwalten. Sie k\u00f6nnen buchst\u00e4blich mehrere Lotterien und Ziehungen direkt von unserer Website aus eingeben. Sie m\u00fcssen nirgendwo anders hingehen. Au\u00dferdem bieten wir Ihnen eine bequeme M\u00f6glichkeit, die Ergebnisse von Lotto America an einem einzigen Ort zu \u00fcberpr\u00fcfen.<\/p>\n<p>Und schlie\u00dflich k\u00f6nnen Sie ganz einfach die Gewinnzahlen \u00fcberpr\u00fcfen und sich Ihre Gewinne von unserer Plattform direkt auf Ihr Konto auszahlen lassen. Wir arbeiten jeden Tag hart daran, ein nahtloses System f\u00fcr Sie zu perfektionieren. Lassen Sie uns Ihnen den Stress abnehmen, damit Sie sich auf den Spa\u00df konzentrieren k\u00f6nnen. Registrieren Sie sich bei uns, um noch heute Lotto zu spielen.<\/p>\n","protected":false},"excerpt":{"rendered":"<p>Lotto America ist ein Lotteriespiel in den USA, das schon viele Million\u00e4re hervorgebracht hat. Die Gewinnwahrscheinlichkeit ist fantastisch, was es zu einem attraktiven Spiel f\u00fcr Lotterie-Fans macht. Jetzt k\u00f6nnen Spieler auf der ganzen Welt Lose f\u00fcr diese US-Lotterie online kaufen. Und nicht nur das, sie k\u00f6nnen auch die Gewinnzahlen \u00fcberpr\u00fcfen, um herauszufinden, ob sie in [&hellip;]<\/p>\n","protected":false},"author":1,"featured_media":0,"parent":35828,"menu_order":13,"comment_status":"closed","ping_status":"closed","template":"lotto-america-results.php","meta":{"_et_pb_use_builder":"","_et_pb_old_content":"","_et_gb_content_width":"","exclude_from_search":false,"footnotes":""},"class_list":["post-41519","page","type-page","status-publish","hentry"],"yoast_head":"<!-- This site is optimized with the Yoast SEO plugin v23.3 - https:\/\/yoast.com\/wordpress\/plugins\/seo\/ -->\n<title>Lotto Amerika Gewinnzahlen und Ziehungsergebnisse<\/title>\n<meta name=\"description\" content=\"Sie suchen die Gewinnzahlen von Lotto America? Die Ziehungsergebnisse f\u00fcr alle gro\u00dfen amerikanischen Lotterien finden Sie auf unserer Website!\" \/>\n<meta name=\"robots\" content=\"index, follow, max-snippet:-1, max-image-preview:large, max-video-preview:-1\" \/>\n<link rel=\"canonical\" href=\"https:\/\/jackpotlotteryonline.com\/de\/gewinn-zahlen\/lotto-america\/\" \/>\n<meta property=\"og:locale\" content=\"de_DE\" \/>\n<meta property=\"og:type\" content=\"article\" \/>\n<meta property=\"og:title\" content=\"Lotto Amerika Gewinnzahlen und Ziehungsergebnisse\" \/>\n<meta property=\"og:description\" content=\"Sie suchen die Gewinnzahlen von Lotto America? Die Ziehungsergebnisse f\u00fcr alle gro\u00dfen amerikanischen Lotterien finden Sie auf unserer Website!\" \/>\n<meta property=\"og:url\" content=\"https:\/\/jackpotlotteryonline.com\/de\/gewinn-zahlen\/lotto-america\/\" \/>\n<meta property=\"og:site_name\" content=\"Lotto Online - Crack The International Lottery Jackpots\" \/>\n<meta property=\"article:modified_time\" content=\"2022-12-29T18:40:50+00:00\" \/>\n<meta property=\"og:image\" content=\"https:\/\/jackpotlotteryonline.com\/wp-content\/uploads\/2022\/11\/1_mega_lotto_win-213x300-1.jpg\" \/>\n<meta name=\"twitter:card\" content=\"summary_large_image\" \/>\n<meta name=\"twitter:label1\" content=\"Gesch\u00e4tzte Lesezeit\" \/>\n\t<meta name=\"twitter:data1\" content=\"6\u00a0Minuten\" \/>\n<!-- \/ Yoast SEO plugin. -->","yoast_head_json":{"title":"Lotto Amerika Gewinnzahlen und Ziehungsergebnisse","description":"Sie suchen die Gewinnzahlen von Lotto America? Die Ziehungsergebnisse f\u00fcr alle gro\u00dfen amerikanischen Lotterien finden Sie auf unserer Website!","robots":{"index":"index","follow":"follow","max-snippet":"max-snippet:-1","max-image-preview":"max-image-preview:large","max-video-preview":"max-video-preview:-1"},"canonical":"https:\/\/jackpotlotteryonline.com\/de\/gewinn-zahlen\/lotto-america\/","og_locale":"de_DE","og_type":"article","og_title":"Lotto Amerika Gewinnzahlen und Ziehungsergebnisse","og_description":"Sie suchen die Gewinnzahlen von Lotto America? Die Ziehungsergebnisse f\u00fcr alle gro\u00dfen amerikanischen Lotterien finden Sie auf unserer Website!","og_url":"https:\/\/jackpotlotteryonline.com\/de\/gewinn-zahlen\/lotto-america\/","og_site_name":"Lotto Online - Crack The International Lottery Jackpots","article_modified_time":"2022-12-29T18:40:50+00:00","og_image":[{"url":"https:\/\/jackpotlotteryonline.com\/wp-content\/uploads\/2022\/11\/1_mega_lotto_win-213x300-1.jpg"}],"twitter_card":"summary_large_image","twitter_misc":{"Gesch\u00e4tzte Lesezeit":"6\u00a0Minuten"},"schema":{"@context":"https:\/\/schema.org","@graph":[{"@type":"WebPage","@id":"https:\/\/jackpotlotteryonline.com\/de\/gewinn-zahlen\/lotto-america\/","url":"https:\/\/jackpotlotteryonline.com\/de\/gewinn-zahlen\/lotto-america\/","name":"Lotto Amerika Gewinnzahlen und Ziehungsergebnisse","isPartOf":{"@id":"https:\/\/jackpotlotteryonline.com\/#website"},"primaryImageOfPage":{"@id":"https:\/\/jackpotlotteryonline.com\/de\/gewinn-zahlen\/lotto-america\/#primaryimage"},"image":{"@id":"https:\/\/jackpotlotteryonline.com\/de\/gewinn-zahlen\/lotto-america\/#primaryimage"},"thumbnailUrl":"https:\/\/jackpotlotteryonline.com\/wp-content\/uploads\/2022\/11\/1_mega_lotto_win-213x300-1.jpg","datePublished":"2022-12-09T14:00:13+00:00","dateModified":"2022-12-29T18:40:50+00:00","description":"Sie suchen die Gewinnzahlen von Lotto America? Die Ziehungsergebnisse f\u00fcr alle gro\u00dfen amerikanischen Lotterien finden Sie auf unserer Website!","breadcrumb":{"@id":"https:\/\/jackpotlotteryonline.com\/de\/gewinn-zahlen\/lotto-america\/#breadcrumb"},"inLanguage":"de","potentialAction":[{"@type":"ReadAction","target":["https:\/\/jackpotlotteryonline.com\/de\/gewinn-zahlen\/lotto-america\/"]}]},{"@type":"ImageObject","inLanguage":"de","@id":"https:\/\/jackpotlotteryonline.com\/de\/gewinn-zahlen\/lotto-america\/#primaryimage","url":"https:\/\/jackpotlotteryonline.com\/wp-content\/uploads\/2022\/11\/1_mega_lotto_win-213x300-1.jpg","contentUrl":"https:\/\/jackpotlotteryonline.com\/wp-content\/uploads\/2022\/11\/1_mega_lotto_win-213x300-1.jpg"},{"@type":"BreadcrumbList","@id":"https:\/\/jackpotlotteryonline.com\/de\/gewinn-zahlen\/lotto-america\/#breadcrumb","itemListElement":[{"@type":"ListItem","position":1,"name":"Home","item":"https:\/\/jackpotlotteryonline.com\/de\/"},{"@type":"ListItem","position":2,"name":"Lotterieergebnisse","item":"https:\/\/jackpotlotteryonline.com\/de\/gewinn-zahlen\/"},{"@type":"ListItem","position":3,"name":"Lotto Amerika Ziehungsergebnisse"}]},{"@type":"WebSite","@id":"https:\/\/jackpotlotteryonline.com\/#website","url":"https:\/\/jackpotlotteryonline.com\/","name":"Lotto Online - Crack The International Lottery Jackpots","description":"","potentialAction":[{"@type":"SearchAction","target":{"@type":"EntryPoint","urlTemplate":"https:\/\/jackpotlotteryonline.com\/?s={search_term_string}"},"query-input":"required name=search_term_string"}],"inLanguage":"de"}]}},"_links":{"self":[{"href":"https:\/\/jackpotlotteryonline.com\/de\/wp-json\/wp\/v2\/pages\/41519","targetHints":{"allow":["GET"]}}],"collection":[{"href":"https:\/\/jackpotlotteryonline.com\/de\/wp-json\/wp\/v2\/pages"}],"about":[{"href":"https:\/\/jackpotlotteryonline.com\/de\/wp-json\/wp\/v2\/types\/page"}],"author":[{"embeddable":true,"href":"https:\/\/jackpotlotteryonline.com\/de\/wp-json\/wp\/v2\/users\/1"}],"replies":[{"embeddable":true,"href":"https:\/\/jackpotlotteryonline.com\/de\/wp-json\/wp\/v2\/comments?post=41519"}],"version-history":[{"count":0,"href":"https:\/\/jackpotlotteryonline.com\/de\/wp-json\/wp\/v2\/pages\/41519\/revisions"}],"up":[{"embeddable":true,"href":"https:\/\/jackpotlotteryonline.com\/de\/wp-json\/wp\/v2\/pages\/35828"}],"wp:attachment":[{"href":"https:\/\/jackpotlotteryonline.com\/de\/wp-json\/wp\/v2\/media?parent=41519"}],"curies":[{"name":"wp","href":"https:\/\/api.w.org\/{rel}","templated":true}]}}