{"id":72935,"date":"2025-02-02T16:37:57","date_gmt":"2025-02-02T16:37:57","guid":{"rendered":"https:\/\/jackpotlotteryonline.com\/?page_id=72935"},"modified":"2025-02-02T16:37:57","modified_gmt":"2025-02-02T16:37:57","slug":"datenschutzrichtlinie","status":"publish","type":"page","link":"https:\/\/jackpotlotteryonline.com\/de\/datenschutzrichtlinie\/","title":{"rendered":"Datenschutzrichtlinie"},"content":{"rendered":"<p>Die Datenschutzrichtlinie von Playlottoonline (nachfolgend \u201eDatenschutzrichtlinie\u201c) gilt f\u00fcr die Website Playlottoonline.net (nachfolgend \u201eWebsite\u201c), die von LLL World Marketing Limited betrieben wird, mit Sitz in Peiraios 30, 1. Etage, B\u00fcro 1, 2023 Strovolos, Nikosia &#8211; Zypern. Durch die Nutzung der Website akzeptieren Sie diese Datenschutzrichtlinie sowie die Nutzungsbedingungen.<\/p>\n<p><strong>Gesammelte Informationen<\/strong><\/p>\n<p><strong>Aktiv von Ihnen gesammelte Informationen<\/strong><\/p>\n<p>Wenn Sie ein Benutzerkonto erstellen, geben Sie Ihre E-Mail-Adresse an, die zur eindeutigen Identifikation Ihres Kontos und zur optionalen Aktivierung verwendet wird. Die E-Mail-Adresse wird auch zum Zur\u00fccksetzen Ihres Passworts verwendet.<\/p>\n<p>Wir k\u00f6nnen Ihre E-Mail-Adresse und Ihre Telefonnummer verwenden, um Ihnen Benachrichtigungen \u00fcber die Funktionalit\u00e4t der Website (einschlie\u00dflich rechtlicher Benachrichtigungen), Neuigkeiten zur Website, Informationen zu Produkten und Dienstleistungen der Website sowie andere Marketingzwecke zu senden, wie z. B. Produkte oder Dienstleistungen von Drittanbietern, die f\u00fcr Sie von Interesse sein k\u00f6nnten (nachfolgend \u201eBenachrichtigungen\u201c). Sie k\u00f6nnen sich jederzeit von den Marketingbenachrichtigungen abmelden, indem Sie den Abmeldelink in jeder gesendeten E-Mail verwenden oder uns per E-Mail, Telefon oder Kontaktformular kontaktieren.<\/p>\n<p>Nach der Erstellung Ihres Kontos k\u00f6nnen Sie folgende Informationen zu Ihrem Profil hinzuf\u00fcgen: Vorname, Nachname, Wohnadresse, Geburtsdatum, Telefonnummer und Zeitzone. Diese Informationen werden verwendet, um den Zahlungsprozess, Einzahlungen und Abhebungen zu erleichtern, die Website zu personalisieren (einschlie\u00dflich Benachrichtigungen) und um Gewinne \u00fcber 2500 USD zu verwalten, wie in Abschnitt 3.5 der Nutzungsbedingungen beschrieben.<\/p>\n<p>Wir k\u00f6nnen auch Aufzeichnungen \u00fcber Informationen speichern, die Sie uns freiwillig \u00fcber das Kontaktformular, Telefonanrufe, Postsendungen, Facebook, Twitter oder andere Kommunikationsmittel zur Verf\u00fcgung stellen, wie z. B. Ihren Namen, Ihre E-Mail-Adresse, Telefonnummer und Adresse. Der Name und die E-Mail-Adresse sind erforderlich, um Ihnen Nachrichten \u00fcber das Kontaktformular zu senden.<\/p>\n<p>Kommunikationen \u00fcber Kan\u00e4le wie Facebook oder Twitter werden nicht als offizielle Kommunikation betrachtet. Wir behalten uns das Recht vor, nicht auf Nachrichten zu antworten, die \u00fcber diese Kan\u00e4le gesendet werden, obwohl wir uns bem\u00fchen, auf diese Nachrichten zu antworten. Weitere Informationen zur Datenerhebung \u00fcber soziale Netzwerke finden Sie in den folgenden Dokumenten:<\/p>\n<p>Facebook: Datenschutzrichtlinie und Nutzungsbedingungen;<br \/>\nTwitter: Datenschutzrichtlinie und Nutzungsbedingungen.<\/p>\n<p>Wir sammeln auch Informationen zu Kreditkarten (Kartennummer, Ablaufdatum, Name des Karteninhabers, CVV-Code), um Zahlungen per Kreditkarte zu bearbeiten &#8211; Weitere Informationen werden bereitgestellt.<\/p>\n<p><strong>Passiv gesammelte Informationen<\/strong><\/p>\n<p>Wenn Sie die Website nutzen, sammeln wir automatisch bestimmte Informationen und verwenden diese zur Verwaltung der Grundfunktionen der Website, zur Personalisierung der Website (einschlie\u00dflich Benachrichtigungen), zur Verfolgung des eingehenden Datenverkehrs und zur Gew\u00e4hrleistung der Sicherheit. Dazu geh\u00f6ren unter anderem folgende Informationen:<\/p>\n<ul>\n<li>IP-Adresse;<\/li>\n<li>Header, die vom Webbrowser gesendet werden, einschlie\u00dflich \u201eUser-Agent\u201c, \u201eAccept-Language\u201c und \u201eReferer\u201c, die Informationen wie den Browser, die Browserversion und die Sprache, den Typ und die Version des Betriebssystems sowie die URL der Website enthalten, \u00fcber die Sie auf unsere Website zugegriffen haben;<\/li>\n<li>Systemzeit;<\/li>\n<li>HTTP-Anfragen;<\/li>\n<li>Cookies, die auf der Domain playlottoonline.org oder deren Subdomains gespeichert werden.<\/li>\n<\/ul>\n<p>Wir k\u00f6nnen auch Ihre IP-Adresse verwenden, um Informationen \u00fcber Ihren tats\u00e4chlichen Standort zu sammeln und zu verarbeiten, um den Informationsprozess zu verbessern und die Website (einschlie\u00dflich Benachrichtigungen) zu personalisieren.<\/p>\n<p>Einige der automatisch von Ihrem Browser gesendeten Informationen werden in den Server-Logdateien gespeichert, einschlie\u00dflich der vollst\u00e4ndigen HTTP-Anfragen, ihrer Ankunftszeit, der IP-Adresse und der URL, die mit der Anfrage verbunden ist.<\/p>\n<p>Der Betrieb der Website nutzt auch das Caching des Browsers. Dies dient dazu, die Ladezeiten der Website zu optimieren und deren Nutzung zu erleichtern, indem Informationen zwischen den Sitzungen gespeichert werden, auch nach dem Neustart des Browsers.<\/p>\n<p>Die Website verwendet auch Tools, um das Benutzererlebnis zu personalisieren. Dazu geh\u00f6ren Drittanbieter-Cookies, die verwendet werden, um Informationen \u00fcber die Nutzung der Website zu sammeln und personalisierte Werbung anzuzeigen.<\/p>\n<p><strong>Drittanbieter-Dienste<\/strong><\/p>\n<p>Statistiken, Werbung und Sicherheit<\/p>\n<p>Um die Sicherheit der Website zu verwalten und Informationen \u00fcber die Funktionsweise der Website zu sammeln und zu analysieren, nutzen wir die folgenden Drittanbieterdienste:<\/p>\n<ul>\n<li><strong>Google Analytics<\/strong> \u2013 zur Verfolgung des Datenverkehrs und zur Sammlung detaillierter Statistiken, um die Besucherquellen zu identifizieren und die Leistung der Website zu analysieren;<\/li>\n<li><strong>Google reCAPTCHA<\/strong> \u2013 zur Verbesserung der Sicherheit der Website und zum Schutz vor automatisierten Skripten;<\/li>\n<li><strong>Facebook Pixel<\/strong> \u2013 zur Verfolgung des Datenverkehrs und zur Sammlung detaillierter Statistiken, um bessere Werbekampagnen zu erstellen.<\/li>\n<\/ul>\n<p>Die oben genannten Dienste sammeln und nutzen Daten f\u00fcr ihre eigenen Operationen. Weitere Informationen zu den von Google gesammelten Daten finden Sie in den Nutzungsbedingungen und der Datenschutzrichtlinie von Google. Informationen zu den von Facebook gesammelten Daten finden Sie in der Datenschutzrichtlinie von Facebook.<\/p>\n","protected":false},"excerpt":{"rendered":"<p>Die Datenschutzrichtlinie von Playlottoonline (nachfolgend \u201eDatenschutzrichtlinie\u201c) gilt f\u00fcr die Website Playlottoonline.net (nachfolgend \u201eWebsite\u201c), die von LLL World Marketing Limited betrieben wird, mit Sitz in Peiraios 30, 1. Etage, B\u00fcro 1, 2023 Strovolos, Nikosia &#8211; Zypern. Durch die Nutzung der Website akzeptieren Sie diese Datenschutzrichtlinie sowie die Nutzungsbedingungen. Gesammelte Informationen Aktiv von Ihnen gesammelte Informationen Wenn [&hellip;]<\/p>\n","protected":false},"author":7,"featured_media":0,"parent":0,"menu_order":0,"comment_status":"closed","ping_status":"closed","template":"","meta":{"_et_pb_use_builder":"","_et_pb_old_content":"","_et_gb_content_width":"","exclude_from_search":false,"footnotes":""},"class_list":["post-72935","page","type-page","status-publish","hentry"],"yoast_head":"<!-- This site is optimized with the Yoast SEO plugin v23.3 - https:\/\/yoast.com\/wordpress\/plugins\/seo\/ -->\n<title>Datenschutzrichtlinie - Lotto Online - Crack The International Lottery Jackpots<\/title>\n<meta name=\"robots\" content=\"index, follow, max-snippet:-1, max-image-preview:large, max-video-preview:-1\" \/>\n<link rel=\"canonical\" href=\"https:\/\/jackpotlotteryonline.com\/privacy-policy-2\/\" \/>\n<meta property=\"og:locale\" content=\"de_DE\" \/>\n<meta property=\"og:type\" content=\"article\" \/>\n<meta property=\"og:title\" content=\"Datenschutzrichtlinie - Lotto Online - Crack The International Lottery Jackpots\" \/>\n<meta property=\"og:description\" content=\"Die Datenschutzrichtlinie von Playlottoonline (nachfolgend \u201eDatenschutzrichtlinie\u201c) gilt f\u00fcr die Website Playlottoonline.net (nachfolgend \u201eWebsite\u201c), die von LLL World Marketing Limited betrieben wird, mit Sitz in Peiraios 30, 1. Etage, B\u00fcro 1, 2023 Strovolos, Nikosia &#8211; Zypern. Durch die Nutzung der Website akzeptieren Sie diese Datenschutzrichtlinie sowie die Nutzungsbedingungen. Gesammelte Informationen Aktiv von Ihnen gesammelte Informationen Wenn [&hellip;]\" \/>\n<meta property=\"og:url\" content=\"https:\/\/jackpotlotteryonline.com\/privacy-policy-2\/\" \/>\n<meta property=\"og:site_name\" content=\"Lotto Online - Crack The International Lottery Jackpots\" \/>\n<meta name=\"twitter:card\" content=\"summary_large_image\" \/>\n<meta name=\"twitter:label1\" content=\"Gesch\u00e4tzte Lesezeit\" \/>\n\t<meta name=\"twitter:data1\" content=\"4\u00a0Minuten\" \/>\n<!-- \/ Yoast SEO plugin. -->","yoast_head_json":{"title":"Datenschutzrichtlinie - Lotto Online - Crack The International Lottery Jackpots","robots":{"index":"index","follow":"follow","max-snippet":"max-snippet:-1","max-image-preview":"max-image-preview:large","max-video-preview":"max-video-preview:-1"},"canonical":"https:\/\/jackpotlotteryonline.com\/privacy-policy-2\/","og_locale":"de_DE","og_type":"article","og_title":"Datenschutzrichtlinie - Lotto Online - Crack The International Lottery Jackpots","og_description":"Die Datenschutzrichtlinie von Playlottoonline (nachfolgend \u201eDatenschutzrichtlinie\u201c) gilt f\u00fcr die Website Playlottoonline.net (nachfolgend \u201eWebsite\u201c), die von LLL World Marketing Limited betrieben wird, mit Sitz in Peiraios 30, 1. Etage, B\u00fcro 1, 2023 Strovolos, Nikosia &#8211; Zypern. Durch die Nutzung der Website akzeptieren Sie diese Datenschutzrichtlinie sowie die Nutzungsbedingungen. Gesammelte Informationen Aktiv von Ihnen gesammelte Informationen Wenn [&hellip;]","og_url":"https:\/\/jackpotlotteryonline.com\/privacy-policy-2\/","og_site_name":"Lotto Online - Crack The International Lottery Jackpots","twitter_card":"summary_large_image","twitter_misc":{"Gesch\u00e4tzte Lesezeit":"4\u00a0Minuten"},"schema":{"@context":"https:\/\/schema.org","@graph":[{"@type":"WebPage","@id":"https:\/\/jackpotlotteryonline.com\/privacy-policy-2\/","url":"https:\/\/jackpotlotteryonline.com\/privacy-policy-2\/","name":"Datenschutzrichtlinie - Lotto Online - Crack The International Lottery Jackpots","isPartOf":{"@id":"https:\/\/jackpotlotteryonline.com\/#website"},"datePublished":"2025-02-02T16:37:57+00:00","dateModified":"2025-02-02T16:37:57+00:00","breadcrumb":{"@id":"https:\/\/jackpotlotteryonline.com\/privacy-policy-2\/#breadcrumb"},"inLanguage":"de","potentialAction":[{"@type":"ReadAction","target":["https:\/\/jackpotlotteryonline.com\/privacy-policy-2\/"]}]},{"@type":"BreadcrumbList","@id":"https:\/\/jackpotlotteryonline.com\/privacy-policy-2\/#breadcrumb","itemListElement":[{"@type":"ListItem","position":1,"name":"Home","item":"https:\/\/jackpotlotteryonline.com\/de\/"},{"@type":"ListItem","position":2,"name":"Datenschutzrichtlinie"}]},{"@type":"WebSite","@id":"https:\/\/jackpotlotteryonline.com\/#website","url":"https:\/\/jackpotlotteryonline.com\/","name":"Lotto Online - Crack The International Lottery Jackpots","description":"","potentialAction":[{"@type":"SearchAction","target":{"@type":"EntryPoint","urlTemplate":"https:\/\/jackpotlotteryonline.com\/?s={search_term_string}"},"query-input":"required name=search_term_string"}],"inLanguage":"de"}]}},"_links":{"self":[{"href":"https:\/\/jackpotlotteryonline.com\/de\/wp-json\/wp\/v2\/pages\/72935","targetHints":{"allow":["GET"]}}],"collection":[{"href":"https:\/\/jackpotlotteryonline.com\/de\/wp-json\/wp\/v2\/pages"}],"about":[{"href":"https:\/\/jackpotlotteryonline.com\/de\/wp-json\/wp\/v2\/types\/page"}],"author":[{"embeddable":true,"href":"https:\/\/jackpotlotteryonline.com\/de\/wp-json\/wp\/v2\/users\/7"}],"replies":[{"embeddable":true,"href":"https:\/\/jackpotlotteryonline.com\/de\/wp-json\/wp\/v2\/comments?post=72935"}],"version-history":[{"count":0,"href":"https:\/\/jackpotlotteryonline.com\/de\/wp-json\/wp\/v2\/pages\/72935\/revisions"}],"wp:attachment":[{"href":"https:\/\/jackpotlotteryonline.com\/de\/wp-json\/wp\/v2\/media?parent=72935"}],"curies":[{"name":"wp","href":"https:\/\/api.w.org\/{rel}","templated":true}]}}