{"id":72999,"date":"2025-02-02T18:13:48","date_gmt":"2025-02-02T18:13:48","guid":{"rendered":"https:\/\/jackpotlotteryonline.com\/?page_id=72999"},"modified":"2025-02-02T18:13:48","modified_gmt":"2025-02-02T18:13:48","slug":"bedingungen-und-konditionen","status":"publish","type":"page","link":"https:\/\/jackpotlotteryonline.com\/de\/bedingungen-und-konditionen\/","title":{"rendered":"Bedingungen und Konditionen"},"content":{"rendered":"<p>Die Jackpot Lottery Online Nutzungsbedingungen (im Folgenden als Nutzungsbedingungen bezeichnet) gelten f\u00fcr die von LLL World Marketing Limited, Peiraios 30, 1. Stock, B\u00fcro 1, 2023 Strovolos, Nicosia &#8211; Zypern, betriebene Website jackpotlotteryonline.com (im Folgenden als die Website bezeichnet).<\/p>\n<p>Durch die Anzeige, das Durchsuchen oder die Nutzung der jackpotlotteryonline.com-Website in irgendeiner Form unterliegt der Spieler den folgenden Nutzungsbedingungen sowie unserer Datenschutzrichtlinie. Sollte der Spieler mit einer der beiden Bedingungen nicht einverstanden sein, bitten wir den Spieler, die Nutzung von jackpotlotteryonline.com einzustellen.<\/p>\n<p>Bei Fragen zu unseren Nutzungsbedingungen oder unserer Datenschutzrichtlinie kontaktieren Sie uns bitte \u00fcber unser Kontaktformular.<\/p>\n<p>Diese Nutzungsbedingungen unterliegen den Gesetzen von Zypern.<\/p>\n<p>1. Definitionen<br \/>\nLotterie &#8211; Ein Zahlenspiel, bei dem eine Ziehung stattfindet.<br \/>\nZiehung &#8211; Eine Ziehung einer bestimmten Anzahl von Zahlen aus bestimmten Bereichen von Standardzahlen oder Standard- und Bonuszahlen innerhalb einer bestimmten Lotterie. Ziehungen finden wiederholt an den Tagen und Stunden statt, die vom Betreiber einer bestimmten Lotterie festgelegt werden.<br \/>\nVeranstalter &#8211; Das Unternehmen, das die Ziehung in einer bestimmten Lotterie organisiert.<br \/>\nSpieler &#8211; Eine Person, die an einer der auf jackpotlotteryonline.com angebotenen Lotterien teilnimmt.<br \/>\nTicket &#8211; Ein elektronisches Ticket f\u00fcr eine Ziehung, das der Spieler f\u00fcr eine bestimmte Lotterie ausw\u00e4hlt und das eine oder mehrere Linien enth\u00e4lt.<br \/>\nLinie &#8211; Ein einzelner Satz von Zahlen, die der Spieler f\u00fcr eine bestimmte Lottoziehung ausgew\u00e4hlt hat. Je nach Lotterie kann sie einen anderen Betrag und\/oder einen anderen Pool (in einem anderen Bereich) f\u00fcr Standard- und Bonuszahlen (falls vorhanden) enthalten.<br \/>\nGewinne &#8211; Der Betrag, der gewonnen wird, wenn eine von einem Spieler erstellte Linie mit einem vordefinierten Satz von Zahlen \u00fcbereinstimmt, die in einer Ziehung gezogen werden, f\u00fcr die der Schein, der die Linie enth\u00e4lt, gekauft wurde.<br \/>\nEinzahlung &#8211; Geldmittel, die auf das Konto eines Spielers eingezahlt werden, um sie sp\u00e4ter zum Kauf von Tickets zu verwenden.<br \/>\nKonto &#8211; Das Benutzerkonto des Spielers, dem das Spielerguthaben, die gekauften Tickets und die Spielerdaten zugewiesen sind.<br \/>\n2. Allgemeine Informationen<br \/>\n2.1 Die Website jackpotlotteryonline.com bietet den Zugang zu den Lotterien \u00fcber eine Online-Plattform.<br \/>\n2.2 Die Spieler m\u00fcssen mindestens 18 Jahre alt sein, um die Website nutzen zu k\u00f6nnen.<br \/>\n2.3 Es liegt in der Verantwortung des Spielers, zu pr\u00fcfen, ob die Teilnahme an Online-Lotterien in seinem Land legal ist.<br \/>\n2.4 Das Unternehmen LLL World Marketing Limited ist kein offizieller Lotteriebetreiber. Die angebotenen Dienstleistungen beziehen sich auf den Zugang zu Lotteriescheinen.<\/p>\n<p>3. Benutzerkonto<br \/>\n3.1 Spieler m\u00fcssen ein Konto auf jackpotlotteryonline.com registrieren, um Lose zu kaufen.<br \/>\n3.2 Die bei der Registrierung angegebenen pers\u00f6nlichen Daten m\u00fcssen korrekt sein. Jegliche falschen oder irref\u00fchrenden Informationen k\u00f6nnen zur Aussetzung oder K\u00fcndigung des Kontos f\u00fchren.<br \/>\n3.3 Die Spieler sind f\u00fcr die Wahrung der Vertraulichkeit ihrer Anmeldedaten verantwortlich. Das Unternehmen haftet nicht f\u00fcr unbefugten Zugriff aufgrund von Fahrl\u00e4ssigkeit.<\/p>\n<p>4. Einzahlungen und Auszahlungen<br \/>\n4.1 Einzahlungen k\u00f6nnen \u00fcber die auf jackpotlotteryonline.com verf\u00fcgbaren Zahlungsmethoden vorgenommen werden.<br \/>\n4.2 Die Spieler sind daf\u00fcr verantwortlich, sicherzustellen, dass sie \u00fcber ausreichende Mittel auf ihrem Konto verf\u00fcgen, um Tickets zu kaufen.<br \/>\n4.3 Alle Zahlungen werden auf sichere Weise verarbeitet. Das Unternehmen beh\u00e4lt sich das Recht vor, bei Bedarf zus\u00e4tzliche Nachweise anzufordern.<\/p>\n<p>5. Kauf von Tickets<br \/>\n5.1 Spieler k\u00f6nnen Lose f\u00fcr verschiedene Lotterien kaufen, die auf jackpotlotteryonline.com angeboten werden.<br \/>\n5.2 Lose werden erst nach erfolgreicher Zahlungsbest\u00e4tigung als g\u00fcltig angesehen.<\/p>\n<p>6. Gewinne<br \/>\n6.1 Die Gewinne werden auf der Grundlage der \u00dcbereinstimmung zwischen den vom Spieler ausgew\u00e4hlten Zahlen und den vom offiziellen Lotteriebetreiber gezogenen Zahlen berechnet.<br \/>\n6.2 Das Unternehmen wird sich bem\u00fchen, die Gewinne unverz\u00fcglich an den Spieler auszuzahlen.<br \/>\n6.3 Bei hohen Gewinnen kann eine zus\u00e4tzliche Identit\u00e4tspr\u00fcfung erforderlich sein, bevor der Gewinn an den Spieler ausgezahlt wird.<\/p>\n<p>7. Begrenzung der Haftung<br \/>\n7.1 Das Unternehmen ist nicht verantwortlich f\u00fcr technische Fehler oder Unterbrechungen, die bei der Nutzung von jackpotlotteryonline.com auftreten k\u00f6nnen.<br \/>\n7.2 Das Unternehmen kann in keinem Fall f\u00fcr indirekte, zuf\u00e4llige oder Folgesch\u00e4den haftbar gemacht werden, die sich aus der Nutzung der Website ergeben.<\/p>\n<p>8. Beendigung<br \/>\n8.1 Das Unternehmen beh\u00e4lt sich das Recht vor, das Konto eines Spielers bei Verst\u00f6\u00dfen gegen die Nutzungsbedingungen zu k\u00fcndigen oder auszusetzen.<br \/>\n8.2 Spieler k\u00f6nnen jederzeit die Schlie\u00dfung ihres Kontos beantragen, indem sie sich \u00fcber das Kontaktformular an den Support wenden.<\/p>\n<p>9. Geltendes Recht<br \/>\n9.1 Diese Nutzungsbedingungen unterliegen den Gesetzen Zyperns und sind entsprechend auszulegen.<\/p>\n<p>Durch die Nutzung von jackpotlotteryonline.com erkl\u00e4rt sich der Spieler mit der Einhaltung aller oben genannten Nutzungsbedingungen einverstanden.<\/p>\n","protected":false},"excerpt":{"rendered":"<p>Die Jackpot Lottery Online Nutzungsbedingungen (im Folgenden als Nutzungsbedingungen bezeichnet) gelten f\u00fcr die von LLL World Marketing Limited, Peiraios 30, 1. Stock, B\u00fcro 1, 2023 Strovolos, Nicosia &#8211; Zypern, betriebene Website jackpotlotteryonline.com (im Folgenden als die Website bezeichnet). Durch die Anzeige, das Durchsuchen oder die Nutzung der jackpotlotteryonline.com-Website in irgendeiner Form unterliegt der Spieler den [&hellip;]<\/p>\n","protected":false},"author":7,"featured_media":0,"parent":0,"menu_order":0,"comment_status":"closed","ping_status":"closed","template":"","meta":{"_et_pb_use_builder":"","_et_pb_old_content":"","_et_gb_content_width":"","exclude_from_search":false,"footnotes":""},"class_list":["post-72999","page","type-page","status-publish","hentry"],"yoast_head":"<!-- This site is optimized with the Yoast SEO plugin v23.3 - https:\/\/yoast.com\/wordpress\/plugins\/seo\/ -->\n<title>Bedingungen und Konditionen - Lotto Online - Crack The International Lottery Jackpots<\/title>\n<meta name=\"robots\" content=\"index, follow, max-snippet:-1, max-image-preview:large, max-video-preview:-1\" \/>\n<link rel=\"canonical\" href=\"https:\/\/jackpotlotteryonline.com\/de\/bedingungen-und-konditionen\/\" \/>\n<meta property=\"og:locale\" content=\"de_DE\" \/>\n<meta property=\"og:type\" content=\"article\" \/>\n<meta property=\"og:title\" content=\"Bedingungen und Konditionen - Lotto Online - Crack The International Lottery Jackpots\" \/>\n<meta property=\"og:description\" content=\"Die Jackpot Lottery Online Nutzungsbedingungen (im Folgenden als Nutzungsbedingungen bezeichnet) gelten f\u00fcr die von LLL World Marketing Limited, Peiraios 30, 1. Stock, B\u00fcro 1, 2023 Strovolos, Nicosia &#8211; Zypern, betriebene Website jackpotlotteryonline.com (im Folgenden als die Website bezeichnet). Durch die Anzeige, das Durchsuchen oder die Nutzung der jackpotlotteryonline.com-Website in irgendeiner Form unterliegt der Spieler den [&hellip;]\" \/>\n<meta property=\"og:url\" content=\"https:\/\/jackpotlotteryonline.com\/de\/bedingungen-und-konditionen\/\" \/>\n<meta property=\"og:site_name\" content=\"Lotto Online - Crack The International Lottery Jackpots\" \/>\n<meta name=\"twitter:card\" content=\"summary_large_image\" \/>\n<meta name=\"twitter:label1\" content=\"Gesch\u00e4tzte Lesezeit\" \/>\n\t<meta name=\"twitter:data1\" content=\"4\u00a0Minuten\" \/>\n<!-- \/ Yoast SEO plugin. -->","yoast_head_json":{"title":"Bedingungen und Konditionen - Lotto Online - Crack The International Lottery Jackpots","robots":{"index":"index","follow":"follow","max-snippet":"max-snippet:-1","max-image-preview":"max-image-preview:large","max-video-preview":"max-video-preview:-1"},"canonical":"https:\/\/jackpotlotteryonline.com\/de\/bedingungen-und-konditionen\/","og_locale":"de_DE","og_type":"article","og_title":"Bedingungen und Konditionen - Lotto Online - Crack The International Lottery Jackpots","og_description":"Die Jackpot Lottery Online Nutzungsbedingungen (im Folgenden als Nutzungsbedingungen bezeichnet) gelten f\u00fcr die von LLL World Marketing Limited, Peiraios 30, 1. Stock, B\u00fcro 1, 2023 Strovolos, Nicosia &#8211; Zypern, betriebene Website jackpotlotteryonline.com (im Folgenden als die Website bezeichnet). Durch die Anzeige, das Durchsuchen oder die Nutzung der jackpotlotteryonline.com-Website in irgendeiner Form unterliegt der Spieler den [&hellip;]","og_url":"https:\/\/jackpotlotteryonline.com\/de\/bedingungen-und-konditionen\/","og_site_name":"Lotto Online - Crack The International Lottery Jackpots","twitter_card":"summary_large_image","twitter_misc":{"Gesch\u00e4tzte Lesezeit":"4\u00a0Minuten"},"schema":{"@context":"https:\/\/schema.org","@graph":[{"@type":"WebPage","@id":"https:\/\/jackpotlotteryonline.com\/de\/bedingungen-und-konditionen\/","url":"https:\/\/jackpotlotteryonline.com\/de\/bedingungen-und-konditionen\/","name":"Bedingungen und Konditionen - Lotto Online - Crack The International Lottery Jackpots","isPartOf":{"@id":"https:\/\/jackpotlotteryonline.com\/#website"},"datePublished":"2025-02-02T18:13:48+00:00","dateModified":"2025-02-02T18:13:48+00:00","breadcrumb":{"@id":"https:\/\/jackpotlotteryonline.com\/de\/bedingungen-und-konditionen\/#breadcrumb"},"inLanguage":"de","potentialAction":[{"@type":"ReadAction","target":["https:\/\/jackpotlotteryonline.com\/de\/bedingungen-und-konditionen\/"]}]},{"@type":"BreadcrumbList","@id":"https:\/\/jackpotlotteryonline.com\/de\/bedingungen-und-konditionen\/#breadcrumb","itemListElement":[{"@type":"ListItem","position":1,"name":"Home","item":"https:\/\/jackpotlotteryonline.com\/de\/"},{"@type":"ListItem","position":2,"name":"Bedingungen und Konditionen"}]},{"@type":"WebSite","@id":"https:\/\/jackpotlotteryonline.com\/#website","url":"https:\/\/jackpotlotteryonline.com\/","name":"Lotto Online - Crack The International Lottery Jackpots","description":"","potentialAction":[{"@type":"SearchAction","target":{"@type":"EntryPoint","urlTemplate":"https:\/\/jackpotlotteryonline.com\/?s={search_term_string}"},"query-input":"required name=search_term_string"}],"inLanguage":"de"}]}},"_links":{"self":[{"href":"https:\/\/jackpotlotteryonline.com\/de\/wp-json\/wp\/v2\/pages\/72999","targetHints":{"allow":["GET"]}}],"collection":[{"href":"https:\/\/jackpotlotteryonline.com\/de\/wp-json\/wp\/v2\/pages"}],"about":[{"href":"https:\/\/jackpotlotteryonline.com\/de\/wp-json\/wp\/v2\/types\/page"}],"author":[{"embeddable":true,"href":"https:\/\/jackpotlotteryonline.com\/de\/wp-json\/wp\/v2\/users\/7"}],"replies":[{"embeddable":true,"href":"https:\/\/jackpotlotteryonline.com\/de\/wp-json\/wp\/v2\/comments?post=72999"}],"version-history":[{"count":0,"href":"https:\/\/jackpotlotteryonline.com\/de\/wp-json\/wp\/v2\/pages\/72999\/revisions"}],"wp:attachment":[{"href":"https:\/\/jackpotlotteryonline.com\/de\/wp-json\/wp\/v2\/media?parent=72999"}],"curies":[{"name":"wp","href":"https:\/\/api.w.org\/{rel}","templated":true}]}}