{"id":77592,"date":"2025-03-21T17:33:17","date_gmt":"2025-03-21T17:33:17","guid":{"rendered":"https:\/\/jackpotlotteryonline.com\/?page_id=77592"},"modified":"2025-03-21T17:33:17","modified_gmt":"2025-03-21T17:33:17","slug":"wo-kann-man-new-yorker-lotterielose-ausserhalb-der-usa-kaufen","status":"publish","type":"page","link":"https:\/\/jackpotlotteryonline.com\/de\/spielscheine-kaufen\/wo-kann-man-new-yorker-lotterielose-ausserhalb-der-usa-kaufen\/","title":{"rendered":"Wo kann man New Yorker Lotterielose au\u00dferhalb der USA kaufen?"},"content":{"rendered":"<p>Die New Yorker Jackpots sind riesig \u2013 geradezu legend\u00e4r. Spieler auf der ganzen Welt sind auf der Jagd nach ihnen! Und was ist mit Leuten, die nicht in den USA sind? Kann man New Yorker Lotterielose auch au\u00dferhalb der USA kaufen? Absolut! Und wissen Sie was? Mit JackpotLottery k\u00f6nnen Sie echte New Yorker Lotterielose online ergattern, von \u00fcberall auf der Welt!<\/p>\n<h2>Kann man New Yorker Lotterielose auch au\u00dferhalb der USA kaufen?<\/h2>\n<p>Absolut! Selbst wenn Sie nicht in New York oder gar Amerika sind, k\u00f6nnen Sie trotzdem an der New Yorker Lotterie teilnehmen. Mit JackpotLottery k\u00f6nnen internationale Spieler sicher von \u00fcberall aus Lotterielose kaufen. Das garantiert gleiche Bedingungen und gibt Ihnen die gleichen Gewinnchancen, als w\u00fcrden Sie pers\u00f6nlich ein Los kaufen. Im Grunde genommen kauft jemand bei JackpotLottery Ihr Los f\u00fcr Sie, sozusagen ein pers\u00f6nlicher Lotterie-Shopper. Sie erhalten eine gescannte Kopie Ihres offiziellen Loses in Ihrem Konto. Dies dient als eindeutiger Kaufnachweis und bietet zus\u00e4tzliche Sicherheit.<\/p>\n<h3>So kaufen Sie New York Lottery Lose online bei JackpotLottery<img loading=\"lazy\" decoding=\"async\" class=\" wp-image-29318 alignright\" src=\"https:\/\/jackpotlotteryonline.com\/wp-content\/uploads\/2022\/11\/1_play_onlinelottery4-300x200.jpg\" alt=\"Kann man New York Lottery Lose au\u00dferhalb der USA kaufen?\" width=\"262\" height=\"174\" srcset=\"https:\/\/jackpotlotteryonline.com\/wp-content\/uploads\/2022\/11\/1_play_onlinelottery4-300x200.jpg 300w, https:\/\/jackpotlotteryonline.com\/wp-content\/uploads\/2022\/11\/1_play_onlinelottery4.jpg 320w\" sizes=\"auto, (max-width: 262px) 100vw, 262px\" \/><\/h3>\n<p>Mit JackpotLottery k\u00f6nnen Sie ganz einfach international an der New York Lotterie teilnehmen. Diese einfache Anleitung hilft Ihnen dabei:<\/p>\n<p>1. Melden Sie sich an. Geben Sie Ihre Daten ein und best\u00e4tigen Sie Ihre Identit\u00e4t bei JackpotLottery. So ist alles sicher und Sie erhalten Ihre Gewinne problemlos.<br \/>\n2. W\u00e4hlen Sie im Bereich \u201eLotterien\u201c die Option \u201eNew York Lottery\u201c aus. Wenn Sie einen gro\u00dfen Jackpot knacken m\u00f6chten, ist das New York Lotto eine beliebte Option.<br \/>\n3. W\u00e4hlen Sie nun Ihre Zahlen. Sie k\u00f6nnen sechs Zahlen zwischen 1 und 59 manuell ausw\u00e4hlen oder die Schnellauswahlfunktion nutzen, um die Zahlen vom System zuf\u00e4llig generieren zu lassen.<br \/>\n4. Fahren Sie mit dem Loskauf fort. W\u00e4hlen Sie aus unseren verf\u00fcgbaren Zahlungsmethoden, um Ihr Los bequem zu kaufen. Nach erfolgreicher Kaufbest\u00e4tigung stellt JackpotLottery Ihnen ein offizielles Los auf Ihren Namen aus.<\/p>\n<p>5. Informieren Sie sich \u00fcber die Ziehungsergebnisse.<br \/>\nErfahren Sie sofort, ob Sie den Jackpot geknackt haben.<br \/>\n6. Verifizierte Zahlungsgarantie<br \/>\nKleine Gewinne gehen direkt auf Ihr Konto, und f\u00fcr die gro\u00dfen Gewinne k\u00fcmmert sich JackpotLottery um alles.<\/p>\n<p><strong>Spielen Sie noch heute die New York Lottery<\/strong><br \/>\nJetzt wissen Sie, wie Sie aus dem Ausland spielen k\u00f6nnen. Versuchen Sie, bei der New York Lottery gro\u00df abzur\u00e4umen. Machen Sie mit! Melden Sie sich bei JackpotLottery an, holen Sie sich Ihr Los und nehmen Sie an der spannenden amerikanischen Lotterie teil! Nur noch ein Los trennt Sie von Ihrem Jackpot-Traum.<\/p>\n","protected":false},"excerpt":{"rendered":"<p>Die New Yorker Jackpots sind riesig \u2013 geradezu legend\u00e4r. Spieler auf der ganzen Welt sind auf der Jagd nach ihnen! Und was ist mit Leuten, die nicht in den USA sind? Kann man New Yorker Lotterielose auch au\u00dferhalb der USA kaufen? Absolut! Und wissen Sie was? Mit JackpotLottery k\u00f6nnen Sie echte New Yorker Lotterielose online [&hellip;]<\/p>\n","protected":false},"author":7,"featured_media":0,"parent":35753,"menu_order":0,"comment_status":"closed","ping_status":"closed","template":"","meta":{"_et_pb_use_builder":"","_et_pb_old_content":"","_et_gb_content_width":"","exclude_from_search":false,"footnotes":""},"class_list":["post-77592","page","type-page","status-publish","hentry"],"yoast_head":"<!-- This site is optimized with the Yoast SEO plugin v23.3 - https:\/\/yoast.com\/wordpress\/plugins\/seo\/ -->\n<title>Kann man New Yorker Lotterielose auch au\u00dferhalb der USA kaufen?<\/title>\n<meta name=\"description\" content=\"Sie fragen sich, ob Sie New Yorker Lotterielose auch au\u00dferhalb der USA kaufen k\u00f6nnen? Entdecken Sie die besten M\u00f6glichkeiten, online zu spielen und international Gewinne zu gewinnen!\" \/>\n<meta name=\"robots\" content=\"index, follow, max-snippet:-1, max-image-preview:large, max-video-preview:-1\" \/>\n<link rel=\"canonical\" href=\"https:\/\/jackpotlotteryonline.com\/where-can-you-buy-new-york-lottery-tickets-outside-the-usa\/\" \/>\n<meta property=\"og:locale\" content=\"de_DE\" \/>\n<meta property=\"og:type\" content=\"article\" \/>\n<meta property=\"og:title\" content=\"Kann man New Yorker Lotterielose auch au\u00dferhalb der USA kaufen?\" \/>\n<meta property=\"og:description\" content=\"Sie fragen sich, ob Sie New Yorker Lotterielose auch au\u00dferhalb der USA kaufen k\u00f6nnen? Entdecken Sie die besten M\u00f6glichkeiten, online zu spielen und international Gewinne zu gewinnen!\" \/>\n<meta property=\"og:url\" content=\"https:\/\/jackpotlotteryonline.com\/where-can-you-buy-new-york-lottery-tickets-outside-the-usa\/\" \/>\n<meta property=\"og:site_name\" content=\"Lotto Online - Crack The International Lottery Jackpots\" \/>\n<meta property=\"og:image\" content=\"https:\/\/jackpotlotteryonline.com\/wp-content\/uploads\/2022\/11\/1_play_onlinelottery4-300x200.jpg\" \/>\n<meta name=\"twitter:card\" content=\"summary_large_image\" \/>\n<!-- \/ Yoast SEO plugin. -->","yoast_head_json":{"title":"Kann man New Yorker Lotterielose auch au\u00dferhalb der USA kaufen?","description":"Sie fragen sich, ob Sie New Yorker Lotterielose auch au\u00dferhalb der USA kaufen k\u00f6nnen? Entdecken Sie die besten M\u00f6glichkeiten, online zu spielen und international Gewinne zu gewinnen!","robots":{"index":"index","follow":"follow","max-snippet":"max-snippet:-1","max-image-preview":"max-image-preview:large","max-video-preview":"max-video-preview:-1"},"canonical":"https:\/\/jackpotlotteryonline.com\/where-can-you-buy-new-york-lottery-tickets-outside-the-usa\/","og_locale":"de_DE","og_type":"article","og_title":"Kann man New Yorker Lotterielose auch au\u00dferhalb der USA kaufen?","og_description":"Sie fragen sich, ob Sie New Yorker Lotterielose auch au\u00dferhalb der USA kaufen k\u00f6nnen? Entdecken Sie die besten M\u00f6glichkeiten, online zu spielen und international Gewinne zu gewinnen!","og_url":"https:\/\/jackpotlotteryonline.com\/where-can-you-buy-new-york-lottery-tickets-outside-the-usa\/","og_site_name":"Lotto Online - Crack The International Lottery Jackpots","og_image":[{"url":"https:\/\/jackpotlotteryonline.com\/wp-content\/uploads\/2022\/11\/1_play_onlinelottery4-300x200.jpg"}],"twitter_card":"summary_large_image","schema":{"@context":"https:\/\/schema.org","@graph":[{"@type":"WebPage","@id":"https:\/\/jackpotlotteryonline.com\/where-can-you-buy-new-york-lottery-tickets-outside-the-usa\/","url":"https:\/\/jackpotlotteryonline.com\/where-can-you-buy-new-york-lottery-tickets-outside-the-usa\/","name":"Kann man New Yorker Lotterielose auch au\u00dferhalb der USA kaufen?","isPartOf":{"@id":"https:\/\/jackpotlotteryonline.com\/#website"},"primaryImageOfPage":{"@id":"https:\/\/jackpotlotteryonline.com\/where-can-you-buy-new-york-lottery-tickets-outside-the-usa\/#primaryimage"},"image":{"@id":"https:\/\/jackpotlotteryonline.com\/where-can-you-buy-new-york-lottery-tickets-outside-the-usa\/#primaryimage"},"thumbnailUrl":"https:\/\/jackpotlotteryonline.com\/wp-content\/uploads\/2022\/11\/1_play_onlinelottery4-300x200.jpg","datePublished":"2025-03-21T17:33:17+00:00","dateModified":"2025-03-21T17:33:17+00:00","description":"Sie fragen sich, ob Sie New Yorker Lotterielose auch au\u00dferhalb der USA kaufen k\u00f6nnen? Entdecken Sie die besten M\u00f6glichkeiten, online zu spielen und international Gewinne zu gewinnen!","breadcrumb":{"@id":"https:\/\/jackpotlotteryonline.com\/where-can-you-buy-new-york-lottery-tickets-outside-the-usa\/#breadcrumb"},"inLanguage":"de","potentialAction":[{"@type":"ReadAction","target":["https:\/\/jackpotlotteryonline.com\/where-can-you-buy-new-york-lottery-tickets-outside-the-usa\/"]}]},{"@type":"ImageObject","inLanguage":"de","@id":"https:\/\/jackpotlotteryonline.com\/where-can-you-buy-new-york-lottery-tickets-outside-the-usa\/#primaryimage","url":"https:\/\/jackpotlotteryonline.com\/wp-content\/uploads\/2022\/11\/1_play_onlinelottery4-300x200.jpg","contentUrl":"https:\/\/jackpotlotteryonline.com\/wp-content\/uploads\/2022\/11\/1_play_onlinelottery4-300x200.jpg"},{"@type":"BreadcrumbList","@id":"https:\/\/jackpotlotteryonline.com\/where-can-you-buy-new-york-lottery-tickets-outside-the-usa\/#breadcrumb","itemListElement":[{"@type":"ListItem","position":1,"name":"Home","item":"https:\/\/jackpotlotteryonline.com\/de\/"},{"@type":"ListItem","position":2,"name":"Wo kann man New Yorker Lotterielose au\u00dferhalb der USA kaufen?"}]},{"@type":"WebSite","@id":"https:\/\/jackpotlotteryonline.com\/#website","url":"https:\/\/jackpotlotteryonline.com\/","name":"Lotto Online - Crack The International Lottery Jackpots","description":"","potentialAction":[{"@type":"SearchAction","target":{"@type":"EntryPoint","urlTemplate":"https:\/\/jackpotlotteryonline.com\/?s={search_term_string}"},"query-input":"required name=search_term_string"}],"inLanguage":"de"}]}},"_links":{"self":[{"href":"https:\/\/jackpotlotteryonline.com\/de\/wp-json\/wp\/v2\/pages\/77592","targetHints":{"allow":["GET"]}}],"collection":[{"href":"https:\/\/jackpotlotteryonline.com\/de\/wp-json\/wp\/v2\/pages"}],"about":[{"href":"https:\/\/jackpotlotteryonline.com\/de\/wp-json\/wp\/v2\/types\/page"}],"author":[{"embeddable":true,"href":"https:\/\/jackpotlotteryonline.com\/de\/wp-json\/wp\/v2\/users\/7"}],"replies":[{"embeddable":true,"href":"https:\/\/jackpotlotteryonline.com\/de\/wp-json\/wp\/v2\/comments?post=77592"}],"version-history":[{"count":1,"href":"https:\/\/jackpotlotteryonline.com\/de\/wp-json\/wp\/v2\/pages\/77592\/revisions"}],"predecessor-version":[{"id":77593,"href":"https:\/\/jackpotlotteryonline.com\/de\/wp-json\/wp\/v2\/pages\/77592\/revisions\/77593"}],"up":[{"embeddable":true,"href":"https:\/\/jackpotlotteryonline.com\/de\/wp-json\/wp\/v2\/pages\/35753"}],"wp:attachment":[{"href":"https:\/\/jackpotlotteryonline.com\/de\/wp-json\/wp\/v2\/media?parent=77592"}],"curies":[{"name":"wp","href":"https:\/\/api.w.org\/{rel}","templated":true}]}}