{"id":77671,"date":"2025-03-22T07:36:30","date_gmt":"2025-03-22T07:36:30","guid":{"rendered":"https:\/\/jackpotlotteryonline.com\/?page_id=77671"},"modified":"2025-03-22T07:36:30","modified_gmt":"2025-03-22T07:36:30","slug":"finden-sie-die-heutigen-ergebnisse-der-new-yorker-lotterie-heraus","status":"publish","type":"page","link":"https:\/\/jackpotlotteryonline.com\/de\/gewinn-zahlen\/finden-sie-die-heutigen-ergebnisse-der-new-yorker-lotterie-heraus\/","title":{"rendered":"Finden Sie die heutigen Ergebnisse der New Yorker Lotterie heraus"},"content":{"rendered":"<p>Die New Yorker Lotterie ist immer voller Spannung und wartet gespannt auf die neueste Ziehung. Wenn Sie die heutigen New Yorker Lottozahlen ben\u00f6tigen, sind Sie hier genau richtig. Die \u00dcberpr\u00fcfung Ihrer New Yorker Lottozahlen ist schnell und einfach \u2013 nur wenige Klicks.<\/p>\n<h2>Wo kann ich die heutigen New Yorker Lottozahlen einsehen?<\/h2>\n<p>Die heutigen New Yorker Lottozahlen k\u00f6nnen Sie ganz einfach und bequem abrufen. Hier finden Sie die Gewinnzahlen:<\/p>\n<p>JackpotLottery bietet Ihnen aktuelle Lottoergebnisse und die M\u00f6glichkeit, Lose direkt online zu kaufen. Die Ergebnisse sind in der Regel unmittelbar nach Bekanntgabe auf dieser Plattform verf\u00fcgbar. Au\u00dferdem werden Sie im Gewinnfall sofort benachrichtigt, damit Sie Ihren Gewinn nicht verpassen.<\/p>\n<p><strong>Wann finden die Ziehungen der New Yorker Lotterie statt?<img loading=\"lazy\" decoding=\"async\" class=\" wp-image-51568 alignright\" src=\"https:\/\/jackpotlotteryonline.com\/wp-content\/uploads\/2023\/09\/8.png\" alt=\"Wo kann ich die heutigen Ergebnisse der New Yorker Lotterie sehen?\" width=\"233\" height=\"233\" srcset=\"https:\/\/jackpotlotteryonline.com\/wp-content\/uploads\/2023\/09\/8.png 300w, https:\/\/jackpotlotteryonline.com\/wp-content\/uploads\/2023\/09\/8-100x100.png 100w, https:\/\/jackpotlotteryonline.com\/wp-content\/uploads\/2023\/09\/8-150x150.png 150w\" sizes=\"auto, (max-width: 233px) 100vw, 233px\" \/><\/strong><\/p>\n<p>Sie k\u00f6nnen die Ziehung der New Yorker Lotterie jeden Mittwoch und Samstag um 23:21 Uhr Eastern Time verfolgen. Auf dieser Plattform bleiben Sie stets auf dem Laufenden. Der Countdown zur Ziehung wird immer neben der Lotterie angezeigt.<\/p>\n<h3>So \u00fcberpr\u00fcfen Sie, ob Sie im New Yorker Lotto gewonnen haben<\/h3>\n<ul>\n<li>Sobald Sie die heutigen Ergebnisse des New Yorker Lottos erhalten haben, f\u00fchren Sie diese Schritte durch die \u00dcberpr\u00fcfung Ihres Loses.<\/li>\n<li>Vergleichen Sie Ihre Zahlen: \u00dcberpr\u00fcfen Sie, ob Ihre gew\u00e4hlten Zahlen mit den gezogenen Zahlen \u00fcbereinstimmen.<\/li>\n<li>Pr\u00fcfen Sie, ob Sie Extras haben: Einige Spiele haben Bonuszahlen und Multiplikatoren.<\/li>\n<li>Um Gewinne einzufordern, befolgen Sie bitte unser Antragsverfahren. Dieses variiert je nach Gewinnh\u00f6he und kann Online-Antr\u00e4ge f\u00fcr kleinere Betr\u00e4ge oder eine pers\u00f6nliche \u00dcberpr\u00fcfung f\u00fcr gro\u00dfe Jackpots umfassen.<\/li>\n<\/ul>\n<h2>Richtlinien f\u00fcr Gewinner des New Yorker Lottos<\/h2>\n<p>Wenn Sie im Lotto gewinnen, wird sich Ihr Leben \u00e4ndern. Deshalb m\u00fcssen Sie die Dinge richtig angehen.<\/p>\n<ul>\n<li>Bleiben Sie ruhig und pr\u00fcfen Sie: Stellen Sie sicher, dass Ihr Tippschein mit den offiziellen Zahlen \u00fcbereinstimmt, bevor Sie feiern.<\/li>\n<li>Entscheiden Sie, wie Sie Ihren Gewinn erhalten m\u00f6chten: Jackpots werden \u00fcblicherweise als Einmalzahlung oder in mehreren j\u00e4hrlichen Raten ausgezahlt.<\/li>\n<li>Sorgen Sie f\u00fcr langfristige Sicherheit: Lassen Sie sich von einem Finanzberater beraten, um Ihre Lotteriegewinne sinnvoll zu verwalten.<\/li>\n<li>Achten Sie auf die Fristen f\u00fcr die Auszahlung: Stellen Sie sicher, dass Sie Ihren Gewinn innerhalb der angegebenen Frist einfordern, da jedes Spiel eine Frist hat.<\/li>\n<\/ul>\n<p><strong>Holen Sie sich sofort die neuesten Ergebnisse der New Yorker Lotterie!<\/strong><\/p>\n<p>Jetzt, da Sie die Antwort auf die Frage \u201eWo kann ich die heutigen Ergebnisse der New Yorker Lotterie sehen?\u201c kennen, sollten Sie Ihre Tippscheine regelm\u00e4\u00dfig \u00fcberpr\u00fcfen. Wenn Sie \u00fcber die neuesten Ziehungen informiert bleiben, erh\u00f6hen Sie Ihre Gewinnchancen, egal ob Sie nur zum Spa\u00df spielen oder um einen Jackpot spielen. Erhalten Sie alle aktuellen Updates von JackpotLottery und erh\u00f6hen Sie Ihre Gewinnchancen! Wir w\u00fcnschen Ihnen alles Gute.<\/p>\n","protected":false},"excerpt":{"rendered":"<p>Die New Yorker Lotterie ist immer voller Spannung und wartet gespannt auf die neueste Ziehung. Wenn Sie die heutigen New Yorker Lottozahlen ben\u00f6tigen, sind Sie hier genau richtig. Die \u00dcberpr\u00fcfung Ihrer New Yorker Lottozahlen ist schnell und einfach \u2013 nur wenige Klicks. Wo kann ich die heutigen New Yorker Lottozahlen einsehen? Die heutigen New Yorker [&hellip;]<\/p>\n","protected":false},"author":7,"featured_media":0,"parent":35828,"menu_order":0,"comment_status":"closed","ping_status":"closed","template":"","meta":{"_et_pb_use_builder":"","_et_pb_old_content":"","_et_gb_content_width":"","exclude_from_search":false,"footnotes":""},"class_list":["post-77671","page","type-page","status-publish","hentry"],"yoast_head":"<!-- This site is optimized with the Yoast SEO plugin v23.3 - https:\/\/yoast.com\/wordpress\/plugins\/seo\/ -->\n<title>Wo kann ich die heutigen New Yorker Lotterieergebnisse einsehen?<\/title>\n<meta name=\"description\" content=\"Wo kann ich die heutigen New Yorker Lotterieergebnisse einsehen? Hier erfahren Sie, wo Sie die aktuellen Gewinnzahlen sofort abrufen und auf dem Laufenden bleiben k\u00f6nnen.\" \/>\n<meta name=\"robots\" content=\"index, follow, max-snippet:-1, max-image-preview:large, max-video-preview:-1\" \/>\n<link rel=\"canonical\" href=\"https:\/\/jackpotlotteryonline.com\/find-out-todays-results-for-new-york-lottery-2\/\" \/>\n<meta property=\"og:locale\" content=\"de_DE\" \/>\n<meta property=\"og:type\" content=\"article\" \/>\n<meta property=\"og:title\" content=\"Wo kann ich die heutigen New Yorker Lotterieergebnisse einsehen?\" \/>\n<meta property=\"og:description\" content=\"Wo kann ich die heutigen New Yorker Lotterieergebnisse einsehen? Hier erfahren Sie, wo Sie die aktuellen Gewinnzahlen sofort abrufen und auf dem Laufenden bleiben k\u00f6nnen.\" \/>\n<meta property=\"og:url\" content=\"https:\/\/jackpotlotteryonline.com\/find-out-todays-results-for-new-york-lottery-2\/\" \/>\n<meta property=\"og:site_name\" content=\"Lotto Online - Crack The International Lottery Jackpots\" \/>\n<meta property=\"og:image\" content=\"https:\/\/jackpotlotteryonline.com\/wp-content\/uploads\/2023\/09\/8.png\" \/>\n<meta name=\"twitter:card\" content=\"summary_large_image\" \/>\n<!-- \/ Yoast SEO plugin. -->","yoast_head_json":{"title":"Wo kann ich die heutigen New Yorker Lotterieergebnisse einsehen?","description":"Wo kann ich die heutigen New Yorker Lotterieergebnisse einsehen? Hier erfahren Sie, wo Sie die aktuellen Gewinnzahlen sofort abrufen und auf dem Laufenden bleiben k\u00f6nnen.","robots":{"index":"index","follow":"follow","max-snippet":"max-snippet:-1","max-image-preview":"max-image-preview:large","max-video-preview":"max-video-preview:-1"},"canonical":"https:\/\/jackpotlotteryonline.com\/find-out-todays-results-for-new-york-lottery-2\/","og_locale":"de_DE","og_type":"article","og_title":"Wo kann ich die heutigen New Yorker Lotterieergebnisse einsehen?","og_description":"Wo kann ich die heutigen New Yorker Lotterieergebnisse einsehen? Hier erfahren Sie, wo Sie die aktuellen Gewinnzahlen sofort abrufen und auf dem Laufenden bleiben k\u00f6nnen.","og_url":"https:\/\/jackpotlotteryonline.com\/find-out-todays-results-for-new-york-lottery-2\/","og_site_name":"Lotto Online - Crack The International Lottery Jackpots","og_image":[{"url":"https:\/\/jackpotlotteryonline.com\/wp-content\/uploads\/2023\/09\/8.png"}],"twitter_card":"summary_large_image","schema":{"@context":"https:\/\/schema.org","@graph":[{"@type":"WebPage","@id":"https:\/\/jackpotlotteryonline.com\/find-out-todays-results-for-new-york-lottery-2\/","url":"https:\/\/jackpotlotteryonline.com\/find-out-todays-results-for-new-york-lottery-2\/","name":"Wo kann ich die heutigen New Yorker Lotterieergebnisse einsehen?","isPartOf":{"@id":"https:\/\/jackpotlotteryonline.com\/#website"},"primaryImageOfPage":{"@id":"https:\/\/jackpotlotteryonline.com\/find-out-todays-results-for-new-york-lottery-2\/#primaryimage"},"image":{"@id":"https:\/\/jackpotlotteryonline.com\/find-out-todays-results-for-new-york-lottery-2\/#primaryimage"},"thumbnailUrl":"https:\/\/jackpotlotteryonline.com\/wp-content\/uploads\/2023\/09\/8.png","datePublished":"2025-03-22T07:36:30+00:00","dateModified":"2025-03-22T07:36:30+00:00","description":"Wo kann ich die heutigen New Yorker Lotterieergebnisse einsehen? Hier erfahren Sie, wo Sie die aktuellen Gewinnzahlen sofort abrufen und auf dem Laufenden bleiben k\u00f6nnen.","breadcrumb":{"@id":"https:\/\/jackpotlotteryonline.com\/find-out-todays-results-for-new-york-lottery-2\/#breadcrumb"},"inLanguage":"de","potentialAction":[{"@type":"ReadAction","target":["https:\/\/jackpotlotteryonline.com\/find-out-todays-results-for-new-york-lottery-2\/"]}]},{"@type":"ImageObject","inLanguage":"de","@id":"https:\/\/jackpotlotteryonline.com\/find-out-todays-results-for-new-york-lottery-2\/#primaryimage","url":"https:\/\/jackpotlotteryonline.com\/wp-content\/uploads\/2023\/09\/8.png","contentUrl":"https:\/\/jackpotlotteryonline.com\/wp-content\/uploads\/2023\/09\/8.png"},{"@type":"BreadcrumbList","@id":"https:\/\/jackpotlotteryonline.com\/find-out-todays-results-for-new-york-lottery-2\/#breadcrumb","itemListElement":[{"@type":"ListItem","position":1,"name":"Home","item":"https:\/\/jackpotlotteryonline.com\/de\/"},{"@type":"ListItem","position":2,"name":"Finden Sie die heutigen Ergebnisse der New Yorker Lotterie heraus"}]},{"@type":"WebSite","@id":"https:\/\/jackpotlotteryonline.com\/#website","url":"https:\/\/jackpotlotteryonline.com\/","name":"Lotto Online - Crack The International Lottery Jackpots","description":"","potentialAction":[{"@type":"SearchAction","target":{"@type":"EntryPoint","urlTemplate":"https:\/\/jackpotlotteryonline.com\/?s={search_term_string}"},"query-input":"required name=search_term_string"}],"inLanguage":"de"}]}},"_links":{"self":[{"href":"https:\/\/jackpotlotteryonline.com\/de\/wp-json\/wp\/v2\/pages\/77671","targetHints":{"allow":["GET"]}}],"collection":[{"href":"https:\/\/jackpotlotteryonline.com\/de\/wp-json\/wp\/v2\/pages"}],"about":[{"href":"https:\/\/jackpotlotteryonline.com\/de\/wp-json\/wp\/v2\/types\/page"}],"author":[{"embeddable":true,"href":"https:\/\/jackpotlotteryonline.com\/de\/wp-json\/wp\/v2\/users\/7"}],"replies":[{"embeddable":true,"href":"https:\/\/jackpotlotteryonline.com\/de\/wp-json\/wp\/v2\/comments?post=77671"}],"version-history":[{"count":1,"href":"https:\/\/jackpotlotteryonline.com\/de\/wp-json\/wp\/v2\/pages\/77671\/revisions"}],"predecessor-version":[{"id":77672,"href":"https:\/\/jackpotlotteryonline.com\/de\/wp-json\/wp\/v2\/pages\/77671\/revisions\/77672"}],"up":[{"embeddable":true,"href":"https:\/\/jackpotlotteryonline.com\/de\/wp-json\/wp\/v2\/pages\/35828"}],"wp:attachment":[{"href":"https:\/\/jackpotlotteryonline.com\/de\/wp-json\/wp\/v2\/media?parent=77671"}],"curies":[{"name":"wp","href":"https:\/\/api.w.org\/{rel}","templated":true}]}}