{"id":31985,"date":"2022-11-01T09:43:26","date_gmt":"2022-11-01T09:43:26","guid":{"rendered":"https:\/\/jackpotlotteryonline.com\/?page_id=31985"},"modified":"2023-01-06T11:59:40","modified_gmt":"2023-01-06T11:59:40","slug":"home","status":"publish","type":"page","link":"https:\/\/jackpotlotteryonline.com\/es\/","title":{"rendered":"Home"},"content":{"rendered":"<h2>Juegue a la loter\u00eda en l\u00ednea y mejore sus posibilidades<\/h2>\n<p>Te mostramos las formas de <a href=\"https:\/\/jackpotlotteryonline.com\/es\/como-se-juega\">jugar f\u00e1cilmente a la loter\u00eda online<\/a> &#8211; para TODOS esos enormes Jackpots, para las loter\u00edas no s\u00f3lo de tu pa\u00eds, sino de todo el mundo. \u00bfSu loter\u00eda nacional no tiene loter\u00edas atractivas? Ya no es un problema, simplemente vaya por los premios realmente grandes. No desperdicie su dinero en premios peque\u00f1os: hay loter\u00edas con botes enormes.<\/p>\n<p><strong>Compruebe los banners de nuestra p\u00e1gina web para ver los mayores botes a los que puede jugar en este momento.<\/strong><br \/>\n<img loading=\"lazy\" decoding=\"async\" class=\"size-full wp-image-18302 alignright\" src=\"https:\/\/jackpotlotteryonline.com\/wp-content\/uploads\/2022\/10\/ticket_balls.jpg\" alt=\"jugar a la loter\u00eda en l\u00ednea\" width=\"297\" height=\"101\" \/><\/p>\n<p>Todos esos grandes botes de loter\u00eda est\u00e1n ahora f\u00e1cilmente disponibles, no importa d\u00f3nde vivas. Simplemente haga clic en uno de los enlaces para jugar a la loter\u00eda en l\u00ednea y reg\u00edstrese en RedFoxLotto, donde podr\u00e1 comprar un boleto a trav\u00e9s de Internet para cada uno de esos enormes botes. RedFoxLotto le permite comprar un billete para cualquiera de los mayores botes del mundo, sin importar d\u00f3nde viva. Ellos comprar\u00e1n su boleto de manera confiable por usted y se asegurar\u00e1n de que reciba sus ganancias.<\/p>\n<h2>Acceda a las loter\u00edas internacionales<\/h2>\n<p>En nuestro sitio web, le damos informaci\u00f3n detallada sobre todas las grandes loter\u00edas del mundo, c\u00f3mo jugar en l\u00ednea, c\u00f3mo pagar, c\u00f3mo obtener sus ganancias, y lo que tiene que hacer si le toca el Jackpot. S\u00f3lo tienes que leer los art\u00edculos sobre c\u00f3mo participar y las rese\u00f1as de las loter\u00edas en este sitio (revisa el men\u00fa superior), y podr\u00e1s elegir f\u00e1cilmente el evento adecuado para ti.<\/p>\n<h2>Es f\u00e1cil jugar en l\u00ednea<\/h2>\n<p>Tanto si quiere jugar al bote de la Powerball de Estados Unidos, al bote de EuroMillones, al Gordo de Espa\u00f1a, a la SuperEnaLotto de Italia o a cualquier otra loter\u00eda, puede <a href=\"https:\/\/jackpotlotteryonline.com\/es\/comprar-boletos\">comprar todos sus boletos en un solo lugar<\/a>: aqu\u00ed mismo, en nuestro sitio web.<\/p>\n<p>Con nuestra ayuda, usted ya no est\u00e1 limitado a su loter\u00eda nacional &#8211; ahora tiene la opci\u00f3n de jugar a la loter\u00eda en l\u00ednea para cualquier evento que desee, a trav\u00e9s de Internet. De este modo, puede elegir el bote m\u00e1s alto del momento, aumentando as\u00ed sus posibilidades de ganar a lo grande. O bien, elija la loter\u00eda que se va a sortear a continuaci\u00f3n &#8211; \u00a1as\u00ed no tendr\u00e1 que esperar eternamente para saber si ha ganado! Todo es muy f\u00e1cil, desde la elecci\u00f3n del bote de la loter\u00eda hasta la elecci\u00f3n de los n\u00fameros y el pago.<\/p>\n<section class=\"layout\" style=\"border: solid 1px; width: 100%;\">\n<div class=\"img-div\" style=\"margin-top: 5px;\"><img decoding=\"async\" class=\"wp-image-17212 alignleft\" style=\"height: 45px; margin: 8px 8px 0px;\" src=\"https:\/\/jackpotlotteryonline.com\/wp-content\/uploads\/2022\/11\/read1.jpg\" alt=\"leer\" width=\"\" height=\"\" \/><\/div>\n<div style=\"padding-left: 5px;\">\n<div style=\"font-size: 1.1em;\">\n<p><strong>\u00bfEs legal jugar a loter\u00edas de otros pa\u00edses en l\u00ednea?<\/strong><\/p>\n<p style=\"font-size: 0.85em; margin-top: -1.5em;\">\u00bfEs legal comprar un billete de loter\u00eda por Internet y me pagar\u00e1n?\u00a0 <a href=\"https:\/\/jackpotlotteryonline.com\/es\/es-legal-jugar-en-linea-a-loterias-de-otros-paises\">Seguir leyendo<\/a><\/p>\n<\/div>\n<\/div>\n<\/section>\n<h2>Servicio de boletos en l\u00ednea<\/h2>\n<p><strong>As\u00ed es como funciona:<\/strong> Ofrecemos un servicio de mensajer\u00eda para billetes de loter\u00eda internacionales. Usted elige la loter\u00eda a la que desea jugar en l\u00ednea, haciendo clic en uno de los banners de arriba. Luego elige sus n\u00fameros en l\u00ednea. Si prefiere que los n\u00fameros de la loter\u00eda sean elegidos por un generador de n\u00fameros aleatorios, tambi\u00e9n puede hacerlo. Una vez que haya decidido sus n\u00fameros, reg\u00edstrese en una cuenta y elija un m\u00e9todo para pagar su billete de loter\u00eda. Hay varios m\u00e9todos de pago seguros disponibles.<\/p>\n<p>Nuestros agentes compran el billete por usted y le env\u00edan un correo electr\u00f3nico de confirmaci\u00f3n como prueba de su compra. Una copia escaneada de su billete de loter\u00eda aparecer\u00e1 en su cuenta poco despu\u00e9s de su compra.<\/p>\n<h2>Ventajas de jugar a las loter\u00edas internacionales en l\u00ednea<\/h2>\n<ul>\n<li>M\u00e1s posibilidades de elecci\u00f3n &#8211; en lugar de estar obligado a jugar a su loter\u00eda local, sin importar lo grande que sea el bote actual, puede elegir entre m\u00faltiples loter\u00edas<\/li>\n<li>Mejor relaci\u00f3n calidad-precio &#8211; en lugar de, por ejemplo, pagar 2 euros por un boleto que puede ganar 1 mill\u00f3n de euros, puede jugar por un Mega-Jackpot de 100 millones de euros o mucho m\u00e1s. Aunque pague un precio m\u00e1s alto por el boleto para esa loter\u00eda m\u00e1s grande, matem\u00e1ticamente su dinero estar\u00eda mejor invertido jugando por la recompensa m\u00e1s grande.<\/li>\n<li>Comodidad: ya no es necesario salir de casa para conseguir un boleto. Puedes comprar tu boleto desde casa, o usar tu tel\u00e9fono m\u00f3vil para jugar a la loter\u00eda.<\/li>\n<li>Seguridad &#8211; un billete de loter\u00eda online no se puede perder, como un billete de loter\u00eda f\u00edsico. Sus boletos de loter\u00eda se almacenan de forma segura en su cuenta online.<\/li>\n<\/ul>\n<h2>\u00bfCu\u00e1ndo se celebran los sorteos de todas estas loter\u00edas?<\/h2>\n<p>Compruebe la imagen de abajo. Le muestra un resumen de los d\u00edas de la semana para los sorteos de las loter\u00edas m\u00e1s importantes.<br \/>\n<img loading=\"lazy\" decoding=\"async\" class=\"wp-image-17843 aligncenter\" src=\"https:\/\/jackpotlotteryonline.com\/wp-content\/uploads\/2022\/10\/Lotto-draw-calendar-UTC-300x50.jpg\" alt=\"horarios de los sorteos de loter\u00eda\" width=\"684\" height=\"114\" srcset=\"https:\/\/jackpotlotteryonline.com\/wp-content\/uploads\/2022\/10\/Lotto-draw-calendar-UTC-300x50.jpg 300w, https:\/\/jackpotlotteryonline.com\/wp-content\/uploads\/2022\/10\/Lotto-draw-calendar-UTC-600x101.jpg 600w, https:\/\/jackpotlotteryonline.com\/wp-content\/uploads\/2022\/10\/Lotto-draw-calendar-UTC-1024x172.jpg 1024w, https:\/\/jackpotlotteryonline.com\/wp-content\/uploads\/2022\/10\/Lotto-draw-calendar-UTC-768x129.jpg 768w, https:\/\/jackpotlotteryonline.com\/wp-content\/uploads\/2022\/10\/Lotto-draw-calendar-UTC.jpg 1287w\" sizes=\"auto, (max-width: 684px) 100vw, 684px\" \/><\/p>\n<h2>\u00bfQu\u00e9 ocurre si gana un premio de loter\u00eda?<\/h2>\n<p>Si gana, le enviaremos una notificaci\u00f3n por correo electr\u00f3nico sobre su premio. Nunca puede perder un premio, ni perder su billete. Procesaremos su solicitud de pago a la empresa de loter\u00eda, que le emitir\u00e1 un cheque o le transferir\u00e1 el premio a su cuenta bancaria. Si gana un gran bote, en algunos casos se le pedir\u00e1 que se presente en la sede de la loter\u00eda en persona. No es un problema, \u00bfverdad?<\/p>\n<p>Los premios m\u00e1s peque\u00f1os, de hasta 2500 euros, se a\u00f1adir\u00e1n a su cuenta de jugador inmediatamente, y podr\u00e1 cobrarlos o utilizar los fondos para comprar m\u00e1s billetes de loter\u00eda.<\/p>\n<p><strong>As\u00ed es como funciona. \u00bfEst\u00e1 preparado para ganar a lo grande? \u00a1Consiga sus boletos hoy mismo!<\/strong><\/p>\n","protected":false},"excerpt":{"rendered":"<p>Juegue a la loter\u00eda en l\u00ednea y mejore sus posibilidades Te mostramos las formas de jugar f\u00e1cilmente a la loter\u00eda online &#8211; para TODOS esos enormes Jackpots, para las loter\u00edas no s\u00f3lo de tu pa\u00eds, sino de todo el mundo. \u00bfSu loter\u00eda nacional no tiene loter\u00edas atractivas? Ya no es un problema, simplemente vaya por [&hellip;]<\/p>\n","protected":false},"author":1,"featured_media":0,"parent":0,"menu_order":1,"comment_status":"closed","ping_status":"closed","template":"lotto.php","meta":{"_et_pb_use_builder":"","_et_pb_old_content":"","_et_gb_content_width":"","exclude_from_search":false,"footnotes":""},"class_list":["post-31985","page","type-page","status-publish","hentry"],"yoast_head":"<!-- This site is optimized with the Yoast SEO plugin v23.3 - https:\/\/yoast.com\/wordpress\/plugins\/seo\/ -->\n<title>Jugar a la loter\u00eda en l\u00ednea - \u00a1Consigue los botes de la loter\u00eda internacional!<\/title>\n<meta name=\"description\" content=\"Consigue tu boleto para los botes de loter\u00eda de todo el mundo - juega a todos ellos online y gana Millones\" \/>\n<meta name=\"robots\" content=\"index, follow, max-snippet:-1, max-image-preview:large, max-video-preview:-1\" \/>\n<link rel=\"canonical\" href=\"https:\/\/jackpotlotteryonline.com\/es\/\" \/>\n<meta property=\"og:locale\" content=\"es_ES\" \/>\n<meta property=\"og:type\" content=\"article\" \/>\n<meta property=\"og:title\" content=\"Jugar a la loter\u00eda en l\u00ednea - \u00a1Consigue los botes de la loter\u00eda internacional!\" \/>\n<meta property=\"og:description\" content=\"Consigue tu boleto para los botes de loter\u00eda de todo el mundo - juega a todos ellos online y gana Millones\" \/>\n<meta property=\"og:url\" content=\"https:\/\/jackpotlotteryonline.com\/es\/\" \/>\n<meta property=\"og:site_name\" content=\"Lotto Online - Crack The International Lottery Jackpots\" \/>\n<meta property=\"article:modified_time\" content=\"2023-01-06T11:59:40+00:00\" \/>\n<meta property=\"og:image\" content=\"https:\/\/jackpotlotteryonline.com\/wp-content\/uploads\/2022\/10\/ticket_balls.jpg\" \/>\n<meta name=\"twitter:card\" content=\"summary_large_image\" \/>\n<meta name=\"twitter:label1\" content=\"Tiempo de lectura\" \/>\n\t<meta name=\"twitter:data1\" content=\"5 minutos\" \/>\n<!-- \/ Yoast SEO plugin. -->","yoast_head_json":{"title":"Jugar a la loter\u00eda en l\u00ednea - \u00a1Consigue los botes de la loter\u00eda internacional!","description":"Consigue tu boleto para los botes de loter\u00eda de todo el mundo - juega a todos ellos online y gana Millones","robots":{"index":"index","follow":"follow","max-snippet":"max-snippet:-1","max-image-preview":"max-image-preview:large","max-video-preview":"max-video-preview:-1"},"canonical":"https:\/\/jackpotlotteryonline.com\/es\/","og_locale":"es_ES","og_type":"article","og_title":"Jugar a la loter\u00eda en l\u00ednea - \u00a1Consigue los botes de la loter\u00eda internacional!","og_description":"Consigue tu boleto para los botes de loter\u00eda de todo el mundo - juega a todos ellos online y gana Millones","og_url":"https:\/\/jackpotlotteryonline.com\/es\/","og_site_name":"Lotto Online - Crack The International Lottery Jackpots","article_modified_time":"2023-01-06T11:59:40+00:00","og_image":[{"url":"https:\/\/jackpotlotteryonline.com\/wp-content\/uploads\/2022\/10\/ticket_balls.jpg"}],"twitter_card":"summary_large_image","twitter_misc":{"Tiempo de lectura":"5 minutos"},"schema":{"@context":"https:\/\/schema.org","@graph":[{"@type":"WebPage","@id":"https:\/\/jackpotlotteryonline.com\/es\/","url":"https:\/\/jackpotlotteryonline.com\/es\/","name":"Jugar a la loter\u00eda en l\u00ednea - \u00a1Consigue los botes de la loter\u00eda internacional!","isPartOf":{"@id":"https:\/\/jackpotlotteryonline.com\/#website"},"primaryImageOfPage":{"@id":"https:\/\/jackpotlotteryonline.com\/es\/#primaryimage"},"image":{"@id":"https:\/\/jackpotlotteryonline.com\/es\/#primaryimage"},"thumbnailUrl":"https:\/\/jackpotlotteryonline.com\/wp-content\/uploads\/2022\/10\/ticket_balls.jpg","datePublished":"2022-11-01T09:43:26+00:00","dateModified":"2023-01-06T11:59:40+00:00","description":"Consigue tu boleto para los botes de loter\u00eda de todo el mundo - juega a todos ellos online y gana Millones","breadcrumb":{"@id":"https:\/\/jackpotlotteryonline.com\/es\/#breadcrumb"},"inLanguage":"es","potentialAction":[{"@type":"ReadAction","target":["https:\/\/jackpotlotteryonline.com\/es\/"]}]},{"@type":"ImageObject","inLanguage":"es","@id":"https:\/\/jackpotlotteryonline.com\/es\/#primaryimage","url":"https:\/\/jackpotlotteryonline.com\/wp-content\/uploads\/2022\/10\/ticket_balls.jpg","contentUrl":"https:\/\/jackpotlotteryonline.com\/wp-content\/uploads\/2022\/10\/ticket_balls.jpg"},{"@type":"BreadcrumbList","@id":"https:\/\/jackpotlotteryonline.com\/es\/#breadcrumb","itemListElement":[{"@type":"ListItem","position":1,"name":"Home","item":"https:\/\/jackpotlotteryonline.com\/es\/"},{"@type":"ListItem","position":2,"name":"Home"}]},{"@type":"WebSite","@id":"https:\/\/jackpotlotteryonline.com\/#website","url":"https:\/\/jackpotlotteryonline.com\/","name":"Lotto Online - Crack The International Lottery Jackpots","description":"","potentialAction":[{"@type":"SearchAction","target":{"@type":"EntryPoint","urlTemplate":"https:\/\/jackpotlotteryonline.com\/?s={search_term_string}"},"query-input":"required name=search_term_string"}],"inLanguage":"es"}]}},"_links":{"self":[{"href":"https:\/\/jackpotlotteryonline.com\/es\/wp-json\/wp\/v2\/pages\/31985","targetHints":{"allow":["GET"]}}],"collection":[{"href":"https:\/\/jackpotlotteryonline.com\/es\/wp-json\/wp\/v2\/pages"}],"about":[{"href":"https:\/\/jackpotlotteryonline.com\/es\/wp-json\/wp\/v2\/types\/page"}],"author":[{"embeddable":true,"href":"https:\/\/jackpotlotteryonline.com\/es\/wp-json\/wp\/v2\/users\/1"}],"replies":[{"embeddable":true,"href":"https:\/\/jackpotlotteryonline.com\/es\/wp-json\/wp\/v2\/comments?post=31985"}],"version-history":[{"count":0,"href":"https:\/\/jackpotlotteryonline.com\/es\/wp-json\/wp\/v2\/pages\/31985\/revisions"}],"wp:attachment":[{"href":"https:\/\/jackpotlotteryonline.com\/es\/wp-json\/wp\/v2\/media?parent=31985"}],"curies":[{"name":"wp","href":"https:\/\/api.w.org\/{rel}","templated":true}]}}