{"id":35723,"date":"2022-11-01T11:06:36","date_gmt":"2022-11-01T11:06:36","guid":{"rendered":"https:\/\/jackpotlotteryonline.com\/?page_id=35723"},"modified":"2022-12-19T08:01:08","modified_gmt":"2022-12-19T08:01:08","slug":"como-se-juega","status":"publish","type":"page","link":"https:\/\/jackpotlotteryonline.com\/es\/como-se-juega\/","title":{"rendered":"C\u00f3mo se juega"},"content":{"rendered":"<h2>Eventos y juegos de loter\u00eda en l\u00ednea<\/h2>\n<p>\u00bfQuieres tener la oportunidad de ser millonario? Si es as\u00ed, \u00fanete a los millones de personas de todo el mundo y empieza a jugar a la loter\u00eda online. Independientemente de d\u00f3nde se encuentre, ya sea en los Estados Unidos, el Reino Unido, Australia o Nueva Zelanda, hay muchos tipos diferentes de juegos de loter\u00eda internacionales que se pueden jugar en l\u00ednea para que usted elija, todos los cuales tienen grandes botes para que usted tenga la oportunidad de ganar.<br \/>\n<img loading=\"lazy\" decoding=\"async\" class=\"size-full wp-image-17816 alignright\" src=\"https:\/\/jackpotlotteryonline.com\/wp-content\/uploads\/2022\/10\/lotteryticket.jpg\" alt=\"jugar a la loter\u00eda online\" width=\"212\" height=\"142\" \/><\/p>\n<p>Empezar a jugar a la loter\u00eda online es muy sencillo. Una de las primeras cosas que tiene que hacer es visitar nuestro sitio web y navegar por las diferentes loter\u00edas disponibles. Usted puede hacer esto f\u00e1cilmente eligiendo una o varias de las loter\u00edas listadas, algunas de las cuales incluyen la Loter\u00eda de El Gordo, la Loter\u00eda Nacional del Reino Unido, la Loter\u00eda Thunderball, la Loter\u00eda de Nueva York, y muchas m\u00e1s.<\/p>\n<p>Es dentro de cada tipo de loter\u00eda que usted podr\u00e1 encontrar todo lo que necesita saber. Luego puede utilizar nuestro servicio para <a href=\"https:\/\/jackpotlotteryonline.com\/es\/comprar-boletos\">comprar un billete en l\u00ednea.<\/a><\/p>\n<p>En la descripci\u00f3n de cada loter\u00eda, encontrar\u00e1 detalles como cu\u00e1l es el premio mayor en la actualidad, a partir de qu\u00e9 cantidad se gana, as\u00ed como cu\u00e1ntos n\u00fameros hay que acertar para ganar el premio mayor, y cu\u00e1les son los otros niveles de premios. Tambi\u00e9n podr\u00e1 encontrar informaci\u00f3n como la edad necesaria para poder jugar a los juegos de loter\u00eda en l\u00ednea para cada tipo, as\u00ed como los d\u00edas y horas en que se celebran los sorteos.<\/p>\n<section class=\"layout\" style=\"border: solid 1px; width: 100%;\">\n<div class=\"img-div\" style=\"margin-top: 5px;\"><img decoding=\"async\" class=\"wp-image-17212 alignleft\" style=\"height: 45px; margin: 8px 8px 0px;\" src=\"https:\/\/jackpotlotteryonline.com\/wp-content\/uploads\/2022\/11\/read1.jpg\" alt=\"c\u00f3mo jugar\" width=\"\" height=\"\" \/><\/div>\n<div style=\"padding-left: 5px;\">\n<div style=\"font-size: 1.1em;\">\n<p><strong>Algunos trucos y consejos para elegir tus n\u00fameros<\/strong><\/p>\n<p style=\"font-size: 0.85em; margin-top: -1.5em;\">Aumente sus posibilidades de ganar: utilice alguna estrategia para elegir sus n\u00fameros<a href=\"https:\/\/jackpotlotteryonline.com\/es\/unos-trucos-y-consejos-para-elegir-los-numeros\">Seguir leyendo<\/a><\/p>\n<\/div>\n<\/div>\n<\/section>\n<h2>Loter\u00eda internacional<\/h2>\n<p>Para maximizar sus posibilidades de ganar el mayor bote posible, encontrar\u00e1 cu\u00e1les son los botes actuales. Esto significa que podr\u00e1 elegir estrat\u00e9gicamente a qu\u00e9 juegos de loter\u00eda jugar en l\u00ednea, y elegir jugar a aquellos con los botes m\u00e1s altos disponibles.<\/p>\n<p>Tambi\u00e9n podr\u00e1 jugar a varios juegos de loter\u00eda en l\u00ednea. Esto significa que no s\u00f3lo tiene que colocar un boleto en un solo tipo de loter\u00eda, sino que puede jugar a diferentes tipos si lo desea al mismo tiempo. Por ejemplo, puede jugar a una loter\u00eda de Estados Unidos y otra del Reino Unido al mismo tiempo si lo desea, lo que aumentar\u00e1 en gran medida sus posibilidades de ganar un premio en met\u00e1lico.<br \/>\n<img loading=\"lazy\" decoding=\"async\" class=\"alignright size-full wp-image-18329\" src=\"https:\/\/jackpotlotteryonline.com\/wp-content\/uploads\/2022\/10\/ticket_numbers_pick.jpg\" alt=\"billete de loter\u00eda en l\u00ednea\" width=\"212\" height=\"142\" \/><\/p>\n<p>Adem\u00e1s de poder jugar a juegos de loter\u00eda internacionales en l\u00ednea sin importar d\u00f3nde se encuentre, tambi\u00e9n podr\u00e1 comprobar los resultados de los juegos de loter\u00eda. Todos los <a href=\"https:\/\/jackpotlotteryonline.com\/es\/numeros-ganadores\">resultados de cada juego de loter\u00eda<\/a>, independientemente de cu\u00e1l sea, tendr\u00e1n los resultados actualizados en l\u00ednea en tiempo real. Esto significa que tan pronto como el sorteo de la loter\u00eda para el juego que ha elegido para jugar se ha llevado a cabo, los resultados estar\u00e1n disponibles para que usted pueda ver muy r\u00e1pidamente despu\u00e9s.<\/p>\n<p>Adem\u00e1s, encontrar\u00e1 detalles de c\u00f3mo jugar exactamente a cada juego de loter\u00eda en l\u00ednea. Por ejemplo, nunca puede elegir pocos o demasiados n\u00fameros &#8211; nuestro sistema de boletos le mostrar\u00e1 un mensaje cada vez que cometa un error de este tipo, y le mostrar\u00e1 c\u00f3mo corregirlo.<\/p>\n<p>Por lo tanto, incluso si nunca has jugado a la loter\u00eda de un determinado pa\u00eds en el pasado, tendr\u00e1s todos los detalles disponibles para jugar como si fueras un profesional.<\/p>\n","protected":false},"excerpt":{"rendered":"<p>Eventos y juegos de loter\u00eda en l\u00ednea \u00bfQuieres tener la oportunidad de ser millonario? Si es as\u00ed, \u00fanete a los millones de personas de todo el mundo y empieza a jugar a la loter\u00eda online. Independientemente de d\u00f3nde se encuentre, ya sea en los Estados Unidos, el Reino Unido, Australia o Nueva Zelanda, hay muchos [&hellip;]<\/p>\n","protected":false},"author":1,"featured_media":0,"parent":0,"menu_order":2,"comment_status":"closed","ping_status":"closed","template":"Play-all.php","meta":{"_et_pb_use_builder":"","_et_pb_old_content":"","_et_gb_content_width":"","exclude_from_search":false,"footnotes":""},"class_list":["post-35723","page","type-page","status-publish","hentry"],"yoast_head":"<!-- This site is optimized with the Yoast SEO plugin v23.3 - https:\/\/yoast.com\/wordpress\/plugins\/seo\/ -->\n<title>Puedo participar en eventos de loter\u00eda internacional en l\u00ednea?<\/title>\n<meta name=\"description\" content=\"No es necesario ser residente para participar en los botes de loter\u00eda de cualquier pa\u00eds\" \/>\n<meta name=\"robots\" content=\"index, follow, max-snippet:-1, max-image-preview:large, max-video-preview:-1\" \/>\n<link rel=\"canonical\" href=\"https:\/\/jackpotlotteryonline.com\/es\/como-se-juega\/\" \/>\n<meta property=\"og:locale\" content=\"es_ES\" \/>\n<meta property=\"og:type\" content=\"article\" \/>\n<meta property=\"og:title\" content=\"Puedo participar en eventos de loter\u00eda internacional en l\u00ednea?\" \/>\n<meta property=\"og:description\" content=\"No es necesario ser residente para participar en los botes de loter\u00eda de cualquier pa\u00eds\" \/>\n<meta property=\"og:url\" content=\"https:\/\/jackpotlotteryonline.com\/es\/como-se-juega\/\" \/>\n<meta property=\"og:site_name\" content=\"Lotto Online - Crack The International Lottery Jackpots\" \/>\n<meta property=\"article:modified_time\" content=\"2022-12-19T08:01:08+00:00\" \/>\n<meta property=\"og:image\" content=\"https:\/\/jackpotlotteryonline.com\/wp-content\/uploads\/2022\/10\/lotteryticket.jpg\" \/>\n<meta name=\"twitter:card\" content=\"summary_large_image\" \/>\n<meta name=\"twitter:label1\" content=\"Tiempo de lectura\" \/>\n\t<meta name=\"twitter:data1\" content=\"4 minutos\" \/>\n<!-- \/ Yoast SEO plugin. -->","yoast_head_json":{"title":"Puedo participar en eventos de loter\u00eda internacional en l\u00ednea?","description":"No es necesario ser residente para participar en los botes de loter\u00eda de cualquier pa\u00eds","robots":{"index":"index","follow":"follow","max-snippet":"max-snippet:-1","max-image-preview":"max-image-preview:large","max-video-preview":"max-video-preview:-1"},"canonical":"https:\/\/jackpotlotteryonline.com\/es\/como-se-juega\/","og_locale":"es_ES","og_type":"article","og_title":"Puedo participar en eventos de loter\u00eda internacional en l\u00ednea?","og_description":"No es necesario ser residente para participar en los botes de loter\u00eda de cualquier pa\u00eds","og_url":"https:\/\/jackpotlotteryonline.com\/es\/como-se-juega\/","og_site_name":"Lotto Online - Crack The International Lottery Jackpots","article_modified_time":"2022-12-19T08:01:08+00:00","og_image":[{"url":"https:\/\/jackpotlotteryonline.com\/wp-content\/uploads\/2022\/10\/lotteryticket.jpg"}],"twitter_card":"summary_large_image","twitter_misc":{"Tiempo de lectura":"4 minutos"},"schema":{"@context":"https:\/\/schema.org","@graph":[{"@type":"WebPage","@id":"https:\/\/jackpotlotteryonline.com\/es\/como-se-juega\/","url":"https:\/\/jackpotlotteryonline.com\/es\/como-se-juega\/","name":"Puedo participar en eventos de loter\u00eda internacional en l\u00ednea?","isPartOf":{"@id":"https:\/\/jackpotlotteryonline.com\/#website"},"primaryImageOfPage":{"@id":"https:\/\/jackpotlotteryonline.com\/es\/como-se-juega\/#primaryimage"},"image":{"@id":"https:\/\/jackpotlotteryonline.com\/es\/como-se-juega\/#primaryimage"},"thumbnailUrl":"https:\/\/jackpotlotteryonline.com\/wp-content\/uploads\/2022\/10\/lotteryticket.jpg","datePublished":"2022-11-01T11:06:36+00:00","dateModified":"2022-12-19T08:01:08+00:00","description":"No es necesario ser residente para participar en los botes de loter\u00eda de cualquier pa\u00eds","breadcrumb":{"@id":"https:\/\/jackpotlotteryonline.com\/es\/como-se-juega\/#breadcrumb"},"inLanguage":"es","potentialAction":[{"@type":"ReadAction","target":["https:\/\/jackpotlotteryonline.com\/es\/como-se-juega\/"]}]},{"@type":"ImageObject","inLanguage":"es","@id":"https:\/\/jackpotlotteryonline.com\/es\/como-se-juega\/#primaryimage","url":"https:\/\/jackpotlotteryonline.com\/wp-content\/uploads\/2022\/10\/lotteryticket.jpg","contentUrl":"https:\/\/jackpotlotteryonline.com\/wp-content\/uploads\/2022\/10\/lotteryticket.jpg"},{"@type":"BreadcrumbList","@id":"https:\/\/jackpotlotteryonline.com\/es\/como-se-juega\/#breadcrumb","itemListElement":[{"@type":"ListItem","position":1,"name":"Home","item":"https:\/\/jackpotlotteryonline.com\/es\/"},{"@type":"ListItem","position":2,"name":"C\u00f3mo se juega"}]},{"@type":"WebSite","@id":"https:\/\/jackpotlotteryonline.com\/#website","url":"https:\/\/jackpotlotteryonline.com\/","name":"Lotto Online - Crack The International Lottery Jackpots","description":"","potentialAction":[{"@type":"SearchAction","target":{"@type":"EntryPoint","urlTemplate":"https:\/\/jackpotlotteryonline.com\/?s={search_term_string}"},"query-input":"required name=search_term_string"}],"inLanguage":"es"}]}},"_links":{"self":[{"href":"https:\/\/jackpotlotteryonline.com\/es\/wp-json\/wp\/v2\/pages\/35723","targetHints":{"allow":["GET"]}}],"collection":[{"href":"https:\/\/jackpotlotteryonline.com\/es\/wp-json\/wp\/v2\/pages"}],"about":[{"href":"https:\/\/jackpotlotteryonline.com\/es\/wp-json\/wp\/v2\/types\/page"}],"author":[{"embeddable":true,"href":"https:\/\/jackpotlotteryonline.com\/es\/wp-json\/wp\/v2\/users\/1"}],"replies":[{"embeddable":true,"href":"https:\/\/jackpotlotteryonline.com\/es\/wp-json\/wp\/v2\/comments?post=35723"}],"version-history":[{"count":0,"href":"https:\/\/jackpotlotteryonline.com\/es\/wp-json\/wp\/v2\/pages\/35723\/revisions"}],"wp:attachment":[{"href":"https:\/\/jackpotlotteryonline.com\/es\/wp-json\/wp\/v2\/media?parent=35723"}],"curies":[{"name":"wp","href":"https:\/\/api.w.org\/{rel}","templated":true}]}}