{"id":35782,"date":"2022-11-01T13:45:30","date_gmt":"2022-11-01T13:45:30","guid":{"rendered":"https:\/\/jackpotlotteryonline.com\/?page_id=35782"},"modified":"2022-12-19T11:31:31","modified_gmt":"2022-12-19T11:31:31","slug":"comprar-boletos","status":"publish","type":"page","link":"https:\/\/jackpotlotteryonline.com\/es\/comprar-boletos\/","title":{"rendered":"C\u00f3mo comprar boletos de loter\u00eda en l\u00ednea"},"content":{"rendered":"<p>Comprar boletos de loter\u00eda en l\u00ednea se ha vuelto extremadamente popular ahora. Los fan\u00e1ticos de la loter\u00eda de todo el mundo est\u00e1n utilizando nuestro servicio de boletos de loter\u00eda en l\u00ednea. Y hay muchas buenas razones para ello.<\/p>\n<p>Para algunos jugadores de loter\u00eda, es la \u00fanica manera de comprar billetes de loter\u00eda, porque no hay loter\u00eda disponible en su pa\u00eds de residencia. As\u00ed que buscan la manera de tener una oportunidad de ganar grandes cantidades de dinero, y para ello, buscan en las loter\u00edas de otros pa\u00edses. Y en nuestro sitio web, hay muchos botes de loter\u00eda para elegir.<\/p>\n<p>Otros aficionados a la loter\u00eda tienen loter\u00edas en sus propios pa\u00edses, pero esas loter\u00edas pueden no ser tan atractivas para ellos. A menudo esas loter\u00edas locales tienen premios m\u00e1ximos y botes m\u00e1s peque\u00f1os, o s\u00f3lo se juegan una vez a la semana. As\u00ed que los jugadores buscar\u00e1n otras <a href=\"https:\/\/jackpotlotteryonline.com\/es\/como-se-juega\">opciones m\u00e1s lucrativas.<\/a><\/p>\n<h2>Pagos m\u00e1s altos ofrecidos por las loter\u00edas de otros pa\u00edses<\/h2>\n<p><img loading=\"lazy\" decoding=\"async\" class=\"alignright wp-image-17212\" src=\"https:\/\/jackpotlotteryonline.com\/wp-content\/uploads\/2022\/10\/1_buy_ticket_online.jpg\" alt=\"comprar loter\u00eda online\" width=\"272\" height=\"204\" \/><\/p>\n<p>Es un principio bien conocido que tiene m\u00e1s sentido invertir dinero en un billete de loter\u00eda cuando los botes son muy altos. Al fin y al cabo, cuando usted compra su billete, quiere el m\u00e1ximo valor por su dinero. Eso significa que si el precio del billete es el mismo, un premio potencialmente m\u00e1s alto le ofrece una mejor relaci\u00f3n calidad-precio.<\/p>\n<p>Pero incluso si el billete en l\u00ednea de la loter\u00eda a la que quiere jugar fuera dos veces m\u00e1s caro que un billete de su loter\u00eda local, la mayor\u00eda de las veces, seguir\u00eda teniendo sentido comprar el billete en l\u00ednea m\u00e1s caro. Si el posible bote es m\u00e1s del doble del tama\u00f1o de su bote local, entonces sus posibilidades matem\u00e1ticas de ganar son mayores con la loter\u00eda para la que tiene que comprar un boleto en l\u00ednea.<\/p>\n<h2>Siempre hay un gran bote en alg\u00fan lugar del mundo<\/h2>\n<p>Y esa es la principal raz\u00f3n para comprar billetes de loter\u00eda online. Con tantas loter\u00edas accesibles para usted a trav\u00e9s de un servicio de boletos en l\u00ednea, siempre encontrar\u00e1 un gran bote en el que vale la pena invertir. De hecho, una gran parte de nuestros clientes sigue una estrategia sencilla: Cualquier loter\u00eda que tenga actualmente el mayor bote, es la loter\u00eda para la que compran su boleto. Tiene mucho sentido, \u00bfverdad?<\/p>\n<section class=\"layout\" style=\"border: solid 1px; width: 100%;\">\n<div class=\"img-div\" style=\"margin-top: 5px;\"><img decoding=\"async\" class=\"wp-image-17212 alignleft\" style=\"height: 45px; margin: 8px 8px 0px;\" src=\"https:\/\/jackpotlotteryonline.com\/wp-content\/uploads\/2022\/11\/read1.jpg\" alt=\"cuidado con las loter\u00edas fraudulentas\" width=\"\" height=\"\" \/><\/div>\n<div style=\"padding-left: 5px;\">\n<div style=\"font-size: 1.1em;\">\n<p><strong>Estafas de loter\u00eda que debe conocer<\/strong><\/p>\n<p style=\"font-size: 0.85em; margin-top: -1.5em;\">No caiga en las trampas de la loter\u00eda \u00a0<a href=\"https:\/\/jackpotlotteryonline.com\/es\/cuidado-con-las-estafas-de-loteria-en-linea\">Seguir leyendo<\/a><\/p>\n<\/div>\n<\/div>\n<\/section>\n<h2>\u00bfEs legal comprar un boleto en l\u00ednea para una de esas loter\u00edas?<\/h2>\n<p>S\u00ed, lo es. Imagina que est\u00e1s en Estados Unidos y que la loter\u00eda Powerball local tiene un bote enorme. Vas a comprar un boleto y ese boleto gana. Por supuesto, la loter\u00eda tiene que pagarte, aunque ya no est\u00e9s en el pa\u00eds en <a href=\"https:\/\/jackpotlotteryonline.com\/es\/numeros-ganadores\">el momento del sorteo<\/a>. Usted ha comprado legalmente un billete. No importa si usted vive o no en los Estados Unidos. Y funciona de la misma manera con todas las dem\u00e1s loter\u00edas del mundo.<\/p>\n<p>La diferencia en nuestro servicio online es que nosotros compramos el billete en su nombre. Usted lo pide en l\u00ednea, y uno de nuestros agentes locales compra un billete f\u00edsico para usted. Tambi\u00e9n escanear\u00e1n su billete, y se cargar\u00e1 en su cuenta de jugador para que pueda ver que hemos comprado un billete real para usted.<br \/>\n<img loading=\"lazy\" decoding=\"async\" class=\"alignright size-medium wp-image-25854\" src=\"https:\/\/jackpotlotteryonline.com\/wp-content\/uploads\/2022\/10\/1_results_tickets_lotto-300x212.jpg\" alt=\"billete de loter\u00eda\" width=\"300\" height=\"212\" srcset=\"https:\/\/jackpotlotteryonline.com\/wp-content\/uploads\/2022\/10\/1_results_tickets_lotto-300x212.jpg 300w, https:\/\/jackpotlotteryonline.com\/wp-content\/uploads\/2022\/10\/1_results_tickets_lotto.jpg 320w\" sizes=\"auto, (max-width: 300px) 100vw, 300px\" \/><\/p>\n<p>Si gana en grande, depende de usted si quiere ir al pa\u00eds donde se celebra la loter\u00eda. Si lo desea, puede recoger su billete con nosotros, y presentar el billete ganador a la comisi\u00f3n de la loter\u00eda en persona. \u00bfC\u00f3mo van a saber qui\u00e9n lo ha comprado?<\/p>\n<p>Pero en realidad, no tiene que hacerlo as\u00ed. Porque parte de nuestro servicio de boletos de loter\u00eda online es que tambi\u00e9n podemos gestionar el pago por usted. Nosotros procesamos sus ganancias, y la comisi\u00f3n de loter\u00eda le env\u00eda un cheque, o le transfiere las ganancias a su cuenta bancaria.<\/p>\n<p>\u00bfY sab\u00eda que todos los premios menores (menos de 2.500,00 euros) se acreditar\u00e1n inmediatamente en su cuenta de jugador en nuestro sitio web? No tiene que hacer nada para obtener esas ganancias menores. Y puede solicitar un retiro en cualquier momento, y nosotros cobraremos esos fondos en su cuenta bancaria, tarjeta de cr\u00e9dito o en su cartera de criptomonedas (si tiene una).<\/p>\n<h2>Otras ventajas de comprar sus boletos de loter\u00eda en l\u00ednea<\/h2>\n<p>Nuestro servicio de boletos tiene otras ventajas bastante obvias, que son<\/p>\n<ul>\n<li>No es necesario salir de casa para obtener su billete<\/li>\n<li>No hay colas en el agente de loter\u00eda o en la tienda (\u00a1importante especialmente cuando los botes son grandes!)<\/li>\n<li>Su billete no puede perderse, ya que ha sido escaneado y est\u00e1 guardado en nuestras cajas fuertes.<\/li>\n<\/ul>\n<p>Entonces, \u00bfa qu\u00e9 espera? Seleccione una loter\u00eda y compre sus boletos online hoy mismo &#8211; con un poco de suerte, \u00a1podr\u00eda ser el ganador del bote de ma\u00f1ana!<\/p>\n","protected":false},"excerpt":{"rendered":"<p>Comprar boletos de loter\u00eda en l\u00ednea se ha vuelto extremadamente popular ahora. Los fan\u00e1ticos de la loter\u00eda de todo el mundo est\u00e1n utilizando nuestro servicio de boletos de loter\u00eda en l\u00ednea. Y hay muchas buenas razones para ello. Para algunos jugadores de loter\u00eda, es la \u00fanica manera de comprar billetes de loter\u00eda, porque no hay [&hellip;]<\/p>\n","protected":false},"author":1,"featured_media":0,"parent":0,"menu_order":3,"comment_status":"closed","ping_status":"closed","template":"Information.php","meta":{"_et_pb_use_builder":"","_et_pb_old_content":"","_et_gb_content_width":"","exclude_from_search":false,"footnotes":""},"class_list":["post-35782","page","type-page","status-publish","hentry"],"yoast_head":"<!-- This site is optimized with the Yoast SEO plugin v23.3 - https:\/\/yoast.com\/wordpress\/plugins\/seo\/ -->\n<title>C\u00f3mo comprar boletos en l\u00ednea para las loter\u00edas de todo el mundo<\/title>\n<meta name=\"description\" content=\"En qu\u00e9 hay que fijarse a la hora de comprar tus billetes de loter\u00edas internacionales online. Algunos servicios de billetes online son menos recomendables, descubre cu\u00e1les\" \/>\n<meta name=\"robots\" content=\"index, follow, max-snippet:-1, max-image-preview:large, max-video-preview:-1\" \/>\n<link rel=\"canonical\" href=\"https:\/\/jackpotlotteryonline.com\/buy-tickets\/\" \/>\n<meta property=\"og:locale\" content=\"es_ES\" \/>\n<meta property=\"og:type\" content=\"article\" \/>\n<meta property=\"og:title\" content=\"C\u00f3mo comprar boletos en l\u00ednea para las loter\u00edas de todo el mundo\" \/>\n<meta property=\"og:description\" content=\"En qu\u00e9 hay que fijarse a la hora de comprar tus billetes de loter\u00edas internacionales online. Algunos servicios de billetes online son menos recomendables, descubre cu\u00e1les\" \/>\n<meta property=\"og:url\" content=\"https:\/\/jackpotlotteryonline.com\/buy-tickets\/\" \/>\n<meta property=\"og:site_name\" content=\"Lotto Online - Crack The International Lottery Jackpots\" \/>\n<meta property=\"article:modified_time\" content=\"2022-12-19T11:31:31+00:00\" \/>\n<meta property=\"og:image\" content=\"https:\/\/jackpotlotteryonline.com\/wp-content\/uploads\/2022\/10\/1_buy_ticket_online.jpg\" \/>\n<meta name=\"twitter:card\" content=\"summary_large_image\" \/>\n<meta name=\"twitter:label1\" content=\"Tiempo de lectura\" \/>\n\t<meta name=\"twitter:data1\" content=\"4 minutos\" \/>\n<!-- \/ Yoast SEO plugin. -->","yoast_head_json":{"title":"C\u00f3mo comprar boletos en l\u00ednea para las loter\u00edas de todo el mundo","description":"En qu\u00e9 hay que fijarse a la hora de comprar tus billetes de loter\u00edas internacionales online. Algunos servicios de billetes online son menos recomendables, descubre cu\u00e1les","robots":{"index":"index","follow":"follow","max-snippet":"max-snippet:-1","max-image-preview":"max-image-preview:large","max-video-preview":"max-video-preview:-1"},"canonical":"https:\/\/jackpotlotteryonline.com\/buy-tickets\/","og_locale":"es_ES","og_type":"article","og_title":"C\u00f3mo comprar boletos en l\u00ednea para las loter\u00edas de todo el mundo","og_description":"En qu\u00e9 hay que fijarse a la hora de comprar tus billetes de loter\u00edas internacionales online. Algunos servicios de billetes online son menos recomendables, descubre cu\u00e1les","og_url":"https:\/\/jackpotlotteryonline.com\/buy-tickets\/","og_site_name":"Lotto Online - Crack The International Lottery Jackpots","article_modified_time":"2022-12-19T11:31:31+00:00","og_image":[{"url":"https:\/\/jackpotlotteryonline.com\/wp-content\/uploads\/2022\/10\/1_buy_ticket_online.jpg"}],"twitter_card":"summary_large_image","twitter_misc":{"Tiempo de lectura":"4 minutos"},"schema":{"@context":"https:\/\/schema.org","@graph":[{"@type":"WebPage","@id":"https:\/\/jackpotlotteryonline.com\/buy-tickets\/","url":"https:\/\/jackpotlotteryonline.com\/buy-tickets\/","name":"C\u00f3mo comprar boletos en l\u00ednea para las loter\u00edas de todo el mundo","isPartOf":{"@id":"https:\/\/jackpotlotteryonline.com\/#website"},"primaryImageOfPage":{"@id":"https:\/\/jackpotlotteryonline.com\/buy-tickets\/#primaryimage"},"image":{"@id":"https:\/\/jackpotlotteryonline.com\/buy-tickets\/#primaryimage"},"thumbnailUrl":"https:\/\/jackpotlotteryonline.com\/wp-content\/uploads\/2022\/10\/1_buy_ticket_online.jpg","datePublished":"2022-11-01T13:45:30+00:00","dateModified":"2022-12-19T11:31:31+00:00","description":"En qu\u00e9 hay que fijarse a la hora de comprar tus billetes de loter\u00edas internacionales online. Algunos servicios de billetes online son menos recomendables, descubre cu\u00e1les","breadcrumb":{"@id":"https:\/\/jackpotlotteryonline.com\/buy-tickets\/#breadcrumb"},"inLanguage":"es","potentialAction":[{"@type":"ReadAction","target":["https:\/\/jackpotlotteryonline.com\/buy-tickets\/"]}]},{"@type":"ImageObject","inLanguage":"es","@id":"https:\/\/jackpotlotteryonline.com\/buy-tickets\/#primaryimage","url":"https:\/\/jackpotlotteryonline.com\/wp-content\/uploads\/2022\/10\/1_buy_ticket_online.jpg","contentUrl":"https:\/\/jackpotlotteryonline.com\/wp-content\/uploads\/2022\/10\/1_buy_ticket_online.jpg"},{"@type":"BreadcrumbList","@id":"https:\/\/jackpotlotteryonline.com\/buy-tickets\/#breadcrumb","itemListElement":[{"@type":"ListItem","position":1,"name":"Home","item":"https:\/\/jackpotlotteryonline.com\/es\/"},{"@type":"ListItem","position":2,"name":"C\u00f3mo comprar boletos de loter\u00eda en l\u00ednea"}]},{"@type":"WebSite","@id":"https:\/\/jackpotlotteryonline.com\/#website","url":"https:\/\/jackpotlotteryonline.com\/","name":"Lotto Online - Crack The International Lottery Jackpots","description":"","potentialAction":[{"@type":"SearchAction","target":{"@type":"EntryPoint","urlTemplate":"https:\/\/jackpotlotteryonline.com\/?s={search_term_string}"},"query-input":"required name=search_term_string"}],"inLanguage":"es"}]}},"_links":{"self":[{"href":"https:\/\/jackpotlotteryonline.com\/es\/wp-json\/wp\/v2\/pages\/35782","targetHints":{"allow":["GET"]}}],"collection":[{"href":"https:\/\/jackpotlotteryonline.com\/es\/wp-json\/wp\/v2\/pages"}],"about":[{"href":"https:\/\/jackpotlotteryonline.com\/es\/wp-json\/wp\/v2\/types\/page"}],"author":[{"embeddable":true,"href":"https:\/\/jackpotlotteryonline.com\/es\/wp-json\/wp\/v2\/users\/1"}],"replies":[{"embeddable":true,"href":"https:\/\/jackpotlotteryonline.com\/es\/wp-json\/wp\/v2\/comments?post=35782"}],"version-history":[{"count":0,"href":"https:\/\/jackpotlotteryonline.com\/es\/wp-json\/wp\/v2\/pages\/35782\/revisions"}],"wp:attachment":[{"href":"https:\/\/jackpotlotteryonline.com\/es\/wp-json\/wp\/v2\/media?parent=35782"}],"curies":[{"name":"wp","href":"https:\/\/api.w.org\/{rel}","templated":true}]}}