{"id":35856,"date":"2022-11-02T07:42:03","date_gmt":"2022-11-02T07:42:03","guid":{"rendered":"https:\/\/jackpotlotteryonline.com\/?page_id=35856"},"modified":"2022-12-26T08:38:18","modified_gmt":"2022-12-26T08:38:18","slug":"numeros-ganadores","status":"publish","type":"page","link":"https:\/\/jackpotlotteryonline.com\/es\/numeros-ganadores\/","title":{"rendered":"Resultados de la loter\u00eda"},"content":{"rendered":"<h2>Resultados de la loter\u00eda online<\/h2>\n<p>Con una gama tan amplia de loter\u00edas disponibles para jugar, y la facilidad de acceso que todos tenemos a Internet hoy en d\u00eda muchas personas prefieren comprobar r\u00e1pidamente sus resultados de la loter\u00eda en l\u00ednea. Si ha comprado un billete de loter\u00eda, entonces estar\u00e1 ansioso por saber cu\u00e1les son los n\u00fameros ganadores de ese sorteo espec\u00edfico. <strong>Ahora puede comprobar f\u00e1cilmente los resultados de los botes de loter\u00eda internacionales en l\u00ednea en cuesti\u00f3n de segundos.<\/strong><\/p>\n<p>Este servicio est\u00e1 disponible en todo el mundo, por lo tanto, no importa d\u00f3nde se encuentre, ya sea de vacaciones, en un viaje de negocios en el extranjero, o simplemente en el trabajo o con los amigos, ya no necesita buscar en el peri\u00f3dico local o esperar unos d\u00edas para saber si es un ganador del premio mayor. Ahora puede simplemente visitar nuestro sitio web y seleccionar los resultados de la loter\u00eda a la que ha apostado y averiguar r\u00e1pidamente si ha acertado alg\u00fan n\u00famero.<\/p>\n<section class=\"layout\" style=\"border: solid 1px; width: 100%;\">\n<div class=\"img-div\" style=\"margin-top: 5px;\"><img decoding=\"async\" class=\"wp-image-17212 alignleft\" style=\"height: 45px; margin: 8px 8px 0px;\" src=\"https:\/\/jackpotlotteryonline.com\/wp-content\/uploads\/2022\/11\/read1.jpg\" alt=\"leer\" width=\"\" height=\"\" \/><\/div>\n<div style=\"padding-left: 5px;\">\n<div style=\"font-size: 1.1em;\">\n<p><strong>Vea en directo el sorteo de sus n\u00fameros de loter\u00eda<\/strong><\/p>\n<p style=\"font-size: 0.85em; margin-top: -1.5em;\">C\u00f3mo ver los sorteos en directo de tus loter\u00edas favoritas\u00a0 <a href=\"https:\/\/jackpotlotteryonline.com\/es\/vea-su-sorteo-de-numeros-de-loteria-en-vivo\"> Seguir leyendo<\/a><\/p>\n<\/div>\n<\/div>\n<\/section>\n<h2>N\u00fameros de loter\u00eda ganadores del bote internacional<\/h2>\n<p>Compruebe los n\u00fameros ganadores de la loter\u00eda de esta semana para los mayores botes de la loter\u00eda internacional, actualizados diariamente en nuestra p\u00e1gina web. Enumeramos las mejores y m\u00e1s grandes loter\u00edas del Planeta, incluyendo El Gordo, Euromillones, Mega Millions, Powerball, SuperEnaLotto, y muchas m\u00e1s.<br \/>\n<img loading=\"lazy\" decoding=\"async\" class=\"alignright size-medium wp-image-19277\" src=\"https:\/\/jackpotlotteryonline.com\/wp-content\/uploads\/2022\/10\/2_ticket_powerball_au2-163x300.jpg\" alt=\"escaneo de billetes de loter\u00eda\" width=\"163\" height=\"300\" srcset=\"https:\/\/jackpotlotteryonline.com\/wp-content\/uploads\/2022\/10\/2_ticket_powerball_au2-163x300.jpg 163w, https:\/\/jackpotlotteryonline.com\/wp-content\/uploads\/2022\/10\/2_ticket_powerball_au2.jpg 250w\" sizes=\"auto, (max-width: 163px) 100vw, 163px\" \/><\/p>\n<p><strong>Usted puede pensar que la mayor\u00eda de esas loter\u00edas no est\u00e1n disponibles para jugar, \u00a1pero eso no es cierto!<\/strong> Hoy en d\u00eda, es f\u00e1cil <a href=\"https:\/\/jackpotlotteryonline.com\/es\/comprar-boletos\">comprar boletos en l\u00ednea<\/a> para casi cualquier loter\u00eda. Eso significa que no tiene que vivir en el pa\u00eds donde se celebra la loter\u00eda.<\/p>\n<p><strong>Esto es posible gracias a un servicio que ofrecemos.<\/strong><\/p>\n<p>S\u00f3lo tiene que hacer clic en cualquiera de los <a href=\"https:\/\/jackpotlotteryonline.com\/es\/como-se-juega\">botones &#8220;Jugar&#8221;<\/a> de arriba, y ser\u00e1 llevado a la p\u00e1gina de selecci\u00f3n de n\u00fameros para esa loter\u00eda espec\u00edfica. Elija sus n\u00fameros, reg\u00edstrese y pague en l\u00ednea: \u00a1as\u00ed de sencillo! Recibir\u00e1 una confirmaci\u00f3n de su billete personal inmediatamente despu\u00e9s de completar la compra, y un escaneo de su billete un poco m\u00e1s tarde. Tambi\u00e9n nos aseguraremos de que se le pague lo que gane. Los botes mundiales pueden ser a menudo 100 veces mayores que los de su loter\u00eda local, as\u00ed que \u00bfa qu\u00e9 espera? \u00a1Elija su premio!<\/p>\n<h2>Compruebe si ha ganado &#8211; compare su boleto con los n\u00fameros ganadores<\/h2>\n<p>No s\u00f3lo puede comprobar los resultados de la loter\u00eda en l\u00ednea desde su ordenador port\u00e1til, de sobremesa o incluso desde su iPhone en casa o en la oficina, sino que tambi\u00e9n puede comprobar los resultados de muchas loter\u00edas al instante, en una sola p\u00e1gina.<\/p>\n<p>Una vez que ha ocurrido cada sorteo de loter\u00eda, los resultados de cada uno se actualizan en tiempo real. Esto significa que los resultados de los botes internacionales en l\u00ednea est\u00e1n disponibles o usted puede acceder a ellos a los pocos momentos de que el sorteo haya tenido lugar.<br \/>\n<img loading=\"lazy\" decoding=\"async\" class=\"alignright wp-image-19599\" src=\"https:\/\/jackpotlotteryonline.com\/wp-content\/uploads\/2022\/10\/1_balls_draw_lotto_numbers-200x300.jpg\" alt=\"n\u00fameros ganadores de la loter\u00eda\" width=\"154\" height=\"231\" srcset=\"https:\/\/jackpotlotteryonline.com\/wp-content\/uploads\/2022\/10\/1_balls_draw_lotto_numbers-200x300.jpg 200w, https:\/\/jackpotlotteryonline.com\/wp-content\/uploads\/2022\/10\/1_balls_draw_lotto_numbers.jpg 320w\" sizes=\"auto, (max-width: 154px) 100vw, 154px\" \/><\/p>\n<p>Si ha optado por comprar un billete de loter\u00eda en l\u00ednea, no importa el tipo de loter\u00eda que sea, comprobar los resultados de la loter\u00eda en l\u00ednea aqu\u00ed en nuestro sitio es a\u00fan m\u00e1s f\u00e1cil. Esto se debe a que, en el momento de colocar su billete de loter\u00eda en l\u00ednea, se le pedir\u00e1 que introduzca su direcci\u00f3n de correo electr\u00f3nico. Esto no s\u00f3lo es necesario para que usted pueda abrir una cuenta para jugar, sino que tambi\u00e9n es necesario con el fin de notificarle de una victoria.<\/p>\n<p>Una vez realizado el sorteo de la loter\u00eda, se le notificar\u00e1 autom\u00e1ticamente por correo electr\u00f3nico si ha acertado alg\u00fan n\u00famero que pueda haberle hecho ganar un premio en met\u00e1lico. S\u00f3lo tiene que comprobar su bandeja de entrada de correo electr\u00f3nico.<\/p>\n<p>Adem\u00e1s, si ha comprado su billete de loter\u00eda online aqu\u00ed, puede acceder a su cuenta de cliente, y los resultados se mostrar\u00e1n justo al lado de su billete para poder compararlos. Los n\u00fameros de su billete que coincidan con el sorteo aparecer\u00e1n resaltados. Es lo m\u00e1s c\u00f3modo posible.<\/p>\n<p>Con tantas ventajas y funciones pr\u00e1cticas como la de poder comprobar r\u00e1pidamente los resultados de la loter\u00eda en l\u00ednea, <strong>mucha gente opta ahora por comprar billetes de loter\u00eda en l\u00ednea en lugar de hacerlo en las tiendas.<\/strong><\/p>\n","protected":false},"excerpt":{"rendered":"<p>Resultados de la loter\u00eda online Con una gama tan amplia de loter\u00edas disponibles para jugar, y la facilidad de acceso que todos tenemos a Internet hoy en d\u00eda muchas personas prefieren comprobar r\u00e1pidamente sus resultados de la loter\u00eda en l\u00ednea. Si ha comprado un billete de loter\u00eda, entonces estar\u00e1 ansioso por saber cu\u00e1les son los [&hellip;]<\/p>\n","protected":false},"author":1,"featured_media":0,"parent":0,"menu_order":4,"comment_status":"closed","ping_status":"closed","template":"Results.php","meta":{"_et_pb_use_builder":"","_et_pb_old_content":"","_et_gb_content_width":"","exclude_from_search":false,"footnotes":""},"class_list":["post-35856","page","type-page","status-publish","hentry"],"yoast_head":"<!-- This site is optimized with the Yoast SEO plugin v23.3 - https:\/\/yoast.com\/wordpress\/plugins\/seo\/ -->\n<title>N\u00fameros ganadores y resultados de los botes de la loter\u00eda internacional<\/title>\n<meta name=\"description\" content=\"Esta p\u00e1gina muestra los resultados y los n\u00fameros ganadores de la mayor\u00eda de las loter\u00edas internacionales con bote en l\u00ednea\" \/>\n<meta name=\"robots\" content=\"index, follow, max-snippet:-1, max-image-preview:large, max-video-preview:-1\" \/>\n<link rel=\"canonical\" href=\"https:\/\/jackpotlotteryonline.com\/winning-numbers\/\" \/>\n<meta property=\"og:locale\" content=\"es_ES\" \/>\n<meta property=\"og:type\" content=\"article\" \/>\n<meta property=\"og:title\" content=\"N\u00fameros ganadores y resultados de los botes de la loter\u00eda internacional\" \/>\n<meta property=\"og:description\" content=\"Esta p\u00e1gina muestra los resultados y los n\u00fameros ganadores de la mayor\u00eda de las loter\u00edas internacionales con bote en l\u00ednea\" \/>\n<meta property=\"og:url\" content=\"https:\/\/jackpotlotteryonline.com\/winning-numbers\/\" \/>\n<meta property=\"og:site_name\" content=\"Lotto Online - Crack The International Lottery Jackpots\" \/>\n<meta property=\"article:modified_time\" content=\"2022-12-26T08:38:18+00:00\" \/>\n<meta property=\"og:image\" content=\"https:\/\/jackpotlotteryonline.com\/wp-content\/uploads\/2022\/11\/read1.jpg\" \/>\n<meta name=\"twitter:card\" content=\"summary_large_image\" \/>\n<meta name=\"twitter:label1\" content=\"Tiempo de lectura\" \/>\n\t<meta name=\"twitter:data1\" content=\"4 minutos\" \/>\n<!-- \/ Yoast SEO plugin. -->","yoast_head_json":{"title":"N\u00fameros ganadores y resultados de los botes de la loter\u00eda internacional","description":"Esta p\u00e1gina muestra los resultados y los n\u00fameros ganadores de la mayor\u00eda de las loter\u00edas internacionales con bote en l\u00ednea","robots":{"index":"index","follow":"follow","max-snippet":"max-snippet:-1","max-image-preview":"max-image-preview:large","max-video-preview":"max-video-preview:-1"},"canonical":"https:\/\/jackpotlotteryonline.com\/winning-numbers\/","og_locale":"es_ES","og_type":"article","og_title":"N\u00fameros ganadores y resultados de los botes de la loter\u00eda internacional","og_description":"Esta p\u00e1gina muestra los resultados y los n\u00fameros ganadores de la mayor\u00eda de las loter\u00edas internacionales con bote en l\u00ednea","og_url":"https:\/\/jackpotlotteryonline.com\/winning-numbers\/","og_site_name":"Lotto Online - Crack The International Lottery Jackpots","article_modified_time":"2022-12-26T08:38:18+00:00","og_image":[{"url":"https:\/\/jackpotlotteryonline.com\/wp-content\/uploads\/2022\/11\/read1.jpg"}],"twitter_card":"summary_large_image","twitter_misc":{"Tiempo de lectura":"4 minutos"},"schema":{"@context":"https:\/\/schema.org","@graph":[{"@type":"WebPage","@id":"https:\/\/jackpotlotteryonline.com\/winning-numbers\/","url":"https:\/\/jackpotlotteryonline.com\/winning-numbers\/","name":"N\u00fameros ganadores y resultados de los botes de la loter\u00eda internacional","isPartOf":{"@id":"https:\/\/jackpotlotteryonline.com\/#website"},"primaryImageOfPage":{"@id":"https:\/\/jackpotlotteryonline.com\/winning-numbers\/#primaryimage"},"image":{"@id":"https:\/\/jackpotlotteryonline.com\/winning-numbers\/#primaryimage"},"thumbnailUrl":"https:\/\/jackpotlotteryonline.com\/wp-content\/uploads\/2022\/11\/read1.jpg","datePublished":"2022-11-02T07:42:03+00:00","dateModified":"2022-12-26T08:38:18+00:00","description":"Esta p\u00e1gina muestra los resultados y los n\u00fameros ganadores de la mayor\u00eda de las loter\u00edas internacionales con bote en l\u00ednea","breadcrumb":{"@id":"https:\/\/jackpotlotteryonline.com\/winning-numbers\/#breadcrumb"},"inLanguage":"es","potentialAction":[{"@type":"ReadAction","target":["https:\/\/jackpotlotteryonline.com\/winning-numbers\/"]}]},{"@type":"ImageObject","inLanguage":"es","@id":"https:\/\/jackpotlotteryonline.com\/winning-numbers\/#primaryimage","url":"https:\/\/jackpotlotteryonline.com\/wp-content\/uploads\/2022\/11\/read1.jpg","contentUrl":"https:\/\/jackpotlotteryonline.com\/wp-content\/uploads\/2022\/11\/read1.jpg"},{"@type":"BreadcrumbList","@id":"https:\/\/jackpotlotteryonline.com\/winning-numbers\/#breadcrumb","itemListElement":[{"@type":"ListItem","position":1,"name":"Home","item":"https:\/\/jackpotlotteryonline.com\/es\/"},{"@type":"ListItem","position":2,"name":"Resultados de la loter\u00eda"}]},{"@type":"WebSite","@id":"https:\/\/jackpotlotteryonline.com\/#website","url":"https:\/\/jackpotlotteryonline.com\/","name":"Lotto Online - Crack The International Lottery Jackpots","description":"","potentialAction":[{"@type":"SearchAction","target":{"@type":"EntryPoint","urlTemplate":"https:\/\/jackpotlotteryonline.com\/?s={search_term_string}"},"query-input":"required name=search_term_string"}],"inLanguage":"es"}]}},"_links":{"self":[{"href":"https:\/\/jackpotlotteryonline.com\/es\/wp-json\/wp\/v2\/pages\/35856","targetHints":{"allow":["GET"]}}],"collection":[{"href":"https:\/\/jackpotlotteryonline.com\/es\/wp-json\/wp\/v2\/pages"}],"about":[{"href":"https:\/\/jackpotlotteryonline.com\/es\/wp-json\/wp\/v2\/types\/page"}],"author":[{"embeddable":true,"href":"https:\/\/jackpotlotteryonline.com\/es\/wp-json\/wp\/v2\/users\/1"}],"replies":[{"embeddable":true,"href":"https:\/\/jackpotlotteryonline.com\/es\/wp-json\/wp\/v2\/comments?post=35856"}],"version-history":[{"count":0,"href":"https:\/\/jackpotlotteryonline.com\/es\/wp-json\/wp\/v2\/pages\/35856\/revisions"}],"wp:attachment":[{"href":"https:\/\/jackpotlotteryonline.com\/es\/wp-json\/wp\/v2\/media?parent=35856"}],"curies":[{"name":"wp","href":"https:\/\/api.w.org\/{rel}","templated":true}]}}