{"id":35909,"date":"2022-11-02T09:53:08","date_gmt":"2022-11-02T09:53:08","guid":{"rendered":"https:\/\/jackpotlotteryonline.com\/?page_id=35909"},"modified":"2022-12-19T09:31:16","modified_gmt":"2022-12-19T09:31:16","slug":"powerball","status":"publish","type":"page","link":"https:\/\/jackpotlotteryonline.com\/es\/como-se-juega\/powerball\/","title":{"rendered":"Powerball USA"},"content":{"rendered":"<h2>El bote de la loter\u00eda Powerball online<\/h2>\n<p><img loading=\"lazy\" decoding=\"async\" class=\"alignright size-full wp-image-19358\" src=\"https:\/\/jackpotlotteryonline.com\/wp-content\/uploads\/2022\/10\/2_ticket_powerball3.jpg\" alt=\"billete powerball\" width=\"180\" height=\"194\" \/><\/p>\n<p>Est\u00e1s ante una de las loter\u00edas m\u00e1s antiguas y m\u00e1s grandes de Estados Unidos. El bote de la loter\u00eda Powerball es ofrecido por una comisi\u00f3n de loter\u00eda multiestatal formada por 41 estados de EEUU. Se juega en todos los estados (incluyendo las Islas V\u00edrgenes y el Distrito de Columbia) de los EE.UU. excepto en 8 (Nevada, California, Utah, Mississippi, Wyoming, Alabama, Hawaii y Alaska).<\/p>\n<p>El bote de la loter\u00eda Powerball online ha superado los 300 millones de d\u00f3lares en varias ocasiones, y el bote m\u00e1s alto ha sido de 1500 millones de d\u00f3lares. Normalmente, los botes comienzan en 20 millones de d\u00f3lares y suben al menos 5 millones de d\u00f3lares cada vez que no se gana el bote.<\/p>\n<section class=\"layout\" style=\"border: solid 1px; width: 100%;\">\n<div class=\"img-div\" style=\"margin-top: 5px;\"><img decoding=\"async\" class=\"wp-image-17212 alignleft\" style=\"height: 45px; margin: 8px 8px 0px;\" src=\"https:\/\/jackpotlotteryonline.com\/wp-content\/uploads\/2022\/11\/read1.jpg\" alt=\"mayor bote de la loter\u00eda\" width=\"\" height=\"\" \/><\/div>\n<div style=\"padding-left: 5px;\">\n<div style=\"font-size: 1.1em;\">\n<p><strong>Botes de loter\u00eda hist\u00f3ricos que han batido r\u00e9cords<\/strong><\/p>\n<p style=\"font-size: 0.85em; margin-top: -1.5em;\">Los mayores botes de loter\u00eda de la historia te har\u00e1n girar la cabeza <a href=\"https:\/\/jackpotlotteryonline.com\/es\/los-mayores-botes-de-loteria-de-la-historia\">Seguir leyendo<\/a><\/p>\n<\/div>\n<\/div>\n<\/section>\n<h2>C\u00f3mo jugar a la loter\u00eda Powerball<\/h2>\n<p>Usted puede <strong>obtener <a href=\"https:\/\/jackpotlotteryonline.com\/es\/comprar-boletos\/powerball\">f\u00e1cilmente su billete de loter\u00eda en l\u00ednea<\/a> a trav\u00e9s de nuestro sitio web. Para jugar y ganar el premio gordo de la loter\u00eda Powerball<\/strong>, no tiene que ser ciudadano de los Estados Unidos &#8211; puede estar viviendo fuera de los Estados Unidos, pero tiene que tener al menos 18 a\u00f1os de edad. Todo lo que tiene que hacer es hacer clic en uno de los banners de la loter\u00eda, registrarse y verificarse y hacer el pago. Nosotros nos encargaremos del resto cuando haga el pedido. La compra de boletos, la entrega y la ayuda con la log\u00edstica del dinero son las \u00e1reas en las que puedes obtener ayuda.<br \/>\n<img loading=\"lazy\" decoding=\"async\" class=\"alignright size-full wp-image-18167\" src=\"https:\/\/jackpotlotteryonline.com\/wp-content\/uploads\/2022\/10\/powerball_globe_logo.png\" alt=\"jugar al powerball online\" width=\"200\" height=\"212\" \/><\/p>\n<p>Para acertar el bote de la loter\u00eda Powerball, tiene que acertar cinco n\u00fameros de 59, m\u00e1s el n\u00famero Powerball entre el 1 y el 39. Hay nueve formas de ganar, y ya tiene un precio si acierta el n\u00famero Powerball.<\/p>\n<p><a href=\"https:\/\/jackpotlotteryonline.com\/es\/comprar-boletos\/powerball\">El bote de la loter\u00eda Powerball<\/a> online es un juego de loter\u00eda tradicional de dos bombos. Un bombo viene con 59 bolas blancas el segundo bombo viene con 39 bolas rojas. Tendr\u00e1 que seleccionar 5 bolas blancas y una roja. Las bolas pueden ser elegidas al azar y el orden de selecci\u00f3n no influye en el resultado.<\/p>\n<p>Definitivamente jugar al bote de la loter\u00eda Powerball online tiene sus propias ventajas y debido a sus impresionantes probabilidades de ganar, hay una gran demanda de esta loter\u00eda.<\/p>\n<h2>Es hora de probar su suerte en la Powerball<\/h2>\n<p>Si usted es una persona que le gusta probar su suerte en los juegos de azar, la loter\u00eda Powerball es sin duda el lugar para comenzar. Hay mucha m\u00e1s informaci\u00f3n disponible en nuestro sitio web que puede ayudarle a decidir qu\u00e9 n\u00fameros elegir y jugar.<\/p>\n<p>Mucha gente tiende a pensar que la loter\u00eda es un juego de azar. Pero pueden tender a pensar un poco diferente una vez que entienden c\u00f3mo funciona la loter\u00eda Powerball. <strong>Hay muchos que ya han ganado en el Powerball y no hay raz\u00f3n para que usted no pueda ser uno de ellos. \u00a1Comience ahora&#8230;!<\/strong><\/p>\n","protected":false},"excerpt":{"rendered":"<p>El bote de la loter\u00eda Powerball online Est\u00e1s ante una de las loter\u00edas m\u00e1s antiguas y m\u00e1s grandes de Estados Unidos. El bote de la loter\u00eda Powerball es ofrecido por una comisi\u00f3n de loter\u00eda multiestatal formada por 41 estados de EEUU. Se juega en todos los estados (incluyendo las Islas V\u00edrgenes y el Distrito de [&hellip;]<\/p>\n","protected":false},"author":1,"featured_media":0,"parent":35723,"menu_order":1,"comment_status":"closed","ping_status":"closed","template":"powerball-usa.php","meta":{"_et_pb_use_builder":"","_et_pb_old_content":"","_et_gb_content_width":"","exclude_from_search":false,"footnotes":""},"class_list":["post-35909","page","type-page","status-publish","hentry"],"yoast_head":"<!-- This site is optimized with the Yoast SEO plugin v23.3 - https:\/\/yoast.com\/wordpress\/plugins\/seo\/ -->\n<title>Jugar a la loter\u00eda Powerball en l\u00ednea, desde fuera de los Estados Unidos<\/title>\n<meta name=\"description\" content=\"La loter\u00eda Powerball es una de las loter\u00edas m\u00e1s antiguas de los Estados Unidos - lea esto para saber c\u00f3mo puede jugar en l\u00ednea y desde un pa\u00eds fuera de los Estados Unidos hoy mismo.\" \/>\n<meta name=\"robots\" content=\"index, follow, max-snippet:-1, max-image-preview:large, max-video-preview:-1\" \/>\n<link rel=\"canonical\" href=\"https:\/\/jackpotlotteryonline.com\/play-online\/powerball\/\" \/>\n<meta property=\"og:locale\" content=\"es_ES\" \/>\n<meta property=\"og:type\" content=\"article\" \/>\n<meta property=\"og:title\" content=\"Jugar a la loter\u00eda Powerball en l\u00ednea, desde fuera de los Estados Unidos\" \/>\n<meta property=\"og:description\" content=\"La loter\u00eda Powerball es una de las loter\u00edas m\u00e1s antiguas de los Estados Unidos - lea esto para saber c\u00f3mo puede jugar en l\u00ednea y desde un pa\u00eds fuera de los Estados Unidos hoy mismo.\" \/>\n<meta property=\"og:url\" content=\"https:\/\/jackpotlotteryonline.com\/play-online\/powerball\/\" \/>\n<meta property=\"og:site_name\" content=\"Lotto Online - Crack The International Lottery Jackpots\" \/>\n<meta property=\"article:modified_time\" content=\"2022-12-19T09:31:16+00:00\" \/>\n<meta property=\"og:image\" content=\"https:\/\/jackpotlotteryonline.com\/wp-content\/uploads\/2022\/10\/2_ticket_powerball3.jpg\" \/>\n<meta name=\"twitter:card\" content=\"summary_large_image\" \/>\n<meta name=\"twitter:label1\" content=\"Tiempo de lectura\" \/>\n\t<meta name=\"twitter:data1\" content=\"3 minutos\" \/>\n<!-- \/ Yoast SEO plugin. -->","yoast_head_json":{"title":"Jugar a la loter\u00eda Powerball en l\u00ednea, desde fuera de los Estados Unidos","description":"La loter\u00eda Powerball es una de las loter\u00edas m\u00e1s antiguas de los Estados Unidos - lea esto para saber c\u00f3mo puede jugar en l\u00ednea y desde un pa\u00eds fuera de los Estados Unidos hoy mismo.","robots":{"index":"index","follow":"follow","max-snippet":"max-snippet:-1","max-image-preview":"max-image-preview:large","max-video-preview":"max-video-preview:-1"},"canonical":"https:\/\/jackpotlotteryonline.com\/play-online\/powerball\/","og_locale":"es_ES","og_type":"article","og_title":"Jugar a la loter\u00eda Powerball en l\u00ednea, desde fuera de los Estados Unidos","og_description":"La loter\u00eda Powerball es una de las loter\u00edas m\u00e1s antiguas de los Estados Unidos - lea esto para saber c\u00f3mo puede jugar en l\u00ednea y desde un pa\u00eds fuera de los Estados Unidos hoy mismo.","og_url":"https:\/\/jackpotlotteryonline.com\/play-online\/powerball\/","og_site_name":"Lotto Online - Crack The International Lottery Jackpots","article_modified_time":"2022-12-19T09:31:16+00:00","og_image":[{"url":"https:\/\/jackpotlotteryonline.com\/wp-content\/uploads\/2022\/10\/2_ticket_powerball3.jpg"}],"twitter_card":"summary_large_image","twitter_misc":{"Tiempo de lectura":"3 minutos"},"schema":{"@context":"https:\/\/schema.org","@graph":[{"@type":"WebPage","@id":"https:\/\/jackpotlotteryonline.com\/play-online\/powerball\/","url":"https:\/\/jackpotlotteryonline.com\/play-online\/powerball\/","name":"Jugar a la loter\u00eda Powerball en l\u00ednea, desde fuera de los Estados Unidos","isPartOf":{"@id":"https:\/\/jackpotlotteryonline.com\/#website"},"primaryImageOfPage":{"@id":"https:\/\/jackpotlotteryonline.com\/play-online\/powerball\/#primaryimage"},"image":{"@id":"https:\/\/jackpotlotteryonline.com\/play-online\/powerball\/#primaryimage"},"thumbnailUrl":"https:\/\/jackpotlotteryonline.com\/wp-content\/uploads\/2022\/10\/2_ticket_powerball3.jpg","datePublished":"2022-11-02T09:53:08+00:00","dateModified":"2022-12-19T09:31:16+00:00","description":"La loter\u00eda Powerball es una de las loter\u00edas m\u00e1s antiguas de los Estados Unidos - lea esto para saber c\u00f3mo puede jugar en l\u00ednea y desde un pa\u00eds fuera de los Estados Unidos hoy mismo.","breadcrumb":{"@id":"https:\/\/jackpotlotteryonline.com\/play-online\/powerball\/#breadcrumb"},"inLanguage":"es","potentialAction":[{"@type":"ReadAction","target":["https:\/\/jackpotlotteryonline.com\/play-online\/powerball\/"]}]},{"@type":"ImageObject","inLanguage":"es","@id":"https:\/\/jackpotlotteryonline.com\/play-online\/powerball\/#primaryimage","url":"https:\/\/jackpotlotteryonline.com\/wp-content\/uploads\/2022\/10\/2_ticket_powerball3.jpg","contentUrl":"https:\/\/jackpotlotteryonline.com\/wp-content\/uploads\/2022\/10\/2_ticket_powerball3.jpg"},{"@type":"BreadcrumbList","@id":"https:\/\/jackpotlotteryonline.com\/play-online\/powerball\/#breadcrumb","itemListElement":[{"@type":"ListItem","position":1,"name":"Home","item":"https:\/\/jackpotlotteryonline.com\/es\/"},{"@type":"ListItem","position":2,"name":"C\u00f3mo se juega","item":"https:\/\/jackpotlotteryonline.com\/es\/como-se-juega\/"},{"@type":"ListItem","position":3,"name":"Powerball USA"}]},{"@type":"WebSite","@id":"https:\/\/jackpotlotteryonline.com\/#website","url":"https:\/\/jackpotlotteryonline.com\/","name":"Lotto Online - Crack The International Lottery Jackpots","description":"","potentialAction":[{"@type":"SearchAction","target":{"@type":"EntryPoint","urlTemplate":"https:\/\/jackpotlotteryonline.com\/?s={search_term_string}"},"query-input":"required name=search_term_string"}],"inLanguage":"es"}]}},"_links":{"self":[{"href":"https:\/\/jackpotlotteryonline.com\/es\/wp-json\/wp\/v2\/pages\/35909","targetHints":{"allow":["GET"]}}],"collection":[{"href":"https:\/\/jackpotlotteryonline.com\/es\/wp-json\/wp\/v2\/pages"}],"about":[{"href":"https:\/\/jackpotlotteryonline.com\/es\/wp-json\/wp\/v2\/types\/page"}],"author":[{"embeddable":true,"href":"https:\/\/jackpotlotteryonline.com\/es\/wp-json\/wp\/v2\/users\/1"}],"replies":[{"embeddable":true,"href":"https:\/\/jackpotlotteryonline.com\/es\/wp-json\/wp\/v2\/comments?post=35909"}],"version-history":[{"count":0,"href":"https:\/\/jackpotlotteryonline.com\/es\/wp-json\/wp\/v2\/pages\/35909\/revisions"}],"up":[{"embeddable":true,"href":"https:\/\/jackpotlotteryonline.com\/es\/wp-json\/wp\/v2\/pages\/35723"}],"wp:attachment":[{"href":"https:\/\/jackpotlotteryonline.com\/es\/wp-json\/wp\/v2\/media?parent=35909"}],"curies":[{"name":"wp","href":"https:\/\/api.w.org\/{rel}","templated":true}]}}