{"id":35974,"date":"2022-11-02T12:41:18","date_gmt":"2022-11-02T12:41:18","guid":{"rendered":"https:\/\/jackpotlotteryonline.com\/?page_id=35974"},"modified":"2022-12-30T19:34:23","modified_gmt":"2022-12-30T19:34:23","slug":"mega-millions","status":"publish","type":"page","link":"https:\/\/jackpotlotteryonline.com\/es\/como-se-juega\/mega-millions\/","title":{"rendered":"Mega Millions USA"},"content":{"rendered":"<h2>El bote de la loter\u00eda Mega Millions online<\/h2>\n<p>El Jackpot de la loter\u00eda Mega Millions tiene su sede en Michigan, Estados Unidos, y se juega en 12 estados federales de ese pa\u00eds. Con los sorteos programados para cada martes y viernes por la noche a las 8 PM, la frecuencia de ganar puede ser bastante alta para un jugador afortunado. Un billete de Mega Millions es relativamente barato y el mayor bote jam\u00e1s pagado fue de m\u00e1s de 1500 millones de d\u00f3lares.<br \/>\n<img loading=\"lazy\" decoding=\"async\" class=\"alignright size-full wp-image-17546\" src=\"https:\/\/jackpotlotteryonline.com\/wp-content\/uploads\/2022\/10\/logo_Mega_Millions_233x110.png\" alt=\"jugar a mega millions online\" width=\"232\" height=\"110\" \/><\/p>\n<p>Pues bien, si est\u00e1 pensando en jugar al Mega Millions, y adem\u00e1s de forma regular, puede imaginarse el tiempo y la energ\u00eda que supone ir a la loter\u00eda dos veces por semana. La mejor manera de eliminar las complicaciones y ahorrar tiempo ser\u00eda jugar en l\u00ednea. <a href=\"https:\/\/jackpotlotteryonline.com\/es\/numeros-ganadores\/mega-millions\">Comprar el billete<\/a> con sus n\u00fameros favoritos y entregarlo en la puerta de su casa nunca fue tan f\u00e1cil. Con nuestra ayuda, el bote de la loter\u00eda Mega Millions puede ser ganado en l\u00ednea por todo el mundo.<\/p>\n<h2>C\u00f3mo jugar a la Mega Millions online<\/h2>\n<p>La loter\u00eda Mega Millions comienza con la cantidad de 20 millones de d\u00f3lares e hizo historia cuando alcanz\u00f3 los 1.500 millones de d\u00f3lares, \u00a1el bote de loter\u00eda m\u00e1s alto de la historia de Estados Unidos! Los jugadores pueden elegir cinco n\u00fameros entre el 1 y el 56 (bola blanca) m\u00e1s un n\u00famero llamado Mega entre el 1 y el 46 (bola dorada).<br \/>\n<img loading=\"lazy\" decoding=\"async\" class=\"alignright size-full wp-image-19115\" src=\"https:\/\/jackpotlotteryonline.com\/wp-content\/uploads\/2022\/10\/2_ticket_mega_millions3.jpg\" alt=\"escaneo del billete de mega millions\" width=\"180\" height=\"193\" \/><\/p>\n<p>Para conseguir este bote, hay que acertar los cinco n\u00fameros y el megan\u00famero. Pero incluso si no acierta el bote, tiene muchas posibilidades de ganar, ya que 1 de cada 40 boletos resulta ganador. Cualquiera estar\u00eda de acuerdo en que esas son muy buenas probabilidades de ganar la loter\u00eda.<\/p>\n<p>El premio gordo se pagar\u00e1 en 26 pagos anuales, tambi\u00e9n denominados opci\u00f3n de anualidad, o puede optar por una liquidaci\u00f3n totalmente en efectivo en la que se le pagar\u00e1 el valor actual de la anualidad. <a href=\"https:\/\/jackpotlotteryonline.com\/es\/numeros-ganadores\/mega-millions\">Los sorteos<\/a> suelen celebrarse en Idaho (Georgia), pero cuando el bote supera los 200 millones de d\u00f3lares, el sorteo se celebra en Times Square (Nueva York).<\/p>\n<p>Tienes que tener al menos 18 a\u00f1os para jugar a esta loter\u00eda, pero no tienes que ser ciudadano o residente de los Estados Unidos. Con nuestra ayuda, usted puede jugar desde fuera de los Estados Unidos, desde cualquier parte del mundo en realidad. De hecho, tambi\u00e9n le ayudaremos a que el dinero del premio ganado le llegue sin problemas.<\/p>\n<h2>Los extras<\/h2>\n<p>En casi todas las jurisdicciones (42 de 43, excepto California) del Mega Millions, los jugadores tienen la opci\u00f3n de activar un extra llamado Megaplier. El Megaplier duplica la apuesta en el juego y los jugadores pueden multiplicar los premios que no son del bote por 2, 3 o 4. Por supuesto, no es necesario mencionar que las probabilidades bajan aqu\u00ed.<\/p>\n<p>As\u00ed que, con tanto en juego, es hora de que consideres jugar al Mega Millions, puede hacer que realices tus sue\u00f1os. Reg\u00edstrese en nuestro sitio web y juegue a la mayor loter\u00eda de Estados Unidos.<\/p>\n<section class=\"layout\" style=\"border: solid 1px; width: 100%;\">\n<div class=\"img-div\" style=\"margin-top: 5px;\"><img decoding=\"async\" class=\"wp-image-17212 alignleft\" style=\"height: 45px; margin: 8px 8px 0px;\" src=\"https:\/\/jackpotlotteryonline.com\/wp-content\/uploads\/2022\/11\/read1.jpg\" alt=\"leer\" width=\"\" height=\"\" \/><\/div>\n<div style=\"padding-left: 5px;\">\n<div style=\"font-size: 1.1em;\">\n<p><strong>Su loter\u00eda nacional en comparaci\u00f3n internacional<\/strong><\/p>\n<p style=\"font-size: 0.85em; margin-top: -1.5em;\">Su loter\u00eda local puede ser su peor opci\u00f3n &#8211; por qu\u00e9 tiene m\u00e1s sentido pagar m\u00e1s pero ir a por botes m\u00e1s grandes <a href=\"https:\/\/jackpotlotteryonline.com\/es\/su-loteria-nacional-en-comparacion-internacional\">Seguir leyendo<\/a><\/p>\n<\/div>\n<\/div>\n<\/section>\n","protected":false},"excerpt":{"rendered":"<p>El bote de la loter\u00eda Mega Millions online El Jackpot de la loter\u00eda Mega Millions tiene su sede en Michigan, Estados Unidos, y se juega en 12 estados federales de ese pa\u00eds. Con los sorteos programados para cada martes y viernes por la noche a las 8 PM, la frecuencia de ganar puede ser bastante [&hellip;]<\/p>\n","protected":false},"author":1,"featured_media":0,"parent":35723,"menu_order":2,"comment_status":"closed","ping_status":"closed","template":"megamillion.php","meta":{"_et_pb_use_builder":"","_et_pb_old_content":"","_et_gb_content_width":"","exclude_from_search":false,"footnotes":""},"class_list":["post-35974","page","type-page","status-publish","hentry"],"yoast_head":"<!-- This site is optimized with the Yoast SEO plugin v23.3 - https:\/\/yoast.com\/wordpress\/plugins\/seo\/ -->\n<title>Juegue a Mega Millions en l\u00ednea desde fuera de los Estados Unidos<\/title>\n<meta name=\"description\" content=\"El bote de la loter\u00eda Mega Millions de Estados Unidos es la madre de todas las loter\u00edas y ahora puedes jugar online, incluso si vives fuera de Estados Unidos\" \/>\n<meta name=\"robots\" content=\"index, follow, max-snippet:-1, max-image-preview:large, max-video-preview:-1\" \/>\n<link rel=\"canonical\" href=\"https:\/\/jackpotlotteryonline.com\/play-online\/mega-millions\/\" \/>\n<meta property=\"og:locale\" content=\"es_ES\" \/>\n<meta property=\"og:type\" content=\"article\" \/>\n<meta property=\"og:title\" content=\"Juegue a Mega Millions en l\u00ednea desde fuera de los Estados Unidos\" \/>\n<meta property=\"og:description\" content=\"El bote de la loter\u00eda Mega Millions de Estados Unidos es la madre de todas las loter\u00edas y ahora puedes jugar online, incluso si vives fuera de Estados Unidos\" \/>\n<meta property=\"og:url\" content=\"https:\/\/jackpotlotteryonline.com\/play-online\/mega-millions\/\" \/>\n<meta property=\"og:site_name\" content=\"Lotto Online - Crack The International Lottery Jackpots\" \/>\n<meta property=\"article:modified_time\" content=\"2022-12-30T19:34:23+00:00\" \/>\n<meta property=\"og:image\" content=\"https:\/\/jackpotlotteryonline.com\/wp-content\/uploads\/2022\/10\/logo_Mega_Millions_233x110.png\" \/>\n<meta name=\"twitter:card\" content=\"summary_large_image\" \/>\n<meta name=\"twitter:label1\" content=\"Tiempo de lectura\" \/>\n\t<meta name=\"twitter:data1\" content=\"3 minutos\" \/>\n<!-- \/ Yoast SEO plugin. -->","yoast_head_json":{"title":"Juegue a Mega Millions en l\u00ednea desde fuera de los Estados Unidos","description":"El bote de la loter\u00eda Mega Millions de Estados Unidos es la madre de todas las loter\u00edas y ahora puedes jugar online, incluso si vives fuera de Estados Unidos","robots":{"index":"index","follow":"follow","max-snippet":"max-snippet:-1","max-image-preview":"max-image-preview:large","max-video-preview":"max-video-preview:-1"},"canonical":"https:\/\/jackpotlotteryonline.com\/play-online\/mega-millions\/","og_locale":"es_ES","og_type":"article","og_title":"Juegue a Mega Millions en l\u00ednea desde fuera de los Estados Unidos","og_description":"El bote de la loter\u00eda Mega Millions de Estados Unidos es la madre de todas las loter\u00edas y ahora puedes jugar online, incluso si vives fuera de Estados Unidos","og_url":"https:\/\/jackpotlotteryonline.com\/play-online\/mega-millions\/","og_site_name":"Lotto Online - Crack The International Lottery Jackpots","article_modified_time":"2022-12-30T19:34:23+00:00","og_image":[{"url":"https:\/\/jackpotlotteryonline.com\/wp-content\/uploads\/2022\/10\/logo_Mega_Millions_233x110.png"}],"twitter_card":"summary_large_image","twitter_misc":{"Tiempo de lectura":"3 minutos"},"schema":{"@context":"https:\/\/schema.org","@graph":[{"@type":"WebPage","@id":"https:\/\/jackpotlotteryonline.com\/play-online\/mega-millions\/","url":"https:\/\/jackpotlotteryonline.com\/play-online\/mega-millions\/","name":"Juegue a Mega Millions en l\u00ednea desde fuera de los Estados Unidos","isPartOf":{"@id":"https:\/\/jackpotlotteryonline.com\/#website"},"primaryImageOfPage":{"@id":"https:\/\/jackpotlotteryonline.com\/play-online\/mega-millions\/#primaryimage"},"image":{"@id":"https:\/\/jackpotlotteryonline.com\/play-online\/mega-millions\/#primaryimage"},"thumbnailUrl":"https:\/\/jackpotlotteryonline.com\/wp-content\/uploads\/2022\/10\/logo_Mega_Millions_233x110.png","datePublished":"2022-11-02T12:41:18+00:00","dateModified":"2022-12-30T19:34:23+00:00","description":"El bote de la loter\u00eda Mega Millions de Estados Unidos es la madre de todas las loter\u00edas y ahora puedes jugar online, incluso si vives fuera de Estados Unidos","breadcrumb":{"@id":"https:\/\/jackpotlotteryonline.com\/play-online\/mega-millions\/#breadcrumb"},"inLanguage":"es","potentialAction":[{"@type":"ReadAction","target":["https:\/\/jackpotlotteryonline.com\/play-online\/mega-millions\/"]}]},{"@type":"ImageObject","inLanguage":"es","@id":"https:\/\/jackpotlotteryonline.com\/play-online\/mega-millions\/#primaryimage","url":"https:\/\/jackpotlotteryonline.com\/wp-content\/uploads\/2022\/10\/logo_Mega_Millions_233x110.png","contentUrl":"https:\/\/jackpotlotteryonline.com\/wp-content\/uploads\/2022\/10\/logo_Mega_Millions_233x110.png"},{"@type":"BreadcrumbList","@id":"https:\/\/jackpotlotteryonline.com\/play-online\/mega-millions\/#breadcrumb","itemListElement":[{"@type":"ListItem","position":1,"name":"Home","item":"https:\/\/jackpotlotteryonline.com\/es\/"},{"@type":"ListItem","position":2,"name":"C\u00f3mo se juega","item":"https:\/\/jackpotlotteryonline.com\/es\/como-se-juega\/"},{"@type":"ListItem","position":3,"name":"Mega Millions USA"}]},{"@type":"WebSite","@id":"https:\/\/jackpotlotteryonline.com\/#website","url":"https:\/\/jackpotlotteryonline.com\/","name":"Lotto Online - Crack The International Lottery Jackpots","description":"","potentialAction":[{"@type":"SearchAction","target":{"@type":"EntryPoint","urlTemplate":"https:\/\/jackpotlotteryonline.com\/?s={search_term_string}"},"query-input":"required name=search_term_string"}],"inLanguage":"es"}]}},"_links":{"self":[{"href":"https:\/\/jackpotlotteryonline.com\/es\/wp-json\/wp\/v2\/pages\/35974","targetHints":{"allow":["GET"]}}],"collection":[{"href":"https:\/\/jackpotlotteryonline.com\/es\/wp-json\/wp\/v2\/pages"}],"about":[{"href":"https:\/\/jackpotlotteryonline.com\/es\/wp-json\/wp\/v2\/types\/page"}],"author":[{"embeddable":true,"href":"https:\/\/jackpotlotteryonline.com\/es\/wp-json\/wp\/v2\/users\/1"}],"replies":[{"embeddable":true,"href":"https:\/\/jackpotlotteryonline.com\/es\/wp-json\/wp\/v2\/comments?post=35974"}],"version-history":[{"count":0,"href":"https:\/\/jackpotlotteryonline.com\/es\/wp-json\/wp\/v2\/pages\/35974\/revisions"}],"up":[{"embeddable":true,"href":"https:\/\/jackpotlotteryonline.com\/es\/wp-json\/wp\/v2\/pages\/35723"}],"wp:attachment":[{"href":"https:\/\/jackpotlotteryonline.com\/es\/wp-json\/wp\/v2\/media?parent=35974"}],"curies":[{"name":"wp","href":"https:\/\/api.w.org\/{rel}","templated":true}]}}