{"id":36042,"date":"2022-11-03T08:40:11","date_gmt":"2022-11-03T08:40:11","guid":{"rendered":"https:\/\/jackpotlotteryonline.com\/?page_id=36042"},"modified":"2022-12-30T20:24:57","modified_gmt":"2022-12-30T20:24:57","slug":"euromillions","status":"publish","type":"page","link":"https:\/\/jackpotlotteryonline.com\/es\/como-se-juega\/euromillions\/","title":{"rendered":"Juega al Euro Millones"},"content":{"rendered":"<h2>Consigue un boleto de Euromillones online<\/h2>\n<p><img loading=\"lazy\" decoding=\"async\" class=\"alignright wp-image-18926\" src=\"http:\/\/jackpotlotteryonline.com\/wp-content\/uploads\/2022\/10\/2_ticket_euromillions3-111x300.jpg\" alt=\"billete de euromillones\" width=\"83\" height=\"224\" srcset=\"https:\/\/jackpotlotteryonline.com\/wp-content\/uploads\/2022\/10\/2_ticket_euromillions3-111x300.jpg 111w, https:\/\/jackpotlotteryonline.com\/wp-content\/uploads\/2022\/10\/2_ticket_euromillions3.jpg 180w\" sizes=\"auto, (max-width: 83px) 100vw, 83px\" \/><\/p>\n<p>Euromillones es una loter\u00eda que se celebra en varios pa\u00edses europeos como Francia, Reino Unido, Espa\u00f1a, Irlanda, B\u00e9lgica, Luxemburgo y Suiza. El bote de la loter\u00eda Euromillones online comienza con una cantidad de 15 millones de euros y el bote r\u00e9cord es de 190 millones de euros.<\/p>\n<p>Para jugar al bote de la loter\u00eda Euromillones hay que tener al menos 18 a\u00f1os, pero se puede jugar desde cualquier pa\u00eds del mundo, utilizando el servicio que ofrecemos en esta web. Lo que ofrecemos es bastante \u00fanico en el sentido de que da a todo el mundo, incluyendo pa\u00edses como Alemania, los Pa\u00edses Bajos, Italia, e incluso fuera de Europa, y m\u00e1s, una oportunidad de jugar y ganar el bote en l\u00ednea. Al proporcionar una opci\u00f3n de elecci\u00f3n de la suerte, es m\u00e1s f\u00e1cil seleccionar n\u00fameros al azar en lugar de presionar a sus propias c\u00e9lulas grises.<\/p>\n<h2>C\u00f3mo comprar su boleto para el bote de Euromillones desde fuera de Europa<\/h2>\n<p><a href=\"https:\/\/jackpotlotteryonline.com\/es\/comprar-boletos\/euromillions\">Comprar billetes para el bote de la loter\u00eda Euromillones<\/a> en l\u00ednea puede ser menos tedioso a trav\u00e9s de nosotros. Una vez que se registre en nuestro sitio y se verifique, s\u00f3lo tendr\u00e1 que seleccionar su loter\u00eda y hacer el pago requerido. Una vez hecho esto, un billete de loter\u00eda se compra en su nombre y un escaneo se carga en su cuenta, una vez que haya pagado a trav\u00e9s de su medio de pago seleccionado.<\/p>\n<p>Adem\u00e1s, si est\u00e1 interesado en seguir jugando al bote de Euromillones online durante alg\u00fan tiempo, puede seleccionar sus n\u00fameros o aleatorizarlos y puede participar en m\u00faltiples sorteos, pero s\u00f3lo tendr\u00e1 que pagar una vez cada varias semanas.<\/p>\n<h2>C\u00f3mo funciona el bote de la loter\u00eda Euromillones online<\/h2>\n<p><img loading=\"lazy\" decoding=\"async\" class=\"alignright wp-image-17411\" src=\"http:\/\/jackpotlotteryonline.com\/wp-content\/uploads\/2022\/10\/euromillions.png\" alt=\"jugar euromillones online\" width=\"143\" height=\"152\" \/><\/p>\n<p>Tiene que elegir cinco n\u00fameros entre el 1 y el 50 m\u00e1s 2 n\u00fameros adicionales de Lucky Star (entre el 1 y el 9) para ganar el bote. <a href=\"http:\/\/jackpotlotteryonline.com\/es\/numeros-ganadores\/euromillions\">El sorteo del bote de Euromillones<\/a> tiene lugar todos los viernes por la noche y, adem\u00e1s del bote, hay 11 niveles de premios. Las probabilidades de ganar al menos alg\u00fan premio son de una entre 24.<\/p>\n<h2>Comprobaci\u00f3n de los resultados<\/h2>\n<p>Una vez finalizado el sorteo, puede comprobar los resultados en l\u00ednea en cualquier momento. De hecho, puede utilizar su iPad, iPhone o cualquier otro dispositivo de este tipo para estar al tanto. Una vez que tenga la suerte de ganar un premio o el bote de la loter\u00eda Euromillones en l\u00ednea, tambi\u00e9n le ayudaremos a reclamar el premio y nos aseguraremos de que se le entregue.<\/p>\n<section class=\"layout\" style=\"border: solid 1px; width: 100%;\">\n<div class=\"img-div\" style=\"margin-top: 5px;\"><img decoding=\"async\" class=\"wp-image-17212 alignleft\" style=\"height: 45px; margin: 8px 8px 0px;\" src=\"http:\/\/jackpotlotteryonline.com\/wp-content\/uploads\/2022\/11\/read1.jpg\" alt=\"leer\" width=\"\" height=\"\" \/><\/div>\n<div style=\"padding-left: 5px;\">\n<div style=\"font-size: 1.1em;\">\n<p><strong>Las loter\u00edas con m\u00e1s probabilidades de ganar a lo grande<\/strong><\/p>\n<p style=\"font-size: 0.85em; margin-top: -1.5em;\">\u00bfQu\u00e9 loter\u00eda tiene las mejores probabilidades de ganar?\u00a0<a href=\"https:\/\/jackpotlotteryonline.com\/es\/que-loteria-tiene-mas-posibilidades-de-ganar\"> Seguir leyendo<\/a><\/p>\n<\/div>\n<\/div>\n<\/section>\n<h2>El bote de la loter\u00eda Euromillones online<\/h2>\n<p>El bote de Euromillones se lanz\u00f3 inicialmente el 7 de febrero de 2004 y celebr\u00f3 su primer sorteo en Par\u00eds el 13 de febrero de 2004. El premio mayor m\u00e1s notable fue en uno de los sorteos recientes (12 de julio de 2011), y la cantidad de 185.000.000 euros fue embolsada por Colin y Chris Weir de Glasgow (Reino Unido).<\/p>\n<p>El bote de la Loter\u00eda de Euromillones online no ha estado exento de esc\u00e1ndalos, principalmente el que se produjo en B\u00e9lgica en 2009. Sin embargo, no han tenido ninguna raz\u00f3n de peso y desde entonces han sido sofocados. As\u00ed que ya es hora de que pruebes tu suerte en una de las mayores ofertas monetarias de la historia.<\/p>\n","protected":false},"excerpt":{"rendered":"<p>Consigue un boleto de Euromillones online Euromillones es una loter\u00eda que se celebra en varios pa\u00edses europeos como Francia, Reino Unido, Espa\u00f1a, Irlanda, B\u00e9lgica, Luxemburgo y Suiza. El bote de la loter\u00eda Euromillones online comienza con una cantidad de 15 millones de euros y el bote r\u00e9cord es de 190 millones de euros. Para jugar [&hellip;]<\/p>\n","protected":false},"author":1,"featured_media":0,"parent":35723,"menu_order":3,"comment_status":"closed","ping_status":"closed","template":"euromillions.php","meta":{"_et_pb_use_builder":"","_et_pb_old_content":"","_et_gb_content_width":"","exclude_from_search":false,"footnotes":""},"class_list":["post-36042","page","type-page","status-publish","hentry"],"yoast_head":"<!-- This site is optimized with the Yoast SEO plugin v23.3 - https:\/\/yoast.com\/wordpress\/plugins\/seo\/ -->\n<title>Juega a Euromillones online desde cualquier lugar, incluso fuera de Europa<\/title>\n<meta name=\"description\" content=\"La loter\u00eda Euromillones es una de las m\u00e1s solicitadas. Ahora puedes jugar con un boleto online, incluso si est\u00e1s fuera de Europa\" \/>\n<meta name=\"robots\" content=\"index, follow, max-snippet:-1, max-image-preview:large, max-video-preview:-1\" \/>\n<link rel=\"canonical\" href=\"https:\/\/jackpotlotteryonline.com\/play-online\/euromillions\/\" \/>\n<meta property=\"og:locale\" content=\"es_ES\" \/>\n<meta property=\"og:type\" content=\"article\" \/>\n<meta property=\"og:title\" content=\"Juega a Euromillones online desde cualquier lugar, incluso fuera de Europa\" \/>\n<meta property=\"og:description\" content=\"La loter\u00eda Euromillones es una de las m\u00e1s solicitadas. Ahora puedes jugar con un boleto online, incluso si est\u00e1s fuera de Europa\" \/>\n<meta property=\"og:url\" content=\"https:\/\/jackpotlotteryonline.com\/play-online\/euromillions\/\" \/>\n<meta property=\"og:site_name\" content=\"Lotto Online - Crack The International Lottery Jackpots\" \/>\n<meta property=\"article:modified_time\" content=\"2022-12-30T20:24:57+00:00\" \/>\n<meta property=\"og:image\" content=\"http:\/\/jackpotlotteryonline.com\/wp-content\/uploads\/2022\/10\/2_ticket_euromillions3-111x300.jpg\" \/>\n<meta name=\"twitter:card\" content=\"summary_large_image\" \/>\n<meta name=\"twitter:label1\" content=\"Tiempo de lectura\" \/>\n\t<meta name=\"twitter:data1\" content=\"3 minutos\" \/>\n<!-- \/ Yoast SEO plugin. -->","yoast_head_json":{"title":"Juega a Euromillones online desde cualquier lugar, incluso fuera de Europa","description":"La loter\u00eda Euromillones es una de las m\u00e1s solicitadas. Ahora puedes jugar con un boleto online, incluso si est\u00e1s fuera de Europa","robots":{"index":"index","follow":"follow","max-snippet":"max-snippet:-1","max-image-preview":"max-image-preview:large","max-video-preview":"max-video-preview:-1"},"canonical":"https:\/\/jackpotlotteryonline.com\/play-online\/euromillions\/","og_locale":"es_ES","og_type":"article","og_title":"Juega a Euromillones online desde cualquier lugar, incluso fuera de Europa","og_description":"La loter\u00eda Euromillones es una de las m\u00e1s solicitadas. Ahora puedes jugar con un boleto online, incluso si est\u00e1s fuera de Europa","og_url":"https:\/\/jackpotlotteryonline.com\/play-online\/euromillions\/","og_site_name":"Lotto Online - Crack The International Lottery Jackpots","article_modified_time":"2022-12-30T20:24:57+00:00","og_image":[{"url":"http:\/\/jackpotlotteryonline.com\/wp-content\/uploads\/2022\/10\/2_ticket_euromillions3-111x300.jpg"}],"twitter_card":"summary_large_image","twitter_misc":{"Tiempo de lectura":"3 minutos"},"schema":{"@context":"https:\/\/schema.org","@graph":[{"@type":"WebPage","@id":"https:\/\/jackpotlotteryonline.com\/play-online\/euromillions\/","url":"https:\/\/jackpotlotteryonline.com\/play-online\/euromillions\/","name":"Juega a Euromillones online desde cualquier lugar, incluso fuera de Europa","isPartOf":{"@id":"https:\/\/jackpotlotteryonline.com\/#website"},"primaryImageOfPage":{"@id":"https:\/\/jackpotlotteryonline.com\/play-online\/euromillions\/#primaryimage"},"image":{"@id":"https:\/\/jackpotlotteryonline.com\/play-online\/euromillions\/#primaryimage"},"thumbnailUrl":"http:\/\/jackpotlotteryonline.com\/wp-content\/uploads\/2022\/10\/2_ticket_euromillions3-111x300.jpg","datePublished":"2022-11-03T08:40:11+00:00","dateModified":"2022-12-30T20:24:57+00:00","description":"La loter\u00eda Euromillones es una de las m\u00e1s solicitadas. Ahora puedes jugar con un boleto online, incluso si est\u00e1s fuera de Europa","breadcrumb":{"@id":"https:\/\/jackpotlotteryonline.com\/play-online\/euromillions\/#breadcrumb"},"inLanguage":"es","potentialAction":[{"@type":"ReadAction","target":["https:\/\/jackpotlotteryonline.com\/play-online\/euromillions\/"]}]},{"@type":"ImageObject","inLanguage":"es","@id":"https:\/\/jackpotlotteryonline.com\/play-online\/euromillions\/#primaryimage","url":"http:\/\/jackpotlotteryonline.com\/wp-content\/uploads\/2022\/10\/2_ticket_euromillions3-111x300.jpg","contentUrl":"http:\/\/jackpotlotteryonline.com\/wp-content\/uploads\/2022\/10\/2_ticket_euromillions3-111x300.jpg"},{"@type":"BreadcrumbList","@id":"https:\/\/jackpotlotteryonline.com\/play-online\/euromillions\/#breadcrumb","itemListElement":[{"@type":"ListItem","position":1,"name":"Home","item":"https:\/\/jackpotlotteryonline.com\/es\/"},{"@type":"ListItem","position":2,"name":"C\u00f3mo se juega","item":"https:\/\/jackpotlotteryonline.com\/es\/como-se-juega\/"},{"@type":"ListItem","position":3,"name":"Juega al Euro Millones"}]},{"@type":"WebSite","@id":"https:\/\/jackpotlotteryonline.com\/#website","url":"https:\/\/jackpotlotteryonline.com\/","name":"Lotto Online - Crack The International Lottery Jackpots","description":"","potentialAction":[{"@type":"SearchAction","target":{"@type":"EntryPoint","urlTemplate":"https:\/\/jackpotlotteryonline.com\/?s={search_term_string}"},"query-input":"required name=search_term_string"}],"inLanguage":"es"}]}},"_links":{"self":[{"href":"https:\/\/jackpotlotteryonline.com\/es\/wp-json\/wp\/v2\/pages\/36042","targetHints":{"allow":["GET"]}}],"collection":[{"href":"https:\/\/jackpotlotteryonline.com\/es\/wp-json\/wp\/v2\/pages"}],"about":[{"href":"https:\/\/jackpotlotteryonline.com\/es\/wp-json\/wp\/v2\/types\/page"}],"author":[{"embeddable":true,"href":"https:\/\/jackpotlotteryonline.com\/es\/wp-json\/wp\/v2\/users\/1"}],"replies":[{"embeddable":true,"href":"https:\/\/jackpotlotteryonline.com\/es\/wp-json\/wp\/v2\/comments?post=36042"}],"version-history":[{"count":0,"href":"https:\/\/jackpotlotteryonline.com\/es\/wp-json\/wp\/v2\/pages\/36042\/revisions"}],"up":[{"embeddable":true,"href":"https:\/\/jackpotlotteryonline.com\/es\/wp-json\/wp\/v2\/pages\/35723"}],"wp:attachment":[{"href":"https:\/\/jackpotlotteryonline.com\/es\/wp-json\/wp\/v2\/media?parent=36042"}],"curies":[{"name":"wp","href":"https:\/\/api.w.org\/{rel}","templated":true}]}}