{"id":36095,"date":"2022-11-03T10:14:10","date_gmt":"2022-11-03T10:14:10","guid":{"rendered":"https:\/\/jackpotlotteryonline.com\/?page_id=36095"},"modified":"2022-12-30T21:12:30","modified_gmt":"2022-12-30T21:12:30","slug":"eurojackpot","status":"publish","type":"page","link":"https:\/\/jackpotlotteryonline.com\/es\/como-se-juega\/eurojackpot\/","title":{"rendered":"EuroJackpot"},"content":{"rendered":"<h2>C\u00f3mo participar en el Eurojackpot desde cualquier pa\u00eds<\/h2>\n<p><strong>El Eurojackpot<\/strong>, junto con el Euromillones, es una de las loter\u00edas m\u00e1s grandes y populares de toda Europa y es jugado por millones de personas en todo el mundo cada semana. El Eurojackpot se cre\u00f3 por primera vez en 1994, sin embargo, con varios cambios en las reglas y el formato, se retras\u00f3 unos a\u00f1os hasta que finalmente se lanz\u00f3 y estuvo listo para jugar en Europa en el a\u00f1o 2004.<br \/>\n<img loading=\"lazy\" decoding=\"async\" class=\"alignright wp-image-18574\" src=\"https:\/\/jackpotlotteryonline.com\/wp-content\/uploads\/2022\/10\/1_online_ticket_eurojackpot2.jpg\" alt=\"jugar al eurojackpot online\" width=\"260\" height=\"173\" \/><\/p>\n<p>Desde que se celebr\u00f3 el primer sorteo en 2004, millones de personas han jugado a este incre\u00edble juego de azar, y ha habido muchos ganadores del bote, algunos de los cuales han tenido la suerte de llevarse premios de m\u00e1s de 180 millones de euros.<\/p>\n<p>Con un premio est\u00e1ndar de 15 millones de euros, no es de extra\u00f1ar que millones de personas jueguen al EuroJackpot cada semana. Las reglas son muy sencillas: para jugar y ganar el bote, debe elegir correctamente 5 n\u00fameros, de un rango entre el 1 y el 50, adem\u00e1s de acertar otros 2 n\u00fameros denominados &#8220;estrellas de la suerte&#8221; entre el 1 y el 11.<\/p>\n<p><a href=\"https:\/\/jackpotlotteryonline.com\/es\/comprar-boletos\/eurojackpot\">Obtenga ahora su boleto online<\/a> a trav\u00e9s de nuestro servicio: \u00a1cualquiera puede participar y ganar!<\/p>\n<section class=\"layout\" style=\"border: solid 1px; width: 100%;\">\n<div class=\"img-div\" style=\"margin-top: 5px;\"><img decoding=\"async\" class=\"wp-image-17212 alignleft\" style=\"height: 45px; margin: 8px 8px 0px;\" src=\"https:\/\/jackpotlotteryonline.com\/wp-content\/uploads\/2022\/11\/read1.jpg\" alt=\"leer\" width=\"\" height=\"\" \/><\/div>\n<div style=\"padding-left: 5px;\">\n<div style=\"font-size: 1.1em;\">\n<p><strong>\u00bfQu\u00e9 loter\u00eda internacional es la mejor?<\/strong><\/p>\n<p style=\"font-size: 0.85em; margin-top: -1.5em;\">Cual de las Loterias Internacionales tiene las mejores probabilidades de ganar \u00a0<a href=\"https:\/\/jackpotlotteryonline.com\/es\/que-loteria-internacional-es-la-mejor\"> Seguir leyendo<\/a><\/p>\n<\/div>\n<\/div>\n<\/section>\n<h2>Comprar un boleto para el EuroJackpot en l\u00ednea<\/h2>\n<p><strong>Lo mejor de jugar al EuroJackpot online<\/strong> es que hay muchos premios por ganar, as\u00ed que si no es el ganador del bote, no se preocupe, ya que podr\u00eda tener la oportunidad de ganar grandes premios en met\u00e1lico. Adem\u00e1s del gran premio del bote que podr\u00eda ganar al comprar un boleto para el EuroJackpot online, hay 13 premios diferentes que puede ganar.<br \/>\n<img loading=\"lazy\" decoding=\"async\" class=\"alignright size-medium wp-image-18736\" src=\"https:\/\/jackpotlotteryonline.com\/wp-content\/uploads\/2022\/10\/2_ticket_eurojackpot-141x300.jpg\" alt=\"billete de eurojackpot\" width=\"141\" height=\"300\" srcset=\"https:\/\/jackpotlotteryonline.com\/wp-content\/uploads\/2022\/10\/2_ticket_eurojackpot-141x300.jpg 141w, https:\/\/jackpotlotteryonline.com\/wp-content\/uploads\/2022\/10\/2_ticket_eurojackpot.jpg 150w\" sizes=\"auto, (max-width: 141px) 100vw, 141px\" \/><\/p>\n<p>Si no hay ning\u00fan ganador del premio mayor, el Eurojackpot pasa a otra semana. Por ello, en el pasado ha habido enormes botes de 100 millones de euros o m\u00e1s. La loter\u00eda suele ser jugada por residentes de pa\u00edses europeos, por lo que cada semana los participantes de lugares como el Reino Unido, Francia, Alemania y Suiza compran boletos para el EuroJackpot en l\u00ednea.<\/p>\n<p>Comprar un billete de loter\u00eda en l\u00ednea se est\u00e1 convirtiendo r\u00e1pidamente en la forma m\u00e1s popular de jugar a la loter\u00eda Eurojackpot. Las reglas son las mismas, sin embargo, todo el proceso de juego es mucho m\u00e1s r\u00e1pido y f\u00e1cil en cuanto a la compra de su billete. Por ejemplo, en lugar de dirigirse a su tienda local para comprar un billete f\u00edsico, puede simplemente conectarse al sitio de juegos y seleccionar sus propios n\u00fameros desde la comodidad de su casa o incluso de su oficina en cuesti\u00f3n de segundos.<\/p>\n<p>Una vez que haya seleccionado sus n\u00fameros de la suerte, o incluso varios conjuntos de n\u00fameros si realmente quiere aumentar sus posibilidades de ganar, puede pagar su billete en l\u00ednea de forma segura. Despu\u00e9s de cada<a href=\"https:\/\/jackpotlotteryonline.com\/es\/numeros-ganadores\/euromillions\"> sorteo de la loter\u00eda Eurojackpot,<\/a> los resultados se actualizar\u00e1n en l\u00ednea en un momento despu\u00e9s de que se revele el \u00faltimo n\u00famero de cada semana. Esto significa que usted puede simplemente entrar en su cuenta de nuevo, y ver los n\u00fameros ganadores en segundos, eliminando la necesidad de buscar en los peri\u00f3dicos para los resultados.<\/p>\n<p>Adem\u00e1s, cuando juegue al EuroJackpot online con nosotros, tambi\u00e9n se le enviar\u00e1 un correo electr\u00f3nico autom\u00e1ticamente si ha acertado alg\u00fan n\u00famero.<\/p>\n","protected":false},"excerpt":{"rendered":"<p>C\u00f3mo participar en el Eurojackpot desde cualquier pa\u00eds El Eurojackpot, junto con el Euromillones, es una de las loter\u00edas m\u00e1s grandes y populares de toda Europa y es jugado por millones de personas en todo el mundo cada semana. El Eurojackpot se cre\u00f3 por primera vez en 1994, sin embargo, con varios cambios en las [&hellip;]<\/p>\n","protected":false},"author":1,"featured_media":0,"parent":35723,"menu_order":4,"comment_status":"closed","ping_status":"closed","template":"eurojackpot.php","meta":{"_et_pb_use_builder":"","_et_pb_old_content":"","_et_gb_content_width":"","exclude_from_search":false,"footnotes":""},"class_list":["post-36095","page","type-page","status-publish","hentry"],"yoast_head":"<!-- This site is optimized with the Yoast SEO plugin v23.3 - https:\/\/yoast.com\/wordpress\/plugins\/seo\/ -->\n<title>Juega al Eurojackpot online, incluso desde fuera de Europa<\/title>\n<meta name=\"description\" content=\"\u00a1Jugar al Eurojackpot online te acerca a ser millonario!\" \/>\n<meta name=\"robots\" content=\"index, follow, max-snippet:-1, max-image-preview:large, max-video-preview:-1\" \/>\n<link rel=\"canonical\" href=\"https:\/\/jackpotlotteryonline.com\/play-online\/eurojackpot\/\" \/>\n<meta property=\"og:locale\" content=\"es_ES\" \/>\n<meta property=\"og:type\" content=\"article\" \/>\n<meta property=\"og:title\" content=\"Juega al Eurojackpot online, incluso desde fuera de Europa\" \/>\n<meta property=\"og:description\" content=\"\u00a1Jugar al Eurojackpot online te acerca a ser millonario!\" \/>\n<meta property=\"og:url\" content=\"https:\/\/jackpotlotteryonline.com\/play-online\/eurojackpot\/\" \/>\n<meta property=\"og:site_name\" content=\"Lotto Online - Crack The International Lottery Jackpots\" \/>\n<meta property=\"article:modified_time\" content=\"2022-12-30T21:12:30+00:00\" \/>\n<meta property=\"og:image\" content=\"https:\/\/jackpotlotteryonline.com\/wp-content\/uploads\/2022\/10\/1_online_ticket_eurojackpot2.jpg\" \/>\n<meta name=\"twitter:card\" content=\"summary_large_image\" \/>\n<meta name=\"twitter:label1\" content=\"Tiempo de lectura\" \/>\n\t<meta name=\"twitter:data1\" content=\"3 minutos\" \/>\n<!-- \/ Yoast SEO plugin. -->","yoast_head_json":{"title":"Juega al Eurojackpot online, incluso desde fuera de Europa","description":"\u00a1Jugar al Eurojackpot online te acerca a ser millonario!","robots":{"index":"index","follow":"follow","max-snippet":"max-snippet:-1","max-image-preview":"max-image-preview:large","max-video-preview":"max-video-preview:-1"},"canonical":"https:\/\/jackpotlotteryonline.com\/play-online\/eurojackpot\/","og_locale":"es_ES","og_type":"article","og_title":"Juega al Eurojackpot online, incluso desde fuera de Europa","og_description":"\u00a1Jugar al Eurojackpot online te acerca a ser millonario!","og_url":"https:\/\/jackpotlotteryonline.com\/play-online\/eurojackpot\/","og_site_name":"Lotto Online - Crack The International Lottery Jackpots","article_modified_time":"2022-12-30T21:12:30+00:00","og_image":[{"url":"https:\/\/jackpotlotteryonline.com\/wp-content\/uploads\/2022\/10\/1_online_ticket_eurojackpot2.jpg"}],"twitter_card":"summary_large_image","twitter_misc":{"Tiempo de lectura":"3 minutos"},"schema":{"@context":"https:\/\/schema.org","@graph":[{"@type":"WebPage","@id":"https:\/\/jackpotlotteryonline.com\/play-online\/eurojackpot\/","url":"https:\/\/jackpotlotteryonline.com\/play-online\/eurojackpot\/","name":"Juega al Eurojackpot online, incluso desde fuera de Europa","isPartOf":{"@id":"https:\/\/jackpotlotteryonline.com\/#website"},"primaryImageOfPage":{"@id":"https:\/\/jackpotlotteryonline.com\/play-online\/eurojackpot\/#primaryimage"},"image":{"@id":"https:\/\/jackpotlotteryonline.com\/play-online\/eurojackpot\/#primaryimage"},"thumbnailUrl":"https:\/\/jackpotlotteryonline.com\/wp-content\/uploads\/2022\/10\/1_online_ticket_eurojackpot2.jpg","datePublished":"2022-11-03T10:14:10+00:00","dateModified":"2022-12-30T21:12:30+00:00","description":"\u00a1Jugar al Eurojackpot online te acerca a ser millonario!","breadcrumb":{"@id":"https:\/\/jackpotlotteryonline.com\/play-online\/eurojackpot\/#breadcrumb"},"inLanguage":"es","potentialAction":[{"@type":"ReadAction","target":["https:\/\/jackpotlotteryonline.com\/play-online\/eurojackpot\/"]}]},{"@type":"ImageObject","inLanguage":"es","@id":"https:\/\/jackpotlotteryonline.com\/play-online\/eurojackpot\/#primaryimage","url":"https:\/\/jackpotlotteryonline.com\/wp-content\/uploads\/2022\/10\/1_online_ticket_eurojackpot2.jpg","contentUrl":"https:\/\/jackpotlotteryonline.com\/wp-content\/uploads\/2022\/10\/1_online_ticket_eurojackpot2.jpg"},{"@type":"BreadcrumbList","@id":"https:\/\/jackpotlotteryonline.com\/play-online\/eurojackpot\/#breadcrumb","itemListElement":[{"@type":"ListItem","position":1,"name":"Home","item":"https:\/\/jackpotlotteryonline.com\/es\/"},{"@type":"ListItem","position":2,"name":"C\u00f3mo se juega","item":"https:\/\/jackpotlotteryonline.com\/es\/como-se-juega\/"},{"@type":"ListItem","position":3,"name":"EuroJackpot"}]},{"@type":"WebSite","@id":"https:\/\/jackpotlotteryonline.com\/#website","url":"https:\/\/jackpotlotteryonline.com\/","name":"Lotto Online - Crack The International Lottery Jackpots","description":"","potentialAction":[{"@type":"SearchAction","target":{"@type":"EntryPoint","urlTemplate":"https:\/\/jackpotlotteryonline.com\/?s={search_term_string}"},"query-input":"required name=search_term_string"}],"inLanguage":"es"}]}},"_links":{"self":[{"href":"https:\/\/jackpotlotteryonline.com\/es\/wp-json\/wp\/v2\/pages\/36095","targetHints":{"allow":["GET"]}}],"collection":[{"href":"https:\/\/jackpotlotteryonline.com\/es\/wp-json\/wp\/v2\/pages"}],"about":[{"href":"https:\/\/jackpotlotteryonline.com\/es\/wp-json\/wp\/v2\/types\/page"}],"author":[{"embeddable":true,"href":"https:\/\/jackpotlotteryonline.com\/es\/wp-json\/wp\/v2\/users\/1"}],"replies":[{"embeddable":true,"href":"https:\/\/jackpotlotteryonline.com\/es\/wp-json\/wp\/v2\/comments?post=36095"}],"version-history":[{"count":0,"href":"https:\/\/jackpotlotteryonline.com\/es\/wp-json\/wp\/v2\/pages\/36095\/revisions"}],"up":[{"embeddable":true,"href":"https:\/\/jackpotlotteryonline.com\/es\/wp-json\/wp\/v2\/pages\/35723"}],"wp:attachment":[{"href":"https:\/\/jackpotlotteryonline.com\/es\/wp-json\/wp\/v2\/media?parent=36095"}],"curies":[{"name":"wp","href":"https:\/\/api.w.org\/{rel}","templated":true}]}}