{"id":36149,"date":"2022-11-03T13:50:51","date_gmt":"2022-11-03T13:50:51","guid":{"rendered":"https:\/\/jackpotlotteryonline.com\/?page_id=36149"},"modified":"2022-12-31T07:47:03","modified_gmt":"2022-12-31T07:47:03","slug":"superenalotto","status":"publish","type":"page","link":"https:\/\/jackpotlotteryonline.com\/es\/como-se-juega\/superenalotto\/","title":{"rendered":"SuperEnaLotto Italia"},"content":{"rendered":"<h2>Superenalotto Italia<\/h2>\n<p>Esta es la loter\u00eda italiana que se sorte\u00f3 por primera vez el 3 de diciembre de 1997, y el bote de la <strong>Superenalotto online<\/strong> alcanza sumas astron\u00f3micas muy a menudo. Se sortea cada martes, jueves y s\u00e1bado en punto de las 20:00 horas. Al tratarse de los mayores botes, las probabilidades de ganar esta loter\u00eda son de las m\u00e1s bajas. Se sabe que la <strong>Superenalotto Italia<\/strong> alcanza importes de bote de m\u00e1s de 250 millones de euros.<\/p>\n<section class=\"layout\" style=\"border: solid 1px; width: 100%;\">\n<div class=\"img-div\" style=\"margin-top: 5px;\"><img decoding=\"async\" class=\"wp-image-17212 alignleft\" style=\"height: 45px; margin: 8px 8px 0px;\" src=\"https:\/\/jackpotlotteryonline.com\/wp-content\/uploads\/2022\/11\/read1.jpg\" alt=\"leer\" width=\"\" height=\"\" \/><\/div>\n<div style=\"padding-left: 5px;\">\n<div style=\"font-size: 1.1em;\">\n<p><strong>Loter\u00edas europeas<\/strong><\/p>\n<p style=\"font-size: 0.85em; margin-top: -1.5em;\">\u00bfQu\u00e9 loter\u00edas europeas son las mejores?\u00a0<a href=\"https:\/\/jackpotlotteryonline.com\/es\/que-loterias-europeas-son-las-mejores\"> Seguir leyendo<\/a><\/p>\n<\/div>\n<\/div>\n<\/section>\n<h2>C\u00f3mo funciona la Superenalotto<\/h2>\n<p><img loading=\"lazy\" decoding=\"async\" class=\"alignright wp-image-17735\" src=\"https:\/\/jackpotlotteryonline.com\/wp-content\/uploads\/2022\/10\/logo_superenalotto.png\" alt=\"jugar a la superenalotto online\" width=\"168\" height=\"178\" \/><\/p>\n<p><strong>La Superenalotto<\/strong> consiste en acertar 6 n\u00fameros de un total de 90. <a href=\"https:\/\/jackpotlotteryonline.com\/es\/numeros-ganadores\/superenalotto\">El sorteo principal<\/a> incluye el sorteo de los 6 n\u00fameros que incluyen el n\u00famero Jolly, y luego se realiza un segundo sorteo independiente para el n\u00famero Superenalotto. Para tener alguna posibilidad de ganar algo en<strong> la Superenalotto Italia<\/strong>, hay que acertar al menos 3 n\u00fameros y las probabilidades de conseguirlo son de 1 entre 327. Para ganar el bote, las probabilidades son de 1 entre 622 millones.<\/p>\n<p>El n\u00famero de la Superestrella tiene un coste adicional, pero si tiene el juego y la suerte de acertarlo, puede multiplicar el premio por 100. De hecho, si acierta el n\u00famero Superestrella y no acierta los seis n\u00fameros b\u00e1sicos, tambi\u00e9n puede llevarse una cantidad fija en premios.<\/p>\n<h2>\u00bfQu\u00e9 puede ganar con el bote de la Superenalotto?<\/h2>\n<p>En el a\u00f1o 2022 se ha creado el mayor bote de la historia de <strong>la Superenalotto Italia, que actualmente asciende<\/strong> a 295 millones de euros. Este es, con mucho, el mayor bote que se ha ganado en la historia de la loter\u00eda de Italia, y en el momento de actualizar esta p\u00e1gina, \u00a1todav\u00eda no se ha encontrado ning\u00fan ganador!<br \/>\n<img loading=\"lazy\" decoding=\"async\" class=\"alignright size-medium wp-image-19493\" src=\"https:\/\/jackpotlotteryonline.com\/wp-content\/uploads\/2022\/10\/2_ticket_superenalotto4-211x300.jpg\" alt=\"billete de superenalotto\" width=\"211\" height=\"300\" srcset=\"https:\/\/jackpotlotteryonline.com\/wp-content\/uploads\/2022\/10\/2_ticket_superenalotto4-211x300.jpg 211w, https:\/\/jackpotlotteryonline.com\/wp-content\/uploads\/2022\/10\/2_ticket_superenalotto4.jpg 300w\" sizes=\"auto, (max-width: 211px) 100vw, 211px\" \/><\/p>\n<p>Sin embargo, no hay raz\u00f3n para desanimarse. De hecho, cuanto m\u00e1s altas sean las probabilidades, m\u00e1s alto ser\u00e1 el bote que se gane y mejor ser\u00e1 el subid\u00f3n de adrenalina. La loter\u00eda siempre ha sido un juego de azar y lo m\u00e1s probable es que usted sea el pr\u00f3ximo afortunado.<\/p>\n<p>El mejor aspecto del bote de <strong>la loter\u00eda Superena en l\u00ednea<\/strong> es que cualquier persona de cualquier parte del mundo puede participar en ella, incluso desde fuera de Italia, y la \u00fanica base de participaci\u00f3n es que uno debe ser mayor de 18 a\u00f1os. N<strong>uestro sitio web<\/strong> le ofrece la <a href=\"https:\/\/jackpotlotteryonline.com\/es\/comprar-boletos\/superenalotto\">mejor oportunidad para la Superenalotto Italia<\/a> y si a\u00fan no ha jugado, est\u00e1 tentando su suerte en el lugar equivocado.<\/p>\n<p>Una vez que se haya registrado en nuestro sitio web y haya verificado sus credenciales, todo lo que necesita hacer es seleccionar sus n\u00fameros y realizar el pago para asegurarse de que ha reservado su asiento en el autob\u00fas a millones. Nuestro representante local comprar\u00e1 su boleto localmente con los n\u00fameros que usted especific\u00f3 y se asegurar\u00e1 de que usted podr\u00e1 ver un escaneo de ese boleto poco despu\u00e9s..<\/p>\n<p>Mientras que ganar la<strong> Superenalotto Italia<\/strong> es una cuesti\u00f3n de probabilidades desfavorables, tambi\u00e9n puede consultar las otras loter\u00edas del mundo a las que puede jugar en l\u00ednea, con la ayuda de nuestro servicio.<\/p>\n<p>Selecciona tus juegos de azar favoritos y aumenta tus porcentajes de ganancia uni\u00e9ndote a la comunidad de nuestros usuarios hoy mismo. Es hora de que pongas tu suerte a prueba.<\/p>\n","protected":false},"excerpt":{"rendered":"<p>Superenalotto Italia Esta es la loter\u00eda italiana que se sorte\u00f3 por primera vez el 3 de diciembre de 1997, y el bote de la Superenalotto online alcanza sumas astron\u00f3micas muy a menudo. Se sortea cada martes, jueves y s\u00e1bado en punto de las 20:00 horas. Al tratarse de los mayores botes, las probabilidades de ganar [&hellip;]<\/p>\n","protected":false},"author":1,"featured_media":0,"parent":35723,"menu_order":5,"comment_status":"closed","ping_status":"closed","template":"superenalotto.php","meta":{"_et_pb_use_builder":"","_et_pb_old_content":"","_et_gb_content_width":"","exclude_from_search":false,"footnotes":""},"class_list":["post-36149","page","type-page","status-publish","hentry"],"yoast_head":"<!-- This site is optimized with the Yoast SEO plugin v23.3 - https:\/\/yoast.com\/wordpress\/plugins\/seo\/ -->\n<title>Juega a la SuperEnaLotto en l\u00ednea desde fuera de Italia<\/title>\n<meta name=\"description\" content=\"La Superenalotto puede parecer un hueso duro de roer pero si te toca el premio gordo, ganas a lo grande. \u00a1Juega a la Superenalotto desde fuera de Italia aqu\u00ed!\" \/>\n<meta name=\"robots\" content=\"index, follow, max-snippet:-1, max-image-preview:large, max-video-preview:-1\" \/>\n<link rel=\"canonical\" href=\"https:\/\/jackpotlotteryonline.com\/play-online\/superenalotto\/\" \/>\n<meta property=\"og:locale\" content=\"es_ES\" \/>\n<meta property=\"og:type\" content=\"article\" \/>\n<meta property=\"og:title\" content=\"Juega a la SuperEnaLotto en l\u00ednea desde fuera de Italia\" \/>\n<meta property=\"og:description\" content=\"La Superenalotto puede parecer un hueso duro de roer pero si te toca el premio gordo, ganas a lo grande. \u00a1Juega a la Superenalotto desde fuera de Italia aqu\u00ed!\" \/>\n<meta property=\"og:url\" content=\"https:\/\/jackpotlotteryonline.com\/play-online\/superenalotto\/\" \/>\n<meta property=\"og:site_name\" content=\"Lotto Online - Crack The International Lottery Jackpots\" \/>\n<meta property=\"article:modified_time\" content=\"2022-12-31T07:47:03+00:00\" \/>\n<meta property=\"og:image\" content=\"https:\/\/jackpotlotteryonline.com\/wp-content\/uploads\/2022\/11\/read1.jpg\" \/>\n<meta name=\"twitter:card\" content=\"summary_large_image\" \/>\n<meta name=\"twitter:label1\" content=\"Tiempo de lectura\" \/>\n\t<meta name=\"twitter:data1\" content=\"3 minutos\" \/>\n<!-- \/ Yoast SEO plugin. -->","yoast_head_json":{"title":"Juega a la SuperEnaLotto en l\u00ednea desde fuera de Italia","description":"La Superenalotto puede parecer un hueso duro de roer pero si te toca el premio gordo, ganas a lo grande. \u00a1Juega a la Superenalotto desde fuera de Italia aqu\u00ed!","robots":{"index":"index","follow":"follow","max-snippet":"max-snippet:-1","max-image-preview":"max-image-preview:large","max-video-preview":"max-video-preview:-1"},"canonical":"https:\/\/jackpotlotteryonline.com\/play-online\/superenalotto\/","og_locale":"es_ES","og_type":"article","og_title":"Juega a la SuperEnaLotto en l\u00ednea desde fuera de Italia","og_description":"La Superenalotto puede parecer un hueso duro de roer pero si te toca el premio gordo, ganas a lo grande. \u00a1Juega a la Superenalotto desde fuera de Italia aqu\u00ed!","og_url":"https:\/\/jackpotlotteryonline.com\/play-online\/superenalotto\/","og_site_name":"Lotto Online - Crack The International Lottery Jackpots","article_modified_time":"2022-12-31T07:47:03+00:00","og_image":[{"url":"https:\/\/jackpotlotteryonline.com\/wp-content\/uploads\/2022\/11\/read1.jpg"}],"twitter_card":"summary_large_image","twitter_misc":{"Tiempo de lectura":"3 minutos"},"schema":{"@context":"https:\/\/schema.org","@graph":[{"@type":"WebPage","@id":"https:\/\/jackpotlotteryonline.com\/play-online\/superenalotto\/","url":"https:\/\/jackpotlotteryonline.com\/play-online\/superenalotto\/","name":"Juega a la SuperEnaLotto en l\u00ednea desde fuera de Italia","isPartOf":{"@id":"https:\/\/jackpotlotteryonline.com\/#website"},"primaryImageOfPage":{"@id":"https:\/\/jackpotlotteryonline.com\/play-online\/superenalotto\/#primaryimage"},"image":{"@id":"https:\/\/jackpotlotteryonline.com\/play-online\/superenalotto\/#primaryimage"},"thumbnailUrl":"https:\/\/jackpotlotteryonline.com\/wp-content\/uploads\/2022\/11\/read1.jpg","datePublished":"2022-11-03T13:50:51+00:00","dateModified":"2022-12-31T07:47:03+00:00","description":"La Superenalotto puede parecer un hueso duro de roer pero si te toca el premio gordo, ganas a lo grande. \u00a1Juega a la Superenalotto desde fuera de Italia aqu\u00ed!","breadcrumb":{"@id":"https:\/\/jackpotlotteryonline.com\/play-online\/superenalotto\/#breadcrumb"},"inLanguage":"es","potentialAction":[{"@type":"ReadAction","target":["https:\/\/jackpotlotteryonline.com\/play-online\/superenalotto\/"]}]},{"@type":"ImageObject","inLanguage":"es","@id":"https:\/\/jackpotlotteryonline.com\/play-online\/superenalotto\/#primaryimage","url":"https:\/\/jackpotlotteryonline.com\/wp-content\/uploads\/2022\/11\/read1.jpg","contentUrl":"https:\/\/jackpotlotteryonline.com\/wp-content\/uploads\/2022\/11\/read1.jpg"},{"@type":"BreadcrumbList","@id":"https:\/\/jackpotlotteryonline.com\/play-online\/superenalotto\/#breadcrumb","itemListElement":[{"@type":"ListItem","position":1,"name":"Home","item":"https:\/\/jackpotlotteryonline.com\/es\/"},{"@type":"ListItem","position":2,"name":"C\u00f3mo se juega","item":"https:\/\/jackpotlotteryonline.com\/es\/como-se-juega\/"},{"@type":"ListItem","position":3,"name":"SuperEnaLotto Italia"}]},{"@type":"WebSite","@id":"https:\/\/jackpotlotteryonline.com\/#website","url":"https:\/\/jackpotlotteryonline.com\/","name":"Lotto Online - Crack The International Lottery Jackpots","description":"","potentialAction":[{"@type":"SearchAction","target":{"@type":"EntryPoint","urlTemplate":"https:\/\/jackpotlotteryonline.com\/?s={search_term_string}"},"query-input":"required name=search_term_string"}],"inLanguage":"es"}]}},"_links":{"self":[{"href":"https:\/\/jackpotlotteryonline.com\/es\/wp-json\/wp\/v2\/pages\/36149","targetHints":{"allow":["GET"]}}],"collection":[{"href":"https:\/\/jackpotlotteryonline.com\/es\/wp-json\/wp\/v2\/pages"}],"about":[{"href":"https:\/\/jackpotlotteryonline.com\/es\/wp-json\/wp\/v2\/types\/page"}],"author":[{"embeddable":true,"href":"https:\/\/jackpotlotteryonline.com\/es\/wp-json\/wp\/v2\/users\/1"}],"replies":[{"embeddable":true,"href":"https:\/\/jackpotlotteryonline.com\/es\/wp-json\/wp\/v2\/comments?post=36149"}],"version-history":[{"count":0,"href":"https:\/\/jackpotlotteryonline.com\/es\/wp-json\/wp\/v2\/pages\/36149\/revisions"}],"up":[{"embeddable":true,"href":"https:\/\/jackpotlotteryonline.com\/es\/wp-json\/wp\/v2\/pages\/35723"}],"wp:attachment":[{"href":"https:\/\/jackpotlotteryonline.com\/es\/wp-json\/wp\/v2\/media?parent=36149"}],"curies":[{"name":"wp","href":"https:\/\/api.w.org\/{rel}","templated":true}]}}