{"id":36211,"date":"2022-11-04T07:00:10","date_gmt":"2022-11-04T07:00:10","guid":{"rendered":"https:\/\/jackpotlotteryonline.com\/?page_id=36211"},"modified":"2023-01-03T08:35:07","modified_gmt":"2023-01-03T08:35:07","slug":"el-gordo","status":"publish","type":"page","link":"https:\/\/jackpotlotteryonline.com\/es\/como-se-juega\/el-gordo\/","title":{"rendered":"Jugar a El Gordo de la Loter\u00eda en Espa\u00f1a"},"content":{"rendered":"<h2>El Gordo de la loter\u00eda en l\u00ednea<\/h2>\n<p><img loading=\"lazy\" decoding=\"async\" class=\"alignright wp-image-18709\" src=\"https:\/\/jackpotlotteryonline.com\/wp-content\/uploads\/2022\/10\/2_ticket_el_gordo3-218x300.jpg\" alt=\"billete de el gordo\" width=\"174\" height=\"239\" srcset=\"https:\/\/jackpotlotteryonline.com\/wp-content\/uploads\/2022\/10\/2_ticket_el_gordo3-218x300.jpg 218w, https:\/\/jackpotlotteryonline.com\/wp-content\/uploads\/2022\/10\/2_ticket_el_gordo3.jpg 570w\" sizes=\"auto, (max-width: 174px) 100vw, 174px\" \/><\/p>\n<p>El espa\u00f1ol medio gast\u00f3 la impresionante cantidad de 60 euros en el bote de la loter\u00eda de El Gordo en 2009. Bueno, la cifra de 60 euros puede no parecer gran cosa, pero si se multiplica por la poblaci\u00f3n espa\u00f1ola, se puede quedar boquiabierto. M\u00e1s conocida por la edici\u00f3n de la loter\u00eda de Navidad en Espa\u00f1a, la loter\u00eda de El Gordo es tambi\u00e9n un evento semanal.<\/p>\n<p>Es una loter\u00eda con <a href=\"https:\/\/jackpotlotteryonline.com\/es\/numeros-ganadores\/el-gordo-draw-results\">un sorteo a la semana (cada domingo)<\/a>, y hay que elegir 5 n\u00fameros de un rango de 54 n\u00fameros. El nombre de El Gordo, por cierto, es &#8220;The Big One&#8221; en espa\u00f1ol.<\/p>\n<h2>El sorteo de Navidad de El Gordo<\/h2>\n<p>Se juega una vez al a\u00f1o en la \u00e9poca de Navidad, El Gordo Navidad es muy diferente de las otras loter\u00edas comparables del mundo, ya que s\u00f3lo hay 85000 n\u00fameros de loter\u00eda disponibles (del 00000 al 84999) y el sorteo es un evento muy especial que lleva mucho tiempo preparar y ejecutar.<\/p>\n<section class=\"layout\" style=\"border: solid 1px; width: 100%;\">\n<div class=\"img-div\" style=\"margin-top: 5px;\"><img decoding=\"async\" class=\"wp-image-17212 alignleft\" style=\"height: 45px; margin: 8px 8px 0px;\" src=\"https:\/\/jackpotlotteryonline.com\/wp-content\/uploads\/2022\/11\/read1.jpg\" alt=\"leer\" width=\"\" height=\"\" \/><\/div>\n<div style=\"padding-left: 5px;\">\n<div style=\"font-size: 1.1em;\">\n<p><strong>No te pierdas los horarios de los sorteos de los mayores botes de loter\u00eda del mundo<\/strong><\/p>\n<p style=\"font-size: 0.85em; margin-top: -1.5em;\">Una lista de los horarios de los sorteos de las loter\u00edas internacionales\u00a0<a href=\"https:\/\/jackpotlotteryonline.com\/es\/horarios-de-los-sorteos-de-las-loterias-internacionales\"> Seguir leyendo<\/a><\/p>\n<\/div>\n<\/div>\n<\/section>\n<h2>\u00bfPor qu\u00e9 es \u00fanico el Gordo de Navidad?<\/h2>\n<p><img loading=\"lazy\" decoding=\"async\" class=\"alignright size-full wp-image-17870\" src=\"https:\/\/jackpotlotteryonline.com\/wp-content\/uploads\/2022\/10\/lotto_euros.jpg\" alt=\"ganar navidad El Gordo\" width=\"225\" height=\"134\" \/><\/p>\n<p>El sorteo en s\u00ed es muy singular y diferente. Apenas hay maquinaria ni tecnolog\u00eda. Una enorme esfera se llena de bolas de madera, cada una de las cuales tiene uno de los n\u00fameros de 5 d\u00edgitos. Una segunda esfera contiene las bolas con los premios. El sorteo lo realizan dos ni\u00f1os, que sacan una bola de cada esfera, que define el n\u00famero ganador y el premio que ha obtenido ese n\u00famero.<\/p>\n<p>Sorteado \u00edntegramente por manos humanas, el bote de la loter\u00eda de El Gordo Online es muy singular y uno de los m\u00e1s codiciados de la Europa continental. Hay tres premios principales y m\u00e1s de 1000 premios menores, y los n\u00fameros que coinciden parcialmente con los tres primeros premios tambi\u00e9n ganan algo. As\u00ed que las posibilidades de ganar aumentan bastante.<\/p>\n<p>El Gordo es uno de los botes de loter\u00eda m\u00e1s grandes del mundo, con un premio total de m\u00e1s de 3.000 millones de euros cada a\u00f1o (a partir de ahora y en constante aumento). No es necesario ser espa\u00f1ol o ciudadano europeo, cualquier persona mayor de 18 a\u00f1os puede jugar a la loter\u00eda de El Gordo.<\/p>\n<h2>\u00bfC\u00f3mo y por qu\u00e9 deber\u00eda jugar a El Gordo Online?<\/h2>\n<p>Reg\u00edstrese en nuestra p\u00e1gina web hoy mismo para asegurarse de que reserva su asiento para la riqueza. Ayudaremos a los jugadores de fuera de Espa\u00f1a a participar en la Loter\u00eda de El Gordo. Todo lo que tiene que hacer es crear su cuenta, elegir sus n\u00fameros y completar el pago. Entonces, nos aseguraremos de que <a href=\"https:\/\/jackpotlotteryonline.com\/es\/comprar-boletos\/el-gordo\">se compre un billete en su nombre para el bote de la loter\u00eda de El Gordo<\/a>. El billete con sus n\u00fameros seleccionados ser\u00e1 escaneado por usted, y en el caso de que gane una fortuna, tambi\u00e9n nos aseguraremos de que el dinero le llegue lo m\u00e1s r\u00e1pido posible. Se recomienda que reserve su boleto con sus n\u00fameros favoritos hoy mismo.<\/p>\n","protected":false},"excerpt":{"rendered":"<p>El Gordo de la loter\u00eda en l\u00ednea El espa\u00f1ol medio gast\u00f3 la impresionante cantidad de 60 euros en el bote de la loter\u00eda de El Gordo en 2009. Bueno, la cifra de 60 euros puede no parecer gran cosa, pero si se multiplica por la poblaci\u00f3n espa\u00f1ola, se puede quedar boquiabierto. M\u00e1s conocida por la [&hellip;]<\/p>\n","protected":false},"author":1,"featured_media":0,"parent":35723,"menu_order":6,"comment_status":"closed","ping_status":"closed","template":"el-gordo.php","meta":{"_et_pb_use_builder":"","_et_pb_old_content":"","_et_gb_content_width":"","exclude_from_search":false,"footnotes":""},"class_list":["post-36211","page","type-page","status-publish","hentry"],"yoast_head":"<!-- This site is optimized with the Yoast SEO plugin v23.3 - https:\/\/yoast.com\/wordpress\/plugins\/seo\/ -->\n<title>Juega a El Gordo de la Loter\u00eda de Espa\u00f1a online - incluso desde fuera de Espa\u00f1a<\/title>\n<meta name=\"description\" content=\"El Gordo de la Loter\u00eda online es uno de los mayores botes del mundo y se puede jugar online desde pa\u00edses fuera de Espa\u00f1a.\" \/>\n<meta name=\"robots\" content=\"index, follow, max-snippet:-1, max-image-preview:large, max-video-preview:-1\" \/>\n<link rel=\"canonical\" href=\"https:\/\/jackpotlotteryonline.com\/play-online\/el-gordo\/\" \/>\n<meta property=\"og:locale\" content=\"es_ES\" \/>\n<meta property=\"og:type\" content=\"article\" \/>\n<meta property=\"og:title\" content=\"Juega a El Gordo de la Loter\u00eda de Espa\u00f1a online - incluso desde fuera de Espa\u00f1a\" \/>\n<meta property=\"og:description\" content=\"El Gordo de la Loter\u00eda online es uno de los mayores botes del mundo y se puede jugar online desde pa\u00edses fuera de Espa\u00f1a.\" \/>\n<meta property=\"og:url\" content=\"https:\/\/jackpotlotteryonline.com\/play-online\/el-gordo\/\" \/>\n<meta property=\"og:site_name\" content=\"Lotto Online - Crack The International Lottery Jackpots\" \/>\n<meta property=\"article:modified_time\" content=\"2023-01-03T08:35:07+00:00\" \/>\n<meta property=\"og:image\" content=\"https:\/\/jackpotlotteryonline.com\/wp-content\/uploads\/2022\/10\/2_ticket_el_gordo3-218x300.jpg\" \/>\n<meta name=\"twitter:card\" content=\"summary_large_image\" \/>\n<meta name=\"twitter:label1\" content=\"Tiempo de lectura\" \/>\n\t<meta name=\"twitter:data1\" content=\"3 minutos\" \/>\n<!-- \/ Yoast SEO plugin. -->","yoast_head_json":{"title":"Juega a El Gordo de la Loter\u00eda de Espa\u00f1a online - incluso desde fuera de Espa\u00f1a","description":"El Gordo de la Loter\u00eda online es uno de los mayores botes del mundo y se puede jugar online desde pa\u00edses fuera de Espa\u00f1a.","robots":{"index":"index","follow":"follow","max-snippet":"max-snippet:-1","max-image-preview":"max-image-preview:large","max-video-preview":"max-video-preview:-1"},"canonical":"https:\/\/jackpotlotteryonline.com\/play-online\/el-gordo\/","og_locale":"es_ES","og_type":"article","og_title":"Juega a El Gordo de la Loter\u00eda de Espa\u00f1a online - incluso desde fuera de Espa\u00f1a","og_description":"El Gordo de la Loter\u00eda online es uno de los mayores botes del mundo y se puede jugar online desde pa\u00edses fuera de Espa\u00f1a.","og_url":"https:\/\/jackpotlotteryonline.com\/play-online\/el-gordo\/","og_site_name":"Lotto Online - Crack The International Lottery Jackpots","article_modified_time":"2023-01-03T08:35:07+00:00","og_image":[{"url":"https:\/\/jackpotlotteryonline.com\/wp-content\/uploads\/2022\/10\/2_ticket_el_gordo3-218x300.jpg"}],"twitter_card":"summary_large_image","twitter_misc":{"Tiempo de lectura":"3 minutos"},"schema":{"@context":"https:\/\/schema.org","@graph":[{"@type":"WebPage","@id":"https:\/\/jackpotlotteryonline.com\/play-online\/el-gordo\/","url":"https:\/\/jackpotlotteryonline.com\/play-online\/el-gordo\/","name":"Juega a El Gordo de la Loter\u00eda de Espa\u00f1a online - incluso desde fuera de Espa\u00f1a","isPartOf":{"@id":"https:\/\/jackpotlotteryonline.com\/#website"},"primaryImageOfPage":{"@id":"https:\/\/jackpotlotteryonline.com\/play-online\/el-gordo\/#primaryimage"},"image":{"@id":"https:\/\/jackpotlotteryonline.com\/play-online\/el-gordo\/#primaryimage"},"thumbnailUrl":"https:\/\/jackpotlotteryonline.com\/wp-content\/uploads\/2022\/10\/2_ticket_el_gordo3-218x300.jpg","datePublished":"2022-11-04T07:00:10+00:00","dateModified":"2023-01-03T08:35:07+00:00","description":"El Gordo de la Loter\u00eda online es uno de los mayores botes del mundo y se puede jugar online desde pa\u00edses fuera de Espa\u00f1a.","breadcrumb":{"@id":"https:\/\/jackpotlotteryonline.com\/play-online\/el-gordo\/#breadcrumb"},"inLanguage":"es","potentialAction":[{"@type":"ReadAction","target":["https:\/\/jackpotlotteryonline.com\/play-online\/el-gordo\/"]}]},{"@type":"ImageObject","inLanguage":"es","@id":"https:\/\/jackpotlotteryonline.com\/play-online\/el-gordo\/#primaryimage","url":"https:\/\/jackpotlotteryonline.com\/wp-content\/uploads\/2022\/10\/2_ticket_el_gordo3-218x300.jpg","contentUrl":"https:\/\/jackpotlotteryonline.com\/wp-content\/uploads\/2022\/10\/2_ticket_el_gordo3-218x300.jpg"},{"@type":"BreadcrumbList","@id":"https:\/\/jackpotlotteryonline.com\/play-online\/el-gordo\/#breadcrumb","itemListElement":[{"@type":"ListItem","position":1,"name":"Home","item":"https:\/\/jackpotlotteryonline.com\/es\/"},{"@type":"ListItem","position":2,"name":"C\u00f3mo se juega","item":"https:\/\/jackpotlotteryonline.com\/es\/como-se-juega\/"},{"@type":"ListItem","position":3,"name":"Jugar a El Gordo de la Loter\u00eda en Espa\u00f1a"}]},{"@type":"WebSite","@id":"https:\/\/jackpotlotteryonline.com\/#website","url":"https:\/\/jackpotlotteryonline.com\/","name":"Lotto Online - Crack The International Lottery Jackpots","description":"","potentialAction":[{"@type":"SearchAction","target":{"@type":"EntryPoint","urlTemplate":"https:\/\/jackpotlotteryonline.com\/?s={search_term_string}"},"query-input":"required name=search_term_string"}],"inLanguage":"es"}]}},"_links":{"self":[{"href":"https:\/\/jackpotlotteryonline.com\/es\/wp-json\/wp\/v2\/pages\/36211","targetHints":{"allow":["GET"]}}],"collection":[{"href":"https:\/\/jackpotlotteryonline.com\/es\/wp-json\/wp\/v2\/pages"}],"about":[{"href":"https:\/\/jackpotlotteryonline.com\/es\/wp-json\/wp\/v2\/types\/page"}],"author":[{"embeddable":true,"href":"https:\/\/jackpotlotteryonline.com\/es\/wp-json\/wp\/v2\/users\/1"}],"replies":[{"embeddable":true,"href":"https:\/\/jackpotlotteryonline.com\/es\/wp-json\/wp\/v2\/comments?post=36211"}],"version-history":[{"count":0,"href":"https:\/\/jackpotlotteryonline.com\/es\/wp-json\/wp\/v2\/pages\/36211\/revisions"}],"up":[{"embeddable":true,"href":"https:\/\/jackpotlotteryonline.com\/es\/wp-json\/wp\/v2\/pages\/35723"}],"wp:attachment":[{"href":"https:\/\/jackpotlotteryonline.com\/es\/wp-json\/wp\/v2\/media?parent=36211"}],"curies":[{"name":"wp","href":"https:\/\/api.w.org\/{rel}","templated":true}]}}